{"id":54989,"date":"2019-07-22T18:25:03","date_gmt":"2019-07-22T17:25:03","guid":{"rendered":"https:\/\/tenerife-trips.com\/?post_type=product&#038;p=54989"},"modified":"2026-03-28T20:19:16","modified_gmt":"2026-03-28T20:19:16","slug":"delfini-tenerife","status":"publish","type":"product","link":"https:\/\/tenerife-trips.com\/it\/product\/gite-in-barca\/delfini-tenerife\/","title":{"rendered":"BARCA DI LUSSO"},"content":{"rendered":"<div class=\"wpb-content-wrapper\"><p>[vc_row full_width=&#8221;stretch_row_content_no_spaces&#8221;][vc_column][vc_column_text css=&#8221;.vc_custom_1743418619605{background-color: #F6EB14 !important;background-position: center !important;background-repeat: no-repeat !important;background-size: cover !important;}&#8221; css_animation=&#8221;fadeIn&#8221;]<\/p>\n<h1 class=\"title-h2\" style=\"text-align: center;\"><span style=\"font-size: 18pt; color: #312c7a;\">BARCA DI LUSSO<\/span><\/h1>\n<p>[\/vc_column_text][\/vc_column][\/vc_row][vc_row][vc_column][vc_column_text]<\/p>\n<p style=\"text-align: center;\">Una escursione con la barca di lusso per vedere balene e delfini Tenerife, un&#8217;esperienza da non perdere quando si visita l&#8217;isola; durante questa gita in barca conoscer\u00e0 l&#8217;abbondante vita marina delle Isole Canarie. Il mare tra Tenerife e La Gomera \u00e8 una riserva naturale; il governo delle Canarie la protegge e preserva con leggi severe.<\/p>\n<p style=\"text-align: center;\"><strong>\u21d3 Veda ulteriore descrizione di seguito \u21d3<\/strong><\/p>\n<p>[\/vc_column_text][\/vc_column][\/vc_row][vc_row full_width=&#8221;stretch_row_content&#8221; full_height=&#8221;yes&#8221; css=&#8221;.vc_custom_1576192123211{background-color: #312c7a !important;background-position: center !important;background-repeat: no-repeat !important;background-size: cover !important;}&#8221;][vc_column]<div class=\"gem-vimeo gem-wrapbox gem-wrapbox-style-no-style rounded-corners gem-wrapbox-position-below\" style=\"width: 100%;\"><div class=\"gem-wrapbox-inner gem-ratio-style\" style=\"padding-top: 56.25%\"><iframe webkitallowfullscreen=\"true\" mozallowfullscreen=\"true\" allowfullscreen=\"true\" class=\"gem-wrapbox-element img-responsive\" frameborder=\"0\" scrolling=\"no\" marginheight=\"0\" marginwidth=\"0\" src=\"\/\/player.vimeo.com\/video\/379473040?title=0&amp;byline=0&amp;portrait=0 \"><\/iframe><\/div><\/div>[vc_empty_space]<div class=\"preloader\"><div class=\"preloader-spin\"><\/div><\/div> <div id=\"gem-gallery-69de712bbcf00\" class=\"gem-gallery gem-gallery-hover-zooming-blur\"> <div class=\"gem-gallery-item\"> <div class=\"gem-gallery-item-image\"> <a href=\"https:\/\/tenerife-trips.com\/wp-content\/uploads\/2019\/07\/2-1-thegem-gallery-sidebar.jpg\" data-fancybox-group=\"gallery-69de712bbcf00\" data-full-image-url=\"https:\/\/tenerife-trips.com\/wp-content\/uploads\/2019\/07\/2-1.jpg\"> <svg width=\"20\" height=\"10\"><path d=\"M 0,10 Q 9,9 10,0 Q 11,9 20,10\" \/><\/svg> <img src=\"https:\/\/tenerife-trips.com\/wp-content\/uploads\/2019\/07\/2-1-thegem-post-thumb-small.jpg\" alt=\"\" class=\"img-responsive\"> <span class=\"gem-gallery-caption slide-info\"> <\/span> <\/a> <span class=\"gem-gallery-line\"><\/span> <\/div> <\/div> <div class=\"gem-gallery-item\"> <div class=\"gem-gallery-item-image\"> <a href=\"https:\/\/tenerife-trips.com\/wp-content\/uploads\/2021\/02\/Bootstour-Teneriffa-thegem-gallery-sidebar.jpg\" data-fancybox-group=\"gallery-69de712bbcf00\" data-full-image-url=\"https:\/\/tenerife-trips.com\/wp-content\/uploads\/2021\/02\/Bootstour-Teneriffa.jpg\"> <svg width=\"20\" height=\"10\"><path d=\"M 0,10 Q 9,9 10,0 Q 11,9 20,10\" \/><\/svg> <img src=\"https:\/\/tenerife-trips.com\/wp-content\/uploads\/2021\/02\/Bootstour-Teneriffa-thegem-post-thumb-small.jpg\" alt=\"Bootstour Teneriffa\" class=\"img-responsive\"> <span class=\"gem-gallery-caption slide-info\"> <\/span> <\/a> <span class=\"gem-gallery-line\"><\/span> <\/div> <\/div> <div class=\"gem-gallery-item\"> <div class=\"gem-gallery-item-image\"> <a href=\"https:\/\/tenerife-trips.com\/wp-content\/uploads\/2019\/07\/4-1-thegem-gallery-sidebar.jpg\" data-fancybox-group=\"gallery-69de712bbcf00\" data-full-image-url=\"https:\/\/tenerife-trips.com\/wp-content\/uploads\/2019\/07\/4-1.jpg\"> <svg width=\"20\" height=\"10\"><path d=\"M 0,10 Q 9,9 10,0 Q 11,9 20,10\" \/><\/svg> <img src=\"https:\/\/tenerife-trips.com\/wp-content\/uploads\/2019\/07\/4-1-thegem-post-thumb-small.jpg\" alt=\"luxury boat\" class=\"img-responsive\"> <span class=\"gem-gallery-caption slide-info\"> <\/span> <\/a> <span class=\"gem-gallery-line\"><\/span> <\/div> <\/div> <div class=\"gem-gallery-item\"> <div class=\"gem-gallery-item-image\"> <a href=\"https:\/\/tenerife-trips.com\/wp-content\/uploads\/2019\/07\/7-1-thegem-gallery-sidebar.jpg\" data-fancybox-group=\"gallery-69de712bbcf00\" data-full-image-url=\"https:\/\/tenerife-trips.com\/wp-content\/uploads\/2019\/07\/7-1.jpg\"> <svg width=\"20\" height=\"10\"><path d=\"M 0,10 Q 9,9 10,0 Q 11,9 20,10\" \/><\/svg> <img src=\"https:\/\/tenerife-trips.com\/wp-content\/uploads\/2019\/07\/7-1-thegem-post-thumb-small.jpg\" alt=\"\" class=\"img-responsive\"> <span class=\"gem-gallery-caption slide-info\"> <\/span> <\/a> <span class=\"gem-gallery-line\"><\/span> <\/div> <\/div> <div class=\"gem-gallery-item\"> <div class=\"gem-gallery-item-image\"> <a href=\"https:\/\/tenerife-trips.com\/wp-content\/uploads\/2019\/07\/6-1-thegem-gallery-sidebar.jpg\" data-fancybox-group=\"gallery-69de712bbcf00\" data-full-image-url=\"https:\/\/tenerife-trips.com\/wp-content\/uploads\/2019\/07\/6-1.jpg\"> <svg width=\"20\" height=\"10\"><path d=\"M 0,10 Q 9,9 10,0 Q 11,9 20,10\" \/><\/svg> <img src=\"https:\/\/tenerife-trips.com\/wp-content\/uploads\/2019\/07\/6-1-thegem-post-thumb-small.jpg\" alt=\"\" class=\"img-responsive\"> <span class=\"gem-gallery-caption slide-info\"> <\/span> <\/a> <span class=\"gem-gallery-line\"><\/span> <\/div> <\/div> <div class=\"gem-gallery-item\"> <div class=\"gem-gallery-item-image\"> <a href=\"https:\/\/tenerife-trips.com\/wp-content\/uploads\/2019\/07\/5-1-thegem-gallery-sidebar.jpg\" data-fancybox-group=\"gallery-69de712bbcf00\" data-full-image-url=\"https:\/\/tenerife-trips.com\/wp-content\/uploads\/2019\/07\/5-1.jpg\"> <svg width=\"20\" height=\"10\"><path d=\"M 0,10 Q 9,9 10,0 Q 11,9 20,10\" \/><\/svg> <img src=\"https:\/\/tenerife-trips.com\/wp-content\/uploads\/2019\/07\/5-1-thegem-post-thumb-small.jpg\" alt=\"\" class=\"img-responsive\"> <span class=\"gem-gallery-caption slide-info\"> <\/span> <\/a> <span class=\"gem-gallery-line\"><\/span> <\/div> <\/div> <div class=\"gem-gallery-item\"> <div class=\"gem-gallery-item-image\"> <a href=\"https:\/\/tenerife-trips.com\/wp-content\/uploads\/2019\/07\/3-thegem-gallery-sidebar.jpg\" data-fancybox-group=\"gallery-69de712bbcf00\" data-full-image-url=\"https:\/\/tenerife-trips.com\/wp-content\/uploads\/2019\/07\/3.jpg\"> <svg width=\"20\" height=\"10\"><path d=\"M 0,10 Q 9,9 10,0 Q 11,9 20,10\" \/><\/svg> <img src=\"https:\/\/tenerife-trips.com\/wp-content\/uploads\/2019\/07\/3-thegem-post-thumb-small.jpg\" alt=\"\" class=\"img-responsive\"> <span class=\"gem-gallery-caption slide-info\"> <\/span> <\/a> <span class=\"gem-gallery-line\"><\/span> <\/div> <\/div> <\/div>[vc_empty_space][\/vc_column][\/vc_row][vc_row full_width=&#8221;stretch_row&#8221; css=&#8221;.vc_custom_1600437873795{background-color: #312c7a !important;background-position: center !important;background-repeat: no-repeat !important;background-size: cover !important;}&#8221;][vc_column][vc_column_text]<\/p>\n<h3 style=\"text-align: center;\"><span style=\"color: #ffffff;\"><span style=\"font-size: 18pt;\">DESCRIZIONE<\/span><\/span><\/h3>\n<p>[\/vc_column_text][\/vc_column][\/vc_row][vc_row][vc_column][vc_tta_accordion style=&#8221;simple_solid&#8221; color=&#8221;blue&#8221; c_icon=&#8221;chevron&#8221; active_section=&#8221;-0&#8243; collapsible_all=&#8221;true&#8221;][vc_tta_section title=&#8221;SPIEGAZIONE ESCURSIONE&#8221; tab_id=&#8221;1577671091617-0af8eee0-9402d222-f0401322-8b3b&#8221;][vc_column_text css=&#8221;&#8221;]La escursione parte da Puerto Col\u00f3n, il porto principale di Playa de Las Americas. Qu\u00ec \u00e8 ancorata la nostra barca di lusso a bordo della quale c&#8217;\u00e8 spazio per massimo 12 persone. Una volta saliti tutti i partecipanti lasciamo il molo e iniziamo il nostro viaggio alla ricerca di balene e delfini Tenerife.<\/p>\n<h3><span style=\"font-size: 12pt;\">In queste acque vivono molti cetacei amichevoli, di conseguenza \u00e8 facile avvistarli tutto l&#8217;anno. ci allontaniamo un paio di chilometri dalla costa dirigendoci verso la zona dove di solito vediamo le balene e i delfini Tenerife. questo significa che probabilmente potr\u00e0 ammirare questi spettacolari animali felici e liberi nel loro habitat naturale.<\/span><\/h3>\n<p>La possibilit\u00e0 che si verifichi un tale incontro \u00e8 molto alta. Le balene nuotano lentamente ed escono spesso dall&#8217;acqua per respirare. Gli adulti possono raggiungere circa 7 metri di lunghezza e non di rado si avvistano gruppi con i piccoli. I delfini Tenerife sono estremamente socievoli, gli piace per esempio giocare con le barche saltandogli di fianco e accompagnandole. La specie pi\u00f9 comune a Tenerife \u00e8 il delfino dal naso a bottiglia.<\/p>\n<h3><span style=\"font-size: 12pt;\">Dopo la straordinaria esperienza di vedere balene e delfini Tenerife, ci dirigiamo verso la costa. poi ci fermiamo vicino alla riva per circa un&#8217;ora per fare una pausa. di solito la zona \u00e8 <a href=\"https:\/\/www.leggotenerife.com\/22100\/playa-diego-hernandez-inestimabile-area-naturale-2\/\">Playa Diego Hern\u00e1ndez<\/a>, una delle pi\u00f9 belle spiagge di sabbia naturale in Costa Adeje. <\/span><\/h3>\n<p>Il prezzo include l&#8217;open bar con bevande gratuite (acqua, birra, vino, bibite gassate) e il pranzo a buffet in stile spagnolo (riso con verdure, cosce di pollo arrosto, patate rugose delle Canarie, insalata, pane). Inoltre, se lo desidera, pu\u00f2 fare il bagno usando la nostra attrezzatura per lo snorkeling (maschera e boccaglio). In conclusione, quando siamo sicuri che tutti abbiano goduto appieno della pausa, partiamo e torniamo al porto. L&#8217;escursione condivisa con la barca di lusso dura in totale 3 ore.<\/p>\n<p>\u00c8 anche possibile fare un&#8217;escursione privata di 3 ore con bevande e cibo inclusi o un&#8217;escursione privata di 2 ore con bevande incluse. Nel tour di 3 ore cerchiamo balene e delfini e ci fermiamo anche in una baia naturale in Costa Adeje per nuotare e rilassarci. Nel tour di 2 ore pu\u00f2 scegliere di fare una cosa o l&#8217;altra.<\/p>\n<div class=\"tlid-results-container results-container\">\n<div class=\"tlid-result result-dict-wrapper\">\n<div class=\"result tlid-copy-target\">\n<div class=\"text-wrap tlid-copy-target\">\n<div class=\"result-shield-container tlid-copy-target\" tabindex=\"0\"><span class=\"tlid-translation translation\" lang=\"it\"><span title=\"\">Per riassumere, la barca di lusso \u00e8 una delle <a href=\"https:\/\/www.tenerife-trips.com\/escursioni-in-barca-tenerife\/?lang=it\" target=\"_blank\" rel=\"noopener\">barche<\/a> pi\u00f9 comode disponibili. Ci\u00f2 nonostante il prezzo \u00e8 conveniente e la qualit\u00e0 garantita.<\/span><\/span><\/div>\n<\/div>\n<\/div>\n<\/div>\n<\/div>\n<p>[\/vc_column_text][\/vc_tta_section][vc_tta_section title=&#8221;ORARIO E TRASPORTO&#8221; tab_id=&#8221;1577671091666-736a5870-75e3d222-f0401322-8b3b&#8221;][vc_column_text]Il servizio di trasporto non \u00e8 disponibile per questa barca, quindi deve raggiungere <a href=\"https:\/\/goo.gl\/maps\/MDrCHcpLWk3CKhfy7\" target=\"_blank\" rel=\"noopener\">Puerto Col\u00f3n<\/a> autonomamente.<\/p>\n<p><span style=\"text-decoration: underline;\"><span style=\"color: #ff0000; text-decoration: underline;\">ORARIO:<\/span><\/span><\/p>\n<p>Tutti i giorni alle 10:00, alle 13:30 e solo in estate alle 16:30.<\/p>\n<p><strong>Guardi il video, si faccia un&#8217;idea della escursione e la prenoti subito!<\/strong>[\/vc_column_text][\/vc_tta_section][\/vc_tta_accordion]<style type=\"text\/css\">.thegem-button-69de712bc18002166 .gem-button svg {fill: #ffffff;}.thegem-button-69de712bc18002166 .gem-button:hover svg {fill: #312c7a;}<\/style><div class=\"gem-button-container gem-button-position-center thegem-button-69de712bc18002166    \"  ><a class=\"gem-button gem-button-size-small gem-button-style-flat gem-button-text-weight-normal\" data-ll-effect=\"drop-right-without-wrap\" style=\"border-radius: 3px;background-color: #312c7a;color: #ffffff;\" onmouseleave=\"this.style.backgroundColor='#312c7a';this.style.color='#ffffff';\" onmouseenter=\"this.style.backgroundColor='#f6eb14';this.style.color='#312c7a';\" href=\"#prezzi-luxury\" target=\"_self\">PREZZI<\/a><\/div> [\/vc_column][\/vc_row][vc_row full_width=&#8221;stretch_row_content&#8221; css=&#8221;.vc_custom_1600437900953{background-color: #312c7a !important;background-position: center !important;background-repeat: no-repeat !important;background-size: cover !important;}&#8221;][vc_column][vc_column_text]<\/p>\n<h3 style=\"text-align: center;\"><span style=\"color: #ffffff;\"><strong><span style=\"font-size: 18pt;\">PRENOTA ORA<\/span><\/strong><\/span><\/h3>\n<p>[\/vc_column_text][vc_empty_space height=&#8221;10px&#8221; el_id=&#8221;prezzi-luxury&#8221;][\/vc_column][\/vc_row]<\/p>\n<\/div>","protected":false},"excerpt":{"rendered":"<p>[vc_row full_width=&#8221;stretch_row_content_no_spaces&#8221;][vc_column][vc_column_text css=&#8221;.vc_custom_1743418619605{background-color: #F6EB14 !important;background-position: center !important;background-repeat: no-repeat !important;background-size: cover !important;}&#8221; css_animation=&#8221;fadeIn&#8221;] BARCA DI LUSSO [\/vc_column_text][\/vc_column][\/vc_row][vc_row][vc_column][vc_column_text] Una escursione con la&#8230;<\/p>\n","protected":false},"featured_media":56077,"template":"","meta":{"_acf_changed":false,"_seopress_robots_primary_cat":"2298","_seopress_titles_title":"Delfini Tenerife e balene, una gita in barca per vedere cetacei","_seopress_titles_desc":"Le balene e i delfini Tenerife possono essere facilmente avvistati durante una bella gita di 3 ore con una barca di lusso in Costa Adeje","_seopress_robots_index":""},"product_brand":[],"product_cat":[2298],"product_tag":[2344,2362,2385,2394],"class_list":{"0":"post-54989","1":"product","2":"type-product","3":"status-publish","4":"has-post-thumbnail","6":"product_cat-gite-in-barca","7":"product_tag-avvistamento-balene-tenerife","8":"product_tag-delfini-tenerife","9":"product_tag-escursioni-in-barca-tenerife","10":"product_tag-gita-in-barca-tenerife","12":"first","13":"instock","14":"virtual","15":"sold-individually","16":"taxable","17":"purchasable","18":"product-type-booking"},"booking_location":"","booking_location_type":"","booking_duration":3,"booking_duration_unit":"hour","booking_buffer":0,"booking_cost":0,"booking_resources":[],"acf":[],"_links":{"self":[{"href":"https:\/\/tenerife-trips.com\/it\/wp-json\/wp\/v2\/product\/54989","targetHints":{"allow":["GET"]}}],"collection":[{"href":"https:\/\/tenerife-trips.com\/it\/wp-json\/wp\/v2\/product"}],"about":[{"href":"https:\/\/tenerife-trips.com\/it\/wp-json\/wp\/v2\/types\/product"}],"wp:featuredmedia":[{"embeddable":true,"href":"https:\/\/tenerife-trips.com\/it\/wp-json\/wp\/v2\/media\/56077"}],"wp:attachment":[{"href":"https:\/\/tenerife-trips.com\/it\/wp-json\/wp\/v2\/media?parent=54989"}],"wp:term":[{"taxonomy":"product_brand","embeddable":true,"href":"https:\/\/tenerife-trips.com\/it\/wp-json\/wp\/v2\/product_brand?post=54989"},{"taxonomy":"product_cat","embeddable":true,"href":"https:\/\/tenerife-trips.com\/it\/wp-json\/wp\/v2\/product_cat?post=54989"},{"taxonomy":"product_tag","embeddable":true,"href":"https:\/\/tenerife-trips.com\/it\/wp-json\/wp\/v2\/product_tag?post=54989"}],"curies":[{"name":"wp","href":"https:\/\/api.w.org\/{rel}","templated":true}]}}