{"id":55022,"date":"2019-09-10T14:18:07","date_gmt":"2019-09-10T13:18:07","guid":{"rendered":"https:\/\/tenerife-trips.com\/?post_type=product&#038;p=55022"},"modified":"2025-12-02T20:13:12","modified_gmt":"2025-12-02T20:13:12","slug":"sottomarino-tenerife","status":"publish","type":"product","link":"https:\/\/tenerife-trips.com\/it\/product\/gite-in-barca\/sottomarino-tenerife\/","title":{"rendered":"SOTTOMARINO"},"content":{"rendered":"<div class=\"wpb-content-wrapper\"><p>[vc_row full_width=&#8221;stretch_row_content_no_spaces&#8221;][vc_column][vc_column_text css=&#8221;.vc_custom_1743418562261{background-color: #F6EB14 !important;background-position: center !important;background-repeat: no-repeat !important;background-size: cover !important;}&#8221; css_animation=&#8221;fadeIn&#8221;]<\/p>\n<h1 class=\"title-h2\" style=\"text-align: center;\"><span style=\"font-size: 18pt; color: #312c7a;\">SOTTOMARINO<\/span><\/h1>\n<p>[\/vc_column_text][\/vc_column][\/vc_row][vc_row][vc_column][vc_column_text]<\/p>\n<p style=\"text-align: center;\">Una delle esperienze pi\u00f9 singolari che pu\u00f2 fare visitando l&#8217;isola \u00e8 senza dubbio l&#8217;escursione con il sottomarino Tenerife. Questa \u00e8 l&#8217;occasione per fare qualcosa di veramente unico durante la sua vacanza. Ha la possibilit\u00e0 di salire a bordo di uno dei soli 15 sottomarini commerciali al mondo! Questa escursione la porter\u00e0 alla scoperta del paradiso subacqueo delle Isole Canarie.<\/p>\n<p style=\"text-align: center;\"><strong>\u21d3 Veda ulteriore descrizione di seguito \u21d3<\/strong><\/p>\n<p>[\/vc_column_text][\/vc_column][\/vc_row][vc_row full_width=&#8221;stretch_row_content&#8221; full_height=&#8221;yes&#8221; css=&#8221;.vc_custom_1576192123211{background-color: #312c7a !important;background-position: center !important;background-repeat: no-repeat !important;background-size: cover !important;}&#8221;][vc_column]<div class=\"gem-vimeo gem-wrapbox gem-wrapbox-style-no-style rounded-corners gem-wrapbox-position-below\" style=\"width: 100%;\"><div class=\"gem-wrapbox-inner gem-ratio-style\" style=\"padding-top: 56.25%\"><iframe webkitallowfullscreen=\"true\" mozallowfullscreen=\"true\" allowfullscreen=\"true\" class=\"gem-wrapbox-element img-responsive\" frameborder=\"0\" scrolling=\"no\" marginheight=\"0\" marginwidth=\"0\" src=\"\/\/player.vimeo.com\/video\/359043172?title=0&amp;byline=0&amp;portrait=0 \"><\/iframe><\/div><\/div>[vc_empty_space]<div class=\"preloader\"><div class=\"preloader-spin\"><\/div><\/div> <div id=\"gem-gallery-69dea237ec7c2\" class=\"gem-gallery gem-gallery-hover-zooming-blur\"> <div class=\"gem-gallery-item\"> <div class=\"gem-gallery-item-image\"> <a href=\"https:\/\/tenerife-trips.com\/wp-content\/uploads\/2019\/09\/lodz-podwodna-Teneryfa-thegem-gallery-sidebar.jpg\" data-fancybox-group=\"gallery-69dea237ec7c2\" data-full-image-url=\"https:\/\/tenerife-trips.com\/wp-content\/uploads\/2019\/09\/lodz-podwodna-Teneryfa.jpg\"> <svg width=\"20\" height=\"10\"><path d=\"M 0,10 Q 9,9 10,0 Q 11,9 20,10\" \/><\/svg> <img src=\"https:\/\/tenerife-trips.com\/wp-content\/uploads\/2019\/09\/lodz-podwodna-Teneryfa-thegem-post-thumb-small.jpg\" alt=\"\u0142\u00f3d\u017a podwodna Teneryfa\" class=\"img-responsive\"> <span class=\"gem-gallery-caption slide-info\"> <\/span> <\/a> <span class=\"gem-gallery-line\"><\/span> <\/div> <\/div> <div class=\"gem-gallery-item\"> <div class=\"gem-gallery-item-image\"> <a href=\"https:\/\/tenerife-trips.com\/wp-content\/uploads\/2019\/12\/2-3-thegem-gallery-sidebar.jpg\" data-fancybox-group=\"gallery-69dea237ec7c2\" data-full-image-url=\"https:\/\/tenerife-trips.com\/wp-content\/uploads\/2019\/12\/2-3.jpg\"> <svg width=\"20\" height=\"10\"><path d=\"M 0,10 Q 9,9 10,0 Q 11,9 20,10\" \/><\/svg> <img src=\"https:\/\/tenerife-trips.com\/wp-content\/uploads\/2019\/12\/2-3-thegem-post-thumb-small.jpg\" alt=\"\" class=\"img-responsive\"> <span class=\"gem-gallery-caption slide-info\"> <\/span> <\/a> <span class=\"gem-gallery-line\"><\/span> <\/div> <\/div> <div class=\"gem-gallery-item\"> <div class=\"gem-gallery-item-image\"> <a href=\"https:\/\/tenerife-trips.com\/wp-content\/uploads\/2019\/12\/3-3-thegem-gallery-sidebar.jpg\" data-fancybox-group=\"gallery-69dea237ec7c2\" data-full-image-url=\"https:\/\/tenerife-trips.com\/wp-content\/uploads\/2019\/12\/3-3.jpg\"> <svg width=\"20\" height=\"10\"><path d=\"M 0,10 Q 9,9 10,0 Q 11,9 20,10\" \/><\/svg> <img src=\"https:\/\/tenerife-trips.com\/wp-content\/uploads\/2019\/12\/3-3-thegem-post-thumb-small.jpg\" alt=\"submarine Tenerife\" class=\"img-responsive\"> <span class=\"gem-gallery-caption slide-info\"> <\/span> <\/a> <span class=\"gem-gallery-line\"><\/span> <\/div> <\/div> <div class=\"gem-gallery-item\"> <div class=\"gem-gallery-item-image\"> <a href=\"https:\/\/tenerife-trips.com\/wp-content\/uploads\/2019\/12\/submarine-thegem-gallery-sidebar.png\" data-fancybox-group=\"gallery-69dea237ec7c2\" data-full-image-url=\"https:\/\/tenerife-trips.com\/wp-content\/uploads\/2019\/12\/submarine.png\"> <svg width=\"20\" height=\"10\"><path d=\"M 0,10 Q 9,9 10,0 Q 11,9 20,10\" \/><\/svg> <img src=\"https:\/\/tenerife-trips.com\/wp-content\/uploads\/2019\/12\/submarine-thegem-post-thumb-small.png\" alt=\"\" class=\"img-responsive\"> <span class=\"gem-gallery-caption slide-info\"> <\/span> <\/a> <span class=\"gem-gallery-line\"><\/span> <\/div> <\/div> <div class=\"gem-gallery-item\"> <div class=\"gem-gallery-item-image\"> <a href=\"https:\/\/tenerife-trips.com\/wp-content\/uploads\/2019\/12\/6-1-thegem-gallery-sidebar.jpg\" data-fancybox-group=\"gallery-69dea237ec7c2\" data-full-image-url=\"https:\/\/tenerife-trips.com\/wp-content\/uploads\/2019\/12\/6-1.jpg\"> <svg width=\"20\" height=\"10\"><path d=\"M 0,10 Q 9,9 10,0 Q 11,9 20,10\" \/><\/svg> <img src=\"https:\/\/tenerife-trips.com\/wp-content\/uploads\/2019\/12\/6-1-thegem-post-thumb-small.jpg\" alt=\"\" class=\"img-responsive\"> <span class=\"gem-gallery-caption slide-info\"> <\/span> <\/a> <span class=\"gem-gallery-line\"><\/span> <\/div> <\/div> <\/div>[vc_empty_space][\/vc_column][\/vc_row][vc_row full_width=&#8221;stretch_row&#8221; css=&#8221;.vc_custom_1577671222333{background-color: #312c7a !important;background-position: center !important;background-repeat: no-repeat !important;background-size: cover !important;}&#8221;][vc_column][vc_column_text]<\/p>\n<h3 style=\"text-align: center;\"><span style=\"color: #ffffff; font-size: 18pt;\">DESCRIZIONE<\/span><\/h3>\n<p>[\/vc_column_text][\/vc_column][\/vc_row][vc_row][vc_column][vc_tta_accordion style=&#8221;simple_solid&#8221; color=&#8221;blue&#8221; c_icon=&#8221;chevron&#8221; active_section=&#8221;-0&#8243; collapsible_all=&#8221;true&#8221;][vc_tta_section title=&#8221;SPIEGAZIONE ESCURSIONE&#8221; tab_id=&#8221;1577671091617-0af8eee0-9402d222-f040c8b1-07a0&#8243;][vc_column_text]L&#8217;escursione a bordo del sottomarino Tenerife inizia dal porto &#8220;<a href=\"https:\/\/www.google.com\/maps\/place\/Amarilla+Marina\/@28.018991,-16.613388,15z\/data=!4m5!3m4!1s0x0:0x59b98dc7ee35bf2c!8m2!3d28.018991!4d-16.613388\" target=\"_blank\" rel=\"noopener\">Amarilla Marina<\/a>&#8220;. Questo si trova ad Amarilla Golf nel sud dell&#8217;isola; \u00e8 a 15\/20 minuti di auto da Playa de Las Americas e Los Cristianos.<\/p>\n<h3><span style=\"font-size: 12pt;\">A bordo ci sono 44 posti ed ognuno \u00e8 posizionato di fronte a uno dei 22 obl\u00f2. durante l&#8217;esperienza con il sottomarino Tenerife una guida dar\u00e0 informazioni. le lingue principali sono inglese, tedesco, spagnolo, italiano, francese, olandese e polacco. in inverno anche finlandese, danese e svedese. si assicuri di farci sapere quali sono le sue preferenze linguistiche al momento della prenotazione.<\/span><\/h3>\n<p>Il viaggio con il sottomarino Tenerife dura circa un&#8217;ora. Raggiungeremo una profondit\u00e0 di circa 30 metri sotto il livello del mare. Qui vedremo un&#8217;abbondante vita marina e scopriremo alcuni relitti della zona. Inoltre alcuni subacquei nuoteranno intorno al sottomarino. Di conseguenza verranno attratte varie specie della fauna ittica locale vicino agli obl\u00f2. Particolarmente simpatiche sono le razze che di solito giocano con i subacquei.<\/p>\n<p>Essere all&#8217;interno di un sottomarino per la prima volta \u00e8 un po&#8217; come la prima esperienza in aereo. Lo potremmo considerare come evidenza dell&#8217;istinto umano a dominare ambienti diversi dal proprio. Le consigliamo di portare la sua macchina fotografica con s\u00e9, le foto che far\u00e0 saranno sicuramente degli splendidi ricordi della sua vacanza.<\/p>\n<h3><span style=\"font-size: 12pt; color: #ff0000;\">Per L&#8217;ESCURSIONE CON IL SOTTOMARINO TENERIFE I BAMBINI DEVONO AVERE ALMENO 2 ANNI.<\/span><\/h3>\n<p>[\/vc_column_text][\/vc_tta_section][vc_tta_section title=&#8221;ORARIO E TRASPORTO&#8221; tab_id=&#8221;1577671091666-736a5870-75e3d222-f040c8b1-07a0&#8243;][vc_column_text]Offriamo il servizio di trasporto (incluso nel prezzo) dal sud e ovest di Tenerife, da Los Gigantes a Los Cristianos; \u00e8 disponibile anche un servizio separato da Puerto de la Cruz. Le consigliamo di mettersi in contatto con noi per verificare la disponibilit\u00e0 dalla sua zona prima di prenotare.<\/p>\n<p><span style=\"text-decoration: underline;\"><span style=\"color: #ff0000; text-decoration: underline;\">PROGRAMMA:<\/span><\/span><\/p>\n<p>Luned\u00ec, marted\u00ec, mercoled\u00ec, gioved\u00ec e domenica. Verifichi gli orari disponibili con il nostro servizio di assistenza clienti.<\/p>\n<p><strong>Guardi il video, si faccia un&#8217;idea della escursione e la prenoti subito!<\/strong>[\/vc_column_text][\/vc_tta_section][\/vc_tta_accordion][\/vc_column][\/vc_row][vc_row full_width=&#8221;stretch_row_content&#8221; css=&#8221;.vc_custom_1577476060002{background-color: #312c7a !important;background-position: center !important;background-repeat: no-repeat !important;background-size: cover !important;}&#8221;][vc_column][vc_column_text]<\/p>\n<h3 style=\"text-align: center;\"><strong><span style=\"font-size: 18pt; color: #ffffff;\">PRENOTA ORA<\/span><\/strong><\/h3>\n<p>[\/vc_column_text][\/vc_column][\/vc_row]<\/p>\n<\/div>","protected":false},"excerpt":{"rendered":"<p>[vc_row full_width=&#8221;stretch_row_content_no_spaces&#8221;][vc_column][vc_column_text css=&#8221;.vc_custom_1743418562261{background-color: #F6EB14 !important;background-position: center !important;background-repeat: no-repeat !important;background-size: cover !important;}&#8221; css_animation=&#8221;fadeIn&#8221;] SOTTOMARINO [\/vc_column_text][\/vc_column][\/vc_row][vc_row][vc_column][vc_column_text] Una delle esperienze pi\u00f9 singolari che&#8230;<\/p>\n","protected":false},"featured_media":43887,"template":"","meta":{"_acf_changed":false,"_seopress_robots_primary_cat":"2298","_seopress_titles_title":"Sottomarino Tenerife, un&#039;escursione unica sull&#039;isola","_seopress_titles_desc":"Sottomarino Tenerife, salga a bordo di uno dei soli 15 sottomarini commerciali al mondo e scopra il mondo suacqueo delle Isole Canarie","_seopress_robots_index":""},"product_brand":[],"product_cat":[2298],"product_tag":[2392,2393],"class_list":{"0":"post-55022","1":"product","2":"type-product","3":"status-publish","4":"has-post-thumbnail","6":"product_cat-gite-in-barca","7":"product_tag-sottomarino-tenerife","8":"product_tag-tenerife-immersione","10":"first","11":"instock","12":"virtual","13":"sold-individually","14":"taxable","15":"purchasable","16":"product-type-booking"},"booking_location":"","booking_location_type":"","booking_duration":1,"booking_duration_unit":"day","booking_buffer":0,"booking_cost":0,"booking_resources":[],"acf":[],"_links":{"self":[{"href":"https:\/\/tenerife-trips.com\/it\/wp-json\/wp\/v2\/product\/55022","targetHints":{"allow":["GET"]}}],"collection":[{"href":"https:\/\/tenerife-trips.com\/it\/wp-json\/wp\/v2\/product"}],"about":[{"href":"https:\/\/tenerife-trips.com\/it\/wp-json\/wp\/v2\/types\/product"}],"wp:featuredmedia":[{"embeddable":true,"href":"https:\/\/tenerife-trips.com\/it\/wp-json\/wp\/v2\/media\/43887"}],"wp:attachment":[{"href":"https:\/\/tenerife-trips.com\/it\/wp-json\/wp\/v2\/media?parent=55022"}],"wp:term":[{"taxonomy":"product_brand","embeddable":true,"href":"https:\/\/tenerife-trips.com\/it\/wp-json\/wp\/v2\/product_brand?post=55022"},{"taxonomy":"product_cat","embeddable":true,"href":"https:\/\/tenerife-trips.com\/it\/wp-json\/wp\/v2\/product_cat?post=55022"},{"taxonomy":"product_tag","embeddable":true,"href":"https:\/\/tenerife-trips.com\/it\/wp-json\/wp\/v2\/product_tag?post=55022"}],"curies":[{"name":"wp","href":"https:\/\/api.w.org\/{rel}","templated":true}]}}