{"id":55038,"date":"2018-01-26T15:10:45","date_gmt":"2018-01-26T15:10:45","guid":{"rendered":"https:\/\/tenerife-trips.com\/?post_type=product&#038;p=55038"},"modified":"2026-03-14T09:58:47","modified_gmt":"2026-03-14T09:58:47","slug":"avvistamento-cetacei-tenerife","status":"publish","type":"product","link":"https:\/\/tenerife-trips.com\/it\/product\/gite-in-barca\/avvistamento-cetacei-tenerife\/","title":{"rendered":"CHARTER PRIVATO"},"content":{"rendered":"<div class=\"wpb-content-wrapper\"><p>[vc_row full_width=&#8221;stretch_row_content_no_spaces&#8221;][vc_column][vc_column_text css=&#8221;.vc_custom_1743421455696{background-color: #F6EB14 !important;background-position: center !important;background-repeat: no-repeat !important;background-size: cover !important;}&#8221; css_animation=&#8221;fadeIn&#8221;]<\/p>\n<h1 class=\"title-h2\" style=\"text-align: center;\"><span style=\"font-size: 18pt; color: #312c7a;\">CHARTER PRIVATO<\/span><\/h1>\n<p>[\/vc_column_text][\/vc_column][\/vc_row][vc_row][vc_column][vc_column_text]<\/p>\n<p style=\"text-align: center;\"><span style=\"font-size: 14pt;\">Avvistamento cetacei Tenerife, un&#8217;esperienza da non perdere quando si visita l&#8217;isola. Durante questa gita in barca privata conoscer\u00e0 l&#8217;abbondante vita marina delle Isole Canarie. Il mare tra Tenerife e La Gomera \u00e8 una riserva naturale. Il governo delle Canarie la protegge e preserva con leggi severe.<\/span><\/p>\n<p style=\"text-align: center;\"><span style=\"font-size: 14pt;\"><strong>\u21d3 Veda ulteriore descrizione di seguito \u21d3<\/strong><\/span><\/p>\n<p>[\/vc_column_text][\/vc_column][\/vc_row][vc_row full_width=&#8221;stretch_row_content&#8221; full_height=&#8221;yes&#8221; css=&#8221;.vc_custom_1576192123211{background-color: #312c7a !important;background-position: center !important;background-repeat: no-repeat !important;background-size: cover !important;}&#8221;][vc_column]<div class=\"gem-vimeo gem-wrapbox gem-wrapbox-style-no-style rounded-corners gem-wrapbox-position-below\" style=\"width: 100%;\"><div class=\"gem-wrapbox-inner gem-ratio-style\" style=\"padding-top: 56.25%\"><iframe webkitallowfullscreen=\"true\" mozallowfullscreen=\"true\" allowfullscreen=\"true\" class=\"gem-wrapbox-element img-responsive\" frameborder=\"0\" scrolling=\"no\" marginheight=\"0\" marginwidth=\"0\" src=\"\/\/player.vimeo.com\/video\/379473040?title=0&amp;byline=0&amp;portrait=0 \"><\/iframe><\/div><\/div>[vc_empty_space]<div class=\"preloader\"><div class=\"preloader-spin\"><\/div><\/div> <div id=\"gem-gallery-69d3291920614\" class=\"gem-gallery gem-gallery-hover-zooming-blur\"> <div class=\"gem-gallery-item\"> <div class=\"gem-gallery-item-image\"> <a href=\"https:\/\/tenerife-trips.com\/wp-content\/uploads\/2020\/08\/barca-a-vela-piccola-thegem-gallery-sidebar.png\" data-fancybox-group=\"gallery-69d3291920614\" data-full-image-url=\"https:\/\/tenerife-trips.com\/wp-content\/uploads\/2020\/08\/barca-a-vela-piccola.png\"> <svg width=\"20\" height=\"10\"><path d=\"M 0,10 Q 9,9 10,0 Q 11,9 20,10\" \/><\/svg> <img src=\"https:\/\/tenerife-trips.com\/wp-content\/uploads\/2020\/08\/barca-a-vela-piccola-thegem-post-thumb-small.png\" alt=\"\" class=\"img-responsive\"> <span class=\"gem-gallery-caption slide-info\"> <\/span> <\/a> <span class=\"gem-gallery-line\"><\/span> <\/div> <\/div> <div class=\"gem-gallery-item\"> <div class=\"gem-gallery-item-image\"> <a href=\"https:\/\/tenerife-trips.com\/wp-content\/uploads\/2020\/08\/barca-a-vela-scaled-thegem-gallery-sidebar.png\" data-fancybox-group=\"gallery-69d3291920614\" data-full-image-url=\"https:\/\/tenerife-trips.com\/wp-content\/uploads\/2020\/08\/barca-a-vela-scaled.png\"> <svg width=\"20\" height=\"10\"><path d=\"M 0,10 Q 9,9 10,0 Q 11,9 20,10\" \/><\/svg> <img src=\"https:\/\/tenerife-trips.com\/wp-content\/uploads\/2020\/08\/barca-a-vela-scaled-thegem-post-thumb-small.png\" alt=\"\" class=\"img-responsive\"> <span class=\"gem-gallery-caption slide-info\"> <\/span> <\/a> <span class=\"gem-gallery-line\"><\/span> <\/div> <\/div> <div class=\"gem-gallery-item\"> <div class=\"gem-gallery-item-image\"> <a href=\"https:\/\/tenerife-trips.com\/wp-content\/uploads\/2019\/12\/RIB-thegem-gallery-sidebar.png\" data-fancybox-group=\"gallery-69d3291920614\" data-full-image-url=\"https:\/\/tenerife-trips.com\/wp-content\/uploads\/2019\/12\/RIB.png\"> <svg width=\"20\" height=\"10\"><path d=\"M 0,10 Q 9,9 10,0 Q 11,9 20,10\" \/><\/svg> <img src=\"https:\/\/tenerife-trips.com\/wp-content\/uploads\/2019\/12\/RIB-thegem-post-thumb-small.png\" alt=\"\" class=\"img-responsive\"> <span class=\"gem-gallery-caption slide-info\"> <\/span> <\/a> <span class=\"gem-gallery-line\"><\/span> <\/div> <\/div> <div class=\"gem-gallery-item\"> <div class=\"gem-gallery-item-image\"> <a href=\"https:\/\/tenerife-trips.com\/wp-content\/uploads\/2020\/08\/motoscafo-thegem-gallery-sidebar.png\" data-fancybox-group=\"gallery-69d3291920614\" data-full-image-url=\"https:\/\/tenerife-trips.com\/wp-content\/uploads\/2020\/08\/motoscafo.png\"> <svg width=\"20\" height=\"10\"><path d=\"M 0,10 Q 9,9 10,0 Q 11,9 20,10\" \/><\/svg> <img src=\"https:\/\/tenerife-trips.com\/wp-content\/uploads\/2020\/08\/motoscafo-thegem-post-thumb-small.png\" alt=\"\" class=\"img-responsive\"> <span class=\"gem-gallery-caption slide-info\"> <\/span> <\/a> <span class=\"gem-gallery-line\"><\/span> <\/div> <\/div> <div class=\"gem-gallery-item\"> <div class=\"gem-gallery-item-image\"> <a href=\"https:\/\/tenerife-trips.com\/wp-content\/uploads\/2020\/08\/barca-di-lusso-thegem-gallery-sidebar.jpg\" data-fancybox-group=\"gallery-69d3291920614\" data-full-image-url=\"https:\/\/tenerife-trips.com\/wp-content\/uploads\/2020\/08\/barca-di-lusso.jpg\"> <svg width=\"20\" height=\"10\"><path d=\"M 0,10 Q 9,9 10,0 Q 11,9 20,10\" \/><\/svg> <img src=\"https:\/\/tenerife-trips.com\/wp-content\/uploads\/2020\/08\/barca-di-lusso-thegem-post-thumb-small.jpg\" alt=\"\" class=\"img-responsive\"> <span class=\"gem-gallery-caption slide-info\"> <\/span> <\/a> <span class=\"gem-gallery-line\"><\/span> <\/div> <\/div> <div class=\"gem-gallery-item\"> <div class=\"gem-gallery-item-image\"> <a href=\"https:\/\/tenerife-trips.com\/wp-content\/uploads\/2020\/08\/catamarano-1-thegem-gallery-sidebar.jpg\" data-fancybox-group=\"gallery-69d3291920614\" data-full-image-url=\"https:\/\/tenerife-trips.com\/wp-content\/uploads\/2020\/08\/catamarano-1.jpg\"> <svg width=\"20\" height=\"10\"><path d=\"M 0,10 Q 9,9 10,0 Q 11,9 20,10\" \/><\/svg> <img src=\"https:\/\/tenerife-trips.com\/wp-content\/uploads\/2020\/08\/catamarano-1-thegem-post-thumb-small.jpg\" alt=\"catamarano Tenerife\" class=\"img-responsive\"> <span class=\"gem-gallery-caption slide-info\"> <\/span> <\/a> <span class=\"gem-gallery-line\"><\/span> <\/div> <\/div> <\/div>[vc_empty_space][\/vc_column][\/vc_row][vc_row full_width=&#8221;stretch_row&#8221; css=&#8221;.vc_custom_1600350068695{background-color: #312c7a !important;}&#8221;][vc_column][vc_column_text]<\/p>\n<h3 style=\"text-align: center;\"><span style=\"color: #ffffff; font-size: 18pt;\">DESCRIZIONE<\/span><\/h3>\n<p>[\/vc_column_text][\/vc_column][\/vc_row][vc_row][vc_column][vc_tta_accordion style=&#8221;simple_solid&#8221; color=&#8221;blue&#8221; c_icon=&#8221;chevron&#8221; active_section=&#8221;-0&#8243; collapsible_all=&#8221;true&#8221;][vc_tta_section title=&#8221;SPIEGAZIONE ESCURSIONE&#8221; tab_id=&#8221;1577671091617-0af8eee0-94023309-cd31&#8243;][vc_column_text css=&#8221;&#8221;]<\/p>\n<h3><span style=\"font-size: 12pt;\">Se st\u00e0 cercando qualcosa di pi\u00f9 esclusivo pu\u00f2 considerare di noleggiare un charter privato solo per lei e per i suoi amici! Questa escursione, che include l&#8217;avvistamento cetacei Tenerife, dura 3 o pi\u00f9 ore (dipende dalle sue esigenze) da quando si lascia il porto ed \u00e8 esattamente come descritto nella pagina specifica di ogni barca.<\/span><\/h3>\n<p style=\"text-align: center;\"><span style=\"font-size: 14pt; color: #ff6600;\"><strong>Di seguito sono elencate le barche che pu\u00f2 scegliere per il suo charter privato:<\/strong><\/span><\/p>\n<p>&nbsp;<\/p>\n<p style=\"text-align: center;\"><span style=\"color: #ff0000; font-size: 14pt;\"><span style=\"text-decoration: underline;\"><strong>Barca a vela piccola:<\/strong><\/span>\u00a0 \u00a0massimo 6 persone<\/span><\/p>\n<h3><span style=\"font-size: 12pt;\"><img alt=\"\" class=\"aligncenter wp-image-434590\" src=\"https:\/\/tenerife-trips.com\/wp-content\/uploads\/2018\/01\/sailing-boat-10m-1024x576.png\" alt=\"\" width=\"960\" height=\"540\" \/><\/span><\/h3>\n<hr \/>\n<p>&nbsp;<\/p>\n<p style=\"text-align: center;\"><span style=\"color: #ff0000; font-size: 14pt;\"><span style=\"text-decoration: underline;\"><strong>Barca a vela:<\/strong><\/span>\u00a0 \u00a0massimo 11 persone<\/span><\/p>\n<p><strong><span style=\"text-decoration: underline;\"><img class=\"aligncenter wp-image-139985\" src=\"https:\/\/tenerife-trips.com\/wp-content\/uploads\/2019\/12\/whale-watching-Tenerife-2-1-1024x575.jpg\" alt=\"whale watching Tenerife\" width=\"960\" height=\"539\" srcset=\"https:\/\/tenerife-trips.com\/wp-content\/uploads\/2019\/12\/whale-watching-Tenerife-2-1-1024x575.jpg 1024w, https:\/\/tenerife-trips.com\/wp-content\/uploads\/2019\/12\/whale-watching-Tenerife-2-1-scaled-600x337.jpg 600w, https:\/\/tenerife-trips.com\/wp-content\/uploads\/2019\/12\/whale-watching-Tenerife-2-1-scaled-300x169.jpg 300w, https:\/\/tenerife-trips.com\/wp-content\/uploads\/2019\/12\/whale-watching-Tenerife-2-1-768x432.jpg 768w, https:\/\/tenerife-trips.com\/wp-content\/uploads\/2019\/12\/whale-watching-Tenerife-2-1-1536x863.jpg 1536w, https:\/\/tenerife-trips.com\/wp-content\/uploads\/2019\/12\/whale-watching-Tenerife-2-1-2048x1151.jpg 2048w\" sizes=\"(max-width: 960px) 100vw, 960px\" \/><\/span><\/strong><\/p>\n<hr \/>\n<p>&nbsp;<\/p>\n<p style=\"text-align: center;\"><span style=\"color: #ff0000; font-size: 14pt;\"><span style=\"text-decoration: underline;\"><strong>RIB:<\/strong><\/span>\u00a0 \u00a0massimo 8 persone, con questa barca \u00e8 possibile fare una escursione a Los Gigantes che dura 5 ore. Questa barca non dispone di permesso per l&#8217;avvistamento cetacei.\u00a0<\/span><\/p>\n<h3><span style=\"font-size: 12pt;\"><img alt=\"\" class=\"aligncenter wp-image-69913 size-full\" src=\"https:\/\/tenerife-trips.com\/wp-content\/uploads\/2018\/01\/A.png\" alt=\"\" width=\"960\" height=\"539\" \/><\/span><\/h3>\n<hr \/>\n<p>&nbsp;<\/p>\n<p style=\"text-align: center;\"><span style=\"font-size: 14pt;\"><span style=\"color: #ff0000;\"><span style=\"text-decoration: underline;\"><strong>Motoscafo:<\/strong><\/span>\u00a0 \u00a0massimo 12 persone<\/span>, vedere pagina <a href=\"https:\/\/tenerife-trips.com\/product\/gite-in-barca\/balene-tenerife\/?lang=it\" target=\"_blank\" rel=\"noopener\">qui<\/a><\/span><\/p>\n<p><img class=\"aligncenter wp-image-43748\" src=\"https:\/\/tenerife-trips.com\/wp-content\/uploads\/2019\/12\/2-1.jpg\" alt=\"whales in Tenerife\" width=\"960\" height=\"539\" \/><\/p>\n<hr \/>\n<p>&nbsp;<\/p>\n<p style=\"text-align: center;\"><span style=\"font-size: 14pt;\"><span style=\"color: #ff0000;\"><span style=\"text-decoration: underline;\"><strong>Barca di lusso:<\/strong><\/span>\u00a0 \u00a0massimo 12 persone<\/span>, vedere pagina <a href=\"https:\/\/tenerife-trips.com\/product\/gite-in-barca\/delfini-tenerife\/?lang=it\" target=\"_blank\" rel=\"noopener\">qui<\/a><\/span><\/p>\n<p><span style=\"text-decoration: underline;\"><img alt=\"\" class=\"aligncenter wp-image-77030\" src=\"https:\/\/tenerife-trips.com\/wp-content\/uploads\/2018\/01\/private-charter-3-1024x576.jpg\" alt=\"\" width=\"960\" height=\"540\" \/><\/span><\/p>\n<hr \/>\n<p>&nbsp;<\/p>\n<p style=\"text-align: center;\"><span style=\"font-size: 14pt; color: #ff0000;\"><span style=\"text-decoration: underline;\"><strong>Catamarano<\/strong><\/span><strong><span style=\"text-decoration: underline;\">:<\/span>\u00a0 \u00a0<\/strong>massimo 50 persone<\/span><\/p>\n<p><img alt=\"\" class=\"aligncenter wp-image-350448\" src=\"https:\/\/tenerife-trips.com\/wp-content\/uploads\/2018\/01\/9-1-1024x577.jpg\" alt=\"\" width=\"960\" height=\"541\" \/><\/p>\n<h3><\/h3>\n<hr \/>\n<h3><span style=\"font-size: 12pt;\">partiamo da <a href=\"https:\/\/goo.gl\/maps\/7NcV9Fbjqm61yrH58\" target=\"_blank\" rel=\"noopener\">PUERTO COLON<\/a>, il porto principale di Playa de Las Americas dove sono ancorate le nostre barche. Una volta che tutti sono a bordo lasciamo il molo e iniziamo il nostro viaggio di avvistamento cetacei Tenerife.<\/span><\/h3>\n<p><span style=\"font-size: 14pt;\">In queste acque vivono cetacei amichevoli ed \u00e8 molto facile avvistarli tutto l&#8217;anno. Ci allontaniamo un paio di chilometri dalla costa, qui di solito vediamo le balene pilota e i delfini. Quindi probabilmente avr\u00e0 la fortuna di vedere questi animali felici e liberi nel loro habitat naturale.<\/span><\/p>\n<p><span style=\"font-size: 14pt;\"><strong>Vedr\u00e0 davvero le balene i delfini?<\/strong><\/span><\/p>\n<p><span style=\"font-size: 14pt;\">S\u00ec, le possibilit\u00e0 di fare un tale incontro sono davvero molto alte. Le balene pilota nuotano lentamente e spesso escono dall&#8217;acqua per respirare. Gli adulti possono raggiungere circa 7 metri di lunghezza e molte volte \u00e8 possibile vedere gruppi con i piccoli. I delfini sono estremamente socievoli, amano giocare seguendo le barche e saltandogli accanto. La specie pi\u00f9 comune che troviamo a Tenerife \u00e8 il delfino dal naso a bottiglia.<\/span><\/p>\n<h3><span style=\"font-size: 12pt;\">Dopo questa straordinaria esperienza di avvistamento cetacei Tenerife ci dirigiamo verso la costa e ci fermiamo vicino alla riva per circa un&#8217;ora; di solito la zona dove andiamo \u00e8 <a href=\"https:\/\/www.leggotenerife.com\/22100\/playa-diego-hernandez-inestimabile-area-naturale-2\/\" target=\"_blank\" rel=\"noopener\">PLAYA DIEGO HERNANDEZ<\/a>, una fantastica spiaggia di sabbia naturale in Costa Adeje. <\/span><\/h3>\n<p><span style=\"font-size: 14pt;\">Durante questo tempo le forniamo cibo e bevande (bibite gassate, acqua, birra e vino). Inoltre, se lo desidera, pu\u00f2 fare il bagno usando la nostra attrezzatura per lo snorkeling (maschera e boccaglio). Alla fine, quando siamo sicuri che tutti abbiano goduto appieno della pausa, ripartiamo e torniamo al porto.<\/span>[\/vc_column_text][\/vc_tta_section][vc_tta_section title=&#8221;ORARIO E TRASPORTO&#8221; tab_id=&#8221;1577671091666-736a5870-75e33309-cd31&#8243;][vc_column_text css=&#8221;&#8221;]<span style=\"font-size: 14pt;\"><span style=\"color: #ff0000;\">Il servizio di trasporto \u00e8 disponibile solo per la barca a vela<\/span> nella zona compresa tra Los Gigantes e Golf del Sur. <span style=\"color: #ff0000;\">Questo servizio \u00e8 soggetto a un costo aggiuntivo;<\/span> per maggiori informazioni si prega di contattare il nostro servizio clienti. Per le altre imbarcazioni, \u00e8 necessario raggiungere <a href=\"https:\/\/maps.app.goo.gl\/5y9GJZR7j2fYeLmKA\" target=\"_blank\" rel=\"noopener\">Puerto Col\u00f3n<\/a>.<\/span><\/p>\n<p><span style=\"text-decoration: underline; font-size: 14pt;\"><span style=\"color: #ff0000; text-decoration: underline;\">ORARIO:<\/span><\/span><\/p>\n<p><span style=\"font-size: 14pt;\"><strong>Barca a vela piccola:<\/strong>\u00a0massimo 6 persone, tutti i giorni alle 9:30, 13:00 e 16:30 (solo in estate).<\/span><\/p>\n<p><span style=\"font-size: 14pt;\"><strong>Barca a vela:<\/strong> massimo 11 persone, partenza tutti i giorni alle 10:00, 13:00 e 16:00 (solo in estate).<\/span><\/p>\n<p><span style=\"font-size: 14pt;\"><strong>RIB:<\/strong> massimo 8 persone, partenza tutti i giorni alle 10:30 e 14:00.<\/span><\/p>\n<p><span style=\"font-size: 14pt;\"><strong>Motoscafo:<\/strong> massimo 12 persone, partenza tutti i giorni alle 10:30, 14:00 e 17:30.<\/span><\/p>\n<p><span style=\"font-size: 14pt;\"><strong>Barca di lusso:<\/strong> massimo 12 persone, partenza tutti i giorni alle 10:00 e alle 13:30.<\/span><\/p>\n<p><span style=\"font-size: 14pt;\"><strong>Catamarano:<\/strong> massimo 50 persone, a qualsiasi ora scelta dal cliente.<\/span><\/p>\n<p><span style=\"font-size: 14pt;\"><strong>Dia un&#8217;occhiata alla pagina di ogni barca, si faccia un&#8217;idea di come \u00e8 la escursione e prenoti subito!<\/strong><\/span>[\/vc_column_text][\/vc_tta_section][\/vc_tta_accordion]<style type=\"text\/css\">.thegem-button-69d3291921e488542 .gem-button svg {fill: #ffffff;}.thegem-button-69d3291921e488542 .gem-button:hover svg {fill: #312c7a;}<\/style><div class=\"gem-button-container gem-button-position-center thegem-button-69d3291921e488542    \"  ><a class=\"gem-button gem-button-size-small gem-button-style-flat gem-button-text-weight-normal\" data-ll-effect=\"drop-right-without-wrap\" style=\"border-radius: 3px;background-color: #312c7a;color: #ffffff;\" onmouseleave=\"this.style.backgroundColor='#312c7a';this.style.color='#ffffff';\" onmouseenter=\"this.style.backgroundColor='#f6eb14';this.style.color='#312c7a';\" href=\"#prezzi-charter\" target=\"_self\">PREZZI<\/a><\/div> [\/vc_column][\/vc_row][vc_row full_width=&#8221;stretch_row_content&#8221; css=&#8221;.vc_custom_1600350209768{background-color: #312c7a !important;background-position: center !important;background-repeat: no-repeat !important;background-size: cover !important;}&#8221;][vc_column][vc_column_text]<\/p>\n<h3 style=\"text-align: center;\"><span style=\"color: #ffffff;\"><span style=\"font-size: 18pt;\">PRENOTA ORA<\/span><\/span><\/h3>\n<p>[\/vc_column_text][vc_empty_space height=&#8221;10px&#8221; el_id=&#8221;prezzi-charter&#8221;][\/vc_column][\/vc_row]<\/p>\n<\/div>","protected":false},"excerpt":{"rendered":"<p>[vc_row full_width=&#8221;stretch_row_content_no_spaces&#8221;][vc_column][vc_column_text css=&#8221;.vc_custom_1743421455696{background-color: #F6EB14 !important;background-position: center !important;background-repeat: no-repeat !important;background-size: cover !important;}&#8221; css_animation=&#8221;fadeIn&#8221;] CHARTER PRIVATO [\/vc_column_text][\/vc_column][\/vc_row][vc_row][vc_column][vc_column_text] Avvistamento cetacei Tenerife, un&#8217;esperienza da&#8230;<\/p>\n","protected":false},"featured_media":55105,"template":"","meta":{"_acf_changed":false,"_seopress_robots_primary_cat":"none","_seopress_titles_title":"Avvistamento cetacei Tenerife, noleggi un charter privato esclusivo","_seopress_titles_desc":"Avvistamento cetacei Tenerife, noleggi un charter privato esclusivamente per lei e i suoi amici da una agenzia italiana specializzata in questo settore","_seopress_robots_index":""},"product_brand":[],"product_cat":[2298],"product_tag":[],"class_list":{"0":"post-55038","1":"product","2":"type-product","3":"status-publish","4":"has-post-thumbnail","6":"product_cat-gite-in-barca","8":"first","9":"instock","10":"virtual","11":"sold-individually","12":"taxable","13":"purchasable","14":"product-type-booking"},"booking_location":"","booking_location_type":"","booking_duration":1,"booking_duration_unit":"day","booking_buffer":0,"booking_cost":0,"booking_resources":[],"acf":[],"_links":{"self":[{"href":"https:\/\/tenerife-trips.com\/it\/wp-json\/wp\/v2\/product\/55038","targetHints":{"allow":["GET"]}}],"collection":[{"href":"https:\/\/tenerife-trips.com\/it\/wp-json\/wp\/v2\/product"}],"about":[{"href":"https:\/\/tenerife-trips.com\/it\/wp-json\/wp\/v2\/types\/product"}],"wp:featuredmedia":[{"embeddable":true,"href":"https:\/\/tenerife-trips.com\/it\/wp-json\/wp\/v2\/media\/55105"}],"wp:attachment":[{"href":"https:\/\/tenerife-trips.com\/it\/wp-json\/wp\/v2\/media?parent=55038"}],"wp:term":[{"taxonomy":"product_brand","embeddable":true,"href":"https:\/\/tenerife-trips.com\/it\/wp-json\/wp\/v2\/product_brand?post=55038"},{"taxonomy":"product_cat","embeddable":true,"href":"https:\/\/tenerife-trips.com\/it\/wp-json\/wp\/v2\/product_cat?post=55038"},{"taxonomy":"product_tag","embeddable":true,"href":"https:\/\/tenerife-trips.com\/it\/wp-json\/wp\/v2\/product_tag?post=55038"}],"curies":[{"name":"wp","href":"https:\/\/api.w.org\/{rel}","templated":true}]}}