{"id":55141,"date":"2018-01-18T19:34:09","date_gmt":"2018-01-18T19:34:09","guid":{"rendered":"https:\/\/tenerife-trips.com\/?post_type=product&#038;p=55141"},"modified":"2025-12-02T20:26:22","modified_gmt":"2025-12-02T20:26:22","slug":"posti-piu-belli-di-tenerife","status":"publish","type":"product","link":"https:\/\/tenerife-trips.com\/it\/product\/gite-in-autobus\/posti-piu-belli-di-tenerife\/","title":{"rendered":"GRAN TOUR"},"content":{"rendered":"<div class=\"wpb-content-wrapper\"><p>[vc_row full_width=&#8221;stretch_row_content_no_spaces&#8221;][vc_column][vc_column_text css=&#8221;.vc_custom_1743423334003{background-color: #F6EB14 !important;background-position: center !important;background-repeat: no-repeat !important;background-size: cover !important;}&#8221; css_animation=&#8221;fadeIn&#8221;]<\/p>\n<h1 class=\"title-h2\" style=\"text-align: center;\"><span style=\"font-size: 18pt; color: #312c7a;\">GRAN TOUR<\/span><\/h1>\n<p>[\/vc_column_text][\/vc_column][\/vc_row][vc_row][vc_column][vc_column_text css=&#8221;&#8221;]<\/p>\n<p style=\"text-align: center;\">\u00a0I posti pi\u00f9 belli di Tenerife, questa escursione la porter\u00e0 a visitarli. Si raccomanda alle persone che vogliono scoprire i luoghi pi\u00f9 famosi in un solo giorno.<\/p>\n<p style=\"text-align: center;\"><strong>\u21d3 Veda ulteriore descrizione di seguito \u21d3<\/strong><\/p>\n<p>[\/vc_column_text][\/vc_column][\/vc_row][vc_row full_width=&#8221;stretch_row_content&#8221; full_height=&#8221;yes&#8221; css=&#8221;.vc_custom_1576192123211{background-color: #312c7a !important;background-position: center !important;background-repeat: no-repeat !important;background-size: cover !important;}&#8221;][vc_column]<div class=\"gem-vimeo gem-wrapbox gem-wrapbox-style-no-style rounded-corners gem-wrapbox-position-below\" style=\"width: 100%;\"><div class=\"gem-wrapbox-inner gem-ratio-style\" style=\"padding-top: 56.25%\"><iframe webkitallowfullscreen=\"true\" mozallowfullscreen=\"true\" allowfullscreen=\"true\" class=\"gem-wrapbox-element img-responsive\" frameborder=\"0\" scrolling=\"no\" marginheight=\"0\" marginwidth=\"0\" src=\"\/\/player.vimeo.com\/video\/328704748?title=0&amp;byline=0&amp;portrait=0 \"><\/iframe><\/div><\/div>[vc_empty_space]<div class=\"preloader\"><div class=\"preloader-spin\"><\/div><\/div> <div id=\"gem-gallery-69e03d2c4c318\" class=\"gem-gallery gem-gallery-hover-zooming-blur\"> <div class=\"gem-gallery-item\"> <div class=\"gem-gallery-item-image\"> <a href=\"https:\/\/tenerife-trips.com\/wp-content\/uploads\/2018\/01\/web4-thegem-gallery-sidebar.jpg\" data-fancybox-group=\"gallery-69e03d2c4c318\" data-full-image-url=\"https:\/\/tenerife-trips.com\/wp-content\/uploads\/2018\/01\/web4.jpg\"> <svg width=\"20\" height=\"10\"><path d=\"M 0,10 Q 9,9 10,0 Q 11,9 20,10\" \/><\/svg> <img src=\"https:\/\/tenerife-trips.com\/wp-content\/uploads\/2018\/01\/web4-thegem-post-thumb-small.jpg\" alt=\"Tenerife sightseeing\" class=\"img-responsive\"> <span class=\"gem-gallery-caption slide-info\"> <\/span> <\/a> <span class=\"gem-gallery-line\"><\/span> <\/div> <\/div> <div class=\"gem-gallery-item\"> <div class=\"gem-gallery-item-image\"> <a href=\"https:\/\/tenerife-trips.com\/wp-content\/uploads\/2019\/12\/Masca-1-thegem-gallery-sidebar.jpg\" data-fancybox-group=\"gallery-69e03d2c4c318\" data-full-image-url=\"https:\/\/tenerife-trips.com\/wp-content\/uploads\/2019\/12\/Masca-1.jpg\"> <svg width=\"20\" height=\"10\"><path d=\"M 0,10 Q 9,9 10,0 Q 11,9 20,10\" \/><\/svg> <img src=\"https:\/\/tenerife-trips.com\/wp-content\/uploads\/2019\/12\/Masca-1-thegem-post-thumb-small.jpg\" alt=\"Tenerife points of interest\" class=\"img-responsive\"> <span class=\"gem-gallery-caption slide-info\"> <\/span> <\/a> <span class=\"gem-gallery-line\"><\/span> <\/div> <\/div> <div class=\"gem-gallery-item\"> <div class=\"gem-gallery-item-image\"> <a href=\"https:\/\/tenerife-trips.com\/wp-content\/uploads\/2019\/12\/Gran-Tour-thegem-gallery-sidebar.jpg\" data-fancybox-group=\"gallery-69e03d2c4c318\" data-full-image-url=\"https:\/\/tenerife-trips.com\/wp-content\/uploads\/2019\/12\/Gran-Tour.jpg\"> <svg width=\"20\" height=\"10\"><path d=\"M 0,10 Q 9,9 10,0 Q 11,9 20,10\" \/><\/svg> <img src=\"https:\/\/tenerife-trips.com\/wp-content\/uploads\/2019\/12\/Gran-Tour-thegem-post-thumb-small.jpg\" alt=\"\" class=\"img-responsive\"> <span class=\"gem-gallery-caption slide-info\"> <\/span> <\/a> <span class=\"gem-gallery-line\"><\/span> <\/div> <\/div> <div class=\"gem-gallery-item\"> <div class=\"gem-gallery-item-image\"> <a href=\"https:\/\/tenerife-trips.com\/wp-content\/uploads\/2019\/12\/1-12-thegem-gallery-sidebar.jpg\" data-fancybox-group=\"gallery-69e03d2c4c318\" data-full-image-url=\"https:\/\/tenerife-trips.com\/wp-content\/uploads\/2019\/12\/1-12.jpg\"> <svg width=\"20\" height=\"10\"><path d=\"M 0,10 Q 9,9 10,0 Q 11,9 20,10\" \/><\/svg> <img src=\"https:\/\/tenerife-trips.com\/wp-content\/uploads\/2019\/12\/1-12-thegem-post-thumb-small.jpg\" alt=\"Excursi\u00f3n en Tenerife\" class=\"img-responsive\"> <span class=\"gem-gallery-caption slide-info\"> <\/span> <\/a> <span class=\"gem-gallery-line\"><\/span> <\/div> <\/div> <div class=\"gem-gallery-item\"> <div class=\"gem-gallery-item-image\"> <a href=\"https:\/\/tenerife-trips.com\/wp-content\/uploads\/2019\/12\/garachico-thegem-gallery-sidebar.jpg\" data-fancybox-group=\"gallery-69e03d2c4c318\" data-full-image-url=\"https:\/\/tenerife-trips.com\/wp-content\/uploads\/2019\/12\/garachico.jpg\"> <svg width=\"20\" height=\"10\"><path d=\"M 0,10 Q 9,9 10,0 Q 11,9 20,10\" \/><\/svg> <img src=\"https:\/\/tenerife-trips.com\/wp-content\/uploads\/2019\/12\/garachico-thegem-post-thumb-small.jpg\" alt=\"\" class=\"img-responsive\"> <span class=\"gem-gallery-caption slide-info\"> <\/span> <\/a> <span class=\"gem-gallery-line\"><\/span> <\/div> <\/div> <\/div>[vc_empty_space][\/vc_column][\/vc_row][vc_row full_width=&#8221;stretch_row&#8221; css=&#8221;.vc_custom_1577671222333{background-color: #312c7a !important;background-position: center !important;background-repeat: no-repeat !important;background-size: cover !important;}&#8221;][vc_column][vc_column_text]<\/p>\n<h3 style=\"text-align: center;\"><span style=\"color: #ffffff; font-size: 18pt;\">DESCRIZIONE<\/span><\/h3>\n<p>[\/vc_column_text][\/vc_column][\/vc_row][vc_row][vc_column][vc_tta_accordion style=&#8221;simple_solid&#8221; color=&#8221;blue&#8221; c_icon=&#8221;chevron&#8221; active_section=&#8221;-0&#8243; collapsible_all=&#8221;true&#8221;][vc_tta_section title=&#8221;SPIEGAZIONE ESCURSIONE&#8221; tab_id=&#8221;1577671091617-0af8eee0-940215d5-e83a&#8221;][vc_column_text]<\/p>\n<h3><span style=\"font-size: 12pt;\">Allora prima di tutto veniamo a prenderla vicino al suo alloggio nel sud, nord o ovest di Tenerife; dopodich\u00e8 iniziamo il nostro viaggio dirigendoci verso il Teide, passando attraverso la foresta di pino canario, una vera bellezza della natura. dopo circa un&#8217;ora raggiungiamo i 2200 metri di altitudine trovandoci in un meraviglioso altopiano di roccia vulcanica. questo \u00e8 il primo dei posti pi\u00f9 belli di Tenerife che visitiamo durante l&#8217;escursione.<\/span><\/h3>\n<p>Ci fermiamo al centro del parco nazionale del Teide nella famosa zona di \u201cRoques de Garcia\u201d. Qui si trova il picco del Teide che con i suoi 3718 metri sul livello del mare \u00e8 il terzo vulcano pi\u00f9 alto al mondo. Il panorama di questa zona \u00e8 unico e ricorda un po&#8217; i deserti di Nevada o Arizona negli Stati Uniti. Per questo motivo diversi registi lo hanno scelto come scenario per i propri film; tra i pi\u00f9 famosi troviamo &#8220;Il pianeta delle scimmie&#8221; del 1968 e &#8220;Scontro tra titani&#8221; del 2010. Durante questa prima tappa alla scoperta dei posti pi\u00f9 belli di Tenerife ha tempo libero per fare una passeggiata e godersi completamente il magnifico paesaggio lunare.<\/p>\n<p>Successivamente ci dirigiamo verso Icod de Los Vinos, un tipico paesino canario. In questo luogo pu\u00f2 respirare un&#8217;atmosfera tradizionale ed entrare a contatto con la cultura locale. Inoltre pu\u00f2 vedere il famoso albero denominato &#8220;<a href=\"https:\/\/it.wikipedia.org\/wiki\/Dracaena_draco\" target=\"_blank\" rel=\"noopener\">Drago millenario<\/a>&#8221; e provare specialit\u00e0 locali come vino ed alcolici.<\/p>\n<h3><span style=\"font-size: 12pt;\">Pi\u00f9 tardi ripartiamo alla volta del terzo dei posti pi\u00f9 belli di Tenerife, il paese di Garachico. qui vediamo le piscine naturali pi\u00f9 famose dell&#8217;isola formate dai flussi di lava che seppellirono il paese durante l&#8217;eruzione del vulcano Trevejo del 1706.<\/span><\/h3>\n<p>La nostra ultima destinazione sar\u00e0 Masca, un piccolo villaggio nel mezzo della spettacolare montagna Teno. Questa, insieme al Teide, \u00e8 la destinazione turistica pi\u00f9 importante dell&#8217;isola. Visitare la zona di Masca \u00e8 d&#8217;obbligo quando si visitano i posti pi\u00f9 belli di Tenerife. Da qui ripartiamo verso sud e verso le 18:00 siamo di ritorno. Chiaramente la portiamo allo stesso punto di raccolta dove ci siamo incontrati.<\/p>\n<p>Durante l&#8217;escursione ci fermiamo in un ristorante dove pu\u00f2 pranzare (non incluso nel prezzo). Ad ogni modo pu\u00f2 scegliere di portarsi il pranzo al sacco.<\/p>\n<h3><span style=\"font-size: 12pt;\">Le nostre guide turistiche esperte le forniranno informazioni interessanti. le raccomandiamo di verificare <a href=\"https:\/\/www.tenerife-trips.com\/contatto\/?lang=it\" target=\"_blank\" rel=\"noopener\">CON NOI<\/a> le lingue disponibili prima di prenotare l&#8217;escursione. Non si perda i posti migliori di Tenerife, prenoti subito!<\/span><\/h3>\n<p><span style=\"color: #ff0000;\">Si ricorda a tutti i clienti che partecipano all&#8217;escursione di non lasciare nessun tipo di oggetto personale di valore sull&#8217;autobus quando si scende per visitare i luoghi. L&#8217;impresa non si assume la responsabilit\u00e0 di eventuali smarrimenti o furti di oggetti personali di qualunque tipo.<\/span>[\/vc_column_text][\/vc_tta_section][vc_tta_section title=&#8221;ORARIO E TRASPORTO&#8221; tab_id=&#8221;1577671091666-736a5870-75e315d5-e83a&#8221;][vc_column_text]Il servizio di trasporto dalle vicinanze del suo alloggio \u00e8 incluso nel prezzo; \u00e8 disponibile a ovest e sud dalla zona di Los Gigantes fino a El Medano, mentre a nord da Puerto de la Cruz e a volte Santa Cruz. Le consigliamo di verificare con noi la disponibilit\u00e0 del trasporto dalla sua zona prima di prenotare.<\/p>\n<p><span style=\"text-decoration: underline;\"><span style=\"color: #ff0000; text-decoration: underline;\">ORARIO:<\/span><\/span><\/p>\n<p>Chieda al nostro servizio clienti in quali giorni \u00e8 possibile effettuare l\u2019escursione.<\/p>\n<p><strong>Guardi il video, si faccia un&#8217;idea della escursione e prenoti ora!<\/strong>[\/vc_column_text][\/vc_tta_section][\/vc_tta_accordion]<style type=\"text\/css\">.thegem-button-69e03d2c4d2017830 .gem-button svg {fill: #ffffff;}.thegem-button-69e03d2c4d2017830 .gem-button:hover svg {fill: #312c7a;}<\/style><div class=\"gem-button-container gem-button-position-center thegem-button-69e03d2c4d2017830    \"  ><a class=\"gem-button gem-button-size-small gem-button-style-flat gem-button-text-weight-normal\" data-ll-effect=\"drop-right-without-wrap\" style=\"border-radius: 3px;background-color: #312c7a;color: #ffffff;\" onmouseleave=\"this.style.backgroundColor='#312c7a';this.style.color='#ffffff';\" onmouseenter=\"this.style.backgroundColor='#f6eb14';this.style.color='#312c7a';\" href=\"#prezzi-grantour\" target=\"_self\">PREZZI<\/a><\/div> [\/vc_column][\/vc_row][vc_row full_width=&#8221;stretch_row_content&#8221; css=&#8221;.vc_custom_1577476060002{background-color: #312c7a !important;background-position: center !important;background-repeat: no-repeat !important;background-size: cover !important;}&#8221;][vc_column][vc_column_text]<\/p>\n<h3 style=\"text-align: center;\"><strong><span style=\"font-size: 18pt; color: #ffffff;\">PRENOTA ORA<\/span><\/strong><\/h3>\n<p>[\/vc_column_text][vc_empty_space height=&#8221;10px&#8221; el_id=&#8221;prezzi-grantour&#8221;][\/vc_column][\/vc_row]<\/p>\n<\/div>","protected":false},"excerpt":{"rendered":"<p>[vc_row full_width=&#8221;stretch_row_content_no_spaces&#8221;][vc_column][vc_column_text css=&#8221;.vc_custom_1743423334003{background-color: #F6EB14 !important;background-position: center !important;background-repeat: no-repeat !important;background-size: cover !important;}&#8221; css_animation=&#8221;fadeIn&#8221;] GRAN TOUR [\/vc_column_text][\/vc_column][\/vc_row][vc_row][vc_column][vc_column_text css=&#8221;&#8221;] \u00a0I posti pi\u00f9 belli&#8230;<\/p>\n","protected":false},"featured_media":80402,"template":"","meta":{"_acf_changed":false,"_seopress_robots_primary_cat":"0","_seopress_titles_title":"I posti pi\u00f9 belli di Tenerife visitati con una gita di una giornata","_seopress_titles_desc":"I posti pi\u00f9 belli di Tenerife possono essere visitati in un solo giorno con il nostro Gran Tour, una escursione in autobus guidata","_seopress_robots_index":""},"product_brand":[],"product_cat":[2299],"product_tag":[2405,2404,2406,2402],"class_list":{"0":"post-55141","1":"product","2":"type-product","3":"status-publish","4":"has-post-thumbnail","6":"product_cat-gite-in-autobus","7":"product_tag-escursione-autobus-tenerife","8":"product_tag-gita-autobus-tenerife","9":"product_tag-posti-piu-belli-di-tenerife","10":"product_tag-visitare-tenerife","12":"first","13":"instock","14":"virtual","15":"sold-individually","16":"purchasable","17":"product-type-booking"},"booking_location":"","booking_location_type":"","booking_duration":1,"booking_duration_unit":"day","booking_buffer":0,"booking_cost":0,"booking_resources":[],"acf":[],"_links":{"self":[{"href":"https:\/\/tenerife-trips.com\/it\/wp-json\/wp\/v2\/product\/55141","targetHints":{"allow":["GET"]}}],"collection":[{"href":"https:\/\/tenerife-trips.com\/it\/wp-json\/wp\/v2\/product"}],"about":[{"href":"https:\/\/tenerife-trips.com\/it\/wp-json\/wp\/v2\/types\/product"}],"wp:featuredmedia":[{"embeddable":true,"href":"https:\/\/tenerife-trips.com\/it\/wp-json\/wp\/v2\/media\/80402"}],"wp:attachment":[{"href":"https:\/\/tenerife-trips.com\/it\/wp-json\/wp\/v2\/media?parent=55141"}],"wp:term":[{"taxonomy":"product_brand","embeddable":true,"href":"https:\/\/tenerife-trips.com\/it\/wp-json\/wp\/v2\/product_brand?post=55141"},{"taxonomy":"product_cat","embeddable":true,"href":"https:\/\/tenerife-trips.com\/it\/wp-json\/wp\/v2\/product_cat?post=55141"},{"taxonomy":"product_tag","embeddable":true,"href":"https:\/\/tenerife-trips.com\/it\/wp-json\/wp\/v2\/product_tag?post=55141"}],"curies":[{"name":"wp","href":"https:\/\/api.w.org\/{rel}","templated":true}]}}