{"id":55327,"date":"2018-01-15T22:47:15","date_gmt":"2018-01-15T22:47:15","guid":{"rendered":"https:\/\/tenerife-trips.com\/?post_type=product&#038;p=55327"},"modified":"2025-12-02T20:31:30","modified_gmt":"2025-12-02T20:31:30","slug":"tour-la-gomera","status":"publish","type":"product","link":"https:\/\/tenerife-trips.com\/it\/product\/gite-in-autobus\/tour-la-gomera\/","title":{"rendered":"LA GOMERA"},"content":{"rendered":"<div class=\"wpb-content-wrapper\"><p>[vc_row full_width=&#8221;stretch_row_content_no_spaces&#8221;][vc_column][vc_column_text css=&#8221;.vc_custom_1743423871801{background-color: #F6EB14 !important;background-position: center !important;background-repeat: no-repeat !important;background-size: cover !important;}&#8221; css_animation=&#8221;fadeIn&#8221;]<\/p>\n<h1 class=\"title-h2\" style=\"text-align: center;\"><span style=\"font-size: 18pt; color: #312c7a;\">LA GOMERA<\/span><\/h1>\n<p>[\/vc_column_text][\/vc_column][\/vc_row][vc_row][vc_column][vc_column_text]<\/p>\n<p style=\"text-align: center;\">Tour La Gomera in una giornata, questa \u00e8 una delle escursioni in autobus pi\u00f9 popolari; La Gomera \u00e8 la seconda pi\u00f9 piccola delle Isole Canarie e si trova a solo 30 Km da Tenerife; questo rende possibile fare una gita di un giorno ed esplorare i paesaggi spettacolari che l&#8217;isola ha da offrire.<\/p>\n<p style=\"text-align: center;\"><strong>\u21d3 Veda ulteriore descrizione di seguito \u21d3<\/strong><\/p>\n<p>[\/vc_column_text][\/vc_column][\/vc_row][vc_row full_width=&#8221;stretch_row_content&#8221; full_height=&#8221;yes&#8221; css=&#8221;.vc_custom_1576192123211{background-color: #312c7a !important;background-position: center !important;background-repeat: no-repeat !important;background-size: cover !important;}&#8221;][vc_column]<div class=\"gem-vimeo gem-wrapbox gem-wrapbox-style-no-style rounded-corners gem-wrapbox-position-below\" style=\"width: 100%;\"><div class=\"gem-wrapbox-inner gem-ratio-style\" style=\"padding-top: 56.25%\"><iframe webkitallowfullscreen=\"true\" mozallowfullscreen=\"true\" allowfullscreen=\"true\" class=\"gem-wrapbox-element img-responsive\" frameborder=\"0\" scrolling=\"no\" marginheight=\"0\" marginwidth=\"0\" src=\"\/\/player.vimeo.com\/video\/329605917?title=0&amp;byline=0&amp;portrait=0 \"><\/iframe><\/div><\/div>[vc_empty_space]<div class=\"preloader\"><div class=\"preloader-spin\"><\/div><\/div> <div id=\"gem-gallery-69e03d8043f23\" class=\"gem-gallery gem-gallery-hover-zooming-blur\"> <div class=\"gem-gallery-item\"> <div class=\"gem-gallery-item-image\"> <a href=\"https:\/\/tenerife-trips.com\/wp-content\/uploads\/2021\/05\/La-Gomera-Tagesausflug-scaled-thegem-gallery-sidebar.jpg\" data-fancybox-group=\"gallery-69e03d8043f23\" data-full-image-url=\"https:\/\/tenerife-trips.com\/wp-content\/uploads\/2021\/05\/La-Gomera-Tagesausflug-scaled.jpg\"> <svg width=\"20\" height=\"10\"><path d=\"M 0,10 Q 9,9 10,0 Q 11,9 20,10\" \/><\/svg> <img src=\"https:\/\/tenerife-trips.com\/wp-content\/uploads\/2021\/05\/La-Gomera-Tagesausflug-scaled-thegem-post-thumb-small.jpg\" alt=\"La Gomera Tagesausflug\" class=\"img-responsive\"> <span class=\"gem-gallery-caption slide-info\"> <\/span> <\/a> <span class=\"gem-gallery-line\"><\/span> <\/div> <\/div> <div class=\"gem-gallery-item\"> <div class=\"gem-gallery-item-image\"> <a href=\"https:\/\/tenerife-trips.com\/wp-content\/uploads\/2019\/12\/b-2-scaled-thegem-gallery-sidebar.jpg\" data-fancybox-group=\"gallery-69e03d8043f23\" data-full-image-url=\"https:\/\/tenerife-trips.com\/wp-content\/uploads\/2019\/12\/b-2-scaled.jpg\"> <svg width=\"20\" height=\"10\"><path d=\"M 0,10 Q 9,9 10,0 Q 11,9 20,10\" \/><\/svg> <img src=\"https:\/\/tenerife-trips.com\/wp-content\/uploads\/2019\/12\/b-2-scaled-thegem-post-thumb-small.jpg\" alt=\"\" class=\"img-responsive\"> <span class=\"gem-gallery-caption slide-info\"> <\/span> <\/a> <span class=\"gem-gallery-line\"><\/span> <\/div> <\/div> <div class=\"gem-gallery-item\"> <div class=\"gem-gallery-item-image\"> <a href=\"https:\/\/tenerife-trips.com\/wp-content\/uploads\/2019\/12\/c-2-scaled-thegem-gallery-sidebar.jpg\" data-fancybox-group=\"gallery-69e03d8043f23\" data-full-image-url=\"https:\/\/tenerife-trips.com\/wp-content\/uploads\/2019\/12\/c-2-scaled.jpg\"> <svg width=\"20\" height=\"10\"><path d=\"M 0,10 Q 9,9 10,0 Q 11,9 20,10\" \/><\/svg> <img src=\"https:\/\/tenerife-trips.com\/wp-content\/uploads\/2019\/12\/c-2-scaled-thegem-post-thumb-small.jpg\" alt=\"\" class=\"img-responsive\"> <span class=\"gem-gallery-caption slide-info\"> <\/span> <\/a> <span class=\"gem-gallery-line\"><\/span> <\/div> <\/div> <div class=\"gem-gallery-item\"> <div class=\"gem-gallery-item-image\"> <a href=\"https:\/\/tenerife-trips.com\/wp-content\/uploads\/2019\/12\/e-1-scaled-thegem-gallery-sidebar.jpg\" data-fancybox-group=\"gallery-69e03d8043f23\" data-full-image-url=\"https:\/\/tenerife-trips.com\/wp-content\/uploads\/2019\/12\/e-1-scaled.jpg\"> <svg width=\"20\" height=\"10\"><path d=\"M 0,10 Q 9,9 10,0 Q 11,9 20,10\" \/><\/svg> <img src=\"https:\/\/tenerife-trips.com\/wp-content\/uploads\/2019\/12\/e-1-scaled-thegem-post-thumb-small.jpg\" alt=\"Tenerife to La Gomera\" class=\"img-responsive\"> <span class=\"gem-gallery-caption slide-info\"> <\/span> <\/a> <span class=\"gem-gallery-line\"><\/span> <\/div> <\/div> <div class=\"gem-gallery-item\"> <div class=\"gem-gallery-item-image\"> <a href=\"https:\/\/tenerife-trips.com\/wp-content\/uploads\/2019\/12\/f-1-scaled-thegem-gallery-sidebar.jpg\" data-fancybox-group=\"gallery-69e03d8043f23\" data-full-image-url=\"https:\/\/tenerife-trips.com\/wp-content\/uploads\/2019\/12\/f-1-scaled.jpg\"> <svg width=\"20\" height=\"10\"><path d=\"M 0,10 Q 9,9 10,0 Q 11,9 20,10\" \/><\/svg> <img src=\"https:\/\/tenerife-trips.com\/wp-content\/uploads\/2019\/12\/f-1-scaled-thegem-post-thumb-small.jpg\" alt=\"Tenerife to La Gomera\" class=\"img-responsive\"> <span class=\"gem-gallery-caption slide-info\"> <\/span> <\/a> <span class=\"gem-gallery-line\"><\/span> <\/div> <\/div> <\/div>[vc_empty_space][\/vc_column][\/vc_row][vc_row full_width=&#8221;stretch_row&#8221; css=&#8221;.vc_custom_1600438194250{background-color: #312c7a !important;background-position: center !important;background-repeat: no-repeat !important;background-size: cover !important;}&#8221;][vc_column][vc_column_text]<\/p>\n<h3 style=\"text-align: center;\"><span style=\"color: #ffffff;\"><span style=\"font-size: 18pt;\">DESCRIZIONE<\/span><\/span><\/h3>\n<p>[\/vc_column_text][\/vc_column][\/vc_row][vc_row][vc_column][vc_tta_accordion style=&#8221;simple_solid&#8221; color=&#8221;blue&#8221; c_icon=&#8221;chevron&#8221; active_section=&#8221;-0&#8243; collapsible_all=&#8221;true&#8221;][vc_tta_section title=&#8221;SPIEGAZIONE ESCURSIONE&#8221; tab_id=&#8221;1577671091617-0af8eee0-94022885-5053&#8243;][vc_column_text]Tour La Gomera in una giornata, questa \u00e8 una delle escursioni in autobus pi\u00f9 popolari; La Gomera \u00e8 la seconda pi\u00f9 piccola delle Isole Canarie e si trova a solo 30 Km da Tenerife; questo rende possibile fare una gita di un giorno ed esplorare i paesaggi spettacolari che l&#8217;isola ha da offrire.<\/p>\n<p>In traghetto ci vogliono solo 50 minuti da Tenerife a La Gomera; quindi molte persone decidono ogni anno di visitare questo luogo. \u00c8 un&#8217;isola molto verde dove vivono solo 22000 persone; l&#8217;aria \u00e8 molto pulita e il ritmo \u00e8 molto lento e rilassato. \u00c8 un paradiso per le persone che amano la natura, la pace e i panorami incredibili; inoltre la gente la chiama &#8220;l&#8217;isola di Cristoforo Colombo&#8221; perch\u00e9 l&#8217;esploratore si ferm\u00f2 qui per circa un mese nel suo viaggio alla scoperta dell&#8217;America nel 1492.<\/p>\n<h3><span style=\"font-size: 12pt;\">Allora prima di tutto per il tour La Gomera la veniamo a prendere vicino al suo alloggio; poi la portiamo al porto di Los Cristianos dove prendiamo il traghetto. Appena lasciamo il porto godiamo di una vista spettacolare di Tenerife, della costa occidentale e del maestoso vulcano Teide; in meno di un&#8217;ora raggiungiamo San Sebastian de La Gomera, il capoluogo dell&#8217;isola.<\/span><\/h3>\n<p>Da qui inizia il nostro tour La Gomera che ci porta a vedere i luoghi pi\u00f9 famosi e belli; tra questi troviamo la valle di Hermigua, il paese di Agulo e la foresta del <a href=\"https:\/\/it.wikipedia.org\/wiki\/Parco_nazionale_di_Garajonay\">Parco Garajonay<\/a>, patrimonio mondiale dell&#8217;UNESCO; verso mezzogiorno ci fermiamo per un pranzo tipico canario (incluso nel prezzo) in un ristorante locale; finito di mangiare assistiamo a una dimostrazione della piuttosto singolare lingua fischiata &#8220;silbo gomero&#8221;.<\/p>\n<h3><span style=\"font-size: 12pt;\"> Lungo la strada ci fermiamo in diversi punti panoramici come il Roque de Agando per scattare foto e godere appieno dei paesaggi mozzafiato; il tour La Gomera termina quando torniamo a San Sebastian, dove ha tempo libero per un caff\u00e8 o per fare shopping; lasciamo l&#8217;isola verso le 17:00 in modo da essere di ritorno a Tenerife verso le 18:00.<\/span><\/h3>\n<p><span style=\"font-size: 14pt;\">Le nostre guide turistiche esperte le forniranno informazioni interessanti; le raccomandiamo di verificare con noi le lingue disponibili prima di prenotare l&#8217;escursione.<\/span><\/p>\n<h3><span style=\"color: #ff0000; font-size: 12pt;\">Per il tour La Gomera ogni partecipante deve avere con s\u00e8 la carta di identit\u00e0 o il passaporto valido.<\/span><\/h3>\n<p><span style=\"color: #ff0000;\">Si ricorda a tutti i clienti che partecipano all&#8217;escursione di non lasciare nessun tipo di oggetto personale di valore sull&#8217;autobus quando si scende per visitare i luoghi; l&#8217;impresa non si assume la responsabilit\u00e0 di eventuali smarrimenti o furti di oggetti personali di qualunque tipo.<\/span>[\/vc_column_text][\/vc_tta_section][vc_tta_section title=&#8221;ORARIO E TRASPORTO&#8221; tab_id=&#8221;1577671091666-736a5870-75e32885-5053&#8243;][vc_column_text]Il servizio di trasporto dalle vicinanze del suo alloggio \u00e8 incluso nel prezzo; \u00e8 disponibile a ovest e sud dalla zona di Los Gigantes a El Medano, mentre a nord da Puerto de la Cruz. Le consigliamo di verificare con noi la disponibilit\u00e0 del trasporto dalla sua zona prima di prenotare.<\/p>\n<p><span style=\"text-decoration: underline;\"><span style=\"color: #ff0000; text-decoration: underline;\">PROGRAMMA:<\/span><\/span><\/p>\n<p>Chieda al nostro servizio clienti in quali giorni \u00e8 possibile effettuare l\u2019escursione.[\/vc_column_text][\/vc_tta_section][\/vc_tta_accordion]<style type=\"text\/css\">.thegem-button-69e03d8044dbb3508 .gem-button svg {fill: #ffffff;}.thegem-button-69e03d8044dbb3508 .gem-button:hover svg {fill: #312c7a;}<\/style><div class=\"gem-button-container gem-button-position-center thegem-button-69e03d8044dbb3508    \"  ><a class=\"gem-button gem-button-size-small gem-button-style-flat gem-button-text-weight-normal\" data-ll-effect=\"drop-right-without-wrap\" style=\"border-radius: 3px;background-color: #312c7a;color: #ffffff;\" onmouseleave=\"this.style.backgroundColor='#312c7a';this.style.color='#ffffff';\" onmouseenter=\"this.style.backgroundColor='#f6eb14';this.style.color='#312c7a';\" href=\"#prezzi-gomera\" target=\"_self\">PREZZI<\/a><\/div> [\/vc_column][\/vc_row][vc_row full_width=&#8221;stretch_row_content&#8221; css=&#8221;.vc_custom_1600438224022{background-color: #312c7a !important;background-position: center !important;background-repeat: no-repeat !important;background-size: cover !important;}&#8221;][vc_column][vc_column_text]<\/p>\n<h3 style=\"text-align: center;\"><span style=\"color: #ffffff;\"><strong><span style=\"font-size: 18pt;\">PRENOTA ORA<\/span><\/strong><\/span><\/h3>\n<p>[\/vc_column_text][vc_empty_space height=&#8221;10px&#8221; el_id=&#8221;prezzi-gomera&#8221;][\/vc_column][\/vc_row]<\/p>\n<\/div>","protected":false},"excerpt":{"rendered":"<p>[vc_row full_width=&#8221;stretch_row_content_no_spaces&#8221;][vc_column][vc_column_text css=&#8221;.vc_custom_1743423871801{background-color: #F6EB14 !important;background-position: center !important;background-repeat: no-repeat !important;background-size: cover !important;}&#8221; css_animation=&#8221;fadeIn&#8221;] LA GOMERA [\/vc_column_text][\/vc_column][\/vc_row][vc_row][vc_column][vc_column_text] Tour La Gomera in una&#8230;<\/p>\n","protected":false},"featured_media":65004,"template":"","meta":{"_acf_changed":false,"_seopress_robots_primary_cat":"0","_seopress_titles_title":"Tour La Gomera, una gita di una giornata in autobus da Tenerife","_seopress_titles_desc":"Tour La Gomera, una gita di un giorno in autobus partendo da Tenerife. Visita guidata con raccolta vicino al vostro alloggio, pranzo incluso.","_seopress_robots_index":""},"product_brand":[],"product_cat":[2299],"product_tag":[2415,2413,2407,2414,2416],"class_list":{"0":"post-55327","1":"product","2":"type-product","3":"status-publish","4":"has-post-thumbnail","6":"product_cat-gite-in-autobus","7":"product_tag-escursione-la-gomera","8":"product_tag-escursioni-in-autobus-tenerife","9":"product_tag-escursioni-tenerife","10":"product_tag-gita-la-gomera","11":"product_tag-visitare-la-gomera","13":"first","14":"instock","15":"virtual","16":"sold-individually","17":"purchasable","18":"product-type-booking"},"booking_location":"","booking_location_type":"","booking_duration":1,"booking_duration_unit":"day","booking_buffer":0,"booking_cost":0,"booking_resources":[],"acf":[],"_links":{"self":[{"href":"https:\/\/tenerife-trips.com\/it\/wp-json\/wp\/v2\/product\/55327","targetHints":{"allow":["GET"]}}],"collection":[{"href":"https:\/\/tenerife-trips.com\/it\/wp-json\/wp\/v2\/product"}],"about":[{"href":"https:\/\/tenerife-trips.com\/it\/wp-json\/wp\/v2\/types\/product"}],"wp:featuredmedia":[{"embeddable":true,"href":"https:\/\/tenerife-trips.com\/it\/wp-json\/wp\/v2\/media\/65004"}],"wp:attachment":[{"href":"https:\/\/tenerife-trips.com\/it\/wp-json\/wp\/v2\/media?parent=55327"}],"wp:term":[{"taxonomy":"product_brand","embeddable":true,"href":"https:\/\/tenerife-trips.com\/it\/wp-json\/wp\/v2\/product_brand?post=55327"},{"taxonomy":"product_cat","embeddable":true,"href":"https:\/\/tenerife-trips.com\/it\/wp-json\/wp\/v2\/product_cat?post=55327"},{"taxonomy":"product_tag","embeddable":true,"href":"https:\/\/tenerife-trips.com\/it\/wp-json\/wp\/v2\/product_tag?post=55327"}],"curies":[{"name":"wp","href":"https:\/\/api.w.org\/{rel}","templated":true}]}}