{"id":55740,"date":"2018-11-07T19:32:13","date_gmt":"2018-11-07T19:32:13","guid":{"rendered":"https:\/\/tenerife-trips.com\/?post_type=product&#038;p=55740"},"modified":"2025-12-02T20:17:35","modified_gmt":"2025-12-02T20:17:35","slug":"escursioni-a-tenerife","status":"publish","type":"product","link":"https:\/\/tenerife-trips.com\/it\/product\/gite-in-autobus\/escursioni-a-tenerife\/","title":{"rendered":"GIRO DELL&#8217;ISOLA"},"content":{"rendered":"<div class=\"wpb-content-wrapper\"><p>[vc_row full_width=&#8221;stretch_row_content_no_spaces&#8221;][vc_column][vc_column_text css=&#8221;.vc_custom_1743419710037{background-color: #F6EB14 !important;background-position: center !important;background-repeat: no-repeat !important;background-size: cover !important;}&#8221; css_animation=&#8221;fadeIn&#8221;]<\/p>\n<h1 class=\"title-h2\" style=\"text-align: center;\"><span style=\"font-size: 18pt; color: #312c7a;\">GIRO DELL&#8217;ISOLA<\/span><\/h1>\n<p>[\/vc_column_text][\/vc_column][\/vc_row][vc_row][vc_column][vc_column_text]<\/p>\n<p style=\"text-align: center;\">Il giro dell&#8217;isola \u00e8 un&#8217;escursione costiera che la porter\u00e0 a visitare i luoghi pi\u00f9 famosi. \u00c8 raccomandato per le persone che vogliono fare una delle escursioni a Tenerife ma non vogliono viaggiare in montagna o sono gi\u00e0 state al parco nazionale del Teide.<\/p>\n<p style=\"text-align: center;\"><strong>\u21d3 Veda ulteriore descrizione di seguito \u21d3<\/strong><\/p>\n<p>[\/vc_column_text][\/vc_column][\/vc_row][vc_row full_width=&#8221;stretch_row_content&#8221; full_height=&#8221;yes&#8221; css=&#8221;.vc_custom_1576192123211{background-color: #312c7a !important;background-position: center !important;background-repeat: no-repeat !important;background-size: cover !important;}&#8221;][vc_column][vc_empty_space]<div class=\"preloader\"><div class=\"preloader-spin\"><\/div><\/div> <div id=\"gem-gallery-69dea238f2fa7\" class=\"gem-gallery gem-gallery-hover-zooming-blur\"> <div class=\"gem-gallery-item\"> <div class=\"gem-gallery-item-image\"> <a href=\"https:\/\/tenerife-trips.com\/wp-content\/uploads\/2019\/12\/Gran-Tour-thegem-gallery-sidebar.jpg\" data-fancybox-group=\"gallery-69dea238f2fa7\" data-full-image-url=\"https:\/\/tenerife-trips.com\/wp-content\/uploads\/2019\/12\/Gran-Tour.jpg\"> <svg width=\"20\" height=\"10\"><path d=\"M 0,10 Q 9,9 10,0 Q 11,9 20,10\" \/><\/svg> <img src=\"https:\/\/tenerife-trips.com\/wp-content\/uploads\/2019\/12\/Gran-Tour-thegem-post-thumb-small.jpg\" alt=\"\" class=\"img-responsive\"> <span class=\"gem-gallery-caption slide-info\"> <\/span> <\/a> <span class=\"gem-gallery-line\"><\/span> <\/div> <\/div> <div class=\"gem-gallery-item\"> <div class=\"gem-gallery-item-image\"> <a href=\"https:\/\/tenerife-trips.com\/wp-content\/uploads\/2019\/12\/escursioni-a-Tenerife-scaled-thegem-gallery-sidebar.png\" data-fancybox-group=\"gallery-69dea238f2fa7\" data-full-image-url=\"https:\/\/tenerife-trips.com\/wp-content\/uploads\/2019\/12\/escursioni-a-Tenerife-scaled.png\"> <svg width=\"20\" height=\"10\"><path d=\"M 0,10 Q 9,9 10,0 Q 11,9 20,10\" \/><\/svg> <img src=\"https:\/\/tenerife-trips.com\/wp-content\/uploads\/2019\/12\/escursioni-a-Tenerife-scaled-thegem-post-thumb-small.png\" alt=\"escursioni a Tenerife\" class=\"img-responsive\"> <span class=\"gem-gallery-caption slide-info\"> <\/span> <\/a> <span class=\"gem-gallery-line\"><\/span> <\/div> <\/div> <div class=\"gem-gallery-item\"> <div class=\"gem-gallery-item-image\"> <a href=\"https:\/\/tenerife-trips.com\/wp-content\/uploads\/2019\/12\/Inselrundfahrt-Teneriffa-thegem-gallery-sidebar.png\" data-fancybox-group=\"gallery-69dea238f2fa7\" data-full-image-url=\"https:\/\/tenerife-trips.com\/wp-content\/uploads\/2019\/12\/Inselrundfahrt-Teneriffa.png\"> <svg width=\"20\" height=\"10\"><path d=\"M 0,10 Q 9,9 10,0 Q 11,9 20,10\" \/><\/svg> <img src=\"https:\/\/tenerife-trips.com\/wp-content\/uploads\/2019\/12\/Inselrundfahrt-Teneriffa-thegem-post-thumb-small.png\" alt=\"Inselrundfahrt Teneriffa\" class=\"img-responsive\"> <span class=\"gem-gallery-caption slide-info\"> <\/span> <\/a> <span class=\"gem-gallery-line\"><\/span> <\/div> <\/div> <div class=\"gem-gallery-item\"> <div class=\"gem-gallery-item-image\"> <a href=\"https:\/\/tenerife-trips.com\/wp-content\/uploads\/2019\/12\/Island-Tour-Tenerife-thegem-gallery-sidebar.png\" data-fancybox-group=\"gallery-69dea238f2fa7\" data-full-image-url=\"https:\/\/tenerife-trips.com\/wp-content\/uploads\/2019\/12\/Island-Tour-Tenerife.png\"> <svg width=\"20\" height=\"10\"><path d=\"M 0,10 Q 9,9 10,0 Q 11,9 20,10\" \/><\/svg> <img src=\"https:\/\/tenerife-trips.com\/wp-content\/uploads\/2019\/12\/Island-Tour-Tenerife-thegem-post-thumb-small.png\" alt=\"Island Tour Tenerife\" class=\"img-responsive\"> <span class=\"gem-gallery-caption slide-info\"> <\/span> <\/a> <span class=\"gem-gallery-line\"><\/span> <\/div> <\/div> <div class=\"gem-gallery-item\"> <div class=\"gem-gallery-item-image\"> <a href=\"https:\/\/tenerife-trips.com\/wp-content\/uploads\/2019\/12\/que-visitar-en-Tenerife-scaled-thegem-gallery-sidebar.png\" data-fancybox-group=\"gallery-69dea238f2fa7\" data-full-image-url=\"https:\/\/tenerife-trips.com\/wp-content\/uploads\/2019\/12\/que-visitar-en-Tenerife-scaled.png\"> <svg width=\"20\" height=\"10\"><path d=\"M 0,10 Q 9,9 10,0 Q 11,9 20,10\" \/><\/svg> <img src=\"https:\/\/tenerife-trips.com\/wp-content\/uploads\/2019\/12\/que-visitar-en-Tenerife-scaled-thegem-post-thumb-small.png\" alt=\"que visitar en Tenerife\" class=\"img-responsive\"> <span class=\"gem-gallery-caption slide-info\"> <\/span> <\/a> <span class=\"gem-gallery-line\"><\/span> <\/div> <\/div> <div class=\"gem-gallery-item\"> <div class=\"gem-gallery-item-image\"> <a href=\"https:\/\/tenerife-trips.com\/wp-content\/uploads\/2019\/12\/Teneryfa-wycieczka-objazdowa-thegem-gallery-sidebar.png\" data-fancybox-group=\"gallery-69dea238f2fa7\" data-full-image-url=\"https:\/\/tenerife-trips.com\/wp-content\/uploads\/2019\/12\/Teneryfa-wycieczka-objazdowa.png\"> <svg width=\"20\" height=\"10\"><path d=\"M 0,10 Q 9,9 10,0 Q 11,9 20,10\" \/><\/svg> <img src=\"https:\/\/tenerife-trips.com\/wp-content\/uploads\/2019\/12\/Teneryfa-wycieczka-objazdowa-thegem-post-thumb-small.png\" alt=\"Teneryfa wycieczka objazdowa\" class=\"img-responsive\"> <span class=\"gem-gallery-caption slide-info\"> <\/span> <\/a> <span class=\"gem-gallery-line\"><\/span> <\/div> <\/div> <div class=\"gem-gallery-item\"> <div class=\"gem-gallery-item-image\"> <a href=\"https:\/\/tenerife-trips.com\/wp-content\/uploads\/2019\/12\/garachico-thegem-gallery-sidebar.jpg\" data-fancybox-group=\"gallery-69dea238f2fa7\" data-full-image-url=\"https:\/\/tenerife-trips.com\/wp-content\/uploads\/2019\/12\/garachico.jpg\"> <svg width=\"20\" height=\"10\"><path d=\"M 0,10 Q 9,9 10,0 Q 11,9 20,10\" \/><\/svg> <img src=\"https:\/\/tenerife-trips.com\/wp-content\/uploads\/2019\/12\/garachico-thegem-post-thumb-small.jpg\" alt=\"\" class=\"img-responsive\"> <span class=\"gem-gallery-caption slide-info\"> <\/span> <\/a> <span class=\"gem-gallery-line\"><\/span> <\/div> <\/div> <\/div>[vc_empty_space][\/vc_column][\/vc_row][vc_row full_width=&#8221;stretch_row&#8221; css=&#8221;.vc_custom_1577671222333{background-color: #312c7a !important;background-position: center !important;background-repeat: no-repeat !important;background-size: cover !important;}&#8221;][vc_column][vc_column_text]<\/p>\n<h3 style=\"text-align: center;\"><span style=\"color: #ffffff; font-size: 18pt;\">DESCRIZIONE<\/span><\/h3>\n<p>[\/vc_column_text][\/vc_column][\/vc_row][vc_row][vc_column][vc_tta_accordion style=&#8221;simple_solid&#8221; color=&#8221;blue&#8221; c_icon=&#8221;chevron&#8221; active_section=&#8221;-0&#8243; collapsible_all=&#8221;true&#8221;][vc_tta_section title=&#8221;SPIEGAZIONE ESCURSIONE&#8221; tab_id=&#8221;1577671091617-0af8eee0-9402fa19-a665&#8243;][vc_column_text]Tra le escursioni a Tenerife troviamo il giro dell&#8217;isola, un&#8217;escursione costiera che la porter\u00e0 a visitare i luoghi pi\u00f9 famosi; \u00e8 raccomandata per le persone che vogliono fare una gita ma non vogliono viaggiare in montagna o sono gi\u00e0 state al parco nazionale del Teide.<\/p>\n<h3><span style=\"font-size: 12pt;\">Innanzi tutto come per la maggioranza delle escursioni a Tenerife la veniamo a prendere nelle vicinanze del suo alloggio. poi prendiamo l&#8217;autostrada in direzione Santa Cruz e raggiungiamo il paese di <a href=\"https:\/\/goo.gl\/maps\/mvFyL8PUaAEmeeKy9\" target=\"_blank\" rel=\"noopener\">CANDELARIA<\/a>. durante questa prima tappa ammiriamo la famosa cattedrale al cui interno si trova la Madonna Nera, patrona delle Isole Canarie. di fronte alla chiesa, nella piazza principale, vediamo nove grandi statue. queste rappresentano i &#8220;Menceys&#8221;, i re aborigeni che governarono l&#8217;isola prima che gli spagnoli la conquistassero.<\/span><\/h3>\n<p>Dopodich\u00e9 raggiungiamo la citt\u00e0 di <a href=\"https:\/\/goo.gl\/maps\/4Wg5cPe6FBbErvkx6\" target=\"_blank\" rel=\"noopener\">La Orotava<\/a>. Molte escursioni a Tenerife fanno tappa in questo luogo per visitarne il centro storico. Qui vediamo antichi edifici ben conservati e troviamo prodotti tipici, toccando con mano la cultura locale.<\/p>\n<p><span style=\"font-size: 14pt;\">Il terzo posto che visitiamo durante il giro \u00e8 <a href=\"https:\/\/goo.gl\/maps\/T2NVf5sxGPADXtiR6\" target=\"_blank\" rel=\"noopener\">Garachico<\/a>. L&#8217;eruzione del vulcano Trevejo del 1706 distrusse in parte la citt\u00e0. Le colate di lava raggiunsero il mare e formarono le piscine naturali che sono oggi le pi\u00f9 conosciute di Tenerife. La grande roccia nel mare di fronte al paese &#8220;Roque de Garachico&#8221; e le piscine sono i simboli della zona.<\/span><\/p>\n<h3><span style=\"font-size: 12pt;\">L&#8217;ultima tappa del nostro giro dell&#8217;isola \u00e8 <a href=\"https:\/\/goo.gl\/maps\/wsfJZ1VQXLSWWxo98\" target=\"_blank\" rel=\"noopener\">Masca<\/a>, un piccolo villaggio nel mezzo della spettacolare montagna Teno. Questa, insieme al Teide, \u00e8 la meta turistica pi\u00f9 importante per le escursioni a Tenerife ed una visita \u00e8 d&#8217;obbligo.<\/span><\/h3>\n<p>Durante l&#8217;escursione ci fermiamo in un ristorante dove \u00e8 possibile pranzare (non incluso nel prezzo). In ogni caso pu\u00f2 scegliere di portare il pranzo al sacco o mangiare altrove se preferisce.<\/p>\n<p><span style=\"color: #ff0000;\">Si ricorda a tutti i clienti che partecipano all\u2019escursione di non lasciare nessun tipo di oggetto personale di valore sull\u2019autobus quando si scende per visitare i luoghi. L\u2019impresa non si assume la responsabilit\u00e0 di eventuali smarrimenti o furti di oggetti personali di qualunque tipo.<\/span>[\/vc_column_text][\/vc_tta_section][vc_tta_section title=&#8221;ORARIO E TRASPORTO&#8221; tab_id=&#8221;1577671091666-736a5870-75e3fa19-a665&#8243;][vc_column_text]Il servizio di trasporto con raccolta vicino al suo alloggio \u00e8 incluso nel prezzo. \u00c8 disponibile a ovest e a sud nella zona compresa tra Los Gigantes e El Medano. Le consigliamo di verificare con noi la disponibilit\u00e0 del trasporto dalla sua zona prima di prenotare.<\/p>\n<p><span style=\"text-decoration: underline;\"><span style=\"color: #ff0000; text-decoration: underline;\">PROGRAMMA:<\/span><\/span><\/p>\n<p>Per favore verifichi con il nostro supporto clienti i giorni in cui \u00e8 possibile effettuare l&#8217;escursione.<\/p>\n<p><strong>Guardi il video, si faccia un&#8217;idea di com&#8217;\u00e8 l&#8217;escursione e prenoti subito!<\/strong>[\/vc_column_text][\/vc_tta_section][\/vc_tta_accordion][\/vc_column][\/vc_row][vc_row full_width=&#8221;stretch_row_content&#8221; css=&#8221;.vc_custom_1577476060002{background-color: #312c7a !important;background-position: center !important;background-repeat: no-repeat !important;background-size: cover !important;}&#8221;][vc_column][vc_column_text]<\/p>\n<h3 style=\"text-align: center;\"><strong><span style=\"font-size: 18pt; color: #ffffff;\">PRENOTA ORA<\/span><\/strong><\/h3>\n<p>[\/vc_column_text][\/vc_column][\/vc_row]<\/p>\n<\/div>","protected":false},"excerpt":{"rendered":"<p>[vc_row full_width=&#8221;stretch_row_content_no_spaces&#8221;][vc_column][vc_column_text css=&#8221;.vc_custom_1743419710037{background-color: #F6EB14 !important;background-position: center !important;background-repeat: no-repeat !important;background-size: cover !important;}&#8221; css_animation=&#8221;fadeIn&#8221;] GIRO DELL&#8217;ISOLA [\/vc_column_text][\/vc_column][\/vc_row][vc_row][vc_column][vc_column_text] Il giro dell&#8217;isola \u00e8 un&#8217;escursione&#8230;<\/p>\n","protected":false},"featured_media":392620,"template":"","meta":{"_acf_changed":false,"_seopress_robots_primary_cat":"2299","_seopress_titles_title":"Escursioni a Tenerife, un giro dell&#039;isola in autobus di una giornata","_seopress_titles_desc":"Escursioni a Tenerife, un giro dell&#039;isola in autobus per vedere i luoghi pi\u00f9 famosi. Candelaria, La Orotava, Garachico e Masca","_seopress_robots_index":""},"product_brand":[],"product_cat":[2299],"product_tag":[2397,2398,2396],"class_list":{"0":"post-55740","1":"product","2":"type-product","3":"status-publish","4":"has-post-thumbnail","6":"product_cat-gite-in-autobus","7":"product_tag-escursioni-autobus-tenerife","8":"product_tag-gite-autobus-tenerife","9":"product_tag-tour-autobus-tenerife","11":"first","12":"instock","13":"virtual","14":"sold-individually","15":"purchasable","16":"product-type-booking"},"booking_location":"","booking_location_type":"","booking_duration":1,"booking_duration_unit":"day","booking_buffer":0,"booking_cost":0,"booking_resources":[],"acf":[],"_links":{"self":[{"href":"https:\/\/tenerife-trips.com\/it\/wp-json\/wp\/v2\/product\/55740","targetHints":{"allow":["GET"]}}],"collection":[{"href":"https:\/\/tenerife-trips.com\/it\/wp-json\/wp\/v2\/product"}],"about":[{"href":"https:\/\/tenerife-trips.com\/it\/wp-json\/wp\/v2\/types\/product"}],"wp:featuredmedia":[{"embeddable":true,"href":"https:\/\/tenerife-trips.com\/it\/wp-json\/wp\/v2\/media\/392620"}],"wp:attachment":[{"href":"https:\/\/tenerife-trips.com\/it\/wp-json\/wp\/v2\/media?parent=55740"}],"wp:term":[{"taxonomy":"product_brand","embeddable":true,"href":"https:\/\/tenerife-trips.com\/it\/wp-json\/wp\/v2\/product_brand?post=55740"},{"taxonomy":"product_cat","embeddable":true,"href":"https:\/\/tenerife-trips.com\/it\/wp-json\/wp\/v2\/product_cat?post=55740"},{"taxonomy":"product_tag","embeddable":true,"href":"https:\/\/tenerife-trips.com\/it\/wp-json\/wp\/v2\/product_tag?post=55740"}],"curies":[{"name":"wp","href":"https:\/\/api.w.org\/{rel}","templated":true}]}}