{"id":55889,"date":"2018-01-18T18:27:34","date_gmt":"2018-01-18T18:27:34","guid":{"rendered":"https:\/\/tenerife-trips.com\/?post_type=product&#038;p=55889"},"modified":"2025-12-02T20:26:55","modified_gmt":"2025-12-02T20:26:55","slug":"noleggio-quad-tenerife","status":"publish","type":"product","link":"https:\/\/tenerife-trips.com\/it\/product\/avventure-terrestri\/noleggio-quad-tenerife\/","title":{"rendered":"QUAD TEIDE TOUR"},"content":{"rendered":"<div class=\"wpb-content-wrapper\"><p>[vc_row full_width=&#8221;stretch_row_content_no_spaces&#8221;][vc_column][vc_column_text css=&#8221;.vc_custom_1743423498300{background-color: #F6EB14 !important;background-position: center !important;background-repeat: no-repeat !important;background-size: cover !important;}&#8221; css_animation=&#8221;fadeIn&#8221;]<\/p>\n<h1 class=\"title-h2\" style=\"text-align: center;\"><span style=\"font-size: 18pt; color: #312c7a;\">QUAD TEIDE<\/span><\/h1>\n<p>[\/vc_column_text][\/vc_column][\/vc_row][vc_row][vc_column][vc_column_text css=&#8221;&#8221;]<\/p>\n<p style=\"text-align: center;\">Una opzione di noleggio quad Tenerife \u00e8 il Teide tour che la porter\u00e0 fino alla base del picco del Teide. Questo \u00e8 il terzo vulcano pi\u00f9 alto del mondo dopo gli hawaiani Mauna Kea e Mauna Loa.<\/p>\n<p style=\"text-align: center;\"><strong>\u21d3 Veda ulteriore descrizione di seguito \u21d3<\/strong><\/p>\n<p>[\/vc_column_text][\/vc_column][\/vc_row][vc_row full_width=&#8221;stretch_row_content&#8221; full_height=&#8221;yes&#8221; css=&#8221;.vc_custom_1576192123211{background-color: #312c7a !important;background-position: center !important;background-repeat: no-repeat !important;background-size: cover !important;}&#8221;][vc_column][vc_column_text css=&#8221;.vc_custom_1747753389584{background-color: #F6EB14 !important;}&#8221;]<\/p>\n<p style=\"text-align: center;\"><span style=\"font-size: 12pt; font-family: verdana, geneva, sans-serif;\"><strong><span style=\"text-decoration: underline;\">SCONTATO:<\/span><\/strong><\/span><\/p>\n<p style=\"text-align: center;\"><span style=\"font-size: 12pt; font-family: verdana, geneva, sans-serif;\"><strong>Doppio <del>150 \u20ac<\/del>\u00a0 130 \u20ac<\/strong><\/span><\/p>\n<p style=\"text-align: center;\"><span style=\"font-size: 12pt; font-family: verdana, geneva, sans-serif;\"> <strong>Singolo <del>130 \u20ac<\/del>\u00a0 109 \u20ac<\/strong><\/span><\/p>\n<p>[\/vc_column_text][vc_empty_space]<div class=\"gem-vimeo gem-wrapbox gem-wrapbox-style-no-style rounded-corners gem-wrapbox-position-below\" style=\"width: 100%;\"><div class=\"gem-wrapbox-inner gem-ratio-style\" style=\"padding-top: 56.25%\"><iframe webkitallowfullscreen=\"true\" mozallowfullscreen=\"true\" allowfullscreen=\"true\" class=\"gem-wrapbox-element img-responsive\" frameborder=\"0\" scrolling=\"no\" marginheight=\"0\" marginwidth=\"0\" src=\"\/\/player.vimeo.com\/video\/467537945?title=0&amp;byline=0&amp;portrait=0 \"><\/iframe><\/div><\/div>[vc_empty_space]<div class=\"preloader\"><div class=\"preloader-spin\"><\/div><\/div> <div id=\"gem-gallery-69e0e69d8f8f3\" class=\"gem-gallery gem-gallery-hover-zooming-blur\"> <div class=\"gem-gallery-item\"> <div class=\"gem-gallery-item-image\"> <a href=\"https:\/\/tenerife-trips.com\/wp-content\/uploads\/2019\/12\/Quad-Teide-7-thegem-gallery-sidebar.jpg\" data-fancybox-group=\"gallery-69e0e69d8f8f3\" data-full-image-url=\"https:\/\/tenerife-trips.com\/wp-content\/uploads\/2019\/12\/Quad-Teide-7.jpg\"> <svg width=\"20\" height=\"10\"><path d=\"M 0,10 Q 9,9 10,0 Q 11,9 20,10\" \/><\/svg> <img src=\"https:\/\/tenerife-trips.com\/wp-content\/uploads\/2019\/12\/Quad-Teide-7-thegem-post-thumb-small.jpg\" alt=\"\" class=\"img-responsive\"> <span class=\"gem-gallery-caption slide-info\"> <\/span> <\/a> <span class=\"gem-gallery-line\"><\/span> <\/div> <\/div> <div class=\"gem-gallery-item\"> <div class=\"gem-gallery-item-image\"> <a href=\"https:\/\/tenerife-trips.com\/wp-content\/uploads\/2019\/12\/Quad-Teide-2-thegem-gallery-sidebar.jpg\" data-fancybox-group=\"gallery-69e0e69d8f8f3\" data-full-image-url=\"https:\/\/tenerife-trips.com\/wp-content\/uploads\/2019\/12\/Quad-Teide-2.jpg\"> <svg width=\"20\" height=\"10\"><path d=\"M 0,10 Q 9,9 10,0 Q 11,9 20,10\" \/><\/svg> <img src=\"https:\/\/tenerife-trips.com\/wp-content\/uploads\/2019\/12\/Quad-Teide-2-thegem-post-thumb-small.jpg\" alt=\"noleggio quad Tenerife\" class=\"img-responsive\"> <span class=\"gem-gallery-caption slide-info\"> <\/span> <\/a> <span class=\"gem-gallery-line\"><\/span> <\/div> <\/div> <div class=\"gem-gallery-item\"> <div class=\"gem-gallery-item-image\"> <a href=\"https:\/\/tenerife-trips.com\/wp-content\/uploads\/2021\/05\/Quad-Teide-thegem-gallery-sidebar.jpg\" data-fancybox-group=\"gallery-69e0e69d8f8f3\" data-full-image-url=\"https:\/\/tenerife-trips.com\/wp-content\/uploads\/2021\/05\/Quad-Teide.jpg\"> <svg width=\"20\" height=\"10\"><path d=\"M 0,10 Q 9,9 10,0 Q 11,9 20,10\" \/><\/svg> <img src=\"https:\/\/tenerife-trips.com\/wp-content\/uploads\/2021\/05\/Quad-Teide-thegem-post-thumb-small.jpg\" alt=\"quad Teide\" class=\"img-responsive\"> <span class=\"gem-gallery-caption slide-info\"> <\/span> <\/a> <span class=\"gem-gallery-line\"><\/span> <\/div> <\/div> <div class=\"gem-gallery-item\"> <div class=\"gem-gallery-item-image\"> <a href=\"https:\/\/tenerife-trips.com\/wp-content\/uploads\/2019\/12\/Quad-Teide-6-thegem-gallery-sidebar.jpg\" data-fancybox-group=\"gallery-69e0e69d8f8f3\" data-full-image-url=\"https:\/\/tenerife-trips.com\/wp-content\/uploads\/2019\/12\/Quad-Teide-6.jpg\"> <svg width=\"20\" height=\"10\"><path d=\"M 0,10 Q 9,9 10,0 Q 11,9 20,10\" \/><\/svg> <img src=\"https:\/\/tenerife-trips.com\/wp-content\/uploads\/2019\/12\/Quad-Teide-6-thegem-post-thumb-small.jpg\" alt=\"\" class=\"img-responsive\"> <span class=\"gem-gallery-caption slide-info\"> <\/span> <\/a> <span class=\"gem-gallery-line\"><\/span> <\/div> <\/div> <div class=\"gem-gallery-item\"> <div class=\"gem-gallery-item-image\"> <a href=\"https:\/\/tenerife-trips.com\/wp-content\/uploads\/2019\/12\/Quad-Teide-3-thegem-gallery-sidebar.jpg\" data-fancybox-group=\"gallery-69e0e69d8f8f3\" data-full-image-url=\"https:\/\/tenerife-trips.com\/wp-content\/uploads\/2019\/12\/Quad-Teide-3.jpg\"> <svg width=\"20\" height=\"10\"><path d=\"M 0,10 Q 9,9 10,0 Q 11,9 20,10\" \/><\/svg> <img src=\"https:\/\/tenerife-trips.com\/wp-content\/uploads\/2019\/12\/Quad-Teide-3-thegem-post-thumb-small.jpg\" alt=\"wycieczka quadem Teneryfa\" class=\"img-responsive\"> <span class=\"gem-gallery-caption slide-info\"> <\/span> <\/a> <span class=\"gem-gallery-line\"><\/span> <\/div> <\/div> <div class=\"gem-gallery-item\"> <div class=\"gem-gallery-item-image\"> <a href=\"https:\/\/tenerife-trips.com\/wp-content\/uploads\/2019\/12\/Quad-Teide-5-thegem-gallery-sidebar.jpg\" data-fancybox-group=\"gallery-69e0e69d8f8f3\" data-full-image-url=\"https:\/\/tenerife-trips.com\/wp-content\/uploads\/2019\/12\/Quad-Teide-5.jpg\"> <svg width=\"20\" height=\"10\"><path d=\"M 0,10 Q 9,9 10,0 Q 11,9 20,10\" \/><\/svg> <img src=\"https:\/\/tenerife-trips.com\/wp-content\/uploads\/2019\/12\/Quad-Teide-5-thegem-post-thumb-small.jpg\" alt=\"quad tour Tenerife\" class=\"img-responsive\"> <span class=\"gem-gallery-caption slide-info\"> <\/span> <\/a> <span class=\"gem-gallery-line\"><\/span> <\/div> <\/div> <\/div>[vc_empty_space][\/vc_column][\/vc_row][vc_row full_width=&#8221;stretch_row&#8221; css=&#8221;.vc_custom_1600439276923{background-color: #312c7a !important;background-position: center !important;background-repeat: no-repeat !important;background-size: cover !important;}&#8221;][vc_column][vc_column_text]<\/p>\n<h3 style=\"text-align: center;\"><span style=\"color: #ffffff;\"><span style=\"font-size: 18pt;\">DESCRIZIONE<\/span><\/span><\/h3>\n<p>[\/vc_column_text][\/vc_column][\/vc_row][vc_row][vc_column][vc_tta_accordion style=&#8221;simple_solid&#8221; color=&#8221;blue&#8221; c_icon=&#8221;chevron&#8221; active_section=&#8221;-0&#8243; collapsible_all=&#8221;true&#8221;][vc_tta_section title=&#8221;SPIEGAZIONE ESCURSIONE&#8221; tab_id=&#8221;1577671091617-0af8eee0-94022655-7dbe&#8221;][vc_column_text]<\/p>\n<p style=\"text-align: left;\">Una opzione di noleggio quad Tenerife \u00e8 il Teide tour che la porter\u00e0 fino alla base del picco del Teide. Questo \u00e8 il terzo vulcano pi\u00f9 alto del mondo dopo gli hawaiani Mauna Kea e Mauna Loa.<\/p>\n<h3><span style=\"font-size: 12pt;\">Il Teide tour \u00e8 sicuramente tra le migliori escursioni consigliate per godersi pienamente la sua vacanza. L&#8217;isola \u00e8 ricca di paesaggi incredibili da vedere. pertanto le consigliamo di non stare in spiaggia per tutto il tempo o si perder\u00e0 il meglio! La possibilit\u00e0 di noleggio quad Tenerife \u00e8 assolutamente da valutare.<\/span><\/h3>\n<p>Allora prima di tutto la veniamo a prendere nelle vicinanze del suo alloggio nel sud o ovest di Tenerife. Poi la portiamo al garage dove teniamo i quad. Dopo una breve spiegazione delle norme di sicurezza le forniamo l&#8217;equipaggiamento necessario per l&#8217;escursione e saliamo sui veicoli. Guidiamo in direzione Teide sulla strada principale attraversando una bellissima pineta e contemplando splendidi panorami.<\/p>\n<h3><span style=\"font-size: 12pt;\">Le nostre guide del noleggio quad Tenerife, una davanti e una dietro al gruppo di veicoli, controlleranno il traffico. la aiuteranno in caso di necessit\u00e0 durante l&#8217;escursione. Una volta raggiunto l&#8217;altopiano a 2200 metri ci fermiamo nei migliori punti panoramici per goderci il fantastico paesaggio lunare del <a href=\"https:\/\/it.wikipedia.org\/wiki\/Parco_nazionale_del_Teide\" target=\"_blank\" rel=\"noopener\">PARCO NAZIONALE DEL TEIDE<\/a>. questo luogo, dichiarato patrimonio dell&#8217;umanit\u00e0 dell&#8217;UNESCO, \u00e8 talmente particolare che diversi registi lo hanno scelto per girare scene dei loro film. tra i pi\u00f9 famosi troviamo &#8220;Il pianeta delle scimmie&#8221; del 1968 e &#8220;Scontro tra titani&#8221; del 2010.<\/span><\/h3>\n<p>L&#8217;escursione in quad dura in totale 3 ore da quando si inizia a guidare ed \u00e8 principalmente su strada. Durante l&#8217;escursione le faremo delle foto che pu\u00f2 acquistare alla fine se interessato. Pu\u00f2 prendere un quad da solo (singolo) o condividerne uno con un&#8217;altra persona (doppio).<\/p>\n<h3><span style=\"color: #ff0000; font-size: 12pt;\">Per il noleggio quad Tenerife deve essere in possesso di una patente di guida valida. i bambini devono avere almeno 7 anni. si prega di notare che ogni quad pu\u00f2 portare un massimo di 150 kg.<\/span><\/h3>\n<p>[\/vc_column_text][\/vc_tta_section][vc_tta_section title=&#8221;ORARIO E TRASPORTO&#8221; tab_id=&#8221;1577671091666-736a5870-75e32655-7dbe&#8221;][vc_column_text]La preghiamo di mettersi in contatto con il nostro servizio clienti tramite la live chat e di verificare la disponibilit\u00e0 e le condizioni di trasporto dalla sua zona prima di prenotare.<\/p>\n<p><span style=\"text-decoration: underline;\"><span style=\"color: #ff0000; text-decoration: underline;\">PROGRAMMA:<\/span><\/span><\/p>\n<p>Tutti i giorni.<\/p>\n<p><strong>Guardi il video, si faccia un&#8217;idea di com&#8217;\u00e8 la escursione e prenoti subito!<\/strong>[\/vc_column_text][\/vc_tta_section][\/vc_tta_accordion][\/vc_column][\/vc_row][vc_row full_width=&#8221;stretch_row_content&#8221; css=&#8221;.vc_custom_1600439303242{background-color: #312c7a !important;background-position: center !important;background-repeat: no-repeat !important;background-size: cover !important;}&#8221;][vc_column][vc_column_text]<\/p>\n<h3 style=\"text-align: center;\"><span style=\"color: #ffffff;\"><strong><span style=\"font-size: 18pt;\">PRENOTA ORA<\/span><\/strong><\/span><\/h3>\n<p>[\/vc_column_text][\/vc_column][\/vc_row]<\/p>\n<\/div>","protected":false},"excerpt":{"rendered":"<p>[vc_row full_width=&#8221;stretch_row_content_no_spaces&#8221;][vc_column][vc_column_text css=&#8221;.vc_custom_1743423498300{background-color: #F6EB14 !important;background-position: center !important;background-repeat: no-repeat !important;background-size: cover !important;}&#8221; css_animation=&#8221;fadeIn&#8221;] QUAD TEIDE [\/vc_column_text][\/vc_column][\/vc_row][vc_row][vc_column][vc_column_text css=&#8221;&#8221;] Una opzione di noleggio&#8230;<\/p>\n","protected":false},"featured_media":134532,"template":"","meta":{"_acf_changed":false,"_seopress_robots_primary_cat":"0","_seopress_titles_title":"Noleggio quad Tenerife, una escursione al Parco Nazionale","_seopress_titles_desc":"Noleggio quad Tenerife, una escursione guidata al Parco Nazionale del Teide, patrimonio dell&#039;UNESCO. Prenoti ora da una agenzia italiana","_seopress_robots_index":""},"product_brand":[],"product_cat":[2300],"product_tag":[2382,2407,2408,2409,2377],"class_list":{"0":"post-55889","1":"product","2":"type-product","3":"status-publish","4":"has-post-thumbnail","6":"product_cat-avventure-terrestri","7":"product_tag-escursione-quad-tenerife","8":"product_tag-escursioni-tenerife","9":"product_tag-fuoristrada-tenerife","10":"product_tag-quad-teide-it","11":"product_tag-quad-tenerife-it","13":"first","14":"instock","15":"virtual","16":"sold-individually","17":"taxable","18":"purchasable","19":"product-type-booking"},"booking_location":"","booking_location_type":"","booking_duration":1,"booking_duration_unit":"day","booking_buffer":0,"booking_cost":0,"booking_resources":[],"acf":[],"_links":{"self":[{"href":"https:\/\/tenerife-trips.com\/it\/wp-json\/wp\/v2\/product\/55889","targetHints":{"allow":["GET"]}}],"collection":[{"href":"https:\/\/tenerife-trips.com\/it\/wp-json\/wp\/v2\/product"}],"about":[{"href":"https:\/\/tenerife-trips.com\/it\/wp-json\/wp\/v2\/types\/product"}],"wp:featuredmedia":[{"embeddable":true,"href":"https:\/\/tenerife-trips.com\/it\/wp-json\/wp\/v2\/media\/134532"}],"wp:attachment":[{"href":"https:\/\/tenerife-trips.com\/it\/wp-json\/wp\/v2\/media?parent=55889"}],"wp:term":[{"taxonomy":"product_brand","embeddable":true,"href":"https:\/\/tenerife-trips.com\/it\/wp-json\/wp\/v2\/product_brand?post=55889"},{"taxonomy":"product_cat","embeddable":true,"href":"https:\/\/tenerife-trips.com\/it\/wp-json\/wp\/v2\/product_cat?post=55889"},{"taxonomy":"product_tag","embeddable":true,"href":"https:\/\/tenerife-trips.com\/it\/wp-json\/wp\/v2\/product_tag?post=55889"}],"curies":[{"name":"wp","href":"https:\/\/api.w.org\/{rel}","templated":true}]}}