{"id":57948,"date":"2018-04-06T16:04:42","date_gmt":"2018-04-06T15:04:42","guid":{"rendered":"https:\/\/tenerife-trips.com\/?post_type=product&#038;p=57948"},"modified":"2025-12-02T20:18:15","modified_gmt":"2025-12-02T20:18:15","slug":"tour-astronomico-sul-teide","status":"publish","type":"product","link":"https:\/\/tenerife-trips.com\/it\/product\/attivita-allaperto\/tour-astronomico-sul-teide\/","title":{"rendered":"TOUR ASTRONOMICO"},"content":{"rendered":"<div class=\"wpb-content-wrapper\"><p>[vc_row full_width=&#8221;stretch_row_content_no_spaces&#8221;][vc_column][vc_column_text css=&#8221;.vc_custom_1743420962464{background-color: #F6EB14 !important;background-position: center !important;background-repeat: no-repeat !important;background-size: cover !important;}&#8221; css_animation=&#8221;fadeIn&#8221;]<\/p>\n<h1 class=\"title-h2\" style=\"text-align: center;\"><span style=\"font-size: 18pt; color: #312c7a;\">TOUR ASTRONOMICO<\/span><\/h1>\n<p>[\/vc_column_text][\/vc_column][\/vc_row][vc_row][vc_column][vc_column_text]<\/p>\n<p style=\"text-align: center;\">Tour astronomico sul Teide, sapeva che Tenerife \u00e8 uno dei migliori posti al mondo per osservare le stelle? Dunque se vuole approfittarne questa escursione \u00e8 ci\u00f2 che st\u00e0 cercando.<\/p>\n<p style=\"text-align: center;\"><strong>\u21d3 Veda ulteriore descrizione di seguito \u21d3<\/strong><\/p>\n<p>[\/vc_column_text][\/vc_column][\/vc_row][vc_row full_width=&#8221;stretch_row_content&#8221; full_height=&#8221;yes&#8221; css=&#8221;.vc_custom_1576192123211{background-color: #312c7a !important;background-position: center !important;background-repeat: no-repeat !important;background-size: cover !important;}&#8221;][vc_column]<div class=\"gem-vimeo gem-wrapbox gem-wrapbox-style-no-style rounded-corners gem-wrapbox-position-below\" style=\"width: 100%;\"><div class=\"gem-wrapbox-inner gem-ratio-style\" style=\"padding-top: 56.25%\"><iframe webkitallowfullscreen=\"true\" mozallowfullscreen=\"true\" allowfullscreen=\"true\" class=\"gem-wrapbox-element img-responsive\" frameborder=\"0\" scrolling=\"no\" marginheight=\"0\" marginwidth=\"0\" src=\"\/\/player.vimeo.com\/video\/327029458?title=0&amp;byline=0&amp;portrait=0 \"><\/iframe><\/div><\/div>[vc_empty_space]<div class=\"preloader\"><div class=\"preloader-spin\"><\/div><\/div> <div id=\"gem-gallery-69f255419dfe4\" class=\"gem-gallery gem-gallery-hover-zooming-blur\"> <div class=\"gem-gallery-item\"> <div class=\"gem-gallery-item-image\"> <a href=\"https:\/\/tenerife-trips.com\/wp-content\/uploads\/2019\/12\/2-leg-1-thegem-gallery-sidebar.jpg\" data-fancybox-group=\"gallery-69f255419dfe4\" data-full-image-url=\"https:\/\/tenerife-trips.com\/wp-content\/uploads\/2019\/12\/2-leg-1.jpg\"> <svg width=\"20\" height=\"10\"><path d=\"M 0,10 Q 9,9 10,0 Q 11,9 20,10\" \/><\/svg> <img src=\"https:\/\/tenerife-trips.com\/wp-content\/uploads\/2019\/12\/2-leg-1-thegem-post-thumb-small.jpg\" alt=\"stargazing teide\" class=\"img-responsive\"> <span class=\"gem-gallery-caption slide-info\"> <\/span> <\/a> <span class=\"gem-gallery-line\"><\/span> <\/div> <\/div> <div class=\"gem-gallery-item\"> <div class=\"gem-gallery-item-image\"> <a href=\"https:\/\/tenerife-trips.com\/wp-content\/uploads\/2019\/12\/2-14-thegem-gallery-sidebar.jpg\" data-fancybox-group=\"gallery-69f255419dfe4\" data-full-image-url=\"https:\/\/tenerife-trips.com\/wp-content\/uploads\/2019\/12\/2-14.jpg\"> <svg width=\"20\" height=\"10\"><path d=\"M 0,10 Q 9,9 10,0 Q 11,9 20,10\" \/><\/svg> <img src=\"https:\/\/tenerife-trips.com\/wp-content\/uploads\/2019\/12\/2-14-thegem-post-thumb-small.jpg\" alt=\"\" class=\"img-responsive\"> <span class=\"gem-gallery-caption slide-info\"> <\/span> <\/a> <span class=\"gem-gallery-line\"><\/span> <\/div> <\/div> <div class=\"gem-gallery-item\"> <div class=\"gem-gallery-item-image\"> <a href=\"https:\/\/tenerife-trips.com\/wp-content\/uploads\/2019\/12\/leg-4-thegem-gallery-sidebar.jpg\" data-fancybox-group=\"gallery-69f255419dfe4\" data-full-image-url=\"https:\/\/tenerife-trips.com\/wp-content\/uploads\/2019\/12\/leg-4.jpg\"> <svg width=\"20\" height=\"10\"><path d=\"M 0,10 Q 9,9 10,0 Q 11,9 20,10\" \/><\/svg> <img src=\"https:\/\/tenerife-trips.com\/wp-content\/uploads\/2019\/12\/leg-4-thegem-post-thumb-small.jpg\" alt=\"stargazing teide\" class=\"img-responsive\"> <span class=\"gem-gallery-caption slide-info\"> <\/span> <\/a> <span class=\"gem-gallery-line\"><\/span> <\/div> <\/div> <div class=\"gem-gallery-item\"> <div class=\"gem-gallery-item-image\"> <a href=\"https:\/\/tenerife-trips.com\/wp-content\/uploads\/2018\/04\/5-thegem-gallery-sidebar.jpg\" data-fancybox-group=\"gallery-69f255419dfe4\" data-full-image-url=\"https:\/\/tenerife-trips.com\/wp-content\/uploads\/2018\/04\/5.jpg\"> <svg width=\"20\" height=\"10\"><path d=\"M 0,10 Q 9,9 10,0 Q 11,9 20,10\" \/><\/svg> <img src=\"https:\/\/tenerife-trips.com\/wp-content\/uploads\/2018\/04\/5-thegem-post-thumb-small.jpg\" alt=\"\" class=\"img-responsive\"> <span class=\"gem-gallery-caption slide-info\"> <\/span> <\/a> <span class=\"gem-gallery-line\"><\/span> <\/div> <\/div> <div class=\"gem-gallery-item\"> <div class=\"gem-gallery-item-image\"> <a href=\"https:\/\/tenerife-trips.com\/wp-content\/uploads\/2021\/05\/Sternenbeobachtung-Teneriffa-thegem-gallery-sidebar.jpg\" data-fancybox-group=\"gallery-69f255419dfe4\" data-full-image-url=\"https:\/\/tenerife-trips.com\/wp-content\/uploads\/2021\/05\/Sternenbeobachtung-Teneriffa.jpg\"> <svg width=\"20\" height=\"10\"><path d=\"M 0,10 Q 9,9 10,0 Q 11,9 20,10\" \/><\/svg> <img src=\"https:\/\/tenerife-trips.com\/wp-content\/uploads\/2021\/05\/Sternenbeobachtung-Teneriffa-thegem-post-thumb-small.jpg\" alt=\"Sternenbeobachtung Teneriffa\" class=\"img-responsive\"> <span class=\"gem-gallery-caption slide-info\"> <\/span> <\/a> <span class=\"gem-gallery-line\"><\/span> <\/div> <\/div> <div class=\"gem-gallery-item\"> <div class=\"gem-gallery-item-image\"> <a href=\"https:\/\/tenerife-trips.com\/wp-content\/uploads\/2019\/12\/3-leg-1-thegem-gallery-sidebar.jpg\" data-fancybox-group=\"gallery-69f255419dfe4\" data-full-image-url=\"https:\/\/tenerife-trips.com\/wp-content\/uploads\/2019\/12\/3-leg-1.jpg\"> <svg width=\"20\" height=\"10\"><path d=\"M 0,10 Q 9,9 10,0 Q 11,9 20,10\" \/><\/svg> <img src=\"https:\/\/tenerife-trips.com\/wp-content\/uploads\/2019\/12\/3-leg-1-thegem-post-thumb-small.jpg\" alt=\"tour astronomico sul Teide\" class=\"img-responsive\"> <span class=\"gem-gallery-caption slide-info\"> <\/span> <\/a> <span class=\"gem-gallery-line\"><\/span> <\/div> <\/div> <\/div>[vc_empty_space][\/vc_column][\/vc_row][vc_row full_width=&#8221;stretch_row&#8221; css=&#8221;.vc_custom_1577671222333{background-color: #312c7a !important;background-position: center !important;background-repeat: no-repeat !important;background-size: cover !important;}&#8221;][vc_column][vc_column_text]<\/p>\n<h3 style=\"text-align: center;\"><span style=\"color: #ffffff; font-size: 18pt;\">DESCRIZIONE<\/span><\/h3>\n<p>[\/vc_column_text][\/vc_column][\/vc_row][vc_row][vc_column][vc_tta_accordion style=&#8221;simple_solid&#8221; color=&#8221;blue&#8221; c_icon=&#8221;chevron&#8221; active_section=&#8221;-0&#8243; collapsible_all=&#8221;true&#8221;][vc_tta_section title=&#8221;SPIEGAZIONE ESCURSIONE&#8221; tab_id=&#8221;1577671091617-0af8eee0-94024eb4-3f25a886-c7ac&#8221;][vc_column_text css=&#8221;&#8221;]<span style=\"font-size: 14pt;\">Il tour astronomico sul Teide \u00e8 una delle escursioni pi\u00f9 popolari; sapeva che Tenerife \u00e8 uno dei posti migliori al mondo per osservare le stelle? Dunque se vuole approfittarne questa esperienza fa al caso suo!<\/span><\/p>\n<h3><span style=\"font-size: 12pt;\">prima di tutto veniamo a prenderla al suo alloggio se soggiorna a Tenerife sud, ovest o a Puerto de la Cruz (solo mercoled\u00ec e venerd\u00ec); l&#8217;orario di raccolta dipende dalla stagione. Le offriamo anche la possibilit\u00e0 di unirsi a noi venendo autonomamente con la sua auto, se preferisce. Il tour astronomico sul Teide include una sosta in un punto panoramico in montagna per farle ammirare un fantastico tramonto; mentre si gode questa vista spettacolare le offriamo un bicchiere di spumante e scattiamo alcune foto del gruppo. Durante l&#8217;escursione ceniamo anche in un ristorante locale dove potr\u00e0 gustare deliziosi cibi e bevande.<\/span><\/h3>\n<p>Quando fa buio andiamo verso il centro del <a href=\"https:\/\/www.google.com\/maps\/place\/Parque+Nacional+del+Teide\/@28.2538787,-16.6182682,15z\/data=!4m5!3m4!1s0x0:0x67633a63c20a292d!8m2!3d28.2538787!4d-16.6182682\" target=\"_blank\" rel=\"noopener\">Parco Nazionale<\/a>\u00a0 per iniziare il tour astronomico sul Teide; il cielo qui \u00e8 particolarmente scuro e limpido tutto l&#8217;anno, il che lo rende uno dei luoghi migliori del mondo per l&#8217;osservazione astronomica; questo \u00e8 dovuto al fatto che Tenerife \u00e8 lontana dall&#8217;inquinamento luminoso causato dalle grandi citt\u00e0 e aree urbane.<\/p>\n<h3><span style=\"font-size: 12pt;\">A QUESTO PUNTO IMPOSTIAMO I NOSTRI TELESCOPI PROFESSIONALI E CI PREPARIAMO AD OSSERVARE IL CIELO; LA NOSTRA GUIDA ESPERTA DEL TOUR ASTRONOMICO SUL TEIDE INIZIA A SPIEGARE E FORNIRE INFORMAZIONI INTERESSANTI RIGUARDO A STELLE, PIANETI, COSTELLAZIONI, GALASSIE E FENOMENI ASTRONOMICI; DURANTE LA SPIEGAZIONE UTILIZZA UN POTENTE LASER PER INDICARE GLI OGGETTI CELESTI DI CUI STA PARLANDO.<\/span><\/h3>\n<p><span style=\"font-size: 14pt;\">Se la luna \u00e8 visibile quella notte la osservi con il telescopio e si prepari allo stupore; non pu\u00f2 immaginare quanto si vedono bene i crateri sul nostro pianeta satellite; le consentiamo anche di scattare foto con il cellulare o la fotocamera attraverso gli obiettivi dei nostri dispositivi di osservazione.<\/span><\/p>\n<h3><span style=\"font-size: 12pt;\">Una delle cose pi\u00f9 interessanti che pu\u00f2 vedere durante il tour astronomico del Teide \u00e8 la Via Lattea; questa \u00e8 la galassia che contiene il nostro sistema solare e appare come una banda di luce a occhio nudo; la sua visibilit\u00e0 pu\u00f2 essere fortemente ridotta dall&#8217;inquinamento luminoso, quindi Tenerife \u00e8 un luogo perfetto per ammirarla.<\/span><\/h3>\n<p><span style=\"font-size: 14pt;\">Quando la spiegazione \u00e8 terminata e tutti hanno goduto appieno dell&#8217;esperienza, lasciamo il parco; ovviamente la lasciamo nello stesso posto in cui siamo venuti a prenderla.<\/span><\/p>\n<p><strong><span style=\"font-size: 14pt; color: #ff0000;\">Il prezzo del tour astronomico sul Teide dipende da diversi fattori; questi includono l&#8217;et\u00e0 dei partecipanti, la lingua parlata (offriamo il tour in inglese, spagnolo, tedesco, olandese e francese) e se il tour \u00e8 con cena o meno. Si prega di contattare il nostro servizio clienti tramite la chat dal vivo per informazioni dettagliate.<\/span><\/strong>[\/vc_column_text][\/vc_tta_section][vc_tta_section title=&#8221;ORARIO E TRASPORTO&#8221; tab_id=&#8221;1577671091666-736a5870-75e34eb4-3f25a886-c7ac&#8221;][vc_column_text]<span style=\"font-size: 14pt;\">Il servizio di trasporto \u00e8 disponibile dal sud, dall&#8217;ovest e da Puerto de la Cruz (solo mercoled\u00ec e venerd\u00ec); le consigliamo di mettersi in contatto con il nostro servizio clienti tramite la live chat e verificare in ogni caso la disponibilit\u00e0 dalla sua zona prima di prenotare.<\/span><\/p>\n<p><span style=\"text-decoration: underline;\"><span style=\"font-size: 14pt; color: #ff0000; text-decoration: underline;\">ORARIO:<\/span><\/span><\/p>\n<p><span style=\"font-size: 14pt;\">Si prega di verificare le date disponibili con il nostro servizio clienti.<\/span><\/p>\n<p><span style=\"font-size: 14pt;\"><strong>Guardi il video, si faccia un&#8217;idea di com&#8217;\u00e8 la escursione e prenoti subito!<\/strong><\/span>[\/vc_column_text][\/vc_tta_section][\/vc_tta_accordion][\/vc_column][\/vc_row][vc_row full_width=&#8221;stretch_row_content&#8221; css=&#8221;.vc_custom_1577476060002{background-color: #312c7a !important;background-position: center !important;background-repeat: no-repeat !important;background-size: cover !important;}&#8221;][vc_column][vc_column_text]<\/p>\n<h3 style=\"text-align: center;\"><strong><span style=\"font-size: 18pt; color: #ffffff;\">PRENOTA ORA<\/span><\/strong><\/h3>\n<p>[\/vc_column_text][\/vc_column][\/vc_row]<\/p>\n<\/div>","protected":false},"excerpt":{"rendered":"<p>[vc_row full_width=&#8221;stretch_row_content_no_spaces&#8221;][vc_column][vc_column_text css=&#8221;.vc_custom_1743420962464{background-color: #F6EB14 !important;background-position: center !important;background-repeat: no-repeat !important;background-size: cover !important;}&#8221; css_animation=&#8221;fadeIn&#8221;] TOUR ASTRONOMICO [\/vc_column_text][\/vc_column][\/vc_row][vc_row][vc_column][vc_column_text] Tour astronomico sul Teide, sapeva&#8230;<\/p>\n","protected":false},"featured_media":58374,"template":"","meta":{"_acf_changed":false,"_seopress_robots_primary_cat":"2301","_seopress_titles_title":"Tour astronomico guidato con telescopio nel parco nazionale Teide","_seopress_titles_desc":"Tour astronomico guidato sul Teide per osservare i corpi celesti con un telescopio professionale. Prenoti ora da una impresa italiana.","_seopress_robots_index":""},"product_brand":[],"product_cat":[2301],"product_tag":[2474,2473,2475,2476,2472],"class_list":{"0":"post-57948","1":"product","2":"type-product","3":"status-publish","4":"has-post-thumbnail","6":"product_cat-attivita-allaperto","7":"product_tag-osservare-stelle-teide","8":"product_tag-osservazione-stelle-tenerife","9":"product_tag-stargazing-teide-it","10":"product_tag-telescopio-teide","11":"product_tag-tour-astronomico-tenerife","13":"first","14":"instock","15":"virtual","16":"sold-individually","17":"purchasable","18":"product-type-booking"},"booking_location":"","booking_location_type":"","booking_duration":1,"booking_duration_unit":"day","booking_buffer":0,"booking_cost":0,"booking_resources":[],"acf":[],"_links":{"self":[{"href":"https:\/\/tenerife-trips.com\/it\/wp-json\/wp\/v2\/product\/57948","targetHints":{"allow":["GET"]}}],"collection":[{"href":"https:\/\/tenerife-trips.com\/it\/wp-json\/wp\/v2\/product"}],"about":[{"href":"https:\/\/tenerife-trips.com\/it\/wp-json\/wp\/v2\/types\/product"}],"wp:featuredmedia":[{"embeddable":true,"href":"https:\/\/tenerife-trips.com\/it\/wp-json\/wp\/v2\/media\/58374"}],"wp:attachment":[{"href":"https:\/\/tenerife-trips.com\/it\/wp-json\/wp\/v2\/media?parent=57948"}],"wp:term":[{"taxonomy":"product_brand","embeddable":true,"href":"https:\/\/tenerife-trips.com\/it\/wp-json\/wp\/v2\/product_brand?post=57948"},{"taxonomy":"product_cat","embeddable":true,"href":"https:\/\/tenerife-trips.com\/it\/wp-json\/wp\/v2\/product_cat?post=57948"},{"taxonomy":"product_tag","embeddable":true,"href":"https:\/\/tenerife-trips.com\/it\/wp-json\/wp\/v2\/product_tag?post=57948"}],"curies":[{"name":"wp","href":"https:\/\/api.w.org\/{rel}","templated":true}]}}