{"id":58605,"date":"2018-04-18T16:24:24","date_gmt":"2018-04-18T15:24:24","guid":{"rendered":"https:\/\/tenerife-trips.com\/?post_type=product&#038;p=58605"},"modified":"2026-01-03T13:10:50","modified_gmt":"2026-01-03T13:10:50","slug":"castello-san-miguel-tenerife","status":"publish","type":"product","link":"https:\/\/tenerife-trips.com\/it\/product\/spettacoli\/castello-san-miguel-tenerife\/","title":{"rendered":"AVVENTURA MEDIEVALE"},"content":{"rendered":"<div class=\"wpb-content-wrapper\"><p>[vc_row full_width=&#8221;stretch_row_content_no_spaces&#8221;][vc_column][vc_column_text css=&#8221;.vc_custom_1743419762496{background-color: #F6EB14 !important;background-position: center !important;background-repeat: no-repeat !important;background-size: cover !important;}&#8221; css_animation=&#8221;fadeIn&#8221;]<\/p>\n<h1 class=\"title-h2\" style=\"text-align: center;\"><span style=\"font-size: 18pt; color: #312c7a;\">AVVENTURA MEDIEVALE<\/span><\/h1>\n<p>[\/vc_column_text][\/vc_column][\/vc_row][vc_row][vc_column][vc_column_text]<\/p>\n<p style=\"text-align: center;\"><span style=\"font-size: 14pt;\">Nel Castello San Miguel Tenerife ha luogo l&#8217;Avventura Medievale, uno dei migliori spettacoli di intrattenimento dell&#8217;isola; l&#8217;edificio \u00e8 un castello medievale di recente costruzione di circa seimila metri quadrati; questo si trova nella zona di <a href=\"https:\/\/www.google.com\/maps\/place\/38628+Aldea+Blanca,+Santa+Cruz+de+Tenerife\/data=!4m2!3m1!1s0xc6a9ed5aa3579b7:0xd63b0a7c45165c03?sa=X&amp;ved=2ahUKEwiN3vmen9ToAhUJlhQKHYQOCPIQ8gEwFHoECBcQBA\" target=\"_blank\" rel=\"noopener\">Aldea Blanca<\/a> nel sud e pu\u00f2 ospitare poco pi\u00f9 di mille spettatori.<\/span><\/p>\n<p style=\"text-align: center;\"><span style=\"font-size: 14pt;\"><strong>\u21d3 Veda ulteriore descrizione di seguito \u21d3<\/strong><\/span><\/p>\n<p>[\/vc_column_text][\/vc_column][\/vc_row][vc_row full_width=&#8221;stretch_row_content&#8221; full_height=&#8221;yes&#8221; css=&#8221;.vc_custom_1576192123211{background-color: #312c7a !important;background-position: center !important;background-repeat: no-repeat !important;background-size: cover !important;}&#8221;][vc_column]<div class=\"gem-vimeo gem-wrapbox gem-wrapbox-style-no-style rounded-corners gem-wrapbox-position-below\" style=\"width: 100%;\"><div class=\"gem-wrapbox-inner gem-ratio-style\" style=\"padding-top: 56.25%\"><iframe webkitallowfullscreen=\"true\" mozallowfullscreen=\"true\" allowfullscreen=\"true\" class=\"gem-wrapbox-element img-responsive\" frameborder=\"0\" scrolling=\"no\" marginheight=\"0\" marginwidth=\"0\" src=\"\/\/player.vimeo.com\/video\/326334928?title=0&amp;byline=0&amp;portrait=0 \"><\/iframe><\/div><\/div>[vc_empty_space]<div class=\"preloader\"><div class=\"preloader-spin\"><\/div><\/div> <div id=\"gem-gallery-69ea113c65d5d\" class=\"gem-gallery gem-gallery-hover-zooming-blur\"> <div class=\"gem-gallery-item\"> <div class=\"gem-gallery-item-image\"> <a href=\"https:\/\/tenerife-trips.com\/wp-content\/uploads\/2019\/12\/2-6-thegem-gallery-sidebar.jpg\" data-fancybox-group=\"gallery-69ea113c65d5d\" data-full-image-url=\"https:\/\/tenerife-trips.com\/wp-content\/uploads\/2019\/12\/2-6.jpg\"> <svg width=\"20\" height=\"10\"><path d=\"M 0,10 Q 9,9 10,0 Q 11,9 20,10\" \/><\/svg> <img src=\"https:\/\/tenerife-trips.com\/wp-content\/uploads\/2019\/12\/2-6-thegem-post-thumb-small.jpg\" alt=\"Castillo San Miguel Tenerife\" class=\"img-responsive\"> <span class=\"gem-gallery-caption slide-info\"> <\/span> <\/a> <span class=\"gem-gallery-line\"><\/span> <\/div> <\/div> <div class=\"gem-gallery-item\"> <div class=\"gem-gallery-item-image\"> <a href=\"https:\/\/tenerife-trips.com\/wp-content\/uploads\/2019\/12\/3-5-thegem-gallery-sidebar.jpg\" data-fancybox-group=\"gallery-69ea113c65d5d\" data-full-image-url=\"https:\/\/tenerife-trips.com\/wp-content\/uploads\/2019\/12\/3-5.jpg\"> <svg width=\"20\" height=\"10\"><path d=\"M 0,10 Q 9,9 10,0 Q 11,9 20,10\" \/><\/svg> <img src=\"https:\/\/tenerife-trips.com\/wp-content\/uploads\/2019\/12\/3-5-thegem-post-thumb-small.jpg\" alt=\"Castillo San Miguel Tenerife\" class=\"img-responsive\"> <span class=\"gem-gallery-caption slide-info\"> <\/span> <\/a> <span class=\"gem-gallery-line\"><\/span> <\/div> <\/div> <div class=\"gem-gallery-item\"> <div class=\"gem-gallery-item-image\"> <a href=\"https:\/\/tenerife-trips.com\/wp-content\/uploads\/2019\/12\/5-4-thegem-gallery-sidebar.jpg\" data-fancybox-group=\"gallery-69ea113c65d5d\" data-full-image-url=\"https:\/\/tenerife-trips.com\/wp-content\/uploads\/2019\/12\/5-4.jpg\"> <svg width=\"20\" height=\"10\"><path d=\"M 0,10 Q 9,9 10,0 Q 11,9 20,10\" \/><\/svg> <img src=\"https:\/\/tenerife-trips.com\/wp-content\/uploads\/2019\/12\/5-4-thegem-post-thumb-small.jpg\" alt=\"medieval adventure Tenerife\" class=\"img-responsive\"> <span class=\"gem-gallery-caption slide-info\"> <\/span> <\/a> <span class=\"gem-gallery-line\"><\/span> <\/div> <\/div> <div class=\"gem-gallery-item\"> <div class=\"gem-gallery-item-image\"> <a href=\"https:\/\/tenerife-trips.com\/wp-content\/uploads\/2019\/12\/6-2-thegem-gallery-sidebar.jpg\" data-fancybox-group=\"gallery-69ea113c65d5d\" data-full-image-url=\"https:\/\/tenerife-trips.com\/wp-content\/uploads\/2019\/12\/6-2.jpg\"> <svg width=\"20\" height=\"10\"><path d=\"M 0,10 Q 9,9 10,0 Q 11,9 20,10\" \/><\/svg> <img src=\"https:\/\/tenerife-trips.com\/wp-content\/uploads\/2019\/12\/6-2-thegem-post-thumb-small.jpg\" alt=\"Castello San Miguel Tenerife\" class=\"img-responsive\"> <span class=\"gem-gallery-caption slide-info\"> <\/span> <\/a> <span class=\"gem-gallery-line\"><\/span> <\/div> <\/div> <div class=\"gem-gallery-item\"> <div class=\"gem-gallery-item-image\"> <a href=\"https:\/\/tenerife-trips.com\/wp-content\/uploads\/2018\/04\/4-thegem-gallery-sidebar.jpg\" data-fancybox-group=\"gallery-69ea113c65d5d\" data-full-image-url=\"https:\/\/tenerife-trips.com\/wp-content\/uploads\/2018\/04\/4.jpg\"> <svg width=\"20\" height=\"10\"><path d=\"M 0,10 Q 9,9 10,0 Q 11,9 20,10\" \/><\/svg> <img src=\"https:\/\/tenerife-trips.com\/wp-content\/uploads\/2018\/04\/4-thegem-post-thumb-small.jpg\" alt=\"\" class=\"img-responsive\"> <span class=\"gem-gallery-caption slide-info\"> <\/span> <\/a> <span class=\"gem-gallery-line\"><\/span> <\/div> <\/div> <div class=\"gem-gallery-item\"> <div class=\"gem-gallery-item-image\"> <a href=\"https:\/\/tenerife-trips.com\/wp-content\/uploads\/2019\/12\/1-6-thegem-gallery-sidebar.jpg\" data-fancybox-group=\"gallery-69ea113c65d5d\" data-full-image-url=\"https:\/\/tenerife-trips.com\/wp-content\/uploads\/2019\/12\/1-6.jpg\"> <svg width=\"20\" height=\"10\"><path d=\"M 0,10 Q 9,9 10,0 Q 11,9 20,10\" \/><\/svg> <img src=\"https:\/\/tenerife-trips.com\/wp-content\/uploads\/2019\/12\/1-6-thegem-post-thumb-small.jpg\" alt=\"castello San Miguel Tenerife\" class=\"img-responsive\"> <span class=\"gem-gallery-caption slide-info\"> <\/span> <\/a> <span class=\"gem-gallery-line\"><\/span> <\/div> <\/div> <\/div>[vc_empty_space][\/vc_column][\/vc_row][vc_row full_width=&#8221;stretch_row&#8221; css=&#8221;.vc_custom_1600440541168{background-color: #312c7a !important;background-position: center !important;background-repeat: no-repeat !important;background-size: cover !important;}&#8221;][vc_column][vc_column_text]<\/p>\n<h3 style=\"text-align: center;\"><span style=\"color: #ffffff;\"><span style=\"font-size: 18pt;\">DESCRIZIONE<\/span><\/span><\/h3>\n<p>[\/vc_column_text][\/vc_column][\/vc_row][vc_row][vc_column][vc_tta_accordion style=&#8221;simple_solid&#8221; color=&#8221;blue&#8221; c_icon=&#8221;chevron&#8221; active_section=&#8221;-0&#8243; collapsible_all=&#8221;true&#8221;][vc_tta_section title=&#8221;DESCRIZIONE SPETTACOLO&#8221; tab_id=&#8221;1577671091617-0af8eee0-94023309-cd31a07d-1bf1&#8243;][vc_column_text css=&#8221;&#8221;]<span style=\"font-size: 14pt;\">All&#8217;interno del Castello San Miguel Tenerife ha luogo l&#8217;Avventura Medievale, uno dei migliori spettacoli di intrattenimento dell&#8217;isola!<\/span><\/p>\n<h3><span style=\"font-size: 12pt;\">Il Castello San Miguel Tenerife \u00e8 un edificio medievale di recente costruzione di circa seimila metri quadrati; la struttura pu\u00f2 ospitare poco pi\u00f9 di mille spettatori e al suo interno troviamo una sala principale dove si svolge il torneo.<\/span><\/h3>\n<p><span style=\"font-size: 14pt;\">Innanzitutto separiamo il pubblico in due gruppi rivali, seduti su tribune posizionate accanto all&#8217;arena una di fronte all&#8217;altro; successivamente incoraggiamo la folla ad incitare e fare rumore, supportando la propria squadra di cavalieri.<\/span><\/p>\n<h3><span style=\"font-size: 12pt;\">Presto l&#8217;Avventura Medievale inizia ed i cavalieri entrano nell\u2019arena del Castello San Miguel Tenerife; cominciano a mostrare la loro abilit\u00e0 e maestria ad andare a cavallo; nel frattempo serviamo un banchetto medievale alle persone che hanno prenotano l&#8217;opzione con cena inclusa.<\/span><\/h3>\n<p><span style=\"font-size: 14pt;\">Il men\u00f9 prevede una crema di verdura di stagione con scaglie di formaggio, petto di pollo con carote, patate al forno e salsa di funghi; come dessert ricever\u00e0 una crostata gelato con sciroppo di cioccolato. Pu\u00f2 anche scegliere un pasto vegetariano (crema di verdure di stagione con scaglie di formaggio, lasagna o hamburger vegetariani, gelato e frutta) o un pasto vegano (insalata biologica, crema di verdura e frutta). Inoltre offriamo bevande come vino rosso o bianco, acqua e succo d&#8217;arancia, quanto ne vuole!<\/span><\/p>\n<p><span style=\"font-size: 14pt;\">Durante lo spettacolo nel Castello San Miguel Tenerife gli attori si impegnano in combattimenti con la spada; i cavalieri centrano gli anelli con le loro lance e un nano intrattiene il pubblico sputando fuoco; inoltre un&#8217;aquila vola sull&#8217;arena da una parte all&#8217;altra. La folla partecipa attivamente allo spettacolo; viene coinvolta nell&#8217;interazione con i propri cavalieri che le chiedono supporto; alla fine ci saranno vincitori e perdenti, forse sar\u00e0 dalla parte giusta !?<\/span><\/p>\n<p><strong><span style=\"color: #ff0000;\">\u00c8 possibile acquistare una opzione VIP con la quale avrete i posti a sedere nella prima o seconda fila ed anche un bicchiere di spumante.<\/span><\/strong><\/p>\n<p><span style=\"font-size: 14pt;\">Il <span style=\"color: #ff0000;\">servizio di trasporto<\/span> \u00e8 disponibile da sud, ovest e nord (Puerto de la Cruz, Santa Cruz e La Laguna) <span class=\"jCAhz ChMk0b\"><span class=\"ryNqvb\">a un <span style=\"color: #ff0000;\">costo aggiuntivo di 15\u20ac per adulto dai 14 anni e 10\u20ac per bambino da 1 a 13 anni<\/span>.<\/span><\/span> <span class=\"jCAhz ChMk0b\"><span class=\"ryNqvb\">I bambini di et\u00e0 inferiore a 1 anno possono sedersi in grembo ai genitori e sono gratuiti.<\/span><\/span> <span class=\"jCAhz ChMk0b\"><span class=\"ryNqvb\">Il prezzo del trasporto verr\u00e0 <span style=\"color: #ff0000;\">pagato direttamente al castello<\/span> una volta arrivati.<\/span><\/span> Le consigliamo di mettersi in contatto con noi e verificare la disponibilit\u00e0 del trasporto e l&#8217;orario di raccolta dalla sua zona prima di prenotare.<\/span>[\/vc_column_text][\/vc_tta_section][vc_tta_section title=&#8221;ORARIO E TRASPORTO&#8221; tab_id=&#8221;1577671091666-736a5870-75e33309-cd31a07d-1bf1&#8243;][vc_column_text css=&#8221;&#8221;]<span style=\"font-size: 14pt;\">Il <span style=\"color: #ff0000;\">servizio di trasporto<\/span> \u00e8 disponibile da sud, ovest e nord (Puerto de la Cruz, Santa Cruz e La Laguna) <span class=\"jCAhz ChMk0b\"><span class=\"ryNqvb\">a un <span style=\"color: #ff0000;\">costo aggiuntivo di 15\u20ac per adulto dai 14 anni e 10\u20ac per bambino da 1 a 13 anni<\/span>.<\/span><\/span> <span class=\"jCAhz ChMk0b\"><span class=\"ryNqvb\">I bambini di et\u00e0 inferiore a 1 anno possono sedersi in grembo ai genitori e sono gratuiti.<\/span><\/span> <span class=\"jCAhz ChMk0b\"><span class=\"ryNqvb\">Il prezzo del trasporto verr\u00e0 <span style=\"color: #ff0000;\">pagato direttamente al castello<\/span> una volta arrivati.<\/span><\/span> Le consigliamo di mettersi in contatto con noi e verificare la disponibilit\u00e0 del trasporto e l&#8217;orario di raccolta dalla sua zona prima di prenotare.<\/span><\/p>\n<p><span style=\"font-size: 14pt;\">La raccolta\u00a0da Puerto de la Cruz e Los Gigantes \u00e8 disponibile solo il sabato.<\/span><\/p>\n<p><span style=\"text-decoration: underline; font-size: 14pt;\"><span style=\"color: #ff0000; text-decoration: underline;\">PROGRAMMA:<\/span><\/span><\/p>\n<p><span style=\"font-size: 14pt;\">Tutti i marted\u00ec, gioved\u00ec e sabato.<\/span><\/p>\n<p><span style=\"font-size: 14pt;\">Lo spettacolo inizia alle 19:30 e termina intorno alle 21:15.<\/span><\/p>\n<p><span style=\"font-size: 14pt;\"><strong>Guardi il video, si faccia un&#8217;idea di com&#8217;\u00e8 lo spettacolo e prenoti ora!<\/strong><\/span>[\/vc_column_text][\/vc_tta_section][\/vc_tta_accordion][\/vc_column][\/vc_row][vc_row full_width=&#8221;stretch_row_content&#8221; css=&#8221;.vc_custom_1600440567940{background-color: #312c7a !important;background-position: center !important;background-repeat: no-repeat !important;background-size: cover !important;}&#8221;][vc_column][vc_column_text]<\/p>\n<h3 style=\"text-align: center;\"><span style=\"color: #ffffff;\"><strong><span style=\"font-size: 18pt;\">PRENOTA ORA<\/span><\/strong><\/span><\/h3>\n<p>[\/vc_column_text][\/vc_column][\/vc_row]<\/p>\n<\/div>","protected":false},"excerpt":{"rendered":"<p>[vc_row full_width=&#8221;stretch_row_content_no_spaces&#8221;][vc_column][vc_column_text css=&#8221;.vc_custom_1743419762496{background-color: #F6EB14 !important;background-position: center !important;background-repeat: no-repeat !important;background-size: cover !important;}&#8221; css_animation=&#8221;fadeIn&#8221;] AVVENTURA MEDIEVALE [\/vc_column_text][\/vc_column][\/vc_row][vc_row][vc_column][vc_column_text] Nel Castello San Miguel Tenerife&#8230;<\/p>\n","protected":false},"featured_media":65010,"template":"","meta":{"_acf_changed":false,"_seopress_robots_primary_cat":"2302","_seopress_titles_title":"Castello San Miguel Tenerife, un fantastico spettacolo medievale","_seopress_titles_desc":"Nel Castello San Miguel Tenerife ha luogo uno dei migliori spettacoli del''isola, l'Avventura Medievale. Prenoti ora i suoi biglietti online.","_seopress_robots_index":""},"product_brand":[],"product_cat":[2302],"product_tag":[2487,2485,2488,2489,2486],"class_list":{"0":"post-58605","1":"product","2":"type-product","3":"status-publish","4":"has-post-thumbnail","6":"product_cat-spettacoli","7":"product_tag-avventura-medievale-tenerife","8":"product_tag-castello-san-miguel-tenerife","9":"product_tag-intrattenimento-tenerife","10":"product_tag-shows-tenerife-it","11":"product_tag-spettacolo-medievale-tenerife","13":"first","14":"instock","15":"virtual","16":"sold-individually","17":"taxable","18":"purchasable","19":"product-type-booking"},"booking_location":"","booking_location_type":"","booking_duration":1,"booking_duration_unit":"day","booking_buffer":0,"booking_cost":0,"booking_resources":[],"acf":[],"_links":{"self":[{"href":"https:\/\/tenerife-trips.com\/it\/wp-json\/wp\/v2\/product\/58605","targetHints":{"allow":["GET"]}}],"collection":[{"href":"https:\/\/tenerife-trips.com\/it\/wp-json\/wp\/v2\/product"}],"about":[{"href":"https:\/\/tenerife-trips.com\/it\/wp-json\/wp\/v2\/types\/product"}],"wp:featuredmedia":[{"embeddable":true,"href":"https:\/\/tenerife-trips.com\/it\/wp-json\/wp\/v2\/media\/65010"}],"wp:attachment":[{"href":"https:\/\/tenerife-trips.com\/it\/wp-json\/wp\/v2\/media?parent=58605"}],"wp:term":[{"taxonomy":"product_brand","embeddable":true,"href":"https:\/\/tenerife-trips.com\/it\/wp-json\/wp\/v2\/product_brand?post=58605"},{"taxonomy":"product_cat","embeddable":true,"href":"https:\/\/tenerife-trips.com\/it\/wp-json\/wp\/v2\/product_cat?post=58605"},{"taxonomy":"product_tag","embeddable":true,"href":"https:\/\/tenerife-trips.com\/it\/wp-json\/wp\/v2\/product_tag?post=58605"}],"curies":[{"name":"wp","href":"https:\/\/api.w.org\/{rel}","templated":true}]}}