{"id":58766,"date":"2018-01-21T11:50:47","date_gmt":"2018-01-21T11:50:47","guid":{"rendered":"https:\/\/tenerife-trips.com\/?post_type=product&#038;p=58766"},"modified":"2026-04-04T11:22:12","modified_gmt":"2026-04-04T10:22:12","slug":"spettacolo-mht","status":"publish","type":"product","link":"https:\/\/tenerife-trips.com\/it\/product\/spettacoli\/spettacolo-mht\/","title":{"rendered":"MHT"},"content":{"rendered":"<div class=\"wpb-content-wrapper\"><p>[vc_row full_width=&#8221;stretch_row_content_no_spaces&#8221;][vc_column][vc_column_text css=&#8221;.vc_custom_1743423226890{background-color: #F6EB14 !important;background-position: center !important;background-repeat: no-repeat !important;background-size: cover !important;}&#8221; css_animation=&#8221;fadeIn&#8221;]<\/p>\n<h1 class=\"title-h2\" style=\"text-align: center;\"><span style=\"font-size: 18pt; color: #312c7a;\">MHT<\/span><\/h1>\n<p>[\/vc_column_text][\/vc_column][\/vc_row][vc_row][vc_column][vc_column_text]<\/p>\n<p style=\"text-align: center;\">Lo spettacolo MHT \u00e8 un famoso show comico di <a href=\"https:\/\/it.wikipedia.org\/wiki\/Drag_queen\">Drag Queen<\/a> che include la cena; una meravigliosa notte di costumi scintillanti e risate; un cast di personaggi di alta qualit\u00e0 che ballano e cantano tutta la notte! Una sensazionale variet\u00e0 di colori e luci, adatta ad ogni tipo di persona e famiglia.<\/p>\n<p style=\"text-align: center;\"><strong>\u21d3 Veda ulteriore descrizione di seguito \u21d3<\/strong><\/p>\n<p>[\/vc_column_text][\/vc_column][\/vc_row][vc_row full_width=&#8221;stretch_row_content&#8221; full_height=&#8221;yes&#8221; css=&#8221;.vc_custom_1576192123211{background-color: #312c7a !important;background-position: center !important;background-repeat: no-repeat !important;background-size: cover !important;}&#8221;][vc_column]<div class=\"gem-vimeo gem-wrapbox gem-wrapbox-style-no-style rounded-corners gem-wrapbox-position-below\" style=\"width: 100%;\"><div class=\"gem-wrapbox-inner gem-ratio-style\" style=\"padding-top: 56.25%\"><iframe webkitallowfullscreen=\"true\" mozallowfullscreen=\"true\" allowfullscreen=\"true\" class=\"gem-wrapbox-element img-responsive\" frameborder=\"0\" scrolling=\"no\" marginheight=\"0\" marginwidth=\"0\" src=\"\/\/player.vimeo.com\/video\/326036320?title=0&amp;byline=0&amp;portrait=0 \"><\/iframe><\/div><\/div>[vc_empty_space]<div class=\"preloader\"><div class=\"preloader-spin\"><\/div><\/div> <div id=\"gem-gallery-69e376d9b1676\" class=\"gem-gallery gem-gallery-hover-zooming-blur\"> <div class=\"gem-gallery-item\"> <div class=\"gem-gallery-item-image\"> <a href=\"https:\/\/tenerife-trips.com\/wp-content\/uploads\/2019\/12\/MHT-thegem-gallery-sidebar.jpg\" data-fancybox-group=\"gallery-69e376d9b1676\" data-full-image-url=\"https:\/\/tenerife-trips.com\/wp-content\/uploads\/2019\/12\/MHT.jpg\"> <svg width=\"20\" height=\"10\"><path d=\"M 0,10 Q 9,9 10,0 Q 11,9 20,10\" \/><\/svg> <img src=\"https:\/\/tenerife-trips.com\/wp-content\/uploads\/2019\/12\/MHT-thegem-post-thumb-small.jpg\" alt=\"\" class=\"img-responsive\"> <span class=\"gem-gallery-caption slide-info\"> <\/span> <\/a> <span class=\"gem-gallery-line\"><\/span> <\/div> <\/div> <div class=\"gem-gallery-item\"> <div class=\"gem-gallery-item-image\"> <a href=\"https:\/\/tenerife-trips.com\/wp-content\/uploads\/2018\/01\/shows-Tenerife-thegem-gallery-sidebar.jpg\" data-fancybox-group=\"gallery-69e376d9b1676\" data-full-image-url=\"https:\/\/tenerife-trips.com\/wp-content\/uploads\/2018\/01\/shows-Tenerife.jpg\"> <svg width=\"20\" height=\"10\"><path d=\"M 0,10 Q 9,9 10,0 Q 11,9 20,10\" \/><\/svg> <img src=\"https:\/\/tenerife-trips.com\/wp-content\/uploads\/2018\/01\/shows-Tenerife-thegem-post-thumb-small.jpg\" alt=\"\" class=\"img-responsive\"> <span class=\"gem-gallery-caption slide-info\"> <\/span> <\/a> <span class=\"gem-gallery-line\"><\/span> <\/div> <\/div> <div class=\"gem-gallery-item\"> <div class=\"gem-gallery-item-image\"> <a href=\"https:\/\/tenerife-trips.com\/wp-content\/uploads\/2019\/12\/show-Tenerife-thegem-gallery-sidebar.jpg\" data-fancybox-group=\"gallery-69e376d9b1676\" data-full-image-url=\"https:\/\/tenerife-trips.com\/wp-content\/uploads\/2019\/12\/show-Tenerife.jpg\"> <svg width=\"20\" height=\"10\"><path d=\"M 0,10 Q 9,9 10,0 Q 11,9 20,10\" \/><\/svg> <img src=\"https:\/\/tenerife-trips.com\/wp-content\/uploads\/2019\/12\/show-Tenerife-thegem-post-thumb-small.jpg\" alt=\"show Tenerife\" class=\"img-responsive\"> <span class=\"gem-gallery-caption slide-info\"> <\/span> <\/a> <span class=\"gem-gallery-line\"><\/span> <\/div> <\/div> <div class=\"gem-gallery-item\"> <div class=\"gem-gallery-item-image\"> <a href=\"https:\/\/tenerife-trips.com\/wp-content\/uploads\/2019\/12\/MHT-Teneryfa-thegem-gallery-sidebar.jpg\" data-fancybox-group=\"gallery-69e376d9b1676\" data-full-image-url=\"https:\/\/tenerife-trips.com\/wp-content\/uploads\/2019\/12\/MHT-Teneryfa.jpg\"> <svg width=\"20\" height=\"10\"><path d=\"M 0,10 Q 9,9 10,0 Q 11,9 20,10\" \/><\/svg> <img src=\"https:\/\/tenerife-trips.com\/wp-content\/uploads\/2019\/12\/MHT-Teneryfa-thegem-post-thumb-small.jpg\" alt=\"MHT Teneryfa\" class=\"img-responsive\"> <span class=\"gem-gallery-caption slide-info\"> <\/span> <\/a> <span class=\"gem-gallery-line\"><\/span> <\/div> <\/div> <div class=\"gem-gallery-item\"> <div class=\"gem-gallery-item-image\"> <a href=\"https:\/\/tenerife-trips.com\/wp-content\/uploads\/2019\/12\/MHT-2-thegem-gallery-sidebar.png\" data-fancybox-group=\"gallery-69e376d9b1676\" data-full-image-url=\"https:\/\/tenerife-trips.com\/wp-content\/uploads\/2019\/12\/MHT-2.png\"> <svg width=\"20\" height=\"10\"><path d=\"M 0,10 Q 9,9 10,0 Q 11,9 20,10\" \/><\/svg> <img src=\"https:\/\/tenerife-trips.com\/wp-content\/uploads\/2019\/12\/MHT-2-thegem-post-thumb-small.png\" alt=\"\" class=\"img-responsive\"> <span class=\"gem-gallery-caption slide-info\"> <\/span> <\/a> <span class=\"gem-gallery-line\"><\/span> <\/div> <\/div> <div class=\"gem-gallery-item\"> <div class=\"gem-gallery-item-image\"> <a href=\"https:\/\/tenerife-trips.com\/wp-content\/uploads\/2019\/12\/MHT-thegem-gallery-sidebar.png\" data-fancybox-group=\"gallery-69e376d9b1676\" data-full-image-url=\"https:\/\/tenerife-trips.com\/wp-content\/uploads\/2019\/12\/MHT.png\"> <svg width=\"20\" height=\"10\"><path d=\"M 0,10 Q 9,9 10,0 Q 11,9 20,10\" \/><\/svg> <img src=\"https:\/\/tenerife-trips.com\/wp-content\/uploads\/2019\/12\/MHT-thegem-post-thumb-small.png\" alt=\"\" class=\"img-responsive\"> <span class=\"gem-gallery-caption slide-info\"> <\/span> <\/a> <span class=\"gem-gallery-line\"><\/span> <\/div> <\/div> <\/div>[vc_empty_space][\/vc_column][\/vc_row][vc_row full_width=&#8221;stretch_row&#8221; css=&#8221;.vc_custom_1577671222333{background-color: #312c7a !important;background-position: center !important;background-repeat: no-repeat !important;background-size: cover !important;}&#8221;][vc_column][vc_column_text]<\/p>\n<h3 style=\"text-align: center;\"><span style=\"color: #ffffff; font-size: 18pt;\">DESCRIZIONE<\/span><\/h3>\n<p>[\/vc_column_text][\/vc_column][\/vc_row][vc_row][vc_column][vc_tta_accordion style=&#8221;simple_solid&#8221; color=&#8221;blue&#8221; c_icon=&#8221;chevron&#8221; active_section=&#8221;-0&#8243; collapsible_all=&#8221;true&#8221;][vc_tta_section title=&#8221;SPIEGAZIONE SPETTACOLO&#8221; tab_id=&#8221;1577671091617-0af8eee0-9402d222-f0401322-8b3b5d9d-238a&#8221;][vc_column_text css=&#8221;&#8221;]<\/p>\n<div class=\"tlid-results-container results-container\">\n<div class=\"tlid-result result-dict-wrapper\">\n<div class=\"result tlid-copy-target\">\n<div class=\"text-wrap tlid-copy-target\">\n<div class=\"result-shield-container tlid-copy-target\" tabindex=\"0\"><\/div>\n<\/div>\n<\/div>\n<div tabindex=\"0\">\n<p>Lo spettacolo MHT presenta un cast di personaggi di alta qualit\u00e0 che ballano e cantano tutta la notte! Nel frattempo offre una sensazionale variet\u00e0 di colori e luci.<\/p>\n<h3><span style=\"font-size: 12pt;\">Tenerife non \u00e8 certamente solo un posto dove stare in spiaggia a prendere il sole; l&#8217;offerta di intrattenimento \u00e8 molto buona e ci sono vari show che pu\u00f2 vedere durante la sua permanenza sull\u2019isola; particolarmente consigliato \u00e8 \u00a0lo spettacolo MHT, un evento perfetto da condividere con il partner, la famiglia o gli amici, per rilassarsi e farsi qualche risata.<\/span><\/h3>\n<p>Per chi non lo sa, una Drag Queen \u00e8 semplicemente un uomo che si veste da donna per intrattenere; la femminilit\u00e0 viene estremizzata nel modo di recitare ed il trucco \u00e8 esagerato. Per riassumere i personaggi dello show cantano e recitano; inoltre interagiscono con il pubblico, rendendo la notte molto divertente e piacevole; la lingua parlata \u00e8 l&#8217;inglese in modo che la performance possa raggiungere un grande pubblico.<\/p>\n<h3><span style=\"font-size: 12pt;\">Durante lo spettacolo MHT le persone possono gustarsi una deliziosa cena inclusa nel prezzo.\u00a0<\/span><\/h3>\n<p><strong><span style=\"text-decoration: underline;\">MENU CENA:<\/span><\/strong><br \/>\n<em><strong>Antipasto:<\/strong><\/em> zuppa di verdure di stagione fatta in casa<br \/>\n<em><strong>Piatto principale:<\/strong><\/em> arrosto di tacchino servito con pur\u00e8 di patate, verdure di stagione, patate arrosto, budino dello Yorkshire e salsa oppure hamburger vegetariano di fagioli misti impanati (il piatto principale per i bambini \u00e8 costituito da crocchette di pollo, a meno che non venga richiesta una cena a base di tacchino arrosto)<br \/>\n<em><strong>Dessert:<\/strong><\/em> gelato Viennetta<\/p>\n<p><b><strong>Altre informazioni importanti<\/strong><\/b><\/p>\n<p>Siamo un drag show comico adatto alle famiglie. La lingua del cast di MHT \u00e8 l&#8217;inglese.<\/p>\n<p>Dovete portare il biglietto di entrata.<\/p>\n<p>Fateci sapere se volete un pasto vegetariano o avete altre esigenze dietetiche\/allergie.<\/p>\n<\/div>\n<\/div>\n<\/div>\n<p>[\/vc_column_text][\/vc_tta_section][vc_tta_section title=&#8221;ORARIO E TRASPORTO&#8221; tab_id=&#8221;1577671091666-736a5870-75e3d222-f0401322-8b3b5d9d-238a&#8221;][vc_column_text css=&#8221;&#8221;]<strong>Per questo spettacolo non \u00e8 disponibile il servizio di trasporto; dovrete recarvi al <a href=\"https:\/\/maps.app.goo.gl\/TzPsqyitSzhvAo2d9\" target=\"_blank\" rel=\"noopener\">Vivo Bar<\/a> a Playa de Las Americas.<br \/>\n<\/strong><\/p>\n<p><span style=\"text-decoration: underline; color: #ff0000;\">PROGRAMMA:<\/span><\/p>\n<p>Per favore consulti il nostro servizio clienti per sapere in quali giorni \u00e8 possibile assistere allo spettacolo. Si svolge al <a href=\"https:\/\/maps.app.goo.gl\/TzPsqyitSzhvAo2d9\" target=\"_blank\" rel=\"noopener\">Vivo Bar<\/a> a Playa de Las Americas.<\/p>\n<p><b><strong>Orari approssimativi<\/strong><\/b><\/p>\n<p>Apertura porte 19.00<\/p>\n<p>MHT pre-spettacolo 19.30<\/p>\n<p>Il pasto viene servito alle 19.50<\/p>\n<p>Spettacolo principale MHT 20.50<\/p>\n<p>Lo spettacolo termina alle 23.00 (20 minuti di pausa inclusi)<\/p>\n<p><strong>Guardi il video, si faccia un&#8217;idea dello spettacolo MHT e lo prenoti subito!<\/strong>[\/vc_column_text][\/vc_tta_section][\/vc_tta_accordion][\/vc_column][\/vc_row][vc_row full_width=&#8221;stretch_row_content&#8221; css=&#8221;.vc_custom_1577476060002{background-color: #312c7a !important;background-position: center !important;background-repeat: no-repeat !important;background-size: cover !important;}&#8221;][vc_column][vc_column_text]<\/p>\n<h3 style=\"text-align: center;\"><strong><span style=\"font-size: 18pt; color: #ffffff;\">PRENOTA ORA<\/span><\/strong><\/h3>\n<p>[\/vc_column_text][\/vc_column][\/vc_row]<\/p>\n<\/div>","protected":false},"excerpt":{"rendered":"<p>[vc_row full_width=&#8221;stretch_row_content_no_spaces&#8221;][vc_column][vc_column_text css=&#8221;.vc_custom_1743423226890{background-color: #F6EB14 !important;background-position: center !important;background-repeat: no-repeat !important;background-size: cover !important;}&#8221; css_animation=&#8221;fadeIn&#8221;] MHT [\/vc_column_text][\/vc_column][\/vc_row][vc_row][vc_column][vc_column_text] Lo spettacolo MHT \u00e8 un famoso&#8230;<\/p>\n","protected":false},"featured_media":333936,"template":"","meta":{"_acf_changed":false,"_seopress_robots_primary_cat":"none","_seopress_titles_title":"Spettacolo MHT, una notte di risate e costumi scintillanti a Tenerife.","_seopress_titles_desc":"Lo spettacolo MHT \u00e8 uno dei migliori nel panorama dell'intrattenimento a Tenerife. Prenoti ora i suoi biglietti online da un'impresa italiana","_seopress_robots_index":""},"product_brand":[],"product_cat":[2302],"product_tag":[2488,1846,2491,2490],"class_list":{"0":"post-58766","1":"product","2":"type-product","3":"status-publish","4":"has-post-thumbnail","6":"product_cat-spettacoli","7":"product_tag-intrattenimento-tenerife","8":"product_tag-mht-tenerife","9":"product_tag-show-tenerife","10":"product_tag-spettacoli-tenerife","12":"first","13":"instock","14":"virtual","15":"sold-individually","16":"taxable","17":"purchasable","18":"product-type-booking"},"booking_location":"","booking_location_type":"","booking_duration":1,"booking_duration_unit":"day","booking_buffer":0,"booking_cost":0,"booking_resources":[],"acf":[],"_links":{"self":[{"href":"https:\/\/tenerife-trips.com\/it\/wp-json\/wp\/v2\/product\/58766","targetHints":{"allow":["GET"]}}],"collection":[{"href":"https:\/\/tenerife-trips.com\/it\/wp-json\/wp\/v2\/product"}],"about":[{"href":"https:\/\/tenerife-trips.com\/it\/wp-json\/wp\/v2\/types\/product"}],"wp:featuredmedia":[{"embeddable":true,"href":"https:\/\/tenerife-trips.com\/it\/wp-json\/wp\/v2\/media\/333936"}],"wp:attachment":[{"href":"https:\/\/tenerife-trips.com\/it\/wp-json\/wp\/v2\/media?parent=58766"}],"wp:term":[{"taxonomy":"product_brand","embeddable":true,"href":"https:\/\/tenerife-trips.com\/it\/wp-json\/wp\/v2\/product_brand?post=58766"},{"taxonomy":"product_cat","embeddable":true,"href":"https:\/\/tenerife-trips.com\/it\/wp-json\/wp\/v2\/product_cat?post=58766"},{"taxonomy":"product_tag","embeddable":true,"href":"https:\/\/tenerife-trips.com\/it\/wp-json\/wp\/v2\/product_tag?post=58766"}],"curies":[{"name":"wp","href":"https:\/\/api.w.org\/{rel}","templated":true}]}}