{"id":59113,"date":"2018-03-30T16:03:25","date_gmt":"2018-03-30T15:03:25","guid":{"rendered":"https:\/\/tenerife-trips.com\/?post_type=product&#038;p=59113"},"modified":"2025-12-02T20:21:57","modified_gmt":"2025-12-02T20:21:57","slug":"parco-acquatico-tenerife","status":"publish","type":"product","link":"https:\/\/tenerife-trips.com\/it\/product\/parchi-tematici\/parco-acquatico-tenerife\/","title":{"rendered":"SIAM PARK"},"content":{"rendered":"<div class=\"wpb-content-wrapper\"><p>[vc_row full_width=&#8221;stretch_row_content_no_spaces&#8221;][vc_column][vc_column_text css=&#8221;.vc_custom_1743421118931{background-color: #F6EB14 !important;background-position: center !important;background-repeat: no-repeat !important;background-size: cover !important;}&#8221; css_animation=&#8221;fadeIn&#8221;]<\/p>\n<h1 class=\"title-h2\" style=\"text-align: center;\"><span style=\"font-size: 18pt; color: #312c7a;\">SIAM PARK<\/span><\/h1>\n<p>[\/vc_column_text][\/vc_column][\/vc_row][vc_row][vc_column][vc_column_text]<\/p>\n<p style=\"text-align: center;\"><span style=\"font-size: 14pt;\">Parco acquatico Tenerife, prima di tutto dobbiamo menzionare che il Siam Park \u00e8 stato eletto migliore parco acquatico del mondo. Questo secondo la scelta annuale dei viaggiatori di TripAdvisor. L&#8217;architettura e gli scivoli presentano un tema siamese. Qui troviamo la pi\u00f9 grande collezione di edifici tailandesi fuori dalla Thailandia.<\/span><\/p>\n<p style=\"text-align: center;\"><span style=\"font-size: 14pt;\"><strong>\u21d3 Veda ulteriore descrizione di seguito \u21d3<\/strong><\/span><\/p>\n<p>[\/vc_column_text][\/vc_column][\/vc_row][vc_row full_width=&#8221;stretch_row_content&#8221; full_height=&#8221;yes&#8221; css=&#8221;.vc_custom_1576192123211{background-color: #312c7a !important;background-position: center !important;background-repeat: no-repeat !important;background-size: cover !important;}&#8221;][vc_column]<div class=\"gem-vimeo gem-wrapbox gem-wrapbox-style-no-style rounded-corners gem-wrapbox-position-below\" style=\"width: 100%;\"><div class=\"gem-wrapbox-inner gem-ratio-style\" style=\"padding-top: 56.25%\"><iframe webkitallowfullscreen=\"true\" mozallowfullscreen=\"true\" allowfullscreen=\"true\" class=\"gem-wrapbox-element img-responsive\" frameborder=\"0\" scrolling=\"no\" marginheight=\"0\" marginwidth=\"0\" src=\"\/\/player.vimeo.com\/video\/328473827?title=0&amp;byline=0&amp;portrait=0 \"><\/iframe><\/div><\/div>[vc_empty_space]<div class=\"preloader\"><div class=\"preloader-spin\"><\/div><\/div> <div id=\"gem-gallery-69de9f9789081\" class=\"gem-gallery gem-gallery-hover-zooming-blur\"> <div class=\"gem-gallery-item\"> <div class=\"gem-gallery-item-image\"> <a href=\"https:\/\/tenerife-trips.com\/wp-content\/uploads\/2019\/12\/3-7-thegem-gallery-sidebar.jpg\" data-fancybox-group=\"gallery-69de9f9789081\" data-full-image-url=\"https:\/\/tenerife-trips.com\/wp-content\/uploads\/2019\/12\/3-7.jpg\"> <svg width=\"20\" height=\"10\"><path d=\"M 0,10 Q 9,9 10,0 Q 11,9 20,10\" \/><\/svg> <img src=\"https:\/\/tenerife-trips.com\/wp-content\/uploads\/2019\/12\/3-7-thegem-post-thumb-small.jpg\" alt=\"siam park\" class=\"img-responsive\"> <span class=\"gem-gallery-caption slide-info\"> <\/span> <\/a> <span class=\"gem-gallery-line\"><\/span> <\/div> <\/div> <div class=\"gem-gallery-item\"> <div class=\"gem-gallery-item-image\"> <a href=\"https:\/\/tenerife-trips.com\/wp-content\/uploads\/2019\/12\/6-4-thegem-gallery-sidebar.jpg\" data-fancybox-group=\"gallery-69de9f9789081\" data-full-image-url=\"https:\/\/tenerife-trips.com\/wp-content\/uploads\/2019\/12\/6-4.jpg\"> <svg width=\"20\" height=\"10\"><path d=\"M 0,10 Q 9,9 10,0 Q 11,9 20,10\" \/><\/svg> <img src=\"https:\/\/tenerife-trips.com\/wp-content\/uploads\/2019\/12\/6-4-thegem-post-thumb-small.jpg\" alt=\"Twin Ticket Tenerife\" class=\"img-responsive\"> <span class=\"gem-gallery-caption slide-info\"> <\/span> <\/a> <span class=\"gem-gallery-line\"><\/span> <\/div> <\/div> <div class=\"gem-gallery-item\"> <div class=\"gem-gallery-item-image\"> <a href=\"https:\/\/tenerife-trips.com\/wp-content\/uploads\/2019\/12\/4-7-thegem-gallery-sidebar.jpg\" data-fancybox-group=\"gallery-69de9f9789081\" data-full-image-url=\"https:\/\/tenerife-trips.com\/wp-content\/uploads\/2019\/12\/4-7.jpg\"> <svg width=\"20\" height=\"10\"><path d=\"M 0,10 Q 9,9 10,0 Q 11,9 20,10\" \/><\/svg> <img src=\"https:\/\/tenerife-trips.com\/wp-content\/uploads\/2019\/12\/4-7-thegem-post-thumb-small.jpg\" alt=\"siam park\" class=\"img-responsive\"> <span class=\"gem-gallery-caption slide-info\"> <\/span> <\/a> <span class=\"gem-gallery-line\"><\/span> <\/div> <\/div> <div class=\"gem-gallery-item\"> <div class=\"gem-gallery-item-image\"> <a href=\"https:\/\/tenerife-trips.com\/wp-content\/uploads\/2019\/12\/1-7-thegem-gallery-sidebar.jpg\" data-fancybox-group=\"gallery-69de9f9789081\" data-full-image-url=\"https:\/\/tenerife-trips.com\/wp-content\/uploads\/2019\/12\/1-7.jpg\"> <svg width=\"20\" height=\"10\"><path d=\"M 0,10 Q 9,9 10,0 Q 11,9 20,10\" \/><\/svg> <img src=\"https:\/\/tenerife-trips.com\/wp-content\/uploads\/2019\/12\/1-7-thegem-post-thumb-small.jpg\" alt=\"parco acquatico Tenerife\" class=\"img-responsive\"> <span class=\"gem-gallery-caption slide-info\"> <\/span> <\/a> <span class=\"gem-gallery-line\"><\/span> <\/div> <\/div> <div class=\"gem-gallery-item\"> <div class=\"gem-gallery-item-image\"> <a href=\"https:\/\/tenerife-trips.com\/wp-content\/uploads\/2019\/12\/2-8-thegem-gallery-sidebar.jpg\" data-fancybox-group=\"gallery-69de9f9789081\" data-full-image-url=\"https:\/\/tenerife-trips.com\/wp-content\/uploads\/2019\/12\/2-8.jpg\"> <svg width=\"20\" height=\"10\"><path d=\"M 0,10 Q 9,9 10,0 Q 11,9 20,10\" \/><\/svg> <img src=\"https:\/\/tenerife-trips.com\/wp-content\/uploads\/2019\/12\/2-8-thegem-post-thumb-small.jpg\" alt=\"parco acquatico Tenerife\" class=\"img-responsive\"> <span class=\"gem-gallery-caption slide-info\"> <\/span> <\/a> <span class=\"gem-gallery-line\"><\/span> <\/div> <\/div> <div class=\"gem-gallery-item\"> <div class=\"gem-gallery-item-image\"> <a href=\"https:\/\/tenerife-trips.com\/wp-content\/uploads\/2019\/12\/5-5-thegem-gallery-sidebar.jpg\" data-fancybox-group=\"gallery-69de9f9789081\" data-full-image-url=\"https:\/\/tenerife-trips.com\/wp-content\/uploads\/2019\/12\/5-5.jpg\"> <svg width=\"20\" height=\"10\"><path d=\"M 0,10 Q 9,9 10,0 Q 11,9 20,10\" \/><\/svg> <img src=\"https:\/\/tenerife-trips.com\/wp-content\/uploads\/2019\/12\/5-5-thegem-post-thumb-small.jpg\" alt=\"siam park\" class=\"img-responsive\"> <span class=\"gem-gallery-caption slide-info\"> <\/span> <\/a> <span class=\"gem-gallery-line\"><\/span> <\/div> <\/div> <\/div>[vc_empty_space][\/vc_column][\/vc_row][vc_row full_width=&#8221;stretch_row&#8221; content_placement=&#8221;middle&#8221; css=&#8221;.vc_custom_1739974261324{background-color: #312c7a !important;background-position: center !important;background-repeat: no-repeat !important;background-size: cover !important;}&#8221;][vc_column][vc_column_text]<\/p>\n<h3 style=\"text-align: center;\"><span style=\"color: #ffffff;\"><span style=\"font-size: 18pt;\">DESCRIZIONE<\/span><\/span><\/h3>\n<p>[\/vc_column_text][\/vc_column][\/vc_row][vc_row][vc_column][vc_tta_accordion style=&#8221;simple_solid&#8221; color=&#8221;blue&#8221; c_icon=&#8221;chevron&#8221; active_section=&#8221;-0&#8243; collapsible_all=&#8221;true&#8221;][vc_tta_section title=&#8221;DESCRIZIONE PARCO&#8221; tab_id=&#8221;1577671091617-0af8eee0-94022885-50535fa5-b87f&#8221;][vc_column_text]<span style=\"font-size: 14pt;\">Parco acquatico Tenerife, prima di tutto dobbiamo menzionare che il Siam Park \u00e8 stato eletto migliore parco acquatico del mondo. Questo secondo la scelta annuale dei viaggiatori di TripAdvisor.<\/span><\/p>\n<h3><span style=\"font-size: 12pt;\">L&#8217;imprenditore tedesco Wolfgang Kiessling e suo figlio Christoph hanno aperto il parco al pubblico nel settembre 2008. all&#8217;inaugurazione hanno invitato la Principessa della Tailandia <a href=\"https:\/\/it.wikipedia.org\/wiki\/Sirindhorn\" target=\"_blank\" rel=\"noopener\">MAHA CHAKRI SIRINDHORN<\/a> come ospite speciale. l&#8217;architettura di questo parco acquatico Tenerife e i suoi scivoli presentano un tema siamese. qui troviamo la pi\u00f9 grande collezione di edifici tailandesi fuori dalla Tailandia.<\/span><\/h3>\n<p><span style=\"font-size: 14pt;\">Il parco ha molte attrazioni ed \u00e8 adatto a tutti, bambini e adulti. Per esempio, i pi\u00f9 giovani possono giocare nella &#8220;citt\u00e0 perduta&#8221;; questa \u00e8 un&#8217;area per bambini con torri, ponti, reti, cascate e scivoli. Chi invece \u00e8 in cerca di adrenalina pu\u00f2 salire sulla &#8220;torre del potere&#8221;; su questo scivolo si possono raggiungere 80 km\/h e passare attraverso un acquario con squali e razze.<\/span><\/p>\n<h3><span style=\"font-size: 12pt;\">Un impianto di dissalazione costruito in loco processa acqua di mare per utilizzarla in questo parco acquatico Tenerife. l&#8217;acqua viene riscaldata a 25\u00b0C e riutilizzata per annaffiare le piante dopo essere stata usata per gli scivoli. all&#8217;interno del Siam Park si trova infatti un&#8217;abbondante vegetazione che lo rende pi\u00f9 bello.<\/span><\/h3>\n<p><span style=\"font-size: 14pt;\">Un&#8217;altra famosa attrazione del parco \u00e8 sicuramente il &#8220;palazzo delle onde&#8221;. Questa piscina produce le onde artificiali pi\u00f9 grandi del mondo (3 metri). Inoltre tutto intorno ad essa si trova una spiaggia di sabbia bianca con lettini che \u00e8 possibile utilizzare gratuitamente.<\/span><\/p>\n<h3><span style=\"font-size: 12pt;\">Sono disponibili molti servizi per i clienti di questo parco acquatico Tenerife, ad esempio:<\/span><\/h3>\n<ul>\n<li><span style=\"font-size: 14pt;\">diversi ristoranti dove \u00e8 possibile pranzare o fare uno spuntino;<\/span><\/li>\n<li><span style=\"font-size: 14pt;\">connessione internet wireless gratuita in tutto il Siam Park;<\/span><\/li>\n<li><span style=\"font-size: 14pt;\">posti auto;<\/span><\/li>\n<li><span style=\"font-size: 14pt;\">spogliatoi e docce gratuiti;<\/span><\/li>\n<li><span style=\"font-size: 14pt;\">armadietti e asciugamani possono essere noleggiati;<\/span><\/li>\n<li><span style=\"font-size: 14pt;\">negozi dove \u00e8 possibile acquistare souvenir, protezione solare, snack o dolci.<\/span><\/li>\n<\/ul>\n<p><span style=\"color: #ff0000; font-size: 14pt;\"><span style=\"color: #ff0000;\">\u00c8 possibile acquistare<\/span> il <span style=\"text-decoration: underline;\">BIGLIETTO ALL INCLUSIVE<\/span>\u00a0che comprende l&#8217;accesso preferenziale alle attrazioni (escluso Tower of Power), il consumo gratuito di cibi e bevande, un asciugamano e un armadietto.<\/span><\/p>\n<p><span style=\"font-size: 14pt;\">Tutto ci\u00f2 fa si che visitare il Siam Park sia una delle cose migliori da fare durante la sua vacanza a Tenerife.<\/span><\/p>\n<p><span style=\"color: #ff0000; font-size: 14pt;\"><span style=\"text-decoration: underline;\">MOLTO IMPORTANTE<\/span>: ci contatti prima di completare la prenotazione e ci dica quando vuole andare al Siam Park. Abbiamo bisogno di poco tempo per inviarle il \u200b\u200bbiglietto; non \u00e8 necessario stamparlo, pu\u00f2 mostrarlo sul telefono cellulare.<\/span>[\/vc_column_text][\/vc_tta_section][vc_tta_section title=&#8221;ORARIO E TRASPORTO&#8221; tab_id=&#8221;1577671091666-736a5870-75e32885-50535fa5-b87f&#8221;][vc_column_text]<span style=\"font-size: 14pt;\">Per il Siam Park \u00e8 disponibile un autobus gratuito che ferma in diverse zone di Los Cristianos e Playa de Las Americas; si metta in contatto con noi per sapere il punto di raccolta pi\u00f9 vicino al suo alloggio.<\/span><\/p>\n<p><span style=\"color: #ff0000; font-size: 14pt;\">PROGRAMMA:<\/span><\/p>\n<p><span style=\"font-size: 14pt;\">Il parco \u00e8 aperto tutti i giorni dalle 10:00 alle 17:00.<\/span><\/p>\n<p><span style=\"font-size: 14pt;\"><strong>Guardi il video sopra per farsi un&#8217;idea e prenoti subito i suoi biglietti!<\/strong><\/span>[\/vc_column_text][\/vc_tta_section][\/vc_tta_accordion][\/vc_column][\/vc_row][vc_row full_width=&#8221;stretch_row_content&#8221; css=&#8221;.vc_custom_1600441258308{background-color: #312c7a !important;background-position: center !important;background-repeat: no-repeat !important;background-size: cover !important;}&#8221;][vc_column][vc_column_text]<\/p>\n<h3 style=\"text-align: center;\"><span style=\"color: #ffffff;\"><strong><span style=\"font-size: 18pt;\">PRENOTA ORA<\/span><\/strong><\/span><\/h3>\n<p>[\/vc_column_text][\/vc_column][\/vc_row]<\/p>\n<\/div>","protected":false},"excerpt":{"rendered":"<p>[vc_row full_width=&#8221;stretch_row_content_no_spaces&#8221;][vc_column][vc_column_text css=&#8221;.vc_custom_1743421118931{background-color: #F6EB14 !important;background-position: center !important;background-repeat: no-repeat !important;background-size: cover !important;}&#8221; css_animation=&#8221;fadeIn&#8221;] SIAM PARK [\/vc_column_text][\/vc_column][\/vc_row][vc_row][vc_column][vc_column_text] Parco acquatico Tenerife, prima di&#8230;<\/p>\n","protected":false},"featured_media":64972,"template":"","meta":{"_acf_changed":false,"_seopress_robots_primary_cat":"2303","_seopress_titles_title":"Parco acquatico Tenerife, scopra il Siam Park, il migliore del mondo","_seopress_titles_desc":"Parco acquatico Tenerife, sulla nostra pagina trova tutte le informazioni sul Siam Park, il migliore del mondo secondo Tripadvisor.","_seopress_robots_index":""},"product_brand":[],"product_cat":[2303],"product_tag":[2498,2497,2499],"class_list":{"0":"post-59113","1":"product","2":"type-product","3":"status-publish","4":"has-post-thumbnail","6":"product_cat-parchi-tematici","7":"product_tag-attrazioni-tenerife","8":"product_tag-parco-acquatico-tenerife","9":"product_tag-siam-park-tenerife","11":"first","12":"instock","13":"virtual","14":"sold-individually","15":"taxable","16":"purchasable","17":"product-type-booking"},"booking_location":"","booking_location_type":"","booking_duration":1,"booking_duration_unit":"day","booking_buffer":0,"booking_cost":0,"booking_resources":[],"acf":[],"_links":{"self":[{"href":"https:\/\/tenerife-trips.com\/it\/wp-json\/wp\/v2\/product\/59113","targetHints":{"allow":["GET"]}}],"collection":[{"href":"https:\/\/tenerife-trips.com\/it\/wp-json\/wp\/v2\/product"}],"about":[{"href":"https:\/\/tenerife-trips.com\/it\/wp-json\/wp\/v2\/types\/product"}],"wp:featuredmedia":[{"embeddable":true,"href":"https:\/\/tenerife-trips.com\/it\/wp-json\/wp\/v2\/media\/64972"}],"wp:attachment":[{"href":"https:\/\/tenerife-trips.com\/it\/wp-json\/wp\/v2\/media?parent=59113"}],"wp:term":[{"taxonomy":"product_brand","embeddable":true,"href":"https:\/\/tenerife-trips.com\/it\/wp-json\/wp\/v2\/product_brand?post=59113"},{"taxonomy":"product_cat","embeddable":true,"href":"https:\/\/tenerife-trips.com\/it\/wp-json\/wp\/v2\/product_cat?post=59113"},{"taxonomy":"product_tag","embeddable":true,"href":"https:\/\/tenerife-trips.com\/it\/wp-json\/wp\/v2\/product_tag?post=59113"}],"curies":[{"name":"wp","href":"https:\/\/api.w.org\/{rel}","templated":true}]}}