{"id":59298,"date":"2018-03-28T18:39:07","date_gmt":"2018-03-28T17:39:07","guid":{"rendered":"https:\/\/tenerife-trips.com\/?post_type=product&#038;p=59298"},"modified":"2025-12-02T20:22:16","modified_gmt":"2025-12-02T20:22:16","slug":"tenerife-zoo","status":"publish","type":"product","link":"https:\/\/tenerife-trips.com\/it\/product\/parchi-tematici\/tenerife-zoo\/","title":{"rendered":"LORO PARQUE"},"content":{"rendered":"<div class=\"wpb-content-wrapper\"><p>[vc_row full_width=&#8221;stretch_row_content_no_spaces&#8221;][vc_column][vc_column_text css=&#8221;.vc_custom_1743421357293{background-color: #F6EB14 !important;background-position: center !important;background-repeat: no-repeat !important;background-size: cover !important;}&#8221; css_animation=&#8221;fadeIn&#8221;]<\/p>\n<h1 class=\"title-h2\" style=\"text-align: center;\"><span style=\"font-size: 18pt; color: #312c7a;\">LORO PARQUE<\/span><\/h1>\n<p>[\/vc_column_text][\/vc_column][\/vc_row][vc_row][vc_column][vc_column_text]<\/p>\n<p style=\"text-align: center;\">Tenerife zoo, visitare il Loro Parque \u00e8 sicuramente una delle cose migliori da fare sull&#8217;isola; questo si trova a Puerto de la Cruz, nella costa settentrionale di Tenerife. TripAdvisor lo ha riconosciuto come il miglior parco zoologico al mondo secondo la sua scelta annuale dei viaggiatori.<\/p>\n<p style=\"text-align: center;\"><strong>\u21d3 Veda ulteriore descrizione di seguito \u21d3<\/strong><\/p>\n<p>[\/vc_column_text][\/vc_column][\/vc_row][vc_row full_width=&#8221;stretch_row_content&#8221; full_height=&#8221;yes&#8221; css=&#8221;.vc_custom_1576192123211{background-color: #312c7a !important;background-position: center !important;background-repeat: no-repeat !important;background-size: cover !important;}&#8221;][vc_column]<div class=\"gem-vimeo gem-wrapbox gem-wrapbox-style-no-style rounded-corners gem-wrapbox-position-below\" style=\"width: 100%;\"><div class=\"gem-wrapbox-inner gem-ratio-style\" style=\"padding-top: 56.25%\"><iframe webkitallowfullscreen=\"true\" mozallowfullscreen=\"true\" allowfullscreen=\"true\" class=\"gem-wrapbox-element img-responsive\" frameborder=\"0\" scrolling=\"no\" marginheight=\"0\" marginwidth=\"0\" src=\"\/\/player.vimeo.com\/video\/328641209?title=0&amp;byline=0&amp;portrait=0 \"><\/iframe><\/div><\/div>[vc_empty_space]<div class=\"preloader\"><div class=\"preloader-spin\"><\/div><\/div> <div id=\"gem-gallery-69d113116325b\" class=\"gem-gallery gem-gallery-hover-zooming-blur\" data-autoscroll=\"3000\"> <div class=\"gem-gallery-item\"> <div class=\"gem-gallery-item-image\"> <a href=\"https:\/\/tenerife-trips.com\/wp-content\/uploads\/2019\/12\/2-7-thegem-gallery-sidebar.jpg\" data-fancybox-group=\"gallery-69d113116325b\" data-full-image-url=\"https:\/\/tenerife-trips.com\/wp-content\/uploads\/2019\/12\/2-7.jpg\"> <svg width=\"20\" height=\"10\"><path d=\"M 0,10 Q 9,9 10,0 Q 11,9 20,10\" \/><\/svg> <img src=\"https:\/\/tenerife-trips.com\/wp-content\/uploads\/2019\/12\/2-7-thegem-post-thumb-small.jpg\" alt=\"Tenerife zoo\" class=\"img-responsive\"> <span class=\"gem-gallery-caption slide-info\"> <\/span> <\/a> <span class=\"gem-gallery-line\"><\/span> <\/div> <\/div> <div class=\"gem-gallery-item\"> <div class=\"gem-gallery-item-image\"> <a href=\"https:\/\/tenerife-trips.com\/wp-content\/uploads\/2019\/12\/3-6-thegem-gallery-sidebar.jpg\" data-fancybox-group=\"gallery-69d113116325b\" data-full-image-url=\"https:\/\/tenerife-trips.com\/wp-content\/uploads\/2019\/12\/3-6.jpg\"> <svg width=\"20\" height=\"10\"><path d=\"M 0,10 Q 9,9 10,0 Q 11,9 20,10\" \/><\/svg> <img src=\"https:\/\/tenerife-trips.com\/wp-content\/uploads\/2019\/12\/3-6-thegem-post-thumb-small.jpg\" alt=\"Tenerife zoo\" class=\"img-responsive\"> <span class=\"gem-gallery-caption slide-info\"> <\/span> <\/a> <span class=\"gem-gallery-line\"><\/span> <\/div> <\/div> <div class=\"gem-gallery-item\"> <div class=\"gem-gallery-item-image\"> <a href=\"https:\/\/tenerife-trips.com\/wp-content\/uploads\/2019\/12\/4-6-thegem-gallery-sidebar.jpg\" data-fancybox-group=\"gallery-69d113116325b\" data-full-image-url=\"https:\/\/tenerife-trips.com\/wp-content\/uploads\/2019\/12\/4-6.jpg\"> <svg width=\"20\" height=\"10\"><path d=\"M 0,10 Q 9,9 10,0 Q 11,9 20,10\" \/><\/svg> <img src=\"https:\/\/tenerife-trips.com\/wp-content\/uploads\/2019\/12\/4-6-thegem-post-thumb-small.jpg\" alt=\"Twin Ticket Tenerife\" class=\"img-responsive\"> <span class=\"gem-gallery-caption slide-info\"> <\/span> <\/a> <span class=\"gem-gallery-line\"><\/span> <\/div> <\/div> <div class=\"gem-gallery-item\"> <div class=\"gem-gallery-item-image\"> <a href=\"https:\/\/tenerife-trips.com\/wp-content\/uploads\/2019\/12\/6-3-thegem-gallery-sidebar.jpg\" data-fancybox-group=\"gallery-69d113116325b\" data-full-image-url=\"https:\/\/tenerife-trips.com\/wp-content\/uploads\/2019\/12\/6-3.jpg\"> <svg width=\"20\" height=\"10\"><path d=\"M 0,10 Q 9,9 10,0 Q 11,9 20,10\" \/><\/svg> <img src=\"https:\/\/tenerife-trips.com\/wp-content\/uploads\/2019\/12\/6-3-thegem-post-thumb-small.jpg\" alt=\"loro parque\" class=\"img-responsive\"> <span class=\"gem-gallery-caption slide-info\"> <\/span> <\/a> <span class=\"gem-gallery-line\"><\/span> <\/div> <\/div> <div class=\"gem-gallery-item\"> <div class=\"gem-gallery-item-image\"> <a href=\"https:\/\/tenerife-trips.com\/wp-content\/uploads\/2019\/12\/7-thegem-gallery-sidebar.jpg\" data-fancybox-group=\"gallery-69d113116325b\" data-full-image-url=\"https:\/\/tenerife-trips.com\/wp-content\/uploads\/2019\/12\/7.jpg\"> <svg width=\"20\" height=\"10\"><path d=\"M 0,10 Q 9,9 10,0 Q 11,9 20,10\" \/><\/svg> <img src=\"https:\/\/tenerife-trips.com\/wp-content\/uploads\/2019\/12\/7-thegem-post-thumb-small.jpg\" alt=\"loro parque\" class=\"img-responsive\"> <span class=\"gem-gallery-caption slide-info\"> <\/span> <\/a> <span class=\"gem-gallery-line\"><\/span> <\/div> <\/div> <div class=\"gem-gallery-item\"> <div class=\"gem-gallery-item-image\"> <a href=\"https:\/\/tenerife-trips.com\/wp-content\/uploads\/2018\/03\/1-thegem-gallery-sidebar.jpg\" data-fancybox-group=\"gallery-69d113116325b\" data-full-image-url=\"https:\/\/tenerife-trips.com\/wp-content\/uploads\/2018\/03\/1.jpg\"> <svg width=\"20\" height=\"10\"><path d=\"M 0,10 Q 9,9 10,0 Q 11,9 20,10\" \/><\/svg> <img src=\"https:\/\/tenerife-trips.com\/wp-content\/uploads\/2018\/03\/1-thegem-post-thumb-small.jpg\" alt=\"Loro Park Teneryfa\" class=\"img-responsive\"> <span class=\"gem-gallery-caption slide-info\"> <\/span> <\/a> <span class=\"gem-gallery-line\"><\/span> <\/div> <\/div> <div class=\"gem-gallery-item\"> <div class=\"gem-gallery-item-image\"> <a href=\"https:\/\/tenerife-trips.com\/wp-content\/uploads\/2019\/12\/loro-thegem-gallery-sidebar.jpg\" data-fancybox-group=\"gallery-69d113116325b\" data-full-image-url=\"https:\/\/tenerife-trips.com\/wp-content\/uploads\/2019\/12\/loro.jpg\"> <svg width=\"20\" height=\"10\"><path d=\"M 0,10 Q 9,9 10,0 Q 11,9 20,10\" \/><\/svg> <img src=\"https:\/\/tenerife-trips.com\/wp-content\/uploads\/2019\/12\/loro-thegem-post-thumb-small.jpg\" alt=\"\" class=\"img-responsive\"> <span class=\"gem-gallery-caption slide-info\"> <\/span> <\/a> <span class=\"gem-gallery-line\"><\/span> <\/div> <\/div> <div class=\"gem-gallery-item\"> <div class=\"gem-gallery-item-image\"> <a href=\"https:\/\/tenerife-trips.com\/wp-content\/uploads\/2018\/03\/Loro-Parque-1-scaled-thegem-gallery-sidebar.png\" data-fancybox-group=\"gallery-69d113116325b\" data-full-image-url=\"https:\/\/tenerife-trips.com\/wp-content\/uploads\/2018\/03\/Loro-Parque-1-scaled.png\"> <svg width=\"20\" height=\"10\"><path d=\"M 0,10 Q 9,9 10,0 Q 11,9 20,10\" \/><\/svg> <img src=\"https:\/\/tenerife-trips.com\/wp-content\/uploads\/2018\/03\/Loro-Parque-1-scaled-thegem-post-thumb-small.png\" alt=\"\" class=\"img-responsive\"> <span class=\"gem-gallery-caption slide-info\"> <\/span> <\/a> <span class=\"gem-gallery-line\"><\/span> <\/div> <\/div> <\/div>[vc_empty_space][\/vc_column][\/vc_row][vc_row full_width=&#8221;stretch_row&#8221; css=&#8221;.vc_custom_1600441323295{background-color: #312c7a !important;background-position: center !important;background-repeat: no-repeat !important;background-size: cover !important;}&#8221;][vc_column][vc_column_text]<\/p>\n<h3 style=\"text-align: center;\"><span style=\"color: #ffffff;\"><span style=\"font-size: 18pt;\">DESCRIZIONE<\/span><\/span><\/h3>\n<p>[\/vc_column_text][\/vc_column][\/vc_row][vc_row][vc_column][vc_tta_accordion style=&#8221;simple_solid&#8221; color=&#8221;blue&#8221; c_icon=&#8221;chevron&#8221; active_section=&#8221;-0&#8243; collapsible_all=&#8221;true&#8221;][vc_tta_section title=&#8221;INFORMAZIONI SUL PARCO&#8221; tab_id=&#8221;1577671091617-0af8eee0-9402d222-f0401322-8b3bf124-fa85&#8243;][vc_column_text]Zoo di Tenerife, prima di tutto possiamo dire che visitare il Loro Parque \u00e8 quasi d&#8217;obbligo; \u00e8 situato nel nord dell&#8217;isola nei pressi di <a href=\"https:\/\/www.google.com\/maps\/place\/38400+Puerto+de+la+Cruz,+Santa+Cruz+de+Tenerife\/data=!4m2!3m1!1s0xc6a7ffa897afdb1:0xfe20ba57c9146376?sa=X&amp;ved=2ahUKEwj5oaWMjNnoAhWZh1wKHWDvAggQ8gEwF3oECBYQBA\">Puerto de la Cruz<\/a>.<\/p>\n<h3><span style=\"font-size: 12pt;\">In secondo luogo, dobbiamo menzionare che TripAdvisor ha riconosciuto Loro Parque come il miglior parco zoologico al mondo grazie alla sua scelta annuale dei viaggiatori; l&#8217;imprenditore tedesco Wolfgang Kiessling e suo padre aprirono questo zoo di Tenerife nel 1972; all&#8217;inizio ospitava 150 pappagalli e offriva il primo spettacolo in Europa con tali uccelli; oggi ha la pi\u00f9 grande collezione di pappagalli al mondo; vale a dire, qui troviamo pi\u00f9 di 300 diverse specie, alcune delle quali in pericolo di estinzione.<\/span><\/h3>\n<p>Oggigiorno nel parco si trovano molte specie di mammiferi, uccelli, pesci e rettili; inoltre si pu\u00f2 assistere a fantastici spettacoli di orche, delfini, leoni marini e uccelli pi\u00f9 volte al giorno. Questa attrazione ha stabilito diversi record, ad esempio la piscina dello spettacolo dei delfini \u00e8 la pi\u00f9 grande d&#8217;Europa nel suo genere; un altro \u00e8 il tunnel sottomarino che passa attraverso l&#8217;acquario con gli squali e altri pesci; questo \u00e8 il pi\u00f9 lungo del vecchio continente.<\/p>\n<h3><span style=\"font-size: 12pt;\">Questo zoo di Tenerife, con la sua Fondazione Loro Parque, mira a proteggere e salvare gli animali in pericolo di estinzione; per questo motivo qui \u00e8 stato costruito per esempio il pinguinario pi\u00f9 grande del mondo con oltre 250 pinguini.<\/span><\/h3>\n<p><span style=\"color: #ff0000;\"><span style=\"text-decoration: underline;\"><strong>MOLTO IMPORTANTE:<\/strong><\/span> ci contatti prima di completare la prenotazione per dirci quando vuole andare al Loro Parque; abbiamo bisogno di poco tempo per inviarle il \u200b\u200bbiglietto; non \u00e8 necessario stamparlo, pu\u00f2 mostrarlo sul telefono cellulare; al momento della prenotazione si assicuri di includere anche bambini e neonati che entrano gratis.<\/span>[\/vc_column_text][\/vc_tta_section][vc_tta_section title=&#8221;ORARIO E TRASPORTO&#8221; tab_id=&#8221;1577671091666-736a5870-75e3d222-f0401322-8b3bf124-fa85&#8243;][vc_column_text]In generale il servizio di trasporto dal sud di Tenerife \u00e8 disponibile tutti i giorni. In ogni caso dipende da dove si trova, per questo le consigliamo di mettersi in contatto con noi e verificare la disponibilit\u00e0 del trasporto dalla sua zona prima di prenotare.<\/p>\n<p><span style=\"text-decoration: underline; color: #ff0000;\">ORARIO:<\/span><\/p>\n<p>Il parco \u00e8 aperto tutti i giorni dalle 9:30 alle 17:30.<\/p>\n<p><strong>Guardi il video, si faccia un&#8217;idea e prenoti subito!<\/strong>[\/vc_column_text][\/vc_tta_section][\/vc_tta_accordion][\/vc_column][\/vc_row][vc_row full_width=&#8221;stretch_row_content&#8221; css=&#8221;.vc_custom_1600441352828{background-color: #312c7a !important;background-position: center !important;background-repeat: no-repeat !important;background-size: cover !important;}&#8221;][vc_column][vc_column_text]<\/p>\n<h3 style=\"text-align: center;\"><span style=\"color: #ffffff;\"><strong><span style=\"font-size: 18pt;\">PRENOTA ORA<\/span><\/strong><\/span><\/h3>\n<p>[\/vc_column_text][\/vc_column][\/vc_row]<\/p>\n<\/div>","protected":false},"excerpt":{"rendered":"<p>[vc_row full_width=&#8221;stretch_row_content_no_spaces&#8221;][vc_column][vc_column_text css=&#8221;.vc_custom_1743421357293{background-color: #F6EB14 !important;background-position: center !important;background-repeat: no-repeat !important;background-size: cover !important;}&#8221; css_animation=&#8221;fadeIn&#8221;] LORO PARQUE [\/vc_column_text][\/vc_column][\/vc_row][vc_row][vc_column][vc_column_text] Tenerife zoo, visitare il Loro&#8230;<\/p>\n","protected":false},"featured_media":289825,"template":"","meta":{"_acf_changed":false,"_seopress_robots_primary_cat":"2303","_seopress_titles_title":"Tenerife zoo, scopra il Loro Parque, il migliore del mondo!","_seopress_titles_desc":"Zoo di Tenerife, scopra il Loro Parque, eletto migliore parco zoologico del mondo secondo Tripadvisor. Prenoti ora da un&#039;impresa italiana","_seopress_robots_index":""},"product_brand":[],"product_cat":[2303],"product_tag":[2514,2515,2516,2517],"class_list":{"0":"post-59298","1":"product","2":"type-product","3":"status-publish","4":"has-post-thumbnail","6":"product_cat-parchi-tematici","7":"product_tag-loro-parque-tenerife","8":"product_tag-parco-animali-tenerife","9":"product_tag-parco-tenerife","10":"product_tag-tenerife-zoo","12":"first","13":"instock","14":"virtual","15":"sold-individually","16":"taxable","17":"purchasable","18":"product-type-booking"},"booking_location":"","booking_location_type":"","booking_duration":1,"booking_duration_unit":"day","booking_buffer":0,"booking_cost":0,"booking_resources":[],"acf":[],"_links":{"self":[{"href":"https:\/\/tenerife-trips.com\/it\/wp-json\/wp\/v2\/product\/59298","targetHints":{"allow":["GET"]}}],"collection":[{"href":"https:\/\/tenerife-trips.com\/it\/wp-json\/wp\/v2\/product"}],"about":[{"href":"https:\/\/tenerife-trips.com\/it\/wp-json\/wp\/v2\/types\/product"}],"wp:featuredmedia":[{"embeddable":true,"href":"https:\/\/tenerife-trips.com\/it\/wp-json\/wp\/v2\/media\/289825"}],"wp:attachment":[{"href":"https:\/\/tenerife-trips.com\/it\/wp-json\/wp\/v2\/media?parent=59298"}],"wp:term":[{"taxonomy":"product_brand","embeddable":true,"href":"https:\/\/tenerife-trips.com\/it\/wp-json\/wp\/v2\/product_brand?post=59298"},{"taxonomy":"product_cat","embeddable":true,"href":"https:\/\/tenerife-trips.com\/it\/wp-json\/wp\/v2\/product_cat?post=59298"},{"taxonomy":"product_tag","embeddable":true,"href":"https:\/\/tenerife-trips.com\/it\/wp-json\/wp\/v2\/product_tag?post=59298"}],"curies":[{"name":"wp","href":"https:\/\/api.w.org\/{rel}","templated":true}]}}