{"id":59396,"date":"2018-04-03T17:08:41","date_gmt":"2018-04-03T16:08:41","guid":{"rendered":"https:\/\/tenerife-trips.com\/?post_type=product&#038;p=59396"},"modified":"2025-12-02T20:21:42","modified_gmt":"2025-12-02T20:21:42","slug":"twin-ticket-tenerife","status":"publish","type":"product","link":"https:\/\/tenerife-trips.com\/it\/product\/parchi-tematici\/twin-ticket-tenerife\/","title":{"rendered":"TWIN TICKET LORO+SIAM"},"content":{"rendered":"<div class=\"wpb-content-wrapper\"><p>[vc_row full_width=&#8221;stretch_row_content_no_spaces&#8221;][vc_column][vc_column_text css=&#8221;.vc_custom_1743290070228{background-color: #F6EB14 !important;background-position: center !important;background-repeat: no-repeat !important;background-size: cover !important;}&#8221; css_animation=&#8221;fadeIn&#8221;]<\/p>\n<h1 class=\"title-h2\" style=\"text-align: center;\"><span style=\"font-size: 18pt; color: #312c7a;\">TWIN TICKET<\/span><\/h1>\n<p>[\/vc_column_text][\/vc_column][\/vc_row][vc_row][vc_column][vc_column_text]<\/p>\n<p style=\"text-align: center;\"><span style=\"font-size: 14pt;\">Il Twin Ticket Tenerife comprende l&#8217;entrata a due dei migliori parchi dell&#8217;isola, il Siam Park ed il Loro Parque; se aquista questo biglietto avr\u00e0 uno sconto sul prezzo totale.<\/span><\/p>\n<p style=\"text-align: center;\"><span style=\"font-size: 14pt;\"><strong>\u21d3 Veda ulteriore descrizione di seguito <\/strong><strong>\u21d3<\/strong><\/span><\/p>\n<p>[\/vc_column_text][\/vc_column][\/vc_row][vc_row full_width=&#8221;stretch_row_content&#8221; full_height=&#8221;yes&#8221; css=&#8221;.vc_custom_1576192123211{background-color: #312c7a !important;background-position: center !important;background-repeat: no-repeat !important;background-size: cover !important;}&#8221;][vc_column]<div class=\"gem-vimeo gem-wrapbox gem-wrapbox-style-no-style rounded-corners gem-wrapbox-position-below\" style=\"width: 100%;\"><div class=\"gem-wrapbox-inner gem-ratio-style\" style=\"padding-top: 56.25%\"><iframe webkitallowfullscreen=\"true\" mozallowfullscreen=\"true\" allowfullscreen=\"true\" class=\"gem-wrapbox-element img-responsive\" frameborder=\"0\" scrolling=\"no\" marginheight=\"0\" marginwidth=\"0\" src=\"\/\/player.vimeo.com\/video\/328641209?title=0&amp;byline=0&amp;portrait=0 \"><\/iframe><\/div><\/div>[vc_empty_space]<div class=\"preloader\"><div class=\"preloader-spin\"><\/div><\/div> <div id=\"gem-gallery-69de730743f85\" class=\"gem-gallery gem-gallery-hover-zooming-blur\"> <div class=\"gem-gallery-item\"> <div class=\"gem-gallery-item-image\"> <a href=\"https:\/\/tenerife-trips.com\/wp-content\/uploads\/2019\/12\/4-7-thegem-gallery-sidebar.jpg\" data-fancybox-group=\"gallery-69de730743f85\" data-full-image-url=\"https:\/\/tenerife-trips.com\/wp-content\/uploads\/2019\/12\/4-7.jpg\"> <svg width=\"20\" height=\"10\"><path d=\"M 0,10 Q 9,9 10,0 Q 11,9 20,10\" \/><\/svg> <img src=\"https:\/\/tenerife-trips.com\/wp-content\/uploads\/2019\/12\/4-7-thegem-post-thumb-small.jpg\" alt=\"siam park\" class=\"img-responsive\"> <span class=\"gem-gallery-caption slide-info\"> <\/span> <\/a> <span class=\"gem-gallery-line\"><\/span> <\/div> <\/div> <div class=\"gem-gallery-item\"> <div class=\"gem-gallery-item-image\"> <a href=\"https:\/\/tenerife-trips.com\/wp-content\/uploads\/2019\/12\/3-7-thegem-gallery-sidebar.jpg\" data-fancybox-group=\"gallery-69de730743f85\" data-full-image-url=\"https:\/\/tenerife-trips.com\/wp-content\/uploads\/2019\/12\/3-7.jpg\"> <svg width=\"20\" height=\"10\"><path d=\"M 0,10 Q 9,9 10,0 Q 11,9 20,10\" \/><\/svg> <img src=\"https:\/\/tenerife-trips.com\/wp-content\/uploads\/2019\/12\/3-7-thegem-post-thumb-small.jpg\" alt=\"siam park\" class=\"img-responsive\"> <span class=\"gem-gallery-caption slide-info\"> <\/span> <\/a> <span class=\"gem-gallery-line\"><\/span> <\/div> <\/div> <div class=\"gem-gallery-item\"> <div class=\"gem-gallery-item-image\"> <a href=\"https:\/\/tenerife-trips.com\/wp-content\/uploads\/2019\/12\/1-11-thegem-gallery-sidebar.jpg\" data-fancybox-group=\"gallery-69de730743f85\" data-full-image-url=\"https:\/\/tenerife-trips.com\/wp-content\/uploads\/2019\/12\/1-11.jpg\"> <svg width=\"20\" height=\"10\"><path d=\"M 0,10 Q 9,9 10,0 Q 11,9 20,10\" \/><\/svg> <img src=\"https:\/\/tenerife-trips.com\/wp-content\/uploads\/2019\/12\/1-11-thegem-post-thumb-small.jpg\" alt=\"entradas Loro Parque y Siam Park\" class=\"img-responsive\"> <span class=\"gem-gallery-caption slide-info\"> <\/span> <\/a> <span class=\"gem-gallery-line\"><\/span> <\/div> <\/div> <div class=\"gem-gallery-item\"> <div class=\"gem-gallery-item-image\"> <a href=\"https:\/\/tenerife-trips.com\/wp-content\/uploads\/2019\/12\/6-4-thegem-gallery-sidebar.jpg\" data-fancybox-group=\"gallery-69de730743f85\" data-full-image-url=\"https:\/\/tenerife-trips.com\/wp-content\/uploads\/2019\/12\/6-4.jpg\"> <svg width=\"20\" height=\"10\"><path d=\"M 0,10 Q 9,9 10,0 Q 11,9 20,10\" \/><\/svg> <img src=\"https:\/\/tenerife-trips.com\/wp-content\/uploads\/2019\/12\/6-4-thegem-post-thumb-small.jpg\" alt=\"Twin Ticket Tenerife\" class=\"img-responsive\"> <span class=\"gem-gallery-caption slide-info\"> <\/span> <\/a> <span class=\"gem-gallery-line\"><\/span> <\/div> <\/div> <div class=\"gem-gallery-item\"> <div class=\"gem-gallery-item-image\"> <a href=\"https:\/\/tenerife-trips.com\/wp-content\/uploads\/2019\/12\/7-thegem-gallery-sidebar.jpg\" data-fancybox-group=\"gallery-69de730743f85\" data-full-image-url=\"https:\/\/tenerife-trips.com\/wp-content\/uploads\/2019\/12\/7.jpg\"> <svg width=\"20\" height=\"10\"><path d=\"M 0,10 Q 9,9 10,0 Q 11,9 20,10\" \/><\/svg> <img src=\"https:\/\/tenerife-trips.com\/wp-content\/uploads\/2019\/12\/7-thegem-post-thumb-small.jpg\" alt=\"loro parque\" class=\"img-responsive\"> <span class=\"gem-gallery-caption slide-info\"> <\/span> <\/a> <span class=\"gem-gallery-line\"><\/span> <\/div> <\/div> <div class=\"gem-gallery-item\"> <div class=\"gem-gallery-item-image\"> <a href=\"https:\/\/tenerife-trips.com\/wp-content\/uploads\/2019\/12\/2-7-thegem-gallery-sidebar.jpg\" data-fancybox-group=\"gallery-69de730743f85\" data-full-image-url=\"https:\/\/tenerife-trips.com\/wp-content\/uploads\/2019\/12\/2-7.jpg\"> <svg width=\"20\" height=\"10\"><path d=\"M 0,10 Q 9,9 10,0 Q 11,9 20,10\" \/><\/svg> <img src=\"https:\/\/tenerife-trips.com\/wp-content\/uploads\/2019\/12\/2-7-thegem-post-thumb-small.jpg\" alt=\"Tenerife zoo\" class=\"img-responsive\"> <span class=\"gem-gallery-caption slide-info\"> <\/span> <\/a> <span class=\"gem-gallery-line\"><\/span> <\/div> <\/div> <div class=\"gem-gallery-item\"> <div class=\"gem-gallery-item-image\"> <a href=\"https:\/\/tenerife-trips.com\/wp-content\/uploads\/2019\/12\/4-6-thegem-gallery-sidebar.jpg\" data-fancybox-group=\"gallery-69de730743f85\" data-full-image-url=\"https:\/\/tenerife-trips.com\/wp-content\/uploads\/2019\/12\/4-6.jpg\"> <svg width=\"20\" height=\"10\"><path d=\"M 0,10 Q 9,9 10,0 Q 11,9 20,10\" \/><\/svg> <img src=\"https:\/\/tenerife-trips.com\/wp-content\/uploads\/2019\/12\/4-6-thegem-post-thumb-small.jpg\" alt=\"Twin Ticket Tenerife\" class=\"img-responsive\"> <span class=\"gem-gallery-caption slide-info\"> <\/span> <\/a> <span class=\"gem-gallery-line\"><\/span> <\/div> <\/div> <div class=\"gem-gallery-item\"> <div class=\"gem-gallery-item-image\"> <a href=\"https:\/\/tenerife-trips.com\/wp-content\/uploads\/2019\/12\/6-7-thegem-gallery-sidebar.jpg\" data-fancybox-group=\"gallery-69de730743f85\" data-full-image-url=\"https:\/\/tenerife-trips.com\/wp-content\/uploads\/2019\/12\/6-7.jpg\"> <svg width=\"20\" height=\"10\"><path d=\"M 0,10 Q 9,9 10,0 Q 11,9 20,10\" \/><\/svg> <img src=\"https:\/\/tenerife-trips.com\/wp-content\/uploads\/2019\/12\/6-7-thegem-post-thumb-small.jpg\" alt=\"entradas Loro Parque y Siam Park\" class=\"img-responsive\"> <span class=\"gem-gallery-caption slide-info\"> <\/span> <\/a> <span class=\"gem-gallery-line\"><\/span> <\/div> <\/div> <\/div>[vc_empty_space][\/vc_column][\/vc_row][vc_row full_width=&#8221;stretch_row&#8221; css=&#8221;.vc_custom_1600441522319{background-color: #312c7a !important;background-position: center !important;background-repeat: no-repeat !important;background-size: cover !important;}&#8221;][vc_column][vc_column_text]<\/p>\n<h3 style=\"text-align: center;\"><span style=\"color: #ffffff;\"><span style=\"font-size: 18pt;\">DESCRIZIONE<\/span><\/span><\/h3>\n<p>[\/vc_column_text][\/vc_column][\/vc_row][vc_row][vc_column][vc_tta_accordion style=&#8221;simple_solid&#8221; color=&#8221;blue&#8221; c_icon=&#8221;chevron&#8221; active_section=&#8221;-0&#8243; collapsible_all=&#8221;true&#8221;][vc_tta_section title=&#8221;INFORMAZIONE SUI PARCHI&#8221; tab_id=&#8221;1577671091617-0af8eee0-940215d5-e83abf13-bbad&#8221;][vc_column_text]<\/p>\n<p style=\"text-align: left;\" align=\"center\"><span style=\"font-size: 14pt;\">Il Twin Ticket Tenerife comprende l&#8217;entrata a due dei migliori parchi dell&#8217;isola, il Siam Park ed il Loro Parque; se aquista questo biglietto avr\u00e0 uno sconto sul prezzo totale.<\/span><\/p>\n<p><span style=\"color: #ff0000; font-size: 14pt;\">Nel caso abbia bisogno del trasporto per raggiungere il Loro Parque ci contatti per comunicarci che giorno vuole andare e da dove deve essere raccolto.\u00a0<\/span><\/p>\n<h3><span style=\"font-size: 12pt;\">A Tenerife il Twin Ticket \u00e8 la scelta migliore per godersi appieno la vacanza; Siam Park ha molte attrazioni ed \u00e8 adatto a tutti, bambini e adulti; per esempio, i pi\u00f9 giovani possono giocare nella &#8220;citt\u00e0 perduta&#8221;; questa \u00e8 un&#8217;area per bambini con torri, ponti, reti, cascate e scivoli. Chi invece \u00e8 in cerca di adrenalina pu\u00f2 salire sulla &#8220;torre del potere&#8221;; su questo scivolo si possono raggiungere 80 km\/h e passare attraverso un acquario con squali e razze.<\/span><\/h3>\n<p><span style=\"font-size: 14pt;\">Al Loro Parque si trovano molte specie di <a href=\"https:\/\/it.wikipedia.org\/wiki\/Mammalia\">mammiferi<\/a>, uccelli, pesci e rettili; inoltre si pu\u00f2 assistere a fantastici spettacoli di orche, delfini, leoni marini e uccelli pi\u00f9 volte al giorno. Questa attrazione ha stabilito diversi record, ad esempio la piscina dello spettacolo dei delfini \u00e8 la pi\u00f9 grande d&#8217;Europa nel suo genere; un altro \u00e8 il tunnel sottomarino che passa attraverso l&#8217;acquario con gli squali e altri pesci; questo \u00e8 il pi\u00f9 lungo del vecchio continente.<\/span><\/p>\n<h3><span style=\"color: #ff0000; font-size: 12pt;\"><span style=\"text-decoration: underline;\">MOLTO IMPORTANTE<\/span>: ci contatti prima di completare la prenotazione del Twin Ticket Tenerife e ci dica quando vuole andare ai parchi; abbiamo bisogno di poco tempo per inviarle il \u200b\u200bbiglietto; <span style=\"text-decoration: underline;\">non \u00e8 necessario stamparlo<\/span>, \u00e8 possibile mostrarlo sul telefono cellulare. il Siam Park \u00e8 aperto tutti i giorni dalle 10:00 alle 17:00; Il loro parque \u00e8 aperto tutti i giorni dalle 09:30 alle 17:30.<\/span><\/h3>\n<p><span style=\"font-size: 14pt;\">Una volta acquistato, ha un biglietto per due parchi; quindi all&#8217;ingresso del primo parco dove va le daranno il biglietto per entrare all&#8217;altro parco. Se va prima al Siam Park, si ricordi di annotare l&#8217;orario ed il luogo di partenza dell&#8217;autobus per il Loro Parque; questi dettagli sono scritti sul Twin Ticket, ma deve consegnarlo all&#8217;ingresso del Siam Park!<\/span><\/p>\n<p><span style=\"font-size: 14pt;\">Per terminare, le ricordiamo che al momento della prenotazione del Twin Ticket Tenerife \u00e8 necessario selezionare anche il numero di bambini che entrano gratis, se presenti. Al momento la capienza nei parchi \u00e8 limitata quindi bisogna scegliere e prenotare un giorno specifico per ogni parco; prima di prenotare deve contattarci e dirci quando vuole visitare i parchi.<\/span>[\/vc_column_text][\/vc_tta_section][vc_tta_section title=&#8221;ORARIO E TRASPORTO&#8221; tab_id=&#8221;1577671091666-736a5870-75e315d5-e83abf13-bbad&#8221;][vc_column_text]<span style=\"text-decoration: underline;\"><span style=\"color: #ff0000; text-decoration: underline;\">ORARIO SIAM PARK:<\/span><\/span><\/p>\n<p>Siam park \u00e8 aperto tutti i giorni dalle 10:00 alle 17:00.<\/p>\n<p><span style=\"text-decoration: underline; color: #ff0000;\">ORARIO LORO PARQUE:<\/span><\/p>\n<p>Loro Parque \u00e8 aperto tutti i giorni dalle 9:30 alle 17:30.<\/p>\n<p>Per il trasporto a Loro Parque le consigliamo di contattarci e verificare la disponibilit\u00e0 dalla sua zona.<\/p>\n<p><strong style=\"font-size: 14pt;\">Guardi il video, si faccia un&#8217;idea dei parchi e prenoti ora!<\/strong>[\/vc_column_text][\/vc_tta_section][\/vc_tta_accordion][\/vc_column][\/vc_row][vc_row full_width=&#8221;stretch_row_content&#8221; css=&#8221;.vc_custom_1600441548740{background-color: #312c7a !important;background-position: center !important;background-repeat: no-repeat !important;background-size: cover !important;}&#8221;][vc_column][vc_column_text]<\/p>\n<h3 style=\"text-align: center;\"><span style=\"color: #ffffff;\"><strong><span style=\"font-size: 18pt;\">PRENOTA ORA<\/span><\/strong><\/span><\/h3>\n<p>[\/vc_column_text][\/vc_column][\/vc_row]<\/p>\n<\/div>","protected":false},"excerpt":{"rendered":"<p>[vc_row full_width=&#8221;stretch_row_content_no_spaces&#8221;][vc_column][vc_column_text css=&#8221;.vc_custom_1743290070228{background-color: #F6EB14 !important;background-position: center !important;background-repeat: no-repeat !important;background-size: cover !important;}&#8221; css_animation=&#8221;fadeIn&#8221;] TWIN TICKET [\/vc_column_text][\/vc_column][\/vc_row][vc_row][vc_column][vc_column_text] Il Twin Ticket Tenerife comprende&#8230;<\/p>\n","protected":false},"featured_media":170274,"template":"","meta":{"_acf_changed":false,"_seopress_robots_primary_cat":"2303","_seopress_titles_title":"Twin Ticket Tenerife, entrata per Siam Park e Loro Parque","_seopress_titles_desc":"Twin Ticket Tenerife, acquisti il biglietto doppio per entrare al Siam Park e al Loro Parque usufruendo di uno sconto sul prezzo totale","_seopress_robots_index":""},"product_brand":[],"product_cat":[2303],"product_tag":[2498,2528,2527,2526],"class_list":{"0":"post-59396","1":"product","2":"type-product","3":"status-publish","4":"has-post-thumbnail","6":"product_cat-parchi-tematici","7":"product_tag-attrazioni-tenerife","8":"product_tag-loro-parque-e-siam-park-tenerife","9":"product_tag-parchi-tenerife","10":"product_tag-twin-ticket-tenerife","12":"first","13":"instock","14":"virtual","15":"sold-individually","16":"taxable","17":"purchasable","18":"product-type-booking"},"booking_location":"","booking_location_type":"","booking_duration":1,"booking_duration_unit":"day","booking_buffer":0,"booking_cost":0,"booking_resources":[],"acf":[],"_links":{"self":[{"href":"https:\/\/tenerife-trips.com\/it\/wp-json\/wp\/v2\/product\/59396","targetHints":{"allow":["GET"]}}],"collection":[{"href":"https:\/\/tenerife-trips.com\/it\/wp-json\/wp\/v2\/product"}],"about":[{"href":"https:\/\/tenerife-trips.com\/it\/wp-json\/wp\/v2\/types\/product"}],"wp:featuredmedia":[{"embeddable":true,"href":"https:\/\/tenerife-trips.com\/it\/wp-json\/wp\/v2\/media\/170274"}],"wp:attachment":[{"href":"https:\/\/tenerife-trips.com\/it\/wp-json\/wp\/v2\/media?parent=59396"}],"wp:term":[{"taxonomy":"product_brand","embeddable":true,"href":"https:\/\/tenerife-trips.com\/it\/wp-json\/wp\/v2\/product_brand?post=59396"},{"taxonomy":"product_cat","embeddable":true,"href":"https:\/\/tenerife-trips.com\/it\/wp-json\/wp\/v2\/product_cat?post=59396"},{"taxonomy":"product_tag","embeddable":true,"href":"https:\/\/tenerife-trips.com\/it\/wp-json\/wp\/v2\/product_tag?post=59396"}],"curies":[{"name":"wp","href":"https:\/\/api.w.org\/{rel}","templated":true}]}}