{"id":699971,"date":"2025-07-09T15:48:20","date_gmt":"2025-07-09T14:48:20","guid":{"rendered":"https:\/\/tenerife-trips.com\/?post_type=product&#038;p=699971"},"modified":"2025-12-02T20:07:28","modified_gmt":"2025-12-02T20:07:28","slug":"jeep-a-tenerife","status":"publish","type":"product","link":"https:\/\/tenerife-trips.com\/it\/product\/avventure-terrestri\/jeep-a-tenerife\/","title":{"rendered":"JEEP COME CONDUCENTE"},"content":{"rendered":"<div class=\"wpb-content-wrapper\"><p>[vc_row full_width=&#8221;stretch_row_content_no_spaces&#8221;][vc_column][vc_column_text css=&#8221;.vc_custom_1752087012163{background-color: #F6EB14 !important;background-position: center !important;background-repeat: no-repeat !important;background-size: cover !important;}&#8221; css_animation=&#8221;fadeIn&#8221;]<\/p>\n<h1 class=\"title-h2\" style=\"text-align: center;\"><span style=\"font-size: 18pt; color: #312c7a;\">JEEP come conducente<\/span><\/h1>\n<p>[\/vc_column_text][\/vc_column][\/vc_row][vc_row][vc_column][vc_column_text css=&#8221;&#8221;]<\/p>\n<p style=\"text-align: center;\"><span style=\"font-size: 14pt;\">Una escursione in jeep a Tenerife \u00e8 senza dubbio uno dei modi migliori per scoprire l&#8217;isola!<\/span><\/p>\n<p style=\"text-decoration: underline; text-align: center;\"><span style=\"font-size: 14pt; color: #312c7a;\"><strong>\u21d3 Veda ulteriore descrizione di seguito \u21d3<\/strong><\/span><\/p>\n<p>[\/vc_column_text][\/vc_column][\/vc_row][vc_row full_width=&#8221;stretch_row_content&#8221; full_height=&#8221;yes&#8221; css=&#8221;.vc_custom_1576192123211{background-color: #312c7a !important;background-position: center !important;background-repeat: no-repeat !important;background-size: cover !important;}&#8221;][vc_column]<div class=\"gem-vimeo gem-wrapbox gem-wrapbox-style-no-style rounded-corners gem-wrapbox-position-below\" style=\"width: 100%;\"><div class=\"gem-wrapbox-inner gem-ratio-style\" style=\"padding-top: 56.25%\"><iframe webkitallowfullscreen=\"true\" mozallowfullscreen=\"true\" allowfullscreen=\"true\" class=\"gem-wrapbox-element img-responsive\" frameborder=\"0\" scrolling=\"no\" marginheight=\"0\" marginwidth=\"0\" src=\"\/\/player.vimeo.com\/video\/331765195?title=0&amp;byline=0&amp;portrait=0 \"><\/iframe><\/div><\/div>[vc_empty_space]<div class=\"preloader\"><div class=\"preloader-spin\"><\/div><\/div> <div id=\"gem-gallery-69dea41993d82\" class=\"gem-gallery gem-gallery-hover-zooming-blur\"> <div class=\"gem-gallery-item\"> <div class=\"gem-gallery-item-image\"> <a href=\"https:\/\/tenerife-trips.com\/wp-content\/uploads\/2019\/12\/1-5-thegem-gallery-sidebar.jpg\" data-fancybox-group=\"gallery-69dea41993d82\" data-full-image-url=\"https:\/\/tenerife-trips.com\/wp-content\/uploads\/2019\/12\/1-5.jpg\"> <svg width=\"20\" height=\"10\"><path d=\"M 0,10 Q 9,9 10,0 Q 11,9 20,10\" \/><\/svg> <img src=\"https:\/\/tenerife-trips.com\/wp-content\/uploads\/2019\/12\/1-5-thegem-post-thumb-small.jpg\" alt=\"jeep Tenerife\" class=\"img-responsive\"> <span class=\"gem-gallery-caption slide-info\"> <\/span> <\/a> <span class=\"gem-gallery-line\"><\/span> <\/div> <\/div> <div class=\"gem-gallery-item\"> <div class=\"gem-gallery-item-image\"> <a href=\"https:\/\/tenerife-trips.com\/wp-content\/uploads\/2019\/12\/2-thegem-gallery-sidebar.jpg\" data-fancybox-group=\"gallery-69dea41993d82\" data-full-image-url=\"https:\/\/tenerife-trips.com\/wp-content\/uploads\/2019\/12\/2.jpg\"> <svg width=\"20\" height=\"10\"><path d=\"M 0,10 Q 9,9 10,0 Q 11,9 20,10\" \/><\/svg> <img src=\"https:\/\/tenerife-trips.com\/wp-content\/uploads\/2019\/12\/2-thegem-post-thumb-small.jpg\" alt=\"jeep Tenerife\" class=\"img-responsive\"> <span class=\"gem-gallery-caption slide-info\"> <\/span> <\/a> <span class=\"gem-gallery-line\"><\/span> <\/div> <\/div> <div class=\"gem-gallery-item\"> <div class=\"gem-gallery-item-image\"> <a href=\"https:\/\/tenerife-trips.com\/wp-content\/uploads\/2019\/12\/3-8-thegem-gallery-sidebar.jpg\" data-fancybox-group=\"gallery-69dea41993d82\" data-full-image-url=\"https:\/\/tenerife-trips.com\/wp-content\/uploads\/2019\/12\/3-8.jpg\"> <svg width=\"20\" height=\"10\"><path d=\"M 0,10 Q 9,9 10,0 Q 11,9 20,10\" \/><\/svg> <img src=\"https:\/\/tenerife-trips.com\/wp-content\/uploads\/2019\/12\/3-8-thegem-post-thumb-small.jpg\" alt=\"jeep Tenerife\" class=\"img-responsive\"> <span class=\"gem-gallery-caption slide-info\"> <\/span> <\/a> <span class=\"gem-gallery-line\"><\/span> <\/div> <\/div> <div class=\"gem-gallery-item\"> <div class=\"gem-gallery-item-image\"> <a href=\"https:\/\/tenerife-trips.com\/wp-content\/uploads\/2019\/12\/4-5-thegem-gallery-sidebar.jpg\" data-fancybox-group=\"gallery-69dea41993d82\" data-full-image-url=\"https:\/\/tenerife-trips.com\/wp-content\/uploads\/2019\/12\/4-5.jpg\"> <svg width=\"20\" height=\"10\"><path d=\"M 0,10 Q 9,9 10,0 Q 11,9 20,10\" \/><\/svg> <img src=\"https:\/\/tenerife-trips.com\/wp-content\/uploads\/2019\/12\/4-5-thegem-post-thumb-small.jpg\" alt=\"jeep Tenerife\" class=\"img-responsive\"> <span class=\"gem-gallery-caption slide-info\"> <\/span> <\/a> <span class=\"gem-gallery-line\"><\/span> <\/div> <\/div> <div class=\"gem-gallery-item\"> <div class=\"gem-gallery-item-image\"> <a href=\"https:\/\/tenerife-trips.com\/wp-content\/uploads\/2019\/12\/5-10-thegem-gallery-sidebar.jpg\" data-fancybox-group=\"gallery-69dea41993d82\" data-full-image-url=\"https:\/\/tenerife-trips.com\/wp-content\/uploads\/2019\/12\/5-10.jpg\"> <svg width=\"20\" height=\"10\"><path d=\"M 0,10 Q 9,9 10,0 Q 11,9 20,10\" \/><\/svg> <img src=\"https:\/\/tenerife-trips.com\/wp-content\/uploads\/2019\/12\/5-10-thegem-post-thumb-small.jpg\" alt=\"jeep Tenerife\" class=\"img-responsive\"> <span class=\"gem-gallery-caption slide-info\"> <\/span> <\/a> <span class=\"gem-gallery-line\"><\/span> <\/div> <\/div> <div class=\"gem-gallery-item\"> <div class=\"gem-gallery-item-image\"> <a href=\"https:\/\/tenerife-trips.com\/wp-content\/uploads\/2019\/12\/5-leg-thegem-gallery-sidebar.jpg\" data-fancybox-group=\"gallery-69dea41993d82\" data-full-image-url=\"https:\/\/tenerife-trips.com\/wp-content\/uploads\/2019\/12\/5-leg.jpg\"> <svg width=\"20\" height=\"10\"><path d=\"M 0,10 Q 9,9 10,0 Q 11,9 20,10\" \/><\/svg> <img src=\"https:\/\/tenerife-trips.com\/wp-content\/uploads\/2019\/12\/5-leg-thegem-post-thumb-small.jpg\" alt=\"\" class=\"img-responsive\"> <span class=\"gem-gallery-caption slide-info\"> <\/span> <\/a> <span class=\"gem-gallery-line\"><\/span> <\/div> <\/div> <div class=\"gem-gallery-item\"> <div class=\"gem-gallery-item-image\"> <a href=\"https:\/\/tenerife-trips.com\/wp-content\/uploads\/2019\/12\/4leg-1-thegem-gallery-sidebar.jpg\" data-fancybox-group=\"gallery-69dea41993d82\" data-full-image-url=\"https:\/\/tenerife-trips.com\/wp-content\/uploads\/2019\/12\/4leg-1.jpg\"> <svg width=\"20\" height=\"10\"><path d=\"M 0,10 Q 9,9 10,0 Q 11,9 20,10\" \/><\/svg> <img src=\"https:\/\/tenerife-trips.com\/wp-content\/uploads\/2019\/12\/4leg-1-thegem-post-thumb-small.jpg\" alt=\"jeep safari Tenerife\" class=\"img-responsive\"> <span class=\"gem-gallery-caption slide-info\"> <\/span> <\/a> <span class=\"gem-gallery-line\"><\/span> <\/div> <\/div> <\/div>[vc_empty_space][\/vc_column][\/vc_row][vc_row full_width=&#8221;stretch_row&#8221; css=&#8221;.vc_custom_1577672701198{background-color: #312c7a !important;background-position: center !important;background-repeat: no-repeat !important;background-size: cover !important;}&#8221;][vc_column][vc_column_text css=&#8221;&#8221;]<\/p>\n<h3 style=\"text-align: center;\"><span style=\"color: #ffffff; font-size: 18pt;\">DESCRizione<\/span><\/h3>\n<p>[\/vc_column_text][\/vc_column][\/vc_row][vc_row][vc_column][vc_tta_accordion style=&#8221;simple_solid&#8221; color=&#8221;blue&#8221; c_icon=&#8221;chevron&#8221; active_section=&#8221;-00&#8243; collapsible_all=&#8221;true&#8221;][vc_tta_section title=&#8221;SPIEGAZIONE ESCURSIONE&#8221; tab_id=&#8221;1577672666530-17510263-e5b3731c-73a33577-8584877d-2b61320e-bfee&#8221;][vc_column_text css=&#8221;&#8221;]<span style=\"font-size: 14pt;\">Prima di tutto dobbiamo dire che l&#8217;escursione in jeep a Tenerife \u00e8 sicuramente una delle <a href=\"https:\/\/tenerife-trips.com\/it\/cosa-fare-a-tenerife\/\" target=\"_blank\" rel=\"noopener\">migliori escursioni<\/a> per visitare l&#8217;isola!<\/span><\/p>\n<p><span style=\"font-size: 14pt;\">La Jeep Wrangler a trazione integrale pu\u00f2 portare a bordo un massimo di 4 persone (3 passeggeri e l&#8217;autista). Con un tour in jeep potrete godervi meglio i paesaggi dei fantastici luoghi che visiterete. Sarete in un gruppo di veicoli al seguito della guida. Quest&#8217;ultima fornir\u00e0 informazioni interessanti durante l&#8217;escursione in inglese, spagnolo e italiano.<\/span><\/p>\n<p><span style=\"font-size: 14pt;\">Pu\u00f2 guidare la sua jeep e avere con lei altre 3 persone. <span style=\"color: #ff0000;\">Per poter guidare<\/span> durante la escursione in jeep a Tenerife <span style=\"color: #ff0000;\">\u00e8 necessario essere in possesso di una patente di guida valida da almeno due anni e avere almeno 21 anni compiuti<\/span>. Sono ammessi due conducenti che si possono dare il cambio durante la escursione. Si pu\u00f2 aggiungere un terzo conducente pagando 30\u20ac addizionali.\u00a0<\/span><\/p>\n<h3><span style=\"font-size: 12pt;\">SONO DISPONIBILI DIVERSI TOUR PER La escursione IN JEEP a Tenerife:<\/span><\/h3>\n<ul>\n<li><span style=\"font-size: 14pt;\"><span style=\"text-decoration: underline;\"><strong>Teide al tramonto:<\/strong><\/span> partendo dalla base in Costa Adeje ci dirigeremo verso Gu\u00eda de Isora passando per il paese di Chio per prendere la strada TF38 che sale al Parco Nazionale del Teide. A 1000 metri sul livello del mare entreremo nel nostro terreno privato di 15.000 metri quadrati dove potrete godervi circa 20 minuti di guida su un circuito sterrato facendo fuoristrada. Poi continueremo il viaggio salendo verso il centro del parco nazionale. Ci fermeremo nella localit\u00e0 centrale <a href=\"https:\/\/maps.app.goo.gl\/spL6xebzqpo8oEsv8\" target=\"_blank\" rel=\"noopener\">Roques de Garcia<\/a> a 2200 metri di altitudine. Qui si pu\u00f2 ammirare la maestosa cima del vulcano Teide e l&#8217;altopiano <a href=\"https:\/\/maps.app.goo.gl\/FpdSzecaD3S92vDE9\" target=\"_blank\" rel=\"noopener\">Llano de Ucanca<\/a>. Sulla via del ritorno ci fermeremo in un punto panoramico dove potremo ammirare il tramonto e la vista di altre isole guardando a ovest. Avrete a disposizione un frigorifero con bevande fredde e panini con pollo e formaggio o tonno. Dopo la sosta per ammirare il tramonto, torneremo al punto di partenza in Costa Adeje.<\/span><\/li>\n<li><span style=\"font-size: 14pt;\"><span style=\"text-decoration: underline;\"><strong>Teide di giorno:<\/strong><\/span> questo tour \u00e8 esattamente come il tour Teide al tramonto, solo che non prevede la vista del tramonto poich\u00e9 viene effettuato di giorno.<\/span><\/li>\n<li><span style=\"font-size: 14pt;\"><span style=\"text-decoration: underline;\"><strong>Tour sulla costa:<\/strong><\/span> dalla base in Costa Adeje ci dirigeremo verso Gu\u00eda de Isora passando per il paese di Chio per prendere la strada TF38 che sale al Parco Nazionale del Teide. A 1000 metri di altitudine entreremo nel nostro terreno privato di 15.000 metri quadrati dove potrete godervi circa 20 minuti di guida su un circuito sterrato facendo fuoristrada. Successivamente andremo a Los Gigantes per ammirare le splendide scogliere da un <a href=\"https:\/\/maps.app.goo.gl\/mtHpy23rLapQ9d1s6\" target=\"_blank\" rel=\"noopener\">punto panoramico<\/a>. Dopodich\u00e9 ci dirigiamo verso sud sulla costa e ci fermiamo a \u201c<a href=\"https:\/\/maps.app.goo.gl\/UrFU1qFN5yaHvPrL9\" target=\"_blank\" rel=\"noopener\">El Balito<\/a>\u201d. Qui possiamo andare un po&#8217; fuoristrada e fare un bagno in mare prima di tornare al nostro ufficio in Costa Adeje.<\/span><\/li>\n<\/ul>\n<p><span style=\"font-size: 14pt;\">A ogni sosta, la nostra guida vi racconter\u00e0 aneddoti e storie sul vulcano e sui luoghi visitati. Scatter\u00e0 anche delle foto che potrete acquistare alla fine del tour, se lo desiderate. Abbiamo giacche per il freddo, se qualcuno ne ha bisogno. La durata di ogni tour \u00e8 di circa 3,5 ore.<\/span><\/p>\n<p><span style=\"font-size: 14pt;\">Se non si desidera guidare, \u00e8 anche possibile salire sulla jeep come passeggero con la guida. Chieda informazioni a riguardo al nostro servizio clienti.<\/span><\/p>\n<p><span style=\"color: #ff0000; font-size: 14pt;\">Questa attivit\u00e0 non \u00e8 adatta ai bambini di et\u00e0 inferiore ai 2 anni e alle persone di et\u00e0 superiore ai 95 anni.<\/span>[\/vc_column_text][\/vc_tta_section][vc_tta_section title=&#8221;SERVIZIO DI TRASPORTO&#8221; tab_id=&#8221;1577672666572-9f2a1dc7-b12a731c-73a33577-8584877d-2b61320e-bfee&#8221;][vc_column_text css=&#8221;&#8221;]<span style=\"font-size: 14pt;\">Il servizio di trasporto non \u00e8 disponibile, ma \u00e8 possibile ottenere un rimborso del taxi fino a 10 \u20ac mostrando la ricevuta. L&#8217;ufficio dove dovr\u00e0 recarsi si trova in Costa Adeje.<\/span><\/p>\n<h6><span style=\"color: #312c7a;\"><strong>Guardi il video, si faccia un\u2019idea di com\u2019\u00e8 il tour in jeep a Tenerife e prenoti subito!<\/strong><\/span><\/h6>\n<p>[\/vc_column_text][\/vc_tta_section][\/vc_tta_accordion][vc_empty_space height=&#8221;30&#8243;]<style type=\"text\/css\">.thegem-button-69dea4199524d3258 .gem-button svg {fill: #ffffff;}.thegem-button-69dea4199524d3258 .gem-button:hover svg {fill: #312c7a;}<\/style><div class=\"gem-button-container gem-button-position-center thegem-button-69dea4199524d3258    \"  ><a class=\"gem-button gem-button-size-small gem-button-style-flat gem-button-text-weight-normal\" data-ll-effect=\"drop-right-without-wrap\" style=\"border-radius: 3px;background-color: #312c7a;color: #ffffff;\" onmouseleave=\"this.style.backgroundColor='#312c7a';this.style.color='#ffffff';\" onmouseenter=\"this.style.backgroundColor='#f6eb14';this.style.color='#312c7a';\" href=\"#prices-tamaran\" target=\"_self\">PREZZI<\/a><\/div> [\/vc_column][\/vc_row][vc_row full_width=&#8221;stretch_row&#8221; css=&#8221;.vc_custom_1577672746230{background-color: #312c7a !important;background-position: center !important;background-repeat: no-repeat !important;background-size: cover !important;}&#8221;][vc_column][vc_column_text css=&#8221;.vc_custom_1752092662118{background-color: #312c7a !important;background-position: center !important;background-repeat: no-repeat !important;background-size: cover !important;}&#8221;]<\/p>\n<h3 style=\"text-align: center;\"><strong><span style=\"font-size: 18pt; color: #ffffff;\">PRENOTA ORA<\/span><\/strong><\/h3>\n<p>[\/vc_column_text][vc_empty_space height=&#8221;10px&#8221;][\/vc_column][\/vc_row][vc_section][vc_row][vc_column][vc_empty_space height=&#8221;1px&#8221;][\/vc_column][\/vc_row][vc_row][vc_column width=&#8221;1\/3&#8243;][vc_empty_space][vc_empty_space][vc_column_text css=&#8221;&#8221;]<span style=\"font-family: helvetica, arial, sans-serif;\"><strong>\u00a0 \u00a0 \u00a0 \u00a0 VUOI FARE UN REGALO?<\/strong><\/span>[\/vc_column_text][\/vc_column][vc_column width=&#8221;1\/3&#8243;][vc_single_image image=&#8221;451885&#8243; img_size=&#8221;medium&#8221; alignment=&#8221;center&#8221; style=&#8221;vc_box_rounded&#8221; onclick=&#8221;custom_link&#8221; img_link_target=&#8221;_blank&#8221; css=&#8221;&#8221; link=&#8221;https:\/\/tenerife-trips.com\/it\/product\/wps_wgm_giftcard-4\/carta-regalo\/&#8221;][\/vc_column][vc_column width=&#8221;1\/3&#8243;]<style type=\"text\/css\">.thegem-button-69dea419960859768 .gem-button svg {fill: #ffffff;}.thegem-button-69dea419960859768 .gem-button:hover svg {fill: #ffffff;}<\/style><div class=\"gem-button-container gem-button-position-center thegem-button-69dea419960859768    \"  ><a class=\"gem-button gem-button-size-medium gem-button-style-flat gem-button-text-weight-normal gem-button-icon-position-left  gem-button-tablet-size-medium gem-button-mobile-size-medium\" data-ll-effect=\"drop-right-without-wrap\" style=\"border-radius: 3px;background-color: #1a9144;color: #ffffff;\" onmouseleave=\"this.style.backgroundColor='#1a9144';this.style.color='#ffffff';\" onmouseenter=\"this.style.backgroundColor='#312c7a';this.style.color='#ffffff';\" href=\"https:\/\/tenerife-trips.com\/it\/product\/wps_wgm_giftcard-4\/carta-regalo\/\" target=\"_blank\" id=\"giftjetski\"><i class=\"gem-print-icon gem-icon-pack-elegant \">&#xe073;<\/i>COMPRA UNA CARTA REGALO<\/a><\/div> [\/vc_column][\/vc_row][\/vc_section][vc_row][vc_column][vc_empty_space el_id=&#8221;prices-tamaran&#8221;][\/vc_column][\/vc_row]<\/p>\n<\/div>","protected":false},"excerpt":{"rendered":"<p>[vc_row full_width=&#8221;stretch_row_content_no_spaces&#8221;][vc_column][vc_column_text css=&#8221;.vc_custom_1752087012163{background-color: #F6EB14 !important;background-position: center !important;background-repeat: no-repeat !important;background-size: cover !important;}&#8221; css_animation=&#8221;fadeIn&#8221;] JEEP come conducente [\/vc_column_text][\/vc_column][\/vc_row][vc_row][vc_column][vc_column_text css=&#8221;&#8221;] Una escursione in&#8230;<\/p>\n","protected":false},"featured_media":699931,"template":"","meta":{"_acf_changed":false,"_seopress_robots_primary_cat":"2300","_seopress_titles_title":"Escursione in jeep a Tenerife, guida un Wrangler e scopri l&#039;isola","_seopress_titles_desc":"Prenota una escursione in Jeep a Tenerife e guida attraverso scenari mozzafiato. Diversi tour disponibili, Teide al tramonto o di giorno oppure sulla costa","_seopress_robots_index":""},"product_brand":[],"product_cat":[2300],"product_tag":[2441],"class_list":{"0":"post-699971","1":"product","2":"type-product","3":"status-publish","4":"has-post-thumbnail","6":"product_cat-avventure-terrestri","7":"product_tag-jeep-tenerife","9":"first","10":"instock","11":"virtual","12":"sold-individually","13":"taxable","14":"purchasable","15":"product-type-booking"},"booking_location":"","booking_location_type":"","booking_duration":1,"booking_duration_unit":"day","booking_buffer":0,"booking_cost":0,"booking_resources":[],"acf":[],"_links":{"self":[{"href":"https:\/\/tenerife-trips.com\/it\/wp-json\/wp\/v2\/product\/699971","targetHints":{"allow":["GET"]}}],"collection":[{"href":"https:\/\/tenerife-trips.com\/it\/wp-json\/wp\/v2\/product"}],"about":[{"href":"https:\/\/tenerife-trips.com\/it\/wp-json\/wp\/v2\/types\/product"}],"wp:featuredmedia":[{"embeddable":true,"href":"https:\/\/tenerife-trips.com\/it\/wp-json\/wp\/v2\/media\/699931"}],"wp:attachment":[{"href":"https:\/\/tenerife-trips.com\/it\/wp-json\/wp\/v2\/media?parent=699971"}],"wp:term":[{"taxonomy":"product_brand","embeddable":true,"href":"https:\/\/tenerife-trips.com\/it\/wp-json\/wp\/v2\/product_brand?post=699971"},{"taxonomy":"product_cat","embeddable":true,"href":"https:\/\/tenerife-trips.com\/it\/wp-json\/wp\/v2\/product_cat?post=699971"},{"taxonomy":"product_tag","embeddable":true,"href":"https:\/\/tenerife-trips.com\/it\/wp-json\/wp\/v2\/product_tag?post=699971"}],"curies":[{"name":"wp","href":"https:\/\/api.w.org\/{rel}","templated":true}]}}