{"id":86050,"date":"2020-10-22T14:04:25","date_gmt":"2020-10-22T13:04:25","guid":{"rendered":"https:\/\/tenerife-trips.com\/?post_type=product&#038;p=86050"},"modified":"2026-04-09T14:17:49","modified_gmt":"2026-04-09T13:17:49","slug":"elicottero-tenerife","status":"publish","type":"product","link":"https:\/\/tenerife-trips.com\/it\/product\/sport-daria\/elicottero-tenerife\/","title":{"rendered":"ELICOTTERO"},"content":{"rendered":"<div class=\"wpb-content-wrapper\"><p>[vc_row full_width=&#8221;stretch_row_content_no_spaces&#8221;][vc_column][vc_column_text css=&#8221;.vc_custom_1743418092039{background-color: #F6EB14 !important;background-position: center !important;background-repeat: no-repeat !important;background-size: cover !important;}&#8221; css_animation=&#8221;fadeIn&#8221;]<\/p>\n<h1 class=\"title-h2\" style=\"text-align: center;\"><span style=\"font-size: 18pt; color: #312c7a;\">ELICOTTERO<\/span><\/h1>\n<p>[\/vc_column_text][\/vc_column][\/vc_row][vc_row][vc_column][vc_column_text]<\/p>\n<p style=\"text-align: center;\">Un volo con l&#8217;elicottero Tenerife \u00e8 senza dubbio una delle migliori escursioni sull&#8217;isola; sono disponibili diversi percorsi, da 20 a 120 km!<\/p>\n<p style=\"text-align: center;\"><strong>\u21d3 Veda ulteriore descrizione di seguito \u21d3<\/strong><\/p>\n<p>[\/vc_column_text][vc_empty_space][\/vc_column][\/vc_row][vc_row full_width=&#8221;stretch_row_content&#8221; full_height=&#8221;yes&#8221; css=&#8221;.vc_custom_1576192123211{background-color: #312c7a !important;background-position: center !important;background-repeat: no-repeat !important;background-size: cover !important;}&#8221;][vc_column]<div class=\"gem-vimeo gem-wrapbox gem-wrapbox-style-no-style rounded-corners gem-wrapbox-position-below\" style=\"width: 100%;\"><div class=\"gem-wrapbox-inner gem-ratio-style\" style=\"padding-top: 56.25%\"><iframe webkitallowfullscreen=\"true\" mozallowfullscreen=\"true\" allowfullscreen=\"true\" class=\"gem-wrapbox-element img-responsive\" frameborder=\"0\" scrolling=\"no\" marginheight=\"0\" marginwidth=\"0\" src=\"\/\/player.vimeo.com\/video\/470712681?title=0&amp;byline=0&amp;portrait=0 \"><\/iframe><\/div><\/div>[vc_empty_space]<div class=\"preloader\"><div class=\"preloader-spin\"><\/div><\/div> <div id=\"gem-gallery-69de7328b100c\" class=\"gem-gallery gem-gallery-hover-zooming-blur\"> <div class=\"gem-gallery-item\"> <div class=\"gem-gallery-item-image\"> <a href=\"https:\/\/tenerife-trips.com\/wp-content\/uploads\/2020\/10\/elicottero-Tenerife-thegem-gallery-sidebar.png\" data-fancybox-group=\"gallery-69de7328b100c\" data-full-image-url=\"https:\/\/tenerife-trips.com\/wp-content\/uploads\/2020\/10\/elicottero-Tenerife.png\"> <svg width=\"20\" height=\"10\"><path d=\"M 0,10 Q 9,9 10,0 Q 11,9 20,10\" \/><\/svg> <img src=\"https:\/\/tenerife-trips.com\/wp-content\/uploads\/2020\/10\/elicottero-Tenerife-thegem-post-thumb-small.png\" alt=\"elicottero Tenerife\" class=\"img-responsive\"> <span class=\"gem-gallery-caption slide-info\"> <\/span> <\/a> <span class=\"gem-gallery-line\"><\/span> <\/div> <\/div> <div class=\"gem-gallery-item\"> <div class=\"gem-gallery-item-image\"> <a href=\"https:\/\/tenerife-trips.com\/wp-content\/uploads\/2020\/10\/helicopter-tour-Tenerife-thegem-gallery-sidebar.png\" data-fancybox-group=\"gallery-69de7328b100c\" data-full-image-url=\"https:\/\/tenerife-trips.com\/wp-content\/uploads\/2020\/10\/helicopter-tour-Tenerife.png\"> <svg width=\"20\" height=\"10\"><path d=\"M 0,10 Q 9,9 10,0 Q 11,9 20,10\" \/><\/svg> <img src=\"https:\/\/tenerife-trips.com\/wp-content\/uploads\/2020\/10\/helicopter-tour-Tenerife-thegem-post-thumb-small.png\" alt=\"\" class=\"img-responsive\"> <span class=\"gem-gallery-caption slide-info\"> <\/span> <\/a> <span class=\"gem-gallery-line\"><\/span> <\/div> <\/div> <div class=\"gem-gallery-item\"> <div class=\"gem-gallery-item-image\"> <a href=\"https:\/\/tenerife-trips.com\/wp-content\/uploads\/2020\/10\/b-thegem-gallery-sidebar.jpg\" data-fancybox-group=\"gallery-69de7328b100c\" data-full-image-url=\"https:\/\/tenerife-trips.com\/wp-content\/uploads\/2020\/10\/b.jpg\"> <svg width=\"20\" height=\"10\"><path d=\"M 0,10 Q 9,9 10,0 Q 11,9 20,10\" \/><\/svg> <img src=\"https:\/\/tenerife-trips.com\/wp-content\/uploads\/2020\/10\/b-thegem-post-thumb-small.jpg\" alt=\"\" class=\"img-responsive\"> <span class=\"gem-gallery-caption slide-info\"> <\/span> <\/a> <span class=\"gem-gallery-line\"><\/span> <\/div> <\/div> <div class=\"gem-gallery-item\"> <div class=\"gem-gallery-item-image\"> <a href=\"https:\/\/tenerife-trips.com\/wp-content\/uploads\/2020\/10\/a-thegem-gallery-sidebar.jpg\" data-fancybox-group=\"gallery-69de7328b100c\" data-full-image-url=\"https:\/\/tenerife-trips.com\/wp-content\/uploads\/2020\/10\/a.jpg\"> <svg width=\"20\" height=\"10\"><path d=\"M 0,10 Q 9,9 10,0 Q 11,9 20,10\" \/><\/svg> <img src=\"https:\/\/tenerife-trips.com\/wp-content\/uploads\/2020\/10\/a-thegem-post-thumb-small.jpg\" alt=\"\" class=\"img-responsive\"> <span class=\"gem-gallery-caption slide-info\"> <\/span> <\/a> <span class=\"gem-gallery-line\"><\/span> <\/div> <\/div> <div class=\"gem-gallery-item\"> <div class=\"gem-gallery-item-image\"> <a href=\"https:\/\/tenerife-trips.com\/wp-content\/uploads\/2020\/10\/c-thegem-gallery-sidebar.jpg\" data-fancybox-group=\"gallery-69de7328b100c\" data-full-image-url=\"https:\/\/tenerife-trips.com\/wp-content\/uploads\/2020\/10\/c.jpg\"> <svg width=\"20\" height=\"10\"><path d=\"M 0,10 Q 9,9 10,0 Q 11,9 20,10\" \/><\/svg> <img src=\"https:\/\/tenerife-trips.com\/wp-content\/uploads\/2020\/10\/c-thegem-post-thumb-small.jpg\" alt=\"\" class=\"img-responsive\"> <span class=\"gem-gallery-caption slide-info\"> <\/span> <\/a> <span class=\"gem-gallery-line\"><\/span> <\/div> <\/div> <div class=\"gem-gallery-item\"> <div class=\"gem-gallery-item-image\"> <a href=\"https:\/\/tenerife-trips.com\/wp-content\/uploads\/2020\/10\/d-thegem-gallery-sidebar.jpg\" data-fancybox-group=\"gallery-69de7328b100c\" data-full-image-url=\"https:\/\/tenerife-trips.com\/wp-content\/uploads\/2020\/10\/d.jpg\"> <svg width=\"20\" height=\"10\"><path d=\"M 0,10 Q 9,9 10,0 Q 11,9 20,10\" \/><\/svg> <img src=\"https:\/\/tenerife-trips.com\/wp-content\/uploads\/2020\/10\/d-thegem-post-thumb-small.jpg\" alt=\"\" class=\"img-responsive\"> <span class=\"gem-gallery-caption slide-info\"> <\/span> <\/a> <span class=\"gem-gallery-line\"><\/span> <\/div> <\/div> <\/div>[vc_empty_space][\/vc_column][\/vc_row][vc_row full_width=&#8221;stretch_row&#8221; css=&#8221;.vc_custom_1577670800120{background-color: #312c7a !important;background-position: center !important;background-repeat: no-repeat !important;background-size: cover !important;}&#8221;][vc_column][vc_column_text]<\/p>\n<h3 style=\"text-align: center;\"><span style=\"color: #ffffff; font-size: 18pt;\">DESCRIZIONE<\/span><\/h3>\n<p>[\/vc_column_text][\/vc_column][\/vc_row][vc_row][vc_column][vc_tta_accordion style=&#8221;simple_solid&#8221; color=&#8221;blue&#8221; c_icon=&#8221;chevron&#8221; active_section=&#8221;-0&#8243; collapsible_all=&#8221;true&#8221;][vc_tta_section title=&#8221;SPIEGAZIONE ESCURSIONE&#8221; tab_id=&#8221;1577670774782-176a6d5c-3339d176-6d958167-dbaa&#8221;][vc_column_text css=&#8221;&#8221;]Il tour con l&#8217;elicottero Tenerife \u00e8 sicuramente una delle migliori esperienze disponibili sull&#8217;isola; potr\u00e0 sorvolare i migliori paesaggi e scattare video e foto dei panorami mozzafiato di Tenerife dal cielo.<\/p>\n<h3><span style=\"font-size: 12pt;\">IL PUNTO DI PARTENZA DOVE DEVe VENIRE \u00c8 SITUATO NELLA ZONA DI <a href=\"https:\/\/www.google.com\/maps\/place\/Adeje,+Santa+Cruz+de+Tenerife\/@28.1217966,-16.7426763,15z\/data=!3m1!4b1!4m5!3m4!1s0xc6a909bd5432ced:0x2abb5d93f23f4103!8m2!3d28.1220604!4d-16.7338211\">ADEJE<\/a>, NEL SUD. Ci SONO DIVERSI TOUR DISPONIBILI CON L&#8217;ELICOTTERO TENERIFE, DA 20 A 120 KM; ECCO UNA MAPPA CHE le MOSTRA LE OPZIONI CHE PU\u00f2 SCEGLIERE:<\/span><\/h3>\n<h3><span style=\"text-decoration: underline; font-size: 14pt; color: #ff0000;\"><strong><img alt=\"\" class=\"alignleft wp-image-662284 size-full\" src=\"https:\/\/www.tenerife-trips.com\/wp-content\/uploads\/2020\/10\/finale.jpg\" alt=\"\" width=\"1562\" height=\"1080\" srcset=\"https:\/\/tenerife-trips.com\/wp-content\/uploads\/2020\/10\/finale.jpg 1562w, https:\/\/tenerife-trips.com\/wp-content\/uploads\/2020\/10\/finale-600x415.jpg 600w, https:\/\/tenerife-trips.com\/wp-content\/uploads\/2020\/10\/finale-300x207.jpg 300w, https:\/\/tenerife-trips.com\/wp-content\/uploads\/2020\/10\/finale-1024x708.jpg 1024w, https:\/\/tenerife-trips.com\/wp-content\/uploads\/2020\/10\/finale-768x531.jpg 768w, https:\/\/tenerife-trips.com\/wp-content\/uploads\/2020\/10\/finale-1536x1062.jpg 1536w\" sizes=\"(max-width: 1562px) 100vw, 1562px\" \/><\/strong><\/span><\/h3>\n<h2><span style=\"text-decoration: underline; font-size: 14pt; color: #312c7a;\"><strong>ELICOTTERO TENERIFE, DESCRIZIONE DEI TOUR:<\/strong><\/span><\/h2>\n<h4><span style=\"text-decoration: underline; color: #f78436;\"><strong><span style=\"font-size: 12pt;\">COSTA SUD (20 KM, 7 MINUTI):<\/span><\/strong><\/span><\/h4>\n<p>Per prima cosa sorvoleremo la Costa Adeje, passando sopra il paese di <a href=\"https:\/\/www.google.com\/maps\/place\/38679+La+Caleta,+Santa+Cruz+de+Tenerife\/@28.1008885,-16.7577555,17z\/data=!3m1!4b1!4m5!3m4!1s0xc6a90ce8bf2530f:0x4eacec4c09089d93!8m2!3d28.1001994!4d-16.7547945\">La Caleta<\/a> e il suo campo da golf. In secondo luogo, daremo un&#8217;occhiata alle zone turistiche di Playa de Las Am\u00e9ricas e Los Cristianos. Questo tour le permetter\u00e0 di scoprire la zona turistica pi\u00f9 famosa dell&#8217;isola.<\/p>\n<h4><span style=\"text-decoration: underline; color: #00ccff;\"><span style=\"font-size: 12pt;\"><strong>SPIAGGE E CANYON (30KM, 10 MINUTI):<\/strong><\/span><\/span><\/h4>\n<p>l&#8217;elicottero di Tenerife sorvola per primo il paese di La Caleta e il suo campo da golf; in seguito vedremo le zone turistiche di Playa de las Am\u00e9ricas e Los Cristianos. Successivamente potr\u00e0 ammirare il <a href=\"https:\/\/www.google.com\/maps\/place\/Roque+del+Conde\/@28.1041663,-16.7073658,15z\/data=!4m13!1m7!3m6!1s0xc6a9a21cb047743:0x687e64a4895cec00!2sRoque+del+Conde!3b1!8m2!3d28.104167!4d-16.698611!3m4!1s0xc6a9a21ca4e80a7:0x53b2dfc681b84580!8m2!3d28.1042591!4d-16.6985616\">Roque del Conde<\/a> e scoprire il Barranco del Infierno e le sue gole; potremo apprezzare il vulcano Teide e la sua vetta di 3718 metri di altitudine dalle colline.<\/p>\n<h4><span style=\"text-decoration: underline; color: #0202bf;\"><span style=\"font-size: 12pt;\"><strong>scogliere di los gigantes (50 Km, 18 minutI):<\/strong><\/span><\/span><\/h4>\n<p>Sorvoleremo prima il paese di La Caleta e poi saliremo lungo la costa occidentale verso <a href=\"https:\/\/www.google.com\/maps\/place\/38687+Playa+San+Juan,+Santa+Cruz+de+Tenerife\/@28.1821589,-16.8211201,16z\/data=!3m1!4b1!4m5!3m4!1s0xc6a8e009649c9bf:0x90a672505a844872!8m2!3d28.1816173!4d-16.8170755\">Playa San Juan<\/a>. Continueremo verso nord sopra <a href=\"https:\/\/www.google.com\/maps\/place\/Alcal%C3%A1,+Santa+Cruz+de+Tenerife\/@28.2004126,-16.8327177,16z\/data=!3m1!4b1!4m5!3m4!1s0xc6a8ddd3dacea59:0x624d2168adb13fa0!8m2!3d28.2021526!4d-16.8274248\">Alcal\u00e1<\/a> fino a raggiungere le maestose scogliere di <a href=\"https:\/\/www.google.com\/maps\/place\/Acantilados+de+Los+Gigantes,+Santa+Cruz+de+Tenerife\/@28.244027,-16.8448772,16z\/data=!3m1!4b1!4m5!3m4!1s0xc6a8c153fdc6811:0xa0340f674cf6610!8m2!3d28.2408828!4d-16.8377834\">Los Gigantes<\/a>; sulla via del ritorno passeremo sopra le montagne e la pineta godendo di una vista suggestiva del vulcano Teide.<\/p>\n<h4><span style=\"text-decoration: underline; color: #008000;\"><span style=\"font-size: 12pt;\"><strong>isola bassa (85 Km, 25 minuti): <\/strong><\/span><\/span><\/h4>\n<p>questo percorso combina il paesaggio arido del sud con il verde del nord; l&#8217;elicottero Tenerife passer\u00e0 prima per le zone di La Caleta, Alcal\u00e1 e Playa San Juan; pi\u00f9 tardi visiteremo il Massiccio del Teno; successivamente sorvoleremo <a href=\"https:\/\/www.google.com\/maps\/place\/38480+Buenavista+del+Nte.,+Santa+Cruz+de+Tenerife\/@28.3710193,-16.8537935,16z\/data=!3m1!4b1!4m5!3m4!1s0xc6a61c4253adb65:0x9396a71db32d3ff7!8m2!3d28.3727951!4d-16.851763\">Buenavista del Norte<\/a> e <a href=\"https:\/\/www.google.com\/maps\/place\/Garachico,+Santa+Cruz+de+Tenerife\/@28.3725568,-16.7674647,16z\/data=!3m1!4b1!4m5!3m4!1s0xc6a62846a5f860b:0xece9e1aeb7cea23c!8m2!3d28.3732467!4d-16.7640103\">Garachico<\/a> nella costa nord; per ultimo, ma non meno importante, torneremo alla nostra base sorvolando la foresta di pini.<\/p>\n<h4><span style=\"text-decoration: underline; color: #ff0000;\"><span style=\"font-size: 12pt;\"><strong>Gran Teide Luxury (120 Km, 40 minuti): <\/strong><\/span><\/span><\/h4>\n<p>Questo \u00e8 un tour VIP durante il quale voleremo in circolo sopra lo straordinario Parco Nazionale del Teide; dichiarato patrimonio dell&#8217;umanit\u00e0 dall&#8217;UNESCO nel 2007, il parco ospita il vulcano Teide; raggiungendo i 3718 metri quest&#8217;ultimo \u00e8 il terzo pi\u00f9 alto del mondo dopo gli hawaiani Mauna Kea e Mauna Loa. Durante questo tour avr\u00e0 la possibilit\u00e0 di godere di una vista privilegiata di luoghi bellissimi sorvolando boschi e montagne; i pi\u00f9 degni di nota sono ad esempio la <a href=\"https:\/\/www.google.com\/maps\/place\/Orotava+Valley,+Santa+Cruz+de+Tenerife\/@28.4295407,-16.6423194,10.55z\/data=!4m5!3m4!1s0xc6a819b1a2a4e8b:0xc963883f687ac8fd!8m2!3d28.3230695!4d-16.5584071\">Valle di La Orotava<\/a>, <a href=\"https:\/\/www.google.com\/maps\/place\/38400+Puerto+de+la+Cruz,+Santa+Cruz+de+Tenerife\/@28.4091297,-16.5659434,14z\/data=!3m1!4b1!4m5!3m4!1s0xc6a7ffa897afdb1:0xfe20ba57c9146376!8m2!3d28.411413!4d-16.5449611\">Puerto de la Cruz<\/a>, <a href=\"https:\/\/www.google.com\/maps\/place\/38690+Santiago+del+Teide,+Santa+Cruz+de+Tenerife\/@28.2955075,-16.8195248,16z\/data=!3m1!4b1!4m5!3m4!1s0xc6a89619e99c21b:0x279c4fb7d60cfe04!8m2!3d28.2972603!4d-16.8156254\">Santiago del Teide<\/a> e <a href=\"https:\/\/www.google.com\/maps\/place\/38613+Vilaflor,+Santa+Cruz+de+Tenerife,+Santa+Cruz+de+Tenerife\/@28.1563487,-16.6417589,16z\/data=!3m1!4b1!4m5!3m4!1s0xc6a9b78f07a44db:0x4c0d623a565d76ff!8m2!3d28.1578174!4d-16.6372355\">Vilaflor<\/a>. Inoltre le offriremo anche dello spumante perch\u00e8 si goda pienamente l&#8217;esperienza VIP!<\/p>\n<p><span style=\"color: #ff0000;\"><strong><u>Avviso importante<\/u><\/strong><strong>: questa escursione va prenotata almeno 48 ore prima della data prevista; durante il processo di prenotazione \u00e8 necessario fornire nella sezione &#8220;informazioni aggiuntive&#8221; il peso di ciascuna persona. Il giorno del volo tutti i clienti devono presentare un documento di identificazione personale.<\/strong><strong> Sull&#8217;elicottero ci sono 4 posti disponibili per i clienti; se vuole un tour privato e siete meno di 4 persone deve pagare il prezzo del tour a persona moltiplicato per 3,5. C&#8217;\u00e8 un limite di peso di 110 kg, se pesa pi\u00f9 di questo deve pagare il prezzo del tour a persona moltiplicato per 1,5; questo perch\u00e9 possiamo portare a bordo 1 persona in meno. Il prezzo \u00e8 per posto occupato, quindi \u00e8 lo stesso per adulti e bambini.<\/strong><\/span><\/p>\n<h3><span style=\"font-size: 12pt;\">IN CONCLUSIONE, IL TOUR con l&#8217;ELICOTTERO TENERIFE \u00c8 UNA DELLE ESCURSIONI PI\u00d9 FAMOSE.<\/span><\/h3>\n<p><span style=\"font-size: 14pt;\"><strong>Non si perda l&#8217;occasione, prenoti subito i suoi biglietti!<\/strong><\/span>[\/vc_column_text][\/vc_tta_section][vc_tta_section title=&#8221;ORARIO E TRASPORTO&#8221; tab_id=&#8221;1577670774833-8f45ebdc-ed58d176-6d958167-dbaa&#8221;][vc_column_text]<span style=\"color: #312c7a;\">Il servizio di pick-up per questa escursione non \u00e8 disponibile, deve venire alla nostra base ad <a href=\"https:\/\/www.google.com\/maps\/place\/Adeje,+Santa+Cruz+de+Tenerife\/@28.1217966,-16.7426763,15z\/data=!3m1!4b1!4m5!3m4!1s0xc6a909bd5432ced:0x2abb5d93f23f4103!8m2!3d28.1220604!4d-16.7338211\">Adeje<\/a>.<\/span><\/p>\n<p><span style=\"text-decoration: underline;\"><span style=\"color: #ff0000; text-decoration: underline;\">PROGRAMMA:<\/span><\/span><\/p>\n<p>Tutti i giorni.<\/p>\n<h6><span style=\"color: #312c7a;\">GUARDi IL VIDEO, si FAccia UN&#8217;IDEA DI COSA SI TRATTA E PRENOTi ORA!<\/span><\/h6>\n<p>[\/vc_column_text][\/vc_tta_section][vc_tta_section title=&#8221;POLITICA DI CANCELLAZIONE&#8221; tab_id=&#8221;1610112783381-ec060e44-c588&#8243;][vc_column_text]Se cancella con pi\u00f9 di 48 ore di preavviso prima del volo, le verr\u00e0 addebitato il 50% dell&#8217;importo pagato.<\/p>\n<p>Se il preavviso di cancellazione \u00e8 inferiore a 48 ore prima del volo, le verr\u00e0 addebitato il 100% dell&#8217;importo pagato.<\/p>\n<p>Se il giorno del volo il pilota decide che le condizioni non sono adatte al volo, si cercher\u00e0 di riprogrammare l&#8217;escursione per un altro giorno; nel caso ci\u00f2 non fosse possibile per il cliente rimborseremo il 100% dell&#8217;importo pagato.[\/vc_column_text][\/vc_tta_section][\/vc_tta_accordion]<style type=\"text\/css\">.thegem-button-69de7328b1f66173 .gem-button svg {fill: #ffffff;}.thegem-button-69de7328b1f66173 .gem-button:hover svg {fill: #312c7a;}<\/style><div class=\"gem-button-container gem-button-position-center thegem-button-69de7328b1f66173    \"  ><a class=\"gem-button gem-button-size-small gem-button-style-flat gem-button-text-weight-normal\" data-ll-effect=\"drop-right-without-wrap\" style=\"border-radius: 3px;background-color: #312c7a;color: #ffffff;\" onmouseleave=\"this.style.backgroundColor='#312c7a';this.style.color='#ffffff';\" onmouseenter=\"this.style.backgroundColor='#f6eb14';this.style.color='#312c7a';\" href=\"#prezzi-helicopter\" target=\"_self\">PREZZI<\/a><\/div> [\/vc_column][\/vc_row][vc_row full_width=&#8221;stretch_row_content&#8221; css=&#8221;.vc_custom_1577475746461{background-color: #312c7a !important;background-position: center !important;background-repeat: no-repeat !important;background-size: cover !important;}&#8221;][vc_column][vc_column_text]<\/p>\n<h3 style=\"text-align: center;\"><strong><span style=\"font-size: 18pt; color: #ffffff;\">PRENOTA ORA<\/span><\/strong><\/h3>\n<p>[\/vc_column_text][vc_empty_space height=&#8221;10px&#8221; el_id=&#8221;prezzi-helicopter&#8221;][\/vc_column][\/vc_row]<\/p>\n<\/div>","protected":false},"excerpt":{"rendered":"<p>[vc_row full_width=&#8221;stretch_row_content_no_spaces&#8221;][vc_column][vc_column_text css=&#8221;.vc_custom_1743418092039{background-color: #F6EB14 !important;background-position: center !important;background-repeat: no-repeat !important;background-size: cover !important;}&#8221; css_animation=&#8221;fadeIn&#8221;] ELICOTTERO [\/vc_column_text][\/vc_column][\/vc_row][vc_row][vc_column][vc_column_text] Un volo con l&#8217;elicottero Tenerife \u00e8&#8230;<\/p>\n","protected":false},"featured_media":85820,"template":"","meta":{"_acf_changed":false,"_seopress_robots_primary_cat":"2297","_seopress_titles_title":"Elicottero Tenerife, sorvoli l'isola e scopra i suoi panorami","_seopress_titles_desc":"Volare con l'elicottero Tenerife le permetter\u00e0 di godere di una vista privilegiata dell'isola. Diversi tour disponibili, da 20 a 120 Km.","_seopress_robots_index":""},"product_brand":[],"product_cat":[2297],"product_tag":[2754],"class_list":{"0":"post-86050","1":"product","2":"type-product","3":"status-publish","4":"has-post-thumbnail","6":"product_cat-sport-daria","7":"product_tag-elicottero-tenerife","9":"first","10":"instock","11":"virtual","12":"sold-individually","13":"taxable","14":"purchasable","15":"product-type-booking"},"booking_location":"","booking_location_type":"","booking_duration":1,"booking_duration_unit":"day","booking_buffer":0,"booking_cost":0,"booking_resources":[],"acf":[],"_links":{"self":[{"href":"https:\/\/tenerife-trips.com\/it\/wp-json\/wp\/v2\/product\/86050","targetHints":{"allow":["GET"]}}],"collection":[{"href":"https:\/\/tenerife-trips.com\/it\/wp-json\/wp\/v2\/product"}],"about":[{"href":"https:\/\/tenerife-trips.com\/it\/wp-json\/wp\/v2\/types\/product"}],"wp:featuredmedia":[{"embeddable":true,"href":"https:\/\/tenerife-trips.com\/it\/wp-json\/wp\/v2\/media\/85820"}],"wp:attachment":[{"href":"https:\/\/tenerife-trips.com\/it\/wp-json\/wp\/v2\/media?parent=86050"}],"wp:term":[{"taxonomy":"product_brand","embeddable":true,"href":"https:\/\/tenerife-trips.com\/it\/wp-json\/wp\/v2\/product_brand?post=86050"},{"taxonomy":"product_cat","embeddable":true,"href":"https:\/\/tenerife-trips.com\/it\/wp-json\/wp\/v2\/product_cat?post=86050"},{"taxonomy":"product_tag","embeddable":true,"href":"https:\/\/tenerife-trips.com\/it\/wp-json\/wp\/v2\/product_tag?post=86050"}],"curies":[{"name":"wp","href":"https:\/\/api.w.org\/{rel}","templated":true}]}}