{"id":55239,"date":"2019-11-27T03:19:06","date_gmt":"2019-11-27T03:19:06","guid":{"rendered":"https:\/\/tenerife-trips.com\/?page_id=55239"},"modified":"2026-01-28T13:32:28","modified_gmt":"2026-01-28T13:32:28","slug":"teneryfa-wycieczki","status":"publish","type":"page","link":"https:\/\/tenerife-trips.com\/pl\/","title":{"rendered":"Home page Polish"},"content":{"rendered":"<div class=\"wpb-content-wrapper\"><p>[vc_row full_width=&#8221;stretch_row_content_no_spaces&#8221; content_placement=&#8221;top&#8221; css_animation=&#8221;fadeIn&#8221; css=&#8221;.vc_custom_1574822360670{background-color: #312c7a !important;}&#8221;][vc_column][vc_column_text css=&#8221;.vc_custom_1769607113682{background-color: #F6EB14 !important;background-position: center !important;background-repeat: no-repeat !important;background-size: cover !important;}&#8221; css_animation=&#8221;fadeIn&#8221;]<\/p>\n<h1 class=\"title-h2\" style=\"text-align: center;\"><span style=\"font-size: 18pt; color: #312c7a;\">TENERYFA WYCIECZKI<\/span><\/h1>\n<p>[\/vc_column_text]<div id=\"fullwidth-block-69e7703dd29a1\" class=\"fullwidth-block fullwidth-block-parallax-vertical clearfix\" data-mobile-parallax-enable=\"1\" style=\"color: #ffffff;background-color: #312c7a;\"><script type=\"text\/javascript\">if (typeof(gem_fix_fullwidth_position) == \"function\") { gem_fix_fullwidth_position(document.getElementById(\"fullwidth-block-69e7703dd29a1\")); }<\/script><div class=\"fullwidth-block-inner\">[vc_row_inner][vc_column_inner width=&#8221;1\/3&#8243; thegem_content_alignment=&#8221;center&#8221;][vc_single_image image=&#8221;55303&#8243; img_size=&#8221;full&#8221; alignment=&#8221;center&#8221; onclick=&#8221;custom_link&#8221; css=&#8221;&#8221; link=&#8221;https:\/\/tenerife-trips.com\/pl\/sporty-wodne-na-teneryfie\/&#8221;][\/vc_column_inner][vc_column_inner width=&#8221;1\/3&#8243;][vc_single_image image=&#8221;380395&#8243; img_size=&#8221;full&#8221; alignment=&#8221;center&#8221; onclick=&#8221;custom_link&#8221; css=&#8221;&#8221; link=&#8221;https:\/\/tenerife-trips.com\/pl\/sporty-lotnicze-na-teneryfie\/&#8221;][\/vc_column_inner][vc_column_inner width=&#8221;1\/3&#8243;][vc_single_image image=&#8221;55258&#8243; img_size=&#8221;full&#8221; alignment=&#8221;center&#8221; onclick=&#8221;custom_link&#8221; css=&#8221;&#8221; link=&#8221;https:\/\/tenerife-trips.com\/pl\/rejsy-statkiem-na-teneryfie\/&#8221;][\/vc_column_inner][\/vc_row_inner][vc_row_inner][vc_column_inner width=&#8221;1\/3&#8243;][vc_single_image image=&#8221;55264&#8243; img_size=&#8221;full&#8221; alignment=&#8221;center&#8221; onclick=&#8221;custom_link&#8221; css=&#8221;&#8221; link=&#8221;https:\/\/tenerife-trips.com\/pl\/teneryfa-wycieczki-fakultatywne\/&#8221;][\/vc_column_inner][vc_column_inner width=&#8221;1\/3&#8243;][vc_single_image image=&#8221;690355&#8243; img_size=&#8221;270&#215;270&#8243; alignment=&#8221;center&#8221; css=&#8221;.vc_custom_1749499161596{border-top-width: 20px !important;border-bottom-width: 20px !important;border-radius: 2px !important;border-color: #EEEE22 !important;}&#8221;][\/vc_column_inner][vc_column_inner width=&#8221;1\/3&#8243;][vc_single_image image=&#8221;75431&#8243; img_size=&#8221;full&#8221; alignment=&#8221;center&#8221; onclick=&#8221;custom_link&#8221; css=&#8221;&#8221; link=&#8221;https:\/\/tenerife-trips.com\/pl\/wycieczki-terenowe-teneryfa\/&#8221;][\/vc_column_inner][\/vc_row_inner][vc_row_inner][vc_column_inner width=&#8221;1\/3&#8243;][vc_single_image image=&#8221;380346&#8243; img_size=&#8221;full&#8221; alignment=&#8221;center&#8221; onclick=&#8221;custom_link&#8221; css=&#8221;&#8221; link=&#8221;https:\/\/tenerife-trips.com\/pl\/wycieczki-outdoorowe-teneryfa\/&#8221;][\/vc_column_inner][vc_column_inner width=&#8221;1\/3&#8243;][vc_single_image image=&#8221;418426&#8243; img_size=&#8221;full&#8221; alignment=&#8221;center&#8221; onclick=&#8221;custom_link&#8221; css=&#8221;&#8221; link=&#8221;https:\/\/tenerife-trips.com\/pl\/teneryfa-spektakle\/&#8221;][\/vc_column_inner][vc_column_inner width=&#8221;1\/3&#8243;][vc_single_image image=&#8221;115460&#8243; img_size=&#8221;full&#8221; alignment=&#8221;center&#8221; onclick=&#8221;custom_link&#8221; css=&#8221;&#8221; link=&#8221;https:\/\/tenerife-trips.com\/pl\/teneryfa-parki-rozrywki\/&#8221;][\/vc_column_inner][\/vc_row_inner][vc_empty_space]<\/div><\/div>[\/vc_column][\/vc_row][vc_row][vc_column][vc_column_text css=&#8221;&#8221;]<\/p>\n<h3><span style=\"color: #000080;\"><span style=\"font-size: 16px;\">TENERYFA WYCIECZKI TO NASZA PASJA ORAZ SPECJALIZACJA!\u00a0<\/span><\/span><\/h3>\n<p>Serdecznie witamy i przedstawiamy nasze biuro wycieczek jako lokalnego przewodnika podczas Twojej wizyty na Teneryfie. Nasza szeroka wiedza na temat wyspy i znajomo\u015b\u0107 najciekawszych atrakcji, miejsc wartych odwiedzenia i rzeczy do zrobienia pomo\u017ce Ci sprawi\u0107, \u017ce Twoje wakacje b\u0119d\u0105 do prawdy niezapomniane i pe\u0142ne przyg\u00f3d!<\/p>\n<h3><span style=\"color: #000080; font-size: 12pt;\">Oferta Teneryfa wycieczki jest bogata w wiele atrakcji i sport\u00f3w, kt\u00f3re mo\u017cna uprawia\u0107 na tej s\u0142onecznej wyspie przez ca\u0142y rok!<\/span><\/h3>\n<p><span style=\"font-size: 14pt;\"><span style=\"color: #000080;\">Na Teneryfie mo\u017cna znale\u017a\u0107 niesamowite miejsca do uprawiania turystyki pieszej lub rowerowej; dobrze si\u0119 bawi\u0107 uprawiaj\u0105c wszelkiego rodzaju sporty wodne takie jak nurkowanie, jazda na skuterach wodnych lub parascending, czyli latanie na spadochronie uniesionym w powietrze przez motor\u00f3wk\u0119. Mo\u017cliwym jest zwiedzanie wyspy w jeepie lub autobusem w towarzystwie przewodnika. Usytuowane s\u0105 tu dwa wspania\u0142e parki rozrywki takie jak Loro Park i Siam Park. Mo\u017cna przejecha\u0107 si\u0119 quadem lub buggy safari przez bezdro\u017ca czy te\u017c fantastyczny Park Narodowy Teide i jego ksi\u0119\u017cycow\u0105 sceneri\u0119 lub znakomicie si\u0119 bawi\u0107 podczas r\u00f3\u017cnych spektakli i pokaz\u00f3w. Tutaj naprawd\u0119 znajdziesz wszystko dla rozrywki podczas Twoich wakacji!<\/span><\/span><\/p>\n<p><span style=\"color: #000080; font-size: 14pt;\">Teneryfa jest najwi\u0119ksz\u0105, najbardziej zaludnion\u0105 i najcz\u0119\u015bciej odwiedzan\u0105 Wysp\u0105 Kanaryjsk\u0105. R\u00f3\u017cnorodno\u015b\u0107 krajobraz\u00f3w, mikroklimat\u00f3w, zaj\u0119\u0107 rekreacyjnych i us\u0142ug turystycznych sprawia, \u017ce jest to jedno z najpopularniejszych miejsc na ca\u0142ym \u015bwiecie, kt\u00f3re ka\u017cdego roku odwiedza ponad 5 milion\u00f3w turyst\u00f3w.<\/span><\/p>\n<h3><span style=\"color: #000080; font-size: 12pt;\">Klimat jest tu cz\u0119sto nazywany \u201ewieczn\u0105 wiosn\u0105\u201d, poniewa\u017c nigdy nie jest ani za zimno, ani za gor\u0105co, szczeg\u00f3lnie w po\u0142udniowo-zachodniej cz\u0119\u015bci wyspy. dobra pogoda zach\u0119ca do wielu r\u00f3\u017cnych Teneryfa wycieczki; od przelotu nad obszarem Costa Adeje w tandemie NA PARALOTNI lub helikopterem po przep\u0142yni\u0119cie si\u0119 kajakiem w\u015br\u00f3d delfin\u00f3w w El Palm-Mar; od w\u0119dr\u00f3wek w w\u0105wozie Masca po wypatrywanie wieloryb\u00f3w podczas wycieczki statkiem podziwiaj\u0105c jednocze\u015bnie majestatyczne klify Los Gigantes. <\/span><\/h3>\n<p><span style=\"color: #000080; font-size: 12pt;\"><span style=\"font-size: 14pt;\">Poza organizacj\u0105 i sprzeda\u017c\u0105 Teneryfa wycieczki po najlepszych cenach naszym celem jest lepiej zobrazowa\u0107 to; co Teneryfa mo\u017ce zaoferowa\u0107 osobom planuj\u0105cym tutaj swoje wakacje. Chcemy Ci udzieli\u0107 og\u00f3lnych informacji turystycznych poprzez dzielenie si\u0119 z Tob\u0105 nasz\u0105 wiedz\u0105 i do\u015bwiadczeniem na temat tego cudownego miejsca.<\/span>\u00a0<\/span><\/p>\n<p><span style=\"font-size: 14pt;\">Zapraszamy Ci\u0119, aby\u015b rzuci\u0142 okiem na <a href=\"https:\/\/tenerife-trips.com\/pl\/teneryfa-atrakcje\/?lang=pl\" target=\"_blank\" rel=\"noopener\">stron\u0119<\/a>, gdzie znajduj\u0105 si\u0119 wszystkie oferowane przez nas wycieczki. Znajdziesz tam dok\u0142adny opis ka\u017cdej z atrakcji, b\u0119dziesz m\u00f3g\u0142 r\u00f3wnie\u017c ogl\u0105dn\u0105\u0107 zdj\u0119cia i filmiki. Wi\u0119kszo\u015b\u0107 opublikowanych zdj\u0119\u0107 oraz film\u00f3w jest zmontowana osobi\u015bcie przez nas, aby\u015b m\u00f3g\u0142 zobaczy\u0107 niepowtarzalne tre\u015bci oraz lepiej wyobrazi\u0107 sobie jak wygl\u0105da\u0142aby dana wycieczka przed dokonaniem rezerwacji. Na stronie ka\u017cdej z wycieczek podane s\u0105 r\u00f3wnie\u017c ceny, informacje na temat transfer\u00f3w, jak i rozk\u0142ady.\u00a0<\/span><\/p>\n<p><span style=\"font-size: 14pt;\">Na zako\u0144czenie, chcieliby\u015bmy podkre\u015bli\u0107, \u017ce nasza obs\u0142uga klienta jest zdecydowanie czym\u015b, co wyr\u00f3\u017cnia nas od reszty. <\/span><\/p>\n<h3><span style=\"font-size: 12pt;\"><span style=\"color: #000080;\">Tutaj \u0142\u0105czymy prac\u0119 z nasz\u0105 pasj\u0105, daj\u0105c z siebie wszystko, aby\u015b by\u0142 zadowolony ze swoich wakacji i jak najlepiej sp\u0119dzi\u0142 sW\u00d3J CZAS na wsypie, kt\u00f3r\u0105 kochamy. <\/span><\/span><\/h3>\n<p><span style=\"font-size: 14pt;\">Naszym celem przede wszystkim jest pom\u00f3c Ci, aby\u015b \u015bwietnie si\u0119 bawi\u0142 i zabra\u0142 ze sob\u0105 do domu wyj\u0105tkowe wspomnienia. \u00a0Jednocze\u015bnie uprzejmie Ci\u0119 prosimy o cierpliwo\u015b\u0107, je\u017celi nie mo\u017cemy skontaktowa\u0107 si\u0119 z Tob\u0105 od razu po otrzymaniu od Ciebie zapytania, gdy\u017c nasze biuro momentami jest obci\u0105\u017cone ruchem. Na wszelkie pytania staramy si\u0119 odpowiedzie\u0107 w jak najkr\u00f3tszym czasie i mo\u017cesz by\u0107 pewny, \u017ce zrobimy wszystko, co w naszej mocy, aby odpowiedzie\u0107 Ci tak szybko, jak to mo\u017cliwe.<\/span><\/p>\n<p><span style=\"font-size: 14pt;\">Preferujemy, aby skontaktowa\u0107 si\u0119 z nami za po\u015brednictwem czatu na \u017cywo; jest to naj\u0142atwiejszy i najszybszy spos\u00f3b uzyskania odpowiedzi. Alternatywnie, mo\u017cesz wys\u0142a\u0107 nam swoje zapytanie poprzez email, jednak prosimy, aby\u015b mia\u0142 na uwadze, i\u017c czas oczekiwania mo\u017ce by\u0107 d\u0142u\u017cszy. W ka\u017cdym z przypadk\u00f3w postaramy si\u0119 odpowiedzie\u0107 Ci jak najpr\u0119dzej. Skontaktuj si\u0119 z nami, a ch\u0119tnie odpowiemy na ka\u017cde z Twoich pyta\u0144 przez ca\u0142y rok!<\/span><\/p>\n<h3 style=\"text-align: center;\"><span style=\"font-size: 12pt;\"><strong>Zarezerwuj z nami wybrane przez ciebie wycieczki i skorzystaj z najprzyst\u0119pniejszych cen w sieci!<\/strong><\/span><\/h3>\n<p>[\/vc_column_text][vc_empty_space height=&#8221;20&#8243;][\/vc_column][\/vc_row]<\/p>\n<\/div>","protected":false},"excerpt":{"rendered":"<p>[vc_row full_width=&#8221;stretch_row_content_no_spaces&#8221; content_placement=&#8221;top&#8221; css_animation=&#8221;fadeIn&#8221; css=&#8221;.vc_custom_1574822360670{background-color: #312c7a !important;}&#8221;][vc_column][vc_column_text css=&#8221;.vc_custom_1769607113682{background-color: #F6EB14 !important;background-position: center !important;background-repeat: no-repeat !important;background-size: cover !important;}&#8221; css_animation=&#8221;fadeIn&#8221;] TENERYFA WYCIECZKI [\/vc_column_text][\/vc_column][\/vc_row][vc_row][vc_column][vc_column_text&#8230;<\/p>\n","protected":false},"author":2,"featured_media":61498,"parent":0,"menu_order":0,"comment_status":"closed","ping_status":"closed","template":"","meta":{"_acf_changed":false,"_seopress_robots_primary_cat":"","_seopress_titles_title":"Teneryfa wycieczki, zaplanuj swoje wakacje z Tenerife Trips","_seopress_titles_desc":"Teneryfa wycieczki, szeroki wyb\u00f3r wycieczek fakultatywnych i atrakcji na Teneryfie, kt\u00f3re uczyni\u0105 Twoje wakacje niezapomnianymi","_seopress_robots_index":"","footnotes":""},"class_list":["post-55239","page","type-page","status-publish","has-post-thumbnail"],"acf":[],"_links":{"self":[{"href":"https:\/\/tenerife-trips.com\/pl\/wp-json\/wp\/v2\/pages\/55239","targetHints":{"allow":["GET"]}}],"collection":[{"href":"https:\/\/tenerife-trips.com\/pl\/wp-json\/wp\/v2\/pages"}],"about":[{"href":"https:\/\/tenerife-trips.com\/pl\/wp-json\/wp\/v2\/types\/page"}],"author":[{"embeddable":true,"href":"https:\/\/tenerife-trips.com\/pl\/wp-json\/wp\/v2\/users\/2"}],"replies":[{"embeddable":true,"href":"https:\/\/tenerife-trips.com\/pl\/wp-json\/wp\/v2\/comments?post=55239"}],"version-history":[{"count":0,"href":"https:\/\/tenerife-trips.com\/pl\/wp-json\/wp\/v2\/pages\/55239\/revisions"}],"wp:featuredmedia":[{"embeddable":true,"href":"https:\/\/tenerife-trips.com\/pl\/wp-json\/wp\/v2\/media\/61498"}],"wp:attachment":[{"href":"https:\/\/tenerife-trips.com\/pl\/wp-json\/wp\/v2\/media?parent=55239"}],"curies":[{"name":"wp","href":"https:\/\/api.w.org\/{rel}","templated":true}]}}