{"id":64630,"date":"2019-11-27T18:51:48","date_gmt":"2019-11-27T18:51:48","guid":{"rendered":"https:\/\/tenerife-trips.com\/?page_id=64630"},"modified":"2025-06-10T20:58:13","modified_gmt":"2025-06-10T19:58:13","slug":"o-nas","status":"publish","type":"page","link":"https:\/\/tenerife-trips.com\/pl\/o-nas\/","title":{"rendered":"O NAS"},"content":{"rendered":"<div class=\"wpb-content-wrapper\"><p>[vc_section][vc_row full_width=&#8221;stretch_row_content_no_spaces&#8221;][vc_column][vc_column_text css=&#8221;.vc_custom_1743608785312{background-color: #F6EB14 !important;background-position: center !important;background-repeat: no-repeat !important;background-size: cover !important;}&#8221; css_animation=&#8221;fadeIn&#8221;]<\/p>\n<h1 class=\"title-h2\" style=\"text-align: center;\"><span style=\"font-size: 18pt; color: #312c7a;\">ZARZ\u0104D<\/span><\/h1>\n<p>[\/vc_column_text][\/vc_column][\/vc_row][vc_row][vc_column][vc_column_text]<\/p>\n<p style=\"text-align: center;\"><span style=\"color: #312c7a;\"><em><span style=\"font-family: arial, helvetica, sans-serif;\">TENERIFE TRIPS to internetowe biuro zajmuj\u0105ce si\u0119 organizacj\u0105 wycieczek po Teneryfie. Oferujemy wszelkiego rodzaju atrakcje, takie jak wycieczki fakultatywne i outdoorowe, sporty wodne i lotnicze, rejsy statkiem, bilety wst\u0119pu na spektakle oraz do park\u00f3w rozrywki i wiele wi\u0119cej! Zapoznaj si\u0119 nasz\u0105 ofert\u0105 promocyjn\u0105 i skorzystaj z najlepszych zni\u017cek online!<\/span><\/em><\/span><\/p>\n<p>[\/vc_column_text][vc_empty_space height=&#8221;32&#8243;][\/vc_column][\/vc_row][vc_row full_width=&#8221;stretch_row_content&#8221; css=&#8221;.vc_custom_1577587267150{background-color: #312c7a !important;background-position: center !important;background-repeat: no-repeat !important;background-size: cover !important;}&#8221;][vc_column width=&#8221;1\/2&#8243;][vc_single_image image=&#8221;59602&#8243; img_size=&#8221;full&#8221; alignment=&#8221;center&#8221; css=&#8221;&#8221;][\/vc_column][vc_column width=&#8221;1\/2&#8243;][vc_column_text]<span style=\"color: #ffffff; font-family: arial, helvetica, sans-serif;\"><strong>Emanuele<\/strong><\/span><\/p>\n<p><span style=\"color: #ffffff; font-family: arial, helvetica, sans-serif;\"><strong>Dyrektor Generalny Tenerife Trips<\/strong><\/span><\/p>\n<p><span style=\"color: #ffffff;\">Urodzi\u0142em si\u0119 we W\u0142oszech w 1983 r. W roku 2009 uko\u0144czy\u0142em socjologi\u0119 na uniwersytecie w Bolonii. W ci\u0105gu ostatnich lat mia\u0142em przyjemno\u015b\u0107 mieszka\u0107 w wielu r\u00f3\u017cnych krajach, takich jak Anglia, Niemcy, Australia oraz USA, a od 2015 r. mieszkam \u00a0na Teneryfie w Hiszpanii. Podczas mojego pobytu za granic\u0105 uczy\u0142em si\u0119 j\u0119zyk\u00f3w, m\u00f3wi\u0119 p\u0142ynnie po angielsku, niemiecku, hiszpa\u0144sku i oczywi\u015bcie moim j\u0119zyku ojczystym; rozpocz\u0105\u0142em r\u00f3wnie\u017c kurs j\u0119zyka francuskiego, kt\u00f3rego obecnie si\u0119 ucz\u0119. W trakcie swojej kariery zdoby\u0142em do\u015bwiadczenie zawodowe g\u0142\u00f3wnie w zakresie sprzeda\u017cy i obs\u0142ugi klienta, a od 2015 roku organizuj\u0119 wycieczki po Teneryfie. W sierpniu 2017 roku mia\u0142em okazj\u0119 otworzy\u0107 w\u0142asn\u0105 firm\u0119, dzi\u0119ki czemu narodzi\u0142o si\u0119 \u201eTenerife Trips\u201d. Celem mojej pracy jest pom\u00f3c Ci zorganizowa\u0107 Twoje wakacje i sprawi\u0107, aby by\u0142y niezapomniane, dziel\u0105c si\u0119 z Tob\u0105 moim do\u015bwiadczeniem i wiedz\u0105 na temat wyspy.<\/span><\/p>\n<p>&nbsp;<\/p>\n<p style=\"text-align: center;\"><span style=\"font-family: arial, helvetica, sans-serif; color: #ffffff;\"><strong>J\u0118ZYKI, W JAKICH M\u00d3WI\u0118:<\/strong><\/span><\/p>\n<p style=\"text-align: center;\"><span style=\"color: #ffffff; font-family: arial, helvetica, sans-serif;\">HISZPA\u0143SKI &#8211; ANGIELSKI &#8211; NIEMIECKI &#8211;\u00a0 W\u0141OSKI\u00a0<\/span><\/p>\n<p><img alt=\"\" class=\"size-full wp-image-316155 aligncenter\" src=\"https:\/\/www.tenerife-trips.com\/wp-content\/uploads\/2021\/12\/flags.png\" alt=\"\" width=\"222\" height=\"75\" \/><\/p>\n<h6><\/h6>\n<p>[\/vc_column_text][\/vc_column][\/vc_row][\/vc_section][vc_row][vc_column][vc_empty_space][vc_column_text css=&#8221;&#8221;]<\/p>\n<h4 style=\"text-align: center;\"><span style=\"text-decoration: underline; font-size: 14pt; color: #312c7a;\">STRONY REKOMENDOWANE:<\/span><\/h4>\n<p>[\/vc_column_text]<div class=\"gem-list\" ><ul>\n<li style=\"text-align: center;\"><a href=\"https:\/\/www.go-etna.com\/\" target=\"_blank\" rel=\"noopener noreferrer\">www.go-etna.com<\/a> (wycieczki na Sycylii)<\/li>\n<li style=\"text-align: center;\"><a href=\"https:\/\/housesaleitaly.com\" target=\"_blank\" rel=\"noopener\">www.housesaleitaly.com<\/a> (agencja nieruchomo\u015bci we W\u0142oszech)<\/li>\n<\/ul>\n<\/div>[vc_empty_space][\/vc_column][\/vc_row]<\/p>\n<\/div>","protected":false},"excerpt":{"rendered":"<p>[vc_section][vc_row full_width=&#8221;stretch_row_content_no_spaces&#8221;][vc_column][vc_column_text css=&#8221;.vc_custom_1743608785312{background-color: #F6EB14 !important;background-position: center !important;background-repeat: no-repeat !important;background-size: cover !important;}&#8221; css_animation=&#8221;fadeIn&#8221;] ZARZ\u0104D [\/vc_column_text][\/vc_column][\/vc_row][vc_row][vc_column][vc_column_text] TENERIFE TRIPS to internetowe biuro zajmuj\u0105ce&#8230;<\/p>\n","protected":false},"author":2,"featured_media":0,"parent":0,"menu_order":0,"comment_status":"closed","ping_status":"closed","template":"","meta":{"_acf_changed":false,"_seopress_robots_primary_cat":"0","_seopress_titles_title":"Kim jeste\u015bmy, poznaj kierownictwo Tenerife Trips","_seopress_titles_desc":"Tenerife Trips to biuro podr\u00f3\u017cy specjalizuj\u0105ce si\u0119 w wycieczkach na Teneryf\u0119. Organizujemy wszelkiego rodzaju atrakcje na wyspie.","_seopress_robots_index":"","footnotes":""},"class_list":["post-64630","page","type-page","status-publish"],"acf":[],"_links":{"self":[{"href":"https:\/\/tenerife-trips.com\/pl\/wp-json\/wp\/v2\/pages\/64630","targetHints":{"allow":["GET"]}}],"collection":[{"href":"https:\/\/tenerife-trips.com\/pl\/wp-json\/wp\/v2\/pages"}],"about":[{"href":"https:\/\/tenerife-trips.com\/pl\/wp-json\/wp\/v2\/types\/page"}],"author":[{"embeddable":true,"href":"https:\/\/tenerife-trips.com\/pl\/wp-json\/wp\/v2\/users\/2"}],"replies":[{"embeddable":true,"href":"https:\/\/tenerife-trips.com\/pl\/wp-json\/wp\/v2\/comments?post=64630"}],"version-history":[{"count":0,"href":"https:\/\/tenerife-trips.com\/pl\/wp-json\/wp\/v2\/pages\/64630\/revisions"}],"wp:attachment":[{"href":"https:\/\/tenerife-trips.com\/pl\/wp-json\/wp\/v2\/media?parent=64630"}],"curies":[{"name":"wp","href":"https:\/\/api.w.org\/{rel}","templated":true}]}}