{"id":64649,"date":"2019-12-02T04:09:52","date_gmt":"2019-12-02T04:09:52","guid":{"rendered":"https:\/\/tenerife-trips.com\/?page_id=64649"},"modified":"2026-01-01T18:57:11","modified_gmt":"2026-01-01T18:57:11","slug":"kontakt","status":"publish","type":"page","link":"https:\/\/tenerife-trips.com\/pl\/kontakt\/","title":{"rendered":"Kontakt"},"content":{"rendered":"<div class=\"wpb-content-wrapper\"><p>[vc_row full_width=&#8221;stretch_row_content_no_spaces&#8221;][vc_column][vc_empty_space height=&#8221;6&#8243;][vc_row_inner][vc_column_inner][vc_empty_space][vc_column_text css=&#8221;.vc_custom_1767293825079{margin-right: 30px !important;margin-left: 30px !important;}&#8221;]<\/p>\n<p style=\"text-align: center;\"><span style=\"font-size: 18pt;\"><strong><span style=\"color: #312c7a;\">Skontaktuj si\u0119 z nami za po\u015brednictwem naszego czatu na \u017cywo, aby rozpocz\u0105\u0107 rozmow\u0119 naci\u015bnij przycisk z ikon\u0105 <img alt=\"\" class=\"alignnone wp-image-712235\" src=\"https:\/\/tenerife-trips.com\/wp-content\/uploads\/2026\/01\/icona-tawk-to-perfetta.jpg\" alt=\"\" width=\"40\" height=\"40\" \/> w prawym dolnym rogu i uzupe\u0142nij swoje dane.\u00a0<\/span><\/strong><\/span><\/p>\n<p>[\/vc_column_text][vc_empty_space][\/vc_column_inner][\/vc_row_inner][\/vc_column][\/vc_row][vc_row][vc_column][vc_column_text css=&#8221;&#8221;]<\/p>\n<p style=\"text-align: center;\"><strong><span style=\"font-size: 18pt;\">Mo\u017cesz r\u00f3wnie\u017c porozmawia\u0107 z nami na Whatsapp, klikaj\u0105c ikon\u0119 tutaj:<\/span><\/strong><\/p>\n<p>[\/vc_column_text][vc_single_image image=&#8221;691922&#8243; img_size=&#8221;64&#215;64&#8243; alignment=&#8221;center&#8221; onclick=&#8221;custom_link&#8221; css=&#8221;&#8221; link=&#8221;https:\/\/wa.me\/34689210678&#8243;][\/vc_column][\/vc_row][vc_section][vc_row][vc_column][vc_empty_space height=&#8221;70px&#8221;][vc_column_text]<\/p>\n<h4 style=\"text-align: center;\"><span style=\"color: #312c7a;\">\u00b7 M\u00d3WIMY PO \u00b7<\/span><\/h4>\n<p>[\/vc_column_text][vc_column_text]<img alt=\"\" class=\"size-full wp-image-316152 aligncenter\" src=\"https:\/\/www.tenerife-trips.com\/wp-content\/uploads\/2021\/12\/flags.png\" alt=\"\" width=\"222\" height=\"75\" \/>[\/vc_column_text][vc_empty_space height=&#8221;70px&#8221;][vc_column_text css=&#8221;&#8221;]<\/p>\n<p style=\"text-align: center;\"><a href=\"https:\/\/maps.app.goo.gl\/LitkFdns7knHxBXu7\" target=\"_blank\" rel=\"noopener\"><img alt=\"\" class=\"aligncenter wp-image-690415 size-full\" src=\"https:\/\/www.tenerife-trips.com\/wp-content\/uploads\/2025\/03\/REVIEWPOLISH.webp\" alt=\"\" width=\"600\" height=\"353\" srcset=\"https:\/\/tenerife-trips.com\/wp-content\/uploads\/2025\/03\/REVIEWPOLISH.webp 600w, https:\/\/tenerife-trips.com\/wp-content\/uploads\/2025\/03\/REVIEWPOLISH-416x245.webp 416w, https:\/\/tenerife-trips.com\/wp-content\/uploads\/2025\/03\/REVIEWPOLISH-300x177.webp 300w\" sizes=\"(max-width: 600px) 100vw, 600px\" \/><\/a><\/p>\n<p>[\/vc_column_text][vc_empty_space height=&#8221;70px&#8221;][\/vc_column][\/vc_row][\/vc_section]<\/p>\n<\/div>","protected":false},"excerpt":{"rendered":"<p>[vc_row full_width=&#8221;stretch_row_content_no_spaces&#8221;][vc_column][vc_empty_space height=&#8221;6&#8243;][vc_row_inner][vc_column_inner][vc_empty_space][vc_column_text css=&#8221;.vc_custom_1767293825079{margin-right: 30px !important;margin-left: 30px !important;}&#8221;] Skontaktuj si\u0119 z nami za po\u015brednictwem naszego czatu na \u017cywo, aby rozpocz\u0105\u0107&#8230;<\/p>\n","protected":false},"author":2,"featured_media":0,"parent":0,"menu_order":0,"comment_status":"closed","ping_status":"closed","template":"","meta":{"_acf_changed":false,"_seopress_robots_primary_cat":"","_seopress_titles_title":"","_seopress_titles_desc":"","_seopress_robots_index":"","footnotes":""},"class_list":["post-64649","page","type-page","status-publish"],"acf":[],"_links":{"self":[{"href":"https:\/\/tenerife-trips.com\/pl\/wp-json\/wp\/v2\/pages\/64649","targetHints":{"allow":["GET"]}}],"collection":[{"href":"https:\/\/tenerife-trips.com\/pl\/wp-json\/wp\/v2\/pages"}],"about":[{"href":"https:\/\/tenerife-trips.com\/pl\/wp-json\/wp\/v2\/types\/page"}],"author":[{"embeddable":true,"href":"https:\/\/tenerife-trips.com\/pl\/wp-json\/wp\/v2\/users\/2"}],"replies":[{"embeddable":true,"href":"https:\/\/tenerife-trips.com\/pl\/wp-json\/wp\/v2\/comments?post=64649"}],"version-history":[{"count":0,"href":"https:\/\/tenerife-trips.com\/pl\/wp-json\/wp\/v2\/pages\/64649\/revisions"}],"wp:attachment":[{"href":"https:\/\/tenerife-trips.com\/pl\/wp-json\/wp\/v2\/media?parent=64649"}],"curies":[{"name":"wp","href":"https:\/\/api.w.org\/{rel}","templated":true}]}}