{"id":75290,"date":"2019-12-28T22:44:48","date_gmt":"2019-12-28T22:44:48","guid":{"rendered":"https:\/\/tenerife-trips.com\/?page_id=75290"},"modified":"2025-05-04T13:14:56","modified_gmt":"2025-05-04T12:14:56","slug":"teneryfa-filmy","status":"publish","type":"page","link":"https:\/\/tenerife-trips.com\/pl\/teneryfa-filmy\/","title":{"rendered":"Wideo"},"content":{"rendered":"<div class=\"wpb-content-wrapper\"><p>[vc_row full_width=&#8221;stretch_row_content_no_spaces&#8221;][vc_column][vc_column_text css=&#8221;.vc_custom_1746360884148{background-color: #F6EB14 !important;background-position: center !important;background-repeat: no-repeat !important;background-size: cover !important;}&#8221; css_animation=&#8221;fadeIn&#8221;]<\/p>\n<h1 class=\"title-h2\" style=\"text-align: center;\"><span style=\"font-size: 18pt; color: #312c7a;\">GALERIA WIDEO<\/span><\/h1>\n<p>[\/vc_column_text][\/vc_column][\/vc_row][vc_row][vc_column][vc_column_text]<\/p>\n<p style=\"text-align: center;\"><span style=\"font-size: 14pt;\">Teneryfa filmy, na tej stronie znajdziesz galeri\u0119 multimedialn\u0105 naszych najlepszych wycieczek. Tworzymy w\u0142asne filmy, kt\u00f3re przedstawiaj\u0105 \u015bwietne obrazy zuchwycone podczas oferowanych przez nas wycieczek.<\/span><\/p>\n<h3 style=\"text-align: center;\"><span style=\"font-size: 12pt;\">TENERIFE TRIPS to PRZEDE WSZYSTKIM firma zaanga\u017cowana w organizowanie wycieczek na wyspie, ale nie tylko! PRZEGL\u0104DAJ\u0104C NASZ\u0104 STRON\u0118, MO\u017bESZ ZOBACZY\u0106, \u017bE WI\u0118KSZO\u015a\u0106 OPUBLIKOWANYCH MATERIA\u0141\u00d3W MULTIMEDIALNYCH NALE\u017bY DO NAS. CHCEMY PROMOWA\u0106 TO WSPANIA\u0141E MIEJSCE ZA POMOC\u0104 WYSOKIEJ JAKO\u015aCI TENERYFA filmy , CO JEST G\u0141\u00d3WNYM CELEM NASZEJ MISJI.<\/span><\/h3>\n<p style=\"text-align: center;\"><span style=\"font-size: 14pt;\">Dlatego te\u017c, aby zapewni\u0107 klientom najlepsz\u0105 obs\u0142ug\u0119, osobi\u015bcie je\u017adzimy na wycieczki, kt\u00f3re oferujemy, podczas kt\u00f3rych robimy mn\u00f3stwo zdj\u0119\u0107 i nagrywamy filmy wideo. Nast\u0119pnie edytujemy nagrany przez nas materia\u0142 i umieszczamy go na stronie ka\u017cdej z wycieczek wraz ze szczeg\u00f3\u0142owym opisem, jak i wszystkimi wa\u017cnymi informacjami. W ten spos\u00f3b, czytaj\u0105c stron\u0119, przedstawiamy Ci najlepiej jak mo\u017cemy obraz prezentowanego produktu. To du\u017co pracy, ale efekt wyr\u00f3\u017cnia nas na tle innych firm z bran\u017cy.<\/span><\/p>\n<h3 style=\"text-align: center;\"><span style=\"font-size: 12pt;\">JE\u015aLI INTERESUJ\u0104 CI\u0118 NIEKT\u00d3RE WYCIECZKI POKAZANE W FILMACH, WI\u0118CEJ INFORMACJI ZNAJDZIESZ KLIKAJ\u0104C <a href=\"https:\/\/tenerife-trips.com\/pl\/teneryfa-atrakcje\/?lang=pl\">TUTAJ<\/a>.<\/span><\/h3>\n<p style=\"text-align: center;\"><span style=\"font-size: 14pt;\">Na Teneryfie znajduje si\u0119 niesamowita r\u00f3\u017cnorodno\u015b\u0107 krajobraz\u00f3w. Fizyczny kszta\u0142t wyspy, z wysokimi g\u00f3rami w jej centrum, stwarza warunki dla r\u00f3\u017cnych mikroklimat\u00f3w w zale\u017cno\u015bci od obszaru. Pasmo g\u00f3rskie zatrzymuje pasaty wiej\u0105ce z p\u00f3\u0142nocnego wschodu na po\u0142udniowy zach\u00f3d; przez co pogoda na p\u00f3\u0142nocy wyspy jest ch\u0142odniejsza i wilgotniejsza, podczas gdy na po\u0142udniu jest cieplej i bardziej sucho. Tutaj cieszy\u0107 si\u0119 mo\u017cna niesamowitymi widokami g\u00f3r, pla\u017c, las\u00f3w, pustyni, wulkanicznych formacji skalnych i nie tylko. Je\u017celi masz ochot\u0119, zach\u0119camy Ci\u0119 do zajrzenia na <a href=\"https:\/\/amolasislascanarias.es\/fotos-de-paisajes-de-tenerife-amo-las-islas-canarias-fotografias\/\">t\u0119 stron\u0119 internetow\u0105<\/a>, aby zobaczy\u0107 niekt\u00f3re ze zdj\u0119\u0107 krajobraz\u00f3w na Teneryfie, zrobionych przez profesjonalnych fotograf\u00f3w.<\/span><\/p>\n<p>[\/vc_column_text][\/vc_column][\/vc_row][vc_row][vc_column width=&#8221;1\/4&#8243;][vc_column_text]<\/p>\n<p style=\"text-align: center;\"><span style=\"font-size: 18pt; font-family: 'arial black', sans-serif;\"><strong>TEIDE NA QUADACH<\/strong><\/span><\/p>\n<p>[\/vc_column_text]<div class=\"gem-vimeo gem-wrapbox gem-wrapbox-style-no-style rounded-corners gem-wrapbox-position-below\" style=\"width: 100%;\"><div class=\"gem-wrapbox-inner gem-ratio-style\" style=\"padding-top: 56.25%\"><iframe webkitallowfullscreen=\"true\" mozallowfullscreen=\"true\" allowfullscreen=\"true\" class=\"gem-wrapbox-element img-responsive\" frameborder=\"0\" scrolling=\"no\" marginheight=\"0\" marginwidth=\"0\" src=\"\/\/player.vimeo.com\/video\/467537945?title=0&amp;byline=0&amp;portrait=0 \"><\/iframe><\/div><\/div>[\/vc_column][vc_column width=&#8221;1\/4&#8243;][vc_column_text]<\/p>\n<p style=\"text-align: center;\"><span style=\"font-size: 18pt; font-family: 'arial black', sans-serif;\"><strong>JEEP TEIDE<\/strong><\/span><\/p>\n<p>[\/vc_column_text]<div class=\"gem-vimeo gem-wrapbox gem-wrapbox-style-no-style rounded-corners gem-wrapbox-position-below\" style=\"width: 100%;\"><div class=\"gem-wrapbox-inner gem-ratio-style\" style=\"padding-top: 56.25%\"><iframe webkitallowfullscreen=\"true\" mozallowfullscreen=\"true\" allowfullscreen=\"true\" class=\"gem-wrapbox-element img-responsive\" frameborder=\"0\" scrolling=\"no\" marginheight=\"0\" marginwidth=\"0\" src=\"\/\/player.vimeo.com\/video\/331765195?title=0&amp;byline=0&amp;portrait=0 \"><\/iframe><\/div><\/div>[\/vc_column][vc_column width=&#8221;1\/4&#8243;][vc_column_text]<\/p>\n<p style=\"text-align: center;\"><span style=\"font-size: 18pt; font-family: 'arial black', sans-serif;\"><strong>KATAMARAN<\/strong><\/span><\/p>\n<p>[\/vc_column_text]<div class=\"gem-vimeo gem-wrapbox gem-wrapbox-style-no-style rounded-corners gem-wrapbox-position-below\" style=\"width: 100%;\"><div class=\"gem-wrapbox-inner gem-ratio-style\" style=\"padding-top: 56.25%\"><iframe webkitallowfullscreen=\"true\" mozallowfullscreen=\"true\" allowfullscreen=\"true\" class=\"gem-wrapbox-element img-responsive\" frameborder=\"0\" scrolling=\"no\" marginheight=\"0\" marginwidth=\"0\" src=\"\/\/player.vimeo.com\/video\/326575374?title=0&amp;byline=0&amp;portrait=0 \"><\/iframe><\/div><\/div>[\/vc_column][vc_column width=&#8221;1\/4&#8243;][vc_column_text]<\/p>\n<p style=\"text-align: center;\"><span style=\"font-size: 18pt; font-family: 'arial black', sans-serif;\"><strong>HIKING TENO<\/strong><\/span><\/p>\n<p>[\/vc_column_text]<div class=\"gem-vimeo gem-wrapbox gem-wrapbox-style-no-style rounded-corners gem-wrapbox-position-below\" style=\"width: 100%;\"><div class=\"gem-wrapbox-inner gem-ratio-style\" style=\"padding-top: 56.25%\"><iframe webkitallowfullscreen=\"true\" mozallowfullscreen=\"true\" allowfullscreen=\"true\" class=\"gem-wrapbox-element img-responsive\" frameborder=\"0\" scrolling=\"no\" marginheight=\"0\" marginwidth=\"0\" src=\"\/\/player.vimeo.com\/video\/307157460?title=0&amp;byline=0&amp;portrait=0 \"><\/iframe><\/div><\/div>[\/vc_column][\/vc_row][vc_row][vc_column width=&#8221;1\/4&#8243;][vc_column_text]<\/p>\n<p style=\"text-align: center;\"><span style=\"font-size: 18pt; font-family: 'arial black', sans-serif;\"><strong>KAJAKI &amp; SNORKELING<\/strong><\/span><\/p>\n<p>[\/vc_column_text]<div class=\"gem-vimeo gem-wrapbox gem-wrapbox-style-no-style rounded-corners gem-wrapbox-position-below\" style=\"width: 100%;\"><div class=\"gem-wrapbox-inner gem-ratio-style\" style=\"padding-top: 56.25%\"><iframe webkitallowfullscreen=\"true\" mozallowfullscreen=\"true\" allowfullscreen=\"true\" class=\"gem-wrapbox-element img-responsive\" frameborder=\"0\" scrolling=\"no\" marginheight=\"0\" marginwidth=\"0\" src=\"\/\/player.vimeo.com\/video\/321716846?title=0&amp;byline=0&amp;portrait=0 \"><\/iframe><\/div><\/div>[\/vc_column][vc_column width=&#8221;1\/4&#8243;][vc_column_text]<\/p>\n<p style=\"text-align: center;\"><span style=\"font-size: 18pt; font-family: 'arial black', sans-serif;\"><strong>TEIDE 1\/2 DNIA<\/strong><\/span><\/p>\n<p>[\/vc_column_text]<div class=\"gem-vimeo gem-wrapbox gem-wrapbox-style-no-style rounded-corners gem-wrapbox-position-below\" style=\"width: 100%;\"><div class=\"gem-wrapbox-inner gem-ratio-style\" style=\"padding-top: 56.25%\"><iframe webkitallowfullscreen=\"true\" mozallowfullscreen=\"true\" allowfullscreen=\"true\" class=\"gem-wrapbox-element img-responsive\" frameborder=\"0\" scrolling=\"no\" marginheight=\"0\" marginwidth=\"0\" src=\"\/\/player.vimeo.com\/video\/379122731?title=0&amp;byline=0&amp;portrait=0 \"><\/iframe><\/div><\/div>[\/vc_column][vc_column width=&#8221;1\/4&#8243;][vc_column_text]<\/p>\n<p style=\"text-align: center;\"><span style=\"font-size: 18pt; font-family: 'arial black', sans-serif;\"><strong>\u0141\u00d3D\u0179 LUKSUSOWA<\/strong><\/span><\/p>\n<p>[\/vc_column_text]<div class=\"gem-vimeo gem-wrapbox gem-wrapbox-style-no-style rounded-corners gem-wrapbox-position-below\" style=\"width: 100%;\"><div class=\"gem-wrapbox-inner gem-ratio-style\" style=\"padding-top: 56.25%\"><iframe webkitallowfullscreen=\"true\" mozallowfullscreen=\"true\" allowfullscreen=\"true\" class=\"gem-wrapbox-element img-responsive\" frameborder=\"0\" scrolling=\"no\" marginheight=\"0\" marginwidth=\"0\" src=\"\/\/player.vimeo.com\/video\/379473040?title=0&amp;byline=0&amp;portrait=0 \"><\/iframe><\/div><\/div>[\/vc_column][vc_column width=&#8221;1\/4&#8243;][vc_column_text]<\/p>\n<p style=\"text-align: center;\"><span style=\"font-size: 18pt; font-family: 'arial black', sans-serif;\"><strong>REJS \u017bAGLOWCEM<\/strong><\/span><\/p>\n<p>[\/vc_column_text]<div class=\"gem-vimeo gem-wrapbox gem-wrapbox-style-no-style rounded-corners gem-wrapbox-position-below\" style=\"width: 100%;\"><div class=\"gem-wrapbox-inner gem-ratio-style\" style=\"padding-top: 56.25%\"><iframe webkitallowfullscreen=\"true\" mozallowfullscreen=\"true\" allowfullscreen=\"true\" class=\"gem-wrapbox-element img-responsive\" frameborder=\"0\" scrolling=\"no\" marginheight=\"0\" marginwidth=\"0\" src=\"\/\/player.vimeo.com\/video\/332838748?title=0&amp;byline=0&amp;portrait=0 \"><\/iframe><\/div><\/div>[\/vc_column][\/vc_row][vc_row][vc_column width=&#8221;1\/4&#8243;][vc_column_text]<\/p>\n<p style=\"text-align: center;\"><span style=\"font-size: 18pt; font-family: 'arial black', sans-serif;\"><strong>LA GOMERA<\/strong><\/span><\/p>\n<p>[\/vc_column_text]<div class=\"gem-vimeo gem-wrapbox gem-wrapbox-style-no-style rounded-corners gem-wrapbox-position-below\" style=\"width: 100%;\"><div class=\"gem-wrapbox-inner gem-ratio-style\" style=\"padding-top: 56.25%\"><iframe webkitallowfullscreen=\"true\" mozallowfullscreen=\"true\" allowfullscreen=\"true\" class=\"gem-wrapbox-element img-responsive\" frameborder=\"0\" scrolling=\"no\" marginheight=\"0\" marginwidth=\"0\" src=\"\/\/player.vimeo.com\/video\/329605917?title=0&amp;byline=0&amp;portrait=0 \"><\/iframe><\/div><\/div>[\/vc_column][vc_column width=&#8221;1\/4&#8243;][vc_column_text]<\/p>\n<p style=\"text-align: center;\"><span style=\"font-size: 18pt; font-family: 'arial black', sans-serif;\"><strong>PARASAILING<\/strong><\/span><\/p>\n<p>[\/vc_column_text]<div class=\"gem-vimeo gem-wrapbox gem-wrapbox-style-no-style rounded-corners gem-wrapbox-position-below\" style=\"width: 100%;\"><div class=\"gem-wrapbox-inner gem-ratio-style\" style=\"padding-top: 56.25%\"><iframe webkitallowfullscreen=\"true\" mozallowfullscreen=\"true\" allowfullscreen=\"true\" class=\"gem-wrapbox-element img-responsive\" frameborder=\"0\" scrolling=\"no\" marginheight=\"0\" marginwidth=\"0\" src=\"\/\/player.vimeo.com\/video\/326803081?title=0&amp;byline=0&amp;portrait=0 \"><\/iframe><\/div><\/div>[\/vc_column][vc_column width=&#8221;1\/4&#8243;][vc_column_text]<\/p>\n<p style=\"text-align: center;\"><span style=\"font-size: 18pt; font-family: 'arial black', sans-serif;\"><strong>SKUTERY WODNE<\/strong><\/span><\/p>\n<p>[\/vc_column_text]<div class=\"gem-vimeo gem-wrapbox gem-wrapbox-style-no-style rounded-corners gem-wrapbox-position-below\" style=\"width: 100%;\"><div class=\"gem-wrapbox-inner gem-ratio-style\" style=\"padding-top: 56.25%\"><iframe webkitallowfullscreen=\"true\" mozallowfullscreen=\"true\" allowfullscreen=\"true\" class=\"gem-wrapbox-element img-responsive\" frameborder=\"0\" scrolling=\"no\" marginheight=\"0\" marginwidth=\"0\" src=\"\/\/player.vimeo.com\/video\/306713519?title=0&amp;byline=0&amp;portrait=0 \"><\/iframe><\/div><\/div>[\/vc_column][vc_column width=&#8221;1\/4&#8243;][vc_column_text]<\/p>\n<p style=\"text-align: center;\"><span style=\"font-size: 18pt; font-family: 'arial black', sans-serif;\"><strong>BUGGY NA TENERYFIE<\/strong><\/span><\/p>\n<p>[\/vc_column_text]<div class=\"gem-vimeo gem-wrapbox gem-wrapbox-style-no-style rounded-corners gem-wrapbox-position-below\" style=\"width: 100%;\"><div class=\"gem-wrapbox-inner gem-ratio-style\" style=\"padding-top: 56.25%\"><iframe webkitallowfullscreen=\"true\" mozallowfullscreen=\"true\" allowfullscreen=\"true\" class=\"gem-wrapbox-element img-responsive\" frameborder=\"0\" scrolling=\"no\" marginheight=\"0\" marginwidth=\"0\" src=\"\/\/player.vimeo.com\/video\/325660092?title=0&amp;byline=0&amp;portrait=0 \"><\/iframe><\/div><\/div>[\/vc_column][\/vc_row][vc_row][vc_column width=&#8221;1\/4&#8243;][vc_column_text]<\/p>\n<p style=\"text-align: center;\"><span style=\"font-family: 'arial black', sans-serif;\"><strong><span style=\"font-size: 18.0pt;\">TEIDE NOC\u0104<\/span><\/strong><\/span><\/p>\n<p>[\/vc_column_text]<div class=\"gem-vimeo gem-wrapbox gem-wrapbox-style-no-style rounded-corners gem-wrapbox-position-below\" style=\"width: 100%;\"><div class=\"gem-wrapbox-inner gem-ratio-style\" style=\"padding-top: 56.25%\"><iframe webkitallowfullscreen=\"true\" mozallowfullscreen=\"true\" allowfullscreen=\"true\" class=\"gem-wrapbox-element img-responsive\" frameborder=\"0\" scrolling=\"no\" marginheight=\"0\" marginwidth=\"0\" src=\"\/\/player.vimeo.com\/video\/327029458?title=0&amp;byline=0&amp;portrait=0 \"><\/iframe><\/div><\/div>[\/vc_column][vc_column width=&#8221;1\/4&#8243;][vc_column_text]<\/p>\n<p style=\"text-align: center;\"><span style=\"font-size: 18pt; font-family: 'arial black', sans-serif;\"><strong>GRAN TOUR<\/strong><\/span><\/p>\n<p>[\/vc_column_text]<div class=\"gem-vimeo gem-wrapbox gem-wrapbox-style-no-style rounded-corners gem-wrapbox-position-below\" style=\"width: 100%;\"><div class=\"gem-wrapbox-inner gem-ratio-style\" style=\"padding-top: 56.25%\"><iframe webkitallowfullscreen=\"true\" mozallowfullscreen=\"true\" allowfullscreen=\"true\" class=\"gem-wrapbox-element img-responsive\" frameborder=\"0\" scrolling=\"no\" marginheight=\"0\" marginwidth=\"0\" src=\"\/\/player.vimeo.com\/video\/328704748?title=0&amp;byline=0&amp;portrait=0 \"><\/iframe><\/div><\/div>[\/vc_column][vc_column width=&#8221;1\/4&#8243;][vc_column_text]<\/p>\n<p style=\"text-align: center;\"><span style=\"font-size: 18pt; font-family: 'arial black', sans-serif;\"><strong>OFF-ROAD NA QUADACH<\/strong><\/span><\/p>\n<p>[\/vc_column_text]<div class=\"gem-vimeo gem-wrapbox gem-wrapbox-style-no-style rounded-corners gem-wrapbox-position-below\" style=\"width: 100%;\"><div class=\"gem-wrapbox-inner gem-ratio-style\" style=\"padding-top: 56.25%\"><iframe webkitallowfullscreen=\"true\" mozallowfullscreen=\"true\" allowfullscreen=\"true\" class=\"gem-wrapbox-element img-responsive\" frameborder=\"0\" scrolling=\"no\" marginheight=\"0\" marginwidth=\"0\" src=\"\/\/player.vimeo.com\/video\/326318721?title=0&amp;byline=0&amp;portrait=0 \"><\/iframe><\/div><\/div>[\/vc_column][vc_column width=&#8221;1\/4&#8243;][vc_column_text]<\/p>\n<p style=\"text-align: center;\"><span style=\"font-family: 'arial black', sans-serif; font-size: 18pt;\">QUADAMI PO LESIE<\/span><\/p>\n<p>[\/vc_column_text]<div class=\"gem-vimeo gem-wrapbox gem-wrapbox-style-no-style rounded-corners gem-wrapbox-position-below\" style=\"width: 100%;\"><div class=\"gem-wrapbox-inner gem-ratio-style\" style=\"padding-top: 56.25%\"><iframe webkitallowfullscreen=\"true\" mozallowfullscreen=\"true\" allowfullscreen=\"true\" class=\"gem-wrapbox-element img-responsive\" frameborder=\"0\" scrolling=\"no\" marginheight=\"0\" marginwidth=\"0\" src=\"\/\/player.vimeo.com\/video\/338706474?title=0&amp;byline=0&amp;portrait=0 \"><\/iframe><\/div><\/div>[\/vc_column][\/vc_row][vc_row][vc_column width=&#8221;1\/4&#8243;][vc_column_text]<\/p>\n<p class=\"title-h2\" style=\"text-align: center;\"><span style=\"font-size: 18pt; font-family: 'arial black', sans-serif;\"><strong>P\u00d3\u0141NOCNY WSCH\u00d3D WYSPY<\/strong><\/span><\/p>\n<h1 class=\"title-h2\"><\/h1>\n<p>[\/vc_column_text]<div class=\"gem-vimeo gem-wrapbox gem-wrapbox-style-no-style rounded-corners gem-wrapbox-position-below\" style=\"width: 100%;\"><div class=\"gem-wrapbox-inner gem-ratio-style\" style=\"padding-top: 56.25%\"><iframe webkitallowfullscreen=\"true\" mozallowfullscreen=\"true\" allowfullscreen=\"true\" class=\"gem-wrapbox-element img-responsive\" frameborder=\"0\" scrolling=\"no\" marginheight=\"0\" marginwidth=\"0\" src=\"\/\/player.vimeo.com\/video\/676568455?title=0&amp;byline=0&amp;portrait=0 \"><\/iframe><\/div><\/div>[\/vc_column][vc_column width=&#8221;1\/4&#8243;][vc_column_text]<\/p>\n<p class=\"title-h2\" style=\"text-align: center;\"><span style=\"font-size: 18pt; font-family: 'arial black', sans-serif;\"><strong>PARALOTNIARSTWO<\/strong><\/span><\/p>\n<p>[\/vc_column_text]<div class=\"gem-vimeo gem-wrapbox gem-wrapbox-style-no-style rounded-corners gem-wrapbox-position-below\" style=\"width: 100%;\"><div class=\"gem-wrapbox-inner gem-ratio-style\" style=\"padding-top: 56.25%\"><iframe webkitallowfullscreen=\"true\" mozallowfullscreen=\"true\" allowfullscreen=\"true\" class=\"gem-wrapbox-element img-responsive\" frameborder=\"0\" scrolling=\"no\" marginheight=\"0\" marginwidth=\"0\" src=\"\/\/player.vimeo.com\/video\/326164961?title=0&amp;byline=0&amp;portrait=0 \"><\/iframe><\/div><\/div>[\/vc_column][vc_column width=&#8221;1\/4&#8243;][vc_column_text]<\/p>\n<p style=\"text-align: center;\"><span style=\"font-size: 18pt; font-family: 'arial black', sans-serif;\"><strong>JUNGLE PARK<\/strong><\/span><\/p>\n<p>[\/vc_column_text]<div class=\"gem-vimeo gem-wrapbox gem-wrapbox-style-no-style rounded-corners gem-wrapbox-position-below\" style=\"width: 100%;\"><div class=\"gem-wrapbox-inner gem-ratio-style\" style=\"padding-top: 56.25%\"><iframe webkitallowfullscreen=\"true\" mozallowfullscreen=\"true\" allowfullscreen=\"true\" class=\"gem-wrapbox-element img-responsive\" frameborder=\"0\" scrolling=\"no\" marginheight=\"0\" marginwidth=\"0\" src=\"\/\/player.vimeo.com\/video\/540400017?title=0&amp;byline=0&amp;portrait=0 \"><\/iframe><\/div><\/div>[\/vc_column][vc_column width=&#8221;1\/4&#8243;][vc_column_text]<\/p>\n<p style=\"text-align: center;\"><span style=\"font-family: 'arial black', sans-serif; font-size: 18pt;\">LORO PARQUE<\/span><\/p>\n<p>[\/vc_column_text]<div class=\"gem-vimeo gem-wrapbox gem-wrapbox-style-no-style rounded-corners gem-wrapbox-position-below\" style=\"width: 100%;\"><div class=\"gem-wrapbox-inner gem-ratio-style\" style=\"padding-top: 56.25%\"><iframe webkitallowfullscreen=\"true\" mozallowfullscreen=\"true\" allowfullscreen=\"true\" class=\"gem-wrapbox-element img-responsive\" frameborder=\"0\" scrolling=\"no\" marginheight=\"0\" marginwidth=\"0\" src=\"\/\/player.vimeo.com\/video\/328641209?title=0&amp;byline=0&amp;portrait=0 \"><\/iframe><\/div><\/div>[\/vc_column][\/vc_row][vc_row][vc_column width=&#8221;1\/4&#8243;][vc_column_text]<\/p>\n<h1 class=\"title-h2\" style=\"text-align: center;\"><span style=\"font-family: 'arial black', sans-serif; font-size: 18pt;\"><strong>W\u0118DKARSTWO<\/strong><\/span><\/h1>\n<p>[\/vc_column_text]<div class=\"gem-vimeo gem-wrapbox gem-wrapbox-style-no-style rounded-corners gem-wrapbox-position-below\" style=\"width: 100%;\"><div class=\"gem-wrapbox-inner gem-ratio-style\" style=\"padding-top: 56.25%\"><iframe webkitallowfullscreen=\"true\" mozallowfullscreen=\"true\" allowfullscreen=\"true\" class=\"gem-wrapbox-element img-responsive\" frameborder=\"0\" scrolling=\"no\" marginheight=\"0\" marginwidth=\"0\" src=\"\/\/player.vimeo.com\/video\/397456105?title=0&amp;byline=0&amp;portrait=0 \"><\/iframe><\/div><\/div>[\/vc_column][\/vc_row][vc_row full_width=&#8221;stretch_row_content&#8221;][vc_column][vc_empty_space height=&#8221;25&#8243;][\/vc_column][\/vc_row]<\/p>\n<\/div>","protected":false},"excerpt":{"rendered":"<p>[vc_row full_width=&#8221;stretch_row_content_no_spaces&#8221;][vc_column][vc_column_text css=&#8221;.vc_custom_1746360884148{background-color: #F6EB14 !important;background-position: center !important;background-repeat: no-repeat !important;background-size: cover !important;}&#8221; css_animation=&#8221;fadeIn&#8221;] GALERIA WIDEO [\/vc_column_text][\/vc_column][\/vc_row][vc_row][vc_column][vc_column_text] Teneryfa filmy, na tej stronie&#8230;<\/p>\n","protected":false},"author":2,"featured_media":75292,"parent":0,"menu_order":0,"comment_status":"closed","ping_status":"closed","template":"","meta":{"_acf_changed":false,"_seopress_robots_primary_cat":"0","_seopress_titles_title":"Teneryfa filmy, galeria multimedialna najlepszych wycieczek na wyspie","_seopress_titles_desc":"Teneryfa filmy, zapraszamy do obejrzenia film\u00f3w z najlepszych wycieczek na wyspie, osobi\u015bcie wyprodukowanych przez &quot;Tenerife Trips&quot;.","_seopress_robots_index":"","footnotes":""},"class_list":["post-75290","page","type-page","status-publish","has-post-thumbnail"],"acf":[],"_links":{"self":[{"href":"https:\/\/tenerife-trips.com\/pl\/wp-json\/wp\/v2\/pages\/75290","targetHints":{"allow":["GET"]}}],"collection":[{"href":"https:\/\/tenerife-trips.com\/pl\/wp-json\/wp\/v2\/pages"}],"about":[{"href":"https:\/\/tenerife-trips.com\/pl\/wp-json\/wp\/v2\/types\/page"}],"author":[{"embeddable":true,"href":"https:\/\/tenerife-trips.com\/pl\/wp-json\/wp\/v2\/users\/2"}],"replies":[{"embeddable":true,"href":"https:\/\/tenerife-trips.com\/pl\/wp-json\/wp\/v2\/comments?post=75290"}],"version-history":[{"count":0,"href":"https:\/\/tenerife-trips.com\/pl\/wp-json\/wp\/v2\/pages\/75290\/revisions"}],"wp:featuredmedia":[{"embeddable":true,"href":"https:\/\/tenerife-trips.com\/pl\/wp-json\/wp\/v2\/media\/75292"}],"wp:attachment":[{"href":"https:\/\/tenerife-trips.com\/pl\/wp-json\/wp\/v2\/media?parent=75290"}],"curies":[{"name":"wp","href":"https:\/\/api.w.org\/{rel}","templated":true}]}}