{"id":76417,"date":"2018-07-18T00:56:36","date_gmt":"2018-07-17T23:56:36","guid":{"rendered":"https:\/\/tenerife-trips.com\/?page_id=76417"},"modified":"2026-04-23T09:31:21","modified_gmt":"2026-04-23T08:31:21","slug":"blog-wiadomosci","status":"publish","type":"page","link":"https:\/\/tenerife-trips.com\/pl\/blog-wiadomosci\/","title":{"rendered":"Blog &#038; Wiadomo\u015bci"},"content":{"rendered":"<div class=\"wpb-content-wrapper\"><p>[vc_row full_width=&#8221;stretch_row_content_no_spaces&#8221; content_placement=&#8221;middle&#8221; css=&#8221;.vc_custom_1588520429280{background-color: #312c7a !important;background-position: center !important;background-repeat: no-repeat !important;background-size: cover !important;}&#8221;][vc_column][vc_column_text css=&#8221;.vc_custom_1598785393025{background-color: #f6eb14 !important;}&#8221;]<\/p>\n<h2 style=\"text-align: center;\"><span style=\"font-size: 24pt; color: #312c7a;\">BLOG &amp; wiadomo\u015bci<\/span><\/h2>\n<p>[\/vc_column_text][vc_empty_space][vc_column_text]<\/p>\n<p style=\"text-align: center;\"><span style=\"font-size: 18pt; color: #ffffff;\"><strong>Na naszym blogu przeczytasz najnowsze aktualno\u015bci, przygody oraz informacje o <a style=\"color: #ffffff;\" href=\"https:\/\/pl.wikipedia.org\/wiki\/Teneryfa\">Teneryfie<\/a>. Nie zapomnij odwiedza\u0107 nas regularnie, aby niczego nie przegapi\u0107! Poka\u017cemy Wam tutaj wysp\u0119 w nowy oraz ciekawy spos\u00f3b.<\/strong><\/span><\/p>\n<p>[\/vc_column_text][vc_empty_space][vc_masonry_grid post_type=&#8221;post&#8221; max_items=&#8221;6&#8243; element_width=&#8221;3&#8243; gap=&#8221;20&#8243; item=&#8221;masonryGrid_ScaleWithRotation&#8221; initial_loading_animation=&#8221;fadeIn&#8221; grid_id=&#8221;vc_gid:1599567876521-0e552457-2a28-4&#8243; taxonomies=&#8221;2728&#8243; exclude=&#8221;2766&#8243;][\/vc_column][\/vc_row]<\/p>\n<\/div>","protected":false},"excerpt":{"rendered":"<p>[vc_row full_width=&#8221;stretch_row_content_no_spaces&#8221; content_placement=&#8221;middle&#8221; css=&#8221;.vc_custom_1588520429280{background-color: #312c7a !important;background-position: center !important;background-repeat: no-repeat !important;background-size: cover !important;}&#8221;][vc_column][vc_column_text css=&#8221;.vc_custom_1598785393025{background-color: #f6eb14 !important;}&#8221;] BLOG &amp; wiadomo\u015bci [\/vc_column_text][vc_empty_space][vc_column_text] Na&#8230;<\/p>\n","protected":false},"author":2,"featured_media":60220,"parent":0,"menu_order":0,"comment_status":"closed","ping_status":"closed","template":"","meta":{"_acf_changed":false,"_seopress_robots_primary_cat":"","_seopress_titles_title":"","_seopress_titles_desc":"","_seopress_robots_index":"","footnotes":""},"class_list":["post-76417","page","type-page","status-publish","has-post-thumbnail"],"acf":[],"_links":{"self":[{"href":"https:\/\/tenerife-trips.com\/pl\/wp-json\/wp\/v2\/pages\/76417","targetHints":{"allow":["GET"]}}],"collection":[{"href":"https:\/\/tenerife-trips.com\/pl\/wp-json\/wp\/v2\/pages"}],"about":[{"href":"https:\/\/tenerife-trips.com\/pl\/wp-json\/wp\/v2\/types\/page"}],"author":[{"embeddable":true,"href":"https:\/\/tenerife-trips.com\/pl\/wp-json\/wp\/v2\/users\/2"}],"replies":[{"embeddable":true,"href":"https:\/\/tenerife-trips.com\/pl\/wp-json\/wp\/v2\/comments?post=76417"}],"version-history":[{"count":2,"href":"https:\/\/tenerife-trips.com\/pl\/wp-json\/wp\/v2\/pages\/76417\/revisions"}],"predecessor-version":[{"id":717551,"href":"https:\/\/tenerife-trips.com\/pl\/wp-json\/wp\/v2\/pages\/76417\/revisions\/717551"}],"wp:featuredmedia":[{"embeddable":true,"href":"https:\/\/tenerife-trips.com\/pl\/wp-json\/wp\/v2\/media\/60220"}],"wp:attachment":[{"href":"https:\/\/tenerife-trips.com\/pl\/wp-json\/wp\/v2\/media?parent=76417"}],"curies":[{"name":"wp","href":"https:\/\/api.w.org\/{rel}","templated":true}]}}