{"id":76419,"date":"2018-07-23T22:14:55","date_gmt":"2018-07-23T21:14:55","guid":{"rendered":"https:\/\/tenerife-trips.com\/?page_id=76419"},"modified":"2025-04-02T17:12:19","modified_gmt":"2025-04-02T16:12:19","slug":"teneryfa-informacje","status":"publish","type":"page","link":"https:\/\/tenerife-trips.com\/pl\/teneryfa-informacje\/","title":{"rendered":"Teneryfa informacje turystyczne"},"content":{"rendered":"<div class=\"wpb-content-wrapper\"><p>[vc_row full_width=&#8221;stretch_row_content_no_spaces&#8221;][vc_column][vc_column_text css=&#8221;.vc_custom_1743610314399{background-color: #F6EB14 !important;background-position: center !important;background-repeat: no-repeat !important;background-size: cover !important;}&#8221; css_animation=&#8221;fadeIn&#8221;]<\/p>\n<h1 class=\"title-h2\" style=\"text-align: center;\"><span style=\"font-size: 18pt; color: #312c7a;\">informacje turystyczne<\/span><\/h1>\n<p>[\/vc_column_text][\/vc_column][\/vc_row][vc_row][vc_column][vc_column_text css=&#8221;.vc_custom_1596030071574{background-position: center !important;background-repeat: no-repeat !important;background-size: contain !important;}&#8221; css_animation=&#8221;fadeIn&#8221;]<\/p>\n<p style=\"text-align: center;\"><span style=\"font-size: 14pt;\">Teneryfa informacje turystyczne, przedstawiamy Ci stron\u0119, na kt\u00f3rej znajdziesz nasze artyku\u0142y poruszaj\u0105ce r\u00f3\u017cne wa\u017cne tematy odno\u015bnie Teneryfy; zach\u0119camy Ci\u0119, aby\u015b przeczyta\u0142 je przed przybyciem na wysp\u0119, aby m\u00f3c lepiej pozna\u0107 j\u0105 i jej specyficzn\u0105 charakterystyk\u0119.<\/span><\/p>\n<h3 style=\"text-align: center;\"><span style=\"font-size: 12pt;\">PODANE TUTAJ INFORMACJE S\u0104 NAPISANE PRZEZ MIESZKA\u0143C\u00d3W WYSPY, DZI\u0118KI CZEMU S\u0104 WYJ\u0104TKOWO RZETELNE!<\/span><\/h3>\n<p style=\"text-align: center;\"><span style=\"font-size: 14pt;\">Teneryfa jest wspania\u0142ym miejscem do sp\u0119dzenia niezapomnianych wakacji. Wyspa ta oferuje szeroki wyb\u00f3r r\u00f3\u017cnorodnych sport\u00f3w, atrakcji, zaj\u0119\u0107 oraz wycieczek fakultatywnych. Przyk\u0142adowo, znajduj\u0105 si\u0119 tu naprawd\u0119 fajne miejsca do uprawiania trekkingu lub te\u017c jazdy na rowerze, uprawiania sport\u00f3w wodnych lub lotniczych takich jak nurkowanie z akwalungiem, jazda na skuterach wodnych lub parasailing. Teneryf\u0119 mo\u017cna r\u00f3wnie\u017c zwiedzi\u0107 podczas wycieczek fakultatywnych z przewodnikiem lub podczas jazdy quadem oraz buggy po s\u0142ynnym Parku Narodowym <a href=\"https:\/\/pl.wikipedia.org\/wiki\/Teide\">Teide<\/a> i jego ksi\u0119\u017cycowym krajobrazie. Jeszcze inn\u0105 opcj\u0105 na sp\u0119dzenie \u015bwietnie tutaj wolnego czasu jest odwiedzenie jednych z najlepszych park\u00f3w rozrywki takich jak Loro Park i Siam Park czy udania si\u0119 na wieczorny spektakl. Na Teneryfie na pewno nie b\u0119dziesz si\u0119 nudzi\u0142!<\/span><\/p>\n<h3 style=\"text-align: center;\"><span style=\"font-size: 12pt;\">TENERYFA TO NAJWI\u0118KSZA, NAJBARDZIEJ ZALUDNIONA I NAJCZ\u0118\u015aCIEJ ODWIEDZANA WYSPA Z ARCHIPELAGU WYSP KANARYJSKICH. JEJ R\u00d3\u017bNORODNO\u015a\u0106 KRAJOBRAZ\u00d3W, MIKROKLIMAT\u00d3W, OFERTY REKREACYJNEJ ORAZ US\u0141UG TURYSTYCZNYCH SPRAWIA, \u017bE JEST JEDNYM Z NAJPOPULARNIEJSZYCH KIERUNK\u00d3W NA \u015aWIECIE, GDZIE CO ROKU ZAGL\u0104DA PONAD 5 MILION\u00d3W ODWIEDZAJ\u0104CYCH.<\/span><\/h3>\n<p style=\"text-align: center;\"><span style=\"font-size: 14pt;\">Tutejszy klimat cz\u0119sto nazywany jest \u201ewieczn\u0105 wiosn\u0105\u201d. Jest on wyj\u0105tkowo \u0142agodny, w szczeg\u00f3lno\u015bci w po\u0142udniowo-zachodniej cz\u0119\u015bci wyspy, gdzie przez ca\u0142y rok panuje \u015brednia temperatura od 18 do 25 stopni Celsjusza. Wy\u015bmienita pogoda sprzyja wielu r\u00f3\u017cnym zaj\u0119ciom oraz wycieczkom fakultatywnym takimi przyk\u0142adowo jak przelot nad obszarem Costa Adeje w tandemie na paralotni lub helikopterem, wycieczka kajakiem z obserwacj\u0105 delfin\u00f3w w s\u0142ynnym tutaj El Palm-Mar, w\u0119dr\u00f3wka po okolicy Masca czy te\u017c obserwacja wieloryb\u00f3w podczas rejsu statkiem podziwiaj\u0105c jednocze\u015bnie majestatyczne klify Los Gigantes<\/span><\/p>\n<h3 style=\"text-align: center;\"><span style=\"font-size: 12pt;\">POZA ORGANIZACJ\u0104 I SPRZEDA\u017b\u0104 WYCIECZEK FAKULTATYWNYCH PO NAJLEPSZYCH CENACH, CELEM NASZEGO BIURA JEST R\u00d3WNIE\u017b UDOST\u0118PNIANIE TENERYFA INFORMACJE TURYSTYCZNE.<\/span><\/h3>\n<p style=\"text-align: center;\"><span style=\"font-size: 14pt;\">Chcemy, aby osoby planuj\u0105ce tutaj swoje wakacje mia\u0142y lepsze wyobra\u017cenie na temat tego, co Teneryfa mo\u017ce im zaoferowa\u0107, ponadto, pragniemy udziela\u0107 Teneryfa informacje turystyczne dziel\u0105c si\u0119 nasz\u0105 wiedz\u0105 oraz do\u015bwiadczeniem na temat tego wspania\u0142ego miejsca. Mamy nadzieje, \u017ce opublikowane przez nas informacje b\u0119d\u0105 Ci pomocne!<\/span><\/p>\n<h3 style=\"text-align: center;\"><span style=\"font-size: 12pt;\">SPRAWD\u0179 TUTAJ <a href=\"https:\/\/tenerife-trips.com\/pl\/teneryfa-atrakcje\/?lang=pl\">WYCIECZKI, KT\u00d3RE OFERUJEMY<\/a> I SKORZYSTAJ Z NAJLEPSZYCH RABAT\u00d3W W SIECI!<\/span><\/h3>\n<p>[\/vc_column_text][vc_empty_space][\/vc_column][\/vc_row][vc_row full_width=&#8221;stretch_row_content_no_spaces&#8221; css=&#8221;.vc_custom_1588517622823{background-color: #312c7a !important;background-position: center !important;background-repeat: no-repeat !important;background-size: cover !important;}&#8221;][vc_column][vc_column_text css=&#8221;.vc_custom_1596029614354{background-color: #f6eb14 !important;}&#8221;]<\/p>\n<h2 style=\"text-align: center;\"><span style=\"font-size: 24pt; color: #312c7a;\">nasze artyku\u0142y<\/span><\/h2>\n<p>[\/vc_column_text][vc_empty_space][vc_masonry_grid post_type=&#8221;post&#8221; max_items=&#8221;10&#8243; element_width=&#8221;3&#8243; gap=&#8221;25&#8243; item=&#8221;masonryGrid_ScaleWithRotation&#8221; initial_loading_animation=&#8221;fadeIn&#8221; css=&#8221;.vc_custom_1597271763456{background-color: #312c7a !important;}&#8221; grid_id=&#8221;vc_gid:1743610210457-7def142c-6985-7&#8243; taxonomies=&#8221;2722&#8243; exclude=&#8221;5032, 5029, 4842, 4834&#8243;][\/vc_column][\/vc_row]<\/p>\n<\/div>","protected":false},"excerpt":{"rendered":"<p>[vc_row full_width=&#8221;stretch_row_content_no_spaces&#8221;][vc_column][vc_column_text css=&#8221;.vc_custom_1743610314399{background-color: #F6EB14 !important;background-position: center !important;background-repeat: no-repeat !important;background-size: cover !important;}&#8221; css_animation=&#8221;fadeIn&#8221;] informacje turystyczne [\/vc_column_text][\/vc_column][\/vc_row][vc_row][vc_column][vc_column_text css=&#8221;.vc_custom_1596030071574{background-position: center !important;background-repeat: no-repeat !important;background-size:&#8230;<\/p>\n","protected":false},"author":2,"featured_media":0,"parent":0,"menu_order":0,"comment_status":"closed","ping_status":"closed","template":"","meta":{"_acf_changed":false,"_seopress_robots_primary_cat":"0","_seopress_titles_title":"","_seopress_titles_desc":"","_seopress_robots_index":"","footnotes":""},"class_list":["post-76419","page","type-page","status-publish"],"acf":[],"_links":{"self":[{"href":"https:\/\/tenerife-trips.com\/pl\/wp-json\/wp\/v2\/pages\/76419","targetHints":{"allow":["GET"]}}],"collection":[{"href":"https:\/\/tenerife-trips.com\/pl\/wp-json\/wp\/v2\/pages"}],"about":[{"href":"https:\/\/tenerife-trips.com\/pl\/wp-json\/wp\/v2\/types\/page"}],"author":[{"embeddable":true,"href":"https:\/\/tenerife-trips.com\/pl\/wp-json\/wp\/v2\/users\/2"}],"replies":[{"embeddable":true,"href":"https:\/\/tenerife-trips.com\/pl\/wp-json\/wp\/v2\/comments?post=76419"}],"version-history":[{"count":0,"href":"https:\/\/tenerife-trips.com\/pl\/wp-json\/wp\/v2\/pages\/76419\/revisions"}],"wp:attachment":[{"href":"https:\/\/tenerife-trips.com\/pl\/wp-json\/wp\/v2\/media?parent=76419"}],"curies":[{"name":"wp","href":"https:\/\/api.w.org\/{rel}","templated":true}]}}