{"id":82556,"date":"2018-05-10T00:05:25","date_gmt":"2018-05-09T23:05:25","guid":{"rendered":"https:\/\/tenerife-trips.com\/?page_id=82556"},"modified":"2025-11-20T13:20:52","modified_gmt":"2025-11-20T13:20:52","slug":"polityka-prywatnosci","status":"publish","type":"page","link":"https:\/\/tenerife-trips.com\/pl\/polityka-prywatnosci\/","title":{"rendered":"Polityka prywatno\u015bci"},"content":{"rendered":"<div class=\"wpb-content-wrapper\"><p>[vc_row full_width=&#8221;stretch_row_content_no_spaces&#8221; css=&#8221;.vc_custom_1588961501765{background-color: #f6eb14 !important;}&#8221;][vc_column][vc_column_text]<\/p>\n<h2 style=\"text-align: center;\"><span style=\"font-size: 18pt;\"><strong>Polityka prywatno\u015bci<\/strong><\/span><\/h2>\n<p>[\/vc_column_text][\/vc_column][\/vc_row][vc_row][vc_column][vc_column_text css=&#8221;&#8221; css_animation=&#8221;fadeIn&#8221;]Zgodnie z hiszpa\u0144skim prawem Ley Org\u00e1nica 3\/2018 oraz art. 13 rozporz\u0105dzenia UE 2016\/679 przekazujemy nast\u0119puj\u0105ce informacje:<\/p>\n<p>&nbsp;<\/p>\n<p><span style=\"text-decoration: underline;\"><strong>PODSTAWOWE INFORMACJE O OCHRONIE DANYCH<\/strong><\/span><\/p>\n<table style=\"width: 48.6888%;\">\n<tbody>\n<tr>\n<td style=\"width: 28.673%;\" width=\"128\"><strong>Partia odpowiedzialna<\/strong><\/td>\n<td style=\"width: 108.41%;\" width=\"422\"><strong>POEMA SOLUTIONS S.L.<\/strong><\/td>\n<\/tr>\n<tr>\n<td style=\"width: 28.673%;\" width=\"128\"><strong>Cel<\/strong><\/td>\n<td style=\"width: 108.41%;\" width=\"422\">\u00b7Spe\u0142nianie wszelkich pro\u015bb i w wniosk\u00f3w z\u0142o\u017conych za po\u015brednictwem strony internetowej, zarz\u0105dzanie przesy\u0142aniem informacji.<\/p>\n<p>\u00b7 Zarz\u0105dzanie us\u0142ugami zakontraktowanymi za po\u015brednictwem naszego sklepu internetowego.<\/td>\n<\/tr>\n<tr>\n<td style=\"width: 28.673%;\" width=\"128\"><strong>Legitymizacja<\/strong><\/td>\n<td style=\"width: 108.41%;\" width=\"422\">\u00b7Zgoda strony zainteresowanej.<\/p>\n<p>\u00b7Nawi\u0105zanie stosunku przedumownego \/ umownego<\/td>\n<\/tr>\n<tr>\n<td style=\"width: 28.673%;\" width=\"128\"><strong>Odbiorcy<\/strong><\/td>\n<td style=\"width: 108.41%;\" width=\"422\">Dane te nie b\u0119d\u0105 przekazywane stronom trzecim, chyba \u017ce istnieje prawny obowi\u0105zek, aby je przekaza\u0107 lub je\u015bli b\u0119dzie to konieczne do zrealizowania Twojego zam\u00f3wienia.<\/td>\n<\/tr>\n<tr>\n<td style=\"width: 28.673%;\" width=\"128\"><strong>Prawa<\/strong><\/td>\n<td style=\"width: 108.41%;\" width=\"422\">Mo\u017cesz skorzysta\u0107 ze swoich praw dost\u0119pu, sprostowania, usuni\u0119cia, sprzeciwu, ograniczenia przetwarzania oraz przenoszenia danych.<\/td>\n<\/tr>\n<\/tbody>\n<\/table>\n<p><strong>\u00a0<\/strong><\/p>\n<p><span style=\"text-decoration: underline;\"><strong>KTO B\u0118DZIE PRZETWARZA\u0106 MOJE DANE?<\/strong><\/span><\/p>\n<p>Podmiotem odpowiedzialnym za przetwarzanie Twoich danych jest<\/p>\n<p><span style=\"text-decoration: underline;\">Nazwa firmy<\/span>: POEMA SOLUTIONS S.L.<\/p>\n<p><span style=\"text-decoration: underline;\">Nip i kod podatkowy<\/span>: B24751083<\/p>\n<p><span style=\"text-decoration: underline;\">Nazwa handlowa<\/span>: TENERIFE TRIPS<\/p>\n<p><span style=\"text-decoration: underline;\">Adres<\/span>: Calle Lagunas de Ruidera 749, Orihuela Costa, 03189, Hiszpania<\/p>\n<p>Pozosta\u0142e dane kontaktowe:<\/p>\n<p><span style=\"text-decoration: underline;\">E-mail<\/span>: <a href=\"mailto:emanuele@tenerife-trips.com\" target=\"_blank\" rel=\"noopener\"><span style=\"text-decoration: underline;\">skopiuj to hiper\u0142\u0105cze i wklej je, aby zobaczy\u0107 nasz adres e-mail<\/span><\/a><\/p>\n<p><span style=\"text-decoration: underline;\">Numer telefonu<\/span>: +34 689 210 678<\/p>\n<p><strong>\u00a0<\/strong><\/p>\n<p><span style=\"text-decoration: underline;\"><strong>JAKI JEST CEL I PODSTAWA PRAWNA PRZETWARZANIA DANYCH?<\/strong><\/span><\/p>\n<p>W Tenerife-Trips przetwarzamy wszelkie informacje przes\u0142ane przez ka\u017cd\u0105 z os\u00f3b zainteresowanych w celu zarz\u0105dzania ich pro\u015bbami o informacje oraz wszelkich us\u0142ug, kt\u00f3re \u0142\u0105cz\u0105 je z t\u0105 firm\u0105, a tak\u017ce w celu wysy\u0142ania im ofert produkt\u00f3w i us\u0142ug.<\/p>\n<p>Podstaw\u0105 prawn\u0105 przetwarzania Twoich danych jest Twoja zgoda, kt\u00f3rej mo\u017cesz wyrazi\u0107, akceptuj\u0105c polityk\u0119 prywatno\u015bci Tenerife-Trips na naszej stronie internetowej.<\/p>\n<p>Pami\u0119taj, \u017ce gdy prosimy Ci\u0119 o wype\u0142nienie Twoich danych osobowych w celu udost\u0119pnienia Ci jakiej\u015b funkcjonalno\u015bci lub us\u0142ugi w naszych formularzach, oznaczymy niekt\u00f3re pola jako obowi\u0105zkowe, poniewa\u017c s\u0105 to dane, kt\u00f3rych potrzebujemy, aby m\u00f3c \u015bwiadczy\u0107 dan\u0105 us\u0142ug\u0119 lub da\u0107 Ci dost\u0119p do danej funkcji. Pami\u0119taj, \u017ce je\u015bli zdecydujesz si\u0119 nie podawa\u0107 tych informacji, mo\u017cesz nie by\u0107 w stanie uko\u0144czy\u0107 rejestracji jako u\u017cytkownik lub korzysta\u0107 z us\u0142ug.<\/p>\n<p>W przypadku zapyta\u0144, kt\u00f3re docieraj\u0105 do nas w inny spos\u00f3b ni\u017c nasze internetowe formularze kontaktowe, podstaw\u0105 prawn\u0105 przetwarzania Twoich danych jest w tym przypadku nawi\u0105zanie stosunku przed umownego. Oznacza to, \u017ce b\u0119dziemy zarz\u0105dza\u0107 Twoimi danymi, aby spe\u0142ni\u0107 Twoje pro\u015bby o informacje i \/ lub us\u0142ugi.<\/p>\n<p>Dane podane przez u\u017cytkownik\u00f3w b\u0119d\u0105 wykorzystywane do bada\u0144 statystycznych i analizy profili w celu \u015bwiadczenia lepszej obs\u0142ugi za po\u015brednictwem naszej strony internetowej, do kt\u00f3rej b\u0119dzie wykorzystywana aplikacja Google Analytics.<\/p>\n<p>Aby uzyska\u0107 dodatkowe informacje, zapoznaj si\u0119 z nasz\u0105 <a href=\"https:\/\/tenerife-trips.com\/pl\/cookie-policy-eu\/?lang=pl\" target=\"_blank\" rel=\"noopener\">Polityk\u0105 plik\u00f3w cookie<\/a>.<\/p>\n<p>&nbsp;<\/p>\n<p><span style=\"text-decoration: underline;\"><strong>GDZIE PRZECHOWYWANE S\u0104 MOJE INFORMACJE?<\/strong><\/span><\/p>\n<p>Hostinger International Ltd., Cyprus private limited company, 61 Lordou Vironos str., 6023 Larnaca, Cyprus, https:\/\/www.hostinger.com<\/p>\n<p>&nbsp;<\/p>\n<p><span style=\"text-decoration: underline;\"><strong>KOMU ZOSTAN\u0104 PRZEKAZANE MOJE DANE?<\/strong><\/span><\/p>\n<p>Do realizacji cel\u00f3w wskazanych w niniejszej Polityce Prywatno\u015bci niezb\u0119dne jest udost\u0119pnienie przez nas Twoich danych osobowych nast\u0119puj\u0105cym podmiotom, kt\u00f3re wspieraj\u0105 nas w oferowanych przez nas us\u0142ugach:<\/p>\n<ul>\n<li>Podmioty finansowe; aby dokona\u0107 p\u0142atno\u015bci za zakontraktowane us\u0142ugi.<\/li>\n<li>Dostawcy us\u0142ug technologicznych; Hosting i utrzymanie sieci.<\/li>\n<\/ul>\n<p>Poza wskazanymi, \u017cadne dane nie b\u0119d\u0105 przekazywane, chyba \u017ce istnieje obowi\u0105zek prawny, aby je przekaza\u0107, lub je\u015bli b\u0119dzie to konieczne do spe\u0142nienia wymaga\u0144 bezpo\u015brednio zwi\u0105zanych z Twoim zleceniem.<\/p>\n<p>&nbsp;<\/p>\n<p><span style=\"text-decoration: underline;\"><strong>JAK D\u0141UGO B\u0118DZIECIE PRZECHOWYWA\u0106 MOJE DANE?<\/strong><\/span><\/p>\n<p>Wszelkie przekazane dane osobowe b\u0119d\u0105 przechowywane przez ca\u0142y okres trwania Twojej relacji z t\u0105 firm\u0105 i dop\u00f3ki osoba, kt\u00f3rej dane dotycz\u0105, nie za\u017c\u0105da ich usuni\u0119cia.<\/p>\n<p>&nbsp;<\/p>\n<p><span style=\"text-decoration: underline;\"><strong>JAKIE S\u0104 MOJE PRAWA, KIEDY PRZEKAZUJ\u0118 SWOJE DANE? I GDZIE MAM SI\u0118 ZROBI\u0106, ABY WYKONA\u0106 SWOJE PRAWA?<\/strong><\/span><\/p>\n<p>Ka\u017cdy ma prawo do uzyskania potwierdzenia, czy przetwarzamy jakiekolwiek dane osobowe, kt\u00f3re go dotycz\u0105, w Tenerife-Trips. Wszystkim zainteresowanym przys\u0142uguje prawo dost\u0119pu do swoich danych osobowych oraz \u017c\u0105dania zmiany wszelkich niedok\u0142adnych danych lub ich usuni\u0119cia, gdy mi\u0119dzy innymi dane te nie s\u0105 ju\u017c potrzebne do celu, dla kt\u00f3rego zosta\u0142y zebrane. W pewnych okoliczno\u015bciach osoby zainteresowane mog\u0105 za\u017c\u0105da\u0107 ograniczenia przetwarzania ich danych, w takim przypadku zachowamy je wy\u0142\u0105cznie w celu wykonania lub obrony roszcze\u0144 prawnych.<\/p>\n<p>W pewnych okoliczno\u015bciach i z przyczyn zwi\u0105zanych z Twoj\u0105 szczeg\u00f3ln\u0105 sytuacj\u0105 mo\u017cesz sprzeciwi\u0107 si\u0119 przetwarzaniu Twoich danych, a Tenerife-Trips zaprzestanie ich przetwarzania, chyba \u017ce zaistniej\u0105 istotne podstawy prawne lub w celu wykonania, lub obrony potencjalnych roszcze\u0144 prawnych. Aby skorzysta\u0107 ze swoich praw, nale\u017cy wys\u0142a\u0107 zawiadomienie i kopi\u0119 swojego dowodu osobistego na adres:<\/p>\n<p><a href=\"mailto:emanuele@tenerife-trips.com\" target=\"_blank\" rel=\"noopener\"><span style=\"text-decoration: underline;\">skopiuj to hiper\u0142\u0105cze i wklej je, aby zobaczy\u0107 nasz adres e-mail<\/span><\/a><\/p>\n<p>U\u017cytkownik mo\u017ce w ka\u017cdej chwili odwo\u0142a\u0107 swoj\u0105 zgodz\u0119 pisz\u0105c na adres: <a href=\"mailto:emanuele@tenerife-trips.com\" target=\"_blank\" rel=\"noopener\"><span style=\"text-decoration: underline;\">skopiuj to hiper\u0142\u0105cze i wklej je, aby zobaczy\u0107 nasz adres e-mail<\/span><\/a><\/p>\n<p>Ponadto niniejszym informujemy, \u017ce masz prawo z\u0142o\u017cy\u0107 skarg\u0119 do w\u0142oskiego organu kontrolnego <a href=\"https:\/\/www.aepd.es\" target=\"_blank\" rel=\"noopener\">Agencia Espa\u00f1ola de Protecci\u00f3n de Datos (AEPD)<\/a>.[\/vc_column_text][\/vc_column][\/vc_row][vc_row][vc_column][vc_empty_space][\/vc_column][\/vc_row]<\/p>\n<\/div>","protected":false},"excerpt":{"rendered":"<p>[vc_row full_width=&#8221;stretch_row_content_no_spaces&#8221; css=&#8221;.vc_custom_1588961501765{background-color: #f6eb14 !important;}&#8221;][vc_column][vc_column_text] Polityka prywatno\u015bci [\/vc_column_text][\/vc_column][\/vc_row][vc_row][vc_column][vc_column_text css=&#8221;&#8221; css_animation=&#8221;fadeIn&#8221;]Zgodnie z hiszpa\u0144skim prawem Ley Org\u00e1nica 3\/2018 oraz art. 13 rozporz\u0105dzenia&#8230;<\/p>\n","protected":false},"author":212,"featured_media":82562,"parent":0,"menu_order":0,"comment_status":"closed","ping_status":"closed","template":"","meta":{"_acf_changed":false,"_seopress_robots_primary_cat":"0","_seopress_titles_title":"Polityka prywatno\u015bci oraz polituka cookies Tenerife Trips.","_seopress_titles_desc":"Polityka prywatno\u015bci oraz cookies Tenerife Trips. Przeczytaj uwagi prawne przed dokonaniem rezerwacji wycieczek z naszym biurem.","_seopress_robots_index":"","footnotes":""},"class_list":["post-82556","page","type-page","status-publish","has-post-thumbnail"],"acf":[],"_links":{"self":[{"href":"https:\/\/tenerife-trips.com\/pl\/wp-json\/wp\/v2\/pages\/82556","targetHints":{"allow":["GET"]}}],"collection":[{"href":"https:\/\/tenerife-trips.com\/pl\/wp-json\/wp\/v2\/pages"}],"about":[{"href":"https:\/\/tenerife-trips.com\/pl\/wp-json\/wp\/v2\/types\/page"}],"author":[{"embeddable":true,"href":"https:\/\/tenerife-trips.com\/pl\/wp-json\/wp\/v2\/users\/212"}],"replies":[{"embeddable":true,"href":"https:\/\/tenerife-trips.com\/pl\/wp-json\/wp\/v2\/comments?post=82556"}],"version-history":[{"count":0,"href":"https:\/\/tenerife-trips.com\/pl\/wp-json\/wp\/v2\/pages\/82556\/revisions"}],"wp:featuredmedia":[{"embeddable":true,"href":"https:\/\/tenerife-trips.com\/pl\/wp-json\/wp\/v2\/media\/82562"}],"wp:attachment":[{"href":"https:\/\/tenerife-trips.com\/pl\/wp-json\/wp\/v2\/media?parent=82556"}],"curies":[{"name":"wp","href":"https:\/\/api.w.org\/{rel}","templated":true}]}}