{"id":82571,"date":"2020-08-27T16:21:28","date_gmt":"2020-08-27T15:21:28","guid":{"rendered":"https:\/\/tenerife-trips.com\/?page_id=82571"},"modified":"2026-04-23T09:31:38","modified_gmt":"2026-04-23T08:31:38","slug":"informacja-prawna","status":"publish","type":"page","link":"https:\/\/tenerife-trips.com\/pl\/informacja-prawna\/","title":{"rendered":"Informacja prawna"},"content":{"rendered":"<div class=\"wpb-content-wrapper\"><p>[vc_row full_width=&#8221;stretch_row_content_no_spaces&#8221; css=&#8221;.vc_custom_1588961501765{background-color: #f6eb14 !important;}&#8221;][vc_column][vc_column_text]<\/p>\n<h2 style=\"text-align: center;\"><span style=\"font-size: 18pt;\"><strong>informacja prawna<\/strong><\/span><\/h2>\n<p>[\/vc_column_text][\/vc_column][\/vc_row][vc_row][vc_column][vc_column_text css=&#8221;&#8221; css_animation=&#8221;fadeIn&#8221;]<span style=\"font-size: 18pt;\"><strong><u>CEL<\/u><\/strong><\/span><\/p>\n<p>Niniejsze warunki prawne zosta\u0142y ustanowione przez Tenerife-Trips w celu okre\u015blenia kryteri\u00f3w i warunk\u00f3w korzystania ze strony internetowej Tenerife-Trips.<\/p>\n<p><strong>Informacje o w\u0142a\u015bcicielu:<\/strong><\/p>\n<p>Zgodnie z hiszpa\u0144skim prawem Ley Org\u00e1nica 3\/2018 oraz art. 13 rozporz\u0105dzenia UE 2016\/679 Tenerife-Trips udost\u0119pnia informacje o w\u0142a\u015bcicielu tej strony internetowej.<\/p>\n<p><strong>Identyfikacja i kontakt:<\/strong><\/p>\n<p><span style=\"text-decoration: underline;\">Nazwa firmy<\/span>: POEMA SOLUTIONS S.L.<\/p>\n<p><span style=\"text-decoration: underline;\">Nip i kod podatkowy<\/span>: B24751083<\/p>\n<p><span style=\"text-decoration: underline;\">Nazwa handlowa<\/span>: TENERIFE TRIPS<\/p>\n<p><span style=\"text-decoration: underline;\">Adres<\/span>: Calle Lagunas de Ruidera 749, Orihuela Costa, 03189, Hiszpania<\/p>\n<p><strong>Pozosta\u0142e dane kontaktowe:<\/strong><\/p>\n<p><span style=\"text-decoration: underline;\">E-mail<\/span>: <a href=\"mailto:emanuele@tenerife-trips.com\" target=\"_blank\" rel=\"noopener\"><span style=\"text-decoration: underline;\">skopiuj to hiper\u0142\u0105cze i wklej je, aby zobaczy\u0107 nasz adres e-mail<\/span><\/a><\/p>\n<p><span style=\"text-decoration: underline;\">Numer telefonu<\/span>: +34 689 210 678<\/p>\n<p>Przegl\u0105daj\u0105c t\u0119 \u200b\u200bwitryn\u0119, przegl\u0105darki okre\u015blaj\u0105 stan u\u017cytkownik\u00f3w. U\u017cytkownicy akceptuj\u0105 ustalone warunki u\u017cytkowania. Tenerife-Trips zastrzega sobie prawo do zmiany warunk\u00f3w prawnych w dowolnym momencie, a tak\u017ce do wprowadzenia wszelkich technicznych lub wizualnych ulepsze\u0144, kt\u00f3re uznaj\u0105 za dogodne. Je\u015bli takie modyfikacje wp\u0142yn\u0105 na prywatno\u015b\u0107 u\u017cytkownik\u00f3w, u\u017cytkownicy zostan\u0105 uprzednio powiadomieni o dacie wej\u015bcia w \u017cycie wszelkich zmian.<\/p>\n<p><span class=\"jCAhz ChMk0b\"><span class=\"ryNqvb\">Zgodnie z hiszpa\u0144skim prawem Ley Org\u00e1nica 3\/2018<\/span><\/span><span class=\"jCAhz ChMk0b\"><span class=\"ryNqvb\">\u00a0i zgodnie z rozporz\u0105dzeniem UE 2016\/679 musisz wype\u0142ni\u0107 wszystkie obowi\u0105zkowe pola, aby\u015bmy mogli odpowiedzie\u0107 na Twoje pytania<\/span><\/span>. Dane nie b\u0119d\u0105 przekazywane stronom trzecim, chyba \u017ce istnieje prawny obowi\u0105zek, aby to zrobi\u0107 lub gdy b\u0119dzie to konieczne do spe\u0142nienia Twojego \u017c\u0105dania. Je\u015bli Twoje dane zostan\u0105 zmienione lub zmodyfikowane, musisz nas o tym powiadomi\u0107. U\u017cytkownicy mog\u0105 skorzysta\u0107 z przys\u0142uguj\u0105cych im praw dost\u0119pu, sprostowania, usuni\u0119cia, ograniczenia, sprzeciwu i przenoszenia, pisz\u0105c na poni\u017cszy adres:<\/p>\n<p><a href=\"mailto:emanuele@tenerife-trips.com\" target=\"_blank\" rel=\"noopener\"><span style=\"text-decoration: underline;\">skopiuj to hiper\u0142\u0105cze i wklej je, aby zobaczy\u0107 nasz adres e-mail<\/span><\/a><\/p>\n<p>&nbsp;<\/p>\n<p><span style=\"font-size: 18pt;\"><strong><u>POLITYKA LINK\u00d3W<\/u><\/strong><\/span><\/p>\n<p>Ta witryna zawiera linki do stron internetowych os\u00f3b trzecich, aby zapewni\u0107 u\u017cytkownikom dost\u0119p do r\u00f3\u017cnych sieci spo\u0142eczno\u015bciowych i platform internetowych. Tenerife-Trips nie ponosi odpowiedzialno\u015bci za tre\u015bci, oferty, produkty lub us\u0142ugi, kt\u00f3re mog\u0105 zawiera\u0107 takie strony internetowe.<\/p>\n<p>&nbsp;<\/p>\n<p><span style=\"font-size: 18pt;\"><strong><u>OBOWI\u0104ZUJ\u0104CE PRAWO<\/u><\/strong><\/span><\/p>\n<p>We wszystkich sprawach zwi\u0105zanych z Tenerife-Trips i u\u017cytkownikami zastosowanie maj\u0105 obowi\u0105zuj\u0105ce przepisy prawa krajowego, a wszelkie spory rozstrzygane s\u0105 przez s\u0105d w Alicante.[\/vc_column_text][\/vc_column][\/vc_row][vc_row][vc_column][vc_empty_space][\/vc_column][\/vc_row]<\/p>\n<\/div>","protected":false},"excerpt":{"rendered":"<p>[vc_row full_width=&#8221;stretch_row_content_no_spaces&#8221; css=&#8221;.vc_custom_1588961501765{background-color: #f6eb14 !important;}&#8221;][vc_column][vc_column_text] informacja prawna [\/vc_column_text][\/vc_column][\/vc_row][vc_row][vc_column][vc_column_text css=&#8221;&#8221; css_animation=&#8221;fadeIn&#8221;]CEL Niniejsze warunki prawne zosta\u0142y ustanowione przez Tenerife-Trips w celu okre\u015blenia&#8230;<\/p>\n","protected":false},"author":212,"featured_media":0,"parent":0,"menu_order":0,"comment_status":"closed","ping_status":"closed","template":"","meta":{"_acf_changed":false,"_seopress_robots_primary_cat":"","_seopress_titles_title":"","_seopress_titles_desc":"","_seopress_robots_index":"","footnotes":""},"class_list":["post-82571","page","type-page","status-publish"],"acf":[],"_links":{"self":[{"href":"https:\/\/tenerife-trips.com\/pl\/wp-json\/wp\/v2\/pages\/82571","targetHints":{"allow":["GET"]}}],"collection":[{"href":"https:\/\/tenerife-trips.com\/pl\/wp-json\/wp\/v2\/pages"}],"about":[{"href":"https:\/\/tenerife-trips.com\/pl\/wp-json\/wp\/v2\/types\/page"}],"author":[{"embeddable":true,"href":"https:\/\/tenerife-trips.com\/pl\/wp-json\/wp\/v2\/users\/212"}],"replies":[{"embeddable":true,"href":"https:\/\/tenerife-trips.com\/pl\/wp-json\/wp\/v2\/comments?post=82571"}],"version-history":[{"count":1,"href":"https:\/\/tenerife-trips.com\/pl\/wp-json\/wp\/v2\/pages\/82571\/revisions"}],"predecessor-version":[{"id":717552,"href":"https:\/\/tenerife-trips.com\/pl\/wp-json\/wp\/v2\/pages\/82571\/revisions\/717552"}],"wp:attachment":[{"href":"https:\/\/tenerife-trips.com\/pl\/wp-json\/wp\/v2\/media?parent=82571"}],"curies":[{"name":"wp","href":"https:\/\/api.w.org\/{rel}","templated":true}]}}