{"id":148936,"date":"2021-06-02T13:07:40","date_gmt":"2021-06-02T12:07:40","guid":{"rendered":"https:\/\/tenerife-trips.com\/?post_type=product&#038;p=148936"},"modified":"2025-12-03T11:49:27","modified_gmt":"2025-12-03T11:49:27","slug":"jungle-park-teneryfa","status":"publish","type":"product","link":"https:\/\/tenerife-trips.com\/pl\/product\/parki-tematyczne\/jungle-park-teneryfa\/","title":{"rendered":"JUNGLE PARK"},"content":{"rendered":"<div class=\"wpb-content-wrapper\"><p>[vc_row full_width=&#8221;stretch_row_content_no_spaces&#8221;][vc_column][vc_column_text css=&#8221;.vc_custom_1743620162519{background-color: #F6EB14 !important;background-position: center !important;background-repeat: no-repeat !important;background-size: cover !important;}&#8221; css_animation=&#8221;fadeIn&#8221;]<\/p>\n<h1 class=\"title-h2\" style=\"text-align: center;\"><span style=\"font-size: 18pt; color: #312c7a;\">JUNGLE PARK<\/span><\/h1>\n<p>[\/vc_column_text][\/vc_column][\/vc_row][vc_row][vc_column][vc_column_text]<\/p>\n<p style=\"text-align: center;\"><span style=\"font-size: 14pt;\">Jungle Park Teneryfa jest jednym z najfajniejszych park\u00f3w rozrywki na wyspie. Znajduje si\u0119 on w po\u0142udniowej cz\u0119\u015bci Teneryfy, jedynie 10 minut jazdy samochodem z <a href=\"https:\/\/www.google.com\/maps\/place\/38650+Los+Cristianos,+Santa+Cruz+de+Tenerife\/data=!4m2!3m1!1s0xc6a982c7e468e79:0x260340f4bc024792?sa=X&amp;ved=2ahUKEwi6-8XLlo3xAhUQCxoKHZT1C5oQ8gEwHXoECD0QAQ\" target=\"_blank\" rel=\"noopener\">Los Cristianos<\/a>.\u00a0<\/span><\/p>\n<p style=\"text-align: center;\"><span style=\"font-size: 14pt;\"><strong>\u21d3 Sp\u00f3jrz na dalszy opis poni\u017cej \u21d3<\/strong><\/span><\/p>\n<p>[\/vc_column_text][\/vc_column][\/vc_row][vc_row full_width=&#8221;stretch_row_content&#8221; full_height=&#8221;yes&#8221; css=&#8221;.vc_custom_1576192123211{background-color: #312c7a !important;background-position: center !important;background-repeat: no-repeat !important;background-size: cover !important;}&#8221;][vc_column]<div class=\"gem-vimeo gem-wrapbox gem-wrapbox-style-no-style rounded-corners gem-wrapbox-position-below\" style=\"width: 100%;\"><div class=\"gem-wrapbox-inner gem-ratio-style\" style=\"padding-top: 56.25%\"><iframe webkitallowfullscreen=\"true\" mozallowfullscreen=\"true\" allowfullscreen=\"true\" class=\"gem-wrapbox-element img-responsive\" frameborder=\"0\" scrolling=\"no\" marginheight=\"0\" marginwidth=\"0\" src=\"\/\/player.vimeo.com\/video\/540400017?title=0&amp;byline=0&amp;portrait=0 \"><\/iframe><\/div><\/div>[vc_empty_space]<div class=\"preloader\"><div class=\"preloader-spin\"><\/div><\/div> <div id=\"gem-gallery-69e344eacfa9b\" class=\"gem-gallery gem-gallery-hover-zooming-blur\"> <div class=\"gem-gallery-item\"> <div class=\"gem-gallery-item-image\"> <a href=\"https:\/\/tenerife-trips.com\/wp-content\/uploads\/2021\/05\/Jungle-Park-Tenerife-1-thegem-gallery-sidebar.jpg\" data-fancybox-group=\"gallery-69e344eacfa9b\" data-full-image-url=\"https:\/\/tenerife-trips.com\/wp-content\/uploads\/2021\/05\/Jungle-Park-Tenerife-1.jpg\"> <svg width=\"20\" height=\"10\"><path d=\"M 0,10 Q 9,9 10,0 Q 11,9 20,10\" \/><\/svg> <img src=\"https:\/\/tenerife-trips.com\/wp-content\/uploads\/2021\/05\/Jungle-Park-Tenerife-1-thegem-post-thumb-small.jpg\" alt=\"Jungle Park Tenerife\" class=\"img-responsive\"> <span class=\"gem-gallery-caption slide-info\"> <\/span> <\/a> <span class=\"gem-gallery-line\"><\/span> <\/div> <\/div> <div class=\"gem-gallery-item\"> <div class=\"gem-gallery-item-image\"> <a href=\"https:\/\/tenerife-trips.com\/wp-content\/uploads\/2021\/05\/Jungle-Park-Tenerife-2-scaled-thegem-gallery-sidebar.jpg\" data-fancybox-group=\"gallery-69e344eacfa9b\" data-full-image-url=\"https:\/\/tenerife-trips.com\/wp-content\/uploads\/2021\/05\/Jungle-Park-Tenerife-2-scaled.jpg\"> <svg width=\"20\" height=\"10\"><path d=\"M 0,10 Q 9,9 10,0 Q 11,9 20,10\" \/><\/svg> <img src=\"https:\/\/tenerife-trips.com\/wp-content\/uploads\/2021\/05\/Jungle-Park-Tenerife-2-scaled-thegem-post-thumb-small.jpg\" alt=\"Jungle Park Tenerife\" class=\"img-responsive\"> <span class=\"gem-gallery-caption slide-info\"> <\/span> <\/a> <span class=\"gem-gallery-line\"><\/span> <\/div> <\/div> <div class=\"gem-gallery-item\"> <div class=\"gem-gallery-item-image\"> <a href=\"https:\/\/tenerife-trips.com\/wp-content\/uploads\/2021\/05\/Jungle-Park-Tenerife-3-scaled-thegem-gallery-sidebar.jpg\" data-fancybox-group=\"gallery-69e344eacfa9b\" data-full-image-url=\"https:\/\/tenerife-trips.com\/wp-content\/uploads\/2021\/05\/Jungle-Park-Tenerife-3-scaled.jpg\"> <svg width=\"20\" height=\"10\"><path d=\"M 0,10 Q 9,9 10,0 Q 11,9 20,10\" \/><\/svg> <img src=\"https:\/\/tenerife-trips.com\/wp-content\/uploads\/2021\/05\/Jungle-Park-Tenerife-3-scaled-thegem-post-thumb-small.jpg\" alt=\"\" class=\"img-responsive\"> <span class=\"gem-gallery-caption slide-info\"> <\/span> <\/a> <span class=\"gem-gallery-line\"><\/span> <\/div> <\/div> <div class=\"gem-gallery-item\"> <div class=\"gem-gallery-item-image\"> <a href=\"https:\/\/tenerife-trips.com\/wp-content\/uploads\/2021\/05\/Jungle-Park-Tenerife-4-scaled-thegem-gallery-sidebar.jpg\" data-fancybox-group=\"gallery-69e344eacfa9b\" data-full-image-url=\"https:\/\/tenerife-trips.com\/wp-content\/uploads\/2021\/05\/Jungle-Park-Tenerife-4-scaled.jpg\"> <svg width=\"20\" height=\"10\"><path d=\"M 0,10 Q 9,9 10,0 Q 11,9 20,10\" \/><\/svg> <img src=\"https:\/\/tenerife-trips.com\/wp-content\/uploads\/2021\/05\/Jungle-Park-Tenerife-4-scaled-thegem-post-thumb-small.jpg\" alt=\"\" class=\"img-responsive\"> <span class=\"gem-gallery-caption slide-info\"> <\/span> <\/a> <span class=\"gem-gallery-line\"><\/span> <\/div> <\/div> <div class=\"gem-gallery-item\"> <div class=\"gem-gallery-item-image\"> <a href=\"https:\/\/tenerife-trips.com\/wp-content\/uploads\/2021\/05\/Jungle-Park-Tenerife-5-scaled-thegem-gallery-sidebar.jpg\" data-fancybox-group=\"gallery-69e344eacfa9b\" data-full-image-url=\"https:\/\/tenerife-trips.com\/wp-content\/uploads\/2021\/05\/Jungle-Park-Tenerife-5-scaled.jpg\"> <svg width=\"20\" height=\"10\"><path d=\"M 0,10 Q 9,9 10,0 Q 11,9 20,10\" \/><\/svg> <img src=\"https:\/\/tenerife-trips.com\/wp-content\/uploads\/2021\/05\/Jungle-Park-Tenerife-5-scaled-thegem-post-thumb-small.jpg\" alt=\"\" class=\"img-responsive\"> <span class=\"gem-gallery-caption slide-info\"> <\/span> <\/a> <span class=\"gem-gallery-line\"><\/span> <\/div> <\/div> <div class=\"gem-gallery-item\"> <div class=\"gem-gallery-item-image\"> <a href=\"https:\/\/tenerife-trips.com\/wp-content\/uploads\/2021\/05\/Jungle-Park-Tenerife-6-scaled-thegem-gallery-sidebar.jpg\" data-fancybox-group=\"gallery-69e344eacfa9b\" data-full-image-url=\"https:\/\/tenerife-trips.com\/wp-content\/uploads\/2021\/05\/Jungle-Park-Tenerife-6-scaled.jpg\"> <svg width=\"20\" height=\"10\"><path d=\"M 0,10 Q 9,9 10,0 Q 11,9 20,10\" \/><\/svg> <img src=\"https:\/\/tenerife-trips.com\/wp-content\/uploads\/2021\/05\/Jungle-Park-Tenerife-6-scaled-thegem-post-thumb-small.jpg\" alt=\"Jungle Park Tenerife\" class=\"img-responsive\"> <span class=\"gem-gallery-caption slide-info\"> <\/span> <\/a> <span class=\"gem-gallery-line\"><\/span> <\/div> <\/div> <div class=\"gem-gallery-item\"> <div class=\"gem-gallery-item-image\"> <a href=\"https:\/\/tenerife-trips.com\/wp-content\/uploads\/2021\/05\/Jungle-Park-Tenerife-7-scaled-thegem-gallery-sidebar.jpg\" data-fancybox-group=\"gallery-69e344eacfa9b\" data-full-image-url=\"https:\/\/tenerife-trips.com\/wp-content\/uploads\/2021\/05\/Jungle-Park-Tenerife-7-scaled.jpg\"> <svg width=\"20\" height=\"10\"><path d=\"M 0,10 Q 9,9 10,0 Q 11,9 20,10\" \/><\/svg> <img src=\"https:\/\/tenerife-trips.com\/wp-content\/uploads\/2021\/05\/Jungle-Park-Tenerife-7-scaled-thegem-post-thumb-small.jpg\" alt=\"\" class=\"img-responsive\"> <span class=\"gem-gallery-caption slide-info\"> <\/span> <\/a> <span class=\"gem-gallery-line\"><\/span> <\/div> <\/div> <div class=\"gem-gallery-item\"> <div class=\"gem-gallery-item-image\"> <a href=\"https:\/\/tenerife-trips.com\/wp-content\/uploads\/2021\/05\/Jungle-Park-Tenerife-scaled-thegem-gallery-sidebar.jpg\" data-fancybox-group=\"gallery-69e344eacfa9b\" data-full-image-url=\"https:\/\/tenerife-trips.com\/wp-content\/uploads\/2021\/05\/Jungle-Park-Tenerife-scaled.jpg\"> <svg width=\"20\" height=\"10\"><path d=\"M 0,10 Q 9,9 10,0 Q 11,9 20,10\" \/><\/svg> <img src=\"https:\/\/tenerife-trips.com\/wp-content\/uploads\/2021\/05\/Jungle-Park-Tenerife-scaled-thegem-post-thumb-small.jpg\" alt=\"Jungle Park Tenerife\" class=\"img-responsive\"> <span class=\"gem-gallery-caption slide-info\"> <\/span> <\/a> <span class=\"gem-gallery-line\"><\/span> <\/div> <\/div> <\/div>[vc_empty_space][\/vc_column][\/vc_row][vc_row full_width=&#8221;stretch_row&#8221; css=&#8221;.vc_custom_1577671222333{background-color: #312c7a !important;background-position: center !important;background-repeat: no-repeat !important;background-size: cover !important;}&#8221;][vc_column][vc_column_text]<\/p>\n<h3 style=\"text-align: center;\"><span style=\"color: #ffffff; font-size: 18pt;\">OPIS\u00a0<\/span><\/h3>\n<p>[\/vc_column_text][\/vc_column][\/vc_row][vc_row][vc_column][vc_tta_accordion style=&#8221;simple_solid&#8221; color=&#8221;blue&#8221; c_icon=&#8221;chevron&#8221; active_section=&#8221;-0&#8243; collapsible_all=&#8221;true&#8221;][vc_tta_section title=&#8221;INFORMACJA NA TEMAT PARKU&#8221; tab_id=&#8221;1577671091617-0af8eee0-94020f62-84c4aac8-a49bd321-e00bb0c2-8f5aa850-451773fd-4020cf27-d150620b-19f34c74-a575&#8243;][vc_column_text]<\/p>\n<h3><span style=\"font-size: 14pt;\">Jungle Park teneryfa jest bez w\u0105tpienia jednym z najfajniejszych park\u00f3w rozrywki, znajduj\u0105cych si\u0119 na wyspie. Park ten po\u0142o\u017cony jest na po\u0142udniu Teneryfy niedaleko <a href=\"https:\/\/www.google.com\/maps\/place\/38652+Chayofa,+Santa+Cruz+de+Tenerife\/@28.0743582,-16.6986112,17z\/data=!3m1!4b1!4m5!3m4!1s0xc6a99bee723167f:0xa0340f674cf8280!8m2!3d28.0745848!4d-16.6954544\" target=\"_blank\" rel=\"noopener\">Choyofa<\/a>, jedynie 10 minut jazdy samochodem z <a href=\"https:\/\/www.google.com\/maps\/place\/38650+Los+Cristianos,+Santa+Cruz+de+Tenerife\/@28.0503934,-16.7187,15z\/data=!3m1!4b1!4m5!3m4!1s0xc6a982c7e468e79:0x260340f4bc024792!8m2!3d28.0489062!4d-16.7115979\" target=\"_blank\" rel=\"noopener\">Los Cristianos<\/a>.\u00a0<\/span><\/h3>\n<p><span style=\"font-size: 14pt;\">Jak sugeruje jego nazwa, w Jungle Park Teneryfa znajdziemy bogat\u0105 ro\u015blinno\u015b\u0107 egzotycznych drzew i ro\u015blin. Innymi s\u0142owy, spacerowanie po parku b\u0119dzie niczym spacerowanie w\u015br\u00f3d natury. W parku mo\u017cna spotka\u0107 wiele r\u00f3\u017cnych gatunk\u00f3w zwierz\u0105t z ca\u0142ego \u015bwiata. Na przyk\u0142ad, spotykamy tam ptaki takie jak marabut afryka\u0144ski, or\u0142y, soko\u0142y, ibisy, \u017curawie, flamingi, papugi, ary oraz inne ptaki egzotyczne.<\/span><\/p>\n<p><span style=\"font-size: 14pt;\">Akrobacje tych wspania\u0142ych ptak\u00f3w mo\u017cna podziwia\u0107 w Jungle Park Teneryfa podczas przedstawienia zwanego &#8220;birds of prey show&#8221;, czyli show ptak\u00f3w drapie\u017cnych. Podczas tej atrakcji ptaki b\u0119d\u0105 realizowa\u0107 polecenia wydawane przez do\u015bwiadczonych trener\u00f3w, opiekuj\u0105cych si\u0119 nimi z pasj\u0105. Co wi\u0119cej, w parku mo\u017cna wej\u015b\u0107 do ogromnej klatki, gdzie lataj\u0105 przer\u00f3\u017cne gatunki papu\u017cek. S\u0105 one wyj\u0105tkowo przyjazne i nie zawahaj\u0105 si\u0119 wskoczy\u0107 Ci na r\u0119k\u0119, aby m\u00f3c si\u0119 przywita\u0107.<\/span><\/p>\n<h3><span style=\"font-size: 12pt;\">TO JEDNAK NIE KONIEC ATRAKCJI W JUGNLE PARK TENRYFA! MAJ\u0104 TAM MIEJSCE R\u00d3\u017bNE INNE CIEKAWE WYDARZENIA, W KT\u00d3RYCH MO\u017cNA WZI\u0104\u0106 UDZIA\u0141, TAKICH JAK KARMIENIE SZOP\u00d3W ORAZ PINGWIN\u00d3W. KONIECZNIE TE\u017b TRZEBA SI\u0119 UDA\u0106 NA CUDOWNY SPEKTAKL &#8220;SEA LION SHOW&#8221;, CZYLI SHOW LW\u00d3W MORSKICH. NIE UWIERZYSZ W\u0141ASNYM OCZOM, KIEDY ZOBACZYSZ AKROBACJE, DO KT\u00d3RYCH ZDOLNE S\u0104 TE ZWIERZ\u0118TA.<\/span><\/h3>\n<p><span style=\"font-size: 14pt;\">Jungle Park Teneryfa jest r\u00f3wnie\u017c gospodarzem, kt\u00f3ry go\u015bci r\u00f3\u017cne gatunki ssak\u00f3w naczelnych, takich jak orangutany, gibony, kapucynki, koczkodany nadobne, pazurczatki oraz ma\u0142pie wiewi\u00f3rki. Ponadto, na terenie parku mo\u017cna przej\u015b\u0107 przez specjalnie wyznaczony lemurom teren i spotka\u0107 te przeurocze zwierz\u0119ta twarz\u0105 w twarz.<\/span><\/p>\n<p><span style=\"font-size: 14pt;\">Inn\u0105, bardzo fajn\u0105 atrakcj\u0105 parku jest zjazd bobslejem na szybkim torze biegn\u0105cym przez d\u017cungl\u0119. Zar\u00f3wno dzieci, jak i doro\u015bli mog\u0105 poszale\u0107 na tej fantastycznej atrakcji!<\/span><\/p>\n<p><strong><span style=\"font-size: 14pt;\">JE\u015aLI ZAMIERZASZ ODWIEDZI\u0106 JUNGLE PARK RAZEM Z PARKIEM WODNYM AQUALAND, MO\u017bESZ KUPI\u0106 &#8220;TWO PARKS TICKET&#8221;. W TEN SPOS\u00d3B OTRZYMASZ ZNI\u017bK\u0118 NA BILETY.<\/span><\/strong><\/p>\n<h3><span style=\"font-size: 12pt;\">Podsumowuj\u0105c, naszym zdaniem Jungle Park Teneryfa zdecydowanie zas\u0142uguje na Twoj\u0105 wizyt\u0119, oferuj\u0105c mn\u00f3stwo bardzo fajnych atrakcji. Dodatkowo znajduje si\u0119 on na po\u0142udniu wyspy, co oznacza, \u017ce z \u0142atwo\u015bci\u0105 mo\u017cna si\u0119 do niego dosta\u0107 z wi\u0119kszo\u015bci miejsc na wyspie.<\/span><\/h3>\n<p>[\/vc_column_text][\/vc_tta_section][vc_tta_section title=&#8221;ROZK\u0141AD I TRANSFER&#8221; tab_id=&#8221;1577671091666-736a5870-75e30f62-84c4aac8-a49bd321-e00bb0c2-8f5aa850-451773fd-4020cf27-d150620b-19f34c74-a575&#8243;][vc_column_text]<span style=\"font-size: 14pt;\">Us\u0142uga transferu nie jest dost\u0119pna. Nale\u017cy samemu uda\u0107 si\u0119 do Jungle Park.\u00a0<\/span><\/p>\n<p><span style=\"text-decoration: underline; font-size: 14pt;\"><span style=\"color: #ff0000; text-decoration: underline;\">ROZK\u0141AD:<\/span><\/span><\/p>\n<p><span style=\"font-size: 14pt;\">Park zoologiczny Jungle Park\u00a0jest otwarty codziennie od 10:30 do 16:30.<\/span><\/p>\n<p><span style=\"font-size: 14pt;\"><strong>OBEJRZYJ FILMIK, PRZEKONAJ SI\u0118, JAK WYGL\u0104DA SPACER PO JUNGLE PARKU I ZAREZERWUJ BILETY JU\u017b TERAZ!<\/strong><\/span>[\/vc_column_text][\/vc_tta_section][\/vc_tta_accordion][\/vc_column][\/vc_row][vc_row full_width=&#8221;stretch_row_content&#8221; css=&#8221;.vc_custom_1577476060002{background-color: #312c7a !important;background-position: center !important;background-repeat: no-repeat !important;background-size: cover !important;}&#8221;][vc_column][vc_column_text]<\/p>\n<h3 style=\"text-align: center;\"><strong><span style=\"font-size: 18pt; color: #ffffff;\">ZAREZERWUJ TERAZ<\/span><\/strong><\/h3>\n<p>[\/vc_column_text][\/vc_column][\/vc_row]<\/p>\n<\/div>","protected":false},"excerpt":{"rendered":"<p>[vc_row full_width=&#8221;stretch_row_content_no_spaces&#8221;][vc_column][vc_column_text css=&#8221;.vc_custom_1743620162519{background-color: #F6EB14 !important;background-position: center !important;background-repeat: no-repeat !important;background-size: cover !important;}&#8221; css_animation=&#8221;fadeIn&#8221;] JUNGLE PARK [\/vc_column_text][\/vc_column][\/vc_row][vc_row][vc_column][vc_column_text] Jungle Park Teneryfa jest jednym&#8230;<\/p>\n","protected":false},"featured_media":144080,"template":"","meta":{"_acf_changed":false,"_seopress_robots_primary_cat":"2545","_seopress_titles_title":"Jungle Park Teneryfa, odwied\u017a jeden z najlepszych park\u00f3w atrakcji","_seopress_titles_desc":"Jungle Park Teneryfa jest jednym z najfajniejszych park\u00f3w rozrywki na wyspie. Po\u0142o\u017cony na po\u0142udniu, zaledwie 10 minut autem z Los Cristianos","_seopress_robots_index":""},"product_brand":[],"product_cat":[2545],"product_tag":[2848],"class_list":{"0":"post-148936","1":"product","2":"type-product","3":"status-publish","4":"has-post-thumbnail","6":"product_cat-parki-tematyczne","7":"product_tag-jungle-park-teneryfa","9":"first","10":"instock","11":"virtual","12":"sold-individually","13":"taxable","14":"purchasable","15":"product-type-booking"},"booking_location":"","booking_location_type":"","booking_duration":1,"booking_duration_unit":"day","booking_buffer":0,"booking_cost":0,"booking_resources":[],"acf":[],"_links":{"self":[{"href":"https:\/\/tenerife-trips.com\/pl\/wp-json\/wp\/v2\/product\/148936","targetHints":{"allow":["GET"]}}],"collection":[{"href":"https:\/\/tenerife-trips.com\/pl\/wp-json\/wp\/v2\/product"}],"about":[{"href":"https:\/\/tenerife-trips.com\/pl\/wp-json\/wp\/v2\/types\/product"}],"wp:featuredmedia":[{"embeddable":true,"href":"https:\/\/tenerife-trips.com\/pl\/wp-json\/wp\/v2\/media\/144080"}],"wp:attachment":[{"href":"https:\/\/tenerife-trips.com\/pl\/wp-json\/wp\/v2\/media?parent=148936"}],"wp:term":[{"taxonomy":"product_brand","embeddable":true,"href":"https:\/\/tenerife-trips.com\/pl\/wp-json\/wp\/v2\/product_brand?post=148936"},{"taxonomy":"product_cat","embeddable":true,"href":"https:\/\/tenerife-trips.com\/pl\/wp-json\/wp\/v2\/product_cat?post=148936"},{"taxonomy":"product_tag","embeddable":true,"href":"https:\/\/tenerife-trips.com\/pl\/wp-json\/wp\/v2\/product_tag?post=148936"}],"curies":[{"name":"wp","href":"https:\/\/api.w.org\/{rel}","templated":true}]}}