{"id":349936,"date":"2019-03-11T17:23:35","date_gmt":"2019-03-11T17:23:35","guid":{"rendered":"https:\/\/tenerife-trips.com\/?post_type=product&#038;p=349936"},"modified":"2026-05-03T11:48:53","modified_gmt":"2026-05-03T10:48:53","slug":"flamenco-teneryfa","status":"publish","type":"product","link":"https:\/\/tenerife-trips.com\/pl\/product\/spekatakle-nocne\/flamenco-teneryfa\/","title":{"rendered":"FLAMENCO"},"content":{"rendered":"<div class=\"wpb-content-wrapper\"><p>[vc_row full_width=&#8221;stretch_row_content_no_spaces&#8221;][vc_column][vc_column_text css=&#8221;.vc_custom_1743621271866{background-color: #F6EB14 !important;background-position: center !important;background-repeat: no-repeat !important;background-size: cover !important;}&#8221; css_animation=&#8221;fadeIn&#8221;]<\/p>\n<h1 class=\"title-h2\" style=\"text-align: center;\"><span style=\"font-size: 18pt; color: #312c7a;\">FLAMENCO<\/span><\/h1>\n<p>[\/vc_column_text][\/vc_column][\/vc_row][vc_row][vc_column][vc_column_text]<\/p>\n<p style=\"text-align: center;\"><span style=\"font-size: 14pt;\">Pokaz flamenco Teneryfa to wyj\u0105tkowy spektakl, kt\u00f3rego nie mo\u017cesz przegapi\u0107. Odbywa si\u0119 w Castillo San Miguel, w rejonie Aldea Blanca.<\/span><\/p>\n<p style=\"text-align: center;\"><span style=\"font-size: 14pt;\"><strong>\u21d3 Sp\u00f3jrz na dalszy opis poni\u017cej \u21d3<\/strong><\/span><\/p>\n<p>[\/vc_column_text][\/vc_column][\/vc_row][vc_row full_width=&#8221;stretch_row_content&#8221; css=&#8221;.vc_custom_1638556680214{background-color: #312c7a !important;background-position: center !important;background-repeat: no-repeat !important;background-size: cover !important;}&#8221;][vc_column][vc_row_inner][vc_column_inner][vc_empty_space]<div class=\"preloader\"><div class=\"preloader-spin\"><\/div><\/div> <div id=\"gem-gallery-6a03effdc2724\" class=\"gem-gallery gem-gallery-hover-zooming-blur\"> <div class=\"gem-gallery-item\"> <div class=\"gem-gallery-item-image\"> <a href=\"https:\/\/tenerife-trips.com\/wp-content\/uploads\/2019\/03\/flamenco-Teneryfa.png\" data-fancybox-group=\"gallery-6a03effdc2724\" data-full-image-url=\"https:\/\/tenerife-trips.com\/wp-content\/uploads\/2019\/03\/flamenco-Teneryfa.png\"> <svg width=\"20\" height=\"10\"><path d=\"M 0,10 Q 9,9 10,0 Q 11,9 20,10\" \/><\/svg> <img src=\"https:\/\/tenerife-trips.com\/wp-content\/uploads\/2019\/03\/flamenco-Teneryfa-thegem-post-thumb-small.png\" alt=\"flamenco Teneryfa\" class=\"img-responsive\"> <span class=\"gem-gallery-caption slide-info\"> <\/span> <\/a> <span class=\"gem-gallery-line\"><\/span> <\/div> <\/div> <div class=\"gem-gallery-item\"> <div class=\"gem-gallery-item-image\"> <a href=\"https:\/\/tenerife-trips.com\/wp-content\/uploads\/2022\/03\/Flamenco-Tenerife-1.png\" data-fancybox-group=\"gallery-6a03effdc2724\" data-full-image-url=\"https:\/\/tenerife-trips.com\/wp-content\/uploads\/2022\/03\/Flamenco-Tenerife-1.png\"> <svg width=\"20\" height=\"10\"><path d=\"M 0,10 Q 9,9 10,0 Q 11,9 20,10\" \/><\/svg> <img src=\"https:\/\/tenerife-trips.com\/wp-content\/uploads\/2022\/03\/Flamenco-Tenerife-1-thegem-post-thumb-small.png\" alt=\"\" class=\"img-responsive\"> <span class=\"gem-gallery-caption slide-info\"> <\/span> <\/a> <span class=\"gem-gallery-line\"><\/span> <\/div> <\/div> <div class=\"gem-gallery-item\"> <div class=\"gem-gallery-item-image\"> <a href=\"https:\/\/tenerife-trips.com\/wp-content\/uploads\/2022\/03\/Flamenco-Tenerife-2.jpg\" data-fancybox-group=\"gallery-6a03effdc2724\" data-full-image-url=\"https:\/\/tenerife-trips.com\/wp-content\/uploads\/2022\/03\/Flamenco-Tenerife-2.jpg\"> <svg width=\"20\" height=\"10\"><path d=\"M 0,10 Q 9,9 10,0 Q 11,9 20,10\" \/><\/svg> <img src=\"https:\/\/tenerife-trips.com\/wp-content\/uploads\/2022\/03\/Flamenco-Tenerife-2-thegem-post-thumb-small.jpg\" alt=\"\" class=\"img-responsive\"> <span class=\"gem-gallery-caption slide-info\"> <\/span> <\/a> <span class=\"gem-gallery-line\"><\/span> <\/div> <\/div> <div class=\"gem-gallery-item\"> <div class=\"gem-gallery-item-image\"> <a href=\"https:\/\/tenerife-trips.com\/wp-content\/uploads\/2022\/03\/Flamenco-Tenerife-4.png\" data-fancybox-group=\"gallery-6a03effdc2724\" data-full-image-url=\"https:\/\/tenerife-trips.com\/wp-content\/uploads\/2022\/03\/Flamenco-Tenerife-4.png\"> <svg width=\"20\" height=\"10\"><path d=\"M 0,10 Q 9,9 10,0 Q 11,9 20,10\" \/><\/svg> <img src=\"https:\/\/tenerife-trips.com\/wp-content\/uploads\/2022\/03\/Flamenco-Tenerife-4-thegem-post-thumb-small.png\" alt=\"flamenco Tenerife\" class=\"img-responsive\"> <span class=\"gem-gallery-caption slide-info\"> <\/span> <\/a> <span class=\"gem-gallery-line\"><\/span> <\/div> <\/div> <div class=\"gem-gallery-item\"> <div class=\"gem-gallery-item-image\"> <a href=\"https:\/\/tenerife-trips.com\/wp-content\/uploads\/2022\/03\/Flamenco-Tenerife-3.png\" data-fancybox-group=\"gallery-6a03effdc2724\" data-full-image-url=\"https:\/\/tenerife-trips.com\/wp-content\/uploads\/2022\/03\/Flamenco-Tenerife-3.png\"> <svg width=\"20\" height=\"10\"><path d=\"M 0,10 Q 9,9 10,0 Q 11,9 20,10\" \/><\/svg> <img src=\"https:\/\/tenerife-trips.com\/wp-content\/uploads\/2022\/03\/Flamenco-Tenerife-3-thegem-post-thumb-small.png\" alt=\"\" class=\"img-responsive\"> <span class=\"gem-gallery-caption slide-info\"> <\/span> <\/a> <span class=\"gem-gallery-line\"><\/span> <\/div> <\/div> <\/div>[vc_empty_space][\/vc_column_inner][\/vc_row_inner][vc_column_text]<\/p>\n<h3 style=\"text-align: center;\"><span style=\"color: #ffffff; font-size: 18pt;\">OPIS\u00a0<\/span><\/h3>\n<p>[\/vc_column_text][\/vc_column][\/vc_row][vc_row][vc_column][vc_tta_accordion style=&#8221;simple_solid&#8221; color=&#8221;blue&#8221; c_icon=&#8221;chevron&#8221; active_section=&#8221;-0&#8243; collapsible_all=&#8221;true&#8221;][vc_tta_section title=&#8221;INFORMACJA O SPEKTAKLU&#8221; tab_id=&#8221;1577671091617-0af8eee0-94020f62-84c4aac8-a49bd321-e00bb0c2-8f5a5cf2-169f&#8221;][vc_column_text css=&#8221;&#8221;]<\/p>\n<h3><span style=\"font-size: 12pt;\">FLAMENCO TENERYFA JEST BEZPRZECZNIE JEDNYM Z NAJBARDZIEJ <a href=\"https:\/\/www.tenerife-trips.com\/teneryfa-spektakle\/?lang=pl\" target=\"_blank\" rel=\"noopener\">AUTENTYCZNYCH I WYJ\u0104TKOWYCH POKAZ\u00d3W<\/a>, KT\u00d3Re warto zobaczy\u0107 podczas pobytu na WYSPIE.<\/span><\/h3>\n<p>Obecnie oferujemy spektakl pod nazw\u0105 \u201ePasi\u00f3n\u201d z choreografi\u0105 Evy Rodr\u00edguez. Podczas pokazu zobaczysz klasyczne ta\u0144ce hiszpa\u0144skie, takie jak \u201eLa Boda de Luis Alonso\u201d, \u201eLa Vida Breve\u201d i \u201ePasodoble\u201d; pos\u0142uchasz tak\u017ce typowego dla flamenco \u015bpiewu na \u017cywo przy akompaniamencie gitary.<\/p>\n<p>Pokaz flamenco Teneryfa zaczyna si\u0119 o 21:00, a ko\u0144czy o 22:30. Wydarzenie ma miejsce w Aldea Blanca w \u201e<a href=\"https:\/\/goo.gl\/maps\/bXxeHkBaHhVS9MYb6\" target=\"_blank\" rel=\"noopener\">Castillo San Miguel<\/a>\u201d. Jako\u015b\u0107 i profesjonalizm tancerzy z pewno\u015bci\u0105 Ci\u0119 zachwyci; jeste\u015bmy pewni, \u017ce sp\u0119dzisz wspania\u0142\u0105 noc.<\/p>\n<h3><span style=\"font-size: 12pt;\">Bilet na flamenco Teneryfa obejmuje pokaz i kieliszek sangrii. je\u015bli wykupisz opcj\u0119 VIP, otrzymasz pierwsze\u0144stwo wej\u015bcia, miejsca w pierwszym rz\u0119dzie oraz kieliszek wina musuj\u0105cego.<\/span><\/h3>\n<p><span style=\"font-size: 14pt;\"><span style=\"color: #ff0000;\">Us\u0142uga transferu<\/span> na pokaz flamenco Teneryfa jest dost\u0119pna z po\u0142udnia i zachodu wyspy w obszarze mi\u0119dzy Los Gigantes i Golf del Sur za <span style=\"color: #ff0000;\">dodatkow\u0105 op\u0142at\u0105 w wysoko\u015bci 16 \u20ac za osob\u0119 doros\u0142\u0105 w wieku od 14 lat i 11 \u20ac za dziecko w wieku od 1 do 13 lat<\/span>. Niemowl\u0119ta poni\u017cej 1 roku \u017cycia mog\u0105 siedzie\u0107 na kolanach rodzic\u00f3w i podr\u00f3\u017cuj\u0105 bezp\u0142atnie. <span style=\"color: #ff0000;\">P\u0142atno\u015bci za transport dokonuje si\u0119 bezpo\u015brednio w kasie, po przybyciu na miejsce<\/span>. Prosimy o skontaktowanie si\u0119 z nami i sprawdzenie dost\u0119pno\u015bci transportu oraz godziny odbioru z Twojej okolicy przed dokonaniem rezerwacji.<\/span>[\/vc_column_text][\/vc_tta_section][vc_tta_section title=&#8221;ROZK\u0141AD I TRANSFER&#8221; tab_id=&#8221;1577671091666-736a5870-75e30f62-84c4aac8-a49bd321-e00bb0c2-8f5a5cf2-169f&#8221;][vc_column_text css=&#8221;&#8221;]<span style=\"font-size: 14pt;\"><span style=\"color: #ff0000;\">Us\u0142uga transferu<\/span> na pokaz flamenco Teneryfa jest dost\u0119pna z po\u0142udnia i zachodu wyspy w obszarze mi\u0119dzy Los Gigantes i Golf del Sur za <span style=\"color: #ff0000;\">dodatkow\u0105 op\u0142at\u0105 w wysoko\u015bci 16 \u20ac za osob\u0119 doros\u0142\u0105 w wieku od 14 lat i 11 \u20ac za dziecko w wieku od 1 do 13 lat<\/span>. Niemowl\u0119ta poni\u017cej 1 roku \u017cycia mog\u0105 siedzie\u0107 na kolanach rodzic\u00f3w i podr\u00f3\u017cuj\u0105 bezp\u0142atnie. <span style=\"color: #ff0000;\">P\u0142atno\u015bci za transport dokonuje si\u0119 bezpo\u015brednio w kasie, po przybyciu na miejsce<\/span>. Prosimy o skontaktowanie si\u0119 z nami i sprawdzenie dost\u0119pno\u015bci transportu oraz godziny odbioru z Twojej okolicy przed dokonaniem rezerwacji.<\/span><\/p>\n<p><span style=\"text-decoration: underline; font-size: 14pt;\"><span style=\"color: #ff0000; text-decoration: underline;\">ROZK\u0141AD:<\/span><\/span><\/p>\n<p><span style=\"font-size: 14pt;\">Ka\u017cdy pi\u0105tek.<\/span><\/p>\n<p><span style=\"font-size: 14pt;\">Spektakl zaczyna si\u0119 o godzinie 21:00 i ko\u0144czy ok. godziny 22:30.<\/span><\/p>\n<p><span style=\"font-size: 14pt;\"><strong>OBEJRZYJ FILMIK, PRZEKONAJ SI\u0118, JAK WYGL\u0104DA NASZA WYCIECZKA I ZAREZERWUJ JU\u017b TERAZ!<\/strong><\/span>[\/vc_column_text][\/vc_tta_section][\/vc_tta_accordion][\/vc_column][\/vc_row][vc_row full_width=&#8221;stretch_row_content&#8221; css=&#8221;.vc_custom_1577476060002{background-color: #312c7a !important;background-position: center !important;background-repeat: no-repeat !important;background-size: cover !important;}&#8221;][vc_column][vc_column_text]<\/p>\n<h3 style=\"text-align: center;\"><strong><span style=\"font-size: 18pt; color: #ffffff;\">ZAREZERWUJ TERAZ<\/span><\/strong><\/h3>\n<p>[\/vc_column_text][\/vc_column][\/vc_row]<\/p>\n<\/div>","protected":false},"excerpt":{"rendered":"<p>[vc_row full_width=&#8221;stretch_row_content_no_spaces&#8221;][vc_column][vc_column_text css=&#8221;.vc_custom_1743621271866{background-color: #F6EB14 !important;background-position: center !important;background-repeat: no-repeat !important;background-size: cover !important;}&#8221; css_animation=&#8221;fadeIn&#8221;] FLAMENCO [\/vc_column_text][\/vc_column][\/vc_row][vc_row][vc_column][vc_column_text] Pokaz flamenco Teneryfa to wyj\u0105tkowy spektakl,&#8230;<\/p>\n","protected":false},"featured_media":347554,"template":"","meta":{"_acf_changed":false,"_seopress_robots_primary_cat":"2546","_seopress_titles_title":"Flamenco Teneryfa, zarezerwuj miejsce na autentyczny spektakl","_seopress_titles_desc":"Niezapomiana noc z jednym z najlepszych spektakli jakim jest flamenco Teneryfa. Kup swoje bilety na \"Pasi\u00f3n\" z Tenerife Trips.","_seopress_robots_index":"","_seopress_analysis_target_kw":"flamenco Teneryfa"},"product_brand":[],"product_cat":[2546],"product_tag":[2874],"class_list":{"0":"post-349936","1":"product","2":"type-product","3":"status-publish","4":"has-post-thumbnail","6":"product_cat-spekatakle-nocne","7":"product_tag-flamenco-teneryfa","9":"first","10":"instock","11":"virtual","12":"sold-individually","13":"taxable","14":"purchasable","15":"product-type-booking"},"booking_location":"","booking_location_type":"","booking_duration":1,"booking_duration_unit":"day","booking_buffer":0,"booking_cost":0,"booking_resources":[],"acf":[],"_links":{"self":[{"href":"https:\/\/tenerife-trips.com\/pl\/wp-json\/wp\/v2\/product\/349936","targetHints":{"allow":["GET"]}}],"collection":[{"href":"https:\/\/tenerife-trips.com\/pl\/wp-json\/wp\/v2\/product"}],"about":[{"href":"https:\/\/tenerife-trips.com\/pl\/wp-json\/wp\/v2\/types\/product"}],"wp:featuredmedia":[{"embeddable":true,"href":"https:\/\/tenerife-trips.com\/pl\/wp-json\/wp\/v2\/media\/347554"}],"wp:attachment":[{"href":"https:\/\/tenerife-trips.com\/pl\/wp-json\/wp\/v2\/media?parent=349936"}],"wp:term":[{"taxonomy":"product_brand","embeddable":true,"href":"https:\/\/tenerife-trips.com\/pl\/wp-json\/wp\/v2\/product_brand?post=349936"},{"taxonomy":"product_cat","embeddable":true,"href":"https:\/\/tenerife-trips.com\/pl\/wp-json\/wp\/v2\/product_cat?post=349936"},{"taxonomy":"product_tag","embeddable":true,"href":"https:\/\/tenerife-trips.com\/pl\/wp-json\/wp\/v2\/product_tag?post=349936"}],"curies":[{"name":"wp","href":"https:\/\/api.w.org\/{rel}","templated":true}]}}