{"id":459626,"date":"2023-02-05T11:39:53","date_gmt":"2023-02-05T11:39:53","guid":{"rendered":"https:\/\/tenerife-trips.com\/?post_type=product&#038;p=459626"},"modified":"2026-04-23T09:48:40","modified_gmt":"2026-04-23T08:48:40","slug":"karta-podarunkowa","status":"publish","type":"product","link":"https:\/\/tenerife-trips.com\/pl\/product\/bez-kategorii\/karta-podarunkowa\/","title":{"rendered":"Karta podarunkowa"},"content":{"rendered":"<div class=\"wpb-content-wrapper\"><p>[vc_row full_width=&#8221;stretch_row&#8221; content_placement=&#8221;middle&#8221; css=&#8221;.vc_custom_1676735458206{background-color: #f6eb14 !important;}&#8221;][vc_column][vc_column_text]<\/p>\n<h4 style=\"text-align: center;\"><span style=\"font-size: 12pt;\"><strong>Karta Podarunkowa jest wa\u017cna przez rok od jej dnia otrzymania przez odbiorc\u0119. <\/strong><\/span><\/h4>\n<h4 style=\"text-align: center;\"><span style=\"font-size: 12pt;\"><strong>Mo\u017cna j\u0105\u00a0 wykorzysta\u0107 do zakupu dowolnej wycieczki na naszej stronie internetowej, aplikuj\u0105c j\u0105 przy kasie.<\/strong><\/span><\/h4>\n<p>[\/vc_column_text][vc_empty_space][\/vc_column][\/vc_row][vc_row full_width=&#8221;stretch_row_content_no_spaces&#8221; content_placement=&#8221;top&#8221; css_animation=&#8221;fadeIn&#8221; css=&#8221;.vc_custom_1574822360670{background-color: #312c7a !important;}&#8221;][vc_column][vc_column_text]<\/p>\n<p style=\"text-align: center;\"><span style=\"font-size: 18pt; font-family: 'arial black', sans-serif;\"><strong><span style=\"color: #ffffff;\">WYCIECZKI, KT\u00d3RE OFERUJEMY:<\/span><\/strong><\/span><\/p>\n<p>[\/vc_column_text]<div id=\"fullwidth-block-69eb7ddeee075\" class=\"fullwidth-block fullwidth-block-parallax-vertical clearfix\" data-mobile-parallax-enable=\"1\" style=\"color: #ffffff;background-color: #312c7a;\"><script type=\"text\/javascript\">if (typeof(gem_fix_fullwidth_position) == \"function\") { gem_fix_fullwidth_position(document.getElementById(\"fullwidth-block-69eb7ddeee075\")); }<\/script><div class=\"fullwidth-block-inner\">[vc_row_inner][vc_column_inner width=&#8221;1\/3&#8243; thegem_content_alignment=&#8221;center&#8221;][vc_single_image image=&#8221;55303&#8243; img_size=&#8221;full&#8221; alignment=&#8221;center&#8221; onclick=&#8221;custom_link&#8221; css=&#8221;&#8221; link=&#8221;https:\/\/tenerife-trips.com\/pl\/sporty-wodne-na-teneryfie\/&#8221;][\/vc_column_inner][vc_column_inner width=&#8221;1\/3&#8243;][vc_single_image image=&#8221;380395&#8243; img_size=&#8221;full&#8221; alignment=&#8221;center&#8221; onclick=&#8221;custom_link&#8221; css=&#8221;&#8221; link=&#8221;https:\/\/tenerife-trips.com\/pl\/sporty-lotnicze-na-teneryfie\/&#8221;][\/vc_column_inner][vc_column_inner width=&#8221;1\/3&#8243;][vc_single_image image=&#8221;55258&#8243; img_size=&#8221;full&#8221; alignment=&#8221;center&#8221; onclick=&#8221;custom_link&#8221; css=&#8221;&#8221; link=&#8221;https:\/\/tenerife-trips.com\/pl\/rejsy-statkiem-na-teneryfie\/&#8221;][\/vc_column_inner][\/vc_row_inner][vc_row_inner][vc_column_inner width=&#8221;1\/3&#8243;][vc_single_image image=&#8221;55264&#8243; img_size=&#8221;full&#8221; alignment=&#8221;center&#8221; onclick=&#8221;custom_link&#8221; css=&#8221;&#8221; link=&#8221;https:\/\/tenerife-trips.com\/pl\/teneryfa-wycieczki-fakultatywne\/&#8221;][\/vc_column_inner][vc_column_inner width=&#8221;1\/3&#8243;][vc_single_image image=&#8221;690355&#8243; img_size=&#8221;270&#215;270&#8243; alignment=&#8221;center&#8221; css=&#8221;.vc_custom_1749499161596{border-top-width: 20px !important;border-bottom-width: 20px !important;border-radius: 2px !important;border-color: #EEEE22 !important;}&#8221;][\/vc_column_inner][vc_column_inner width=&#8221;1\/3&#8243;][vc_single_image image=&#8221;75431&#8243; img_size=&#8221;full&#8221; alignment=&#8221;center&#8221; onclick=&#8221;custom_link&#8221; css=&#8221;&#8221; link=&#8221;https:\/\/tenerife-trips.com\/pl\/wycieczki-terenowe-teneryfa\/&#8221;][\/vc_column_inner][\/vc_row_inner][vc_row_inner][vc_column_inner width=&#8221;1\/3&#8243;][vc_single_image image=&#8221;380346&#8243; img_size=&#8221;full&#8221; alignment=&#8221;center&#8221; onclick=&#8221;custom_link&#8221; css=&#8221;&#8221; link=&#8221;https:\/\/tenerife-trips.com\/pl\/wycieczki-outdoorowe-teneryfa\/&#8221;][\/vc_column_inner][vc_column_inner width=&#8221;1\/3&#8243;][vc_single_image image=&#8221;418426&#8243; img_size=&#8221;full&#8221; alignment=&#8221;center&#8221; onclick=&#8221;custom_link&#8221; css=&#8221;&#8221; link=&#8221;https:\/\/tenerife-trips.com\/pl\/teneryfa-spektakle\/&#8221;][\/vc_column_inner][vc_column_inner width=&#8221;1\/3&#8243;][vc_single_image image=&#8221;115460&#8243; img_size=&#8221;full&#8221; alignment=&#8221;center&#8221; onclick=&#8221;custom_link&#8221; css=&#8221;&#8221; link=&#8221;https:\/\/tenerife-trips.com\/pl\/teneryfa-parki-rozrywki\/&#8221;][\/vc_column_inner][\/vc_row_inner][vc_empty_space]<\/div><\/div>[\/vc_column][\/vc_row]<\/p>\n<\/div>","protected":false},"excerpt":{"rendered":"<p>[vc_row full_width=&#8221;stretch_row&#8221; content_placement=&#8221;middle&#8221; css=&#8221;.vc_custom_1676735458206{background-color: #f6eb14 !important;}&#8221;][vc_column][vc_column_text] Karta Podarunkowa jest wa\u017cna przez rok od jej dnia otrzymania przez odbiorc\u0119. Mo\u017cna j\u0105\u00a0&#8230;<\/p>\n","protected":false},"featured_media":448592,"template":"","meta":{"_acf_changed":false,"_seopress_robots_primary_cat":"","_seopress_titles_title":"Karta Podarunkowa Tenerife Trips to idealny pomys\u0142 na prezent","_seopress_titles_desc":"Nie ma nic lepszego ni\u017c gromadzi\u0107 niezapomniane wspomnienia, kt\u00f3re zapadn\u0105 w pami\u0119\u0107 na zawsze. Wybierz Kart\u0119 Podarunkow\u0105 Tenerfe Trips","_seopress_robots_index":""},"product_brand":[],"product_cat":[],"product_tag":[2934],"class_list":{"0":"post-459626","1":"product","2":"type-product","3":"status-publish","4":"has-post-thumbnail","6":"product_tag-karta-podarunkowa-tenerife-trips","8":"first","9":"instock","10":"sold-individually","11":"taxable","12":"shipping-taxable","13":"purchasable","14":"product-type-wgm_gift_card"},"booking_location":null,"booking_location_type":null,"booking_duration":null,"booking_duration_unit":null,"booking_buffer":null,"booking_cost":null,"booking_resources":null,"acf":[],"_links":{"self":[{"href":"https:\/\/tenerife-trips.com\/pl\/wp-json\/wp\/v2\/product\/459626","targetHints":{"allow":["GET"]}}],"collection":[{"href":"https:\/\/tenerife-trips.com\/pl\/wp-json\/wp\/v2\/product"}],"about":[{"href":"https:\/\/tenerife-trips.com\/pl\/wp-json\/wp\/v2\/types\/product"}],"wp:featuredmedia":[{"embeddable":true,"href":"https:\/\/tenerife-trips.com\/pl\/wp-json\/wp\/v2\/media\/448592"}],"wp:attachment":[{"href":"https:\/\/tenerife-trips.com\/pl\/wp-json\/wp\/v2\/media?parent=459626"}],"wp:term":[{"taxonomy":"product_brand","embeddable":true,"href":"https:\/\/tenerife-trips.com\/pl\/wp-json\/wp\/v2\/product_brand?post=459626"},{"taxonomy":"product_cat","embeddable":true,"href":"https:\/\/tenerife-trips.com\/pl\/wp-json\/wp\/v2\/product_cat?post=459626"},{"taxonomy":"product_tag","embeddable":true,"href":"https:\/\/tenerife-trips.com\/pl\/wp-json\/wp\/v2\/product_tag?post=459626"}],"curies":[{"name":"wp","href":"https:\/\/api.w.org\/{rel}","templated":true}]}}