{"id":537727,"date":"2022-12-17T00:59:45","date_gmt":"2022-12-17T00:59:45","guid":{"rendered":"https:\/\/tenerife-trips.com\/?post_type=product&#038;p=537727"},"modified":"2025-12-03T11:48:36","modified_gmt":"2025-12-03T11:48:36","slug":"wycieczka-jeepem-po-teneryfie","status":"publish","type":"product","link":"https:\/\/tenerife-trips.com\/pl\/product\/wycieczki-w-terenie\/wycieczka-jeepem-po-teneryfie\/","title":{"rendered":"WYCIECZKA JEEPEM"},"content":{"rendered":"<div class=\"wpb-content-wrapper\"><p>[vc_row full_width=&#8221;stretch_row_content_no_spaces&#8221;][vc_column][vc_column_text css=&#8221;.vc_custom_1743619998884{background-color: #F6EB14 !important;background-position: center !important;background-repeat: no-repeat !important;background-size: cover !important;}&#8221; css_animation=&#8221;fadeIn&#8221;]<\/p>\n<h1 class=\"title-h2\" style=\"text-align: center;\"><span style=\"font-size: 18pt; color: #312c7a;\">Wycieczka jeepem<\/span><\/h1>\n<p>[\/vc_column_text][\/vc_column][\/vc_row][vc_row][vc_column][vc_column_text]<\/p>\n<p style=\"text-align: center;\"><span style=\"font-size: 14pt;\">Wycieczka jeepem po Teneryfie to bez w\u0105tpienia jeden z najlepszych sposob\u00f3w na odkrycie wyspy!<\/span><\/p>\n<p style=\"text-decoration: underline; text-align: center;\"><span style=\"font-size: 14pt; color: #312c7a;\"><strong>\u21d3 Sp\u00f3jrz na dalszy opis poni\u017cej \u21d3<\/strong><\/span><\/p>\n<p>[\/vc_column_text][\/vc_column][\/vc_row][vc_row full_width=&#8221;stretch_row_content&#8221; full_height=&#8221;yes&#8221; css=&#8221;.vc_custom_1576192123211{background-color: #312c7a !important;background-position: center !important;background-repeat: no-repeat !important;background-size: cover !important;}&#8221;][vc_column]<div class=\"gem-vimeo gem-wrapbox gem-wrapbox-style-no-style rounded-corners gem-wrapbox-position-below\" style=\"width: 100%;\"><div class=\"gem-wrapbox-inner gem-ratio-style\" style=\"padding-top: 56.25%\"><iframe webkitallowfullscreen=\"true\" mozallowfullscreen=\"true\" allowfullscreen=\"true\" class=\"gem-wrapbox-element img-responsive\" frameborder=\"0\" scrolling=\"no\" marginheight=\"0\" marginwidth=\"0\" src=\"\/\/player.vimeo.com\/video\/780823901?title=0&amp;byline=0&amp;portrait=0 \"><\/iframe><\/div><\/div>[vc_empty_space]<div class=\"preloader\"><div class=\"preloader-spin\"><\/div><\/div> <div id=\"gem-gallery-69e0e9075931a\" class=\"gem-gallery gem-gallery-hover-zooming-blur\"> <div class=\"gem-gallery-item\"> <div class=\"gem-gallery-item-image\"> <a href=\"https:\/\/tenerife-trips.com\/wp-content\/uploads\/2022\/12\/tour-in-jeep-Tenerife-thegem-gallery-sidebar.png\" data-fancybox-group=\"gallery-69e0e9075931a\" data-full-image-url=\"https:\/\/tenerife-trips.com\/wp-content\/uploads\/2022\/12\/tour-in-jeep-Tenerife.png\"> <svg width=\"20\" height=\"10\"><path d=\"M 0,10 Q 9,9 10,0 Q 11,9 20,10\" \/><\/svg> <img src=\"https:\/\/tenerife-trips.com\/wp-content\/uploads\/2022\/12\/tour-in-jeep-Tenerife-thegem-post-thumb-small.png\" alt=\"tour in jeep Tenerife\" class=\"img-responsive\"> <span class=\"gem-gallery-caption slide-info\"> <\/span> <\/a> <span class=\"gem-gallery-line\"><\/span> <\/div> <\/div> <div class=\"gem-gallery-item\"> <div class=\"gem-gallery-item-image\"> <a href=\"https:\/\/tenerife-trips.com\/wp-content\/uploads\/2022\/12\/jeep-Tenerife-2-thegem-gallery-sidebar.png\" data-fancybox-group=\"gallery-69e0e9075931a\" data-full-image-url=\"https:\/\/tenerife-trips.com\/wp-content\/uploads\/2022\/12\/jeep-Tenerife-2.png\"> <svg width=\"20\" height=\"10\"><path d=\"M 0,10 Q 9,9 10,0 Q 11,9 20,10\" \/><\/svg> <img src=\"https:\/\/tenerife-trips.com\/wp-content\/uploads\/2022\/12\/jeep-Tenerife-2-thegem-post-thumb-small.png\" alt=\"jeep tour Tenerife\" class=\"img-responsive\"> <span class=\"gem-gallery-caption slide-info\"> <\/span> <\/a> <span class=\"gem-gallery-line\"><\/span> <\/div> <\/div> <div class=\"gem-gallery-item\"> <div class=\"gem-gallery-item-image\"> <a href=\"https:\/\/tenerife-trips.com\/wp-content\/uploads\/2022\/12\/jeep-tenerife-1-thegem-gallery-sidebar.png\" data-fancybox-group=\"gallery-69e0e9075931a\" data-full-image-url=\"https:\/\/tenerife-trips.com\/wp-content\/uploads\/2022\/12\/jeep-tenerife-1.png\"> <svg width=\"20\" height=\"10\"><path d=\"M 0,10 Q 9,9 10,0 Q 11,9 20,10\" \/><\/svg> <img src=\"https:\/\/tenerife-trips.com\/wp-content\/uploads\/2022\/12\/jeep-tenerife-1-thegem-post-thumb-small.png\" alt=\"\" class=\"img-responsive\"> <span class=\"gem-gallery-caption slide-info\"> <\/span> <\/a> <span class=\"gem-gallery-line\"><\/span> <\/div> <\/div> <div class=\"gem-gallery-item\"> <div class=\"gem-gallery-item-image\"> <a href=\"https:\/\/tenerife-trips.com\/wp-content\/uploads\/2022\/12\/jeep-Tenerife-3-thegem-gallery-sidebar.png\" data-fancybox-group=\"gallery-69e0e9075931a\" data-full-image-url=\"https:\/\/tenerife-trips.com\/wp-content\/uploads\/2022\/12\/jeep-Tenerife-3.png\"> <svg width=\"20\" height=\"10\"><path d=\"M 0,10 Q 9,9 10,0 Q 11,9 20,10\" \/><\/svg> <img src=\"https:\/\/tenerife-trips.com\/wp-content\/uploads\/2022\/12\/jeep-Tenerife-3-thegem-post-thumb-small.png\" alt=\"\" class=\"img-responsive\"> <span class=\"gem-gallery-caption slide-info\"> <\/span> <\/a> <span class=\"gem-gallery-line\"><\/span> <\/div> <\/div> <div class=\"gem-gallery-item\"> <div class=\"gem-gallery-item-image\"> <a href=\"https:\/\/tenerife-trips.com\/wp-content\/uploads\/2022\/12\/jeep-Tenerife-4-thegem-gallery-sidebar.png\" data-fancybox-group=\"gallery-69e0e9075931a\" data-full-image-url=\"https:\/\/tenerife-trips.com\/wp-content\/uploads\/2022\/12\/jeep-Tenerife-4.png\"> <svg width=\"20\" height=\"10\"><path d=\"M 0,10 Q 9,9 10,0 Q 11,9 20,10\" \/><\/svg> <img src=\"https:\/\/tenerife-trips.com\/wp-content\/uploads\/2022\/12\/jeep-Tenerife-4-thegem-post-thumb-small.png\" alt=\"\" class=\"img-responsive\"> <span class=\"gem-gallery-caption slide-info\"> <\/span> <\/a> <span class=\"gem-gallery-line\"><\/span> <\/div> <\/div> <\/div>[vc_empty_space][\/vc_column][\/vc_row][vc_row full_width=&#8221;stretch_row&#8221; css=&#8221;.vc_custom_1577672701198{background-color: #312c7a !important;background-position: center !important;background-repeat: no-repeat !important;background-size: cover !important;}&#8221;][vc_column][vc_column_text]<\/p>\n<h3 style=\"text-align: center;\"><span style=\"color: #ffffff; font-size: 18pt;\">OPIS<\/span><\/h3>\n<p>[\/vc_column_text][\/vc_column][\/vc_row][vc_row][vc_column][vc_tta_accordion style=&#8221;simple_solid&#8221; color=&#8221;blue&#8221; c_icon=&#8221;chevron&#8221; active_section=&#8221;-00&#8243; collapsible_all=&#8221;true&#8221;][vc_tta_section title=&#8221;OPIS WYCIECZKI&#8221; tab_id=&#8221;1577672666530-17510263-e5b3731c-73a33577-85846eaa-f3eb&#8221;][vc_column_text]<span style=\"font-size: 14pt;\">Przede wszystkim musimy powiedzie\u0107, \u017ce wycieczka jeepem po Teneryfie jest z pewno\u015bci\u0105 jedn\u0105 z najlepszych wycieczek na wyspie!<\/span><\/p>\n<p><span style=\"font-size: 14pt;\">Pojazdy mog\u0105 zabra\u0107 na pok\u0142ad maksymalnie 9 os\u00f3b (8 pasa\u017cer\u00f3w i kierowc\u0119). Podczas wycieczki jeepem po Teneryfie i innych wyspach mo\u017cesz lepiej podziwia\u0107 krajobrazy fantastycznych miejsc, kt\u00f3re zamierzasz odwiedzi\u0107. Nawet je\u015bli b\u0119dziesz cz\u0119\u015bci\u0105 grupy, b\u0119dziesz mie\u0107 kierowc\u0119 tylko dla siebie. Wyja\u015bni on i dostarczy interesuj\u0105cych informacji podczas ca\u0142ej wycieczki. Innymi s\u0142owy, b\u0119dziesz mie\u0107 wra\u017cenie, \u017ce jeste\u015b na prywatnej wycieczce.<\/span><\/p>\n<h3><span style=\"font-size: 12pt;\">Podczas wycieczki jeepem po Teneryfie dost\u0119pne s\u0105 r\u00f3\u017cne trasy:<\/span><\/h3>\n<ul>\n<li><span style=\"font-size: 14pt;\"><span style=\"text-decoration: underline;\"><strong>P\u00f3\u0142 dnia na Teide:<\/strong><\/span> Podczas tej wycieczki odwiedzimy centrum Parku Narodowego Teide, zatrzymuj\u0105c si\u0119 w &#8220;<a href=\"https:\/\/goo.gl\/maps\/5t7cNVoaVk1xRZKk6\" target=\"_blank\" rel=\"noopener\">Parador de Ca\u00f1adas del Teide<\/a>&#8220;. Czas trwania wynosi oko\u0142o 5 godzin, mniej wi\u0119cej od 9:00 do 13:30. Dla wyja\u015bnienia, wycieczka nie obejmuje przejazdu kolejk\u0105 linow\u0105. Odbi\u00f3r jest mo\u017cliwy z po\u0142udniowej cz\u0119\u015bci Teneryfy we wtorki, \u015brody, czwartki i soboty. Dost\u0119pne j\u0119zyki to hiszpa\u0144ski, angielski, niemiecki, francuski, w\u0142oski i holenderski.<\/span><\/li>\n<li><span style=\"font-size: 14pt;\"><span style=\"text-decoration: underline;\"><strong>Teide i Masca:<\/strong><\/span> Podczas tej wycieczki jeepem na Teneryfie odwiedzamy centrum Parku Narodowego Teide, zatrzymuj\u0105c si\u0119 w &#8220;Parador de Ca\u00f1adas del Teide&#8221; i wiosce <a href=\"https:\/\/goo.gl\/maps\/NBGsjTNeTUGP7MTs9\" target=\"_blank\" rel=\"noopener\">Masca<\/a>. Wycieczka trwa oko\u0142o 7 godzin, mniej wi\u0119cej od 9:00 do 16:00. Odbi\u00f3r jest mo\u017cliwy z po\u0142udniowej cz\u0119\u015bci Teneryfy w poniedzia\u0142ki, wtorki, \u015brody, czwartki, pi\u0105tki i soboty. Dost\u0119pne j\u0119zyki to hiszpa\u0144ski, angielski, niemiecki, francuski, w\u0142oski, holenderski i polski. Zatrzymujemy si\u0119 r\u00f3wnie\u017c na lunch w restauracji (nie wliczony w cen\u0119).<\/span><\/li>\n<li><span style=\"font-size: 14pt;\"><span style=\"text-decoration: underline;\"><strong>Masca:<\/strong><\/span> Podczas tej wycieczki jeepem na Teneryfie odwiedzamy Garachico, Icod de los Vinos i s\u0142ynn\u0105 wiosk\u0119 Masca w rejonie g\u00f3r Teno. Czas trwania wynosi oko\u0142o 7 godzin, mniej wi\u0119cej od 9:00 do 16:00. Odbi\u00f3r jest mo\u017cliwy z Puerto de la Cruz w \u015brod\u0119. Dost\u0119pne j\u0119zyki to hiszpa\u0144ski, angielski, niemiecki, francuski i w\u0142oski. Zatrzymujemy si\u0119 r\u00f3wnie\u017c na lunch w restauracji (nie wliczony w cen\u0119).<\/span><\/li>\n<\/ul>\n<h3><span style=\"font-size: 12pt;\">OPR\u00d3CZ WYCIECZKI JEEPEM PO TENERYFIE MO\u017bLIWE JEST R\u00d3WNIE\u017b ODWIEDZENIE INNEJ WYSPY Z TENERYFY:<\/span><\/h3>\n<ul>\n<li><span style=\"font-size: 14pt;\"><span style=\"text-decoration: underline;\"><strong>La Gomera:<\/strong><\/span> Podczas tej wycieczki pop\u0142yniemy promem z Los Cristianos, aby odwiedzi\u0107 wysp\u0119 La Gomera. Podr\u00f3\u017c \u0142odzi\u0105 trwa oko\u0142o 50 minut w ka\u017cd\u0105 stron\u0119. Wycieczka obejmuje obszary San Sebasti\u00e1n de La Gomera, Hermigua, Agulo, Laguna Grande i Park Narodowy Garajonay. Podczas wycieczki zatrzymamy si\u0119 w typowej kanaryjskiej restauracji, aby zje\u015b\u0107 lunch (wliczony w cen\u0119). Ponadto odb\u0119dzie si\u0119 pokaz gwizdanego j\u0119zyka &#8220;<a href=\"https:\/\/pl.wikipedia.org\/wiki\/J\u0119zyk_silbo\" target=\"_blank\" rel=\"noopener\">Silbo Gomero<\/a>&#8220;. Wycieczka trwa oko\u0142o 9\/10 godzin, mniej wi\u0119cej od 9:00 do 18:00\/19:00. Odbi\u00f3r jest dost\u0119pny z po\u0142udniowej cz\u0119\u015bci Teneryfy lub z Puerto de la Cruz w poniedzia\u0142ek, wtorek, \u015brod\u0119, czwartek, pi\u0105tek i sobot\u0119. Dost\u0119pne j\u0119zyki to hiszpa\u0144ski, angielski, niemiecki, francuski, w\u0142oski, holenderski i polski. <span style=\"color: #ff0000;\">W przypadku tej wycieczki dzieci w wieku od 0 do 2 lat uiszczaj\u0105 op\u0142at\u0119 za prom w wysoko\u015bci 6,25 \u20ac. Wszystkie osoby bior\u0105ce udzia\u0142 w wycieczce na La Gomer\u0119 musz\u0105 mie\u0107 przy sobie wa\u017cny dokument to\u017csamo\u015bci, kt\u00f3ry nale\u017cy okaza\u0107 przy wsiadaniu na prom.<\/span><\/span><\/li>\n<\/ul>\n<p><span style=\"color: #ff0000; font-size: 14pt;\"><strong>Prosimy o kontakt z naszym dzia\u0142em obs\u0142ugi klienta przed dokonaniem rezerwacji wycieczki jeepem na Teneryfie. Wy\u015blij wiadomo\u015b\u0107 za po\u015brednictwem czatu na \u017cywo lub numeru WhatsApp. Musimy potwierdzi\u0107 dost\u0119pno\u015b\u0107 wycieczek, j\u0119zyk (patrz tabela j\u0119zyk\u00f3w w sekcji &#8220;Us\u0142uga odbioru i j\u0119zyki&#8221;) oraz us\u0142ug\u0119 odbioru z Twojej okolicy.<\/strong><\/span>[\/vc_column_text][\/vc_tta_section][vc_tta_section title=&#8221;ROZK\u0141AD I TRANSFER&#8221; tab_id=&#8221;1577672666572-9f2a1dc7-b12a731c-73a33577-85846eaa-f3eb&#8221;][vc_column_text]<span style=\"font-size: 14pt;\">Us\u0142uga odbioru na po\u0142udniu Teneryfy jest dost\u0119pna w obszarze mi\u0119dzy Los Gigantes i El Medano. Trasy z po\u0142udnia to:<\/span><\/p>\n<ul>\n<li><span style=\"font-size: 14pt;\">P\u00f3\u0142 dnia na Teide,<\/span><\/li>\n<li><span style=\"font-size: 14pt;\">Teide i Masca,<\/span><\/li>\n<li><span style=\"font-size: 14pt;\">La Gomera.<\/span><\/li>\n<\/ul>\n<p><span style=\"font-size: 14pt;\">Na p\u00f3\u0142nocy Teneryfy odbi\u00f3r dost\u0119pny jest z Puerto de la Cruz. Wycieczki z p\u00f3\u0142nocy to:<\/span><\/p>\n<ul>\n<li><span style=\"font-size: 14pt;\"> La Gomera,<\/span><\/li>\n<li><span style=\"font-size: 14pt;\"> Masca.<\/span><\/li>\n<\/ul>\n<p><span style=\"font-size: 14pt; color: #ff0000;\">Og\u00f3lnie rzecz bior\u0105c, punkt odbioru wycieczki jeepem na Teneryfie zale\u017cy od lokalizacji. W rzeczywisto\u015bci mo\u017ce to by\u0107 bezpo\u015brednio z miejsca zakwaterowania lub z pobliskiego punktu w okolicy. Podsumowuj\u0105c, uprzejmie prosimy o kontakt z naszym dzia\u0142em obs\u0142ugi klienta w celu potwierdzenia dost\u0119pno\u015bci i szczeg\u00f3\u0142\u00f3w transportu.<\/span><\/p>\n<p>&nbsp;<\/p>\n<h3><span style=\"text-decoration: underline; font-size: 12pt; color: #000000;\"><strong>J\u0118ZYKI DOST\u0118PNE DLA WYCIECZKI JEEPEM NA TENERYFIE:<\/strong><\/span><\/h3>\n<table style=\"height: 143px; width: 100%; border-collapse: collapse; border-style: solid; border-color: #000000;\">\n<tbody>\n<tr style=\"border-style: solid; border-color: #000000;\">\n<td style=\"width: 14.2857%; height: 24px; text-align: center; border-style: dashed; border-color: #000000;\"><span style=\"color: #0c610c;\"><strong>TOUR<\/strong><\/span><\/td>\n<td style=\"width: 14.2857%; height: 24px; text-align: center; border-style: dashed; border-color: #000000;\"><span style=\"color: #ff6600;\"><strong>PONIEDZIA\u0141EK<\/strong><\/span><\/td>\n<td style=\"width: 14.2857%; height: 24px; text-align: center; border-style: dashed; border-color: #000000;\"><span style=\"color: #ff6600;\"><strong>WTOREK<\/strong><\/span><\/td>\n<td style=\"width: 14.2857%; height: 24px; text-align: center; border-style: dashed; border-color: #000000;\"><span style=\"color: #ff6600;\"><strong>\u015aRODA<\/strong><\/span><\/td>\n<td style=\"width: 14.2857%; height: 24px; text-align: center; border-style: dashed; border-color: #000000;\"><span style=\"color: #ff6600;\"><strong>CZWARTEK<\/strong><\/span><\/td>\n<td style=\"width: 14.2857%; height: 24px; text-align: center; border-style: dashed; border-color: #000000;\"><span style=\"color: #ff6600;\"><strong>PI\u0104TEK<\/strong><\/span><\/td>\n<td style=\"width: 14.2857%; height: 24px; text-align: center; border-style: dashed; border-color: #000000;\"><span style=\"color: #ff6600;\"><strong>SOBOTA<\/strong><\/span><\/td>\n<\/tr>\n<tr style=\"border-style: solid; border-color: #000000;\">\n<td style=\"width: 14.2857%; height: 24px; text-align: center; border-style: dashed; border-color: #000000;\"><span style=\"color: #0c610c;\"><strong>P\u00f3\u0142 dnia na Teide<\/strong><\/span><\/td>\n<td style=\"width: 14.2857%; height: 24px; text-align: center; border-style: dashed; border-color: #000000;\"><\/td>\n<td style=\"width: 14.2857%; height: 24px; text-align: center; border-style: dashed; border-color: #000000;\">Angielski, hiszpa\u0144ski, francuski, niemiecki, holenderski, w\u0142oski.<\/td>\n<td style=\"width: 14.2857%; height: 24px; text-align: center; border-style: dashed; border-color: #000000;\">hiszpa\u0144ski, francuski, niemiecki, holenderski, w\u0142oski<\/td>\n<td style=\"width: 14.2857%; height: 24px; text-align: center; border-style: dashed; border-color: #000000;\">Angielski, hiszpa\u0144ski, francuski, niemiecki, holenderski, w\u0142oski.<\/td>\n<td style=\"width: 14.2857%; height: 24px; text-align: center; border-style: dashed; border-color: #000000;\"><\/td>\n<td style=\"width: 14.2857%; height: 24px; text-align: center; border-style: dashed; border-color: #000000;\">Angielski, hiszpa\u0144ski, francuski, niemiecki, holenderski, w\u0142oski.<\/td>\n<\/tr>\n<tr style=\"border-style: solid; border-color: #000000;\">\n<td style=\"width: 14.2857%; height: 24px; text-align: center; border-style: dashed; border-color: #000000;\"><span style=\"color: #0c610c;\"><strong>Teide i Masca<\/strong><\/span><\/td>\n<td style=\"width: 14.2857%; height: 24px; text-align: center; border-style: dashed; border-color: #000000;\">hiszpa\u0144ski, francuski, niemiecki, holenderski, w\u0142oski.<\/td>\n<td style=\"width: 14.2857%; height: 24px; text-align: center; border-style: dashed; border-color: #000000;\">Angielski, hiszpa\u0144ski, francuski, niemiecki, holenderski, w\u0142oski.<\/td>\n<td style=\"width: 14.2857%; height: 24px; text-align: center; border-style: dashed; border-color: #000000;\">hiszpa\u0144ski, francuski, niemiecki, holenderski, w\u0142oski.<\/td>\n<td style=\"width: 14.2857%; height: 24px; text-align: center; border-style: dashed; border-color: #000000;\">Angielski, hiszpa\u0144ski, francuski, niemiecki, holenderski, w\u0142oski.<\/td>\n<td style=\"width: 14.2857%; height: 24px; text-align: center; border-style: dashed; border-color: #000000;\">hiszpa\u0144ski, francuski, niemiecki, holenderski, w\u0142oski.<\/td>\n<td style=\"width: 14.2857%; height: 24px; text-align: center; border-style: dashed; border-color: #000000;\">Angielski, hiszpa\u0144ski, francuski, niemiecki, holenderski, w\u0142oski.<\/td>\n<\/tr>\n<tr style=\"border-style: solid; border-color: #000000;\">\n<td style=\"width: 14.2857%; height: 24px; text-align: center; border-style: dashed; border-color: #000000;\"><span style=\"color: #0c610c;\"><strong>La Gomera z Puerto de la Cruz<\/strong><\/span><\/td>\n<td style=\"width: 14.2857%; height: 24px; text-align: center; border-style: dashed; border-color: #000000;\">Angielski, hiszpa\u0144ski, francuski, niemiecki, holenderski, w\u0142oski, polski.<\/td>\n<td style=\"width: 14.2857%; height: 24px; text-align: center; border-style: dashed; border-color: #000000;\"><\/td>\n<td style=\"width: 14.2857%; height: 24px; text-align: center; border-style: dashed; border-color: #000000;\"><\/td>\n<td style=\"width: 14.2857%; height: 24px; text-align: center; border-style: dashed; border-color: #000000;\"><\/td>\n<td style=\"width: 14.2857%; height: 24px; text-align: center; border-style: dashed; border-color: #000000;\">Angielski, hiszpa\u0144ski, francuski, niemiecki, holenderski, w\u0142oski.<\/td>\n<td style=\"width: 14.2857%; height: 24px; text-align: center; border-style: dashed; border-color: #000000;\"><\/td>\n<\/tr>\n<tr style=\"border-style: solid; border-color: #000000;\">\n<td style=\"width: 14.2857%; height: 24px; text-align: center; border-style: dashed; border-color: #000000;\"><span style=\"color: #0c610c;\"><strong>La Gomera od po\u0142udnia<\/strong><\/span><\/td>\n<td style=\"width: 14.2857%; height: 24px; text-align: center; border-style: dashed; border-color: #000000;\">Angielski, hiszpa\u0144ski, francuski, niemiecki, holenderski, w\u0142oski, polski.<\/td>\n<td style=\"width: 14.2857%; height: 24px; text-align: center; border-style: dashed; border-color: #000000;\">hiszpa\u0144ski, francuski, niemiecki, holenderski, w\u0142oski.<\/td>\n<td style=\"width: 14.2857%; height: 24px; text-align: center; border-style: dashed; border-color: #000000;\">hiszpa\u0144ski, francuski, niemiecki, holenderski, w\u0142oski, polski.<\/td>\n<td style=\"width: 14.2857%; height: 24px; text-align: center; border-style: dashed; border-color: #000000;\">hiszpa\u0144ski, francuski, niemiecki, holenderski, w\u0142oski.<\/td>\n<td style=\"width: 14.2857%; height: 24px; text-align: center; border-style: dashed; border-color: #000000;\">Angielski, hiszpa\u0144ski, francuski, niemiecki, holenderski, w\u0142oski.<\/td>\n<td style=\"width: 14.2857%; height: 24px; text-align: center; border-style: dashed; border-color: #000000;\">hiszpa\u0144ski, francuski, niemiecki, holenderski, w\u0142oski, polski.<\/td>\n<\/tr>\n<tr style=\"border-style: solid; border-color: #000000;\">\n<td style=\"width: 14.2857%; height: 23px; text-align: center; border-style: dashed; border-color: #000000;\"><span style=\"color: #0c610c;\"><strong>Masca<\/strong><\/span><\/td>\n<td style=\"width: 14.2857%; height: 23px; text-align: center; border-style: dashed; border-color: #000000;\"><\/td>\n<td style=\"width: 14.2857%; height: 23px; text-align: center; border-style: dashed; border-color: #000000;\"><\/td>\n<td style=\"width: 14.2857%; height: 23px; text-align: center; border-style: dashed; border-color: #000000;\">Angielski, hiszpa\u0144ski, francuski, niemiecki, w\u0142oski.<\/td>\n<td style=\"width: 14.2857%; height: 23px; text-align: center; border-style: dashed; border-color: #000000;\"><\/td>\n<td style=\"width: 14.2857%; height: 23px; text-align: center; border-style: dashed; border-color: #000000;\"><\/td>\n<td style=\"width: 14.2857%; height: 23px; text-align: center; border-style: dashed; border-color: #000000;\"><\/td>\n<\/tr>\n<\/tbody>\n<\/table>\n<h6><\/h6>\n<p>&nbsp;<\/p>\n<h6><span style=\"color: #312c7a;\"><strong>Obejrzyj film, dowiedz si\u0119, na czym polega wycieczka jeepem na Teneryfie i zarezerwuj j\u0105 ju\u017c teraz!<\/strong><\/span><\/h6>\n<p>[\/vc_column_text][\/vc_tta_section][\/vc_tta_accordion][vc_empty_space height=&#8221;30&#8243;]<style type=\"text\/css\">.thegem-button-69e0e9075c7b06884 .gem-button svg {fill: #ffffff;}.thegem-button-69e0e9075c7b06884 .gem-button:hover svg {fill: #312c7a;}<\/style><div class=\"gem-button-container gem-button-position-center thegem-button-69e0e9075c7b06884    \"  ><a class=\"gem-button gem-button-size-small gem-button-style-flat gem-button-text-weight-normal\" data-ll-effect=\"drop-right-without-wrap\" style=\"border-radius: 3px;background-color: #312c7a;color: #ffffff;\" onmouseleave=\"this.style.backgroundColor='#312c7a';this.style.color='#ffffff';\" onmouseenter=\"this.style.backgroundColor='#f6eb14';this.style.color='#312c7a';\" href=\"#prices-tamaran\" target=\"_self\">CENNIK<\/a><\/div> [\/vc_column][\/vc_row][vc_row full_width=&#8221;stretch_row&#8221; css=&#8221;.vc_custom_1577672746230{background-color: #312c7a !important;background-position: center !important;background-repeat: no-repeat !important;background-size: cover !important;}&#8221;][vc_column][vc_column_text css=&#8221;.vc_custom_1706008159273{background-color: #312c7a !important;background-position: center !important;background-repeat: no-repeat !important;background-size: cover !important;}&#8221;]<\/p>\n<h3 style=\"text-align: center;\"><strong><span style=\"font-size: 18pt; color: #ffffff;\">ZAREZERWUJ TERAZ<\/span><\/strong><\/h3>\n<p>[\/vc_column_text][vc_empty_space height=&#8221;10px&#8221;][\/vc_column][\/vc_row][vc_section][vc_row][vc_column][vc_empty_space height=&#8221;1px&#8221;][\/vc_column][\/vc_row][vc_row][vc_column width=&#8221;1\/3&#8243;][vc_empty_space][vc_empty_space][vc_column_text]<span style=\"font-family: helvetica, arial, sans-serif;\"><strong>\u00a0 \u00a0 \u00a0 \u00a0 CZY CHCESZ ZROBI\u0106 PREZENT?<\/strong><\/span>[\/vc_column_text][\/vc_column][vc_column width=&#8221;1\/3&#8243;][vc_single_image image=&#8221;451886&#8243; img_size=&#8221;medium&#8221; alignment=&#8221;center&#8221; style=&#8221;vc_box_rounded&#8221; onclick=&#8221;custom_link&#8221; img_link_target=&#8221;_blank&#8221; link=&#8221;https:\/\/tenerife-trips.com\/product\/wps_wgm_giftcard-5\/karta-podarunkowa\/?lang=pl&#8221;][\/vc_column][vc_column width=&#8221;1\/3&#8243;]<style type=\"text\/css\">.thegem-button-69e0e9075d2ec5201 .gem-button svg {fill: #ffffff;}.thegem-button-69e0e9075d2ec5201 .gem-button:hover svg {fill: #ffffff;}<\/style><div class=\"gem-button-container gem-button-position-center thegem-button-69e0e9075d2ec5201    \"  ><a class=\"gem-button gem-button-size-medium gem-button-style-flat gem-button-text-weight-normal gem-button-icon-position-left  gem-button-tablet-size-medium gem-button-mobile-size-medium\" data-ll-effect=\"drop-right-without-wrap\" style=\"border-radius: 3px;background-color: #1a9144;color: #ffffff;\" onmouseleave=\"this.style.backgroundColor='#1a9144';this.style.color='#ffffff';\" onmouseenter=\"this.style.backgroundColor='#312c7a';this.style.color='#ffffff';\" href=\"https:\/\/tenerife-trips.com\/product\/wps_wgm_giftcard-5\/karta-podarunkowa\/?lang=pl\" target=\"_blank\" id=\"giftjetski\"><i class=\"gem-print-icon gem-icon-pack-elegant \">&#xe073;<\/i>KUPI\u0106 KART\u0118 PODARUNKOW\u0104<\/a><\/div> [\/vc_column][\/vc_row][\/vc_section][vc_row][vc_column][vc_empty_space el_id=&#8221;prices-tamaran&#8221;][\/vc_column][\/vc_row]<\/p>\n<\/div>","protected":false},"excerpt":{"rendered":"<p>[vc_row full_width=&#8221;stretch_row_content_no_spaces&#8221;][vc_column][vc_column_text css=&#8221;.vc_custom_1743619998884{background-color: #F6EB14 !important;background-position: center !important;background-repeat: no-repeat !important;background-size: cover !important;}&#8221; css_animation=&#8221;fadeIn&#8221;] Wycieczka jeepem [\/vc_column_text][\/vc_column][\/vc_row][vc_row][vc_column][vc_column_text] Wycieczka jeepem po Teneryfie to&#8230;<\/p>\n","protected":false},"featured_media":432088,"template":"","meta":{"_acf_changed":false,"_seopress_robots_primary_cat":"2543","_seopress_titles_title":"Wycieczka jeepem po Teneryfie. Zarezerwuj bilet ju\u017c teraz online","_seopress_titles_desc":"Wycieczka jeepem po Teneryfie to jeden z najlepszych sposob\u00f3w na zwiedzanie wyspy z przewodnikiem. Us\u0142uga odbioru i r\u00f3\u017cne dost\u0119pne wycieczki","_seopress_robots_index":""},"product_brand":[],"product_cat":[2543],"product_tag":[],"class_list":{"0":"post-537727","1":"product","2":"type-product","3":"status-publish","4":"has-post-thumbnail","6":"product_cat-wycieczki-w-terenie","8":"first","9":"instock","10":"virtual","11":"sold-individually","12":"taxable","13":"purchasable","14":"product-type-booking"},"booking_location":"","booking_location_type":"","booking_duration":1,"booking_duration_unit":"day","booking_buffer":0,"booking_cost":0,"booking_resources":[],"acf":[],"_links":{"self":[{"href":"https:\/\/tenerife-trips.com\/pl\/wp-json\/wp\/v2\/product\/537727","targetHints":{"allow":["GET"]}}],"collection":[{"href":"https:\/\/tenerife-trips.com\/pl\/wp-json\/wp\/v2\/product"}],"about":[{"href":"https:\/\/tenerife-trips.com\/pl\/wp-json\/wp\/v2\/types\/product"}],"wp:featuredmedia":[{"embeddable":true,"href":"https:\/\/tenerife-trips.com\/pl\/wp-json\/wp\/v2\/media\/432088"}],"wp:attachment":[{"href":"https:\/\/tenerife-trips.com\/pl\/wp-json\/wp\/v2\/media?parent=537727"}],"wp:term":[{"taxonomy":"product_brand","embeddable":true,"href":"https:\/\/tenerife-trips.com\/pl\/wp-json\/wp\/v2\/product_brand?post=537727"},{"taxonomy":"product_cat","embeddable":true,"href":"https:\/\/tenerife-trips.com\/pl\/wp-json\/wp\/v2\/product_cat?post=537727"},{"taxonomy":"product_tag","embeddable":true,"href":"https:\/\/tenerife-trips.com\/pl\/wp-json\/wp\/v2\/product_tag?post=537727"}],"curies":[{"name":"wp","href":"https:\/\/api.w.org\/{rel}","templated":true}]}}