{"id":56864,"date":"2018-01-15T21:51:26","date_gmt":"2018-01-15T21:51:26","guid":{"rendered":"https:\/\/tenerife-trips.com\/?post_type=product&#038;p=56864"},"modified":"2025-12-03T12:18:41","modified_gmt":"2025-12-03T12:18:41","slug":"skutery-wodne-teneryfa","status":"publish","type":"product","link":"https:\/\/tenerife-trips.com\/pl\/product\/sporty-wodne\/skutery-wodne-teneryfa\/","title":{"rendered":"SKUTERY WODNE"},"content":{"rendered":"<div class=\"wpb-content-wrapper\"><p>[vc_row full_width=&#8221;stretch_row_content_no_spaces&#8221;][vc_column][vc_column_text css=&#8221;.vc_custom_1743672421720{background-color: #F6EB14 !important;background-position: center !important;background-repeat: no-repeat !important;background-size: cover !important;}&#8221; css_animation=&#8221;fadeIn&#8221;]<\/p>\n<h1 class=\"title-h2\" style=\"text-align: center;\"><span style=\"font-size: 18pt; color: #312c7a;\">SKUTERY WODNE<\/span><\/h1>\n<p>[\/vc_column_text][\/vc_column][\/vc_row][vc_row][vc_column][vc_column_text]<\/p>\n<p style=\"text-align: center;\"><span style=\"font-size: 14pt;\">Skutery wodne Teneryfa to gwarancja \u015bwietnej zabawy i \u017ar\u00f3d\u0142o niezapomnianych wspomnie\u0144 z Twoich wakacji na Wyspach Kanaryjskich!<\/span><\/p>\n<p style=\"text-align: center;\"><span style=\"font-size: 14pt;\"><strong>\u21d3 Sp\u00f3jrz na dalszy opis poni\u017cej \u21d3<\/strong><\/span><\/p>\n<p>[\/vc_column_text][\/vc_column][\/vc_row][vc_row full_width=&#8221;stretch_row_content&#8221; full_height=&#8221;yes&#8221; css=&#8221;.vc_custom_1576192123211{background-color: #312c7a !important;background-position: center !important;background-repeat: no-repeat !important;background-size: cover !important;}&#8221;][vc_column]<div class=\"gem-vimeo gem-wrapbox gem-wrapbox-style-no-style rounded-corners gem-wrapbox-position-below\" style=\"width: 100%;\"><div class=\"gem-wrapbox-inner gem-ratio-style\" style=\"padding-top: 56.25%\"><iframe webkitallowfullscreen=\"true\" mozallowfullscreen=\"true\" allowfullscreen=\"true\" class=\"gem-wrapbox-element img-responsive\" frameborder=\"0\" scrolling=\"no\" marginheight=\"0\" marginwidth=\"0\" src=\"\/\/player.vimeo.com\/video\/306713519?title=0&amp;byline=0&amp;portrait=0 \"><\/iframe><\/div><\/div>[vc_empty_space]<div class=\"preloader\"><div class=\"preloader-spin\"><\/div><\/div> <div id=\"gem-gallery-69e344cb851f0\" class=\"gem-gallery gem-gallery-hover-zooming-blur\"> <div class=\"gem-gallery-item\"> <div class=\"gem-gallery-item-image\"> <a href=\"https:\/\/tenerife-trips.com\/wp-content\/uploads\/2019\/12\/3-leg-thegem-gallery-sidebar.jpg\" data-fancybox-group=\"gallery-69e344cb851f0\" data-full-image-url=\"https:\/\/tenerife-trips.com\/wp-content\/uploads\/2019\/12\/3-leg.jpg\"> <svg width=\"20\" height=\"10\"><path d=\"M 0,10 Q 9,9 10,0 Q 11,9 20,10\" \/><\/svg> <img src=\"https:\/\/tenerife-trips.com\/wp-content\/uploads\/2019\/12\/3-leg-thegem-post-thumb-small.jpg\" alt=\"moto d'acqua Tenerife\" class=\"img-responsive\"> <span class=\"gem-gallery-caption slide-info\"> <\/span> <\/a> <span class=\"gem-gallery-line\"><\/span> <\/div> <\/div> <div class=\"gem-gallery-item\"> <div class=\"gem-gallery-item-image\"> <a href=\"https:\/\/tenerife-trips.com\/wp-content\/uploads\/2019\/12\/2-leg-thegem-gallery-sidebar.jpg\" data-fancybox-group=\"gallery-69e344cb851f0\" data-full-image-url=\"https:\/\/tenerife-trips.com\/wp-content\/uploads\/2019\/12\/2-leg.jpg\"> <svg width=\"20\" height=\"10\"><path d=\"M 0,10 Q 9,9 10,0 Q 11,9 20,10\" \/><\/svg> <img src=\"https:\/\/tenerife-trips.com\/wp-content\/uploads\/2019\/12\/2-leg-thegem-post-thumb-small.jpg\" alt=\"moto de agua Tenerife\" class=\"img-responsive\"> <span class=\"gem-gallery-caption slide-info\"> <\/span> <\/a> <span class=\"gem-gallery-line\"><\/span> <\/div> <\/div> <div class=\"gem-gallery-item\"> <div class=\"gem-gallery-item-image\"> <a href=\"https:\/\/tenerife-trips.com\/wp-content\/uploads\/2018\/01\/Jet-Ski-Tenerife-1-thegem-gallery-sidebar.jpg\" data-fancybox-group=\"gallery-69e344cb851f0\" data-full-image-url=\"https:\/\/tenerife-trips.com\/wp-content\/uploads\/2018\/01\/Jet-Ski-Tenerife-1.jpg\"> <svg width=\"20\" height=\"10\"><path d=\"M 0,10 Q 9,9 10,0 Q 11,9 20,10\" \/><\/svg> <img src=\"https:\/\/tenerife-trips.com\/wp-content\/uploads\/2018\/01\/Jet-Ski-Tenerife-1-thegem-post-thumb-small.jpg\" alt=\"Jet Ski Tenerife\" class=\"img-responsive\"> <span class=\"gem-gallery-caption slide-info\"> <\/span> <\/a> <span class=\"gem-gallery-line\"><\/span> <\/div> <\/div> <div class=\"gem-gallery-item\"> <div class=\"gem-gallery-item-image\"> <a href=\"https:\/\/tenerife-trips.com\/wp-content\/uploads\/2019\/12\/1-leg-thegem-gallery-sidebar.jpg\" data-fancybox-group=\"gallery-69e344cb851f0\" data-full-image-url=\"https:\/\/tenerife-trips.com\/wp-content\/uploads\/2019\/12\/1-leg.jpg\"> <svg width=\"20\" height=\"10\"><path d=\"M 0,10 Q 9,9 10,0 Q 11,9 20,10\" \/><\/svg> <img src=\"https:\/\/tenerife-trips.com\/wp-content\/uploads\/2019\/12\/1-leg-thegem-post-thumb-small.jpg\" alt=\"Skutery wodne na Teneryfie\" class=\"img-responsive\"> <span class=\"gem-gallery-caption slide-info\"> <\/span> <\/a> <span class=\"gem-gallery-line\"><\/span> <\/div> <\/div> <\/div>[vc_empty_space][\/vc_column][\/vc_row][vc_row full_width=&#8221;stretch_row&#8221; css=&#8221;.vc_custom_1600341755190{background-color: #312c7a !important;background-position: center !important;background-repeat: no-repeat !important;background-size: cover !important;}&#8221;][vc_column][vc_column_text]<\/p>\n<h3 style=\"text-align: center;\"><span style=\"color: #ffffff;\"><span style=\"font-size: 18pt;\">OPIS\u00a0<\/span><\/span><\/h3>\n<p>[\/vc_column_text][\/vc_column][\/vc_row][vc_row][vc_column][vc_tta_accordion style=&#8221;simple_solid&#8221; color=&#8221;blue&#8221; c_icon=&#8221;chevron&#8221; active_section=&#8221;-0&#8243; collapsible_all=&#8221;true&#8221;][vc_tta_section title=&#8221;OPIS WYCIECZKI&#8221; tab_id=&#8221;1577671091617-0af8eee0-94020f62-84c4d41d-6d4a&#8221;][vc_column_text css=&#8221;&#8221;]<\/p>\n<h3><span style=\"font-size: 12pt;\">skutery wodne Teneryfa to gwarancja \u015bwietnej zabawy i \u017ar\u00f3d\u0142o niezapomnianych wspomnie\u0144 z twoich wakacji na wyspach kanaryjskich!<\/span><\/h3>\n<p><span style=\"font-size: 14pt;\">Wycieczki skuterami wodnymi, kt\u00f3re oferujemy, rozpoczynaj\u0105 si\u0119 z portu w <a href=\"https:\/\/www.google.com\/maps\/place\/Puerto+Col%C3%B3n\/@28.0789928,-16.7359737,15z\/data=!4m5!3m4!1s0x0:0xd62345524f768247!8m2!3d28.0789928!4d-16.7359737\" target=\"_blank\" rel=\"noopener\">Puerto Col\u00f3n<\/a>\u00a0i <a href=\"https:\/\/goo.gl\/maps\/dD8xjBa3yVAgw7SD9\" target=\"_blank\" rel=\"noopener\">Las Galletas<\/a>.<\/span><\/p>\n<p><span style=\"font-size: 14pt;\">Na pocz\u0105tku i przed wyruszeniem z portu zapewniamy szybk\u0105 lekcj\u0119 teorii, wyja\u015bniaj\u0105c podstawowe zasady, kt\u00f3rych nale\u017cy przestrzega\u0107 dla w\u0142asnego bezpiecze\u0144stwa. Gdy ju\u017c wszystko zostanie Wam wyt\u0142umaczone, podamy Ci kamizelk\u0119 ratunkow\u0105 i kombinezon (przewa\u017cnie tylko w zimie). Nast\u0119pnie wsi\u0105dziemy na skutery wodne i opu\u015bcimy przysta\u0144 ma\u0142\u0105 grup\u0105 pojazd\u00f3w.\u00a0 Nale\u017cy pod\u0105\u017ca\u0107 za przewodnikiem znajdu\u0105cym si\u0119 na czele grupy, to on zaopiekuje si\u0119 ni\u0105 podczas wycieczki.<\/span><\/p>\n<h3><span style=\"font-size: 12pt;\">rejon, kt\u00f3ry odwiedzisz podczas rejsu skutery wodne teneryfa, zale\u017cy od czasu trwania wycieczki.<\/span><\/h3>\n<p><span style=\"font-size: 14pt;\">Wyruszaj\u0105c z Puerto Col\u00f3n podczas wycieczki 1-godzinnej i 40 minutowej, pop\u0142yniemy do La Caleta i s\u0142ynnej pla\u017cy <a href=\"https:\/\/www.google.com\/maps\/place\/Playa+Diego+Hern%C3%A1ndez\/@28.1084264,-16.7606952,17z\/data=!4m13!1m7!3m6!1s0xc6a90ce8bf2530f:0x4eacec4c09089d93!2s38679+La+Caleta,+Santa+Cruz+de+Tenerife!3b1!8m2!3d28.1001994!4d-16.7547945!3m4!1s0xc6a91ef508874fb:0x4659d02ea76ce1df!8m2!3d28.1076811!4d-16.7606397\" target=\"_blank\" rel=\"noopener\">Diego Hern\u00e1ndez, <\/a>a podczas wycieczki 2 godzinnej udamy si\u0119 nast\u0119pnie w rejon <a href=\"https:\/\/goo.gl\/maps\/duaP6DC21vjhHZgB6\" target=\"_blank\" rel=\"noopener\">Alcal\u00e1<\/a>.\u00a0<\/span><\/p>\n<p>Z portu Las Galletas zazwyczaj udajemy si\u0119 na zach\u00f3d. Podczas 1-godzinnej wycieczki dotrzemy do obszaru Palm-Mar. Podczas 2-godzinnej wycieczki udamy si\u0119 nieco dalej, do obszaru Los Cristianos. Podany czas trwania wycieczki obejmuje wyja\u015bnienie zasad bezpiecze\u0144stwa w porcie, dlatego rzeczywisty czas sp\u0119dzony na wodzie mo\u017ce by\u0107 nieco kr\u00f3tszy.<\/p>\n<p>Trwaj\u0105ca 20 minut wycieczka odbywa si\u0119 na torze w obszarze Puerto Col\u00f3n. Na wyznaczonym obszarze mo\u017cna je\u017adzi\u0107 dowolnie.<\/p>\n<p><strong><span style=\"font-size: 14pt;\">Wybieraj\u0105c si\u0119 na rejs skutery wodne Teneryfa, chcemy, aby\u015b nie tylko fajnie si\u0119 bawi\u0142, ale r\u00f3wnie\u017c, aby\u015b m\u00f3g\u0142 podziwia\u0107 cudowny, wulkaniczny krajobraz linii brzegowej wyspy oraz masywne g\u00f3ry widoczne w tle.\u00a0<\/span><\/strong><\/p>\n<p><span style=\"font-size: 14pt;\">Poni\u017cej opisu znajdziesz map\u0119, przedstawiaj\u0105c\u0105 trasy i okolice, kt\u00f3re odwiedzisz podczas danej wycieczki. <span style=\"text-decoration: underline;\">Chcemy te\u017c zwr\u00f3ci\u0107 uwag\u0119, \u017ce trasa mo\u017ce si\u0119 zmieni\u0107 w zale\u017cno\u015bci od pogody i warunk\u00f3w na morzu<\/span>. Podczas rejsu 2 godzinnnego zrobimy 10\/15 minutow\u0105 przerw\u0119 na p\u0142ywanie. Nie ma w\u0105tpliwo\u015bci, \u017ce im wi\u0119cej czasu sp\u0119dzisz na skuterach, tym wi\u0119cej zabawy!\u00a0<\/span><\/p>\n<p><span style=\"font-size: 14pt;\">Skutery wodne Teneryfa osi\u0105gaj\u0105 wystarczaj\u0105co wysok\u0105 pr\u0119dko\u015b\u0107, aby poczu\u0107 przyp\u0142yw adrenaliny, a jednocze\u015bnie pozosta\u0107 bezpiecznym. Podczas rejsu przewodnik b\u0119dzie robi\u0142 zdj\u0119cia, kt\u00f3re b\u0119dzie mo\u017cna by\u0142o wykupi\u0107 na ko\u0144cu wycieczki. Skuter wodny mo\u017ce by\u0107 wypo\u017cyczony dla jednej osoby (skuter jednoosobowy) lub te\u017c dla dw\u00f3ch os\u00f3b (skuter dwuosobowy gdzie kierowca i pasa\u017cer mog\u0105 si\u0119 zamienia\u0107).<\/span><\/p>\n<h3><span style=\"font-size: 12pt;\">SKUTERY WODNE TENERYFa S\u0104 TUTAJ KR\u00d3LEM SPORT\u00d3W WODNYCH. DODATKOWO, PRZY ODROBINIE SZCZ\u0118\u015aCIA, B\u0118DZIESZ M\u00d3G\u0141 PODCZAS WYCIECZKI spotka\u0107 DELFINY \u2013\u00a0 W TUTEJSZYCH WODACH JEST ICH PE\u0141NO!<\/span><\/h3>\n<p><span style=\"text-decoration: underline; color: #ff0000; font-size: 14pt;\"><strong>OBOWI\u0104ZUJ\u0104CY WIEK MINIMALNY, ABY M\u00d3C PROWADZI\u0106 SKUTER TO 16 LAT. OSOBY O WIEKU 16 I 17 LAT MUSZ\u0104 OKAZA\u0106 PISEMN\u0104 ZGOD\u0118 RODZIC\u00d3W LUB OPIEKUNA PRAWNEGO I NIE MOG\u0104 DZIELI\u0106 SKUTERA Z DRUG\u0104 OSOB\u0104 NIEPE\u0141NOLETNI\u0104. <\/strong><\/span><span style=\"text-decoration: underline; color: #ff0000;\"><span style=\"font-size: 14pt;\"><strong>MINIMALNY WIEK TO 6 LAT PRZY WYCIECZKACH 20 MINUTOWYCH, 10 LAT PRZY WYCIECZKACH 40 MINUTOWYCH I 1 GODZINNEJ, 12 LAT PRZY WYCZIECZCE 2 GODZINNEJ. <span style=\"text-decoration: underline; color: #ff0000; font-size: 14pt;\">DZIECI PONI\u017bEJ 15 ROKU \u017bYCIA MUSZ\u0104 BY\u0106 W TOWARZYSTWIE OSOBY DOROS\u0141EJ. <\/span><\/strong><\/span><\/span><span style=\"text-decoration: underline; color: #ff0000; font-size: 14pt;\"><strong>PRAWO JAZDY NIE JEST WYMAGANE. Klienci musz\u0105 mie\u0107 przy sobie dow\u00f3d osobisty lub paszport. Limit wagowy wynosi 120 kg dla skuter\u00f3w wodnych jednoosobowych i 160 kg dla skuter\u00f3w wodnych dwuosobowych.<\/strong><\/span><\/p>\n<p>&nbsp;<\/p>\n<p><img alt=\"\" class=\"aligncenter wp-image-703043 size-full\" src=\"https:\/\/tenerife-trips.com\/wp-content\/uploads\/2018\/01\/map-estate-2025-3.png\" alt=\"\" width=\"1116\" height=\"817\" srcset=\"https:\/\/tenerife-trips.com\/wp-content\/uploads\/2018\/01\/map-estate-2025-3.png 1116w, https:\/\/tenerife-trips.com\/wp-content\/uploads\/2018\/01\/map-estate-2025-3-600x439.png 600w, https:\/\/tenerife-trips.com\/wp-content\/uploads\/2018\/01\/map-estate-2025-3-300x220.png 300w, https:\/\/tenerife-trips.com\/wp-content\/uploads\/2018\/01\/map-estate-2025-3-1024x750.png 1024w, https:\/\/tenerife-trips.com\/wp-content\/uploads\/2018\/01\/map-estate-2025-3-768x562.png 768w\" sizes=\"(max-width: 1116px) 100vw, 1116px\" \/>[\/vc_column_text][\/vc_tta_section][vc_tta_section title=&#8221;ROZK\u0141AD I TRANSFER&#8221; tab_id=&#8221;1577671091666-736a5870-75e30f62-84c4d41d-6d4a&#8221;][vc_column_text]<span style=\"font-size: 14pt;\">Wycieczka rozpoczyna si\u0119 z <a href=\"https:\/\/goo.gl\/maps\/9wwhmVDe39ian4eX9\" target=\"_blank\" rel=\"noopener\">Puerto Col\u00f3n<\/a>, do kt\u00f3rego nale\u017cy si\u0119 uda\u0107 samodzielnie.\u00a0 Gdy startujemy z <a href=\"https:\/\/goo.gl\/maps\/5kognbHfWdY7SSfHA\" target=\"_blank\" rel=\"noopener\">Las Galletas<\/a>, oferujemy us\u0142ug\u0119 odbioru na po\u0142udniu Teneryfy, prosimy o kontakt z naszym dzia\u0142em obs\u0142ugi klienta.<\/span><\/p>\n<p><span style=\"text-decoration: underline; font-size: 14pt;\"><span style=\"color: #ff0000; text-decoration: underline;\">ROZK\u0141AD:<\/span><\/span><\/p>\n<p><span style=\"font-size: 14pt;\">Wycieczka jest dost\u0119pna codziennie w godzinach pomi\u0119dzy 10:00 i 17:00. Godzina ta r\u00f3\u017cni si\u0119 w zale\u017cno\u015bci od sezonu, dlatego uprzejmie prosimy o kontakt z nami w celu jej weryfikacji.<\/span>[\/vc_column_text][\/vc_tta_section][\/vc_tta_accordion]<style type=\"text\/css\">.thegem-button-69e344cb86dd94132 .gem-button svg {fill: #ffffff;}.thegem-button-69e344cb86dd94132 .gem-button:hover svg {fill: #312c7a;}<\/style><div class=\"gem-button-container gem-button-position-center thegem-button-69e344cb86dd94132    \"  ><a class=\"gem-button gem-button-size-small gem-button-style-flat gem-button-text-weight-normal\" data-ll-effect=\"drop-right-without-wrap\" style=\"border-radius: 3px;background-color: #312c7a;color: #ffffff;\" onmouseleave=\"this.style.backgroundColor='#312c7a';this.style.color='#ffffff';\" onmouseenter=\"this.style.backgroundColor='#f6eb14';this.style.color='#312c7a';\" href=\"#cennik-jet-ski\" target=\"_self\">CENNIK<\/a><\/div> [\/vc_column][\/vc_row][vc_row full_width=&#8221;stretch_row_content&#8221; css=&#8221;.vc_custom_1600341796996{background-color: #312c7a !important;background-position: center !important;background-repeat: no-repeat !important;background-size: cover !important;}&#8221;][vc_column][vc_column_text]<\/p>\n<h3 style=\"text-align: center;\"><span style=\"color: #ffffff;\"><strong><span style=\"font-size: 18pt;\">ZAREZERWUJ TERAZ<\/span><\/strong><\/span><\/h3>\n<p>[\/vc_column_text][vc_empty_space height=&#8221;10px&#8221; el_id=&#8221;cennik-jet-ski&#8221;][\/vc_column][\/vc_row]<\/p>\n<\/div>","protected":false},"excerpt":{"rendered":"<p>[vc_row full_width=&#8221;stretch_row_content_no_spaces&#8221;][vc_column][vc_column_text css=&#8221;.vc_custom_1743672421720{background-color: #F6EB14 !important;background-position: center !important;background-repeat: no-repeat !important;background-size: cover !important;}&#8221; css_animation=&#8221;fadeIn&#8221;] SKUTERY WODNE [\/vc_column_text][\/vc_column][\/vc_row][vc_row][vc_column][vc_column_text] Skutery wodne Teneryfa to gwarancja&#8230;<\/p>\n","protected":false},"featured_media":56865,"template":"","meta":{"_acf_changed":false,"_seopress_robots_primary_cat":"2540","_seopress_titles_title":"Skutery wodne Teneryfa, poczuj z nami przyp\u0142yw adrenaliny","_seopress_titles_desc":"Skutery wodne Teneryfa, daj si\u0119 ponie\u015b\u0107 emocjom i prze\u017cyj swoj\u0105 najlepsz\u0105 przygod\u0119 z najpopularniejsz\u0105 wycieczk\u0105 Jet Ski Safari na Teneryfie","_seopress_robots_index":""},"product_brand":[],"product_cat":[2540],"product_tag":[2437,2435,2436],"class_list":{"0":"post-56864","1":"product","2":"type-product","3":"status-publish","4":"has-post-thumbnail","6":"product_cat-sporty-wodne","7":"product_tag-jet-ski-teneryfa","8":"product_tag-skutery-wodne-na-teneryfie","9":"product_tag-wycieczki-teneryfa","11":"first","12":"instock","13":"virtual","14":"sold-individually","15":"taxable","16":"purchasable","17":"product-type-booking"},"booking_location":"","booking_location_type":"","booking_duration":1,"booking_duration_unit":"hour","booking_buffer":0,"booking_cost":0,"booking_resources":[],"acf":[],"_links":{"self":[{"href":"https:\/\/tenerife-trips.com\/pl\/wp-json\/wp\/v2\/product\/56864","targetHints":{"allow":["GET"]}}],"collection":[{"href":"https:\/\/tenerife-trips.com\/pl\/wp-json\/wp\/v2\/product"}],"about":[{"href":"https:\/\/tenerife-trips.com\/pl\/wp-json\/wp\/v2\/types\/product"}],"wp:featuredmedia":[{"embeddable":true,"href":"https:\/\/tenerife-trips.com\/pl\/wp-json\/wp\/v2\/media\/56865"}],"wp:attachment":[{"href":"https:\/\/tenerife-trips.com\/pl\/wp-json\/wp\/v2\/media?parent=56864"}],"wp:term":[{"taxonomy":"product_brand","embeddable":true,"href":"https:\/\/tenerife-trips.com\/pl\/wp-json\/wp\/v2\/product_brand?post=56864"},{"taxonomy":"product_cat","embeddable":true,"href":"https:\/\/tenerife-trips.com\/pl\/wp-json\/wp\/v2\/product_cat?post=56864"},{"taxonomy":"product_tag","embeddable":true,"href":"https:\/\/tenerife-trips.com\/pl\/wp-json\/wp\/v2\/product_tag?post=56864"}],"curies":[{"name":"wp","href":"https:\/\/api.w.org\/{rel}","templated":true}]}}