{"id":57209,"date":"2018-01-26T18:48:26","date_gmt":"2018-01-26T18:48:26","guid":{"rendered":"https:\/\/tenerife-trips.com\/?post_type=product&#038;p=57209"},"modified":"2025-12-03T12:10:01","modified_gmt":"2025-12-03T12:10:01","slug":"nurkowanie-teneryfa","status":"publish","type":"product","link":"https:\/\/tenerife-trips.com\/pl\/product\/sporty-wodne\/nurkowanie-teneryfa\/","title":{"rendered":"KAJAKI I NURKOWANIE"},"content":{"rendered":"<div class=\"wpb-content-wrapper\"><p>[vc_row full_width=&#8221;stretch_row_content_no_spaces&#8221;][vc_column][vc_column_text css=&#8221;.vc_custom_1743671233698{background-color: #F6EB14 !important;background-position: center !important;background-repeat: no-repeat !important;background-size: cover !important;}&#8221; css_animation=&#8221;fadeIn&#8221;]<\/p>\n<h1 class=\"title-h2\" style=\"text-align: center;\"><span style=\"font-size: 18pt; color: #312c7a;\">KAJAKI I NURKOWANIE<\/span><\/h1>\n<p>[\/vc_column_text][\/vc_column][\/vc_row][vc_row][vc_column][vc_column_text]<\/p>\n<p style=\"text-align: center;\"><span style=\"font-size: 14pt;\">Jedne z najciekawszych atrakcji dost\u0119pnych na wyspie to wycieczka kajakami i nurkowanie Teneryfa &#8211; to prze\u017cycie, kt\u00f3rego na pewno nigdy nie zapomnisz! Podczas tej wycieczki pop\u0142yniemy kajakami do tajemniczego miejsca dost\u0119pnego tylko od strony morza; to w\u0142a\u015bnie tam b\u0119dziesz m\u00f3g\u0142 do\u015bwiadczy\u0107 niezwyk\u0142ego prze\u017cycia, jakim jest p\u0142ywanie z \u017c\u00f3\u0142wiami morskimi, a by\u0107 mo\u017ce nawet z p\u0142aszczkami, w ich naturalnym \u015brodowisku. \u017b\u00f3\u0142wie s\u0105 bardzo przyjaznymi zwierz\u0119tami i lubi\u0105 sprawdza\u0107, co my, dziwne istoty ludzkie, robimy w ich \u015brodowisku.<\/span><\/p>\n<p style=\"text-align: center;\"><span style=\"font-size: 14pt;\"><strong>\u21d3 Sp\u00f3jrz na dalszy opis poni\u017cej \u21d3<\/strong><\/span><\/p>\n<p>[\/vc_column_text][\/vc_column][\/vc_row][vc_row full_width=&#8221;stretch_row_content&#8221; full_height=&#8221;yes&#8221; css=&#8221;.vc_custom_1576192123211{background-color: #312c7a !important;background-position: center !important;background-repeat: no-repeat !important;background-size: cover !important;}&#8221;][vc_column]<div class=\"gem-vimeo gem-wrapbox gem-wrapbox-style-no-style rounded-corners gem-wrapbox-position-below\" style=\"width: 100%;\"><div class=\"gem-wrapbox-inner gem-ratio-style\" style=\"padding-top: 56.25%\"><iframe webkitallowfullscreen=\"true\" mozallowfullscreen=\"true\" allowfullscreen=\"true\" class=\"gem-wrapbox-element img-responsive\" frameborder=\"0\" scrolling=\"no\" marginheight=\"0\" marginwidth=\"0\" src=\"\/\/player.vimeo.com\/video\/321716846?title=0&amp;byline=0&amp;portrait=0 \"><\/iframe><\/div><\/div>[vc_empty_space]<div class=\"preloader\"><div class=\"preloader-spin\"><\/div><\/div> <div id=\"gem-gallery-69e7877af3111\" class=\"gem-gallery gem-gallery-hover-zooming-blur\" data-autoscroll=\"3000\"> <div class=\"gem-gallery-item\"> <div class=\"gem-gallery-item-image\"> <a href=\"https:\/\/tenerife-trips.com\/wp-content\/uploads\/2018\/01\/leg4-thegem-gallery-sidebar.jpg\" data-fancybox-group=\"gallery-69e7877af3111\" data-full-image-url=\"https:\/\/tenerife-trips.com\/wp-content\/uploads\/2018\/01\/leg4.jpg\"> <svg width=\"20\" height=\"10\"><path d=\"M 0,10 Q 9,9 10,0 Q 11,9 20,10\" \/><\/svg> <img src=\"https:\/\/tenerife-trips.com\/wp-content\/uploads\/2018\/01\/leg4-thegem-post-thumb-small.jpg\" alt=\"\" class=\"img-responsive\"> <span class=\"gem-gallery-caption slide-info\"> <\/span> <\/a> <span class=\"gem-gallery-line\"><\/span> <\/div> <\/div> <div class=\"gem-gallery-item\"> <div class=\"gem-gallery-item-image\"> <a href=\"https:\/\/tenerife-trips.com\/wp-content\/uploads\/2018\/01\/leg3-thegem-gallery-sidebar.jpg\" data-fancybox-group=\"gallery-69e7877af3111\" data-full-image-url=\"https:\/\/tenerife-trips.com\/wp-content\/uploads\/2018\/01\/leg3.jpg\"> <svg width=\"20\" height=\"10\"><path d=\"M 0,10 Q 9,9 10,0 Q 11,9 20,10\" \/><\/svg> <img src=\"https:\/\/tenerife-trips.com\/wp-content\/uploads\/2018\/01\/leg3-thegem-post-thumb-small.jpg\" alt=\"nurkowanie Teneryfa\" class=\"img-responsive\"> <span class=\"gem-gallery-caption slide-info\"> <\/span> <\/a> <span class=\"gem-gallery-line\"><\/span> <\/div> <\/div> <div class=\"gem-gallery-item\"> <div class=\"gem-gallery-item-image\"> <a href=\"https:\/\/tenerife-trips.com\/wp-content\/uploads\/2018\/01\/nurkowanie-Teneryfa-thegem-gallery-sidebar.jpg\" data-fancybox-group=\"gallery-69e7877af3111\" data-full-image-url=\"https:\/\/tenerife-trips.com\/wp-content\/uploads\/2018\/01\/nurkowanie-Teneryfa.jpg\"> <svg width=\"20\" height=\"10\"><path d=\"M 0,10 Q 9,9 10,0 Q 11,9 20,10\" \/><\/svg> <img src=\"https:\/\/tenerife-trips.com\/wp-content\/uploads\/2018\/01\/nurkowanie-Teneryfa-thegem-post-thumb-small.jpg\" alt=\"nurkowanie Teneryfa\" class=\"img-responsive\"> <span class=\"gem-gallery-caption slide-info\"> <\/span> <\/a> <span class=\"gem-gallery-line\"><\/span> <\/div> <\/div> <div class=\"gem-gallery-item\"> <div class=\"gem-gallery-item-image\"> <a href=\"https:\/\/tenerife-trips.com\/wp-content\/uploads\/2018\/01\/1leg-thegem-gallery-sidebar.jpg\" data-fancybox-group=\"gallery-69e7877af3111\" data-full-image-url=\"https:\/\/tenerife-trips.com\/wp-content\/uploads\/2018\/01\/1leg.jpg\"> <svg width=\"20\" height=\"10\"><path d=\"M 0,10 Q 9,9 10,0 Q 11,9 20,10\" \/><\/svg> <img src=\"https:\/\/tenerife-trips.com\/wp-content\/uploads\/2018\/01\/1leg-thegem-post-thumb-small.jpg\" alt=\"\" class=\"img-responsive\"> <span class=\"gem-gallery-caption slide-info\"> <\/span> <\/a> <span class=\"gem-gallery-line\"><\/span> <\/div> <\/div> <div class=\"gem-gallery-item\"> <div class=\"gem-gallery-item-image\"> <a href=\"https:\/\/tenerife-trips.com\/wp-content\/uploads\/2018\/01\/leg5-thegem-gallery-sidebar.jpg\" data-fancybox-group=\"gallery-69e7877af3111\" data-full-image-url=\"https:\/\/tenerife-trips.com\/wp-content\/uploads\/2018\/01\/leg5.jpg\"> <svg width=\"20\" height=\"10\"><path d=\"M 0,10 Q 9,9 10,0 Q 11,9 20,10\" \/><\/svg> <img src=\"https:\/\/tenerife-trips.com\/wp-content\/uploads\/2018\/01\/leg5-thegem-post-thumb-small.jpg\" alt=\"\" class=\"img-responsive\"> <span class=\"gem-gallery-caption slide-info\"> <\/span> <\/a> <span class=\"gem-gallery-line\"><\/span> <\/div> <\/div> <\/div>[vc_empty_space][\/vc_column][\/vc_row][vc_row full_width=&#8221;stretch_row&#8221; css=&#8221;.vc_custom_1600444850489{background-color: #312c7a !important;background-position: center !important;background-repeat: no-repeat !important;background-size: cover !important;}&#8221;][vc_column][vc_column_text]<\/p>\n<h3 style=\"text-align: center;\"><span style=\"color: #ffffff;\"><span style=\"font-size: 18pt;\">OPIS\u00a0<\/span><\/span><\/h3>\n<p>[\/vc_column_text][\/vc_column][\/vc_row][vc_row][vc_column][vc_tta_accordion style=&#8221;simple_solid&#8221; color=&#8221;blue&#8221; c_icon=&#8221;chevron&#8221; active_section=&#8221;-0&#8243; collapsible_all=&#8221;true&#8221;][vc_tta_section title=&#8221;OPIS WYCIECZKI&#8221; tab_id=&#8221;1577671091617-0af8eee0-94020f62-84c4d41d-6d4aed59-0bd5&#8243;][vc_column_text]Jedna z najciekawszych atrakcji z kategori <a href=\"https:\/\/tenerife-trips.com\/pl\/sporty-wodne-na-teneryfie\/?lang=pl\" target=\"_blank\" rel=\"noopener\">sporty wodne<\/a> dost\u0119pnych na wyspie to wycieczka kajakami i nurkowanie Teneryfa. Jest to prze\u017cycie, kt\u00f3rego na pewno nigdy nie zapomnisz! Podczas tej wycieczki w raz z naszym przewodnikiem wyruszymy z Los Cristianos ma\u0142\u0105 grup\u0105 i pop\u0142yniemy kajakami w kierunku El Palm Mar, okolicy s\u0142ynnej z klif\u00f3w oraz naturalnych jaki\u0144.<\/p>\n<p>W ci\u0105gu ok 30 minut dotrzemy do miejsca, gdzie \u017cyj\u0105 z\u00f3\u0142wie morskie. Tam zatrzymamy si\u0119 i wskoczymy do wody zanurkowa\u0107. \u017b\u00f3\u0142wie s\u0105 bardzo przyjaznymi zwierz\u0119tami i lubi\u0105 sprawdza\u0107, co my, dziwne istoty ludzkie, robimy w ich \u015brodowisku. Bardzo cz\u0119sto po kilku minutach przybywaj\u0105, by w\u015br\u00f3d nas pop\u0142ywa\u0107. Nale\u017cy przy tym pami\u0119ta\u0107, \u017ce s\u0105 to dzikie zwierz\u0119ta \u017cyj\u0105ce na wolno\u015bci, nie mo\u017cemy w zwi\u0105zku z tym zagwarantowa\u0107 ich 100% obecno\u015bci, nawet je\u015bli prawdopodobie\u0144stwo ich spotkania jest bardzo wysokie. W rzadkich przypadkach, je\u015bli warunki morskie nie pozwol\u0105 na nurkowanie, zaproponujemy klientom powt\u00f3rzenie wycieczki za darmo.<\/p>\n<p><span style=\"font-size: 14pt;\">Podczas nurkowania z rurk\u0105 oraz mask\u0105 i p\u0142ywania kajakiem, b\u0119dziesz mia\u0142 wystarczaj\u0105co du\u017co czasu, aby nacieszy\u0107 si\u0119 obcowaniem z morskim \u015bwiatem. Je\u015bli masz ochot\u0119 odpocz\u0105\u0107 i si\u0119 zrelaksowa\u0107, mo\u017cesz ten czas sp\u0119dzi\u0107 pozostaj\u0105c w kajaku, bez konieczno\u015bci zanurzania si\u0119 w wodzie. Warto doda\u0107, i\u017c temperatura wody na Teneryfie jest bardzo przyjemna (19 \u00b0 \/ 20 \u00b0 w zimie i 23 \u00b0 \/ 24 \u00b0 w lecie), dlatego te\u017c mo\u017cliwym jest korzystanie z tej atrakcji przez ca\u0142y rok.<\/span><\/p>\n<h3><span style=\"font-size: 12pt;\">Wycieczka kajakami i nurkowanie Teneryfa TRWA 2 GODZINY. NIE JEST WYMAGANE DO\u015aWIADCZENIE W SNORKELINGU LUB KAJAKARSTWIE. UMIEJ\u0118TNO\u015a\u0106 P\u0141YWANIA R\u00d3WNIE\u017b NIE JEST WYMAGANA, PONIEWA\u017b KA\u017bDY UCZESTNIK OTRZYMUJE KAMIZELK\u0118 RATUNKOW\u0104. WYCIECZKA TA NIE MA OGRANICZENIA WIEKOWEGO, JEDNAK sugerujemy, aBY DZIECI MIA\u0141Y CO NAJMNIEJ PO 6 LAT, BY M\u00f3c W PE\u0141NI cieszy\u0107 si\u0119 z TEJ ATRAKCJI. JE\u015aLI DZIECI MAJ\u0104 PONI\u017bEJ 6 LAT, PROSIMY O KONTAKT Z NAMI W CELU POTWIERDZENIA, \u017bE MOG\u0104 DO\u0141\u0104CZY\u0106 DO GRUPY BEZ PRZESZK\u00d3D.<\/span><\/h3>\n<p><span style=\"font-size: 14pt;\">Nasze kajaki s\u0105 profesjonalnie wykonane i bezpieczne. Posiadamy kajaki zar\u00f3wno jednosobowe, jak i dwuosobowe. Podczas podr\u00f3\u017cy do\u015b\u0107 \u0142atwo jest wypatrzy\u0107 delfiny; wabi\u0105 je ryby hodowane przy klifach El Palm-Mar. Delfiny s\u0105 bardzo przyjaznymi zwierz\u0119tami i zdarza si\u0119, \u017ce podp\u0142ywaj\u0105 blisko naszych kajak\u00f3w, towarzysz\u0105 nam p\u0142yn\u0105c obok, jakby chcia\u0142y si\u0119 z nami przywita\u0107!<\/span><\/p>\n<p><span style=\"color: #ff0000;\">Podczas wycieczki przewodnik b\u0119dzie robi\u0142 zdj\u0119cia i nagra kr\u00f3tkie filmiki. Na samym ko\u0144cu b\u0119dzie mo\u017cliwo\u015b\u0107 wykupienia ich za \u20ac15 od ka\u017cdego kajaka.<\/span><\/p>\n<h3><span style=\"font-size: 12pt;\">PODSUMOWUJ\u0104C, Wycieczka kajakiem i nurkowanie NA TeneryfIE JEST JEDN\u0104 Z NAJBARDZIEJ rozchwytywanych WYCIECZEK DOST\u0118PNYCH NA WYSPIE.<\/span><\/h3>\n<p><span style=\"font-size: 14pt;\"><strong>Nie przegap tej okazji i zarezerwuj swoje bilety ju\u017c teraz!\u00a0<\/strong><\/span>[\/vc_column_text][\/vc_tta_section][vc_tta_section title=&#8221;ROZK\u0141AD I TRANSFER&#8221; tab_id=&#8221;1577671091666-736a5870-75e30f62-84c4d41d-6d4aed59-0bd5&#8243;][vc_column_text]<span style=\"font-size: 14pt;\">Us\u0142uga transferu dost\u0119pna jest w po\u0142udniowej cz\u0119\u015bci Teneryfy; zalecamy sprawdzenie dost\u0119pno\u015bci transferu z Twojej okolicy przed dokonaniem rezerwacji.<\/span><\/p>\n<p><span style=\"text-decoration: underline; font-size: 14pt;\"><span style=\"color: #ff0000; text-decoration: underline;\">ROZK\u0141AD:<\/span><\/span><\/p>\n<p><span style=\"font-size: 14pt;\">Wycieczka jest dost\u0119pna zazwyczaj codziennie o godzinie 10:30, 11:30, 12:30, 14:30 oraz w niekt\u00f3re dni o 16:30. W zale\u017cno\u015bci od dnia rozk\u0142ad mo\u017ce ulec zmianie, dlatego prosimy o kontakt z nami przed dokonaniem rezerwacji w celu zweryfikowania dost\u0119pno\u015bci.<\/span><\/p>\n<p><span style=\"font-size: 14pt;\"><strong>OBEJRZYJ FILMIK, PRZEKONAJ SI\u0118, JAK WYGL\u0104DA NASZA WYCIECZKA I ZAREZERWUJ JU\u017b TERAZ!<\/strong><\/span>[\/vc_column_text][\/vc_tta_section][\/vc_tta_accordion]<style type=\"text\/css\">.thegem-button-69e7877b0251d7052 .gem-button svg {fill: #ffffff;}.thegem-button-69e7877b0251d7052 .gem-button:hover svg {fill: #312c7a;}<\/style><div class=\"gem-button-container gem-button-position-center thegem-button-69e7877b0251d7052    \"  ><a class=\"gem-button gem-button-size-small gem-button-style-flat gem-button-text-weight-normal\" data-ll-effect=\"drop-right-without-wrap\" style=\"border-radius: 3px;background-color: #312c7a;color: #ffffff;\" onmouseleave=\"this.style.backgroundColor='#312c7a';this.style.color='#ffffff';\" onmouseenter=\"this.style.backgroundColor='#f6eb14';this.style.color='#312c7a';\" href=\"#cennik-kayak\" target=\"_self\">CENNIK<\/a><\/div> [\/vc_column][\/vc_row][vc_row full_width=&#8221;stretch_row_content&#8221; css=&#8221;.vc_custom_1600444878664{background-color: #312c7a !important;background-position: center !important;background-repeat: no-repeat !important;background-size: cover !important;}&#8221;][vc_column][vc_column_text]<\/p>\n<h3 style=\"text-align: center;\"><span style=\"color: #ffffff;\"><span style=\"font-size: 18pt;\">ZAREZERWUJ TERAZ<\/span><\/span><\/h3>\n<p>[\/vc_column_text][vc_empty_space height=&#8221;10px&#8221; el_id=&#8221;cennik-kayak&#8221;][\/vc_column][\/vc_row]<\/p>\n<\/div>","protected":false},"excerpt":{"rendered":"<p>[vc_row full_width=&#8221;stretch_row_content_no_spaces&#8221;][vc_column][vc_column_text css=&#8221;.vc_custom_1743671233698{background-color: #F6EB14 !important;background-position: center !important;background-repeat: no-repeat !important;background-size: cover !important;}&#8221; css_animation=&#8221;fadeIn&#8221;] KAJAKI I NURKOWANIE [\/vc_column_text][\/vc_column][\/vc_row][vc_row][vc_column][vc_column_text] Jedne z najciekawszych atrakcji&#8230;<\/p>\n","protected":false},"featured_media":65027,"template":"","meta":{"_acf_changed":false,"_seopress_robots_primary_cat":"0","_seopress_titles_title":"Nurkowanie Teneryfa wycieczka kajakiem, zarezerwuj online teraz","_seopress_titles_desc":"Wycieczka kajakiem i nurkowanie Teneryfa, prze\u017cyj z nami niezapomniane chwile na morzu i sta\u0144 twarz\u0105 w twarz z z\u00f3\u0142wiami morskimi","_seopress_robots_index":""},"product_brand":[],"product_cat":[2540],"product_tag":[2446,2447,2448,2436],"class_list":{"0":"post-57209","1":"product","2":"type-product","3":"status-publish","4":"has-post-thumbnail","6":"product_cat-sporty-wodne","7":"product_tag-kajaki-teneryfa","8":"product_tag-nurkowanie-teneryfa","9":"product_tag-snorkeling-teneryfa","10":"product_tag-wycieczki-teneryfa","12":"first","13":"instock","14":"virtual","15":"sold-individually","16":"taxable","17":"purchasable","18":"product-type-booking"},"booking_location":"","booking_location_type":"","booking_duration":1,"booking_duration_unit":"day","booking_buffer":0,"booking_cost":0,"booking_resources":[],"acf":[],"_links":{"self":[{"href":"https:\/\/tenerife-trips.com\/pl\/wp-json\/wp\/v2\/product\/57209","targetHints":{"allow":["GET"]}}],"collection":[{"href":"https:\/\/tenerife-trips.com\/pl\/wp-json\/wp\/v2\/product"}],"about":[{"href":"https:\/\/tenerife-trips.com\/pl\/wp-json\/wp\/v2\/types\/product"}],"wp:featuredmedia":[{"embeddable":true,"href":"https:\/\/tenerife-trips.com\/pl\/wp-json\/wp\/v2\/media\/65027"}],"wp:attachment":[{"href":"https:\/\/tenerife-trips.com\/pl\/wp-json\/wp\/v2\/media?parent=57209"}],"wp:term":[{"taxonomy":"product_brand","embeddable":true,"href":"https:\/\/tenerife-trips.com\/pl\/wp-json\/wp\/v2\/product_brand?post=57209"},{"taxonomy":"product_cat","embeddable":true,"href":"https:\/\/tenerife-trips.com\/pl\/wp-json\/wp\/v2\/product_cat?post=57209"},{"taxonomy":"product_tag","embeddable":true,"href":"https:\/\/tenerife-trips.com\/pl\/wp-json\/wp\/v2\/product_tag?post=57209"}],"curies":[{"name":"wp","href":"https:\/\/api.w.org\/{rel}","templated":true}]}}