{"id":57660,"date":"2018-01-15T22:17:27","date_gmt":"2018-01-15T22:17:27","guid":{"rendered":"https:\/\/tenerife-trips.com\/?post_type=product&#038;p=57660"},"modified":"2025-12-03T12:18:17","modified_gmt":"2025-12-03T12:18:17","slug":"nurkowanie-na-teneryfie","status":"publish","type":"product","link":"https:\/\/tenerife-trips.com\/pl\/product\/sporty-wodne\/nurkowanie-na-teneryfie\/","title":{"rendered":"NURKOWANIE"},"content":{"rendered":"<div class=\"wpb-content-wrapper\"><p>[vc_row full_width=&#8221;stretch_row_content_no_spaces&#8221;][vc_column][vc_column_text css=&#8221;.vc_custom_1743672301743{background-color: #F6EB14 !important;background-position: center !important;background-repeat: no-repeat !important;background-size: cover !important;}&#8221; css_animation=&#8221;fadeIn&#8221;]<\/p>\n<h1 class=\"title-h2\" style=\"text-align: center;\"><span style=\"font-size: 18pt; color: #312c7a;\">NURKOWANIE<\/span><\/h1>\n<p>[\/vc_column_text][\/vc_column][\/vc_row][vc_row][vc_column][vc_column_text]<\/p>\n<p style=\"text-align: center;\"><span style=\"font-size: 14pt;\">Nurkowanie na Teneryfie jest jedn\u0105 z <a href=\"https:\/\/www.tenerife-trips.com\/teneryfa-atrakcje\/?lang=pl\" target=\"_blank\" rel=\"noopener\">najlepszych atrakcji<\/a> do zaliczenia podczas wakacji. \u015awiat podwodny na Wyspach Kanaryjskich jest fascynuj\u0105cy i r\u00f3\u017cnorodny, wzbudza ciekawo\u015b\u0107 i zachwyt. Jest to cudowny spos\u00f3b, aby bli\u017cej si\u0119 z nim zapozna\u0107!<\/span><\/p>\n<p style=\"text-align: center;\"><span style=\"font-size: 14pt;\"><strong>\u21d3 Sp\u00f3jrz na dalszy opis poni\u017cej \u21d3<\/strong><\/span><\/p>\n<p>[\/vc_column_text][\/vc_column][\/vc_row][vc_row full_width=&#8221;stretch_row_content&#8221; full_height=&#8221;yes&#8221; css=&#8221;.vc_custom_1576192123211{background-color: #312c7a !important;background-position: center !important;background-repeat: no-repeat !important;background-size: cover !important;}&#8221;][vc_column]<div class=\"gem-vimeo gem-wrapbox gem-wrapbox-style-no-style rounded-corners gem-wrapbox-position-below\" style=\"width: 100%;\"><div class=\"gem-wrapbox-inner gem-ratio-style\" style=\"padding-top: 56.25%\"><iframe webkitallowfullscreen=\"true\" mozallowfullscreen=\"true\" allowfullscreen=\"true\" class=\"gem-wrapbox-element img-responsive\" frameborder=\"0\" scrolling=\"no\" marginheight=\"0\" marginwidth=\"0\" src=\"\/\/player.vimeo.com\/video\/326160390?title=0&amp;byline=0&amp;portrait=0 \"><\/iframe><\/div><\/div>[vc_empty_space]<div class=\"preloader\"><div class=\"preloader-spin\"><\/div><\/div> <div id=\"gem-gallery-69dec19d6add6\" class=\"gem-gallery gem-gallery-hover-zooming-blur\"> <div class=\"gem-gallery-item\"> <div class=\"gem-gallery-item-image\"> <a href=\"https:\/\/tenerife-trips.com\/wp-content\/uploads\/2019\/12\/buceo-Tenerife-1-scaled-thegem-gallery-sidebar.png\" data-fancybox-group=\"gallery-69dec19d6add6\" data-full-image-url=\"https:\/\/tenerife-trips.com\/wp-content\/uploads\/2019\/12\/buceo-Tenerife-1-scaled.png\"> <svg width=\"20\" height=\"10\"><path d=\"M 0,10 Q 9,9 10,0 Q 11,9 20,10\" \/><\/svg> <img src=\"https:\/\/tenerife-trips.com\/wp-content\/uploads\/2019\/12\/buceo-Tenerife-1-scaled-thegem-post-thumb-small.png\" alt=\"\" class=\"img-responsive\"> <span class=\"gem-gallery-caption slide-info\"> <\/span> <\/a> <span class=\"gem-gallery-line\"><\/span> <\/div> <\/div> <div class=\"gem-gallery-item\"> <div class=\"gem-gallery-item-image\"> <a href=\"https:\/\/tenerife-trips.com\/wp-content\/uploads\/2019\/12\/scuba-diving-Tenerife-1-scaled-thegem-gallery-sidebar.png\" data-fancybox-group=\"gallery-69dec19d6add6\" data-full-image-url=\"https:\/\/tenerife-trips.com\/wp-content\/uploads\/2019\/12\/scuba-diving-Tenerife-1-scaled.png\"> <svg width=\"20\" height=\"10\"><path d=\"M 0,10 Q 9,9 10,0 Q 11,9 20,10\" \/><\/svg> <img src=\"https:\/\/tenerife-trips.com\/wp-content\/uploads\/2019\/12\/scuba-diving-Tenerife-1-scaled-thegem-post-thumb-small.png\" alt=\"\" class=\"img-responsive\"> <span class=\"gem-gallery-caption slide-info\"> <\/span> <\/a> <span class=\"gem-gallery-line\"><\/span> <\/div> <\/div> <div class=\"gem-gallery-item\"> <div class=\"gem-gallery-item-image\"> <a href=\"https:\/\/tenerife-trips.com\/wp-content\/uploads\/2019\/12\/tauchen-Teneriffa-scaled-thegem-gallery-sidebar.png\" data-fancybox-group=\"gallery-69dec19d6add6\" data-full-image-url=\"https:\/\/tenerife-trips.com\/wp-content\/uploads\/2019\/12\/tauchen-Teneriffa-scaled.png\"> <svg width=\"20\" height=\"10\"><path d=\"M 0,10 Q 9,9 10,0 Q 11,9 20,10\" \/><\/svg> <img src=\"https:\/\/tenerife-trips.com\/wp-content\/uploads\/2019\/12\/tauchen-Teneriffa-scaled-thegem-post-thumb-small.png\" alt=\"\" class=\"img-responsive\"> <span class=\"gem-gallery-caption slide-info\"> <\/span> <\/a> <span class=\"gem-gallery-line\"><\/span> <\/div> <\/div> <div class=\"gem-gallery-item\"> <div class=\"gem-gallery-item-image\"> <a href=\"https:\/\/tenerife-trips.com\/wp-content\/uploads\/2019\/12\/scuba-diving-Tenerife-2-scaled-thegem-gallery-sidebar.png\" data-fancybox-group=\"gallery-69dec19d6add6\" data-full-image-url=\"https:\/\/tenerife-trips.com\/wp-content\/uploads\/2019\/12\/scuba-diving-Tenerife-2-scaled.png\"> <svg width=\"20\" height=\"10\"><path d=\"M 0,10 Q 9,9 10,0 Q 11,9 20,10\" \/><\/svg> <img src=\"https:\/\/tenerife-trips.com\/wp-content\/uploads\/2019\/12\/scuba-diving-Tenerife-2-scaled-thegem-post-thumb-small.png\" alt=\"\" class=\"img-responsive\"> <span class=\"gem-gallery-caption slide-info\"> <\/span> <\/a> <span class=\"gem-gallery-line\"><\/span> <\/div> <\/div> <div class=\"gem-gallery-item\"> <div class=\"gem-gallery-item-image\"> <a href=\"https:\/\/tenerife-trips.com\/wp-content\/uploads\/2019\/12\/nurkowanie-na-Teneryfie-1-scaled-thegem-gallery-sidebar.png\" data-fancybox-group=\"gallery-69dec19d6add6\" data-full-image-url=\"https:\/\/tenerife-trips.com\/wp-content\/uploads\/2019\/12\/nurkowanie-na-Teneryfie-1-scaled.png\"> <svg width=\"20\" height=\"10\"><path d=\"M 0,10 Q 9,9 10,0 Q 11,9 20,10\" \/><\/svg> <img src=\"https:\/\/tenerife-trips.com\/wp-content\/uploads\/2019\/12\/nurkowanie-na-Teneryfie-1-scaled-thegem-post-thumb-small.png\" alt=\"\" class=\"img-responsive\"> <span class=\"gem-gallery-caption slide-info\"> <\/span> <\/a> <span class=\"gem-gallery-line\"><\/span> <\/div> <\/div> <div class=\"gem-gallery-item\"> <div class=\"gem-gallery-item-image\"> <a href=\"https:\/\/tenerife-trips.com\/wp-content\/uploads\/2019\/12\/tauchen-Teneriffa-2-scaled-thegem-gallery-sidebar.png\" data-fancybox-group=\"gallery-69dec19d6add6\" data-full-image-url=\"https:\/\/tenerife-trips.com\/wp-content\/uploads\/2019\/12\/tauchen-Teneriffa-2-scaled.png\"> <svg width=\"20\" height=\"10\"><path d=\"M 0,10 Q 9,9 10,0 Q 11,9 20,10\" \/><\/svg> <img src=\"https:\/\/tenerife-trips.com\/wp-content\/uploads\/2019\/12\/tauchen-Teneriffa-2-scaled-thegem-post-thumb-small.png\" alt=\"\" class=\"img-responsive\"> <span class=\"gem-gallery-caption slide-info\"> <\/span> <\/a> <span class=\"gem-gallery-line\"><\/span> <\/div> <\/div> <div class=\"gem-gallery-item\"> <div class=\"gem-gallery-item-image\"> <a href=\"https:\/\/tenerife-trips.com\/wp-content\/uploads\/2018\/01\/diving-Tenerife-1-1-thegem-gallery-sidebar.png\" data-fancybox-group=\"gallery-69dec19d6add6\" data-full-image-url=\"https:\/\/tenerife-trips.com\/wp-content\/uploads\/2018\/01\/diving-Tenerife-1-1.png\"> <svg width=\"20\" height=\"10\"><path d=\"M 0,10 Q 9,9 10,0 Q 11,9 20,10\" \/><\/svg> <img src=\"https:\/\/tenerife-trips.com\/wp-content\/uploads\/2018\/01\/diving-Tenerife-1-1-thegem-post-thumb-small.png\" alt=\"diving Tenerife\" class=\"img-responsive\"> <span class=\"gem-gallery-caption slide-info\"> <\/span> <\/a> <span class=\"gem-gallery-line\"><\/span> <\/div> <\/div> <div class=\"gem-gallery-item\"> <div class=\"gem-gallery-item-image\"> <a href=\"https:\/\/tenerife-trips.com\/wp-content\/uploads\/2018\/01\/diving-Tenerife-thegem-gallery-sidebar.png\" data-fancybox-group=\"gallery-69dec19d6add6\" data-full-image-url=\"https:\/\/tenerife-trips.com\/wp-content\/uploads\/2018\/01\/diving-Tenerife.png\"> <svg width=\"20\" height=\"10\"><path d=\"M 0,10 Q 9,9 10,0 Q 11,9 20,10\" \/><\/svg> <img src=\"https:\/\/tenerife-trips.com\/wp-content\/uploads\/2018\/01\/diving-Tenerife-thegem-post-thumb-small.png\" alt=\"diving Tenerife\" class=\"img-responsive\"> <span class=\"gem-gallery-caption slide-info\"> <\/span> <\/a> <span class=\"gem-gallery-line\"><\/span> <\/div> <\/div> <\/div>[vc_empty_space][\/vc_column][\/vc_row][vc_row full_width=&#8221;stretch_row&#8221; css=&#8221;.vc_custom_1577671222333{background-color: #312c7a !important;background-position: center !important;background-repeat: no-repeat !important;background-size: cover !important;}&#8221;][vc_column][vc_column_text]<\/p>\n<h3 style=\"text-align: center;\"><span style=\"color: #ffffff; font-size: 18pt;\">OPIS\u00a0<\/span><\/h3>\n<p>[\/vc_column_text][\/vc_column][\/vc_row][vc_row][vc_column][vc_tta_accordion style=&#8221;simple_solid&#8221; color=&#8221;blue&#8221; c_icon=&#8221;chevron&#8221; active_section=&#8221;-0&#8243; collapsible_all=&#8221;true&#8221;][vc_tta_section title=&#8221;OPIS WYCIECZKI&#8221; tab_id=&#8221;1577671091617-0af8eee0-94020f62-84c4d41d-6d4a649f-0c7a&#8221;][vc_column_text]<\/p>\n<h3><span style=\"font-size: 12pt;\">Nurkowanie na Teneryfie jest jedn\u0105 z najlepszych atrakcji do zaliczenia podczas wakacji. \u015awiat podwodny na Wyspach Kanaryjskich jest fascynuj\u0105cy i r\u00f3\u017cnorodny, wzbudza ciekawo\u015b\u0107 i zachwyt. Jest to cudowny spos\u00f3b, aby bli\u017cej si\u0119 z nim zapozna\u0107!<\/span><\/h3>\n<p><span style=\"font-size: 14pt;\">Trudno opisa\u0107 jak si\u0119 czujesz, przebywaj\u0105c g\u0142\u0119boko pod wod\u0105 tym, kt\u00f3rzy nigdy wcze\u015bniej nie nurkowali. Moim zdaniem <a href=\"https:\/\/pl.wikipedia.org\/wiki\/Nurkowanie\">nurkowanie<\/a> na Teneryfie jest jak odkrywanie innego wymiaru poza naszym naturalnym \u015brodowiskiem. Jest to w pewnym sensie por\u00f3wnywalne do lotu samolotem na wysoko\u015bci 10 km udaj\u0105cym do odleg\u0142ego zak\u0105tka \u015bwiata. Mogliby\u015bmy uzna\u0107 to za dow\u00f3d, \u017ce naszym naturalnym instynktem jest przekraczanie granic, odkrywanie nowych mo\u017cliwo\u015bci i \u015brodowisk odmiennych od tych, kt\u00f3re otaczaj\u0105 nas na co dzie\u0144.<\/span><\/p>\n<h3><span style=\"font-size: 12pt;\">W ZALE\u017bNO\u015aCI OD LOKALIZACJI I G\u0141\u0118BOKO\u015aCI NURKOWANIA ISTNIEJ\u0104 WYSOKIE SZANSE, ABY PODCZAS NURKOWANIE NA TENERYFIE NAPOTKA\u0106 \u017bYCIE MORSKIE. STOSUNKOWO CZ\u0118STO MO\u017bNA ZOBACZY\u0106 POD WOD\u0104 P\u0141ASZCZKI, \u017b\u00d3\u0141WIE MORSKIE LUB MURENY. PONADTO JEST POWSZECHNYM SPOTKA\u0106 INNE GATUNKI MORSKIE TAKIE JAK O\u015aMIORNICE, ROZGWIAZDY I BEKA\u015aNIKI.<\/span><\/h3>\n<p><span style=\"font-size: 14pt;\">Dla pocz\u0105tkuj\u0105cych nurkowanie na Teneryfie rozpoczynamy lekcj\u0105 teorii w centrum nurkowania. Tam wyja\u015bniamy podstawowe zasady bezpiecze\u0144stwa, kt\u00f3rych nale\u017cy przestrzega\u0107 oraz zachowania, kt\u00f3re nale\u017cy zastosowa\u0107 pod wod\u0105. Pierwsze zanurzenie nazywa si\u0119 \u201enurkowaniem pr\u00f3bnym\u201d, kt\u00f3re odbywa si\u0119 na pla\u017cy, Polega ono na wej\u015bciu do wody z pe\u0142nym wyposa\u017ceniem z brzegu pla\u017cy. Instruktor opiekuj\u0105cy si\u0119 grup\u0105 b\u0119dzie mia\u0142 Ciebie pod swoj\u0105 opiek\u0105 i b\u0119dzie monitorowa\u0142 grup\u0119 przez ca\u0142y czas, zapewniaj\u0105c maksymalne bezpiecze\u0144stwo. Nurkowanie potrwa oko\u0142o 25-30 minut, podczas kt\u00f3rego osi\u0105gniesz g\u0142\u0119boko\u015b\u0107 maksymalnie 5 metr\u00f3w.<\/span><\/p>\n<p><span style=\"font-size: 14pt;\">Dla os\u00f3b, kt\u00f3re posiadaj\u0105 ju\u017c do\u015bwiadczenie w nurkowaniu, dost\u0119pne s\u0105 r\u00f3\u017cne lokalizacje i g\u0142\u0119boko\u015bci zanurzenia w zale\u017cno\u015bci od Twojego stopnia zaawansowania. Niekt\u00f3re z najbardziej popularnych miejsc do nurkowania na Teneryfie to Cueva de las Morenas, El Caracol, El Condesito i El Meridian. Inne znane miejsca to Monta\u00f1a Amarilla, Playa Las Vistas czy El Puertito. Centrum nurkowania pos\u0142u\u017cy Wam porad\u0105 i wybierze najlepsz\u0105 opcj\u0119. <\/span><\/p>\n<p><span style=\"font-size: 14pt;\">Podczas nurkowania Tw\u00f3j instruktor zrobi Ci zdj\u0119cia i filmy. Ich wykupienie b\u0119dzie mo\u017cliwe po uko\u0144czeniu wycieczki.<\/span>[\/vc_column_text][\/vc_tta_section][vc_tta_section title=&#8221;ROZK\u0141AD I TRANSFER&#8221; tab_id=&#8221;1577671091666-736a5870-75e30f62-84c4d41d-6d4a649f-0c7a&#8221;][vc_column_text]<span style=\"font-size: 14pt;\">Przy zakupie wycieczki nurkowania na Teneryfie transfer z zakwaterowania w po\u0142udniowej cz\u0119\u015bci wyspy jest wliczony w cen\u0119; zawsze jednak lepiej jest si\u0119 z nami skontaktowa\u0107 i sprawdzi\u0107 dost\u0119pno\u015b\u0107 transportu z waszej okolicy.<\/span><\/p>\n<p><span style=\"text-decoration: underline; font-size: 14pt;\"><span style=\"color: #ff0000; text-decoration: underline;\">ROZK\u0141AD:<\/span><\/span><\/p>\n<p><span style=\"font-size: 14pt;\">Codziennie przez ca\u0142y rok. Prosimy o kontakt z obs\u0142ug\u0105 klienta, w celu uzyskania informacji na temat dost\u0119pnych godzin.<\/span>[\/vc_column_text][\/vc_tta_section][vc_tta_section title=&#8221;KURSY PADI&#8221; tab_id=&#8221;1610661623343-919f088f-4a58&#8243;][vc_column_text]<span style=\"font-size: 14pt;\">Oferujemy r\u00f3wnie\u017c nast\u0119puj\u0105ce kursy PADI:<\/span><\/p>\n<h3><span style=\"font-size: 12pt;\"><span style=\"text-decoration: underline; color: #ff0000;\">SCUBA DIVER<\/span> , 3 nurkowania w przeci\u0105gu 2 dni, do 12 metr\u00f3w g\u0142\u0119boko\u015bci.<\/span><\/h3>\n<p><span style=\"font-size: 14pt;\">Jest to kurs odpowiedni dla os\u00f3b, kt\u00f3re chc\u0105 zasmakowa\u0107 nurkowania, ale nie chc\u0105 jednocze\u015bnie po\u015bwi\u0119ci\u0107 temu ca\u0142ych swoich wakacji. Uko\u0144czenie tego kursu wymaga mniej czasu, ni\u017celi kurs PADI OPEN WATER, uko\u0144czysz go w zaledwie 2 dni. Podczas kursu nauczysz si\u0119 3 pierwszych modu\u0142\u00f3w z ksi\u0105\u017cki Open Water Diver. Po uko\u0144czeniu kursu otrzymasz bezterminowy certyfikat PADI SCUBA DIVER.<\/span><\/p>\n<p><span style=\"font-size: 14pt;\">Uczy\u0107 si\u0119 b\u0119dziesz wszystkich podstaw nurkowania poprzez sesje teoryczne zako\u0144czone quizami oraz serie \u0107wicze\u0144 praktycznych w celu udoskonalenia poznanych umiej\u0119tno\u015bci i rozpocz\u0119cia podwodnej eksploracji (2 sesje w wodach otwartych).<\/span><\/p>\n<p><span style=\"font-size: 14pt;\">PADI Scuba Divers otrzymuj\u0105 kwalifikacj\u0119 do nurkowania pod nadzorem PADI Divemaster, asystentem instruktora lub instruktorem do g\u0142\u0119boko\u015bci maksymalnie 12 m.<\/span><\/p>\n<p><span style=\"font-size: 14pt;\">Wiek minimalny, aby m\u00f3c przyst\u0105pi\u0107 do kursu to 15 lat (lub 10 lat przy kursie Junior Scuba Diver).<\/span><\/p>\n<p>&nbsp;<\/p>\n<hr \/>\n<p>&nbsp;<\/p>\n<h3><span style=\"font-size: 12pt;\"><span style=\"text-decoration: underline; color: #ff0000;\">OPEN WATER<\/span>, 5 nurkowa\u0144 w przeci\u0105gu 3\/4 dni, do 18 metr\u00f3w g\u0142\u0119boko\u015bci.<\/span><\/h3>\n<p><span style=\"font-size: 14pt;\">Open Water Diver (OWD) jest najpopularniejszym na \u015bwiecie kursem dla pocz\u0105tkuj\u0105cych nurk\u00f3w.<\/span><\/p>\n<p><span style=\"font-size: 14pt;\">Kurs sk\u0142ada si\u0119 z zaj\u0119\u0107 teoretycznych, podczas kt\u00f3rych zdob\u0119dziesz wiedz\u0119 na temat sprz\u0119tu, zasad i komunikacji pod wod\u0105 oraz z klasycznych nurkowa\u0144 na wodach otwartych, kt\u00f3re b\u0119d\u0105 doskonali\u0107 zdobyte przez Ciebie wcze\u015bniej umiej\u0119tno\u015bci, ale tak\u017ce dostarcz\u0105 Ci ju\u017c pierwszych niezapomnianych podwodnych prze\u017cy\u0107 (4 nurkowania w wodach otwartych).<\/span><\/p>\n<p><span style=\"font-size: 14pt;\">Po uko\u0144czeniu kursu otrzymasz bezterminow\u0105 licencj\u0119 PADI, dzi\u0119ki kt\u00f3rej b\u0119dzie mo\u017cliwym samodzielne nurkowanie na ca\u0142ym \u015bwiecie do 18 metr\u00f3w, zawsze w towarzystwie drugiego partnera.<\/span><\/p>\n<p><span style=\"font-size: 14pt;\">Kurs PADI Open Water Diver i Junior Open Diver mo\u017ce rozpocz\u0105\u0107 ka\u017cdy, kto uko\u0144czy\u0142 10 lat i nie ma zdrowotnych przeciwwskaza\u0144 do nurkowania (PADI eNauczanie wymaga wieku minimalnego 13 lat, ze wzgl\u0119d\u00f3w na mi\u0119dzynarodowe prawa internetowe).<\/span>[\/vc_column_text][\/vc_tta_section][\/vc_tta_accordion]<style type=\"text\/css\">.thegem-button-69dec19d6bf3e5573 .gem-button svg {fill: #ffffff;}.thegem-button-69dec19d6bf3e5573 .gem-button:hover svg {fill: #312c7a;}<\/style><div class=\"gem-button-container gem-button-position-center thegem-button-69dec19d6bf3e5573    \"  ><a class=\"gem-button gem-button-size-small gem-button-style-flat gem-button-text-weight-normal\" data-ll-effect=\"drop-right-without-wrap\" style=\"border-radius: 3px;background-color: #312c7a;color: #ffffff;\" onmouseleave=\"this.style.backgroundColor='#312c7a';this.style.color='#ffffff';\" onmouseenter=\"this.style.backgroundColor='#f6eb14';this.style.color='#312c7a';\" href=\"#scuba-cennik\" target=\"_self\">CENNIK<\/a><\/div> [\/vc_column][\/vc_row][vc_row full_width=&#8221;stretch_row_content&#8221; css=&#8221;.vc_custom_1577476060002{background-color: #312c7a !important;background-position: center !important;background-repeat: no-repeat !important;background-size: cover !important;}&#8221;][vc_column][vc_column_text]<\/p>\n<h3 style=\"text-align: center;\"><strong><span style=\"font-size: 18pt; color: #ffffff;\">ZAREZERWUJ TERAZ<\/span><\/strong><\/h3>\n<p>[\/vc_column_text][vc_empty_space height=&#8221;10px&#8221; el_id=&#8221;scuba-cennik&#8221;][\/vc_column][\/vc_row]<\/p>\n<\/div>","protected":false},"excerpt":{"rendered":"<p>[vc_row full_width=&#8221;stretch_row_content_no_spaces&#8221;][vc_column][vc_column_text css=&#8221;.vc_custom_1743672301743{background-color: #F6EB14 !important;background-position: center !important;background-repeat: no-repeat !important;background-size: cover !important;}&#8221; css_animation=&#8221;fadeIn&#8221;] NURKOWANIE [\/vc_column_text][\/vc_column][\/vc_row][vc_row][vc_column][vc_column_text] Nurkowanie na Teneryfie jest jedn\u0105 z&#8230;<\/p>\n","protected":false},"featured_media":425571,"template":"","meta":{"_acf_changed":false,"_seopress_robots_primary_cat":"0","_seopress_titles_title":"Nurkowanie na Teneryfie, odkryj podwodny \u015bwiat","_seopress_titles_desc":"Nurkowanie na Teneryfie, poznaj z nami inny wymiar znajduj\u0105cy si\u0119 pod powierzchni\u0105 wody, odkryj \u017cycie morskie Wysp Kanaryjskich","_seopress_robots_index":""},"product_brand":[],"product_cat":[2540],"product_tag":[2453,2447,2454],"class_list":{"0":"post-57660","1":"product","2":"type-product","3":"status-publish","4":"has-post-thumbnail","6":"product_cat-sporty-wodne","7":"product_tag-nurkowanie-na-teneryfie","8":"product_tag-nurkowanie-teneryfa","9":"product_tag-scuba-diving-teneryfa","11":"first","12":"instock","13":"virtual","14":"sold-individually","15":"taxable","16":"purchasable","17":"product-type-booking"},"booking_location":"","booking_location_type":"","booking_duration":1,"booking_duration_unit":"hour","booking_buffer":0,"booking_cost":0,"booking_resources":[],"acf":[],"_links":{"self":[{"href":"https:\/\/tenerife-trips.com\/pl\/wp-json\/wp\/v2\/product\/57660","targetHints":{"allow":["GET"]}}],"collection":[{"href":"https:\/\/tenerife-trips.com\/pl\/wp-json\/wp\/v2\/product"}],"about":[{"href":"https:\/\/tenerife-trips.com\/pl\/wp-json\/wp\/v2\/types\/product"}],"wp:featuredmedia":[{"embeddable":true,"href":"https:\/\/tenerife-trips.com\/pl\/wp-json\/wp\/v2\/media\/425571"}],"wp:attachment":[{"href":"https:\/\/tenerife-trips.com\/pl\/wp-json\/wp\/v2\/media?parent=57660"}],"wp:term":[{"taxonomy":"product_brand","embeddable":true,"href":"https:\/\/tenerife-trips.com\/pl\/wp-json\/wp\/v2\/product_brand?post=57660"},{"taxonomy":"product_cat","embeddable":true,"href":"https:\/\/tenerife-trips.com\/pl\/wp-json\/wp\/v2\/product_cat?post=57660"},{"taxonomy":"product_tag","embeddable":true,"href":"https:\/\/tenerife-trips.com\/pl\/wp-json\/wp\/v2\/product_tag?post=57660"}],"curies":[{"name":"wp","href":"https:\/\/api.w.org\/{rel}","templated":true}]}}