{"id":59120,"date":"2020-03-02T19:42:06","date_gmt":"2020-03-02T19:42:06","guid":{"rendered":"https:\/\/tenerife-trips.com\/?post_type=product&#038;p=59120"},"modified":"2025-12-03T11:53:02","modified_gmt":"2025-12-03T11:53:02","slug":"teneryfa-surfing","status":"publish","type":"product","link":"https:\/\/tenerife-trips.com\/pl\/product\/sporty-wodne\/teneryfa-surfing\/","title":{"rendered":"LEKCJE SURFINGU"},"content":{"rendered":"<div class=\"wpb-content-wrapper\"><p>[vc_row full_width=&#8221;stretch_row_content_no_spaces&#8221;][vc_column][vc_column_text css=&#8221;.vc_custom_1743620410503{background-color: #F6EB14 !important;background-position: center !important;background-repeat: no-repeat !important;background-size: cover !important;}&#8221; css_animation=&#8221;fadeIn&#8221;]<\/p>\n<h1 class=\"title-h2\" style=\"text-align: center;\"><span style=\"font-size: 18pt; color: #312c7a;\">LEKCJE SURFINGU<\/span><\/h1>\n<p>[\/vc_column_text][\/vc_column][\/vc_row][vc_row][vc_column][vc_column_text]<\/p>\n<p style=\"text-align: center;\"><span style=\"font-size: 14pt;\">Teneryfa Surfing jest genialn\u0105 zabaw\u0105 dla tych, co chc\u0105 aktywnie sp\u0119dzi\u0107 swoje wakacje! Nasza szko\u0142a surfingu oferuje lekcje zar\u00f3wno w grupie jak i prywatnie na wszystkich poziomach i po\u0142o\u017cona jest w samym sercu popularnego kurortu Playa de Las Americas.<\/span><\/p>\n<p style=\"text-align: center;\"><span style=\"font-size: 14pt;\"><strong>\u21d3 Sp\u00f3jrz na dalszy opis poni\u017cej \u21d3<\/strong><\/span><\/p>\n<p>[\/vc_column_text][\/vc_column][\/vc_row][vc_row full_width=&#8221;stretch_row_content&#8221; full_height=&#8221;yes&#8221; css=&#8221;.vc_custom_1576192123211{background-color: #312c7a !important;background-position: center !important;background-repeat: no-repeat !important;background-size: cover !important;}&#8221;][vc_column]<div class=\"gem-vimeo gem-wrapbox gem-wrapbox-style-no-style rounded-corners gem-wrapbox-position-below\" style=\"width: 100%;\"><div class=\"gem-wrapbox-inner gem-ratio-style\" style=\"padding-top: 56.25%\"><iframe webkitallowfullscreen=\"true\" mozallowfullscreen=\"true\" allowfullscreen=\"true\" class=\"gem-wrapbox-element img-responsive\" frameborder=\"0\" scrolling=\"no\" marginheight=\"0\" marginwidth=\"0\" src=\"\/\/player.vimeo.com\/video\/394995267?title=0&amp;byline=0&amp;portrait=0 \"><\/iframe><\/div><\/div>[vc_empty_space]<div class=\"preloader\"><div class=\"preloader-spin\"><\/div><\/div> <div id=\"gem-gallery-69dd1c3b6fc43\" class=\"gem-gallery gem-gallery-hover-zooming-blur\"> <div class=\"gem-gallery-item\"> <div class=\"gem-gallery-item-image\"> <a href=\"https:\/\/tenerife-trips.com\/wp-content\/uploads\/2020\/03\/surf-school-Tenerife-2-thegem-gallery-sidebar.jpg\" data-fancybox-group=\"gallery-69dd1c3b6fc43\" data-full-image-url=\"https:\/\/tenerife-trips.com\/wp-content\/uploads\/2020\/03\/surf-school-Tenerife-2.jpg\"> <svg width=\"20\" height=\"10\"><path d=\"M 0,10 Q 9,9 10,0 Q 11,9 20,10\" \/><\/svg> <img src=\"https:\/\/tenerife-trips.com\/wp-content\/uploads\/2020\/03\/surf-school-Tenerife-2-thegem-post-thumb-small.jpg\" alt=\"surf school Tenerife\" class=\"img-responsive\"> <span class=\"gem-gallery-caption slide-info\"> <\/span> <\/a> <span class=\"gem-gallery-line\"><\/span> <\/div> <\/div> <div class=\"gem-gallery-item\"> <div class=\"gem-gallery-item-image\"> <a href=\"https:\/\/tenerife-trips.com\/wp-content\/uploads\/2020\/03\/surfen-Teneriffa-thegem-gallery-sidebar.jpg\" data-fancybox-group=\"gallery-69dd1c3b6fc43\" data-full-image-url=\"https:\/\/tenerife-trips.com\/wp-content\/uploads\/2020\/03\/surfen-Teneriffa.jpg\"> <svg width=\"20\" height=\"10\"><path d=\"M 0,10 Q 9,9 10,0 Q 11,9 20,10\" \/><\/svg> <img src=\"https:\/\/tenerife-trips.com\/wp-content\/uploads\/2020\/03\/surfen-Teneriffa-thegem-post-thumb-small.jpg\" alt=\"\" class=\"img-responsive\"> <span class=\"gem-gallery-caption slide-info\"> <\/span> <\/a> <span class=\"gem-gallery-line\"><\/span> <\/div> <\/div> <div class=\"gem-gallery-item\"> <div class=\"gem-gallery-item-image\"> <a href=\"https:\/\/tenerife-trips.com\/wp-content\/uploads\/2020\/03\/surf-school-Tenerife-thegem-gallery-sidebar.png\" data-fancybox-group=\"gallery-69dd1c3b6fc43\" data-full-image-url=\"https:\/\/tenerife-trips.com\/wp-content\/uploads\/2020\/03\/surf-school-Tenerife.png\"> <svg width=\"20\" height=\"10\"><path d=\"M 0,10 Q 9,9 10,0 Q 11,9 20,10\" \/><\/svg> <img src=\"https:\/\/tenerife-trips.com\/wp-content\/uploads\/2020\/03\/surf-school-Tenerife-thegem-post-thumb-small.png\" alt=\"surf school Tenerife\" class=\"img-responsive\"> <span class=\"gem-gallery-caption slide-info\"> <\/span> <\/a> <span class=\"gem-gallery-line\"><\/span> <\/div> <\/div> <div class=\"gem-gallery-item\"> <div class=\"gem-gallery-item-image\"> <a href=\"https:\/\/tenerife-trips.com\/wp-content\/uploads\/2020\/03\/escuela-de-surf-Tenerife-2-thegem-gallery-sidebar.jpg\" data-fancybox-group=\"gallery-69dd1c3b6fc43\" data-full-image-url=\"https:\/\/tenerife-trips.com\/wp-content\/uploads\/2020\/03\/escuela-de-surf-Tenerife-2.jpg\"> <svg width=\"20\" height=\"10\"><path d=\"M 0,10 Q 9,9 10,0 Q 11,9 20,10\" \/><\/svg> <img src=\"https:\/\/tenerife-trips.com\/wp-content\/uploads\/2020\/03\/escuela-de-surf-Tenerife-2-thegem-post-thumb-small.jpg\" alt=\"escuela de surf Tenerife\" class=\"img-responsive\"> <span class=\"gem-gallery-caption slide-info\"> <\/span> <\/a> <span class=\"gem-gallery-line\"><\/span> <\/div> <\/div> <div class=\"gem-gallery-item\"> <div class=\"gem-gallery-item-image\"> <a href=\"https:\/\/tenerife-trips.com\/wp-content\/uploads\/2020\/03\/escuela-de-surf-Tenerife-thegem-gallery-sidebar.jpg\" data-fancybox-group=\"gallery-69dd1c3b6fc43\" data-full-image-url=\"https:\/\/tenerife-trips.com\/wp-content\/uploads\/2020\/03\/escuela-de-surf-Tenerife.jpg\"> <svg width=\"20\" height=\"10\"><path d=\"M 0,10 Q 9,9 10,0 Q 11,9 20,10\" \/><\/svg> <img src=\"https:\/\/tenerife-trips.com\/wp-content\/uploads\/2020\/03\/escuela-de-surf-Tenerife-thegem-post-thumb-small.jpg\" alt=\"\" class=\"img-responsive\"> <span class=\"gem-gallery-caption slide-info\"> <\/span> <\/a> <span class=\"gem-gallery-line\"><\/span> <\/div> <\/div> <div class=\"gem-gallery-item\"> <div class=\"gem-gallery-item-image\"> <a href=\"https:\/\/tenerife-trips.com\/wp-content\/uploads\/2020\/03\/surf-Tenerife-thegem-gallery-sidebar.jpg\" data-fancybox-group=\"gallery-69dd1c3b6fc43\" data-full-image-url=\"https:\/\/tenerife-trips.com\/wp-content\/uploads\/2020\/03\/surf-Tenerife.jpg\"> <svg width=\"20\" height=\"10\"><path d=\"M 0,10 Q 9,9 10,0 Q 11,9 20,10\" \/><\/svg> <img src=\"https:\/\/tenerife-trips.com\/wp-content\/uploads\/2020\/03\/surf-Tenerife-thegem-post-thumb-small.jpg\" alt=\"\" class=\"img-responsive\"> <span class=\"gem-gallery-caption slide-info\"> <\/span> <\/a> <span class=\"gem-gallery-line\"><\/span> <\/div> <\/div> <div class=\"gem-gallery-item\"> <div class=\"gem-gallery-item-image\"> <a href=\"https:\/\/tenerife-trips.com\/wp-content\/uploads\/2020\/03\/Teneryfa-surfing-1-thegem-gallery-sidebar.jpg\" data-fancybox-group=\"gallery-69dd1c3b6fc43\" data-full-image-url=\"https:\/\/tenerife-trips.com\/wp-content\/uploads\/2020\/03\/Teneryfa-surfing-1.jpg\"> <svg width=\"20\" height=\"10\"><path d=\"M 0,10 Q 9,9 10,0 Q 11,9 20,10\" \/><\/svg> <img src=\"https:\/\/tenerife-trips.com\/wp-content\/uploads\/2020\/03\/Teneryfa-surfing-1-thegem-post-thumb-small.jpg\" alt=\"\" class=\"img-responsive\"> <span class=\"gem-gallery-caption slide-info\"> <\/span> <\/a> <span class=\"gem-gallery-line\"><\/span> <\/div> <\/div> <\/div>[vc_empty_space][\/vc_column][\/vc_row][vc_row full_width=&#8221;stretch_row&#8221; css=&#8221;.vc_custom_1600444523653{background-color: #312c7a !important;background-position: center !important;background-repeat: no-repeat !important;background-size: cover !important;}&#8221;][vc_column][vc_column_text]<\/p>\n<h3 style=\"text-align: center;\"><span style=\"color: #ffffff;\"><span style=\"font-size: 18pt;\">OPIS\u00a0<\/span><\/span><\/h3>\n<p>[\/vc_column_text][\/vc_column][\/vc_row][vc_row][vc_column][vc_tta_accordion style=&#8221;simple_solid&#8221; color=&#8221;blue&#8221; c_icon=&#8221;chevron&#8221; active_section=&#8221;-0&#8243; collapsible_all=&#8221;true&#8221;][vc_tta_section title=&#8221;OPIS WYCIECZKI&#8221; tab_id=&#8221;1577671091617-0af8eee0-94020f62-84c4d41d-6d4a649f-0c7a8cfb-fc74&#8243;][vc_column_text]<\/p>\n<h3><span style=\"font-size: 12pt;\">Teneryfa Surfing jest genialn\u0105 zabaw\u0105 dla tych, co chc\u0105 aktywnie sp\u0119dzi\u0107 swoje wakacje! Nasza szko\u0142a surfingu oferuje lekcje zar\u00f3wno w grupie jak i prywatnie na wszystkich poziomach i po\u0142o\u017cona jest w samym sercu popularnego kurortu <a href=\"https:\/\/pl.wikipedia.org\/wiki\/Playa_de_las_Am%C3%A9ricas\">Playa de Las Americas<\/a>.<\/span><\/h3>\n<p><span style=\"font-size: 14pt;\">Oferujemy zaj\u0119cia w grupie oraz prywatnie na wszystkich poziomach; na tej fantastycznej wyspie wulkanicznej surferzy z ca\u0142ego \u015bwiata przez ca\u0142y rok mog\u0105 sie cieszy\u0107 s\u0142o\u0144cem i wy\u015bmienitymi warunkami do uprawiania tego w\u0142a\u015bnie sportu. Teneryfa jest prawdziwym rajem dla surfer\u00f3w po\u0142o\u017conym zaledwie kilka godzin od Starego Kontynentu!<\/span><\/p>\n<h3><span style=\"font-size: 12pt;\">A co w tym jest najlepsze i co daje Teneryfie przewag\u0119 nad innymi kierunkami? Panuj\u0105ca tu beztroska! Gdy\u017c w otoczeniu nie czaj\u0105 si\u0119 niebezpieczne rekiny pr\u00f3buj\u0105ce podgry\u017a\u0107 Ci stop\u0119 podczas sesji surfowania! \ud83d\ude42 Tak wi\u0119c niezale\u017cnie od tego czy jeste\u015b profesjonalist\u0105 czy te\u017c pocz\u0105tkuj\u0105cym, je\u017celi Twoim marzeniem jest Teneryfa surfing, jedyne co musisz zrobi\u0107 to spakowa\u0107 walizk\u0119, wsi\u0105\u015b\u0107 na pok\u0142ad samolotu z tak wielu przybywaj\u0105cych na wysp\u0119 ka\u017cdego dnia i przygotowa\u0107 si\u0119 na niezapomniane do\u015bwiadczenie jakim jest surfowanie na Teneryfie.<\/span><\/h3>\n<p><span style=\"font-size: 14pt;\">W Teneryfa surfing oferujemy lekcje zar\u00f3wno grupowe jak i prywatne. Lekcje w grupie s\u0105 przeznaczone dla maksymalnie 6 os\u00f3b. Aby m\u00f3c w nich wzi\u0105\u0107 udzia\u0142 obowi\u0105zuj\u0105cy wiek minimalny to 14 lat. Lekcje prywatne przeznaczone s\u0105 dla 1\u20134 os\u00f3b gdzie oferowane s\u0105 r\u00f3\u017cne opcje zaj\u0119\u0107 dla uczestnik\u00f3w w r\u00f3\u017cnym wieku w zale\u017cno\u015bci od og\u00f3lnej liczby uczestnik\u00f3w przypadaj\u0105cej na grup\u0119:<\/span><\/p>\n<ul>\n<li><span style=\"font-size: 14pt;\">1 osoba &#8211; mo\u017cliwo\u015b\u0107 lekcji dla dzieci od 5-tego roku \u017cycia;<\/span><\/li>\n<li><span style=\"font-size: 14pt;\">2 osoby &#8211; mo\u017cliwo\u015b\u0107 lekcji dla dzieci od 8-go roku \u017cycia;<\/span><\/li>\n<li><span style=\"font-size: 14pt;\">3 lub 4 osoby &#8211; je\u015bli w grupie znajduj\u0105 si\u0119 dzieci, uprzejmie prosimy sprawd\u017a z nami dozwolony wiek minimalny.<\/span><\/li>\n<\/ul>\n<h3><span style=\"font-size: 12pt;\">Teneryfa surfing, w naszej szkole wszystkie lekcje, zar\u00f3wno w grupie jak i prywatnie, trwaj\u0105 2 godziny; nasi profesjonalni instruktorzy zadbaj\u0105 o Ciebie przez ca\u0142y czas.<\/span><\/h3>\n<p><span style=\"font-size: 14pt;\">Teneryfa jest najwi\u0119ksz\u0105 i najbardziej zaludnion\u0105 z Wysp Kanaryjskich; jej krajobraz jest zdominowany przez Teide, niesamowity wulkan o wysoko\u015bci 3718 metr\u00f3w znajduj\u0105cy si\u0119 w samym sercu wyspy; imponuj\u0105ca tutaj r\u00f3\u017cnica wysoko\u015bci stwarza warunki dla r\u00f3\u017cnych mikroklimat\u00f3w. To w\u0142a\u015bnie z tego powodu na Teneryfie panuje wieczna wiosna a sama wyspa jest bogata w przyrod\u0119 i pi\u0119kne krajobrazy; tak wi\u0119c je\u017celi tylko masz ochot\u0119 zrobi\u0107 sobie przerw\u0119 od surfowania mo\u017cesz cieszy\u0107 si\u0119 wspania\u0142ymi widokami i wieloma atrakcjami dost\u0119pnymi na \u015bwie\u017cym powietrzu.<\/span><\/p>\n<p><span style=\"font-size: 14pt;\">Ze wzgl\u0119du na specyficzn\u0105 morfologi\u0119 wybrze\u017ca w Playa de Las Americas mo\u017cna tu z\u0142apa\u0107 najlepsze fale; na zaledwie kilometrowym odcinku wybrze\u017ca w odleg\u0142o\u015bci kr\u00f3tkiego spaceru od g\u0142\u00f3wnych hoteli i kurort\u00f3w w okolicy znajduj\u0105 si\u0119 najbardziej popularne miejsca takie jak \u201eLa Izquierda\u201d, \u201eEl Medio\u201d, \u201eEl Bunker\u201d, \u201eLa Derecha\u201d, \u201ePiscina\u201d, \u201eEl Dedo\u201d i \u201eFitenia\u201d. Poprzez <a href=\"https:\/\/www.youtube.com\/watch?v=LLsgZMnv4oY\" target=\"_blank\" rel=\"noopener\">ten link<\/a> mo\u017cesz obejrze\u0107 kr\u00f3tki film o do\u015bwiadczonym surferze, suruj\u0105cym na falach w Playa de Las Americas, gdzie znajduj\u0119 si\u0119 nasza szko\u0142a.<\/span>[\/vc_column_text][\/vc_tta_section][vc_tta_section title=&#8221;ROZK\u0141AD I TRANSFER&#8221; tab_id=&#8221;1577671091666-736a5870-75e30f62-84c4d41d-6d4a649f-0c7a8cfb-fc74&#8243;][vc_column_text]Us\u0142uga transportu nie jest dost\u0119pna, nale\u017cy samodzielnie przyjecha\u0107 do naszej szko\u0142y w Playa de Las Americas.<\/p>\n<p><span style=\"text-decoration: underline; font-size: 14pt;\"><span style=\"color: #ff0000; text-decoration: underline;\">ROZK\u0141AD:<\/span><\/span><\/p>\n<p><span style=\"font-size: 14pt;\">Lekcje dost\u0119pne s\u0105 codziennie, godzina zale\u017cy od p\u0142yw\u00f3w morskich i stanu morza.<\/span><\/p>\n<p><span style=\"font-size: 14pt;\">Ogl\u0105dnij nasz filmik video, przekonaj si\u0119, jak wygl\u0105daj\u0105 zaj\u0119cia z surfingu na Teneryfie i zarezerwuj swoj\u0105 lekcj\u0119 ju\u017c teraz!<\/span>[\/vc_column_text][\/vc_tta_section][\/vc_tta_accordion]<style type=\"text\/css\">.thegem-button-69dd1c3b70ebf1543 .gem-button svg {fill: #ffffff;}.thegem-button-69dd1c3b70ebf1543 .gem-button:hover svg {fill: #312c7a;}<\/style><div class=\"gem-button-container gem-button-position-center thegem-button-69dd1c3b70ebf1543    \"  ><a class=\"gem-button gem-button-size-small gem-button-style-flat gem-button-text-weight-normal\" data-ll-effect=\"drop-right-without-wrap\" style=\"border-radius: 3px;background-color: #312c7a;color: #ffffff;\" onmouseleave=\"this.style.backgroundColor='#312c7a';this.style.color='#ffffff';\" onmouseenter=\"this.style.backgroundColor='#f6eb14';this.style.color='#312c7a';\" href=\"#cennik-surf\" target=\"_self\">CENNIK<\/a><\/div> [\/vc_column][\/vc_row][vc_row full_width=&#8221;stretch_row_content&#8221; css=&#8221;.vc_custom_1600444551608{background-color: #312c7a !important;background-position: center !important;background-repeat: no-repeat !important;background-size: cover !important;}&#8221;][vc_column][vc_column_text]<\/p>\n<h3 style=\"text-align: center;\"><span style=\"color: #ffffff;\"><strong><span style=\"font-size: 18pt;\">ZAREZERWUJ TERAZ<\/span><\/strong><\/span><\/h3>\n<p>[\/vc_column_text][vc_empty_space height=&#8221;10px&#8221; el_id=&#8221;cennik-surf&#8221;][\/vc_column][\/vc_row]<\/p>\n<\/div>","protected":false},"excerpt":{"rendered":"<p>[vc_row full_width=&#8221;stretch_row_content_no_spaces&#8221;][vc_column][vc_column_text css=&#8221;.vc_custom_1743620410503{background-color: #F6EB14 !important;background-position: center !important;background-repeat: no-repeat !important;background-size: cover !important;}&#8221; css_animation=&#8221;fadeIn&#8221;] LEKCJE SURFINGU [\/vc_column_text][\/vc_column][\/vc_row][vc_row][vc_column][vc_column_text] Teneryfa Surfing jest genialn\u0105 zabaw\u0105&#8230;<\/p>\n","protected":false},"featured_media":419933,"template":"","meta":{"_acf_changed":false,"_seopress_robots_primary_cat":"2540","_seopress_titles_title":"Teneryfa surfing, zarezerwuj lekcje surfowania w Las Americas","_seopress_titles_desc":"Podejmij si\u0119 wyzwania i zacznij lekcje prywatne lub w grupie z najlepsz\u0105 szko\u0142\u0105 Teneryfa surfing na po\u0142udniu wyspy ju\u017c teraz.","_seopress_robots_index":""},"product_brand":[],"product_cat":[2540],"product_tag":[2500,2501,2502,2503],"class_list":{"0":"post-59120","1":"product","2":"type-product","3":"status-publish","4":"has-post-thumbnail","6":"product_cat-sporty-wodne","7":"product_tag-surf","8":"product_tag-surfing-na-teneryfie","9":"product_tag-teneryfa-surfing","10":"product_tag-zajecia-surfingu-teneryfa","12":"first","13":"instock","14":"virtual","15":"sold-individually","16":"taxable","17":"purchasable","18":"product-type-booking"},"booking_location":"","booking_location_type":"","booking_duration":1,"booking_duration_unit":"day","booking_buffer":0,"booking_cost":0,"booking_resources":[],"acf":[],"_links":{"self":[{"href":"https:\/\/tenerife-trips.com\/pl\/wp-json\/wp\/v2\/product\/59120","targetHints":{"allow":["GET"]}}],"collection":[{"href":"https:\/\/tenerife-trips.com\/pl\/wp-json\/wp\/v2\/product"}],"about":[{"href":"https:\/\/tenerife-trips.com\/pl\/wp-json\/wp\/v2\/types\/product"}],"wp:featuredmedia":[{"embeddable":true,"href":"https:\/\/tenerife-trips.com\/pl\/wp-json\/wp\/v2\/media\/419933"}],"wp:attachment":[{"href":"https:\/\/tenerife-trips.com\/pl\/wp-json\/wp\/v2\/media?parent=59120"}],"wp:term":[{"taxonomy":"product_brand","embeddable":true,"href":"https:\/\/tenerife-trips.com\/pl\/wp-json\/wp\/v2\/product_brand?post=59120"},{"taxonomy":"product_cat","embeddable":true,"href":"https:\/\/tenerife-trips.com\/pl\/wp-json\/wp\/v2\/product_cat?post=59120"},{"taxonomy":"product_tag","embeddable":true,"href":"https:\/\/tenerife-trips.com\/pl\/wp-json\/wp\/v2\/product_tag?post=59120"}],"curies":[{"name":"wp","href":"https:\/\/api.w.org\/{rel}","templated":true}]}}