{"id":59226,"date":"2018-04-05T15:47:07","date_gmt":"2018-04-05T14:47:07","guid":{"rendered":"https:\/\/tenerife-trips.com\/?post_type=product&#038;p=59226"},"modified":"2025-12-03T12:02:39","modified_gmt":"2025-12-03T12:02:39","slug":"wedkarstwo-na-teneryfie","status":"publish","type":"product","link":"https:\/\/tenerife-trips.com\/pl\/product\/sporty-wodne\/wedkarstwo-na-teneryfie\/","title":{"rendered":"W\u0118DKARSTWO"},"content":{"rendered":"<div class=\"wpb-content-wrapper\"><p>[vc_row full_width=&#8221;stretch_row_content_no_spaces&#8221;][vc_column][vc_column_text css=&#8221;.vc_custom_1743621972094{background-color: #F6EB14 !important;background-position: center !important;background-repeat: no-repeat !important;background-size: cover !important;}&#8221; css_animation=&#8221;fadeIn&#8221;]<\/p>\n<h1 class=\"title-h2\" style=\"text-align: center;\"><span style=\"font-size: 18pt; color: #312c7a;\">W\u0118DKARSTWO<\/span><\/h1>\n<p>[\/vc_column_text][\/vc_column][\/vc_row][vc_row][vc_column][vc_column_text]<\/p>\n<p style=\"text-align: center;\"><span style=\"font-size: 14pt;\">Pasjonuje Ci\u0119 w\u0119dkarstwo b\u0105d\u017a te\u017c intryguje Ci\u0119 przyroda i co w\u0142a\u015bciwie znajduje si\u0119 w wodach Wysp Kanaryjskich? W\u0119dkarstwo na Teneryfie jest zdecydowanie jedn\u0105 z ciekawszych wycieczek do odbycia podczas wizyty w tym pi\u0119knym miejscu; dodatkowo jest to \u015bwietne zaj\u0119cie dla wszystkich, zar\u00f3wno doros\u0142ych, jak i dzieci, pocz\u0105tkuj\u0105cych i ekspert\u00f3w.<\/span><\/p>\n<p style=\"text-align: center;\"><span style=\"font-size: 14pt;\"><strong>\u21d3 Sp\u00f3jrz na dalszy opis poni\u017cej \u21d3<\/strong><\/span><\/p>\n<p>[\/vc_column_text][\/vc_column][\/vc_row][vc_row full_width=&#8221;stretch_row_content&#8221; full_height=&#8221;yes&#8221; css=&#8221;.vc_custom_1576192123211{background-color: #312c7a !important;background-position: center !important;background-repeat: no-repeat !important;background-size: cover !important;}&#8221;][vc_column]<div class=\"gem-vimeo gem-wrapbox gem-wrapbox-style-no-style rounded-corners gem-wrapbox-position-below\" style=\"width: 100%;\"><div class=\"gem-wrapbox-inner gem-ratio-style\" style=\"padding-top: 56.25%\"><iframe webkitallowfullscreen=\"true\" mozallowfullscreen=\"true\" allowfullscreen=\"true\" class=\"gem-wrapbox-element img-responsive\" frameborder=\"0\" scrolling=\"no\" marginheight=\"0\" marginwidth=\"0\" src=\"\/\/player.vimeo.com\/video\/397456105?title=0&amp;byline=0&amp;portrait=0 \"><\/iframe><\/div><\/div>[vc_empty_space]<div class=\"preloader\"><div class=\"preloader-spin\"><\/div><\/div> <div id=\"gem-gallery-69e5e69aaa77c\" class=\"gem-gallery gem-gallery-hover-zooming-blur\"> <div class=\"gem-gallery-item\"> <div class=\"gem-gallery-item-image\"> <a href=\"https:\/\/tenerife-trips.com\/wp-content\/uploads\/2019\/12\/wedkarstwo-na-Teneryfie-scaled-thegem-gallery-sidebar.jpg\" data-fancybox-group=\"gallery-69e5e69aaa77c\" data-full-image-url=\"https:\/\/tenerife-trips.com\/wp-content\/uploads\/2019\/12\/wedkarstwo-na-Teneryfie-scaled.jpg\"> <svg width=\"20\" height=\"10\"><path d=\"M 0,10 Q 9,9 10,0 Q 11,9 20,10\" \/><\/svg> <img src=\"https:\/\/tenerife-trips.com\/wp-content\/uploads\/2019\/12\/wedkarstwo-na-Teneryfie-scaled-thegem-post-thumb-small.jpg\" alt=\"\" class=\"img-responsive\"> <span class=\"gem-gallery-caption slide-info\"> <\/span> <\/a> <span class=\"gem-gallery-line\"><\/span> <\/div> <\/div> <div class=\"gem-gallery-item\"> <div class=\"gem-gallery-item-image\"> <a href=\"https:\/\/tenerife-trips.com\/wp-content\/uploads\/2019\/12\/pesca-en-Tenerife-scaled-thegem-gallery-sidebar.jpg\" data-fancybox-group=\"gallery-69e5e69aaa77c\" data-full-image-url=\"https:\/\/tenerife-trips.com\/wp-content\/uploads\/2019\/12\/pesca-en-Tenerife-scaled.jpg\"> <svg width=\"20\" height=\"10\"><path d=\"M 0,10 Q 9,9 10,0 Q 11,9 20,10\" \/><\/svg> <img src=\"https:\/\/tenerife-trips.com\/wp-content\/uploads\/2019\/12\/pesca-en-Tenerife-scaled-thegem-post-thumb-small.jpg\" alt=\"\" class=\"img-responsive\"> <span class=\"gem-gallery-caption slide-info\"> <\/span> <\/a> <span class=\"gem-gallery-line\"><\/span> <\/div> <\/div> <div class=\"gem-gallery-item\"> <div class=\"gem-gallery-item-image\"> <a href=\"https:\/\/tenerife-trips.com\/wp-content\/uploads\/2018\/04\/Tenerife-Fishing-scaled-thegem-gallery-sidebar.jpg\" data-fancybox-group=\"gallery-69e5e69aaa77c\" data-full-image-url=\"https:\/\/tenerife-trips.com\/wp-content\/uploads\/2018\/04\/Tenerife-Fishing-scaled.jpg\"> <svg width=\"20\" height=\"10\"><path d=\"M 0,10 Q 9,9 10,0 Q 11,9 20,10\" \/><\/svg> <img src=\"https:\/\/tenerife-trips.com\/wp-content\/uploads\/2018\/04\/Tenerife-Fishing-scaled-thegem-post-thumb-small.jpg\" alt=\"Tenerife fishing\" class=\"img-responsive\"> <span class=\"gem-gallery-caption slide-info\"> <\/span> <\/a> <span class=\"gem-gallery-line\"><\/span> <\/div> <\/div> <div class=\"gem-gallery-item\"> <div class=\"gem-gallery-item-image\"> <a href=\"https:\/\/tenerife-trips.com\/wp-content\/uploads\/2019\/12\/pesca-en-Tenerife-1-scaled-thegem-gallery-sidebar.jpg\" data-fancybox-group=\"gallery-69e5e69aaa77c\" data-full-image-url=\"https:\/\/tenerife-trips.com\/wp-content\/uploads\/2019\/12\/pesca-en-Tenerife-1-scaled.jpg\"> <svg width=\"20\" height=\"10\"><path d=\"M 0,10 Q 9,9 10,0 Q 11,9 20,10\" \/><\/svg> <img src=\"https:\/\/tenerife-trips.com\/wp-content\/uploads\/2019\/12\/pesca-en-Tenerife-1-scaled-thegem-post-thumb-small.jpg\" alt=\"\" class=\"img-responsive\"> <span class=\"gem-gallery-caption slide-info\"> <\/span> <\/a> <span class=\"gem-gallery-line\"><\/span> <\/div> <\/div> <div class=\"gem-gallery-item\"> <div class=\"gem-gallery-item-image\"> <a href=\"https:\/\/tenerife-trips.com\/wp-content\/uploads\/2019\/12\/angeln-Teneriffa-1-scaled-thegem-gallery-sidebar.jpg\" data-fancybox-group=\"gallery-69e5e69aaa77c\" data-full-image-url=\"https:\/\/tenerife-trips.com\/wp-content\/uploads\/2019\/12\/angeln-Teneriffa-1-scaled.jpg\"> <svg width=\"20\" height=\"10\"><path d=\"M 0,10 Q 9,9 10,0 Q 11,9 20,10\" \/><\/svg> <img src=\"https:\/\/tenerife-trips.com\/wp-content\/uploads\/2019\/12\/angeln-Teneriffa-1-scaled-thegem-post-thumb-small.jpg\" alt=\"angeln Teneriffa\" class=\"img-responsive\"> <span class=\"gem-gallery-caption slide-info\"> <\/span> <\/a> <span class=\"gem-gallery-line\"><\/span> <\/div> <\/div> <div class=\"gem-gallery-item\"> <div class=\"gem-gallery-item-image\"> <a href=\"https:\/\/tenerife-trips.com\/wp-content\/uploads\/2019\/12\/pescare-a-Tenerife-scaled-thegem-gallery-sidebar.jpg\" data-fancybox-group=\"gallery-69e5e69aaa77c\" data-full-image-url=\"https:\/\/tenerife-trips.com\/wp-content\/uploads\/2019\/12\/pescare-a-Tenerife-scaled.jpg\"> <svg width=\"20\" height=\"10\"><path d=\"M 0,10 Q 9,9 10,0 Q 11,9 20,10\" \/><\/svg> <img src=\"https:\/\/tenerife-trips.com\/wp-content\/uploads\/2019\/12\/pescare-a-Tenerife-scaled-thegem-post-thumb-small.jpg\" alt=\"\" class=\"img-responsive\"> <span class=\"gem-gallery-caption slide-info\"> <\/span> <\/a> <span class=\"gem-gallery-line\"><\/span> <\/div> <\/div> <\/div>[vc_empty_space][\/vc_column][\/vc_row][vc_row full_width=&#8221;stretch_row&#8221; css=&#8221;.vc_custom_1600444683130{background-color: #312c7a !important;background-position: center !important;background-repeat: no-repeat !important;background-size: cover !important;}&#8221;][vc_column][vc_column_text]<\/p>\n<h3 style=\"text-align: center;\"><span style=\"color: #ffffff;\"><span style=\"font-size: 18pt;\">OPIS\u00a0<\/span><\/span><\/h3>\n<p>[\/vc_column_text][\/vc_column][\/vc_row][vc_row][vc_column][vc_tta_accordion style=&#8221;simple_solid&#8221; color=&#8221;blue&#8221; c_icon=&#8221;chevron&#8221; active_section=&#8221;-0&#8243; collapsible_all=&#8221;true&#8221;][vc_tta_section title=&#8221;OPIS WYCIECZKI&#8221; tab_id=&#8221;1577671091617-0af8eee0-94020f62-84c4d41d-6d4a649f-0c7a03d1-daa4&#8243;][vc_column_text]<\/p>\n<h3><span style=\"font-size: 12pt;\">Pasjonuje Ci\u0119 w\u0119dkarstwo b\u0105d\u017a te\u017c intryguje Ci\u0119 przyroda i co w\u0142a\u015bciwie znajduje si\u0119 w wodach Wysp Kanaryjskich? W\u0119dkarstwo na Teneryfie jest zdecydowanie jedn\u0105 z ciekawszych wycieczek do odbycia podczas wizyty w tym pi\u0119knym miejscu; dodatkowo jest to \u015bwietne zaj\u0119cie dla wszystkich, zar\u00f3wno doros\u0142ych, jak i dzieci, pocz\u0105tkuj\u0105cych i ekspert\u00f3w.<\/span><\/h3>\n<p><span style=\"font-size: 14pt;\">Nasza \u0142\u00f3dki w\u0119dkarskie wyp\u0142ywa z Puerto Colon w <a href=\"https:\/\/pl.wikipedia.org\/wiki\/Costa_Adeje\">Costa Adeje<\/a> . Oferujemy dwie \u0142\u00f3dki, jedna mo\u017ce pomie\u015bci\u0107 maksymalnie 7 klient\u00f3w, a druga 10. W zale\u017cno\u015bci od Twoich potrzeb oferujemy dwie opcje: wsp\u00f3lny czarter w grupie lub prywatny czarter (wszystkie osoby mog\u0105 aktywnie uczestniczy\u0107 w \u0142owieniu).<\/span><\/p>\n<h3><span style=\"font-size: 12pt;\">Wsp\u00f3lny czarter w\u0119dkarstwo na Teneryfie trwa 4 godziny, a prywatny czarter mo\u017ce trwa\u0107 4 lub 8 godzin. podczas rejs\u00f3w oferujemy napoje takie jak piwo, woda oraz opcje bezalkoholowe, podczas rejsu prywatnego r\u00f3wnie\u017c wliczone s\u0105 przek\u0105ski i kanapki.<\/span><\/h3>\n<p><span style=\"font-size: 14pt;\">Podczas w\u0119dkarstwo na Teneryfie nasza znakomicie do\u015bwiadczona za\u0142oga pomo\u017ce Ci skutecznie z\u0142apa\u0107 ryb\u0119 na haczyk za pomoc\u0105 najlepszych metod; specjalizujemy si\u0119 w r\u00f3\u017cnych technikach takich jak \u0142owiectwo podwodne, trolling, w\u0119dkarstwo muchowe, \u0142owiectwo przy u\u017cyciu sprz\u0119tu zar\u00f3wno lekkiego, jak i ci\u0119\u017ckiego, po\u0142owy denne oraz inne.<\/span><\/p>\n<h3><span style=\"font-size: 12pt;\">W cen\u0119 wliczony jest sprz\u0119t wysokiej jako\u015bci obemuj\u0105cy przyn\u0119ty, sprz\u0119t w\u0119dkarski, \u017cywe przyn\u0119ty, licencje po\u0142owowe; korzystamy r\u00f3wnie\u017c z urz\u0105dze\u0144 takich jak GPS, echosonda, radar i radio VHF czyli wszystko, aby Twoje w\u0119dkarstwo na Teneryfie by\u0142o obfite w po\u0142owy!<\/span><\/h3>\n<p><span style=\"font-size: 14pt;\">Nasz rejs w\u0119dkarski jest ukierunkowany na r\u00f3\u017cne rodzaje ryb, na przyk\u0142ad na tu\u0144czyka, marlina, solandr\u0119, lucjana, granika wielkiego, koryfen\u0119, barakud\u0119 i inne; w razie potrzeby pomo\u017cemy Ci wyczy\u015bci\u0107 i wyci\u0105\u0107 filety z ryb, kt\u00f3re z\u0142owisz.<\/span><\/p>\n<p><span style=\"font-size: 14pt;\">Na pok\u0142adzie naszej \u0142odzi rybackiej znajdziesz r\u00f3wnie\u017c toalet\u0119, prysznic, lod\u00f3wk\u0119, telewizor, nag\u0142o\u015bnienie i sal\u0119 do relaksu, czyli wszystko, co potrzeba; tak wi\u0119c jedyne, co musisz ze sob\u0105 zabra\u0107 to wysoka dawka entuzjazmu i ch\u0119\u0107 nowych przyg\u00f3d z w\u0119dk\u0105 w r\u0119kach!<\/span><\/p>\n<p>&nbsp;<\/p>\n<p><strong>ODDAJ SI\u0118 SWOJEJ PASJI I PRZE\u017bYJ PRAWDZIW\u0104 PRZYGOD\u0118 W\u0118DKUJ\u0104C NA TENERYFIE, DOST\u0118PNO\u015a\u0106 JEST OGRANICZONA!<\/strong>[\/vc_column_text][\/vc_tta_section][vc_tta_section title=&#8221;ROZK\u0141AD I TRANSFER&#8221; tab_id=&#8221;1577671091666-736a5870-75e30f62-84c4d41d-6d4a649f-0c7a03d1-daa4&#8243;][vc_column_text]<span style=\"font-size: 14pt;\">Us\u0142uga transferu nie jest dost\u0119pna, klienci musz\u0105 osobi\u015bcie si\u0119 uda\u0107 do <a href=\"https:\/\/www.google.com\/search?biw=1280&amp;bih=578&amp;tbm=lcl&amp;ei=0f2GX5fAPIe7gweTuYLoDw&amp;q=puerto+colon+tenerife&amp;oq=puerto+colon+tenerife&amp;gs_l=psy-ab.3...0.0.0.2022863.0.0.0.0.0.0.0.0..0.0....0...1c..64.psy-ab..0.0.0....0.zTVchGeiUEM#rlfi=hd:;si:15430252968124252743,l,ChVwdWVydG8gY29sb24gdGVuZXJpZmVaJQoMcHVlcnRvIGNvbG9uIhVwdWVydG8gY29sb24gdGVuZXJpZmU;mv:[[28.080022,-16.7350951],[28.077264600000003,-16.7380602]]\">Puerto Col\u00f3n<\/a> w Las Americas.<\/span><\/p>\n<p><span style=\"text-decoration: underline; font-size: 14pt;\"><span style=\"color: #ff0000; text-decoration: underline;\">ROZK\u0141AD:<\/span><\/span><\/p>\n<p><span style=\"font-size: 14pt;\">Wycieczka odbywa si\u0119 codziennie o godzinie 9:00 i 14:00.<\/span>[\/vc_column_text][\/vc_tta_section][\/vc_tta_accordion]<style type=\"text\/css\">.thegem-button-69e5e69aabf82614 .gem-button svg {fill: #ffffff;}.thegem-button-69e5e69aabf82614 .gem-button:hover svg {fill: #312c7a;}<\/style><div class=\"gem-button-container gem-button-position-center thegem-button-69e5e69aabf82614    \"  ><a class=\"gem-button gem-button-size-small gem-button-style-flat gem-button-text-weight-normal\" data-ll-effect=\"drop-right-without-wrap\" style=\"border-radius: 3px;background-color: #312c7a;color: #ffffff;\" onmouseleave=\"this.style.backgroundColor='#312c7a';this.style.color='#ffffff';\" onmouseenter=\"this.style.backgroundColor='#f6eb14';this.style.color='#312c7a';\" href=\"#cennik-fishing\" target=\"_self\">CENNIK<\/a><\/div> [\/vc_column][\/vc_row][vc_row full_width=&#8221;stretch_row_content&#8221; css=&#8221;.vc_custom_1600444709902{background-color: #312c7a !important;background-position: center !important;background-repeat: no-repeat !important;background-size: cover !important;}&#8221;][vc_column][vc_column_text]<\/p>\n<h3 style=\"text-align: center;\"><span style=\"color: #ffffff;\"><strong><span style=\"font-size: 18pt;\">ZAREZERWUJ TERAZ<\/span><\/strong><\/span><\/h3>\n<p>[\/vc_column_text][vc_empty_space height=&#8221;10px&#8221; el_id=&#8221;cennik-fishing&#8221;][\/vc_column][\/vc_row]<\/p>\n<\/div>","protected":false},"excerpt":{"rendered":"<p>[vc_row full_width=&#8221;stretch_row_content_no_spaces&#8221;][vc_column][vc_column_text css=&#8221;.vc_custom_1743621972094{background-color: #F6EB14 !important;background-position: center !important;background-repeat: no-repeat !important;background-size: cover !important;}&#8221; css_animation=&#8221;fadeIn&#8221;] W\u0118DKARSTWO [\/vc_column_text][\/vc_column][\/vc_row][vc_row][vc_column][vc_column_text] Pasjonuje Ci\u0119 w\u0119dkarstwo b\u0105d\u017a te\u017c intryguje&#8230;<\/p>\n","protected":false},"featured_media":105424,"template":"","meta":{"_acf_changed":false,"_seopress_robots_primary_cat":"2540","_seopress_titles_title":"W\u0119dkarstwo na Teneryfie, zarezerwuj swoj\u0105 podr\u00f3\u017c ju\u017c teraz","_seopress_titles_desc":"W\u0119dkarstwo na Teneryfie to niezapomniana przygoda i jedna z najciekawszych wycieczek oferowanych na wyspie. Zarezerwuj z nami ju\u017c dzi\u015b","_seopress_robots_index":""},"product_brand":[],"product_cat":[2540],"product_tag":[2506,2504,2505,2508,2507],"class_list":{"0":"post-59226","1":"product","2":"type-product","3":"status-publish","4":"has-post-thumbnail","6":"product_cat-sporty-wodne","7":"product_tag-polow-ryb-teneryfa","8":"product_tag-wedkartwo-na-teneryfie","9":"product_tag-wedkartwo-teneryfa","10":"product_tag-wedkowanie-na-teneryfie","11":"product_tag-wedkowanie-teneryfa","13":"first","14":"instock","15":"virtual","16":"sold-individually","17":"taxable","18":"purchasable","19":"product-type-booking"},"booking_location":"","booking_location_type":"","booking_duration":1,"booking_duration_unit":"day","booking_buffer":0,"booking_cost":0,"booking_resources":[],"acf":[],"_links":{"self":[{"href":"https:\/\/tenerife-trips.com\/pl\/wp-json\/wp\/v2\/product\/59226","targetHints":{"allow":["GET"]}}],"collection":[{"href":"https:\/\/tenerife-trips.com\/pl\/wp-json\/wp\/v2\/product"}],"about":[{"href":"https:\/\/tenerife-trips.com\/pl\/wp-json\/wp\/v2\/types\/product"}],"wp:featuredmedia":[{"embeddable":true,"href":"https:\/\/tenerife-trips.com\/pl\/wp-json\/wp\/v2\/media\/105424"}],"wp:attachment":[{"href":"https:\/\/tenerife-trips.com\/pl\/wp-json\/wp\/v2\/media?parent=59226"}],"wp:term":[{"taxonomy":"product_brand","embeddable":true,"href":"https:\/\/tenerife-trips.com\/pl\/wp-json\/wp\/v2\/product_brand?post=59226"},{"taxonomy":"product_cat","embeddable":true,"href":"https:\/\/tenerife-trips.com\/pl\/wp-json\/wp\/v2\/product_cat?post=59226"},{"taxonomy":"product_tag","embeddable":true,"href":"https:\/\/tenerife-trips.com\/pl\/wp-json\/wp\/v2\/product_tag?post=59226"}],"curies":[{"name":"wp","href":"https:\/\/api.w.org\/{rel}","templated":true}]}}