{"id":59353,"date":"2019-12-09T17:34:32","date_gmt":"2019-12-09T17:34:32","guid":{"rendered":"https:\/\/tenerife-trips.com\/?post_type=product&#038;p=59353"},"modified":"2025-12-03T11:53:30","modified_gmt":"2025-12-03T11:53:30","slug":"parasailing-na-teneryfie","status":"publish","type":"product","link":"https:\/\/tenerife-trips.com\/pl\/product\/sporty-lotnicze\/parasailing-na-teneryfie\/","title":{"rendered":"PARASAILING"},"content":{"rendered":"<div class=\"wpb-content-wrapper\"><p>[vc_row full_width=&#8221;stretch_row_content_no_spaces&#8221;][vc_column][vc_column_text css=&#8221;.vc_custom_1743620550324{background-color: #F6EB14 !important;background-position: center !important;background-repeat: no-repeat !important;background-size: cover !important;}&#8221; css_animation=&#8221;fadeIn&#8221;]<\/p>\n<h1 class=\"title-h2\" style=\"text-align: center;\"><span style=\"font-size: 18pt; color: #312c7a;\">PARASAILING<\/span><\/h1>\n<p>[\/vc_column_text][\/vc_column][\/vc_row][vc_row][vc_column][vc_column_text]<\/p>\n<p style=\"text-align: center;\"><span style=\"font-size: 14pt;\">Parasailing na Teneryfie jest jednym z najpopularniejszych sport\u00f3w lotniczych na wyspie, a wyst\u0119puj\u0105cy tutaj klimat sprzyja korzystaniu z atrakcji, jakie mamy do zaoferowania przez ca\u0142y rok. Jest to \u015bwietna i bezpieczna rozrywka dla ca\u0142ej rodziny, i nie tylko!<\/span><\/p>\n<p style=\"text-align: center;\"><span style=\"font-size: 14pt;\"><strong>\u21d3 Sp\u00f3jrz na dalszy opis poni\u017cej \u21d3<\/strong><\/span><\/p>\n<p>[\/vc_column_text][\/vc_column][\/vc_row][vc_row full_width=&#8221;stretch_row_content&#8221; full_height=&#8221;yes&#8221; css=&#8221;.vc_custom_1576192123211{background-color: #312c7a !important;background-position: center !important;background-repeat: no-repeat !important;background-size: cover !important;}&#8221;][vc_column]<div class=\"gem-vimeo gem-wrapbox gem-wrapbox-style-no-style rounded-corners gem-wrapbox-position-below\" style=\"width: 100%;\"><div class=\"gem-wrapbox-inner gem-ratio-style\" style=\"padding-top: 56.25%\"><iframe webkitallowfullscreen=\"true\" mozallowfullscreen=\"true\" allowfullscreen=\"true\" class=\"gem-wrapbox-element img-responsive\" frameborder=\"0\" scrolling=\"no\" marginheight=\"0\" marginwidth=\"0\" src=\"\/\/player.vimeo.com\/video\/326803081?title=0&amp;byline=0&amp;portrait=0 \"><\/iframe><\/div><\/div>[vc_empty_space]<div class=\"preloader\"><div class=\"preloader-spin\"><\/div><\/div> <div id=\"gem-gallery-69e34484929a8\" class=\"gem-gallery gem-gallery-hover-zooming-blur\"> <div class=\"gem-gallery-item\"> <div class=\"gem-gallery-item-image\"> <a href=\"https:\/\/tenerife-trips.com\/wp-content\/uploads\/2019\/12\/f-thegem-gallery-sidebar.jpg\" data-fancybox-group=\"gallery-69e34484929a8\" data-full-image-url=\"https:\/\/tenerife-trips.com\/wp-content\/uploads\/2019\/12\/f.jpg\"> <svg width=\"20\" height=\"10\"><path d=\"M 0,10 Q 9,9 10,0 Q 11,9 20,10\" \/><\/svg> <img src=\"https:\/\/tenerife-trips.com\/wp-content\/uploads\/2019\/12\/f-thegem-post-thumb-small.jpg\" alt=\"parasailing en Tenerife\" class=\"img-responsive\"> <span class=\"gem-gallery-caption slide-info\"> <\/span> <\/a> <span class=\"gem-gallery-line\"><\/span> <\/div> <\/div> <div class=\"gem-gallery-item\"> <div class=\"gem-gallery-item-image\"> <a href=\"https:\/\/tenerife-trips.com\/wp-content\/uploads\/2019\/12\/a-thegem-gallery-sidebar.jpg\" data-fancybox-group=\"gallery-69e34484929a8\" data-full-image-url=\"https:\/\/tenerife-trips.com\/wp-content\/uploads\/2019\/12\/a.jpg\"> <svg width=\"20\" height=\"10\"><path d=\"M 0,10 Q 9,9 10,0 Q 11,9 20,10\" \/><\/svg> <img src=\"https:\/\/tenerife-trips.com\/wp-content\/uploads\/2019\/12\/a-thegem-post-thumb-small.jpg\" alt=\"\" class=\"img-responsive\"> <span class=\"gem-gallery-caption slide-info\"> <\/span> <\/a> <span class=\"gem-gallery-line\"><\/span> <\/div> <\/div> <div class=\"gem-gallery-item\"> <div class=\"gem-gallery-item-image\"> <a href=\"https:\/\/tenerife-trips.com\/wp-content\/uploads\/2019\/12\/c-thegem-gallery-sidebar.jpg\" data-fancybox-group=\"gallery-69e34484929a8\" data-full-image-url=\"https:\/\/tenerife-trips.com\/wp-content\/uploads\/2019\/12\/c.jpg\"> <svg width=\"20\" height=\"10\"><path d=\"M 0,10 Q 9,9 10,0 Q 11,9 20,10\" \/><\/svg> <img src=\"https:\/\/tenerife-trips.com\/wp-content\/uploads\/2019\/12\/c-thegem-post-thumb-small.jpg\" alt=\"parasailing na Teneryfie\" class=\"img-responsive\"> <span class=\"gem-gallery-caption slide-info\"> <\/span> <\/a> <span class=\"gem-gallery-line\"><\/span> <\/div> <\/div> <div class=\"gem-gallery-item\"> <div class=\"gem-gallery-item-image\"> <a href=\"https:\/\/tenerife-trips.com\/wp-content\/uploads\/2019\/12\/e-thegem-gallery-sidebar.jpg\" data-fancybox-group=\"gallery-69e34484929a8\" data-full-image-url=\"https:\/\/tenerife-trips.com\/wp-content\/uploads\/2019\/12\/e.jpg\"> <svg width=\"20\" height=\"10\"><path d=\"M 0,10 Q 9,9 10,0 Q 11,9 20,10\" \/><\/svg> <img src=\"https:\/\/tenerife-trips.com\/wp-content\/uploads\/2019\/12\/e-thegem-post-thumb-small.jpg\" alt=\"parasailing in Tenerife\" class=\"img-responsive\"> <span class=\"gem-gallery-caption slide-info\"> <\/span> <\/a> <span class=\"gem-gallery-line\"><\/span> <\/div> <\/div> <div class=\"gem-gallery-item\"> <div class=\"gem-gallery-item-image\"> <a href=\"https:\/\/tenerife-trips.com\/wp-content\/uploads\/2019\/12\/d-thegem-gallery-sidebar.jpg\" data-fancybox-group=\"gallery-69e34484929a8\" data-full-image-url=\"https:\/\/tenerife-trips.com\/wp-content\/uploads\/2019\/12\/d.jpg\"> <svg width=\"20\" height=\"10\"><path d=\"M 0,10 Q 9,9 10,0 Q 11,9 20,10\" \/><\/svg> <img src=\"https:\/\/tenerife-trips.com\/wp-content\/uploads\/2019\/12\/d-thegem-post-thumb-small.jpg\" alt=\"parasailing na Teneryfie\" class=\"img-responsive\"> <span class=\"gem-gallery-caption slide-info\"> <\/span> <\/a> <span class=\"gem-gallery-line\"><\/span> <\/div> <\/div> <\/div>[vc_empty_space][\/vc_column][\/vc_row][vc_row full_width=&#8221;stretch_row&#8221; css=&#8221;.vc_custom_1600445160455{background-color: #312c7a !important;background-position: center !important;background-repeat: no-repeat !important;background-size: cover !important;}&#8221;][vc_column][vc_column_text]<\/p>\n<h3 style=\"text-align: center;\"><span style=\"color: #ffffff;\"><span style=\"font-size: 18pt;\">OPIS\u00a0<\/span><\/span><\/h3>\n<p>[\/vc_column_text][\/vc_column][\/vc_row][vc_row][vc_column][vc_tta_accordion style=&#8221;simple_solid&#8221; color=&#8221;blue&#8221; c_icon=&#8221;chevron&#8221; active_section=&#8221;-0&#8243; collapsible_all=&#8221;true&#8221;][vc_tta_section title=&#8221;OPIS WYCIECZKI&#8221; tab_id=&#8221;1577671091617-0af8eee0-94020f62-84c4d41d-6d4a7a13-0a9e&#8221;][vc_column_text]<\/p>\n<h3><span style=\"font-size: 12pt;\">Parasailing na Teneryfie jest jednym z najpopularniejszych sport\u00f3w lotniczych na wyspie, a wyst\u0119puj\u0105cy tutaj klimat sprzyja korzystaniu z atrakcji, jakie mamy do zaoferowania przez ca\u0142y rok. Jest to \u015bwietna i bezpieczna rozrywka dla ca\u0142ej rodziny, i nie tylko!<\/span><\/h3>\n<p><span style=\"font-size: 14pt;\">Parasailing na Teneryfie to lot ze spadochronem, kt\u00f3ry podpi\u0119ty jest do \u0142odzi motorowej d\u0142ug\u0105 lin\u0105. Kiedy motor\u00f3wka porusza si\u0119 do przodu, spadochron unosi si\u0119 w powietrze, osi\u0105gaj\u0105c maksymalnie 30 metr\u00f3w wysoko\u015bci w zale\u017cno\u015bci od warunk\u00f3w pogodowych (sp\u00f3jrz na powy\u017cszy film). Podczas lotu nad oceanem mo\u017cna podziwia\u0107 fantastyczny widok na wybrze\u017ce i g\u00f3ry, w tym szczyt wulkanu Teide!<\/span><\/p>\n<p><span style=\"font-size: 14pt;\">Przed rozpocz\u0119ciem wycieczki omawiamy podstawowe zasady bezpiecze\u0144stwa, kt\u00f3rych nale\u017cy przestrzega\u0107. Nast\u0119pnie wskakujemy na pok\u0142ad motor\u00f3wki i opuszczamy port w Puerto Colon. Gdy ju\u017c znajdziemy si\u0119 jakie\u015b 200 metr\u00f3w od brzegu, otwieramy spadochron i wznosimy Ci\u0119 wzwy\u017c.<\/span><\/p>\n<h3><span style=\"font-size: 12pt;\">Wiatr jest bardzo wa\u017cnym czynnikiem podczas tego typu atrakcji, gdy\u017c utrudnia loty, gdy jest zbyt silny. Na szcz\u0119\u015bcie obszar <a href=\"https:\/\/pl.wikipedia.org\/wiki\/Playa_de_las_Am%C3%A9ricas\">Las Americas<\/a> i <a href=\"https:\/\/pl.wikipedia.org\/wiki\/Los_Cristianos\">Los Cristianos<\/a> cieszy si\u0119 spokojem, gdy\u017c jest chroniony przed wiatrami wyst\u0119puj\u0105cymi na Wyspach Kanaryjskich dzi\u0119ki obecno\u015bci g\u00f3r znajduj\u0105cych w centrum wyspy wysokich na 2000 metr\u00f3w, co sprawia, \u017ce obszar ten jest idealny dla sport\u00f3w w\u0142a\u015bnie takich jak parasailing.<\/span><\/h3>\n<p><span style=\"font-size: 14pt;\">Ca\u0142a wycieczka trwa oko\u0142o 30 minut, z czego 10 min sp\u0119dzonych jest w powietrzu. L\u0105dowanie odbywa si\u0119 na platformie startowej \u0142odzi motorowej; jednak\u017ce dla dodania adrenaliny, je\u015bli tylko chcesz, kapitan z przyjemno\u015bci\u0105 obni\u017cy Tw\u00f3j lot, zanurzaj\u0105c Ci\u0119 dla od\u015bwie\u017cenia si\u0119 w ch\u0142odnej wodzie Oceanu Atlantyckiego.<\/span><\/p>\n<h3><span style=\"text-decoration: underline; color: #ff0000;\"><span style=\"font-size: 12pt;\">MINIMALNY WIEK DOZWOLONY DLA DZIECI, ABY MOG\u0141Y SKORZYSTA\u0106 Z PARASAILING NA TENERYFIE TO 3 LAT. DZIECI OBOWI\u0104ZKOWO MUSZ\u0104 PRZEBYWA\u0106 POD OKIEM OSOBY DOROS\u0141EJ. \u0141\u0104CZNA WAGA OS\u00d3B lec\u0105cych nie powinna przekracza\u0107 250 kg. NIEMNIEJ JEDNAK, WARTO WZI\u0104\u0106 POD UWAG\u0118 I\u017b warunki pogodowe r\u00f3wnie\u017c maj\u0105 NA TO wp\u0142yw, im silniejszy wiatr, tym wi\u0119kszy ci\u0119\u017car mo\u017ce unie\u015b\u0107 spadochron. PRZY odpowiedniCH warunkACH mo\u017cliwY Jest zatem wsp\u00f3lnY lOT dw\u00f3ch OS\u00d3B doros\u0142ych i dziecka.<\/span><\/span><\/h3>\n<p>[\/vc_column_text][\/vc_tta_section][vc_tta_section title=&#8221;ROZK\u0141AD I TRANSFER&#8221; tab_id=&#8221;1577671091666-736a5870-75e30f62-84c4d41d-6d4a7a13-0a9e&#8221;][vc_column_text]<span style=\"font-size: 14pt;\">Us\u0142uga transferu nie jest dost\u0119pna. Miejsce spotkania to Puerto Col\u00f3n, kliknij <a href=\"https:\/\/www.google.com\/maps\/place\/Puerto+Col%C3%B3n\/@28.1277343,-16.7588497,15z\/data=!4m5!3m4!1s0xc6a9743509c9ebf:0xd62345524f768247!8m2!3d28.0789928!4d-16.7359737\">tutaj<\/a> aby zobaczy\u0107 lokalizacj\u0119.<\/span><\/p>\n<p><span style=\"text-decoration: underline; font-size: 14pt;\"><span style=\"color: #ff0000; text-decoration: underline;\">ROZK\u0141AD:<\/span><\/span><\/p>\n<p><span style=\"font-size: 14pt;\">Wycieczka jest dost\u0119pna codziennie o godzinie 10:00, 11:00, 12:00, 13:00, 14:00, 15:00, 16:00 oraz 17:00.<\/span><\/p>\n<p><span style=\"font-size: 14pt;\"><strong>Ogl\u0105dnij nasz filmik video, aby przekona\u0107 si\u0119 osobi\u015bcie, na czym polega parasailing na Teneryfie i zarezerwuj swoj\u0105 wycieczk\u0119 ju\u017c teraz!<\/strong><\/span>[\/vc_column_text][\/vc_tta_section][\/vc_tta_accordion]<style type=\"text\/css\">.thegem-button-69e34484938f06539 .gem-button svg {fill: #ffffff;}.thegem-button-69e34484938f06539 .gem-button:hover svg {fill: #312c7a;}<\/style><div class=\"gem-button-container gem-button-position-center thegem-button-69e34484938f06539    \"  ><a class=\"gem-button gem-button-size-small gem-button-style-flat gem-button-text-weight-normal\" data-ll-effect=\"drop-right-without-wrap\" style=\"border-radius: 3px;background-color: #312c7a;color: #ffffff;\" onmouseleave=\"this.style.backgroundColor='#312c7a';this.style.color='#ffffff';\" onmouseenter=\"this.style.backgroundColor='#f6eb14';this.style.color='#312c7a';\" href=\"#cennik-parasailing\" target=\"_self\">CENNIK<\/a><\/div> [\/vc_column][\/vc_row][vc_row full_width=&#8221;stretch_row_content&#8221; css=&#8221;.vc_custom_1600445190522{background-color: #312c7a !important;background-position: center !important;background-repeat: no-repeat !important;background-size: cover !important;}&#8221;][vc_column][vc_column_text]<\/p>\n<h3 style=\"text-align: center;\"><span style=\"color: #ffffff;\"><strong><span style=\"font-size: 18pt;\">ZAREZERWUJ TERAZ<\/span><\/strong><\/span><\/h3>\n<p>[\/vc_column_text][vc_empty_space height=&#8221;10px&#8221; el_id=&#8221;cennik-parasailing&#8221;][\/vc_column][\/vc_row]<\/p>\n<\/div>","protected":false},"excerpt":{"rendered":"<p>[vc_row full_width=&#8221;stretch_row_content_no_spaces&#8221;][vc_column][vc_column_text css=&#8221;.vc_custom_1743620550324{background-color: #F6EB14 !important;background-position: center !important;background-repeat: no-repeat !important;background-size: cover !important;}&#8221; css_animation=&#8221;fadeIn&#8221;] PARASAILING [\/vc_column_text][\/vc_column][\/vc_row][vc_row][vc_column][vc_column_text] Parasailing na Teneryfie jest jednym z&#8230;<\/p>\n","protected":false},"featured_media":65067,"template":"","meta":{"_acf_changed":false,"_seopress_robots_primary_cat":"2541","_seopress_titles_title":"Parasailing na Teneryfie, wzbij si\u0119 ponad morze podziwiaj\u0105c wysp\u0119.","_seopress_titles_desc":"Parasailing na Teneryfie to zabawa dla ca\u0142ej rodziny, i nie tylko! Zarezerwuj sw\u00f3j lot ju\u017c teraz i ciesz si\u0119 niezwyk\u0142ym widokiem wyspy.","_seopress_robots_index":""},"product_brand":[],"product_cat":[2541],"product_tag":[],"class_list":{"0":"post-59353","1":"product","2":"type-product","3":"status-publish","4":"has-post-thumbnail","6":"product_cat-sporty-lotnicze","8":"first","9":"instock","10":"virtual","11":"sold-individually","12":"taxable","13":"purchasable","14":"product-type-booking"},"booking_location":"","booking_location_type":"","booking_duration":1,"booking_duration_unit":"hour","booking_buffer":0,"booking_cost":0,"booking_resources":[],"acf":[],"_links":{"self":[{"href":"https:\/\/tenerife-trips.com\/pl\/wp-json\/wp\/v2\/product\/59353","targetHints":{"allow":["GET"]}}],"collection":[{"href":"https:\/\/tenerife-trips.com\/pl\/wp-json\/wp\/v2\/product"}],"about":[{"href":"https:\/\/tenerife-trips.com\/pl\/wp-json\/wp\/v2\/types\/product"}],"wp:featuredmedia":[{"embeddable":true,"href":"https:\/\/tenerife-trips.com\/pl\/wp-json\/wp\/v2\/media\/65067"}],"wp:attachment":[{"href":"https:\/\/tenerife-trips.com\/pl\/wp-json\/wp\/v2\/media?parent=59353"}],"wp:term":[{"taxonomy":"product_brand","embeddable":true,"href":"https:\/\/tenerife-trips.com\/pl\/wp-json\/wp\/v2\/product_brand?post=59353"},{"taxonomy":"product_cat","embeddable":true,"href":"https:\/\/tenerife-trips.com\/pl\/wp-json\/wp\/v2\/product_cat?post=59353"},{"taxonomy":"product_tag","embeddable":true,"href":"https:\/\/tenerife-trips.com\/pl\/wp-json\/wp\/v2\/product_tag?post=59353"}],"curies":[{"name":"wp","href":"https:\/\/api.w.org\/{rel}","templated":true}]}}