{"id":59401,"date":"2018-01-15T22:34:19","date_gmt":"2018-01-15T22:34:19","guid":{"rendered":"https:\/\/tenerife-trips.com\/?post_type=product&#038;p=59401"},"modified":"2025-12-03T12:16:47","modified_gmt":"2025-12-03T12:16:47","slug":"paralotnia-teneryfa","status":"publish","type":"product","link":"https:\/\/tenerife-trips.com\/pl\/product\/sporty-lotnicze\/paralotnia-teneryfa\/","title":{"rendered":"PARALOTNIARSTWO"},"content":{"rendered":"<div class=\"wpb-content-wrapper\"><p>[vc_row full_width=&#8221;stretch_row_content_no_spaces&#8221;][vc_column][vc_column_text css=&#8221;.vc_custom_1743672236719{background-color: #F6EB14 !important;background-position: center !important;background-repeat: no-repeat !important;background-size: cover !important;}&#8221; css_animation=&#8221;fadeIn&#8221;]<\/p>\n<h1 class=\"title-h2\" style=\"text-align: center;\"><span style=\"font-size: 18pt; color: #312c7a;\">PARALOTNIARSTWO<\/span><\/h1>\n<p>[\/vc_column_text][\/vc_column][\/vc_row][vc_row][vc_column][vc_column_text]<\/p>\n<p style=\"text-align: center;\"><span style=\"font-size: 14pt;\">Wycieczka paralotnia Teneryfa to kapitalny spos\u00f3b, \u017ceby m\u00f3c podziwia\u0107 pi\u0119kny krajobraz wyspy podczas lotu w tandemie nad jej wybrze\u017cem. Jest to bez dw\u00f3ch zda\u0144 jedna z najfajniejszych atrakcji do zaliczenia, aby\u015b m\u00f3g\u0142 si\u0119 w pe\u0142ni cieszy\u0107 Twoimi wakacjami!<\/span><\/p>\n<p style=\"text-align: center;\"><span style=\"font-size: 14pt;\"><strong>\u21d3 Sp\u00f3jrz na dalszy opis poni\u017cej \u21d3<\/strong><\/span><\/p>\n<p>[\/vc_column_text][\/vc_column][\/vc_row][vc_row full_width=&#8221;stretch_row_content&#8221; full_height=&#8221;yes&#8221; css=&#8221;.vc_custom_1576192123211{background-color: #312c7a !important;background-position: center !important;background-repeat: no-repeat !important;background-size: cover !important;}&#8221;][vc_column]<div class=\"gem-vimeo gem-wrapbox gem-wrapbox-style-no-style rounded-corners gem-wrapbox-position-below\" style=\"width: 100%;\"><div class=\"gem-wrapbox-inner gem-ratio-style\" style=\"padding-top: 56.25%\"><iframe webkitallowfullscreen=\"true\" mozallowfullscreen=\"true\" allowfullscreen=\"true\" class=\"gem-wrapbox-element img-responsive\" frameborder=\"0\" scrolling=\"no\" marginheight=\"0\" marginwidth=\"0\" src=\"\/\/player.vimeo.com\/video\/326164961?title=0&amp;byline=0&amp;portrait=0 \"><\/iframe><\/div><\/div>[vc_empty_space]<div class=\"preloader\"><div class=\"preloader-spin\"><\/div><\/div> <div id=\"gem-gallery-69e3445d1e193\" class=\"gem-gallery gem-gallery-hover-zooming-blur\"> <div class=\"gem-gallery-item\"> <div class=\"gem-gallery-item-image\"> <a href=\"https:\/\/tenerife-trips.com\/wp-content\/uploads\/2019\/12\/paragliding-Teneriffa-thegem-gallery-sidebar.png\" data-fancybox-group=\"gallery-69e3445d1e193\" data-full-image-url=\"https:\/\/tenerife-trips.com\/wp-content\/uploads\/2019\/12\/paragliding-Teneriffa.png\"> <svg width=\"20\" height=\"10\"><path d=\"M 0,10 Q 9,9 10,0 Q 11,9 20,10\" \/><\/svg> <img src=\"https:\/\/tenerife-trips.com\/wp-content\/uploads\/2019\/12\/paragliding-Teneriffa-thegem-post-thumb-small.png\" alt=\"\" class=\"img-responsive\"> <span class=\"gem-gallery-caption slide-info\"> <\/span> <\/a> <span class=\"gem-gallery-line\"><\/span> <\/div> <\/div> <div class=\"gem-gallery-item\"> <div class=\"gem-gallery-item-image\"> <a href=\"https:\/\/tenerife-trips.com\/wp-content\/uploads\/2018\/01\/paragliding-Tenerife-1-scaled-thegem-gallery-sidebar.jpg\" data-fancybox-group=\"gallery-69e3445d1e193\" data-full-image-url=\"https:\/\/tenerife-trips.com\/wp-content\/uploads\/2018\/01\/paragliding-Tenerife-1-scaled.jpg\"> <svg width=\"20\" height=\"10\"><path d=\"M 0,10 Q 9,9 10,0 Q 11,9 20,10\" \/><\/svg> <img src=\"https:\/\/tenerife-trips.com\/wp-content\/uploads\/2018\/01\/paragliding-Tenerife-1-scaled-thegem-post-thumb-small.jpg\" alt=\"paragliding Tenerife\" class=\"img-responsive\"> <span class=\"gem-gallery-caption slide-info\"> <\/span> <\/a> <span class=\"gem-gallery-line\"><\/span> <\/div> <\/div> <div class=\"gem-gallery-item\"> <div class=\"gem-gallery-item-image\"> <a href=\"https:\/\/tenerife-trips.com\/wp-content\/uploads\/2018\/01\/paragliding-Tenerife-scaled-thegem-gallery-sidebar.png\" data-fancybox-group=\"gallery-69e3445d1e193\" data-full-image-url=\"https:\/\/tenerife-trips.com\/wp-content\/uploads\/2018\/01\/paragliding-Tenerife-scaled.png\"> <svg width=\"20\" height=\"10\"><path d=\"M 0,10 Q 9,9 10,0 Q 11,9 20,10\" \/><\/svg> <img src=\"https:\/\/tenerife-trips.com\/wp-content\/uploads\/2018\/01\/paragliding-Tenerife-scaled-thegem-post-thumb-small.png\" alt=\"paragliding Tenerife\" class=\"img-responsive\"> <span class=\"gem-gallery-caption slide-info\"> <\/span> <\/a> <span class=\"gem-gallery-line\"><\/span> <\/div> <\/div> <div class=\"gem-gallery-item\"> <div class=\"gem-gallery-item-image\"> <a href=\"https:\/\/tenerife-trips.com\/wp-content\/uploads\/2018\/01\/paragliding-Tenerife-scaled-thegem-gallery-sidebar.jpg\" data-fancybox-group=\"gallery-69e3445d1e193\" data-full-image-url=\"https:\/\/tenerife-trips.com\/wp-content\/uploads\/2018\/01\/paragliding-Tenerife-scaled.jpg\"> <svg width=\"20\" height=\"10\"><path d=\"M 0,10 Q 9,9 10,0 Q 11,9 20,10\" \/><\/svg> <img src=\"https:\/\/tenerife-trips.com\/wp-content\/uploads\/2018\/01\/paragliding-Tenerife-scaled-thegem-post-thumb-small.jpg\" alt=\"paragliding Tenerife\" class=\"img-responsive\"> <span class=\"gem-gallery-caption slide-info\"> <\/span> <\/a> <span class=\"gem-gallery-line\"><\/span> <\/div> <\/div> <div class=\"gem-gallery-item\"> <div class=\"gem-gallery-item-image\"> <a href=\"https:\/\/tenerife-trips.com\/wp-content\/uploads\/2019\/12\/parapente-Tenerife-scaled-thegem-gallery-sidebar.jpg\" data-fancybox-group=\"gallery-69e3445d1e193\" data-full-image-url=\"https:\/\/tenerife-trips.com\/wp-content\/uploads\/2019\/12\/parapente-Tenerife-scaled.jpg\"> <svg width=\"20\" height=\"10\"><path d=\"M 0,10 Q 9,9 10,0 Q 11,9 20,10\" \/><\/svg> <img src=\"https:\/\/tenerife-trips.com\/wp-content\/uploads\/2019\/12\/parapente-Tenerife-scaled-thegem-post-thumb-small.jpg\" alt=\"parapente Tenerife\" class=\"img-responsive\"> <span class=\"gem-gallery-caption slide-info\"> <\/span> <\/a> <span class=\"gem-gallery-line\"><\/span> <\/div> <\/div> <div class=\"gem-gallery-item\"> <div class=\"gem-gallery-item-image\"> <a href=\"https:\/\/tenerife-trips.com\/wp-content\/uploads\/2019\/12\/paragliding-Tenerife-1-thegem-gallery-sidebar.png\" data-fancybox-group=\"gallery-69e3445d1e193\" data-full-image-url=\"https:\/\/tenerife-trips.com\/wp-content\/uploads\/2019\/12\/paragliding-Tenerife-1.png\"> <svg width=\"20\" height=\"10\"><path d=\"M 0,10 Q 9,9 10,0 Q 11,9 20,10\" \/><\/svg> <img src=\"https:\/\/tenerife-trips.com\/wp-content\/uploads\/2019\/12\/paragliding-Tenerife-1-thegem-post-thumb-small.png\" alt=\"\" class=\"img-responsive\"> <span class=\"gem-gallery-caption slide-info\"> <\/span> <\/a> <span class=\"gem-gallery-line\"><\/span> <\/div> <\/div> <div class=\"gem-gallery-item\"> <div class=\"gem-gallery-item-image\"> <a href=\"https:\/\/tenerife-trips.com\/wp-content\/uploads\/2019\/12\/parapente-Tenerife-thegem-gallery-sidebar.png\" data-fancybox-group=\"gallery-69e3445d1e193\" data-full-image-url=\"https:\/\/tenerife-trips.com\/wp-content\/uploads\/2019\/12\/parapente-Tenerife.png\"> <svg width=\"20\" height=\"10\"><path d=\"M 0,10 Q 9,9 10,0 Q 11,9 20,10\" \/><\/svg> <img src=\"https:\/\/tenerife-trips.com\/wp-content\/uploads\/2019\/12\/parapente-Tenerife-thegem-post-thumb-small.png\" alt=\"\" class=\"img-responsive\"> <span class=\"gem-gallery-caption slide-info\"> <\/span> <\/a> <span class=\"gem-gallery-line\"><\/span> <\/div> <\/div> <div class=\"gem-gallery-item\"> <div class=\"gem-gallery-item-image\"> <a href=\"https:\/\/tenerife-trips.com\/wp-content\/uploads\/2019\/12\/paralotnia-Teneryfa-thegem-gallery-sidebar.png\" data-fancybox-group=\"gallery-69e3445d1e193\" data-full-image-url=\"https:\/\/tenerife-trips.com\/wp-content\/uploads\/2019\/12\/paralotnia-Teneryfa.png\"> <svg width=\"20\" height=\"10\"><path d=\"M 0,10 Q 9,9 10,0 Q 11,9 20,10\" \/><\/svg> <img src=\"https:\/\/tenerife-trips.com\/wp-content\/uploads\/2019\/12\/paralotnia-Teneryfa-thegem-post-thumb-small.png\" alt=\"\" class=\"img-responsive\"> <span class=\"gem-gallery-caption slide-info\"> <\/span> <\/a> <span class=\"gem-gallery-line\"><\/span> <\/div> <\/div> <div class=\"gem-gallery-item\"> <div class=\"gem-gallery-item-image\"> <a href=\"https:\/\/tenerife-trips.com\/wp-content\/uploads\/2019\/12\/paragliding-Tenerife-2-thegem-gallery-sidebar.png\" data-fancybox-group=\"gallery-69e3445d1e193\" data-full-image-url=\"https:\/\/tenerife-trips.com\/wp-content\/uploads\/2019\/12\/paragliding-Tenerife-2.png\"> <svg width=\"20\" height=\"10\"><path d=\"M 0,10 Q 9,9 10,0 Q 11,9 20,10\" \/><\/svg> <img src=\"https:\/\/tenerife-trips.com\/wp-content\/uploads\/2019\/12\/paragliding-Tenerife-2-thegem-post-thumb-small.png\" alt=\"\" class=\"img-responsive\"> <span class=\"gem-gallery-caption slide-info\"> <\/span> <\/a> <span class=\"gem-gallery-line\"><\/span> <\/div> <\/div> <div class=\"gem-gallery-item\"> <div class=\"gem-gallery-item-image\"> <a href=\"https:\/\/tenerife-trips.com\/wp-content\/uploads\/2019\/12\/parapendio-Tenerife-scaled-thegem-gallery-sidebar.jpg\" data-fancybox-group=\"gallery-69e3445d1e193\" data-full-image-url=\"https:\/\/tenerife-trips.com\/wp-content\/uploads\/2019\/12\/parapendio-Tenerife-scaled.jpg\"> <svg width=\"20\" height=\"10\"><path d=\"M 0,10 Q 9,9 10,0 Q 11,9 20,10\" \/><\/svg> <img src=\"https:\/\/tenerife-trips.com\/wp-content\/uploads\/2019\/12\/parapendio-Tenerife-scaled-thegem-post-thumb-small.jpg\" alt=\"parapendio Tenerife\" class=\"img-responsive\"> <span class=\"gem-gallery-caption slide-info\"> <\/span> <\/a> <span class=\"gem-gallery-line\"><\/span> <\/div> <\/div> <div class=\"gem-gallery-item\"> <div class=\"gem-gallery-item-image\"> <a href=\"https:\/\/tenerife-trips.com\/wp-content\/uploads\/2019\/12\/paratrike-scaled-thegem-gallery-sidebar.png\" data-fancybox-group=\"gallery-69e3445d1e193\" data-full-image-url=\"https:\/\/tenerife-trips.com\/wp-content\/uploads\/2019\/12\/paratrike-scaled.png\"> <svg width=\"20\" height=\"10\"><path d=\"M 0,10 Q 9,9 10,0 Q 11,9 20,10\" \/><\/svg> <img src=\"https:\/\/tenerife-trips.com\/wp-content\/uploads\/2019\/12\/paratrike-scaled-thegem-post-thumb-small.png\" alt=\"\" class=\"img-responsive\"> <span class=\"gem-gallery-caption slide-info\"> <\/span> <\/a> <span class=\"gem-gallery-line\"><\/span> <\/div> <\/div> <\/div>[vc_empty_space][\/vc_column][\/vc_row][vc_row full_width=&#8221;stretch_row&#8221; css=&#8221;.vc_custom_1577671222333{background-color: #312c7a !important;background-position: center !important;background-repeat: no-repeat !important;background-size: cover !important;}&#8221;][vc_column][vc_column_text]<\/p>\n<h3 style=\"text-align: center;\"><span style=\"color: #ffffff; font-size: 18pt;\">OPIS\u00a0<\/span><\/h3>\n<p>[\/vc_column_text][\/vc_column][\/vc_row][vc_row][vc_column][vc_tta_accordion style=&#8221;simple_solid&#8221; color=&#8221;blue&#8221; c_icon=&#8221;chevron&#8221; active_section=&#8221;-0&#8243; collapsible_all=&#8221;true&#8221;][vc_tta_section title=&#8221;OPIS WYCIECZKI&#8221; tab_id=&#8221;1577671091617-0af8eee0-94020f62-84c4d41d-6d4a649f-0c7a8cfb-fc749821-1123&#8243;][vc_column_text css=&#8221;&#8221;]<\/p>\n<h3><span style=\"font-size: 12pt;\">Wycieczka <a href=\"https:\/\/pl.wikipedia.org\/wiki\/Paralotniarstwo\">paralotnia<\/a> Teneryfa to kapitalny spos\u00f3b, \u017ceby m\u00f3c podziwia\u0107 pi\u0119kny krajobraz wyspy podczas lotu w tandemie nad jej wybrze\u017cem. Jest to bez dw\u00f3ch zda\u0144 jedna z najfajniejszych atrakcji do zaliczenia, aby\u015b m\u00f3g\u0142 si\u0119 w pe\u0142ni cieszy\u0107 Twoimi wakacjami!<\/span><\/h3>\n<p><span style=\"font-size: 14pt;\">Przebywaj\u0105c w Costa Adeje czy te\u017c Puerto de la Cruz wystarczy spojrze\u0107 w g\u00f3r\u0119, aby zobaczy\u0107 ile paralotniarzy unosi si\u0119 nad wybrze\u017cem. Teneryfa jest s\u0142ynna w\u015br\u00f3d ludzi pasjonuj\u0105cych si\u0119 tym w\u0142a\u015bnie sportem. Wybieraj\u0105 t\u0119 wysp\u0119 ze wzgl\u0119du na dobre warunki pogodowe panuj\u0105ce tutaj przez ca\u0142y rok, co czyni j\u0105 idealnym miejscem do \u0107wicze\u0144.<\/span><\/p>\n<h3><span style=\"font-size: 12pt;\">NIE POTRZEBUJESZ \u017bADNEGO DO\u015aWIADCZENIA, ABY M\u00d3C POLECIE\u0106 Z PARALOTNIA TENERYFA; NAJWA\u017bNIEJSZYM JEST TW\u00d3J APETYT NA \u017bYCIE I CH\u0118\u0106 ZDOBYCIA NOWYCH, EMOCJONUJ\u0104CYCH DO\u015aWIADCZE\u0143.<\/span><\/h3>\n<p><span style=\"font-size: 14pt;\">Wycieczk\u0119 zaczynamy od odebrania Ci\u0119 z Twojego miejsca zakwaterowania. Oferujemy transfer z po\u0142udniowej Teneryfy (Los Cristianos, Playa de Las Americas, Costa Adeje) lub z Puerto de la Cruz. <\/span><span style=\"font-size: 14pt;\">Loty na po\u0142udniu wyspy rozpoczynaj\u0105 si\u0119 z g\u00f3r znajduj\u0105cych si\u0119 nad miasteczkiem Adeje, ok 15 minut drogi od Los Cristianos i Playa de Las Americas (lot z paratrike rozpoczyna si\u0119 z pola startowego w Costa Adeje). Gdy lot odbywa si\u0119 na p\u00f3\u0142nocy, startujemy z r\u00f3\u017cnych punkt\u00f3w startowych (zale\u017cy to od wiatru) w rejonie Valle de la Orotava\/Los Realejos.<\/span><\/p>\n<p><span style=\"font-size: 14pt;\">Przed startem i rozpocz\u0119ciem Twojej przygody z paralotni\u0105, nasz do\u015bwiadczony instruktor wyja\u015bni Ci podstawowe zasady bezpiecze\u0144stwa. Gdy ju\u017c wszystko zostanie wyja\u015bnione, nie pozostanie nam nic innego jak roz\u0142o\u017cy\u0107 tandem, rzuci\u0107 si\u0119 w bieg aby po chwili oderwa\u0107 si\u0119 od ziemi!<\/span><\/p>\n<p><span style=\"font-size: 14pt;\">Jak wida\u0107 na filmiku, szybuj\u0105c ponad ziemi\u0105, panorama, jak\u0105 b\u0119dziesz podziwia\u0107 jest fenomenalna, a sam lot paralotni\u0105 jest fantastycznym prze\u017cyciem. Widnie\u0107 za Tob\u0105 b\u0119dzie pasmo g\u00f3rskie teneryfy\u00a0 z majestatycznym szczytem Teide. Dla kontrastu, z przodu b\u0119dziesz m\u00f3g\u0142 delektowa\u0107 si\u0119 s\u0142onecznym wybrze\u017cem, pla\u017cami, zatokami, polami golfowymi i luksusowymi hotelami. Co wi\u0119cej, instruktor nakr\u0119ci z lotu profesjonalny filmik, kt\u00f3ry b\u0119dzie mo\u017cna zdoby\u0107 jako pami\u0105tk\u0119 na ko\u0144cu wycieczki.<\/span><\/p>\n<h3><span style=\"font-size: 12pt;\">Wycieczka paralotnia Teneryfa oferuje pi\u0119\u0107 rodzaji lotu: <\/span><\/h3>\n<ol>\n<li><span style=\"font-size: 14pt;\"><span style=\"text-decoration: underline;\">Standardowy<\/span>: osi\u0105ga wysoko\u015b\u0107 700 do 900 metr\u00f3w i trwa 10-20 minut. Odbywa si\u0119 na po\u0142udniu, l\u0105dowanie jest w Costa Adeje.<\/span><\/li>\n<li><span style=\"font-size: 14pt;\"><span style=\"text-decoration: underline;\">Rekomendowany<\/span>: osi\u0105ga wysoko\u015b\u0107 700 do 1100 metr\u00f3w i trwa 20-25 minut. Odbywa si\u0119 na po\u0142udniu, l\u0105dowanie jest w Costa Adeje.<\/span><\/li>\n<li><span style=\"font-size: 18.6667px;\"><span style=\"text-decoration: underline;\">Performance<\/span>: osi\u0105ga wysoko\u015b\u0107 700 do 1300 metr\u00f3w i trwa <span style=\"font-size: 14pt;\">25-30 minut. Odbywa si\u0119 na po\u0142udniu, l\u0105dowanie jest w Costa Adeje.<\/span><\/span><\/li>\n<li><u>P\u00f3\u0142nocne wybrze\u017ce<\/u>: rozpoczyna si\u0119 z r\u00f3\u017cnych punkt\u00f3w startowych (w zale\u017cno\u015bci od wiatru) w obszarze Valle de la Orotava\/Los Realejos i trwa 25-35 minut. L\u0105dowanie w Puerto de la Cruz (zazwyczaj), Las Caletillas lub Puertito de G\u00fc\u00edmar (zale\u017cy od wiatru).<\/li>\n<li><span style=\"font-size: 14pt;\"><span style=\"text-decoration: underline;\">Paratrike (motolotnia)<\/span>: startuje z pola startowego w Costa Adeje (na po\u0142udniu Teneryfy), zwykle lec\u0105c na niskiej wysoko\u015bci nad wybrze\u017cem. Czas trwania lotu wynosi oko\u0142o 20 minut.<\/span><\/li>\n<\/ol>\n<p><span style=\"color: #ff0000; font-size: 14pt;\"> Limit wagi to 100\/110 kg (120 kg dla paratrike). Prosimy o dok\u0142adne poinformowanie nas o swojej wadze i kondycji fizycznej, aby upewni\u0107 si\u0119, \u017ce lot jest mo\u017cliwy.<\/span><\/p>\n<p><span style=\"font-size: 14pt;\"><strong>ZAREZERWUJ JU\u017b TERAZ LOT PARALOTNI\u0104 NA TENERYFIE I PRZE\u017bYJ Z NAMI NIEZAPOMNIANE CHWILE!<\/strong><\/span>[\/vc_column_text][\/vc_tta_section][vc_tta_section title=&#8221;ROZK\u0141AD I TRANSFER&#8221; tab_id=&#8221;1577671091666-736a5870-75e30f62-84c4d41d-6d4a649f-0c7a8cfb-fc749821-1123&#8243;][vc_column_text css=&#8221;&#8221;]<span style=\"font-size: 14pt;\">Us\u0142uga transferu jest dost\u0119pna z po\u0142udnia wyspy (Los Cristianos, Playa de Las Americas, Costa Adeje) lub z Puerto de la Cruz. Prosimy o <\/span><span style=\"font-size: 14pt;\">uprzednie skontaktowanie si\u0119 z nami i sprawdzenie dost\u0119pno\u015bci transportu z Twojej okolicy.<\/span><\/p>\n<p><span style=\"text-decoration: underline; font-size: 14pt;\"><span style=\"color: #ff0000; text-decoration: underline;\">ROZK\u0141AD:<\/span><\/span><\/p>\n<p><span style=\"font-size: 14pt;\">Wycieczka jest dost\u0119pna codziennie, w celu ustalenia godziny prosimy o kontakt z obs\u0142ug\u0105 klienta.\u00a0<\/span><\/p>\n<p><strong><span style=\"font-size: 14pt;\">Ogl\u0105dnij nasz filmik video, przekonaj si\u0119, jak wygl\u0105da lot paralotnia Teneryfa i zarezerwuj swoj\u0105 lekcj\u0119 ju\u017c teraz!<\/span><\/strong>[\/vc_column_text][\/vc_tta_section][\/vc_tta_accordion]<style type=\"text\/css\">.thegem-button-69e3445d202784321 .gem-button svg {fill: #ffffff;}.thegem-button-69e3445d202784321 .gem-button:hover svg {fill: #312c7a;}<\/style><div class=\"gem-button-container gem-button-position-center thegem-button-69e3445d202784321    \"  ><a class=\"gem-button gem-button-size-small gem-button-style-flat gem-button-text-weight-normal\" data-ll-effect=\"drop-right-without-wrap\" style=\"border-radius: 3px;background-color: #312c7a;color: #ffffff;\" onmouseleave=\"this.style.backgroundColor='#312c7a';this.style.color='#ffffff';\" onmouseenter=\"this.style.backgroundColor='#f6eb14';this.style.color='#312c7a';\" href=\"#cennik-paragliding\" target=\"_self\">CENNIK<\/a><\/div> [\/vc_column][\/vc_row][vc_row full_width=&#8221;stretch_row_content&#8221; css=&#8221;.vc_custom_1577476060002{background-color: #312c7a !important;background-position: center !important;background-repeat: no-repeat !important;background-size: cover !important;}&#8221;][vc_column][vc_column_text]<\/p>\n<h3 style=\"text-align: center;\"><strong><span style=\"font-size: 18pt; color: #ffffff;\">ZAREZERWUJ TERAZ<\/span><\/strong><\/h3>\n<p>[\/vc_column_text][vc_empty_space height=&#8221;10px&#8221; el_id=&#8221;cennik-paragliding&#8221;][\/vc_column][\/vc_row]<\/p>\n<\/div>","protected":false},"excerpt":{"rendered":"<p>[vc_row full_width=&#8221;stretch_row_content_no_spaces&#8221;][vc_column][vc_column_text css=&#8221;.vc_custom_1743672236719{background-color: #F6EB14 !important;background-position: center !important;background-repeat: no-repeat !important;background-size: cover !important;}&#8221; css_animation=&#8221;fadeIn&#8221;] PARALOTNIARSTWO [\/vc_column_text][\/vc_column][\/vc_row][vc_row][vc_column][vc_column_text] Wycieczka paralotnia Teneryfa to kapitalny spos\u00f3b,&#8230;<\/p>\n","protected":false},"featured_media":378294,"template":"","meta":{"_acf_changed":false,"_seopress_robots_primary_cat":"0","_seopress_titles_title":"Paralotnia Teneryfa idealn\u0105 propozycj\u0105 dla tych, co szukaj\u0105 wra\u017ce\u0144","_seopress_titles_desc":"Lot paralotnia Teneryfa to niezwyk\u0142e do\u015bwiadczenie. Pole\u0107 pod okiem profesjonalnego pilota i ciesz si\u0119 w pe\u0142ni Twoimi wakacjami","_seopress_robots_index":""},"product_brand":[],"product_cat":[2541],"product_tag":[2532,2530,2529,2533,2531],"class_list":{"0":"post-59401","1":"product","2":"type-product","3":"status-publish","4":"has-post-thumbnail","6":"product_cat-sporty-lotnicze","7":"product_tag-atrakcje-na-teneryfie","8":"product_tag-paralotniarstwo-na-teneryfie","9":"product_tag-paralotniarstwo-teneryfa","10":"product_tag-sporty-ekstremalne-teneryfa","11":"product_tag-sporty-lotnicze-teneryfa","13":"first","14":"instock","15":"virtual","16":"sold-individually","17":"taxable","18":"purchasable","19":"product-type-booking"},"booking_location":"","booking_location_type":"","booking_duration":1,"booking_duration_unit":"hour","booking_buffer":0,"booking_cost":0,"booking_resources":[],"acf":[],"_links":{"self":[{"href":"https:\/\/tenerife-trips.com\/pl\/wp-json\/wp\/v2\/product\/59401","targetHints":{"allow":["GET"]}}],"collection":[{"href":"https:\/\/tenerife-trips.com\/pl\/wp-json\/wp\/v2\/product"}],"about":[{"href":"https:\/\/tenerife-trips.com\/pl\/wp-json\/wp\/v2\/types\/product"}],"wp:featuredmedia":[{"embeddable":true,"href":"https:\/\/tenerife-trips.com\/pl\/wp-json\/wp\/v2\/media\/378294"}],"wp:attachment":[{"href":"https:\/\/tenerife-trips.com\/pl\/wp-json\/wp\/v2\/media?parent=59401"}],"wp:term":[{"taxonomy":"product_brand","embeddable":true,"href":"https:\/\/tenerife-trips.com\/pl\/wp-json\/wp\/v2\/product_brand?post=59401"},{"taxonomy":"product_cat","embeddable":true,"href":"https:\/\/tenerife-trips.com\/pl\/wp-json\/wp\/v2\/product_cat?post=59401"},{"taxonomy":"product_tag","embeddable":true,"href":"https:\/\/tenerife-trips.com\/pl\/wp-json\/wp\/v2\/product_tag?post=59401"}],"curies":[{"name":"wp","href":"https:\/\/api.w.org\/{rel}","templated":true}]}}