{"id":59625,"date":"2018-01-18T16:25:42","date_gmt":"2018-01-18T16:25:42","guid":{"rendered":"https:\/\/tenerife-trips.com\/?post_type=product&#038;p=59625"},"modified":"2025-12-03T12:15:45","modified_gmt":"2025-12-03T12:15:45","slug":"rejsy-statkiem-teneryfa","status":"publish","type":"product","link":"https:\/\/tenerife-trips.com\/pl\/product\/rejsy-statkiem\/rejsy-statkiem-teneryfa\/","title":{"rendered":"REJS \u017bAGLOWCEM"},"content":{"rendered":"<div class=\"wpb-content-wrapper\"><p>[vc_row full_width=&#8221;stretch_row_content_no_spaces&#8221;][vc_column][vc_column_text css=&#8221;.vc_custom_1743671841430{background-color: #F6EB14 !important;background-position: center !important;background-repeat: no-repeat !important;background-size: cover !important;}&#8221; css_animation=&#8221;fadeIn&#8221;]<\/p>\n<h1 class=\"title-h2\" style=\"text-align: center;\"><span style=\"font-size: 18pt; color: #312c7a;\">REJS \u017bAGLOWCEM<\/span><\/h1>\n<p>[\/vc_column_text][\/vc_column][\/vc_row][vc_row][vc_column][vc_column_text]<\/p>\n<p style=\"text-align: center;\"><span style=\"font-size: 14pt;\">Obserwacja delfin\u00f3w oraz wieloryb\u00f3w wyst\u0119puj\u0105cych na Teneryfie to niezwyk\u0142e prze\u017cycie, kt\u00f3rego nie mo\u017cna przegapi\u0107 podczas wizyty na wyspie. Podczas tej widokowej wycieczki rejsy statkiem Teneryfa na pok\u0142adzie \u017caglowca poznasz obfite \u017cycie morskie Wysp Kanaryjskich i odpoczniesz od t\u0142um\u00f3w. Morze pomi\u0119dzy Teneryf\u0105 i La Gomer\u0105 jest pod ochron\u0105 b\u0119d\u0105c jednocze\u015bnie rezerwatem przyrody, kt\u00f3ry rz\u0105d Wysp Kanaryjskich konserwuje dbaj\u0105c o t\u0105 niezwyk\u0142\u0105 przyrod\u0119 morsk\u0105.<\/span><\/p>\n<p style=\"text-align: center;\"><span style=\"font-size: 14pt;\"><strong>\u21d3 Sp\u00f3jrz na dalszy opis poni\u017cej \u21d3<\/strong><\/span><\/p>\n<p>[\/vc_column_text][\/vc_column][\/vc_row][vc_row full_width=&#8221;stretch_row_content&#8221; full_height=&#8221;yes&#8221; css=&#8221;.vc_custom_1576192123211{background-color: #312c7a !important;background-position: center !important;background-repeat: no-repeat !important;background-size: cover !important;}&#8221;][vc_column]<div class=\"gem-vimeo gem-wrapbox gem-wrapbox-style-no-style rounded-corners gem-wrapbox-position-below\" style=\"width: 100%;\"><div class=\"gem-wrapbox-inner gem-ratio-style\" style=\"padding-top: 56.25%\"><iframe webkitallowfullscreen=\"true\" mozallowfullscreen=\"true\" allowfullscreen=\"true\" class=\"gem-wrapbox-element img-responsive\" frameborder=\"0\" scrolling=\"no\" marginheight=\"0\" marginwidth=\"0\" src=\"\/\/player.vimeo.com\/video\/332838748?title=0&amp;byline=0&amp;portrait=0 \"><\/iframe><\/div><\/div>[vc_empty_space]<div class=\"preloader\"><div class=\"preloader-spin\"><\/div><\/div> <div id=\"gem-gallery-69e345066a8da\" class=\"gem-gallery gem-gallery-hover-zooming-blur\"> <div class=\"gem-gallery-item\"> <div class=\"gem-gallery-item-image\"> <a href=\"https:\/\/tenerife-trips.com\/wp-content\/uploads\/2019\/12\/whale-watching-Tenerife-2-1-scaled-thegem-gallery-sidebar.jpg\" data-fancybox-group=\"gallery-69e345066a8da\" data-full-image-url=\"https:\/\/tenerife-trips.com\/wp-content\/uploads\/2019\/12\/whale-watching-Tenerife-2-1-scaled.jpg\"> <svg width=\"20\" height=\"10\"><path d=\"M 0,10 Q 9,9 10,0 Q 11,9 20,10\" \/><\/svg> <img src=\"https:\/\/tenerife-trips.com\/wp-content\/uploads\/2019\/12\/whale-watching-Tenerife-2-1-scaled-thegem-post-thumb-small.jpg\" alt=\"whale watching Tenerife\" class=\"img-responsive\"> <span class=\"gem-gallery-caption slide-info\"> <\/span> <\/a> <span class=\"gem-gallery-line\"><\/span> <\/div> <\/div> <div class=\"gem-gallery-item\"> <div class=\"gem-gallery-item-image\"> <a href=\"https:\/\/tenerife-trips.com\/wp-content\/uploads\/2018\/01\/whale-watching-Tenerife-1-thegem-gallery-sidebar.jpg\" data-fancybox-group=\"gallery-69e345066a8da\" data-full-image-url=\"https:\/\/tenerife-trips.com\/wp-content\/uploads\/2018\/01\/whale-watching-Tenerife-1.jpg\"> <svg width=\"20\" height=\"10\"><path d=\"M 0,10 Q 9,9 10,0 Q 11,9 20,10\" \/><\/svg> <img src=\"https:\/\/tenerife-trips.com\/wp-content\/uploads\/2018\/01\/whale-watching-Tenerife-1-thegem-post-thumb-small.jpg\" alt=\"\" class=\"img-responsive\"> <span class=\"gem-gallery-caption slide-info\"> <\/span> <\/a> <span class=\"gem-gallery-line\"><\/span> <\/div> <\/div> <div class=\"gem-gallery-item\"> <div class=\"gem-gallery-item-image\"> <a href=\"https:\/\/tenerife-trips.com\/wp-content\/uploads\/2018\/01\/whale-watching-Tenerife-thegem-gallery-sidebar.jpg\" data-fancybox-group=\"gallery-69e345066a8da\" data-full-image-url=\"https:\/\/tenerife-trips.com\/wp-content\/uploads\/2018\/01\/whale-watching-Tenerife.jpg\"> <svg width=\"20\" height=\"10\"><path d=\"M 0,10 Q 9,9 10,0 Q 11,9 20,10\" \/><\/svg> <img src=\"https:\/\/tenerife-trips.com\/wp-content\/uploads\/2018\/01\/whale-watching-Tenerife-thegem-post-thumb-small.jpg\" alt=\"whale watching Tenerife\" class=\"img-responsive\"> <span class=\"gem-gallery-caption slide-info\"> <\/span> <\/a> <span class=\"gem-gallery-line\"><\/span> <\/div> <\/div> <div class=\"gem-gallery-item\"> <div class=\"gem-gallery-item-image\"> <a href=\"https:\/\/tenerife-trips.com\/wp-content\/uploads\/2019\/12\/whale-watching-Tenerife-2-thegem-gallery-sidebar.jpg\" data-fancybox-group=\"gallery-69e345066a8da\" data-full-image-url=\"https:\/\/tenerife-trips.com\/wp-content\/uploads\/2019\/12\/whale-watching-Tenerife-2.jpg\"> <svg width=\"20\" height=\"10\"><path d=\"M 0,10 Q 9,9 10,0 Q 11,9 20,10\" \/><\/svg> <img src=\"https:\/\/tenerife-trips.com\/wp-content\/uploads\/2019\/12\/whale-watching-Tenerife-2-thegem-post-thumb-small.jpg\" alt=\"whale watching Tenerife\" class=\"img-responsive\"> <span class=\"gem-gallery-caption slide-info\"> <\/span> <\/a> <span class=\"gem-gallery-line\"><\/span> <\/div> <\/div> <div class=\"gem-gallery-item\"> <div class=\"gem-gallery-item-image\"> <a href=\"https:\/\/tenerife-trips.com\/wp-content\/uploads\/2019\/12\/avistamiento-de-ballenas-Tenerife-thegem-gallery-sidebar.jpg\" data-fancybox-group=\"gallery-69e345066a8da\" data-full-image-url=\"https:\/\/tenerife-trips.com\/wp-content\/uploads\/2019\/12\/avistamiento-de-ballenas-Tenerife.jpg\"> <svg width=\"20\" height=\"10\"><path d=\"M 0,10 Q 9,9 10,0 Q 11,9 20,10\" \/><\/svg> <img src=\"https:\/\/tenerife-trips.com\/wp-content\/uploads\/2019\/12\/avistamiento-de-ballenas-Tenerife-thegem-post-thumb-small.jpg\" alt=\"avistamiento de ballenas Tenerife\" class=\"img-responsive\"> <span class=\"gem-gallery-caption slide-info\"> <\/span> <\/a> <span class=\"gem-gallery-line\"><\/span> <\/div> <\/div> <div class=\"gem-gallery-item\"> <div class=\"gem-gallery-item-image\"> <a href=\"https:\/\/tenerife-trips.com\/wp-content\/uploads\/2019\/12\/barca-a-vela-Tenerife-thegem-gallery-sidebar.jpg\" data-fancybox-group=\"gallery-69e345066a8da\" data-full-image-url=\"https:\/\/tenerife-trips.com\/wp-content\/uploads\/2019\/12\/barca-a-vela-Tenerife.jpg\"> <svg width=\"20\" height=\"10\"><path d=\"M 0,10 Q 9,9 10,0 Q 11,9 20,10\" \/><\/svg> <img src=\"https:\/\/tenerife-trips.com\/wp-content\/uploads\/2019\/12\/barca-a-vela-Tenerife-thegem-post-thumb-small.jpg\" alt=\"barca a vela Tenerife\" class=\"img-responsive\"> <span class=\"gem-gallery-caption slide-info\"> <\/span> <\/a> <span class=\"gem-gallery-line\"><\/span> <\/div> <\/div> <\/div>[vc_empty_space][\/vc_column][\/vc_row][vc_row full_width=&#8221;stretch_row&#8221; css=&#8221;.vc_custom_1600445315646{background-color: #312c7a !important;background-position: center !important;background-repeat: no-repeat !important;background-size: cover !important;}&#8221;][vc_column][vc_column_text]<\/p>\n<h3 style=\"text-align: center;\"><span style=\"color: #ffffff;\"><span style=\"font-size: 18pt;\">OPIS\u00a0<\/span><\/span><\/h3>\n<p>[\/vc_column_text][\/vc_column][\/vc_row][vc_row][vc_column][vc_tta_accordion style=&#8221;simple_solid&#8221; color=&#8221;blue&#8221; c_icon=&#8221;chevron&#8221; active_section=&#8221;-0&#8243; collapsible_all=&#8221;true&#8221;][vc_tta_section title=&#8221;OPIS WYCIECZKI&#8221; tab_id=&#8221;1577671091617-0af8eee0-94020f62-84c4fe8b-78af&#8221;][vc_column_text]<\/p>\n<h3><span style=\"font-size: 12pt;\">Wycieczk\u0119 rejsy statkiem teneryfa zaczynamy od spotkania si\u0119 w porcie w playa de las americas, gdzie<\/span><span style=\"font-size: 12pt;\"> zakotwiczona jest nasza \u0142\u00f3d\u017a \u017caglowa. gdy ju\u017c wszyscy znajd\u0105 si\u0119 na pok\u0142adzie, opuszczamy przysta\u0144 i ruszamy rozpocz\u0105\u0107 niezwyk\u0142\u0105 morsk\u0105 przygod\u0119.<\/span><\/h3>\n<p><span style=\"font-size: 14pt;\">W wodach Wysp Kanaryjskich wyst\u0119puj\u0105 przyjazne wieloryby oraz delfiny, kt\u00f3re mo\u017cna obserwowa\u0107 przez ca\u0142y rok. Podczas rejsu widokowego oddalamy si\u0119 par\u0119 kilometr\u00f3w od wybrze\u017ca w poszukiwaniu tych w\u0142a\u015bnie osobnik\u00f3w, aby m\u00f3c ogl\u0105da\u0107 je wolne i szcz\u0119\u015bliwe w ich naturalnym \u015brodowisku.<\/span><\/p>\n<h3><span style=\"font-size: 12pt;\">istnieje bardzo wysokie prawdopodobie\u0144stwo napotkania wieloryb\u00f3w podczas wycieczki rejsy statkiem Teneryfa.<\/span><span style=\"font-size: 12pt;\"><a href=\"https:\/\/pl.wikipedia.org\/wiki\/Grindwal\">\u00a0grindwale<\/a> (walenie z rodziny delfin\u00f3w oceanicznych) powolnie p\u0142ywaj\u0105 w morzu, wynurzaj\u0105c si\u0119 z wody, aby nabra\u0107 powietrza. Doros\u0142e osobniki osi\u0105gaj\u0105 do 7 metr\u00f3w d\u0142ugo\u015bci i cz\u0119sto mo\u017cna je zauwa\u017cy\u0107 w grupie z m\u0142odym potomstwem. Delfiny z kolei s\u0105 niezwykle ciekawskie i towarzyskie, zdarza im si\u0119 bawi\u0107 \u015bcigaj\u0105c \u0142\u00f3dki, rado\u015bnie przy tym wyskakuj\u0105c z wody. Najbardziej popularnym ich gatunkiem wyst\u0119puj\u0105cym na Teneryfie s\u0105 delfiny butelkonose.<\/span><\/h3>\n<p><span style=\"font-size: 14pt;\">Po zako\u0144czeniu tej niesamowitej obserwacji udajemy si\u0119 w stron\u0119 wybrze\u017ca, gdzie zatrzymamy si\u0119 na oko\u0142o godzin\u0119, aby m\u00f3c co\u015b zje\u015b\u0107 i zrelaksowa\u0107 si\u0119 na pok\u0142adzie \u0142odzi b\u0105d\u017a te\u017c zanurzy\u0107 w wodzie. Zazwyczaj punktem postoju jest pla\u017ca Diego Hernandez, naturalna piaszczysta pla\u017ca po\u0142o\u017cona w rejonie Costa Adeje. Oferujemy przek\u0105ski takie jak kanapki oraz napoje bezalkoholowe, wod\u0119, sangri\u0119, piwo oraz wino musuj\u0105ce. Je\u015bli tylko b\u0119dziesz mia\u0142 ochot\u0119 pop\u0142ywa\u0107, zapewnimy Ci sprz\u0119t do nurkowania. Jak ju\u017c wszyscy b\u0119d\u0105 gotowi do powrotu, udamy si\u0119 do tego samego portu, z kt\u00f3rego wyp\u0142yn\u0119li\u015bmy.<\/span><\/p>\n<h3><span style=\"font-size: 12pt;\">WYCIECZKA REJSY STATKIEM TENERYFA trwa 3 godziny. Maksymalna liczba pasa\u017cer\u00f3w dozwolonych na pok\u0142adzie to 11 os\u00f3b, co zapewni Ci ca\u0142kowity komfort i pozwoli zrelaksowa\u0107 si\u0119 z dala od zgie\u0142ku.<\/span><\/h3>\n<p>[\/vc_column_text][\/vc_tta_section][vc_tta_section title=&#8221;ROZK\u0141AD I TRANSFER&#8221; tab_id=&#8221;1577671091666-736a5870-75e30f62-84c4fe8b-78af&#8221;][vc_column_text css=&#8221;&#8221;]<span style=\"font-size: 14pt;\">\u0141\u00f3d\u017a wyp\u0142ywa z <a href=\"https:\/\/maps.app.goo.gl\/VkyphbYnQ9AaPvVz5\" target=\"_blank\" rel=\"noopener\">Puerto Colon<\/a>. Us\u0142uga transportu jest dost\u0119pna dla wycieczki w grupie w obszarze mi\u0119dzy Playa Paraiso i Los Cristianos oraz dla prywatnej wycieczki w obszarze mi\u0119dzy Los Gigantes i Golf del Sur. Us\u0142uga transportu podlega dodatkowej op\u0142acie, prosimy o kontakt z naszym dzia\u0142em obs\u0142ugi klienta w celu uzyskania szczeg\u00f3\u0142\u00f3w.\u00a0<\/span><\/p>\n<p><span style=\"text-decoration: underline; font-size: 14pt;\"><span style=\"color: #ff0000; text-decoration: underline;\">ROZK\u0141AD:<\/span><\/span><\/p>\n<p><span style=\"font-size: 14pt;\">Wycieczka odbywa si\u0119 codziennie. Skontaktuj si\u0119 z obs\u0142ug\u0105 klienta w celu zapoznania si\u0119 z rozk\u0142adem godzin.<\/span><\/p>\n<p><span style=\"font-size: 14pt;\"><strong>OBEJRZYJ FILMIK, PRZEKONAJ SI\u0118, JAK WYGL\u0104DA NASZ REJS I ZAREZERWUJ JU\u017b TERAZ!<\/strong><\/span>[\/vc_column_text][\/vc_tta_section][\/vc_tta_accordion]<style type=\"text\/css\">.thegem-button-69e345066c1733365 .gem-button svg {fill: #ffffff;}.thegem-button-69e345066c1733365 .gem-button:hover svg {fill: #312c7a;}<\/style><div class=\"gem-button-container gem-button-position-center thegem-button-69e345066c1733365    \"  ><a class=\"gem-button gem-button-size-small gem-button-style-flat gem-button-text-weight-normal\" data-ll-effect=\"drop-right-without-wrap\" style=\"border-radius: 3px;background-color: #312c7a;color: #ffffff;\" onmouseleave=\"this.style.backgroundColor='#312c7a';this.style.color='#ffffff';\" onmouseenter=\"this.style.backgroundColor='#f6eb14';this.style.color='#312c7a';\" href=\"#cennik-vela\" target=\"_self\">CENNIK<\/a><\/div> [\/vc_column][\/vc_row][vc_row full_width=&#8221;stretch_row_content&#8221; css=&#8221;.vc_custom_1600445341055{background-color: #312c7a !important;background-position: center !important;background-repeat: no-repeat !important;background-size: cover !important;}&#8221;][vc_column][vc_column_text]<\/p>\n<h3 style=\"text-align: center;\"><span style=\"color: #ffffff;\"><strong><span style=\"font-size: 18pt;\">ZAREZERWUJ TERAZ<\/span><\/strong><\/span><\/h3>\n<p>[\/vc_column_text][vc_empty_space height=&#8221;10px&#8221; el_id=&#8221;cennik-vela&#8221;][\/vc_column][\/vc_row]<\/p>\n<\/div>","protected":false},"excerpt":{"rendered":"<p>[vc_row full_width=&#8221;stretch_row_content_no_spaces&#8221;][vc_column][vc_column_text css=&#8221;.vc_custom_1743671841430{background-color: #F6EB14 !important;background-position: center !important;background-repeat: no-repeat !important;background-size: cover !important;}&#8221; css_animation=&#8221;fadeIn&#8221;] REJS \u017bAGLOWCEM [\/vc_column_text][\/vc_column][\/vc_row][vc_row][vc_column][vc_column_text] Obserwacja delfin\u00f3w oraz wieloryb\u00f3w wyst\u0119puj\u0105cych&#8230;<\/p>\n","protected":false},"featured_media":71202,"template":"","meta":{"_acf_changed":false,"_seopress_robots_primary_cat":"0","_seopress_titles_title":"Rejsy statkiem Teneryfa, niezywk\u0142y rejs \u017caglowcem","_seopress_titles_desc":"Rejsy statkiem Teneryfa, obserwacja wieloryb\u00f3w i delfin\u00f3w w ich naturalnym \u015brodowisku b\u0119dzie niezwyk\u0142\u0105 przygod\u0105 podczas Twoich wakacji","_seopress_robots_index":""},"product_brand":[],"product_cat":[2539],"product_tag":[2534,2536,2535,2538,2537],"class_list":{"0":"post-59625","1":"product","2":"type-product","3":"status-publish","4":"has-post-thumbnail","6":"product_cat-rejsy-statkiem","7":"product_tag-rejs-zaglowcem-teneryfa","8":"product_tag-rejsy-statkiem-teneryfa","9":"product_tag-rejsy-widokowe-teneryfa","10":"product_tag-wyczieczki-teneryfa","11":"product_tag-zaglowka-teneryfa","13":"first","14":"instock","15":"virtual","16":"sold-individually","17":"taxable","18":"purchasable","19":"product-type-booking"},"booking_location":"","booking_location_type":"","booking_duration":1,"booking_duration_unit":"day","booking_buffer":0,"booking_cost":0,"booking_resources":[],"acf":[],"_links":{"self":[{"href":"https:\/\/tenerife-trips.com\/pl\/wp-json\/wp\/v2\/product\/59625","targetHints":{"allow":["GET"]}}],"collection":[{"href":"https:\/\/tenerife-trips.com\/pl\/wp-json\/wp\/v2\/product"}],"about":[{"href":"https:\/\/tenerife-trips.com\/pl\/wp-json\/wp\/v2\/types\/product"}],"wp:featuredmedia":[{"embeddable":true,"href":"https:\/\/tenerife-trips.com\/pl\/wp-json\/wp\/v2\/media\/71202"}],"wp:attachment":[{"href":"https:\/\/tenerife-trips.com\/pl\/wp-json\/wp\/v2\/media?parent=59625"}],"wp:term":[{"taxonomy":"product_brand","embeddable":true,"href":"https:\/\/tenerife-trips.com\/pl\/wp-json\/wp\/v2\/product_brand?post=59625"},{"taxonomy":"product_cat","embeddable":true,"href":"https:\/\/tenerife-trips.com\/pl\/wp-json\/wp\/v2\/product_cat?post=59625"},{"taxonomy":"product_tag","embeddable":true,"href":"https:\/\/tenerife-trips.com\/pl\/wp-json\/wp\/v2\/product_tag?post=59625"}],"curies":[{"name":"wp","href":"https:\/\/api.w.org\/{rel}","templated":true}]}}