{"id":59873,"date":"2018-01-26T13:17:02","date_gmt":"2018-01-26T13:17:02","guid":{"rendered":"https:\/\/tenerife-trips.com\/?post_type=product&#038;p=59873"},"modified":"2026-03-14T09:53:48","modified_gmt":"2026-03-14T09:53:48","slug":"teneryfa-delfiny","status":"publish","type":"product","link":"https:\/\/tenerife-trips.com\/pl\/product\/rejsy-statkiem\/teneryfa-delfiny\/","title":{"rendered":"\u0141\u00d3D\u0179 MOTOROWA"},"content":{"rendered":"<div class=\"wpb-content-wrapper\"><p>[vc_row full_width=&#8221;stretch_row_content_no_spaces&#8221;][vc_column][vc_column_text css=&#8221;.vc_custom_1743671385684{background-color: #F6EB14 !important;background-position: center !important;background-repeat: no-repeat !important;background-size: cover !important;}&#8221; css_animation=&#8221;fadeIn&#8221;]<\/p>\n<h1 class=\"title-h2\" style=\"text-align: center;\"><span style=\"font-size: 18pt; color: #312c7a;\">\u0141\u00d3D\u0179 MOTOROWA<\/span><\/h1>\n<p>[\/vc_column_text][\/vc_column][\/vc_row][vc_row][vc_column][vc_column_text]<\/p>\n<p style=\"text-align: center;\"><span style=\"font-size: 14pt;\">Wycieczka z obserwacj\u0105 Teneryfa delfiny i wieloryby &#8211; niezwyk\u0142e prze\u017cycie, kt\u00f3rego nie mo\u017cna przegapi\u0107 podczas wizyty na wyspie. Podczas tej widokowej wycieczki rejsy statkiem Teneryfa na pok\u0142adzie \u017caglowca poznasz obfite \u017cycie morskie Wysp Kanaryjskich i odpoczniesz od t\u0142um\u00f3w. Morze pomi\u0119dzy Teneryf\u0105 i La Gomer\u0105 jest pod ochron\u0105, b\u0119d\u0105c jednocze\u015bnie rezerwatem przyrody, konserwowanym przez rz\u0105d Wysp Kanaryjskich.<\/span><\/p>\n<p style=\"text-align: center;\"><span style=\"font-size: 14pt;\"><strong>\u21d3 Sp\u00f3jrz na dalszy opis poni\u017cej \u21d3<\/strong><\/span><\/p>\n<p>[\/vc_column_text][\/vc_column][\/vc_row][vc_row full_width=&#8221;stretch_row_content&#8221; full_height=&#8221;yes&#8221; css=&#8221;.vc_custom_1576192123211{background-color: #312c7a !important;background-position: center !important;background-repeat: no-repeat !important;background-size: cover !important;}&#8221;][vc_column]<div class=\"gem-vimeo gem-wrapbox gem-wrapbox-style-no-style rounded-corners gem-wrapbox-position-below\" style=\"width: 100%;\"><div class=\"gem-wrapbox-inner gem-ratio-style\" style=\"padding-top: 56.25%\"><iframe webkitallowfullscreen=\"true\" mozallowfullscreen=\"true\" allowfullscreen=\"true\" class=\"gem-wrapbox-element img-responsive\" frameborder=\"0\" scrolling=\"no\" marginheight=\"0\" marginwidth=\"0\" src=\"\/\/player.vimeo.com\/video\/357066522?title=0&amp;byline=0&amp;portrait=0 \"><\/iframe><\/div><\/div>[vc_empty_space]<div class=\"preloader\"><div class=\"preloader-spin\"><\/div><\/div> <div id=\"gem-gallery-69d63d496a059\" class=\"gem-gallery gem-gallery-hover-zooming-blur\"> <div class=\"gem-gallery-item\"> <div class=\"gem-gallery-item-image\"> <a href=\"https:\/\/tenerife-trips.com\/wp-content\/uploads\/2019\/12\/power-boat-1-1-thegem-gallery-sidebar.png\" data-fancybox-group=\"gallery-69d63d496a059\" data-full-image-url=\"https:\/\/tenerife-trips.com\/wp-content\/uploads\/2019\/12\/power-boat-1-1.png\"> <svg width=\"20\" height=\"10\"><path d=\"M 0,10 Q 9,9 10,0 Q 11,9 20,10\" \/><\/svg> <img src=\"https:\/\/tenerife-trips.com\/wp-content\/uploads\/2019\/12\/power-boat-1-1-thegem-post-thumb-small.png\" alt=\"\" class=\"img-responsive\"> <span class=\"gem-gallery-caption slide-info\"> <\/span> <\/a> <span class=\"gem-gallery-line\"><\/span> <\/div> <\/div> <div class=\"gem-gallery-item\"> <div class=\"gem-gallery-item-image\"> <a href=\"https:\/\/tenerife-trips.com\/wp-content\/uploads\/2019\/12\/power-boat-2-thegem-gallery-sidebar.png\" data-fancybox-group=\"gallery-69d63d496a059\" data-full-image-url=\"https:\/\/tenerife-trips.com\/wp-content\/uploads\/2019\/12\/power-boat-2.png\"> <svg width=\"20\" height=\"10\"><path d=\"M 0,10 Q 9,9 10,0 Q 11,9 20,10\" \/><\/svg> <img src=\"https:\/\/tenerife-trips.com\/wp-content\/uploads\/2019\/12\/power-boat-2-thegem-post-thumb-small.png\" alt=\"\" class=\"img-responsive\"> <span class=\"gem-gallery-caption slide-info\"> <\/span> <\/a> <span class=\"gem-gallery-line\"><\/span> <\/div> <\/div> <div class=\"gem-gallery-item\"> <div class=\"gem-gallery-item-image\"> <a href=\"https:\/\/tenerife-trips.com\/wp-content\/uploads\/2019\/12\/b-1-thegem-gallery-sidebar.jpg\" data-fancybox-group=\"gallery-69d63d496a059\" data-full-image-url=\"https:\/\/tenerife-trips.com\/wp-content\/uploads\/2019\/12\/b-1.jpg\"> <svg width=\"20\" height=\"10\"><path d=\"M 0,10 Q 9,9 10,0 Q 11,9 20,10\" \/><\/svg> <img src=\"https:\/\/tenerife-trips.com\/wp-content\/uploads\/2019\/12\/b-1-thegem-post-thumb-small.jpg\" alt=\"whales in Tenerife\" class=\"img-responsive\"> <span class=\"gem-gallery-caption slide-info\"> <\/span> <\/a> <span class=\"gem-gallery-line\"><\/span> <\/div> <\/div> <div class=\"gem-gallery-item\"> <div class=\"gem-gallery-item-image\"> <a href=\"https:\/\/tenerife-trips.com\/wp-content\/uploads\/2019\/12\/d-1-thegem-gallery-sidebar.jpg\" data-fancybox-group=\"gallery-69d63d496a059\" data-full-image-url=\"https:\/\/tenerife-trips.com\/wp-content\/uploads\/2019\/12\/d-1.jpg\"> <svg width=\"20\" height=\"10\"><path d=\"M 0,10 Q 9,9 10,0 Q 11,9 20,10\" \/><\/svg> <img src=\"https:\/\/tenerife-trips.com\/wp-content\/uploads\/2019\/12\/d-1-thegem-post-thumb-small.jpg\" alt=\"whales in Tenerife\" class=\"img-responsive\"> <span class=\"gem-gallery-caption slide-info\"> <\/span> <\/a> <span class=\"gem-gallery-line\"><\/span> <\/div> <\/div> <div class=\"gem-gallery-item\"> <div class=\"gem-gallery-item-image\"> <a href=\"https:\/\/tenerife-trips.com\/wp-content\/uploads\/2019\/12\/a-1-thegem-gallery-sidebar.jpg\" data-fancybox-group=\"gallery-69d63d496a059\" data-full-image-url=\"https:\/\/tenerife-trips.com\/wp-content\/uploads\/2019\/12\/a-1.jpg\"> <svg width=\"20\" height=\"10\"><path d=\"M 0,10 Q 9,9 10,0 Q 11,9 20,10\" \/><\/svg> <img src=\"https:\/\/tenerife-trips.com\/wp-content\/uploads\/2019\/12\/a-1-thegem-post-thumb-small.jpg\" alt=\"whales in Tenerife\" class=\"img-responsive\"> <span class=\"gem-gallery-caption slide-info\"> <\/span> <\/a> <span class=\"gem-gallery-line\"><\/span> <\/div> <\/div> <div class=\"gem-gallery-item\"> <div class=\"gem-gallery-item-image\"> <a href=\"https:\/\/tenerife-trips.com\/wp-content\/uploads\/2019\/12\/c-1-thegem-gallery-sidebar.jpg\" data-fancybox-group=\"gallery-69d63d496a059\" data-full-image-url=\"https:\/\/tenerife-trips.com\/wp-content\/uploads\/2019\/12\/c-1.jpg\"> <svg width=\"20\" height=\"10\"><path d=\"M 0,10 Q 9,9 10,0 Q 11,9 20,10\" \/><\/svg> <img src=\"https:\/\/tenerife-trips.com\/wp-content\/uploads\/2019\/12\/c-1-thegem-post-thumb-small.jpg\" alt=\"whales in Tenerife\" class=\"img-responsive\"> <span class=\"gem-gallery-caption slide-info\"> <\/span> <\/a> <span class=\"gem-gallery-line\"><\/span> <\/div> <\/div> <div class=\"gem-gallery-item\"> <div class=\"gem-gallery-item-image\"> <a href=\"https:\/\/tenerife-trips.com\/wp-content\/uploads\/2019\/12\/7-3-thegem-gallery-sidebar.jpg\" data-fancybox-group=\"gallery-69d63d496a059\" data-full-image-url=\"https:\/\/tenerife-trips.com\/wp-content\/uploads\/2019\/12\/7-3.jpg\"> <svg width=\"20\" height=\"10\"><path d=\"M 0,10 Q 9,9 10,0 Q 11,9 20,10\" \/><\/svg> <img src=\"https:\/\/tenerife-trips.com\/wp-content\/uploads\/2019\/12\/7-3-thegem-post-thumb-small.jpg\" alt=\"Avistamiento cet\u00e1ceos Tenerife\" class=\"img-responsive\"> <span class=\"gem-gallery-caption slide-info\"> <\/span> <\/a> <span class=\"gem-gallery-line\"><\/span> <\/div> <\/div> <div class=\"gem-gallery-item\"> <div class=\"gem-gallery-item-image\"> <a href=\"https:\/\/tenerife-trips.com\/wp-content\/uploads\/2019\/12\/5-9-thegem-gallery-sidebar.jpg\" data-fancybox-group=\"gallery-69d63d496a059\" data-full-image-url=\"https:\/\/tenerife-trips.com\/wp-content\/uploads\/2019\/12\/5-9.jpg\"> <svg width=\"20\" height=\"10\"><path d=\"M 0,10 Q 9,9 10,0 Q 11,9 20,10\" \/><\/svg> <img src=\"https:\/\/tenerife-trips.com\/wp-content\/uploads\/2019\/12\/5-9-thegem-post-thumb-small.jpg\" alt=\"Avistamiento cet\u00e1ceos Tenerife\" class=\"img-responsive\"> <span class=\"gem-gallery-caption slide-info\"> <\/span> <\/a> <span class=\"gem-gallery-line\"><\/span> <\/div> <\/div> <div class=\"gem-gallery-item\"> <div class=\"gem-gallery-item-image\"> <a href=\"https:\/\/tenerife-trips.com\/wp-content\/uploads\/2019\/12\/6-6-thegem-gallery-sidebar.jpg\" data-fancybox-group=\"gallery-69d63d496a059\" data-full-image-url=\"https:\/\/tenerife-trips.com\/wp-content\/uploads\/2019\/12\/6-6.jpg\"> <svg width=\"20\" height=\"10\"><path d=\"M 0,10 Q 9,9 10,0 Q 11,9 20,10\" \/><\/svg> <img src=\"https:\/\/tenerife-trips.com\/wp-content\/uploads\/2019\/12\/6-6-thegem-post-thumb-small.jpg\" alt=\"Avistamiento cet\u00e1ceos Tenerife\" class=\"img-responsive\"> <span class=\"gem-gallery-caption slide-info\"> <\/span> <\/a> <span class=\"gem-gallery-line\"><\/span> <\/div> <\/div> <\/div>[vc_empty_space][\/vc_column][\/vc_row][vc_row full_width=&#8221;stretch_row&#8221; css=&#8221;.vc_custom_1577671222333{background-color: #312c7a !important;background-position: center !important;background-repeat: no-repeat !important;background-size: cover !important;}&#8221;][vc_column][vc_column_text]<\/p>\n<h3 style=\"text-align: center;\"><span style=\"color: #ffffff; font-size: 18pt;\">OPIS\u00a0<\/span><\/h3>\n<p>[\/vc_column_text][\/vc_column][\/vc_row][vc_row][vc_column][vc_tta_accordion style=&#8221;simple_solid&#8221; color=&#8221;blue&#8221; c_icon=&#8221;chevron&#8221; active_section=&#8221;-0&#8243; collapsible_all=&#8221;true&#8221;][vc_tta_section title=&#8221;OPIS WYCIECZKI&#8221; tab_id=&#8221;1577671091617-0af8eee0-94020f62-84c4aac8-a49b&#8221;][vc_column_text]<span style=\"font-size: 14pt;\">Chcia\u0142by\u015b zobaczy\u0107 delfiny i wieloryby?<\/span><\/p>\n<h3><span style=\"font-size: 12pt;\">Je\u015bli odpowedzi\u0105 jest &#8220;Tak!&#8221;, to jeste\u015b w odpowiednim miejscu! WYCIECZKa zaczyna SI\u0118 z PUERTO COLON, G\u0141\u00d3WNEGO PORTU ZNAJDUJ\u0104CEGO SI\u0118 W LAS AMERICAS.<\/span><\/h3>\n<p><span style=\"font-size: 14pt;\">Tam zakotwiczona jest nasza \u0142\u00f3d\u017a, kt\u00f3ra mo\u017ce pomie\u015bci\u0107 do 12 os\u00f3b. Gdy ju\u017c wszyscy znajd\u0105 si\u0119 na pok\u0142adzie, opuszczamy przysta\u0144 i ruszamy rozpocz\u0105\u0107 niezwyk\u0142\u0105 morsk\u0105 przygod\u0119.<\/span><\/p>\n<p><span style=\"font-size: 14pt;\">W wodach Wysp Kanaryjskich wyst\u0119puj\u0105 przyjazne wieloryby oraz delfiny, kt\u00f3re mo\u017cna obserwowa\u0107 przez ca\u0142y rok. Podczas rejsu widokowego oddalamy si\u0119 par\u0119 kilometr\u00f3w od wybrze\u017ca w poszukiwaniu tych w\u0142a\u015bnie osobnik\u00f3w, aby m\u00f3c ogl\u0105da\u0107 je wolne i szcz\u0119\u015bliwe w ich naturalnym \u015brodowisku.<\/span><\/p>\n<h3><span style=\"font-size: 12pt;\">SZANSE, ABY ZOBACZY\u0106 TENERYFA DELFINY I WIELORYBY PODCZAS WYCIECZKI motor\u00f3wk\u0105 S\u0104 BARDZO WYSOKIE.<a href=\"https:\/\/pl.wikipedia.org\/wiki\/Grindwal\">\u00a0GRINDWALE<\/a> (WALENIE Z RODZINY DELFIN\u00d3W OCEANICZNYCH) POWOLNIE P\u0141YWAJ\u0104 W MORZU, WYNURZAJ\u0104C SI\u0118 Z WODY, ABY NABRA\u0106 POWIETRZA. DOroS\u0141E OSOBNIKI OSI\u0104GAJ\u0104 DO 7 METR\u00d3W D\u0141UGO\u015aCI I CZ\u0118STO MO\u017bNA JE ZAUWA\u017bY\u0106 W GRUPIE Z M\u0141ODYM POTOMSTWEM. DELFINY Z KOLEI S\u0104 NIEZWYKLE CIEKAWSKIE I TOWARZYSKIE, ZDARZA IM SI\u0118 BAWI\u0106 \u015aCIGAJ\u0104C \u0141\u00d3DKI, RADO\u015aNIE PRZY TYM WYSKAKUJ\u0104C Z WODY. NAJBARDZIEJ POPULARNYM ICH GATUNKIEM WYST\u0118PUJ\u0104CYM NA TENERYFIE S\u0104 DELFINY BUTELKONOSE.<\/span><\/h3>\n<p><span style=\"font-size: 14pt;\">Po zako\u0144czeniu tej niesamowitej obserwacji udajemy si\u0119 w stron\u0119 wybrze\u017ca, gdzie zatrzymamy si\u0119 na oko\u0142o godzin\u0119, aby m\u00f3c co\u015b zje\u015b\u0107 i zrelaksowa\u0107 si\u0119 na pok\u0142adzie \u0142odzi b\u0105d\u017a te\u017c zanurzy\u0107 w wodzie. Zazwyczaj punktem postoju jest <a href=\"https:\/\/goo.gl\/maps\/zPa4CCzUaWfpf5Nv5\" target=\"_blank\" rel=\"noopener\">El Puertito de Arme\u00f1ime<\/a>, naturalna zatoczka po\u0142o\u017cona w rejonie Costa Adeje. Do jedzenia i picia mamy Ci do zaoferowania hiszpa\u0144sk\u0105 tortille, empanada de at\u00fan (zapiekanego w cie\u015bcie tu\u0144czyka), kie\u0142bas\u0119, pomidorki koktajlowe, sa\u0142atk\u0119 oraz owoce, a tak\u017ce<\/span><span style=\"font-size: 14pt;\"> napoje bezalkoholowe i wod\u0119 oraz piwo, oraz wino. A je\u015bli tylko b\u0119dziesz mia\u0142 ochot\u0119 pop\u0142ywa\u0107, zapewnimy Ci sprz\u0119t do snorkelingu. Po relaksuj\u0105cej przerwie udamy si\u0119 do tego samego portu, z kt\u00f3rego wyp\u0142yn\u0119li\u015bmy.<\/span><\/p>\n<p><span style=\"font-size: 14pt;\">Wycieczka jedn\u0105 z najwygodniejszych dost\u0119pnych \u0142odzi motorowych oferuje przyst\u0119pn\u0105 cen\u0119, jednocze\u015bnie gwarantuj\u0105c wysok\u0105 jako\u015b\u0107!<\/span><\/p>\n<h3><span style=\"font-size: 12pt;\"><strong>Rejs z obserwacj\u0105 Teneryfa delfiny i wieloryby, nie wahaj si\u0119 i zarezerwuj swoje bilety ju\u017c teraz!<\/strong><\/span><\/h3>\n<p>[\/vc_column_text][\/vc_tta_section][vc_tta_section title=&#8221;ROZK\u0141AD I TRANSFER&#8221; tab_id=&#8221;1577671091666-736a5870-75e30f62-84c4aac8-a49b&#8221;][vc_column_text]<span style=\"font-size: 14pt;\">Nale\u017cy samodzielnie uda\u0107 si\u0119 do Puerto Col\u00f3n.<\/span><\/p>\n<p><span style=\"text-decoration: underline; font-size: 14pt;\"><span style=\"color: #ff0000; text-decoration: underline;\">ROZK\u0141AD:<\/span><\/span><\/p>\n<p><span style=\"font-size: 14pt;\">Codziennie. Rozk\u0142ad wycieczki ulega lekkiej zmianie w zale\u017cno\u015bci od pory roku. W ci\u0105gu dnia odbywaj\u0105 si\u0119 trzy wycieczki mniej wi\u0119cej o godzinie 10:00, 13:00 i 16:00.<\/span><\/p>\n<p><span style=\"font-size: 14pt;\"><strong>OBEJRZYJ FILMIK, PRZEKONAJ SI\u0118, JAK WYGL\u0104DA NASZA WYCIECZKA I ZAREZERWUJ JU\u017b TERAZ!<\/strong><\/span>[\/vc_column_text][\/vc_tta_section][\/vc_tta_accordion]<style type=\"text\/css\">.thegem-button-69d63d4972f3e219 .gem-button svg {fill: #ffffff;}.thegem-button-69d63d4972f3e219 .gem-button:hover svg {fill: #312c7a;}<\/style><div class=\"gem-button-container gem-button-position-center thegem-button-69d63d4972f3e219    \"  ><a class=\"gem-button gem-button-size-small gem-button-style-flat gem-button-text-weight-normal\" data-ll-effect=\"drop-right-without-wrap\" style=\"border-radius: 3px;background-color: #312c7a;color: #ffffff;\" onmouseleave=\"this.style.backgroundColor='#312c7a';this.style.color='#ffffff';\" onmouseenter=\"this.style.backgroundColor='#f6eb14';this.style.color='#312c7a';\" href=\"#cennik-power\" target=\"_self\">CENNIK<\/a><\/div> [\/vc_column][\/vc_row][vc_row full_width=&#8221;stretch_row_content&#8221; css=&#8221;.vc_custom_1577476060002{background-color: #312c7a !important;background-position: center !important;background-repeat: no-repeat !important;background-size: cover !important;}&#8221;][vc_column][vc_column_text]<\/p>\n<h3 style=\"text-align: center;\"><strong><span style=\"font-size: 18pt; color: #ffffff;\">ZAREZERWUJ TERAZ<\/span><\/strong><\/h3>\n<p>[\/vc_column_text][vc_empty_space height=&#8221;10px&#8221; el_id=&#8221;cennik-power&#8221;][\/vc_column][\/vc_row]<\/p>\n<\/div>","protected":false},"excerpt":{"rendered":"<p>[vc_row full_width=&#8221;stretch_row_content_no_spaces&#8221;][vc_column][vc_column_text css=&#8221;.vc_custom_1743671385684{background-color: #F6EB14 !important;background-position: center !important;background-repeat: no-repeat !important;background-size: cover !important;}&#8221; css_animation=&#8221;fadeIn&#8221;] \u0141\u00d3D\u0179 MOTOROWA [\/vc_column_text][\/vc_column][\/vc_row][vc_row][vc_column][vc_column_text] Wycieczka z obserwacj\u0105 Teneryfa delfiny&#8230;<\/p>\n","protected":false},"featured_media":65078,"template":"","meta":{"_acf_changed":false,"_seopress_robots_primary_cat":"none","_seopress_titles_title":"Teneryfa delfiny i wieloryby, wspania\u0142y rejs \u0142odzi\u0105 motorow\u0105","_seopress_titles_desc":"Wycieczka z obserwacj\u0105 Teneryfa delfiny i wieloryby w ich naturalnym \u015brodowisku. Najlepszy pomys\u0142 na niezapomniane wakacje","_seopress_robots_index":""},"product_brand":[],"product_cat":[2539],"product_tag":[2553,2554,2556,2555],"class_list":{"0":"post-59873","1":"product","2":"type-product","3":"status-publish","4":"has-post-thumbnail","6":"product_cat-rejsy-statkiem","7":"product_tag-lodz-motorowa-teneryfa","8":"product_tag-motorowka-teneryfa","9":"product_tag-obserwacja-delfinow-i-wielorybow-teneryfa","10":"product_tag-rejsy-obserwacja-delfiny-teneryfa","12":"first","13":"instock","14":"virtual","15":"sold-individually","16":"taxable","17":"purchasable","18":"product-type-booking"},"booking_location":"","booking_location_type":"","booking_duration":1,"booking_duration_unit":"day","booking_buffer":0,"booking_cost":0,"booking_resources":[],"acf":[],"_links":{"self":[{"href":"https:\/\/tenerife-trips.com\/pl\/wp-json\/wp\/v2\/product\/59873","targetHints":{"allow":["GET"]}}],"collection":[{"href":"https:\/\/tenerife-trips.com\/pl\/wp-json\/wp\/v2\/product"}],"about":[{"href":"https:\/\/tenerife-trips.com\/pl\/wp-json\/wp\/v2\/types\/product"}],"wp:featuredmedia":[{"embeddable":true,"href":"https:\/\/tenerife-trips.com\/pl\/wp-json\/wp\/v2\/media\/65078"}],"wp:attachment":[{"href":"https:\/\/tenerife-trips.com\/pl\/wp-json\/wp\/v2\/media?parent=59873"}],"wp:term":[{"taxonomy":"product_brand","embeddable":true,"href":"https:\/\/tenerife-trips.com\/pl\/wp-json\/wp\/v2\/product_brand?post=59873"},{"taxonomy":"product_cat","embeddable":true,"href":"https:\/\/tenerife-trips.com\/pl\/wp-json\/wp\/v2\/product_cat?post=59873"},{"taxonomy":"product_tag","embeddable":true,"href":"https:\/\/tenerife-trips.com\/pl\/wp-json\/wp\/v2\/product_tag?post=59873"}],"curies":[{"name":"wp","href":"https:\/\/api.w.org\/{rel}","templated":true}]}}