{"id":59953,"date":"2018-12-13T18:36:26","date_gmt":"2018-12-13T18:36:26","guid":{"rendered":"https:\/\/tenerife-trips.com\/?post_type=product&#038;p=59953"},"modified":"2025-12-03T11:57:28","modified_gmt":"2025-12-03T11:57:28","slug":"duzy-statek","status":"publish","type":"product","link":"https:\/\/tenerife-trips.com\/pl\/product\/rejsy-statkiem\/duzy-statek\/","title":{"rendered":"Du\u017cy statek"},"content":{"rendered":"<div class=\"wpb-content-wrapper\"><p>[vc_row full_width=&#8221;stretch_row_content_no_spaces&#8221;][vc_column][vc_column_text css=&#8221;.vc_custom_1743621332094{background-color: #F6EB14 !important;background-position: center !important;background-repeat: no-repeat !important;background-size: cover !important;}&#8221; css_animation=&#8221;fadeIn&#8221;]<\/p>\n<h1 class=\"title-h2\" style=\"text-align: center;\"><span style=\"font-size: 18pt; color: #312c7a;\">Du\u017cy statek<\/span><\/h1>\n<p>[\/vc_column_text][\/vc_column][\/vc_row][vc_row][vc_column][vc_column_text]<\/p>\n<p style=\"text-align: center;\"><span style=\"font-size: 14pt;\">Nasz du\u017cy statek jest stabilnym i nowoczesnym katamaranem podzielonym na dwa poziomy, oferuj\u0105cym wspania\u0142e rejsy z obserwacj\u0105 delfin\u00f3w oraz wieloryb\u00f3w. Jego zakryty pok\u0142ad pomo\u017ce Ci odnale\u017a\u0107 spok\u00f3j i ochron\u0119 przed upa\u0142em oraz wiatrem, jak i dost\u0119p do przeszklonego dna, dzi\u0119ki kt\u00f3remu b\u0119dziesz m\u00f3g\u0142 bezpiecznie obserwowa\u0107 \u017cycie podwodne. Z kolei otwarty pok\u0142ad na \u015bwie\u017cym powietrzu zapewni wspania\u0142e widoki i pozwoli w pe\u0142ni cieszy\u0107 si\u0119 ze s\u0142o\u0144ca. Dost\u0119pne s\u0105 rejsy trwaj\u0105ce 2, 3 oraz 4,5 godziny.<\/span><\/p>\n<p style=\"text-align: center;\"><span style=\"font-size: 14pt;\"><strong>\u21d3 Sp\u00f3jrz na dalszy opis poni\u017cej \u21d3<\/strong><\/span><\/p>\n<p>[\/vc_column_text][\/vc_column][\/vc_row][vc_row full_width=&#8221;stretch_row_content&#8221; full_height=&#8221;yes&#8221; css=&#8221;.vc_custom_1576192123211{background-color: #312c7a !important;background-position: center !important;background-repeat: no-repeat !important;background-size: cover !important;}&#8221;][vc_column]<div class=\"gem-vimeo gem-wrapbox gem-wrapbox-style-no-style rounded-corners gem-wrapbox-position-below\" style=\"width: 100%;\"><div class=\"gem-wrapbox-inner gem-ratio-style\" style=\"padding-top: 56.25%\"><iframe webkitallowfullscreen=\"true\" mozallowfullscreen=\"true\" allowfullscreen=\"true\" class=\"gem-wrapbox-element img-responsive\" frameborder=\"0\" scrolling=\"no\" marginheight=\"0\" marginwidth=\"0\" src=\"\/\/player.vimeo.com\/video\/323154995?title=0&amp;byline=0&amp;portrait=0 \"><\/iframe><\/div><\/div>[vc_empty_space]<div class=\"preloader\"><div class=\"preloader-spin\"><\/div><\/div> <div id=\"gem-gallery-69dec17625abd\" class=\"gem-gallery gem-gallery-hover-zooming-blur\"> <div class=\"gem-gallery-item\"> <div class=\"gem-gallery-item-image\"> <a href=\"https:\/\/tenerife-trips.com\/wp-content\/uploads\/2019\/12\/large-boat-thegem-gallery-sidebar.jpg\" data-fancybox-group=\"gallery-69dec17625abd\" data-full-image-url=\"https:\/\/tenerife-trips.com\/wp-content\/uploads\/2019\/12\/large-boat.jpg\"> <svg width=\"20\" height=\"10\"><path d=\"M 0,10 Q 9,9 10,0 Q 11,9 20,10\" \/><\/svg> <img src=\"https:\/\/tenerife-trips.com\/wp-content\/uploads\/2019\/12\/large-boat-thegem-post-thumb-small.jpg\" alt=\"large boat\" class=\"img-responsive\"> <span class=\"gem-gallery-caption slide-info\"> <\/span> <\/a> <span class=\"gem-gallery-line\"><\/span> <\/div> <\/div> <div class=\"gem-gallery-item\"> <div class=\"gem-gallery-item-image\"> <a href=\"https:\/\/tenerife-trips.com\/wp-content\/uploads\/2019\/12\/duza-lodz-thegem-gallery-sidebar.jpg\" data-fancybox-group=\"gallery-69dec17625abd\" data-full-image-url=\"https:\/\/tenerife-trips.com\/wp-content\/uploads\/2019\/12\/duza-lodz.jpg\"> <svg width=\"20\" height=\"10\"><path d=\"M 0,10 Q 9,9 10,0 Q 11,9 20,10\" \/><\/svg> <img src=\"https:\/\/tenerife-trips.com\/wp-content\/uploads\/2019\/12\/duza-lodz-thegem-post-thumb-small.jpg\" alt=\"large boat\" class=\"img-responsive\"> <span class=\"gem-gallery-caption slide-info\"> <\/span> <\/a> <span class=\"gem-gallery-line\"><\/span> <\/div> <\/div> <div class=\"gem-gallery-item\"> <div class=\"gem-gallery-item-image\"> <a href=\"https:\/\/tenerife-trips.com\/wp-content\/uploads\/2019\/12\/das-grose-Boot-thegem-gallery-sidebar.jpg\" data-fancybox-group=\"gallery-69dec17625abd\" data-full-image-url=\"https:\/\/tenerife-trips.com\/wp-content\/uploads\/2019\/12\/das-grose-Boot.jpg\"> <svg width=\"20\" height=\"10\"><path d=\"M 0,10 Q 9,9 10,0 Q 11,9 20,10\" \/><\/svg> <img src=\"https:\/\/tenerife-trips.com\/wp-content\/uploads\/2019\/12\/das-grose-Boot-thegem-post-thumb-small.jpg\" alt=\"das gro\u00dfe Boot\" class=\"img-responsive\"> <span class=\"gem-gallery-caption slide-info\"> <\/span> <\/a> <span class=\"gem-gallery-line\"><\/span> <\/div> <\/div> <div class=\"gem-gallery-item\"> <div class=\"gem-gallery-item-image\"> <a href=\"https:\/\/tenerife-trips.com\/wp-content\/uploads\/2019\/12\/barco-grande--thegem-gallery-sidebar.jpg\" data-fancybox-group=\"gallery-69dec17625abd\" data-full-image-url=\"https:\/\/tenerife-trips.com\/wp-content\/uploads\/2019\/12\/barco-grande-.jpg\"> <svg width=\"20\" height=\"10\"><path d=\"M 0,10 Q 9,9 10,0 Q 11,9 20,10\" \/><\/svg> <img src=\"https:\/\/tenerife-trips.com\/wp-content\/uploads\/2019\/12\/barco-grande--thegem-post-thumb-small.jpg\" alt=\"\" class=\"img-responsive\"> <span class=\"gem-gallery-caption slide-info\"> <\/span> <\/a> <span class=\"gem-gallery-line\"><\/span> <\/div> <\/div> <div class=\"gem-gallery-item\"> <div class=\"gem-gallery-item-image\"> <a href=\"https:\/\/tenerife-trips.com\/wp-content\/uploads\/2019\/12\/barca-grande-thegem-gallery-sidebar.jpg\" data-fancybox-group=\"gallery-69dec17625abd\" data-full-image-url=\"https:\/\/tenerife-trips.com\/wp-content\/uploads\/2019\/12\/barca-grande.jpg\"> <svg width=\"20\" height=\"10\"><path d=\"M 0,10 Q 9,9 10,0 Q 11,9 20,10\" \/><\/svg> <img src=\"https:\/\/tenerife-trips.com\/wp-content\/uploads\/2019\/12\/barca-grande-thegem-post-thumb-small.jpg\" alt=\"\" class=\"img-responsive\"> <span class=\"gem-gallery-caption slide-info\"> <\/span> <\/a> <span class=\"gem-gallery-line\"><\/span> <\/div> <\/div> <\/div>[vc_empty_space][\/vc_column][\/vc_row][vc_row full_width=&#8221;stretch_row&#8221; css=&#8221;.vc_custom_1577671222333{background-color: #312c7a !important;background-position: center !important;background-repeat: no-repeat !important;background-size: cover !important;}&#8221;][vc_column][vc_column_text]<\/p>\n<h3 style=\"text-align: center;\"><span style=\"color: #ffffff; font-size: 18pt;\">OPIS\u00a0<\/span><\/h3>\n<p>[\/vc_column_text][\/vc_column][\/vc_row][vc_row][vc_column][vc_tta_accordion style=&#8221;simple_solid&#8221; color=&#8221;blue&#8221; c_icon=&#8221;chevron&#8221; active_section=&#8221;-0&#8243; collapsible_all=&#8221;true&#8221;][vc_tta_section title=&#8221;OPIS WYCIECZKI&#8221; tab_id=&#8221;1577671091617-0af8eee0-94020f62-84c4aac8-a49bd1a4-a847&#8243;][vc_column_text]<\/p>\n<h3><span style=\"font-size: 12pt;\">Du\u017cy statek zaczyna rejs od wyp\u0142yni\u0119cia z portu \u201ePuerto Col\u00f3n\u201d \u200b\u200bi wyp\u0142yni\u0119cia w ocean par\u0119 kilometr\u00f3w od brzegu. W tej odleg\u0142o\u015bci z \u0142atwo\u015bci\u0105 b\u0119dzie mo\u017cna obserwowa\u0107 wieloryby i delfiny, szcz\u0119\u015bliwe i wolne w ich naturalnym \u015brodowisku, kt\u00f3re rz\u0105d Wysp Kanaryjskich chroni za pomoc\u0105 surowych przepis\u00f3w.<\/span><\/h3>\n<p><span style=\"font-size: 14pt;\">Podczas dwugodzinnej wycieczki po obserwacji statek wraca do portu, z kt\u00f3rego wyp\u0142yn\u0105\u0142. Z kolei podczas wycieczek trwaj\u0105cych zar\u00f3wno 3, jak i 4,5 godziny statek udaje si\u0119 na godzinn\u0105 przerw\u0119 w jedno z fantastycznych miejsc nieopodal wybrze\u017ca.<\/span><\/p>\n<h3><span style=\"font-size: 12pt;\">Podczas rejsu 3-godzinnego du\u017cy statek zatrzymuje si\u0119 przy pla\u017cy Diego Hernandez, po\u0142o\u017conej w okolicy La Caleta (Costa Adeje). Podczas rejsu 4-godzinnego statek kieruje si\u0119 wzd\u0142u\u017c wybrze\u017ca do zatoki Masca, b\u0119d\u0105cej jedn\u0105 z g\u0142\u00f3wnych atrakcji naturalnych, jakie Teneryfa ma do zaoferowania. To w\u0142a\u015bnie stamt\u0105d b\u0119dziesz m\u00f3g\u0142 podziwia\u0107 malownicze klify <a href=\"https:\/\/pl.wikipedia.org\/wiki\/Los_Gigantes\">Los Gigantes<\/a>.<\/span><\/h3>\n<p><span style=\"font-size: 14pt;\">Podczas postoju na pok\u0142adzie du\u017cego statku oferowany jest obiad sk\u0142adaj\u0105cy si\u0119 z sur\u00f3wki z bia\u0142ej kapusty, ry\u017cu z groszkiem i s\u0142odk\u0105 kukurydz\u0105, klopsik\u00f3w z kurczaka w sosie pomidorowym, chlebu oraz kanaryjskich banan\u00f3w. Napoje dost\u0119pne s\u0105 podczas ca\u0142ej podr\u00f3\u017cy i obejmuj\u0105 zar\u00f3wn napoje bezalkoholowe i wod\u0119, jak r\u00f3wnie\u017c piwo oraz sangri\u0119. Znajdziemy r\u00f3wnie\u017c czas na chwil\u0119 relaksu i aby wyk\u0105pa\u0107 si\u0119 w oceanie.<\/span><\/p>\n<p><span style=\"font-size: 14pt;\">Jak ju\u017c wszyscy b\u0119d\u0105 gotowi do powrotu, ten du\u017cy statek uda si\u0119 do tego samego portu, z kt\u00f3rego wyp\u0142yn\u0105\u0142, aby zako\u0144czy\u0107 t\u0119 wyj\u0105tkow\u0105 podr\u00f3\u017c.<\/span><\/p>\n<p><span style=\"font-size: 14pt;\"><strong>Uprzejmie prosimy zwr\u00f3ci\u0107 uwag\u0119, \u017ce podczas 2-godzinnej podr\u00f3\u017cy jedzenie i napoje nie s\u0105 wliczone w cen\u0119!<\/strong><\/span>[\/vc_column_text][\/vc_tta_section][vc_tta_section title=&#8221;ROZK\u0141AD I TRANSFER&#8221; tab_id=&#8221;1577671091666-736a5870-75e30f62-84c4aac8-a49bd1a4-a847&#8243;][vc_column_text css=&#8221;&#8221;]<span style=\"font-size: 14pt;\">Us\u0142uga transferu z po\u0142udniowej cz\u0119\u015bci Teneryfy jest wliczona w cen\u0119; zalecamy sprawdzenie dost\u0119pno\u015bci transferu z Twojej okolicy przed dokonaniem rezerwacji. Podczas rezerwacji 4,5-godzinnej wycieczki wyj\u0105tkowo mo\u017cliwy jest te\u017c transfer z Puerto de la Cruz.\u00a0<\/span><\/p>\n<p><span style=\"text-decoration: underline; font-size: 14pt;\"><span style=\"color: #ff0000; text-decoration: underline;\">ROZK\u0141AD:<\/span><\/span><\/p>\n<p>Zapytaj nasz dzia\u0142 obs\u0142ugi klienta o dost\u0119pne dni i godziny.<\/p>\n<p><span style=\"font-size: 14pt;\"><strong>Ten du\u017cy statek b\u0119dzie wy\u015bmienit\u0105 opcj\u0105 na wspania\u0142\u0105 zabaw\u0119 podczas Twoich wakacji, nie czekaj i zarezerwuj ju\u017c teraz!<\/strong><\/span>[\/vc_column_text][\/vc_tta_section][\/vc_tta_accordion]<style type=\"text\/css\">.thegem-button-69dec176279473757 .gem-button svg {fill: #ffffff;}.thegem-button-69dec176279473757 .gem-button:hover svg {fill: #312c7a;}<\/style><div class=\"gem-button-container gem-button-position-center thegem-button-69dec176279473757    \"  ><a class=\"gem-button gem-button-size-small gem-button-style-flat gem-button-text-weight-normal\" data-ll-effect=\"drop-right-without-wrap\" style=\"border-radius: 3px;background-color: #312c7a;color: #ffffff;\" onmouseleave=\"this.style.backgroundColor='#312c7a';this.style.color='#ffffff';\" onmouseenter=\"this.style.backgroundColor='#f6eb14';this.style.color='#312c7a';\" href=\"#cennik-large\" target=\"_self\">CENNIK<\/a><\/div> [\/vc_column][\/vc_row][vc_row full_width=&#8221;stretch_row_content&#8221; css=&#8221;.vc_custom_1577476060002{background-color: #312c7a !important;background-position: center !important;background-repeat: no-repeat !important;background-size: cover !important;}&#8221;][vc_column][vc_column_text]<\/p>\n<h3 style=\"text-align: center;\"><strong><span style=\"font-size: 18pt; color: #ffffff;\">ZAREZERWUJ TERAZ<\/span><\/strong><\/h3>\n<p>[\/vc_column_text][vc_empty_space height=&#8221;10px&#8221; el_id=&#8221;cennik-large&#8221;][\/vc_column][\/vc_row]<\/p>\n<\/div>","protected":false},"excerpt":{"rendered":"<p>[vc_row full_width=&#8221;stretch_row_content_no_spaces&#8221;][vc_column][vc_column_text css=&#8221;.vc_custom_1743621332094{background-color: #F6EB14 !important;background-position: center !important;background-repeat: no-repeat !important;background-size: cover !important;}&#8221; css_animation=&#8221;fadeIn&#8221;] Du\u017cy statek [\/vc_column_text][\/vc_column][\/vc_row][vc_row][vc_column][vc_column_text] Nasz du\u017cy statek jest stabilnym&#8230;<\/p>\n","protected":false},"featured_media":156607,"template":"","meta":{"_acf_changed":false,"_seopress_robots_primary_cat":"2539","_seopress_titles_title":"Du\u017cy statek na Teneryfie. Wycieczka z obserwacj\u0105 wieloryb\u00f3w","_seopress_titles_desc":"Du\u017cy statek oferuj\u0105cy wszystkie wygody i wspania\u0142e wra\u017cenia z obserwacj\u0105 waleni na Teneryfie. Transfer, jedzenie oraz napoje wliczone w cen\u0119.","_seopress_robots_index":""},"product_brand":[],"product_cat":[2539],"product_tag":[2558,2559,2560,2557,2436],"class_list":{"0":"post-59953","1":"product","2":"type-product","3":"status-publish","4":"has-post-thumbnail","6":"product_cat-rejsy-statkiem","7":"product_tag-delfiny-i-wieloryby-teneryfa","8":"product_tag-rejs-obserwacyjny-teneryfa","9":"product_tag-royal-delfin-pl","10":"product_tag-royal-delfin-teneryfa","11":"product_tag-wycieczki-teneryfa","13":"first","14":"instock","15":"virtual","16":"sold-individually","17":"taxable","18":"purchasable","19":"product-type-booking"},"booking_location":"","booking_location_type":"","booking_duration":1,"booking_duration_unit":"day","booking_buffer":0,"booking_cost":0,"booking_resources":[],"acf":[],"_links":{"self":[{"href":"https:\/\/tenerife-trips.com\/pl\/wp-json\/wp\/v2\/product\/59953","targetHints":{"allow":["GET"]}}],"collection":[{"href":"https:\/\/tenerife-trips.com\/pl\/wp-json\/wp\/v2\/product"}],"about":[{"href":"https:\/\/tenerife-trips.com\/pl\/wp-json\/wp\/v2\/types\/product"}],"wp:featuredmedia":[{"embeddable":true,"href":"https:\/\/tenerife-trips.com\/pl\/wp-json\/wp\/v2\/media\/156607"}],"wp:attachment":[{"href":"https:\/\/tenerife-trips.com\/pl\/wp-json\/wp\/v2\/media?parent=59953"}],"wp:term":[{"taxonomy":"product_brand","embeddable":true,"href":"https:\/\/tenerife-trips.com\/pl\/wp-json\/wp\/v2\/product_brand?post=59953"},{"taxonomy":"product_cat","embeddable":true,"href":"https:\/\/tenerife-trips.com\/pl\/wp-json\/wp\/v2\/product_cat?post=59953"},{"taxonomy":"product_tag","embeddable":true,"href":"https:\/\/tenerife-trips.com\/pl\/wp-json\/wp\/v2\/product_tag?post=59953"}],"curies":[{"name":"wp","href":"https:\/\/api.w.org\/{rel}","templated":true}]}}