{"id":60185,"date":"2019-07-22T18:25:03","date_gmt":"2019-07-22T17:25:03","guid":{"rendered":"https:\/\/tenerife-trips.com\/?post_type=product&#038;p=60185"},"modified":"2026-03-28T20:21:28","modified_gmt":"2026-03-28T20:21:28","slug":"luksusowy-rejs-teneryfa","status":"publish","type":"product","link":"https:\/\/tenerife-trips.com\/pl\/product\/rejsy-statkiem\/luksusowy-rejs-teneryfa\/","title":{"rendered":"\u0141\u00d3D\u0179 LUKSUSOWA"},"content":{"rendered":"<div class=\"wpb-content-wrapper\"><p>[vc_row full_width=&#8221;stretch_row_content_no_spaces&#8221;][vc_column][vc_column_text css=&#8221;.vc_custom_1743621109520{background-color: #F6EB14 !important;background-position: center !important;background-repeat: no-repeat !important;background-size: cover !important;}&#8221; css_animation=&#8221;fadeIn&#8221;]<\/p>\n<h1 class=\"title-h2\" style=\"text-align: center;\"><span style=\"font-size: 18pt; color: #312c7a;\">\u0141\u00d3D\u0179 LUKSUSOWA<\/span><\/h1>\n<p>[\/vc_column_text][\/vc_column][\/vc_row][vc_row][vc_column][vc_column_text]<\/p>\n<p style=\"text-align: center;\"><span style=\"font-size: 14pt;\">Luksusowy rejs Teneryfa jest wyj\u0105tkow\u0105 atrakcj\u0105, kt\u00f3rej nie mo\u017cesz przegapi\u0107 podczas Twoich wakacji na wyspie! Podczas tego widokowego rejsu poznasz obfite \u017cycie morskie Wysp Kanaryjskich i odpoczniesz od t\u0142um\u00f3w. Morze pomi\u0119dzy Teneryf\u0105 i La Gomer\u0105 jest pod ochron\u0105, b\u0119d\u0105c jednocze\u015bnie rezerwatem przyrody, kt\u00f3ry rz\u0105d Wysp Kanaryjskich konserwuje dbaj\u0105c o t\u0105 niezwyk\u0142\u0105 przyrod\u0119 morsk\u0105.<\/span><\/p>\n<p style=\"text-align: center;\"><span style=\"font-size: 14pt;\"><strong>\u21d3 Sp\u00f3jrz na dalszy opis poni\u017cej \u21d3<\/strong><\/span><\/p>\n<p>[\/vc_column_text][\/vc_column][\/vc_row][vc_row full_width=&#8221;stretch_row_content&#8221; full_height=&#8221;yes&#8221; css=&#8221;.vc_custom_1576192123211{background-color: #312c7a !important;background-position: center !important;background-repeat: no-repeat !important;background-size: cover !important;}&#8221;][vc_column]<div class=\"gem-vimeo gem-wrapbox gem-wrapbox-style-no-style rounded-corners gem-wrapbox-position-below\" style=\"width: 100%;\"><div class=\"gem-wrapbox-inner gem-ratio-style\" style=\"padding-top: 56.25%\"><iframe webkitallowfullscreen=\"true\" mozallowfullscreen=\"true\" allowfullscreen=\"true\" class=\"gem-wrapbox-element img-responsive\" frameborder=\"0\" scrolling=\"no\" marginheight=\"0\" marginwidth=\"0\" src=\"\/\/player.vimeo.com\/video\/379473040?title=0&amp;byline=0&amp;portrait=0 \"><\/iframe><\/div><\/div>[vc_empty_space]<div class=\"preloader\"><div class=\"preloader-spin\"><\/div><\/div> <div id=\"gem-gallery-69dea1a4ca3fa\" class=\"gem-gallery gem-gallery-hover-zooming-blur\"> <div class=\"gem-gallery-item\"> <div class=\"gem-gallery-item-image\"> <a href=\"https:\/\/tenerife-trips.com\/wp-content\/uploads\/2019\/07\/2-1-thegem-gallery-sidebar.jpg\" data-fancybox-group=\"gallery-69dea1a4ca3fa\" data-full-image-url=\"https:\/\/tenerife-trips.com\/wp-content\/uploads\/2019\/07\/2-1.jpg\"> <svg width=\"20\" height=\"10\"><path d=\"M 0,10 Q 9,9 10,0 Q 11,9 20,10\" \/><\/svg> <img src=\"https:\/\/tenerife-trips.com\/wp-content\/uploads\/2019\/07\/2-1-thegem-post-thumb-small.jpg\" alt=\"\" class=\"img-responsive\"> <span class=\"gem-gallery-caption slide-info\"> <\/span> <\/a> <span class=\"gem-gallery-line\"><\/span> <\/div> <\/div> <div class=\"gem-gallery-item\"> <div class=\"gem-gallery-item-image\"> <a href=\"https:\/\/tenerife-trips.com\/wp-content\/uploads\/2021\/02\/Bootstour-Teneriffa-thegem-gallery-sidebar.jpg\" data-fancybox-group=\"gallery-69dea1a4ca3fa\" data-full-image-url=\"https:\/\/tenerife-trips.com\/wp-content\/uploads\/2021\/02\/Bootstour-Teneriffa.jpg\"> <svg width=\"20\" height=\"10\"><path d=\"M 0,10 Q 9,9 10,0 Q 11,9 20,10\" \/><\/svg> <img src=\"https:\/\/tenerife-trips.com\/wp-content\/uploads\/2021\/02\/Bootstour-Teneriffa-thegem-post-thumb-small.jpg\" alt=\"Bootstour Teneriffa\" class=\"img-responsive\"> <span class=\"gem-gallery-caption slide-info\"> <\/span> <\/a> <span class=\"gem-gallery-line\"><\/span> <\/div> <\/div> <div class=\"gem-gallery-item\"> <div class=\"gem-gallery-item-image\"> <a href=\"https:\/\/tenerife-trips.com\/wp-content\/uploads\/2019\/07\/4-1-thegem-gallery-sidebar.jpg\" data-fancybox-group=\"gallery-69dea1a4ca3fa\" data-full-image-url=\"https:\/\/tenerife-trips.com\/wp-content\/uploads\/2019\/07\/4-1.jpg\"> <svg width=\"20\" height=\"10\"><path d=\"M 0,10 Q 9,9 10,0 Q 11,9 20,10\" \/><\/svg> <img src=\"https:\/\/tenerife-trips.com\/wp-content\/uploads\/2019\/07\/4-1-thegem-post-thumb-small.jpg\" alt=\"luxury boat\" class=\"img-responsive\"> <span class=\"gem-gallery-caption slide-info\"> <\/span> <\/a> <span class=\"gem-gallery-line\"><\/span> <\/div> <\/div> <div class=\"gem-gallery-item\"> <div class=\"gem-gallery-item-image\"> <a href=\"https:\/\/tenerife-trips.com\/wp-content\/uploads\/2019\/07\/7-1-thegem-gallery-sidebar.jpg\" data-fancybox-group=\"gallery-69dea1a4ca3fa\" data-full-image-url=\"https:\/\/tenerife-trips.com\/wp-content\/uploads\/2019\/07\/7-1.jpg\"> <svg width=\"20\" height=\"10\"><path d=\"M 0,10 Q 9,9 10,0 Q 11,9 20,10\" \/><\/svg> <img src=\"https:\/\/tenerife-trips.com\/wp-content\/uploads\/2019\/07\/7-1-thegem-post-thumb-small.jpg\" alt=\"\" class=\"img-responsive\"> <span class=\"gem-gallery-caption slide-info\"> <\/span> <\/a> <span class=\"gem-gallery-line\"><\/span> <\/div> <\/div> <div class=\"gem-gallery-item\"> <div class=\"gem-gallery-item-image\"> <a href=\"https:\/\/tenerife-trips.com\/wp-content\/uploads\/2019\/07\/6-1-thegem-gallery-sidebar.jpg\" data-fancybox-group=\"gallery-69dea1a4ca3fa\" data-full-image-url=\"https:\/\/tenerife-trips.com\/wp-content\/uploads\/2019\/07\/6-1.jpg\"> <svg width=\"20\" height=\"10\"><path d=\"M 0,10 Q 9,9 10,0 Q 11,9 20,10\" \/><\/svg> <img src=\"https:\/\/tenerife-trips.com\/wp-content\/uploads\/2019\/07\/6-1-thegem-post-thumb-small.jpg\" alt=\"\" class=\"img-responsive\"> <span class=\"gem-gallery-caption slide-info\"> <\/span> <\/a> <span class=\"gem-gallery-line\"><\/span> <\/div> <\/div> <div class=\"gem-gallery-item\"> <div class=\"gem-gallery-item-image\"> <a href=\"https:\/\/tenerife-trips.com\/wp-content\/uploads\/2019\/07\/5-1-thegem-gallery-sidebar.jpg\" data-fancybox-group=\"gallery-69dea1a4ca3fa\" data-full-image-url=\"https:\/\/tenerife-trips.com\/wp-content\/uploads\/2019\/07\/5-1.jpg\"> <svg width=\"20\" height=\"10\"><path d=\"M 0,10 Q 9,9 10,0 Q 11,9 20,10\" \/><\/svg> <img src=\"https:\/\/tenerife-trips.com\/wp-content\/uploads\/2019\/07\/5-1-thegem-post-thumb-small.jpg\" alt=\"\" class=\"img-responsive\"> <span class=\"gem-gallery-caption slide-info\"> <\/span> <\/a> <span class=\"gem-gallery-line\"><\/span> <\/div> <\/div> <div class=\"gem-gallery-item\"> <div class=\"gem-gallery-item-image\"> <a href=\"https:\/\/tenerife-trips.com\/wp-content\/uploads\/2019\/07\/3-thegem-gallery-sidebar.jpg\" data-fancybox-group=\"gallery-69dea1a4ca3fa\" data-full-image-url=\"https:\/\/tenerife-trips.com\/wp-content\/uploads\/2019\/07\/3.jpg\"> <svg width=\"20\" height=\"10\"><path d=\"M 0,10 Q 9,9 10,0 Q 11,9 20,10\" \/><\/svg> <img src=\"https:\/\/tenerife-trips.com\/wp-content\/uploads\/2019\/07\/3-thegem-post-thumb-small.jpg\" alt=\"\" class=\"img-responsive\"> <span class=\"gem-gallery-caption slide-info\"> <\/span> <\/a> <span class=\"gem-gallery-line\"><\/span> <\/div> <\/div> <\/div>[vc_empty_space][\/vc_column][\/vc_row][vc_row full_width=&#8221;stretch_row&#8221; css=&#8221;.vc_custom_1600445490144{background-color: #312c7a !important;background-position: center !important;background-repeat: no-repeat !important;background-size: cover !important;}&#8221;][vc_column][vc_column_text]<\/p>\n<h3 style=\"text-align: center;\"><span style=\"color: #ffffff;\"><span style=\"font-size: 18pt;\">OPIS\u00a0<\/span><\/span><\/h3>\n<p>[\/vc_column_text][\/vc_column][\/vc_row][vc_row][vc_column][vc_tta_accordion style=&#8221;simple_solid&#8221; color=&#8221;blue&#8221; c_icon=&#8221;chevron&#8221; active_section=&#8221;-0&#8243; collapsible_all=&#8221;true&#8221;][vc_tta_section title=&#8221;OPIS WYCIECZKI&#8221; tab_id=&#8221;1577671091617-0af8eee0-94020f62-84c4aac8-a49bd1a4-a847ecb5-ca7a&#8221;][vc_column_text css=&#8221;&#8221;]<span style=\"font-size: 14pt;\">Wycieczka luksusowy rejs Teneryfa rozpoczyna si\u0119 w Puerto Colon, b\u0119d\u0105cym g\u0142\u00f3wnym portem znajduj\u0105cym si\u0119 w Las Americas, gdzie zakotwiczona jest nasza \u0142\u00f3d\u017a hybrydowa typu <a href=\"https:\/\/pl.wikipedia.org\/wiki\/%C5%81%C3%B3d%C5%BA_hybrydowa\">RIB<\/a>. Tam, gdy wszyscy znajd\u0105 si\u0119 na pok\u0142adzie, opuszczamy przysta\u0144 i ruszamy rozpocz\u0105\u0107 niezwyk\u0142\u0105 morsk\u0105 przygod\u0119.<\/span><\/p>\n<p><span style=\"font-size: 14pt;\">W wodach Wysp Kanaryjskich wyst\u0119puj\u0105 przyjazne wieloryby oraz delfiny, kt\u00f3re mo\u017cna obserwowa\u0107 przez ca\u0142y rok. Podczas rejsu widokowego oddalamy si\u0119 par\u0119 kilometr\u00f3w od wybrze\u017ca w poszukiwaniu tych w\u0142a\u015bnie osobnik\u00f3w, aby m\u00f3c ogl\u0105da\u0107 je wolne i szcz\u0119\u015bliwe w ich naturalnym \u015brodowisku.<\/span><\/p>\n<h3><span style=\"font-size: 12pt;\">SZANSE, aby napotka\u0107 wieloryby podczas wycieczki luksusowy rejs Teneryfa s\u0105 bardzo wysokie. grindwale (walenie z rodziny delfin\u00f3w oceanicznych) powolnie p\u0142ywaj\u0105 w morzu, wynurzaj\u0105c si\u0119 z wody aby nabra\u0107 powietrza. Doros\u0142e osobniki osi\u0105gaj\u0105 do 7 metr\u00f3w d\u0142ugo\u015bci i cz\u0119sto mo\u017cna je zauwa\u017cy\u0107 w grupie z m\u0142odym potomstwem. Delfiny z kolei s\u0105 niezwykle ciekawskie i towarzyskie, zdarza im si\u0119 bawi\u0107 \u015bcigaj\u0105c \u0142\u00f3dki, rado\u015bnie przy tym wyskakuj\u0105c z wody. Najbardziej popularnym ich gatunkiem wyst\u0119puj\u0105cym na Teneryfie s\u0105 delfiny butelkonose.<\/span><\/h3>\n<p><span style=\"font-size: 14pt;\">Po zako\u0144czeniu tej niesamowitej obserwacji udajemy si\u0119 w stron\u0119 wybrze\u017ca, gdzie zatrzymamy si\u0119 na oko\u0142o godzin\u0119 aby m\u00f3c co\u015b zje\u015b\u0107 i zrelaksowa\u0107 si\u0119 na pok\u0142adzie \u0142odzi b\u0105d\u017a te\u017c zanurzy\u0107 w wodzie. Zazwyczaj punktem postoju jest pla\u017ca Diego Hernandez, naturalna piaszczysta pla\u017ca po\u0142o\u017cona w rejonie Costa Adeje. W cenie zawarty jest otwarty bar z bezp\u0142atnymi napojami (woda, piwo, wino, napoje bezalkoholowe) oraz hiszpa\u0144ski lunch w formie bufetu (ry\u017c z warzywami, pieczone udka z kurczaka, kanaryjskie pomarszczone ziemniaki, sa\u0142atka, pieczywo). Po zjedzeniu posi\u0142ku, je\u015bli b\u0119dziesz mia\u0142 ochot\u0119 pop\u0142ywa\u0107, zapewnimy Ci sprz\u0119t do nurkowania z rurk\u0105. Nast\u0119onie, jak ju\u017c wszyscy b\u0119d\u0105 gotowi do powrotu, udamy sie do tego samego portu z kt\u00f3rego wyp\u0142yn\u0119li\u015bmy tym samym ko\u0144cz\u0105c nasz\u0105 wycieczk\u0119.<\/span><\/p>\n<h3><span style=\"font-size: 12pt;\">Rejs luksusowy Teneryfa trwa \u0142\u0105cznie 3 godziny i mo\u017ce pomie\u015bci\u0107 maksymalnie 12 os\u00f3b na pok\u0142adzie.<\/span><\/h3>\n<p>Mo\u017cna r\u00f3wnie\u017c wybra\u0107 3-godzinn\u0105 prywatn\u0105 wycieczk\u0119 z napojami i jedzeniem w cenie lub 2-godzinn\u0105 prywatn\u0105 wycieczk\u0119 z napojami w cenie. Podczas 3-godzinnej wycieczki szukamy wieloryb\u00f3w i delfin\u00f3w, a tak\u017ce zatrzymujemy si\u0119 w naturalnej zatoce w Costa Adeje, aby pop\u0142ywa\u0107 i odpocz\u0105\u0107. Podczas 2-godzinnej wycieczki mo\u017cesz wybra\u0107 jedn\u0105 lub drug\u0105 rzecz.[\/vc_column_text][\/vc_tta_section][vc_tta_section title=&#8221;ROZK\u0141AD I TRANSFER&#8221; tab_id=&#8221;1577671091666-736a5870-75e30f62-84c4aac8-a49bd1a4-a847ecb5-ca7a&#8221;][vc_column_text]<span style=\"font-size: 14pt;\">Us\u0142uga transferu nie jest dost\u0119pna, klienci musz\u0105 osobi\u015bcie si\u0119 uda\u0107 do <a href=\"https:\/\/goo.gl\/maps\/MDrCHcpLWk3CKhfy7\" target=\"_blank\" rel=\"noopener\">Puerto Colon<\/a> w Las Americas, sk\u0105d rozpoczyna si\u0119 rejs.<\/span><\/p>\n<p><span style=\"text-decoration: underline; font-size: 14pt;\"><span style=\"color: #ff0000; text-decoration: underline;\">ROZK\u0141AD:<\/span><\/span><\/p>\n<p><span style=\"font-size: 14pt;\">Codziennie o godzinie 10:00 i 13:30 oraz w sezonie letnim r\u00f3wnie\u017c o godzinie 16:30.<\/span><\/p>\n<p><span style=\"font-size: 14pt;\"><strong>Luksusowy rejs na Teneryfie b\u0119dzie wyj\u0105tkow\u0105 opcj\u0105 na wspania\u0142\u0105 zabaw\u0119 podczas Twoich wakacji, nie czekaj i zarezerwuj ju\u017c teraz!<\/strong><\/span>[\/vc_column_text][\/vc_tta_section][\/vc_tta_accordion]<style type=\"text\/css\">.thegem-button-69dea1a4cbf009971 .gem-button svg {fill: #ffffff;}.thegem-button-69dea1a4cbf009971 .gem-button:hover svg {fill: #312c7a;}<\/style><div class=\"gem-button-container gem-button-position-center thegem-button-69dea1a4cbf009971    \"  ><a class=\"gem-button gem-button-size-small gem-button-style-flat gem-button-text-weight-normal\" data-ll-effect=\"drop-right-without-wrap\" style=\"border-radius: 3px;background-color: #312c7a;color: #ffffff;\" onmouseleave=\"this.style.backgroundColor='#312c7a';this.style.color='#ffffff';\" onmouseenter=\"this.style.backgroundColor='#f6eb14';this.style.color='#312c7a';\" href=\"#cennik-luxury\" target=\"_self\">CENNIK<\/a><\/div> [\/vc_column][\/vc_row][vc_row full_width=&#8221;stretch_row_content&#8221; css=&#8221;.vc_custom_1600445519806{background-color: #312c7a !important;background-position: center !important;background-repeat: no-repeat !important;background-size: cover !important;}&#8221;][vc_column][vc_column_text]<\/p>\n<h3 style=\"text-align: center;\"><span style=\"color: #ffffff;\"><strong><span style=\"font-size: 18pt;\">ZAREZERWUJ TERAZ<\/span><\/strong><\/span><\/h3>\n<p>[\/vc_column_text][vc_empty_space height=&#8221;10px&#8221; el_id=&#8221;cennik-luxury&#8221;][\/vc_column][\/vc_row]<\/p>\n<\/div>","protected":false},"excerpt":{"rendered":"<p>[vc_row full_width=&#8221;stretch_row_content_no_spaces&#8221;][vc_column][vc_column_text css=&#8221;.vc_custom_1743621109520{background-color: #F6EB14 !important;background-position: center !important;background-repeat: no-repeat !important;background-size: cover !important;}&#8221; css_animation=&#8221;fadeIn&#8221;] \u0141\u00d3D\u0179 LUKSUSOWA [\/vc_column_text][\/vc_column][\/vc_row][vc_row][vc_column][vc_column_text] Luksusowy rejs Teneryfa jest wyj\u0105tkow\u0105&#8230;<\/p>\n","protected":false},"featured_media":65086,"template":"","meta":{"_acf_changed":false,"_seopress_robots_primary_cat":"2539","_seopress_titles_title":"Luksusowy rejs Teneryfa, oberwacja delfin\u00f3w i wieloryb\u00f3w","_seopress_titles_desc":"Luksusowy rejs Teneryfa, wyj\u0105tkowy rejs widokowy z przerw\u0105 na p\u0142ywanie na pok\u0142adzie jednej z najlepszych \u0142odzi motorowych na wyspie","_seopress_robots_index":""},"product_brand":[],"product_cat":[2539],"product_tag":[2563,2565,2564],"class_list":{"0":"post-60185","1":"product","2":"type-product","3":"status-publish","4":"has-post-thumbnail","6":"product_cat-rejsy-statkiem","7":"product_tag-lodz-luksusowa-teneryfa","8":"product_tag-obserwacja-delfinow-i-wielorybow","9":"product_tag-rejs-teneryfa","11":"first","12":"instock","13":"virtual","14":"sold-individually","15":"taxable","16":"purchasable","17":"product-type-booking"},"booking_location":"","booking_location_type":"","booking_duration":3,"booking_duration_unit":"hour","booking_buffer":0,"booking_cost":0,"booking_resources":[],"acf":[],"_links":{"self":[{"href":"https:\/\/tenerife-trips.com\/pl\/wp-json\/wp\/v2\/product\/60185","targetHints":{"allow":["GET"]}}],"collection":[{"href":"https:\/\/tenerife-trips.com\/pl\/wp-json\/wp\/v2\/product"}],"about":[{"href":"https:\/\/tenerife-trips.com\/pl\/wp-json\/wp\/v2\/types\/product"}],"wp:featuredmedia":[{"embeddable":true,"href":"https:\/\/tenerife-trips.com\/pl\/wp-json\/wp\/v2\/media\/65086"}],"wp:attachment":[{"href":"https:\/\/tenerife-trips.com\/pl\/wp-json\/wp\/v2\/media?parent=60185"}],"wp:term":[{"taxonomy":"product_brand","embeddable":true,"href":"https:\/\/tenerife-trips.com\/pl\/wp-json\/wp\/v2\/product_brand?post=60185"},{"taxonomy":"product_cat","embeddable":true,"href":"https:\/\/tenerife-trips.com\/pl\/wp-json\/wp\/v2\/product_cat?post=60185"},{"taxonomy":"product_tag","embeddable":true,"href":"https:\/\/tenerife-trips.com\/pl\/wp-json\/wp\/v2\/product_tag?post=60185"}],"curies":[{"name":"wp","href":"https:\/\/api.w.org\/{rel}","templated":true}]}}