{"id":60258,"date":"2019-09-10T14:18:07","date_gmt":"2019-09-10T13:18:07","guid":{"rendered":"https:\/\/tenerife-trips.com\/?post_type=product&#038;p=60258"},"modified":"2025-12-03T11:53:43","modified_gmt":"2025-12-03T11:53:43","slug":"lodz-podwodna-teneryfa","status":"publish","type":"product","link":"https:\/\/tenerife-trips.com\/pl\/product\/rejsy-statkiem\/lodz-podwodna-teneryfa\/","title":{"rendered":"\u0141\u00d3D\u0179 PODWODNA"},"content":{"rendered":"<div class=\"wpb-content-wrapper\"><p>[vc_row full_width=&#8221;stretch_row_content_no_spaces&#8221;][vc_column][vc_column_text css=&#8221;.vc_custom_1743620905755{background-color: #F6EB14 !important;background-position: center !important;background-repeat: no-repeat !important;background-size: cover !important;}&#8221; css_animation=&#8221;fadeIn&#8221;]<\/p>\n<h1 class=\"title-h2\" style=\"text-align: center;\"><span style=\"font-size: 18pt; color: #312c7a;\">\u0141\u00d3D\u0179 PODWODNA<\/span><\/h1>\n<p>[\/vc_column_text][\/vc_column][\/vc_row][vc_row][vc_column][vc_column_text]<\/p>\n<p style=\"text-align: center;\"><span style=\"font-size: 14pt;\">Jednym z najbardziej niepowtarzalnych prze\u017cy\u0107, jakich mo\u017cesz do\u015bwiadczy\u0107 podczas wizyty na Teneryfie, jest rejs \u0142\u00f3d\u017a podwodna Teneryfa Submarine Safaris. Oferuje on wyj\u0105tkow\u0105 przygod\u0119, podczas kt\u00f3rej poznasz podwodny raj Wysp Kanaryjskich. Co wi\u0119cej, \u0142\u00f3d\u017a ta jest jedn\u0105 z zaledwie 15 \u0142odzi podwodnych na \u015bwiecie dost\u0119pnych dla turyst\u00f3w, co czyni t\u0119 wycieczk\u0119 jeszcze bardziej wyj\u0105tkow\u0105!<\/span><\/p>\n<p style=\"text-align: center;\"><span style=\"font-size: 14pt;\"><strong>\u21d3 Sp\u00f3jrz na dalszy opis poni\u017cej \u21d3<\/strong><\/span><\/p>\n<p>[\/vc_column_text][\/vc_column][\/vc_row][vc_row full_width=&#8221;stretch_row_content&#8221; full_height=&#8221;yes&#8221; css=&#8221;.vc_custom_1576192123211{background-color: #312c7a !important;background-position: center !important;background-repeat: no-repeat !important;background-size: cover !important;}&#8221;][vc_column]<div class=\"gem-vimeo gem-wrapbox gem-wrapbox-style-no-style rounded-corners gem-wrapbox-position-below\" style=\"width: 100%;\"><div class=\"gem-wrapbox-inner gem-ratio-style\" style=\"padding-top: 56.25%\"><iframe webkitallowfullscreen=\"true\" mozallowfullscreen=\"true\" allowfullscreen=\"true\" class=\"gem-wrapbox-element img-responsive\" frameborder=\"0\" scrolling=\"no\" marginheight=\"0\" marginwidth=\"0\" src=\"\/\/player.vimeo.com\/video\/359043172?title=0&amp;byline=0&amp;portrait=0 \"><\/iframe><\/div><\/div>[vc_empty_space]<div class=\"preloader\"><div class=\"preloader-spin\"><\/div><\/div> <div id=\"gem-gallery-69debf3869d05\" class=\"gem-gallery gem-gallery-hover-zooming-blur\"> <div class=\"gem-gallery-item\"> <div class=\"gem-gallery-item-image\"> <a href=\"https:\/\/tenerife-trips.com\/wp-content\/uploads\/2019\/09\/lodz-podwodna-Teneryfa-thegem-gallery-sidebar.jpg\" data-fancybox-group=\"gallery-69debf3869d05\" data-full-image-url=\"https:\/\/tenerife-trips.com\/wp-content\/uploads\/2019\/09\/lodz-podwodna-Teneryfa.jpg\"> <svg width=\"20\" height=\"10\"><path d=\"M 0,10 Q 9,9 10,0 Q 11,9 20,10\" \/><\/svg> <img src=\"https:\/\/tenerife-trips.com\/wp-content\/uploads\/2019\/09\/lodz-podwodna-Teneryfa-thegem-post-thumb-small.jpg\" alt=\"\u0142\u00f3d\u017a podwodna Teneryfa\" class=\"img-responsive\"> <span class=\"gem-gallery-caption slide-info\"> <\/span> <\/a> <span class=\"gem-gallery-line\"><\/span> <\/div> <\/div> <div class=\"gem-gallery-item\"> <div class=\"gem-gallery-item-image\"> <a href=\"https:\/\/tenerife-trips.com\/wp-content\/uploads\/2019\/12\/2-3-thegem-gallery-sidebar.jpg\" data-fancybox-group=\"gallery-69debf3869d05\" data-full-image-url=\"https:\/\/tenerife-trips.com\/wp-content\/uploads\/2019\/12\/2-3.jpg\"> <svg width=\"20\" height=\"10\"><path d=\"M 0,10 Q 9,9 10,0 Q 11,9 20,10\" \/><\/svg> <img src=\"https:\/\/tenerife-trips.com\/wp-content\/uploads\/2019\/12\/2-3-thegem-post-thumb-small.jpg\" alt=\"\" class=\"img-responsive\"> <span class=\"gem-gallery-caption slide-info\"> <\/span> <\/a> <span class=\"gem-gallery-line\"><\/span> <\/div> <\/div> <div class=\"gem-gallery-item\"> <div class=\"gem-gallery-item-image\"> <a href=\"https:\/\/tenerife-trips.com\/wp-content\/uploads\/2019\/12\/3-3-thegem-gallery-sidebar.jpg\" data-fancybox-group=\"gallery-69debf3869d05\" data-full-image-url=\"https:\/\/tenerife-trips.com\/wp-content\/uploads\/2019\/12\/3-3.jpg\"> <svg width=\"20\" height=\"10\"><path d=\"M 0,10 Q 9,9 10,0 Q 11,9 20,10\" \/><\/svg> <img src=\"https:\/\/tenerife-trips.com\/wp-content\/uploads\/2019\/12\/3-3-thegem-post-thumb-small.jpg\" alt=\"submarine Tenerife\" class=\"img-responsive\"> <span class=\"gem-gallery-caption slide-info\"> <\/span> <\/a> <span class=\"gem-gallery-line\"><\/span> <\/div> <\/div> <div class=\"gem-gallery-item\"> <div class=\"gem-gallery-item-image\"> <a href=\"https:\/\/tenerife-trips.com\/wp-content\/uploads\/2019\/12\/submarine-thegem-gallery-sidebar.png\" data-fancybox-group=\"gallery-69debf3869d05\" data-full-image-url=\"https:\/\/tenerife-trips.com\/wp-content\/uploads\/2019\/12\/submarine.png\"> <svg width=\"20\" height=\"10\"><path d=\"M 0,10 Q 9,9 10,0 Q 11,9 20,10\" \/><\/svg> <img src=\"https:\/\/tenerife-trips.com\/wp-content\/uploads\/2019\/12\/submarine-thegem-post-thumb-small.png\" alt=\"\" class=\"img-responsive\"> <span class=\"gem-gallery-caption slide-info\"> <\/span> <\/a> <span class=\"gem-gallery-line\"><\/span> <\/div> <\/div> <div class=\"gem-gallery-item\"> <div class=\"gem-gallery-item-image\"> <a href=\"https:\/\/tenerife-trips.com\/wp-content\/uploads\/2019\/12\/6-1-thegem-gallery-sidebar.jpg\" data-fancybox-group=\"gallery-69debf3869d05\" data-full-image-url=\"https:\/\/tenerife-trips.com\/wp-content\/uploads\/2019\/12\/6-1.jpg\"> <svg width=\"20\" height=\"10\"><path d=\"M 0,10 Q 9,9 10,0 Q 11,9 20,10\" \/><\/svg> <img src=\"https:\/\/tenerife-trips.com\/wp-content\/uploads\/2019\/12\/6-1-thegem-post-thumb-small.jpg\" alt=\"\" class=\"img-responsive\"> <span class=\"gem-gallery-caption slide-info\"> <\/span> <\/a> <span class=\"gem-gallery-line\"><\/span> <\/div> <\/div> <\/div>[vc_empty_space][\/vc_column][\/vc_row][vc_row full_width=&#8221;stretch_row&#8221; css=&#8221;.vc_custom_1577671222333{background-color: #312c7a !important;background-position: center !important;background-repeat: no-repeat !important;background-size: cover !important;}&#8221;][vc_column][vc_column_text]<\/p>\n<h3 style=\"text-align: center;\"><span style=\"color: #ffffff; font-size: 18pt;\">OPIS\u00a0<\/span><\/h3>\n<p>[\/vc_column_text][\/vc_column][\/vc_row][vc_row][vc_column][vc_tta_accordion style=&#8221;simple_solid&#8221; color=&#8221;blue&#8221; c_icon=&#8221;chevron&#8221; active_section=&#8221;-0&#8243; collapsible_all=&#8221;true&#8221;][vc_tta_section title=&#8221;OPIS WYCIECZKI&#8221; tab_id=&#8221;1577671091617-0af8eee0-94020f62-84c4aac8-a49bd1a4-a847ecb5-ca7a033d-7c45&#8243;][vc_column_text]<span style=\"font-size: 14pt;\">Wycieczka \u0142\u00f3d\u017a podwodna Teneryfa rozpoczyna si\u0119 w porcie \u201eAmarilla Marina\u201d znajduj\u0105cym si\u0119 na po\u0142udniu wyspy w Amarilla Golf. Port ten po\u0142o\u017cony jest zaledwie 15\/20 minut samochodem od Playa de <a href=\"https:\/\/pl.wikipedia.org\/wiki\/Playa_de_las_Am%C3%A9ricas\" target=\"_blank\" rel=\"noopener\">Las Americas<\/a> i <a href=\"https:\/\/pl.wikipedia.org\/wiki\/Los_Cristianos\" target=\"_blank\" rel=\"noopener\">Los Cristianos<\/a>.<\/span><\/p>\n<p><span style=\"font-size: 14pt;\">Na pok\u0142adzie dost\u0119pne s\u0105 44 miejsca, ka\u017cde z siedze\u0144 ulokowane jest przed jednym z 22 panoramicznych okien, co daje mo\u017cliwo\u015b\u0107 podziwiania \u017cycia morskiego przez ca\u0142\u0105 podr\u00f3\u017c.<\/span><\/p>\n<h3><span style=\"font-size: 12pt;\">Podczas rejs \u0142\u00f3d\u017a podwodna Teneryfa do\u015bwiadczony przewodnik z pasj\u0105 opowie o podwodnym \u017cyciu i warunkach, jakie panuj\u0105 w tutejszych wodach na Wyspach Kanaryjskich. nasi przewodnicy porozumiewaj\u0105 si\u0119 w j\u0119zykach takich jak polski, angielski, niemiecki, hiszpa\u0144ski, w\u0142oski, francuski i holenderski. W zimie dost\u0119pny jest r\u00f3wnie\u017c j\u0119zyk fi\u0144ski, du\u0144ski oraz szwedzki. Podczas dokonywania rezerwacji uprzejmie prosimy poinformowa\u0107 nas o Twojej preferencji.<\/span><\/h3>\n<p><span style=\"font-size: 14pt;\">Podr\u00f3\u017c \u0142odzi\u0105 podwodn\u0105 trwa oko\u0142o godziny. Osi\u0105gniemy g\u0142\u0119boko\u015b\u0107 oko\u0142o 30 metr\u00f3w poni\u017cej poziomu morza; zobaczymy obfite \u017cycie morskie i odkryjemy wraki zatopionych w okolicy statk\u00f3w. Ponadto grupa nurk\u00f3w b\u0119dzie p\u0142ywa\u0107 wok\u00f3\u0142 \u0142odzi, przyci\u0105gaj\u0105c wiele r\u00f3\u017cnych gatunk\u00f3w ryb morskich, a tak\u017ce inne zwierz\u0119ta, takie jak p\u0142aszczki. Zach\u0119camy, aby\u015b wzi\u0105\u0142 ze sob\u0105 aparat fotograficzny, aby m\u00f3c upami\u0105tkowa\u0107 to wyj\u0105tkowe do\u015bwiadczenie.<\/span><\/p>\n<p><span style=\"font-size: 14pt;\">Przebywanie po raz pierwszy w \u0142odzi podwodnej na du\u017cych g\u0142\u0119boko\u015bciach jest emocjonuj\u0105ce i nie rzadko powoduje dreszczyk emocji. Przypomina to troch\u0119 pierwszy lot samolotem; mogliby\u015bmy uzna\u0107 to za dow\u00f3d, \u017ce naszym naturalnym instynktem jest przekraczanie granic, odkrywanie nowych mo\u017cliwo\u015bci i \u015brodowisk odmiennych od tych, kt\u00f3re otaczaj\u0105 nas na co dzie\u0144. Jednocze\u015bnie warto podkre\u015bli\u0107, \u017ce Submarine Safaris jest bardzo bezpieczny oraz wygodny, a\u017c ci\u0119\u017cko uwierzy\u0107, \u017ce mo\u017cna by\u0107 tak spokojnym i zrelaksowanym przebywaj\u0105c jednocze\u015bnie g\u0142\u0119boko pod wod\u0105.<\/span><\/p>\n<h3><span style=\"font-size: 12pt; color: #ff0000;\">wycieczka \u0142\u00f3d\u017a podwodna Teneryfa Submarine Safaris jest dost\u0119pna dla doros\u0142ych oraz dzieci powy\u017cej drugiego roku \u017cycia.<\/span><\/h3>\n<p>[\/vc_column_text][\/vc_tta_section][vc_tta_section title=&#8221;ROZK\u0141AD I TRANSFER&#8221; tab_id=&#8221;1577671091666-736a5870-75e30f62-84c4aac8-a49bd1a4-a847ecb5-ca7a033d-7c45&#8243;][vc_column_text]<span style=\"font-size: 14pt;\">Us\u0142uga transferu jest dost\u0119pna z zachodniej oraz po\u0142udniowej cz\u0119\u015bci Teneryfy, od Los Gigantes po Los Cristianos. Osobny transfer jest dost\u0119pny z Puerto de la Cruz. Prosimy o skontaktowanie si\u0119 z nami poprzez czat na \u017cywo w celu sprawdzenia dost\u0119pno\u015bci tej us\u0142ugi.\u00a0<\/span><\/p>\n<p><span style=\"text-decoration: underline; font-size: 14pt;\"><span style=\"color: #ff0000; text-decoration: underline;\">ROZK\u0141AD:<\/span><\/span><\/p>\n<p><span style=\"font-size: 14pt;\">W poniedzia\u0142ki, wtorki, \u015brody, czwartki oraz niedziele. Prosimy o kontakt z nasz\u0105 obs\u0142ug\u0105 klienta w celu sprawdzenia rozk\u0142adu godzin.<\/span><\/p>\n<p><span style=\"font-size: 14pt;\"><strong>OBEJRZYJ NASZ FILMIK, PRZEKONAJ SI\u0118, JAK WYGL\u0104DA TA W\u0141A\u015aNIE WYCIECZKA I ZAREZERWUJ JU\u017b TERAZ!<\/strong><\/span>[\/vc_column_text][\/vc_tta_section][\/vc_tta_accordion][\/vc_column][\/vc_row][vc_row full_width=&#8221;stretch_row_content&#8221; css=&#8221;.vc_custom_1577476060002{background-color: #312c7a !important;background-position: center !important;background-repeat: no-repeat !important;background-size: cover !important;}&#8221;][vc_column][vc_column_text]<\/p>\n<h3 style=\"text-align: center;\"><strong><span style=\"font-size: 18pt; color: #ffffff;\">ZAREZERWUJ TERAZ<\/span><\/strong><\/h3>\n<p>[\/vc_column_text][\/vc_column][\/vc_row]<\/p>\n<\/div>","protected":false},"excerpt":{"rendered":"<p>[vc_row full_width=&#8221;stretch_row_content_no_spaces&#8221;][vc_column][vc_column_text css=&#8221;.vc_custom_1743620905755{background-color: #F6EB14 !important;background-position: center !important;background-repeat: no-repeat !important;background-size: cover !important;}&#8221; css_animation=&#8221;fadeIn&#8221;] \u0141\u00d3D\u0179 PODWODNA [\/vc_column_text][\/vc_column][\/vc_row][vc_row][vc_column][vc_column_text] Jednym z najbardziej niepowtarzalnych prze\u017cy\u0107,&#8230;<\/p>\n","protected":false},"featured_media":378946,"template":"","meta":{"_acf_changed":false,"_seopress_robots_primary_cat":"2539","_seopress_titles_title":"\u0141\u00f3d\u017a podwodna Teneryfa, poznaj podwodny raj Wysp Kanaryjskich","_seopress_titles_desc":"Rejs \u0142odzi\u0105 podwodn\u0105 to jedna z g\u0142\u00f3wnych atrakcji oferuj\u0105ca niepowtarzalne prze\u017cycia. Nie przegap tej okazji i zarezerwuj z nami ju\u017c teraz","_seopress_robots_index":""},"product_brand":[],"product_cat":[2539],"product_tag":[2568,2567,2569],"class_list":{"0":"post-60258","1":"product","2":"type-product","3":"status-publish","4":"has-post-thumbnail","6":"product_cat-rejsy-statkiem","7":"product_tag-lodz-podwodna-teneryfa","8":"product_tag-podwodne-safari","9":"product_tag-submarine-safaris-teneryfa","11":"first","12":"instock","13":"virtual","14":"sold-individually","15":"taxable","16":"purchasable","17":"product-type-booking"},"booking_location":"","booking_location_type":"","booking_duration":1,"booking_duration_unit":"day","booking_buffer":0,"booking_cost":0,"booking_resources":[],"acf":[],"_links":{"self":[{"href":"https:\/\/tenerife-trips.com\/pl\/wp-json\/wp\/v2\/product\/60258","targetHints":{"allow":["GET"]}}],"collection":[{"href":"https:\/\/tenerife-trips.com\/pl\/wp-json\/wp\/v2\/product"}],"about":[{"href":"https:\/\/tenerife-trips.com\/pl\/wp-json\/wp\/v2\/types\/product"}],"wp:featuredmedia":[{"embeddable":true,"href":"https:\/\/tenerife-trips.com\/pl\/wp-json\/wp\/v2\/media\/378946"}],"wp:attachment":[{"href":"https:\/\/tenerife-trips.com\/pl\/wp-json\/wp\/v2\/media?parent=60258"}],"wp:term":[{"taxonomy":"product_brand","embeddable":true,"href":"https:\/\/tenerife-trips.com\/pl\/wp-json\/wp\/v2\/product_brand?post=60258"},{"taxonomy":"product_cat","embeddable":true,"href":"https:\/\/tenerife-trips.com\/pl\/wp-json\/wp\/v2\/product_cat?post=60258"},{"taxonomy":"product_tag","embeddable":true,"href":"https:\/\/tenerife-trips.com\/pl\/wp-json\/wp\/v2\/product_tag?post=60258"}],"curies":[{"name":"wp","href":"https:\/\/api.w.org\/{rel}","templated":true}]}}