{"id":60310,"date":"2018-01-26T15:10:45","date_gmt":"2018-01-26T15:10:45","guid":{"rendered":"https:\/\/tenerife-trips.com\/?post_type=product&#038;p=60310"},"modified":"2026-03-14T09:59:12","modified_gmt":"2026-03-14T09:59:12","slug":"czarter-jachtow-teneryfa","status":"publish","type":"product","link":"https:\/\/tenerife-trips.com\/pl\/product\/rejsy-statkiem\/czarter-jachtow-teneryfa\/","title":{"rendered":"CZARTER PRYWATNY"},"content":{"rendered":"<div class=\"wpb-content-wrapper\"><p>[vc_row full_width=&#8221;stretch_row_content_no_spaces&#8221;][vc_column][vc_column_text css=&#8221;.vc_custom_1743671318726{background-color: #F6EB14 !important;background-position: center !important;background-repeat: no-repeat !important;background-size: cover !important;}&#8221; css_animation=&#8221;fadeIn&#8221;]<\/p>\n<h1 class=\"title-h2\" style=\"text-align: center;\"><span style=\"font-size: 18pt; color: #312c7a;\">CZARTER PRYWATNY<\/span><\/h1>\n<p>[\/vc_column_text][\/vc_column][\/vc_row][vc_row][vc_column][vc_column_text]<\/p>\n<p style=\"text-align: center;\"><span style=\"font-size: 14pt;\">Prywatny czarter jacht\u00f3w Teneryfa obejmuj\u0105cy rejs widokowy delfin\u00f3w i wieloryb\u00f3w b\u0119dzie niezwyk\u0142ym prze\u017cyciem, kt\u00f3rego nie mo\u017cesz przegapi\u0107 podczas wizyty na wyspie. Podczas tej ekskluzywnej wycieczki poznasz niesamowite \u017cycie morskie Wysp Kanaryjskich i odpoczniesz od t\u0142um\u00f3w. Morze pomi\u0119dzy Teneryf\u0105 i La Gomer\u0105 jest pod ochron\u0105 b\u0119d\u0105c jednocze\u015bnie rezerwatem przyrody, kt\u00f3ry rz\u0105d Wysp Kanaryjskich konserwuje dbaj\u0105c o t\u0105 niezwyk\u0142\u0105 przyrod\u0119 morsk\u0105.<\/span><\/p>\n<p style=\"text-align: center;\"><span style=\"font-size: 14pt;\"><strong>\u21d3 Sp\u00f3jrz na dalszy opis poni\u017cej \u21d3<\/strong><\/span><\/p>\n<p>[\/vc_column_text][\/vc_column][\/vc_row][vc_row full_width=&#8221;stretch_row_content&#8221; full_height=&#8221;yes&#8221; css=&#8221;.vc_custom_1576192123211{background-color: #312c7a !important;background-position: center !important;background-repeat: no-repeat !important;background-size: cover !important;}&#8221;][vc_column]<div class=\"gem-vimeo gem-wrapbox gem-wrapbox-style-no-style rounded-corners gem-wrapbox-position-below\" style=\"width: 100%;\"><div class=\"gem-wrapbox-inner gem-ratio-style\" style=\"padding-top: 56.25%\"><iframe webkitallowfullscreen=\"true\" mozallowfullscreen=\"true\" allowfullscreen=\"true\" class=\"gem-wrapbox-element img-responsive\" frameborder=\"0\" scrolling=\"no\" marginheight=\"0\" marginwidth=\"0\" src=\"\/\/player.vimeo.com\/video\/379473040?title=0&amp;byline=0&amp;portrait=0 \"><\/iframe><\/div><\/div>[vc_empty_space]<div class=\"preloader\"><div class=\"preloader-spin\"><\/div><\/div> <div id=\"gem-gallery-69e344cc45346\" class=\"gem-gallery gem-gallery-hover-zooming-blur\"> <div class=\"gem-gallery-item\"> <div class=\"gem-gallery-item-image\"> <a href=\"https:\/\/tenerife-trips.com\/wp-content\/uploads\/2020\/08\/MALA-ZAGLOWKA-thegem-gallery-sidebar.png\" data-fancybox-group=\"gallery-69e344cc45346\" data-full-image-url=\"https:\/\/tenerife-trips.com\/wp-content\/uploads\/2020\/08\/MALA-ZAGLOWKA.png\"> <svg width=\"20\" height=\"10\"><path d=\"M 0,10 Q 9,9 10,0 Q 11,9 20,10\" \/><\/svg> <img src=\"https:\/\/tenerife-trips.com\/wp-content\/uploads\/2020\/08\/MALA-ZAGLOWKA-thegem-post-thumb-small.png\" alt=\"\" class=\"img-responsive\"> <span class=\"gem-gallery-caption slide-info\"> <\/span> <\/a> <span class=\"gem-gallery-line\"><\/span> <\/div> <\/div> <div class=\"gem-gallery-item\"> <div class=\"gem-gallery-item-image\"> <a href=\"https:\/\/tenerife-trips.com\/wp-content\/uploads\/2020\/08\/rejs-zaglowka-scaled-thegem-gallery-sidebar.png\" data-fancybox-group=\"gallery-69e344cc45346\" data-full-image-url=\"https:\/\/tenerife-trips.com\/wp-content\/uploads\/2020\/08\/rejs-zaglowka-scaled.png\"> <svg width=\"20\" height=\"10\"><path d=\"M 0,10 Q 9,9 10,0 Q 11,9 20,10\" \/><\/svg> <img src=\"https:\/\/tenerife-trips.com\/wp-content\/uploads\/2020\/08\/rejs-zaglowka-scaled-thegem-post-thumb-small.png\" alt=\"\" class=\"img-responsive\"> <span class=\"gem-gallery-caption slide-info\"> <\/span> <\/a> <span class=\"gem-gallery-line\"><\/span> <\/div> <\/div> <div class=\"gem-gallery-item\"> <div class=\"gem-gallery-item-image\"> <a href=\"https:\/\/tenerife-trips.com\/wp-content\/uploads\/2019\/12\/RIB-thegem-gallery-sidebar.png\" data-fancybox-group=\"gallery-69e344cc45346\" data-full-image-url=\"https:\/\/tenerife-trips.com\/wp-content\/uploads\/2019\/12\/RIB.png\"> <svg width=\"20\" height=\"10\"><path d=\"M 0,10 Q 9,9 10,0 Q 11,9 20,10\" \/><\/svg> <img src=\"https:\/\/tenerife-trips.com\/wp-content\/uploads\/2019\/12\/RIB-thegem-post-thumb-small.png\" alt=\"\" class=\"img-responsive\"> <span class=\"gem-gallery-caption slide-info\"> <\/span> <\/a> <span class=\"gem-gallery-line\"><\/span> <\/div> <\/div> <div class=\"gem-gallery-item\"> <div class=\"gem-gallery-item-image\"> <a href=\"https:\/\/tenerife-trips.com\/wp-content\/uploads\/2020\/08\/LODZ-MOTOROWA-1-thegem-gallery-sidebar.png\" data-fancybox-group=\"gallery-69e344cc45346\" data-full-image-url=\"https:\/\/tenerife-trips.com\/wp-content\/uploads\/2020\/08\/LODZ-MOTOROWA-1.png\"> <svg width=\"20\" height=\"10\"><path d=\"M 0,10 Q 9,9 10,0 Q 11,9 20,10\" \/><\/svg> <img src=\"https:\/\/tenerife-trips.com\/wp-content\/uploads\/2020\/08\/LODZ-MOTOROWA-1-thegem-post-thumb-small.png\" alt=\"\" class=\"img-responsive\"> <span class=\"gem-gallery-caption slide-info\"> <\/span> <\/a> <span class=\"gem-gallery-line\"><\/span> <\/div> <\/div> <div class=\"gem-gallery-item\"> <div class=\"gem-gallery-item-image\"> <a href=\"https:\/\/tenerife-trips.com\/wp-content\/uploads\/2020\/08\/LODZ-LUKSUSOWA-thegem-gallery-sidebar.jpg\" data-fancybox-group=\"gallery-69e344cc45346\" data-full-image-url=\"https:\/\/tenerife-trips.com\/wp-content\/uploads\/2020\/08\/LODZ-LUKSUSOWA.jpg\"> <svg width=\"20\" height=\"10\"><path d=\"M 0,10 Q 9,9 10,0 Q 11,9 20,10\" \/><\/svg> <img src=\"https:\/\/tenerife-trips.com\/wp-content\/uploads\/2020\/08\/LODZ-LUKSUSOWA-thegem-post-thumb-small.jpg\" alt=\"\" class=\"img-responsive\"> <span class=\"gem-gallery-caption slide-info\"> <\/span> <\/a> <span class=\"gem-gallery-line\"><\/span> <\/div> <\/div> <div class=\"gem-gallery-item\"> <div class=\"gem-gallery-item-image\"> <a href=\"https:\/\/tenerife-trips.com\/wp-content\/uploads\/2020\/08\/katamaran-1-thegem-gallery-sidebar.jpg\" data-fancybox-group=\"gallery-69e344cc45346\" data-full-image-url=\"https:\/\/tenerife-trips.com\/wp-content\/uploads\/2020\/08\/katamaran-1.jpg\"> <svg width=\"20\" height=\"10\"><path d=\"M 0,10 Q 9,9 10,0 Q 11,9 20,10\" \/><\/svg> <img src=\"https:\/\/tenerife-trips.com\/wp-content\/uploads\/2020\/08\/katamaran-1-thegem-post-thumb-small.jpg\" alt=\"katamaran Tenerife\" class=\"img-responsive\"> <span class=\"gem-gallery-caption slide-info\"> <\/span> <\/a> <span class=\"gem-gallery-line\"><\/span> <\/div> <\/div> <\/div>[vc_empty_space][\/vc_column][\/vc_row][vc_row full_width=&#8221;stretch_row&#8221; css=&#8221;.vc_custom_1600350553978{background-color: #312c7a !important;}&#8221;][vc_column][vc_column_text]<\/p>\n<h3 style=\"text-align: center;\"><span style=\"color: #ffffff; font-size: 18pt;\">OPIS\u00a0<\/span><\/h3>\n<p>[\/vc_column_text][\/vc_column][\/vc_row][vc_row][vc_column][vc_tta_accordion style=&#8221;simple_solid&#8221; color=&#8221;blue&#8221; c_icon=&#8221;chevron&#8221; active_section=&#8221;-0&#8243; collapsible_all=&#8221;true&#8221;][vc_tta_section title=&#8221;OPIS WYCIECZKI&#8221; tab_id=&#8221;1577671091617-0af8eee0-94020f62-84c4aac8-a49bd1a4-a847ecb5-ca7a77f4-44e0&#8243;][vc_column_text css=&#8221;&#8221;]<\/p>\n<h3><span style=\"font-size: 12pt;\">Je\u015bli szukasz wyj\u0105tkowego rejsu, ekskluzywnego dla Twojej rodziny b\u0105d\u017a te\u017c groma znajomych prywatny czarter jacht\u00f3w Teneryfa b\u0119dzie idealnym wyborem! Oferujemy 3-godzinn\u0105 lub te\u017c i d\u0142u\u017cej trwaj\u0105c\u0105 (w zale\u017cno\u015bci od wybranej opcji) wycieczk\u0119 widokow\u0105 z obserwacj\u0105 delfin\u00f3w i wieloryb\u00f3w.<\/span><\/h3>\n<p style=\"text-align: center;\"><strong><span style=\"font-size: 14pt; color: #ff6600;\">\u0141odzie, oferuj\u0105ce prywatny czarter jacht\u00f3w Teneryfa to:<\/span><\/strong><\/p>\n<p>&nbsp;<\/p>\n<p style=\"text-align: center;\"><span style=\"font-size: 14pt; color: #ff0000;\"><strong><span style=\"text-decoration: underline;\">Ma\u0142a \u017bagl\u00f3wka<\/span>,<\/strong>\u00a0oferuj\u0105ca miejsce dla maksymalnie 6 os\u00f3b<\/span><\/p>\n<p><span style=\"font-size: 14pt;\"><img alt=\"\" class=\"aligncenter wp-image-434591\" src=\"https:\/\/tenerife-trips.com\/wp-content\/uploads\/2018\/01\/sailing-boat-10m-1024x576.png\" alt=\"\" width=\"960\" height=\"540\" \/><\/span><\/p>\n<hr \/>\n<p>&nbsp;<\/p>\n<p style=\"text-align: center;\"><span style=\"font-size: 14pt; color: #ff0000;\"><strong><span style=\"text-decoration: underline;\">\u017bagl\u00f3wka<\/span>,<\/strong>\u00a0oferuj\u0105ca miejsce dla maksymalnie 11 os\u00f3b<\/span><\/p>\n<p><img class=\"aligncenter wp-image-139986\" src=\"https:\/\/tenerife-trips.com\/wp-content\/uploads\/2019\/12\/whale-watching-Tenerife-2-1-1024x575.jpg\" alt=\"whale watching Tenerife\" width=\"960\" height=\"539\" srcset=\"https:\/\/tenerife-trips.com\/wp-content\/uploads\/2019\/12\/whale-watching-Tenerife-2-1-1024x575.jpg 1024w, https:\/\/tenerife-trips.com\/wp-content\/uploads\/2019\/12\/whale-watching-Tenerife-2-1-scaled-600x337.jpg 600w, https:\/\/tenerife-trips.com\/wp-content\/uploads\/2019\/12\/whale-watching-Tenerife-2-1-scaled-300x169.jpg 300w, https:\/\/tenerife-trips.com\/wp-content\/uploads\/2019\/12\/whale-watching-Tenerife-2-1-768x432.jpg 768w, https:\/\/tenerife-trips.com\/wp-content\/uploads\/2019\/12\/whale-watching-Tenerife-2-1-1536x863.jpg 1536w, https:\/\/tenerife-trips.com\/wp-content\/uploads\/2019\/12\/whale-watching-Tenerife-2-1-2048x1151.jpg 2048w\" sizes=\"(max-width: 960px) 100vw, 960px\" \/><\/p>\n<hr \/>\n<p>&nbsp;<\/p>\n<p style=\"text-align: center;\"><span style=\"font-size: 14pt; color: #ff0000;\"><strong><span style=\"text-decoration: underline;\">RIB<\/span>,<\/strong> oferuj\u0105ca miejsce dla maksymalnie 8 os\u00f3b oraz dodatkow\u0105 opcj\u0119 rejsu 5-godzinnego\u00a0 do Los Gigantes. Ta \u0142\u00f3d\u017a nie ma zezwolenia na obserwowanie wieloryb\u00f3w.<\/span><\/p>\n<p><span style=\"font-size: 14pt;\"><img alt=\"\" class=\"aligncenter wp-image-69914 size-full\" src=\"https:\/\/tenerife-trips.com\/wp-content\/uploads\/2018\/01\/A.png\" alt=\"\" width=\"960\" height=\"539\" \/><\/span><\/p>\n<hr \/>\n<p>&nbsp;<\/p>\n<p style=\"text-align: center;\"><a href=\"https:\/\/tenerife-trips.com\/product\/rejsy-statkiem\/teneryfa-delfiny\/?lang=pl\" target=\"_blank\" rel=\"noopener\"><span style=\"font-size: 14pt;\">\u0141\u00f3d\u017a motorowa<\/span><\/a>, <span style=\"font-size: 14pt; color: #ff0000;\">oferuj\u0105ca miejsce dla maksymalnie 12 os\u00f3b<\/span><\/p>\n<p><img class=\"aligncenter wp-image-49323\" src=\"https:\/\/tenerife-trips.com\/wp-content\/uploads\/2019\/12\/2-1.jpg\" alt=\"Avistamiento cet\u00e1ceos Tenerife\" width=\"960\" height=\"539\" srcset=\"https:\/\/tenerife-trips.com\/wp-content\/uploads\/2019\/12\/2-1.jpg 1024w, https:\/\/tenerife-trips.com\/wp-content\/uploads\/2019\/12\/2-1-600x337.jpg 600w, https:\/\/tenerife-trips.com\/wp-content\/uploads\/2019\/12\/2-1-300x168.jpg 300w, https:\/\/tenerife-trips.com\/wp-content\/uploads\/2019\/12\/2-1-768x431.jpg 768w\" sizes=\"(max-width: 960px) 100vw, 960px\" \/><\/p>\n<hr \/>\n<p>&nbsp;<\/p>\n<p style=\"text-align: center;\"><span style=\"font-size: 14pt;\"><a href=\"https:\/\/tenerife-trips.com\/product\/rejsy-statkiem\/luksusowy-rejs-teneryfa\/?lang=pl\" target=\"_blank\" rel=\"noopener\">\u0141\u00f3d\u017a luksusowa<\/a>, oferuj\u0105ca miejsce dla maksymalnie 12 os\u00f3b<\/span><\/p>\n<p><span style=\"font-size: 14pt;\"><img alt=\"\" class=\"aligncenter wp-image-77031\" src=\"https:\/\/tenerife-trips.com\/wp-content\/uploads\/2018\/01\/private-charter-3-1024x576.jpg\" alt=\"\" width=\"960\" height=\"540\" \/><\/span><\/p>\n<hr \/>\n<p>&nbsp;<\/p>\n<p style=\"text-align: center;\"><span style=\"font-size: 14pt; color: #ff0000;\"><span style=\"text-decoration: underline;\"><strong>Katamaran<\/strong><\/span>, oferuj\u0105cy miejsce dla maksymalnie 50 os\u00f3b<\/span><\/p>\n<p><img alt=\"\" class=\"aligncenter wp-image-350449\" src=\"https:\/\/tenerife-trips.com\/wp-content\/uploads\/2018\/01\/9-1-1024x577.jpg\" alt=\"\" width=\"960\" height=\"541\" \/><\/p>\n<p>&nbsp;<\/p>\n<hr \/>\n<p><span style=\"font-size: 14pt;\">Startujemy z Puerto Colon, gdzie zakotwiczone s\u0105 nasze \u0142odzie. Stamt\u0105d, opuszczamy przysta\u0144, aby wyruszy\u0107 w niezwyk\u0142\u0105 przygod\u0119.<\/span><\/p>\n<p><span style=\"font-size: 14pt;\">W wodach Wysp Kanaryjskich wyst\u0119puj\u0105 sympatyczne wieloryby oraz delfiny, kt\u00f3re mo\u017cna obserwowa\u0107 przez ca\u0142y rok. Podczas rejsu widokowego oddalamy si\u0119 par\u0119 kilometr\u00f3w od wybrze\u017ca w poszukiwaniu tych w\u0142a\u015bnie osobnik\u00f3w, aby m\u00f3c ogl\u0105da\u0107 je wolne i szcz\u0119\u015bliwe w ich naturalnym \u015brodowisku.<\/span><\/p>\n<h3><span style=\"font-size: 12pt;\">CZY rzeczywi\u015bcie B\u0118DZIESZ M\u00d3G\u0141 JE ZOBACZY\u0106 PODCZAS TWOJEGO REJSU CZARTER JACHT\u00d3W TENERYFA?<\/span><\/h3>\n<p><span style=\"font-size: 14pt;\">Tak, szanse na takie spotkanie s\u0105 naprawd\u0119 bardzo du\u017ce.<a href=\"https:\/\/pl.wikipedia.org\/wiki\/Grindwal\" target=\"_blank\" rel=\"noopener\"> Grindwale<\/a> (walenie z rodziny delfin\u00f3w oceanicznych) powolnie p\u0142ywaj\u0105 w morzu, wynurzaj\u0105c si\u0119 z wody, aby nabra\u0107 powietrza. Doros\u0142e osobniki osi\u0105gaj\u0105 do 7 metr\u00f3w d\u0142ugo\u015bci i cz\u0119sto mo\u017cna je zauwa\u017cy\u0107 w grupie z m\u0142odym potomstwem. Delfiny z kolei s\u0105 niezwykle ciekawskie i towarzystkie, zdarza im si\u0119 bawi\u0107 \u015bcigaj\u0105c \u0142\u00f3dki, rado\u015bnie przy tym wyskakuj\u0105c z wody. Najbardziej popularnym ich gatunkiem wyst\u0119puj\u0105cym na Teneryfie s\u0105 delfiny butelkonose.<\/span><\/p>\n<p><span style=\"font-size: 14pt;\">Po zako\u0144czeniu tej niesamowitej obserwacji, jak\u0105 oferuje czarter jacht\u00f3w Teneryfa udajemy si\u0119 w stron\u0119 wybrze\u017ca. Zazwyczaj punktem postoju jest pla\u017ca Diego Hernandez, naturalna piaszczysta pla\u017ca po\u0142o\u017cona w rejonie Costa Adeje. Tam<\/span><span style=\"font-size: 14pt;\"> zatrzymamy si\u0119 na oko\u0142o godzin\u0119, aby m\u00f3c zrelaksowa\u0107 si\u0119 na pok\u0142adzie \u0142odzi b\u0105d\u017a te\u017c zanurzy\u0107 w wodzie. Dodatkowo, je\u015bli b\u0119dziesz mie\u0107 ochot\u0119 pop\u0142ywa\u0107 z mask\u0105, zapewnimy Ci sprz\u0119t do nurkowania! Na koniec, j<\/span><span style=\"font-size: 14pt;\">ak ju\u017c wszyscy b\u0119d\u0105 gotowi do powrotu, udamy sie w drog\u0119 do tego samego portu, z kt\u00f3rego wyp\u0142yn\u0119li\u015bmy. Podczas rejsu o<\/span><span style=\"font-size: 14pt;\">ferujemy jedzenie oraz napoje bezalkoholowe, wod\u0119, piwo oraz wino.<\/span>[\/vc_column_text][\/vc_tta_section][vc_tta_section title=&#8221;ROZK\u0141AD I TRANSFER&#8221; tab_id=&#8221;1577671091666-736a5870-75e30f62-84c4aac8-a49bd1a4-a847ecb5-ca7a77f4-44e0&#8243;][vc_column_text css=&#8221;&#8221;]<span style=\"color: #ff0000;\">Us\u0142uga transportu jest dost\u0119pna tylko dla wycieczki \u0142odzi\u0105 \u017caglow\u0105 w obszarze mi\u0119dzy Los Gigantes i Golf del Sur. Us\u0142uga ta podlega dodatkowej op\u0142acie, prosimy o kontakt z naszym dzia\u0142em obs\u0142ugi klienta w celu uzyskania szczeg\u00f3\u0142\u00f3w.<\/span> W przypadku wycieczek innymi \u0142odziami nale\u017cy uda\u0107 si\u0119 osobi\u015bcie do\u00a0<a href=\"https:\/\/maps.app.goo.gl\/5y9GJZR7j2fYeLmKA\" target=\"_blank\" rel=\"noopener\">Puerto\u00a0Colon<\/a>.<\/p>\n<p><span style=\"text-decoration: underline; font-size: 14pt;\"><span style=\"color: #ff0000; text-decoration: underline;\">ROZK\u0141AD:<\/span><\/span><\/p>\n<p><span style=\"font-size: 14pt;\"><strong>Ma\u0142a \u017bagl\u00f3wka:\u00a0 \u00a0<\/strong>maksymalnie 6 os\u00f3b, codziennie o godzinie 9:30, 13:00. W sezonie letnim r\u00f3wnie\u017c o godzinie 16:30.<\/span><\/p>\n<p><span style=\"font-size: 14pt;\"><strong>\u017bagl\u00f3wka:\u00a0 \u00a0<\/strong>maksymalnie 11\u00a0 os\u00f3b, codziennie o godzinie 10:00, 13:00. W sezonie letnim r\u00f3wnie\u017c o godzinie 16:00.<\/span><\/p>\n<p><span style=\"font-size: 14pt;\"><strong>RIB:\u00a0 <\/strong>\u00a0maksymalnie 8 os\u00f3b, codziennie o\u00a0 godzinie 10:30 oraz 14:00.<\/span><\/p>\n<p><span style=\"font-size: 14pt;\"><strong>\u0141\u00f3d\u017a motorowa:\u00a0 <\/strong>\u00a0maksymalnie 12 os\u00f3b, codziennie o\u00a0 godzinie 10:30, 14:00 oraz 17:30.<\/span><\/p>\n<p><span style=\"font-size: 14pt;\"><strong>\u0141\u00f3d\u017a luksusowa:<\/strong>\u00a0 \u00a0maksymalnie 12 os\u00f3b, codziennie o godzinie 10:00 oraz 13:30.<\/span><\/p>\n<p><strong><span style=\"font-size: 14pt;\">Katamaran:<\/span><\/strong>\u00a0 \u00a0<span style=\"font-size: 14pt;\">maksymalnie 50 os\u00f3b, o godzinie dowolnie wybranej przez klienta.<\/span><\/p>\n<p><span style=\"font-size: 14pt;\"><strong>Zapraszamy Ci\u0119 do ogl\u0105dni\u0119cia strony ka\u017cdej z powy\u017cszych \u0142odzi. Przekonaj si\u0119, jak wygl\u0105da dana wycieczka i zarezerwuj sw\u00f3j rejs prywatny ju\u017c dzisiaj!<\/strong><\/span>[\/vc_column_text][\/vc_tta_section][\/vc_tta_accordion]<style type=\"text\/css\">.thegem-button-69e344cc488c05307 .gem-button svg {fill: #ffffff;}.thegem-button-69e344cc488c05307 .gem-button:hover svg {fill: #312c7a;}<\/style><div class=\"gem-button-container gem-button-position-center thegem-button-69e344cc488c05307    \"  ><a class=\"gem-button gem-button-size-small gem-button-style-flat gem-button-text-weight-normal\" data-ll-effect=\"drop-right-without-wrap\" style=\"border-radius: 3px;background-color: #312c7a;color: #ffffff;\" onmouseleave=\"this.style.backgroundColor='#312c7a';this.style.color='#ffffff';\" onmouseenter=\"this.style.backgroundColor='#f6eb14';this.style.color='#312c7a';\" href=\"#cennik-charter\" target=\"_self\">CENNIK<\/a><\/div> [\/vc_column][\/vc_row][vc_row full_width=&#8221;stretch_row_content&#8221; css=&#8221;.vc_custom_1600350623487{background-color: #312c7a !important;background-position: center !important;background-repeat: no-repeat !important;background-size: cover !important;}&#8221;][vc_column][vc_column_text]<\/p>\n<h3 style=\"text-align: center;\"><span style=\"color: #ffffff;\"><span style=\"font-size: 18pt;\">ZAREZERWUJ TERAZ<\/span><\/span><\/h3>\n<p>[\/vc_column_text][vc_empty_space height=&#8221;10px&#8221; el_id=&#8221;cennik-charter&#8221;][\/vc_column][\/vc_row]<\/p>\n<\/div>","protected":false},"excerpt":{"rendered":"<p>[vc_row full_width=&#8221;stretch_row_content_no_spaces&#8221;][vc_column][vc_column_text css=&#8221;.vc_custom_1743671318726{background-color: #F6EB14 !important;background-position: center !important;background-repeat: no-repeat !important;background-size: cover !important;}&#8221; css_animation=&#8221;fadeIn&#8221;] CZARTER PRYWATNY [\/vc_column_text][\/vc_column][\/vc_row][vc_row][vc_column][vc_column_text] Prywatny czarter jacht\u00f3w Teneryfa obejmuj\u0105cy&#8230;<\/p>\n","protected":false},"featured_media":412722,"template":"","meta":{"_acf_changed":false,"_seopress_robots_primary_cat":"none","_seopress_titles_title":"Czarter jacht\u00f3w Teneryfa, obserwacja delfin\u00f3w i wieloryb\u00f3w.","_seopress_titles_desc":"Prywatny czarter jacht\u00f3w Teneryfa, zarezerwuj z nami rejs z obserwacj\u0105 delfin\u00f3w i wieloryb\u00f3w, kt\u00f3ry uczyni Twoje wakacje wyj\u0105tkowymi.","_seopress_robots_index":""},"product_brand":[],"product_cat":[2539],"product_tag":[2579,2580,2578,2436],"class_list":{"0":"post-60310","1":"product","2":"type-product","3":"status-publish","4":"has-post-thumbnail","6":"product_cat-rejsy-statkiem","7":"product_tag-czarter-prywatny-teneryfa","8":"product_tag-obserwacja-delfiny-i-wieloryby-teneryfa","9":"product_tag-rejsy-teneryfa","10":"product_tag-wycieczki-teneryfa","12":"first","13":"instock","14":"virtual","15":"sold-individually","16":"taxable","17":"purchasable","18":"product-type-booking"},"booking_location":"","booking_location_type":"","booking_duration":1,"booking_duration_unit":"day","booking_buffer":0,"booking_cost":0,"booking_resources":[],"acf":[],"_links":{"self":[{"href":"https:\/\/tenerife-trips.com\/pl\/wp-json\/wp\/v2\/product\/60310","targetHints":{"allow":["GET"]}}],"collection":[{"href":"https:\/\/tenerife-trips.com\/pl\/wp-json\/wp\/v2\/product"}],"about":[{"href":"https:\/\/tenerife-trips.com\/pl\/wp-json\/wp\/v2\/types\/product"}],"wp:featuredmedia":[{"embeddable":true,"href":"https:\/\/tenerife-trips.com\/pl\/wp-json\/wp\/v2\/media\/412722"}],"wp:attachment":[{"href":"https:\/\/tenerife-trips.com\/pl\/wp-json\/wp\/v2\/media?parent=60310"}],"wp:term":[{"taxonomy":"product_brand","embeddable":true,"href":"https:\/\/tenerife-trips.com\/pl\/wp-json\/wp\/v2\/product_brand?post=60310"},{"taxonomy":"product_cat","embeddable":true,"href":"https:\/\/tenerife-trips.com\/pl\/wp-json\/wp\/v2\/product_cat?post=60310"},{"taxonomy":"product_tag","embeddable":true,"href":"https:\/\/tenerife-trips.com\/pl\/wp-json\/wp\/v2\/product_tag?post=60310"}],"curies":[{"name":"wp","href":"https:\/\/api.w.org\/{rel}","templated":true}]}}