{"id":60456,"date":"2018-01-15T22:47:15","date_gmt":"2018-01-15T22:47:15","guid":{"rendered":"https:\/\/tenerife-trips.com\/?post_type=product&#038;p=60456"},"modified":"2025-12-03T12:16:08","modified_gmt":"2025-12-03T12:16:08","slug":"la-gomera-wycieczka","status":"publish","type":"product","link":"https:\/\/tenerife-trips.com\/pl\/product\/wycieczki-fakultatywne\/la-gomera-wycieczka\/","title":{"rendered":"La Gomera w jeden dzie\u0144"},"content":{"rendered":"<div class=\"wpb-content-wrapper\"><p>[vc_row full_width=&#8221;stretch_row_content_no_spaces&#8221;][vc_column][vc_column_text css=&#8221;.vc_custom_1743671984997{background-color: #F6EB14 !important;background-position: center !important;background-repeat: no-repeat !important;background-size: cover !important;}&#8221; css_animation=&#8221;fadeIn&#8221;]<\/p>\n<h1 class=\"title-h2\" style=\"text-align: center;\"><span style=\"font-size: 18pt; color: #312c7a;\">La Gomera w jeden dzie\u0144<\/span><\/h1>\n<p>[\/vc_column_text][\/vc_column][\/vc_row][vc_row][vc_column][vc_column_text]<\/p>\n<p style=\"text-align: center;\"><span style=\"font-size: 14pt;\">La Gomera wycieczka z Teneryfy w ci\u0105gu jednego dnia jest jedn\u0105 z najpopularniejszych wycieczek w\u015br\u00f3d naszych klient\u00f3w. Wyspa ta jest drug\u0105 najmniejsz\u0105 z Wysp Kanaryjskich, po\u0142o\u017con\u0105 zaledwie 30 km od po\u0142udniowej cz\u0119\u015bci Teneryfy. Daje to niepowtarzaln\u0105 okazj\u0119, aby m\u00f3c odkry\u0107 t\u0119 spektakularn\u0105 wysp\u0119 w ci\u0105gu zaledwie jednego dnia!<\/span><\/p>\n<p style=\"text-align: center;\"><span style=\"font-size: 14pt;\"><strong>\u21d3 Sp\u00f3jrz na dalszy opis poni\u017cej \u21d3<\/strong><\/span><\/p>\n<p>[\/vc_column_text][vc_empty_space][\/vc_column][\/vc_row][vc_row full_width=&#8221;stretch_row_content&#8221; full_height=&#8221;yes&#8221; css=&#8221;.vc_custom_1576192123211{background-color: #312c7a !important;background-position: center !important;background-repeat: no-repeat !important;background-size: cover !important;}&#8221;][vc_column]<div class=\"gem-vimeo gem-wrapbox gem-wrapbox-style-no-style rounded-corners gem-wrapbox-position-below\" style=\"width: 100%;\"><div class=\"gem-wrapbox-inner gem-ratio-style\" style=\"padding-top: 56.25%\"><iframe webkitallowfullscreen=\"true\" mozallowfullscreen=\"true\" allowfullscreen=\"true\" class=\"gem-wrapbox-element img-responsive\" frameborder=\"0\" scrolling=\"no\" marginheight=\"0\" marginwidth=\"0\" src=\"\/\/player.vimeo.com\/video\/329605917?title=0&amp;byline=0&amp;portrait=0 \"><\/iframe><\/div><\/div>[vc_empty_space]<div class=\"preloader\"><div class=\"preloader-spin\"><\/div><\/div> <div id=\"gem-gallery-69d7b27c4f89b\" class=\"gem-gallery gem-gallery-hover-zooming-blur\"> <div class=\"gem-gallery-item\"> <div class=\"gem-gallery-item-image\"> <a href=\"https:\/\/tenerife-trips.com\/wp-content\/uploads\/2021\/05\/La-Gomera-Tagesausflug-scaled-thegem-gallery-sidebar.jpg\" data-fancybox-group=\"gallery-69d7b27c4f89b\" data-full-image-url=\"https:\/\/tenerife-trips.com\/wp-content\/uploads\/2021\/05\/La-Gomera-Tagesausflug-scaled.jpg\"> <svg width=\"20\" height=\"10\"><path d=\"M 0,10 Q 9,9 10,0 Q 11,9 20,10\" \/><\/svg> <img src=\"https:\/\/tenerife-trips.com\/wp-content\/uploads\/2021\/05\/La-Gomera-Tagesausflug-scaled-thegem-post-thumb-small.jpg\" alt=\"La Gomera Tagesausflug\" class=\"img-responsive\"> <span class=\"gem-gallery-caption slide-info\"> <\/span> <\/a> <span class=\"gem-gallery-line\"><\/span> <\/div> <\/div> <div class=\"gem-gallery-item\"> <div class=\"gem-gallery-item-image\"> <a href=\"https:\/\/tenerife-trips.com\/wp-content\/uploads\/2019\/12\/b-2-scaled-thegem-gallery-sidebar.jpg\" data-fancybox-group=\"gallery-69d7b27c4f89b\" data-full-image-url=\"https:\/\/tenerife-trips.com\/wp-content\/uploads\/2019\/12\/b-2-scaled.jpg\"> <svg width=\"20\" height=\"10\"><path d=\"M 0,10 Q 9,9 10,0 Q 11,9 20,10\" \/><\/svg> <img src=\"https:\/\/tenerife-trips.com\/wp-content\/uploads\/2019\/12\/b-2-scaled-thegem-post-thumb-small.jpg\" alt=\"\" class=\"img-responsive\"> <span class=\"gem-gallery-caption slide-info\"> <\/span> <\/a> <span class=\"gem-gallery-line\"><\/span> <\/div> <\/div> <div class=\"gem-gallery-item\"> <div class=\"gem-gallery-item-image\"> <a href=\"https:\/\/tenerife-trips.com\/wp-content\/uploads\/2019\/12\/c-2-scaled-thegem-gallery-sidebar.jpg\" data-fancybox-group=\"gallery-69d7b27c4f89b\" data-full-image-url=\"https:\/\/tenerife-trips.com\/wp-content\/uploads\/2019\/12\/c-2-scaled.jpg\"> <svg width=\"20\" height=\"10\"><path d=\"M 0,10 Q 9,9 10,0 Q 11,9 20,10\" \/><\/svg> <img src=\"https:\/\/tenerife-trips.com\/wp-content\/uploads\/2019\/12\/c-2-scaled-thegem-post-thumb-small.jpg\" alt=\"\" class=\"img-responsive\"> <span class=\"gem-gallery-caption slide-info\"> <\/span> <\/a> <span class=\"gem-gallery-line\"><\/span> <\/div> <\/div> <div class=\"gem-gallery-item\"> <div class=\"gem-gallery-item-image\"> <a href=\"https:\/\/tenerife-trips.com\/wp-content\/uploads\/2019\/12\/e-1-scaled-thegem-gallery-sidebar.jpg\" data-fancybox-group=\"gallery-69d7b27c4f89b\" data-full-image-url=\"https:\/\/tenerife-trips.com\/wp-content\/uploads\/2019\/12\/e-1-scaled.jpg\"> <svg width=\"20\" height=\"10\"><path d=\"M 0,10 Q 9,9 10,0 Q 11,9 20,10\" \/><\/svg> <img src=\"https:\/\/tenerife-trips.com\/wp-content\/uploads\/2019\/12\/e-1-scaled-thegem-post-thumb-small.jpg\" alt=\"Tenerife to La Gomera\" class=\"img-responsive\"> <span class=\"gem-gallery-caption slide-info\"> <\/span> <\/a> <span class=\"gem-gallery-line\"><\/span> <\/div> <\/div> <div class=\"gem-gallery-item\"> <div class=\"gem-gallery-item-image\"> <a href=\"https:\/\/tenerife-trips.com\/wp-content\/uploads\/2019\/12\/f-1-scaled-thegem-gallery-sidebar.jpg\" data-fancybox-group=\"gallery-69d7b27c4f89b\" data-full-image-url=\"https:\/\/tenerife-trips.com\/wp-content\/uploads\/2019\/12\/f-1-scaled.jpg\"> <svg width=\"20\" height=\"10\"><path d=\"M 0,10 Q 9,9 10,0 Q 11,9 20,10\" \/><\/svg> <img src=\"https:\/\/tenerife-trips.com\/wp-content\/uploads\/2019\/12\/f-1-scaled-thegem-post-thumb-small.jpg\" alt=\"Tenerife to La Gomera\" class=\"img-responsive\"> <span class=\"gem-gallery-caption slide-info\"> <\/span> <\/a> <span class=\"gem-gallery-line\"><\/span> <\/div> <\/div> <\/div>[vc_empty_space][\/vc_column][\/vc_row][vc_row full_width=&#8221;stretch_row&#8221; css=&#8221;.vc_custom_1600446387113{background-color: #312c7a !important;background-position: center !important;background-repeat: no-repeat !important;background-size: cover !important;}&#8221;][vc_column][vc_column_text]<\/p>\n<h3 style=\"text-align: center;\"><span style=\"color: #ffffff;\"><span style=\"font-size: 18pt;\">OPIS\u00a0<\/span><\/span><\/h3>\n<p>[\/vc_column_text][\/vc_column][\/vc_row][vc_row][vc_column][vc_tta_accordion style=&#8221;simple_solid&#8221; color=&#8221;blue&#8221; c_icon=&#8221;chevron&#8221; active_section=&#8221;-0&#8243; collapsible_all=&#8221;true&#8221;][vc_tta_section title=&#8221;OPIS WYCIECZKI&#8221; tab_id=&#8221;1577671091617-0af8eee0-94020f62-84c4aac8-a49bd321-e00b&#8221;][vc_column_text]<\/p>\n<h3><span style=\"font-size: 12pt;\">La Gomera wycieczka z Teneryfy w ci\u0105gu jednego dnia jest jedn\u0105 z najpopularniejszych wycieczek w\u015br\u00f3d naszych klient\u00f3w. La Gomera jest drug\u0105 najmniejsz\u0105 z Wysp Kanaryjskich, po\u0142o\u017con\u0105 zaledwie 30 km od po\u0142udniowej cz\u0119\u015bci Teneryfy. Daje to niepowtarzaln\u0105 okazj\u0119, aby m\u00f3c odkry\u0107 t\u0119 spektakularn\u0105 wysp\u0119 w ci\u0105gu zaledwie jednego dnia!<\/span><\/h3>\n<p><span style=\"font-size: 14pt;\">Podr\u00f3\u017c promem pomi\u0119dzy Teneryf\u0105 i La Gomera trwa jedynie 50 minut, dzi\u0119ki czemu tak wiele os\u00f3b decyduje si\u0119 odwiedzi\u0107 to miejsce podczas swoich wakacji na Teneryfie.\u00a0 Wyspa <a href=\"https:\/\/pl.wikipedia.org\/wiki\/La_Gomera\">La Gomera<\/a> jest pe\u0142na zieleni, na kt\u00f3rej mieszka zaledwie 22 000 os\u00f3b. Dzi\u0119ki temu wyspa ta cechuje si\u0119 niesamowicie czystym powietrzem i zrelaksowanym trybem \u017cycia w zwolnionym tempie. Jest to raj dla mi\u0142o\u015bnik\u00f3w przyrody, spokoju i przepi\u0119knych widok\u00f3w. Ponadto, wyspa ta nazywana jest &#8220;wysp\u0105 Krzysztofa Kolumba\u201d, poniewa\u017c odkrywca zatrzyma\u0142 si\u0119 w\u0142a\u015bnie tam na oko\u0142o miesi\u0105c podczas swojej podr\u00f3\u017cy do Ameryki w 1492 roku.<\/span><\/p>\n<p><span style=\"font-size: 14pt;\">Wycieczk\u0119 zaczynamy odebraniem Ci\u0119 autobusem z Twojego miejsca zakwaterowania b\u0105d\u017a te\u017c jego okolic. Nast\u0119pnie, udajemy si\u0119 do portu w Los Cristianos, gdzie wejdziemy na pok\u0142ad promu. Podczas podr\u00f3\u017cy b\u0119dziesz m\u00f3g\u0142 podziwia\u0107 zachodnie wybrze\u017ce Teneryfy oraz majestatycznie wznosz\u0105cy si\u0119 ponad wysp\u0105 szczyt Teide. W ci\u0105gu godziny dotrzemy do San Sebastian de La Gomera, gdzie opu\u015bcimy prom i ruszymy objecha\u0107 wysp\u0119 podczas La Gomera wycieczka\u00a0 z Teneryfy.<\/span><\/p>\n<p><span style=\"font-size: 14pt;\">Poka\u017cemy Ci najwa\u017cniejsze i najpi\u0119kniejsze z miejsc; w\u015br\u00f3d nich znajduje si\u0119 kanion Hermigua, miasto Agulo i Park Garajonay wpisany na List\u0119 \u015awiatowego Dziedzictwa UNESCO. W okolicach po\u0142udnia zjemy tradycyjny lunch (wliczony w cen\u0119) w lokalnej restauracji. Lunch ten b\u0119dzie zako\u0144czony demonstracj\u0105 niepowtarzalnego gwizdanego j\u0119zyka \u201esilbo gomero\u201d. Ponadto po drodze zatrzymamy si\u0119 w wielu panoramicznych punktach widokowych, takich jak Roque de Agando, aby\u015b m\u00f3g\u0142 zrobi\u0107 pami\u0105tkowe zdj\u0119cia i w pe\u0142ni cieszy\u0107 si\u0119 niesamowitymi widokami. Wycieczka ko\u0144czy si\u0119 powrotem do San Sebastian, gdzie b\u0119dziesz mie\u0107 czas aby napi\u0107 si\u0119 kawy lub na zakupy. Miasto opuszczamy oko\u0142o godziny 17:00 aby z\u0142apa\u0107 prom powrotny i wr\u00f3ci\u0107 na Teneryf\u0119 oko\u0142o godziny 18:00.<\/span><\/p>\n<h3><span style=\"font-size: 12pt;\">wycieczk\u0119 prowadz\u0105 do\u015bwiadczeni przewodnicy, kt\u00f3rzy rozmawiaj\u0105 w j\u0119zyku angielskim oraz hiszpa\u0144skim. <\/span><span style=\"font-size: 12pt;\">przed dokonaniem rezerwacji skontaktuj si\u0119 z nami, aby sprawdzi\u0107, w jakim j\u0119zyku jest dost\u0119pna wycieczka<\/span><span style=\"font-size: 12pt;\">.\u00a0<span style=\"text-decoration: underline; color: #ff0000;\">\u017ceby m\u00f3c wzi\u0105\u0107 udzia\u0142 w tej jednodniowej La gomera wycieczka musisz mie\u0107 przy sobie wa\u017cny dow\u00f3d osobisty lub paszport.<\/span><\/span><\/h3>\n<p><span style=\"font-size: 14pt; color: #ff0000;\">Wszyscy klienci bior\u0105cy udzia\u0142 w wycieczce s\u0105 odpowiedzialni za swoje rzeczy osobiste. Przypominamy, aby nie zostawia\u0107 niczego cennego w autobusie podczas postoj\u00f3w oraz wizyt w r\u00f3\u017cnych punktach wycieczki. Firma nie ponosi odpowiedzialno\u015bci za utrat\u0119 lub kradzie\u017c rzeczy osobistych wszelkiego rodzaju.<\/span>[\/vc_column_text][\/vc_tta_section][vc_tta_section title=&#8221;ROZK\u0141AD I TRANSFER&#8221; tab_id=&#8221;1577671091666-736a5870-75e30f62-84c4aac8-a49bd321-e00b&#8221;][vc_column_text]Us\u0142uga transferu w pobli\u017cu Twojego miejsca zameldowania jest wliczona w cen\u0119. Dost\u0119pna jest ona pomi\u0119dzy zachodni\u0105 cz\u0119\u015bci\u0105 wyspy od regionu Los Gigantes po cz\u0119\u015b\u0107 po\u0142udniow\u0105 do El Medano oraz na p\u00f3\u0142nocy wyspy z Puerto de la Cruz. Przed dokonaniem rezerwacji zalecamy sprawdzi\u0107 z nami dost\u0119pno\u015b\u0107 transferu z Twojej okolicy.<\/p>\n<p><span style=\"text-decoration: underline; font-size: 14pt;\"><span style=\"color: #ff0000; text-decoration: underline;\">ROZK\u0141AD:<\/span><\/span><\/p>\n<p>Skontaktuj si\u0119 z nasz\u0105 obs\u0142ug\u0105 klienta, aby dowiedzie\u0107 si\u0119, w kt\u00f3re dni odbywa si\u0119 wycieczka.[\/vc_column_text][\/vc_tta_section][\/vc_tta_accordion]<style type=\"text\/css\">.thegem-button-69d7b27c50f9c6214 .gem-button svg {fill: #ffffff;}.thegem-button-69d7b27c50f9c6214 .gem-button:hover svg {fill: #312c7a;}<\/style><div class=\"gem-button-container gem-button-position-center thegem-button-69d7b27c50f9c6214    \"  ><a class=\"gem-button gem-button-size-small gem-button-style-flat gem-button-text-weight-normal\" data-ll-effect=\"drop-right-without-wrap\" style=\"border-radius: 3px;background-color: #312c7a;color: #ffffff;\" onmouseleave=\"this.style.backgroundColor='#312c7a';this.style.color='#ffffff';\" onmouseenter=\"this.style.backgroundColor='#f6eb14';this.style.color='#312c7a';\" href=\"#cennik-gomera\" target=\"_self\">CENNIK<\/a><\/div> [\/vc_column][\/vc_row][vc_row full_width=&#8221;stretch_row_content&#8221; css=&#8221;.vc_custom_1600446415236{background-color: #312c7a !important;background-position: center !important;background-repeat: no-repeat !important;background-size: cover !important;}&#8221;][vc_column][vc_column_text]<\/p>\n<h3 style=\"text-align: center;\"><span style=\"color: #ffffff;\"><strong><span style=\"font-size: 18pt;\">ZAREZERWUJ TERAZ<\/span><\/strong><\/span><\/h3>\n<p>[\/vc_column_text][vc_empty_space height=&#8221;10px&#8221; el_id=&#8221;cennik-gomera&#8221;][\/vc_column][\/vc_row]<\/p>\n<\/div>","protected":false},"excerpt":{"rendered":"<p>[vc_row full_width=&#8221;stretch_row_content_no_spaces&#8221;][vc_column][vc_column_text css=&#8221;.vc_custom_1743671984997{background-color: #F6EB14 !important;background-position: center !important;background-repeat: no-repeat !important;background-size: cover !important;}&#8221; css_animation=&#8221;fadeIn&#8221;] La Gomera w jeden dzie\u0144 [\/vc_column_text][\/vc_column][\/vc_row][vc_row][vc_column][vc_column_text] La Gomera&#8230;<\/p>\n","protected":false},"featured_media":60457,"template":"","meta":{"_acf_changed":false,"_seopress_robots_primary_cat":"0","_seopress_titles_title":"La Gomera wycieczka w jeden dzie\u0144 z Teneryfy. Zarezerwuj online","_seopress_titles_desc":"La Gomera wycieczka fakultatywna autobusem w jeden dzie\u0144 z Teneryfy. Odkryj drug\u0105 najmiejsz\u0105 z Wysp Kanaryjskich","_seopress_robots_index":""},"product_brand":[],"product_cat":[2542],"product_tag":[2582,2581,2583,2436],"class_list":{"0":"post-60456","1":"product","2":"type-product","3":"status-publish","4":"has-post-thumbnail","6":"product_cat-wycieczki-fakultatywne","7":"product_tag-la-gomera-w-jeden-dzien","8":"product_tag-la-gomera-wycieczka","9":"product_tag-la-gomera-z-teneryfy","10":"product_tag-wycieczki-teneryfa","12":"first","13":"instock","14":"virtual","15":"sold-individually","16":"purchasable","17":"product-type-booking"},"booking_location":"","booking_location_type":"","booking_duration":1,"booking_duration_unit":"day","booking_buffer":0,"booking_cost":0,"booking_resources":[],"acf":[],"_links":{"self":[{"href":"https:\/\/tenerife-trips.com\/pl\/wp-json\/wp\/v2\/product\/60456","targetHints":{"allow":["GET"]}}],"collection":[{"href":"https:\/\/tenerife-trips.com\/pl\/wp-json\/wp\/v2\/product"}],"about":[{"href":"https:\/\/tenerife-trips.com\/pl\/wp-json\/wp\/v2\/types\/product"}],"wp:featuredmedia":[{"embeddable":true,"href":"https:\/\/tenerife-trips.com\/pl\/wp-json\/wp\/v2\/media\/60457"}],"wp:attachment":[{"href":"https:\/\/tenerife-trips.com\/pl\/wp-json\/wp\/v2\/media?parent=60456"}],"wp:term":[{"taxonomy":"product_brand","embeddable":true,"href":"https:\/\/tenerife-trips.com\/pl\/wp-json\/wp\/v2\/product_brand?post=60456"},{"taxonomy":"product_cat","embeddable":true,"href":"https:\/\/tenerife-trips.com\/pl\/wp-json\/wp\/v2\/product_cat?post=60456"},{"taxonomy":"product_tag","embeddable":true,"href":"https:\/\/tenerife-trips.com\/pl\/wp-json\/wp\/v2\/product_tag?post=60456"}],"curies":[{"name":"wp","href":"https:\/\/api.w.org\/{rel}","templated":true}]}}