{"id":60551,"date":"2018-01-18T19:34:09","date_gmt":"2018-01-18T19:34:09","guid":{"rendered":"https:\/\/tenerife-trips.com\/?post_type=product&#038;p=60551"},"modified":"2025-12-03T12:10:44","modified_gmt":"2025-12-03T12:10:44","slug":"co-zobaczyc-na-teneryfie","status":"publish","type":"product","link":"https:\/\/tenerife-trips.com\/pl\/product\/wycieczki-fakultatywne\/co-zobaczyc-na-teneryfie\/","title":{"rendered":"GRAN TOUR"},"content":{"rendered":"<div class=\"wpb-content-wrapper\"><p>[vc_row full_width=&#8221;stretch_row_content_no_spaces&#8221;][vc_column][vc_column_text css=&#8221;.vc_custom_1743671504411{background-color: #F6EB14 !important;background-position: center !important;background-repeat: no-repeat !important;background-size: cover !important;}&#8221; css_animation=&#8221;fadeIn&#8221;]<\/p>\n<h1 class=\"title-h2\" style=\"text-align: center;\"><span style=\"font-size: 18pt; color: #312c7a;\">GRAN TOUR<\/span><\/h1>\n<p>[\/vc_column_text][\/vc_column][\/vc_row][vc_row][vc_column][vc_column_text]<\/p>\n<p style=\"text-align: center;\"><span style=\"font-size: 14pt;\">Je\u015bli kiedy\u015b zastanawia\u0142e\u015b\/\u0142a\u015b si\u0119 co zobaczy\u0107 na Teneryfie i jakie miejsca maj\u0105 najwi\u0119cej do zaoferowania, gor\u0105co polecamy ten Gran Tour, dzi\u0119ki kt\u00f3remu poznasz najpopularniejsze i zarazem najciekawsze miejsca na wyspie w ci\u0105gu zaledwie jednego dnia.<\/span><\/p>\n<p style=\"text-align: center;\"><span style=\"font-size: 14pt;\"><strong>\u21d3 Sp\u00f3jrz na dalszy opis poni\u017cej \u21d3<\/strong><\/span><\/p>\n<p>[\/vc_column_text][vc_empty_space][\/vc_column][\/vc_row][vc_row full_width=&#8221;stretch_row_content&#8221; full_height=&#8221;yes&#8221; css=&#8221;.vc_custom_1576192123211{background-color: #312c7a !important;background-position: center !important;background-repeat: no-repeat !important;background-size: cover !important;}&#8221;][vc_column]<div class=\"gem-vimeo gem-wrapbox gem-wrapbox-style-no-style rounded-corners gem-wrapbox-position-below\" style=\"width: 100%;\"><div class=\"gem-wrapbox-inner gem-ratio-style\" style=\"padding-top: 56.25%\"><iframe webkitallowfullscreen=\"true\" mozallowfullscreen=\"true\" allowfullscreen=\"true\" class=\"gem-wrapbox-element img-responsive\" frameborder=\"0\" scrolling=\"no\" marginheight=\"0\" marginwidth=\"0\" src=\"\/\/player.vimeo.com\/video\/328704748?title=0&amp;byline=0&amp;portrait=0 \"><\/iframe><\/div><\/div>[vc_empty_space]<div class=\"preloader\"><div class=\"preloader-spin\"><\/div><\/div> <div id=\"gem-gallery-69dec1c19a5fc\" class=\"gem-gallery gem-gallery-hover-zooming-blur\"> <div class=\"gem-gallery-item\"> <div class=\"gem-gallery-item-image\"> <a href=\"https:\/\/tenerife-trips.com\/wp-content\/uploads\/2018\/01\/web4-thegem-gallery-sidebar.jpg\" data-fancybox-group=\"gallery-69dec1c19a5fc\" data-full-image-url=\"https:\/\/tenerife-trips.com\/wp-content\/uploads\/2018\/01\/web4.jpg\"> <svg width=\"20\" height=\"10\"><path d=\"M 0,10 Q 9,9 10,0 Q 11,9 20,10\" \/><\/svg> <img src=\"https:\/\/tenerife-trips.com\/wp-content\/uploads\/2018\/01\/web4-thegem-post-thumb-small.jpg\" alt=\"Tenerife sightseeing\" class=\"img-responsive\"> <span class=\"gem-gallery-caption slide-info\"> <\/span> <\/a> <span class=\"gem-gallery-line\"><\/span> <\/div> <\/div> <div class=\"gem-gallery-item\"> <div class=\"gem-gallery-item-image\"> <a href=\"https:\/\/tenerife-trips.com\/wp-content\/uploads\/2019\/12\/Masca-1-thegem-gallery-sidebar.jpg\" data-fancybox-group=\"gallery-69dec1c19a5fc\" data-full-image-url=\"https:\/\/tenerife-trips.com\/wp-content\/uploads\/2019\/12\/Masca-1.jpg\"> <svg width=\"20\" height=\"10\"><path d=\"M 0,10 Q 9,9 10,0 Q 11,9 20,10\" \/><\/svg> <img src=\"https:\/\/tenerife-trips.com\/wp-content\/uploads\/2019\/12\/Masca-1-thegem-post-thumb-small.jpg\" alt=\"Tenerife points of interest\" class=\"img-responsive\"> <span class=\"gem-gallery-caption slide-info\"> <\/span> <\/a> <span class=\"gem-gallery-line\"><\/span> <\/div> <\/div> <div class=\"gem-gallery-item\"> <div class=\"gem-gallery-item-image\"> <a href=\"https:\/\/tenerife-trips.com\/wp-content\/uploads\/2019\/12\/Gran-Tour-thegem-gallery-sidebar.jpg\" data-fancybox-group=\"gallery-69dec1c19a5fc\" data-full-image-url=\"https:\/\/tenerife-trips.com\/wp-content\/uploads\/2019\/12\/Gran-Tour.jpg\"> <svg width=\"20\" height=\"10\"><path d=\"M 0,10 Q 9,9 10,0 Q 11,9 20,10\" \/><\/svg> <img src=\"https:\/\/tenerife-trips.com\/wp-content\/uploads\/2019\/12\/Gran-Tour-thegem-post-thumb-small.jpg\" alt=\"\" class=\"img-responsive\"> <span class=\"gem-gallery-caption slide-info\"> <\/span> <\/a> <span class=\"gem-gallery-line\"><\/span> <\/div> <\/div> <div class=\"gem-gallery-item\"> <div class=\"gem-gallery-item-image\"> <a href=\"https:\/\/tenerife-trips.com\/wp-content\/uploads\/2019\/12\/1-12-thegem-gallery-sidebar.jpg\" data-fancybox-group=\"gallery-69dec1c19a5fc\" data-full-image-url=\"https:\/\/tenerife-trips.com\/wp-content\/uploads\/2019\/12\/1-12.jpg\"> <svg width=\"20\" height=\"10\"><path d=\"M 0,10 Q 9,9 10,0 Q 11,9 20,10\" \/><\/svg> <img src=\"https:\/\/tenerife-trips.com\/wp-content\/uploads\/2019\/12\/1-12-thegem-post-thumb-small.jpg\" alt=\"Excursi\u00f3n en Tenerife\" class=\"img-responsive\"> <span class=\"gem-gallery-caption slide-info\"> <\/span> <\/a> <span class=\"gem-gallery-line\"><\/span> <\/div> <\/div> <div class=\"gem-gallery-item\"> <div class=\"gem-gallery-item-image\"> <a href=\"https:\/\/tenerife-trips.com\/wp-content\/uploads\/2019\/12\/garachico-thegem-gallery-sidebar.jpg\" data-fancybox-group=\"gallery-69dec1c19a5fc\" data-full-image-url=\"https:\/\/tenerife-trips.com\/wp-content\/uploads\/2019\/12\/garachico.jpg\"> <svg width=\"20\" height=\"10\"><path d=\"M 0,10 Q 9,9 10,0 Q 11,9 20,10\" \/><\/svg> <img src=\"https:\/\/tenerife-trips.com\/wp-content\/uploads\/2019\/12\/garachico-thegem-post-thumb-small.jpg\" alt=\"\" class=\"img-responsive\"> <span class=\"gem-gallery-caption slide-info\"> <\/span> <\/a> <span class=\"gem-gallery-line\"><\/span> <\/div> <\/div> <\/div>[vc_empty_space][\/vc_column][\/vc_row][vc_row full_width=&#8221;stretch_row&#8221; css=&#8221;.vc_custom_1600446097082{background-color: #312c7a !important;background-position: center !important;background-repeat: no-repeat !important;background-size: cover !important;}&#8221;][vc_column][vc_column_text]<\/p>\n<h3 style=\"text-align: center;\"><span style=\"color: #ffffff;\"><span style=\"font-size: 18pt;\">OPIS\u00a0<\/span><\/span><\/h3>\n<p>[\/vc_column_text][\/vc_column][\/vc_row][vc_row][vc_column][vc_tta_accordion style=&#8221;simple_solid&#8221; color=&#8221;blue&#8221; c_icon=&#8221;chevron&#8221; active_section=&#8221;-0&#8243; collapsible_all=&#8221;true&#8221;][vc_tta_section title=&#8221;OPIS WYCIECZKI&#8221; tab_id=&#8221;1577671091617-0af8eee0-94020f62-84c4aac8-a49bd321-e00b7f57-d746&#8243;][vc_column_text]<span style=\"font-size: 14pt;\">Wycieczk\u0119 objazdow\u0105 co zobaczy\u0107 na Teneryfie rozpoczynamy odebraniem Ci\u0119 z pobli\u017ca Twojego miejsca zakwaterowania. Gdy wszyscy uczestnicy znajd\u0105 si\u0119 na pok\u0142adzie, ruszymy w stron\u0119 Teide, mijaj\u0105c po drodze przepi\u0119kny sosnowy las kanaryjski. Po oko\u0142o godzinie znajdziemy si\u0119 w pierwszym punkcie widokowym na p\u0142askowy\u017cu Las Ca\u00f1adas del Teide po\u0142o\u017conym na 2200 metr\u00f3w wysoko\u015bci. Znajduj\u0105 si\u0119 tam niesamowite formacje ska\u0142 wulkanicznych, a ukszta\u0142towanie terenu jest niczym z Marsa.<\/span><\/p>\n<p><span style=\"font-size: 14pt;\">Zatrzymamy si\u0119 w najpopularniejszej lokalizacji, jak\u0105 jest \u201eRoques de Garcia\u201d po\u0142o\u017con\u0105 w centrum Parku Narodowego Teide. Jest to idealne miejsce, aby m\u00f3c podziwia\u0107 szczyt g\u00f3ry Teide osi\u0105gaj\u0105cy 3718 metr\u00f3w nad poziomem morza. Jest on trzecim najwy\u017cszym wulkanem na \u015bwiecie, a sceneria tego obszaru jest wyj\u0105tkowa i przypomina troch\u0119 pustynie Nevady lub Arizony w USA. Nakr\u0119conych w tym rejonie zosta\u0142o kilka znanych film\u00f3w, takich jak chocia\u017cby \u201ePlaneta ma\u0142p\u201d z 1968 roku. Podczas naszego pierwszego postoju b\u0119dziesz mie\u0107 czas wolny na kr\u00f3tki spacer po okolicy, aby m\u00f3c podziwia\u0107 widoki, zrobi\u0107 pami\u0105tkowe zdj\u0119cia i rozprostowa\u0107 nogi.<\/span><\/p>\n<h3><span style=\"font-size: 12pt;\"><span style=\"font-size: 14pt;\">Kolejn<\/span>ym z punkt\u00f3w co zobaczy\u0107 na Teneryfie b\u0119dzie <a href=\"https:\/\/pl.wikipedia.org\/wiki\/Icod_de_los_Vinos\">Icod de los Vinos<\/a>, tradYcyjne miasteczko o kanaryjskim charakterze po\u0142o\u017cone w p\u00f3\u0142nocnej cz\u0119\u015bci wyspy. Oferuje ono typow\u0105 kanaryjsk\u0105 zabudow\u0119 oraz atmosfer\u0119 gdzie b\u0119dziesz m\u00f3g\u0142 pozna\u0107 lokaln\u0105 kultur\u0119. Odb\u0119dziemy r\u00f3wnie\u017c wizyt\u0119 do ogrodu, w kt\u00f3rym znajduje si\u0119 s\u0142ynne Tysi\u0105cletnie Smocze Drzewo \u201eDrago Milenario\u201d i w kt\u00f3rym b\u0119dziesz m\u00f3g\u0142 skoszTowa\u0107 lokalnych trunk\u00f3w takich jak wino oraz nalewki.<\/span><\/h3>\n<p><span style=\"font-size: 14pt;\">Nast\u0119pnie udamy si\u0119 do miejscowo\u015bci <a href=\"https:\/\/pl.wikipedia.org\/wiki\/Garachico\">Garachico<\/a>, gdzie odwiedzimy najs\u0142ynniejsze naturalne baseny wyspy. Powsta\u0142y one podczas erupcji wulkanu Trevejo w 1706 r. Kiedy sp\u0142ywaj\u0105ca lawa zala\u0142a miasto, utworzy\u0142a naturalne sadzawki, teraz wype\u0142nione naturalnie morsk\u0105 wod\u0105. Sta\u0142y si\u0119 one jedn\u0105 z g\u0142\u00f3wnych i najciekawszych atrakcji na Teneryfie.<\/span><\/p>\n<p><span style=\"font-size: 14pt;\">Ostatnim punktem wycieczki b\u0119dzie <a href=\"https:\/\/pl.wikipedia.org\/wiki\/Masca\">Masca<\/a>; ma\u0142a wioska po\u0142o\u017cona po\u015brodku spektakularnych g\u00f3r Teno. G\u00f3ry te s\u0105 wraz z Teide najs\u0142ynniejszym miejscem odwiedzin turyst\u00f3w na wyspie i oferuj\u0105 widoki zapieraj\u0105ce dech w piersiach, a sama Masca jest miejscem niezb\u0119dnym do zobaczenia! Po zako\u0144czeniu wizyty w tej\u017ce wiosce udamy si\u0119 w drog\u0119 powrotn\u0105 i znajdziemy z powrotem na po\u0142udniu oko\u0142o godziny 18:00. Wycieczka zako\u0144czy si\u0119 podrzuceniem Ci\u0119 w to samo miejsce, z kt\u00f3rego zosta\u0142e\u015b odebrany.<\/span><\/p>\n<p><span style=\"font-size: 14pt;\">Podczas wycieczki zatrzymamy si\u0119 w jednej z restauracji, w kt\u00f3rej b\u0119dzie mo\u017cna by\u0142o zje\u015b\u0107 lunch (nie jest wliczony w cen\u0119); je\u015bli wolisz, mo\u017cesz te\u017c wzi\u0105\u0107 ze sob\u0105 w\u0142asne jedzenie i zje\u015b\u0107 je na \u015bwie\u017cym powietrzu.<\/span><\/p>\n<h3><span style=\"font-size: 12pt;\">wycieczk\u0119 prowadz\u0105 do\u015bwiadczeni przewodnicy, kt\u00f3rzy rozmawiaj\u0105 w j\u0119zyku angielskim oraz hiszpa\u0144skim. <\/span><span style=\"font-size: 12pt;\">przed dokonaniem rezerwacji skontaktuj si\u0119 z nami, aby sprawdzi\u0107, w jakim j\u0119zyku jest dost\u0119pna wycieczka<\/span><span style=\"font-size: 12pt;\">. <\/span><span style=\"font-size: 12pt;\">POWY\u017bEJ WSPOMNIANE MIEjSCA S\u0104 NAJWA\u017bNIEJSZYMI Z CO ZOBACZY\u0106 NA TENERYFIE.\u00a0 NIE ZWLEKAJ I ZAREZERWUJ JU\u017b TERAZ!<\/span><\/h3>\n<p><span style=\"font-size: 14pt; color: #ff0000;\">Wszyscy klienci bior\u0105cy udzia\u0142 w wycieczce s\u0105 odpowiedzialni za swoje rzeczy osobiste. Przypominamy, aby nie zostawia\u0107 niczego cennego w autobusie podczas postoj\u00f3w oraz wizyt w r\u00f3\u017cnych punktach wycieczki. Firma nie ponosi odpowiedzialno\u015bci za utrat\u0119 lub kradzie\u017c rzeczy osobistych wszelkiego rodzaju.<\/span><\/p>\n<p>[\/vc_column_text][\/vc_tta_section][vc_tta_section title=&#8221;ROZK\u0141AD I TRANSFER&#8221; tab_id=&#8221;1577671091666-736a5870-75e30f62-84c4aac8-a49bd321-e00b7f57-d746&#8243;][vc_column_text]Us\u0142uga transferu w pobli\u017cu Twojego miejsca zameldowania jest wliczona w cen\u0119. Dost\u0119pna jest ona pomi\u0119dzy zachodni\u0105 cz\u0119\u015bci\u0105 wyspy od regionu Los Gigantes po cz\u0119\u015b\u0107 po\u0142udniow\u0105 do El Medano oraz na p\u00f3\u0142nocy wyspy z Puerto de la Cruz i czasami z Santa Cruz. Przed dokonaniem rezerwacji zalecamy sprawdzi\u0107 z nami dost\u0119pno\u015b\u0107 transferu z Twojej okolicy.<\/p>\n<p><span style=\"text-decoration: underline; font-size: 14pt;\"><span style=\"color: #ff0000; text-decoration: underline;\">ROZK\u0141AD:<\/span><\/span><\/p>\n<p>Skontaktuj si\u0119 z nasz\u0105 obs\u0142ug\u0105 klienta, aby dowiedzie\u0107 si\u0119, w kt\u00f3re dni odbywa si\u0119 wycieczka.[\/vc_column_text][\/vc_tta_section][\/vc_tta_accordion]<style type=\"text\/css\">.thegem-button-69dec1c19b56f5845 .gem-button svg {fill: #ffffff;}.thegem-button-69dec1c19b56f5845 .gem-button:hover svg {fill: #312c7a;}<\/style><div class=\"gem-button-container gem-button-position-center thegem-button-69dec1c19b56f5845    \"  ><a class=\"gem-button gem-button-size-small gem-button-style-flat gem-button-text-weight-normal\" data-ll-effect=\"drop-right-without-wrap\" style=\"border-radius: 3px;background-color: #312c7a;color: #ffffff;\" onmouseleave=\"this.style.backgroundColor='#312c7a';this.style.color='#ffffff';\" onmouseenter=\"this.style.backgroundColor='#f6eb14';this.style.color='#312c7a';\" href=\"#cennik-grantour\" target=\"_self\">CENNIK<\/a><\/div> [\/vc_column][\/vc_row][vc_row full_width=&#8221;stretch_row_content&#8221; css=&#8221;.vc_custom_1600446125047{background-color: #312c7a !important;background-position: center !important;background-repeat: no-repeat !important;background-size: cover !important;}&#8221;][vc_column][vc_column_text]<\/p>\n<h3 style=\"text-align: center;\"><span style=\"color: #ffffff;\"><strong><span style=\"font-size: 18pt;\">ZAREZERWUJ TERAZ<\/span><\/strong><\/span><\/h3>\n<p>[\/vc_column_text][vc_empty_space height=&#8221;10px&#8221; el_id=&#8221;cennik-grantour&#8221;][\/vc_column][\/vc_row]<\/p>\n<\/div>","protected":false},"excerpt":{"rendered":"<p>[vc_row full_width=&#8221;stretch_row_content_no_spaces&#8221;][vc_column][vc_column_text css=&#8221;.vc_custom_1743671504411{background-color: #F6EB14 !important;background-position: center !important;background-repeat: no-repeat !important;background-size: cover !important;}&#8221; css_animation=&#8221;fadeIn&#8221;] GRAN TOUR [\/vc_column_text][\/vc_column][\/vc_row][vc_row][vc_column][vc_column_text] Je\u015bli kiedy\u015b zastanawia\u0142e\u015b\/\u0142a\u015b si\u0119 co&#8230;<\/p>\n","protected":false},"featured_media":80403,"template":"","meta":{"_acf_changed":false,"_seopress_robots_primary_cat":"0","_seopress_titles_title":"Co zobaczy\u0107 na Teneryfie, kompletna wycieczka","_seopress_titles_desc":"Je\u015bli zastanawiasz si\u0119 co zobaczy\u0107 na Teneryfie ta objazdowa wycieczka b\u0119dzie Twoim najlepszym wyborem! Zarezerwuj teraz.","_seopress_robots_index":""},"product_brand":[],"product_cat":[2542],"product_tag":[2588,2589],"class_list":{"0":"post-60551","1":"product","2":"type-product","3":"status-publish","4":"has-post-thumbnail","6":"product_cat-wycieczki-fakultatywne","7":"product_tag-co-zobaczyc-na-teneryfie","8":"product_tag-wycieczki-na-teneryfie","10":"first","11":"instock","12":"virtual","13":"sold-individually","14":"purchasable","15":"product-type-booking"},"booking_location":"","booking_location_type":"","booking_duration":1,"booking_duration_unit":"day","booking_buffer":0,"booking_cost":0,"booking_resources":[],"acf":[],"_links":{"self":[{"href":"https:\/\/tenerife-trips.com\/pl\/wp-json\/wp\/v2\/product\/60551","targetHints":{"allow":["GET"]}}],"collection":[{"href":"https:\/\/tenerife-trips.com\/pl\/wp-json\/wp\/v2\/product"}],"about":[{"href":"https:\/\/tenerife-trips.com\/pl\/wp-json\/wp\/v2\/types\/product"}],"wp:featuredmedia":[{"embeddable":true,"href":"https:\/\/tenerife-trips.com\/pl\/wp-json\/wp\/v2\/media\/80403"}],"wp:attachment":[{"href":"https:\/\/tenerife-trips.com\/pl\/wp-json\/wp\/v2\/media?parent=60551"}],"wp:term":[{"taxonomy":"product_brand","embeddable":true,"href":"https:\/\/tenerife-trips.com\/pl\/wp-json\/wp\/v2\/product_brand?post=60551"},{"taxonomy":"product_cat","embeddable":true,"href":"https:\/\/tenerife-trips.com\/pl\/wp-json\/wp\/v2\/product_cat?post=60551"},{"taxonomy":"product_tag","embeddable":true,"href":"https:\/\/tenerife-trips.com\/pl\/wp-json\/wp\/v2\/product_tag?post=60551"}],"curies":[{"name":"wp","href":"https:\/\/api.w.org\/{rel}","templated":true}]}}