{"id":60804,"date":"2018-01-16T19:41:31","date_gmt":"2018-01-16T19:41:31","guid":{"rendered":"https:\/\/tenerife-trips.com\/?post_type=product&#038;p=60804"},"modified":"2025-12-03T12:15:56","modified_gmt":"2025-12-03T12:15:56","slug":"teide-wycieczka","status":"publish","type":"product","link":"https:\/\/tenerife-trips.com\/pl\/product\/wycieczki-fakultatywne\/teide-wycieczka\/","title":{"rendered":"TEIDE TOUR"},"content":{"rendered":"<div class=\"wpb-content-wrapper\"><p>[vc_row full_width=&#8221;stretch_row_content_no_spaces&#8221;][vc_column][vc_column_text css=&#8221;.vc_custom_1743671908170{background-color: #F6EB14 !important;background-position: center !important;background-repeat: no-repeat !important;background-size: cover !important;}&#8221; css_animation=&#8221;fadeIn&#8221;]<\/p>\n<h1 class=\"title-h2\" style=\"text-align: center;\"><span style=\"font-size: 18pt; color: #312c7a;\">TEIDE TOUR<\/span><\/h1>\n<p>[\/vc_column_text][\/vc_column][\/vc_row][vc_row][vc_column][vc_column_text]<\/p>\n<p style=\"text-align: center;\"><span style=\"font-size: 14pt;\">Zapraszamy Ci\u0119, aby\u015b wzi\u0105\u0142 udzia\u0142 w jednej z najpopularniejszych atrakcji Teneryfy, jak\u0105 jest Teide wycieczka na wulkan osi\u0105gaj\u0105cy 3718 metr\u00f3w n.p.m i b\u0119d\u0105cy trzecim co do wielko\u015bci wulkanem na \u015bwiecie po hawajskich Mauna Kea oraz Manua Loa. Znajduje si\u0119 on w Parku Narodowym Teide, kt\u00f3ry od 2007 roku wpisany jest na List\u0119 \u015awiatowego Dziedzictwa UNESCO.<\/span><\/p>\n<p style=\"text-align: center;\"><span style=\"font-size: 14pt;\"><strong>\u21d3 Sp\u00f3jrz na dalszy opis poni\u017cej \u21d3<\/strong><\/span><\/p>\n<p>[\/vc_column_text][vc_empty_space height=&#8221;10&#8243;][\/vc_column][\/vc_row][vc_row full_width=&#8221;stretch_row_content&#8221; full_height=&#8221;yes&#8221; css=&#8221;.vc_custom_1576192123211{background-color: #312c7a !important;background-position: center !important;background-repeat: no-repeat !important;background-size: cover !important;}&#8221;][vc_column]<div class=\"gem-vimeo gem-wrapbox gem-wrapbox-style-no-style rounded-corners gem-wrapbox-position-below\" style=\"width: 100%;\"><div class=\"gem-wrapbox-inner gem-ratio-style\" style=\"padding-top: 56.25%\"><iframe webkitallowfullscreen=\"true\" mozallowfullscreen=\"true\" allowfullscreen=\"true\" class=\"gem-wrapbox-element img-responsive\" frameborder=\"0\" scrolling=\"no\" marginheight=\"0\" marginwidth=\"0\" src=\"\/\/player.vimeo.com\/video\/379122731?title=0&amp;byline=0&amp;portrait=0 \"><\/iframe><\/div><\/div>[vc_empty_space]<div class=\"preloader\"><div class=\"preloader-spin\"><\/div><\/div> <div id=\"gem-gallery-69dd1b0c18cec\" class=\"gem-gallery gem-gallery-hover-zooming-blur\"> <div class=\"gem-gallery-item\"> <div class=\"gem-gallery-item-image\"> <a href=\"https:\/\/tenerife-trips.com\/wp-content\/uploads\/2018\/01\/web4-thegem-gallery-sidebar.jpg\" data-fancybox-group=\"gallery-69dd1b0c18cec\" data-full-image-url=\"https:\/\/tenerife-trips.com\/wp-content\/uploads\/2018\/01\/web4.jpg\"> <svg width=\"20\" height=\"10\"><path d=\"M 0,10 Q 9,9 10,0 Q 11,9 20,10\" \/><\/svg> <img src=\"https:\/\/tenerife-trips.com\/wp-content\/uploads\/2018\/01\/web4-thegem-post-thumb-small.jpg\" alt=\"Tenerife sightseeing\" class=\"img-responsive\"> <span class=\"gem-gallery-caption slide-info\"> <\/span> <\/a> <span class=\"gem-gallery-line\"><\/span> <\/div> <\/div> <div class=\"gem-gallery-item\"> <div class=\"gem-gallery-item-image\"> <a href=\"https:\/\/tenerife-trips.com\/wp-content\/uploads\/2018\/01\/web1-1-thegem-gallery-sidebar.jpg\" data-fancybox-group=\"gallery-69dd1b0c18cec\" data-full-image-url=\"https:\/\/tenerife-trips.com\/wp-content\/uploads\/2018\/01\/web1-1.jpg\"> <svg width=\"20\" height=\"10\"><path d=\"M 0,10 Q 9,9 10,0 Q 11,9 20,10\" \/><\/svg> <img src=\"https:\/\/tenerife-trips.com\/wp-content\/uploads\/2018\/01\/web1-1-thegem-post-thumb-small.jpg\" alt=\"\" class=\"img-responsive\"> <span class=\"gem-gallery-caption slide-info\"> <\/span> <\/a> <span class=\"gem-gallery-line\"><\/span> <\/div> <\/div> <div class=\"gem-gallery-item\"> <div class=\"gem-gallery-item-image\"> <a href=\"https:\/\/tenerife-trips.com\/wp-content\/uploads\/2018\/01\/web3-thegem-gallery-sidebar.jpg\" data-fancybox-group=\"gallery-69dd1b0c18cec\" data-full-image-url=\"https:\/\/tenerife-trips.com\/wp-content\/uploads\/2018\/01\/web3.jpg\"> <svg width=\"20\" height=\"10\"><path d=\"M 0,10 Q 9,9 10,0 Q 11,9 20,10\" \/><\/svg> <img src=\"https:\/\/tenerife-trips.com\/wp-content\/uploads\/2018\/01\/web3-thegem-post-thumb-small.jpg\" alt=\"Tenerife sightseeing\" class=\"img-responsive\"> <span class=\"gem-gallery-caption slide-info\"> <\/span> <\/a> <span class=\"gem-gallery-line\"><\/span> <\/div> <\/div> <div class=\"gem-gallery-item\"> <div class=\"gem-gallery-item-image\"> <a href=\"https:\/\/tenerife-trips.com\/wp-content\/uploads\/2018\/01\/2web-thegem-gallery-sidebar.jpg\" data-fancybox-group=\"gallery-69dd1b0c18cec\" data-full-image-url=\"https:\/\/tenerife-trips.com\/wp-content\/uploads\/2018\/01\/2web.jpg\"> <svg width=\"20\" height=\"10\"><path d=\"M 0,10 Q 9,9 10,0 Q 11,9 20,10\" \/><\/svg> <img src=\"https:\/\/tenerife-trips.com\/wp-content\/uploads\/2018\/01\/2web-thegem-post-thumb-small.jpg\" alt=\"escursione al Teide Tenerife\" class=\"img-responsive\"> <span class=\"gem-gallery-caption slide-info\"> <\/span> <\/a> <span class=\"gem-gallery-line\"><\/span> <\/div> <\/div> <\/div>[vc_empty_space][\/vc_column][\/vc_row][vc_row full_width=&#8221;stretch_row&#8221; css=&#8221;.vc_custom_1600446228747{background-color: #312c7a !important;background-position: center !important;background-repeat: no-repeat !important;background-size: cover !important;}&#8221;][vc_column][vc_column_text]<\/p>\n<h3 style=\"text-align: center;\"><span style=\"color: #ffffff;\"><span style=\"font-size: 18pt;\">OPIS\u00a0<\/span><\/span><\/h3>\n<p>[\/vc_column_text][\/vc_column][\/vc_row][vc_row][vc_column][vc_tta_accordion style=&#8221;simple_solid&#8221; color=&#8221;blue&#8221; c_icon=&#8221;chevron&#8221; active_section=&#8221;-0&#8243; collapsible_all=&#8221;true&#8221;][vc_tta_section title=&#8221;OPIS WYCIECZKI&#8221; tab_id=&#8221;1577671091617-0af8eee0-94020f62-84c4aac8-a49bd321-e00bb67c-0b5e&#8221;][vc_column_text]<span style=\"font-size: 14pt;\">Dla <a href=\"https:\/\/pl.wikipedia.org\/wiki\/Guanczowie\" target=\"_blank\" rel=\"noopener\">Guancz\u00f3w<\/a>, pierwotnych mieszka\u0144c\u00f3w wyspy zamieszkuj\u0105cych Teneryf\u0119 przed podbiciem jej przez Hiszpani\u0119 w 1496 roku, Teide; nazywane wtedy Echeyde, uwa\u017cane by\u0142o za miejsce \u015bwi\u0119te i bram\u0119 do piekie\u0142.\u00a0<\/span><\/p>\n<p><span style=\"font-size: 14pt;\">Dzi\u015b ju\u017c jednak\u017ce wiemy, \u017ce miejsce to jest nie tyle straszne, co wyj\u0105tkowe i jedyne w swoim rodzaju. Do tego stopnia, \u017ce ksi\u0119\u017cycowa sceneria parku narodowego zainspirowa\u0142a wielu re\u017cyser\u00f3w do nakr\u0119cenia tutaj swoich scen do film\u00f3w takich jak chocia\u017cby \u201ePlaneta ma\u0142p\u201d z 1968 r. i \u201eStarcie tytan\u00f3w\u201d z 2010 r.<\/span><\/p>\n<h3><span style=\"font-size: 12pt;\">Teide wycieczka na wulkan rozpoczynamy porannym odebraniem Ci\u0119 z miejsca Twojego zakwaterowania. Po drodze miniemy wyj\u0105tkowy las, gdzie ro\u015bnie typowa dla Wysp sosna kanaryjska i w przeci\u0105gu mniej wi\u0119cej godziny dotrzemy do p\u0142askowy\u017cu Parku Narodowego znajduj\u0105cego si\u0119 na wysoko\u015bci 2200 metr\u00f3w n.p.m, gdzie podziwia\u0107 b\u0119dziemy majestatyczny szczyt g\u00f3ry Teide, b\u0119d\u0105cego najwy\u017cszym szczytem w Hiszpanii. \u00a0<\/span><\/h3>\n<p><span style=\"font-size: 14pt;\">Podczas Teide wycieczka zatrzymamy si\u0119 w centrum Parku Narodowego przy \u201eRoques de Garcia\u201d, b\u0119d\u0105cym najpopularniejszym punktem widokowym tego Parku. B\u0119dzie mo\u017cna by\u0142o si\u0119 tu uda\u0107 na spacer i zrobi\u0107 pami\u0105tkowe zdj\u0119cia, podziwiaj\u0105c jednocze\u015bnie wulkan i ten niespotykany krajobraz. <\/span><\/p>\n<p><span style=\"font-size: 14pt;\">Dla tych, co chc\u0105 wjecha\u0107 na szczyt Teide (3500 m n.p.m), oferujemy mo\u017cliwo\u015b\u0107 wykupienia u nas <span style=\"color: #ff0000;\">biletu na kolejk\u0119 linow\u0105.<\/span> <span style=\"color: #ff0000;\">Uprzejmie prosimy ch\u0119tnych o dodanie biletu na kolejk\u0119 linow\u0105 podczas rezerwacji wycieczki, poniewa\u017c\u00a0 nie ma mo\u017cliwo\u015bci wykupienia biletu na miejscu.<\/span> Cena wynosi 40 \u20ac za osob\u0119 doros\u0142\u0105 w wieku od 14 lat i 20 \u20ac za dziecko w wieku od 3 do 13 lat. <span style=\"color: #ff0000;\">Zabrania si\u0119 wjazdu kolejk\u0105 linow\u0105 dzieciom poni\u017cej 3. roku \u017cycia przez wzgl\u0105d na ryzyko, jakie du\u017ca wysoko\u015b\u0107 stanowi dla ich zdrowia<\/span>. W przypadku, gdy w dniu wycieczki kolejka linowa jest zamkni\u0119ta z powodu z\u0142ych warunk\u00f3w pogodowych, skontaktuj si\u0119 z nami, a my zwr\u00f3cimy pe\u0142n\u0105 kwot\u0119 zap\u0142aconej ceny.<\/span><\/p>\n<p><span style=\"font-size: 14pt;\">Po opuszczeniu Parku Narodowego wr\u00f3cimy do punktu wyjazdu w przeci\u0105gu oko\u0142o godziny. Zabierzemy Ci\u0119 do tego samego miejsca, z kt\u00f3rego Ci\u0119 odebrali\u015bmy.<\/span><\/p>\n<h3><span style=\"font-size: 12pt;\">Nasi do\u015bwiadczeni przewodnicy podczas Teide wycieczka udziel\u0105 Ci mn\u00f3stwo ciekawych informacji o Parku Narodowym Teide i historii jego powstania. <\/span><span style=\"font-size: 12pt;\">przewodnicy rozmawiaj\u0105 w j\u0119zyku angielskim oraz hiszpa\u0144skim. <\/span><span style=\"font-size: 12pt;\">przed dokonaniem rezerwacji skontaktuj si\u0119 z nami, aby sprawdzi\u0107, w jakim j\u0119zyku jest dost\u0119pna wycieczka<\/span><span style=\"font-size: 12pt;\">.<\/span><\/h3>\n<p><span style=\"font-size: 14pt; color: #ff0000;\">Wszyscy klienci bior\u0105cy udzia\u0142 w wycieczce s\u0105 odpowiedzialni za swoje rzeczy osobiste. Przypominamy, aby nie zostawia\u0107 niczego cennego w autobusie podczas postoj\u00f3w oraz wizyt w r\u00f3\u017cnych punktach wycieczki. Firma nie ponosi odpowiedzialno\u015bci za utrat\u0119 lub kradzie\u017c rzeczy osobistych wszelkiego rodzaju.<\/span>[\/vc_column_text][\/vc_tta_section][vc_tta_section title=&#8221;ROZK\u0141AD I TRANSFER&#8221; tab_id=&#8221;1577671091666-736a5870-75e30f62-84c4aac8-a49bd321-e00bb67c-0b5e&#8221;][vc_column_text]Us\u0142uga transferu w pobli\u017cu Twojego miejsca zameldowania jest wliczona w cen\u0119. Dost\u0119pna jest ona pomi\u0119dzy zachodni\u0105 cz\u0119\u015bci\u0105 wyspy od regionu Los Gigantes po cz\u0119\u015b\u0107 po\u0142udniow\u0105 do El Medano oraz na p\u00f3\u0142nocy wyspy z Puerto de la Cruz. Przed dokonaniem rezerwacji zalecamy sprawdzi\u0107 z nami dost\u0119pno\u015b\u0107 transferu z Twojej okolicy.<\/p>\n<p><span style=\"text-decoration: underline; font-size: 14pt;\"><span style=\"color: #ff0000; text-decoration: underline;\">ROZK\u0141AD:<\/span><\/span><\/p>\n<p>Skontaktuj si\u0119 z nasz\u0105 <a href=\"https:\/\/www.tenerife-trips.com\/kontakt\/?lang=pl\" target=\"_blank\" rel=\"noopener\">obs\u0142ug\u0105 klienta<\/a>, aby dowiedzie\u0107 si\u0119, w kt\u00f3re dni odbywa si\u0119 wycieczka.<\/p>\n<p><span style=\"font-size: 14pt;\"><strong>OBEJRZYJ FILMIK, PRZEKONAJ SI\u0118, JAK WYGL\u0104DA NASZA WYCIECZKA I ZAREZERWUJ JU\u017b TERAZ!<\/strong><\/span>[\/vc_column_text][\/vc_tta_section][\/vc_tta_accordion]<style type=\"text\/css\">.thegem-button-69dd1b0c1a1903104 .gem-button svg {fill: #ffffff;}.thegem-button-69dd1b0c1a1903104 .gem-button:hover svg {fill: #312c7a;}<\/style><div class=\"gem-button-container gem-button-position-center thegem-button-69dd1b0c1a1903104    \"  ><a class=\"gem-button gem-button-size-small gem-button-style-flat gem-button-text-weight-normal\" data-ll-effect=\"drop-right-without-wrap\" style=\"border-radius: 3px;background-color: #312c7a;color: #ffffff;\" onmouseleave=\"this.style.backgroundColor='#312c7a';this.style.color='#ffffff';\" onmouseenter=\"this.style.backgroundColor='#f6eb14';this.style.color='#312c7a';\" href=\"#cennik-teide\" target=\"_self\">CENNIK<\/a><\/div> [\/vc_column][\/vc_row][vc_row full_width=&#8221;stretch_row_content&#8221; css=&#8221;.vc_custom_1600446258042{background-color: #312c7a !important;background-position: center !important;background-repeat: no-repeat !important;background-size: cover !important;}&#8221;][vc_column][vc_column_text]<\/p>\n<h3 style=\"text-align: center;\"><span style=\"color: #ffffff;\"><strong><span style=\"font-size: 18pt;\">ZAREZERWUJ TERAZ<\/span><\/strong><\/span><\/h3>\n<p>[\/vc_column_text][vc_empty_space height=&#8221;10px&#8221; el_id=&#8221;cennik-teide&#8221;][\/vc_column][\/vc_row]<\/p>\n<\/div>","protected":false},"excerpt":{"rendered":"<p>[vc_row full_width=&#8221;stretch_row_content_no_spaces&#8221;][vc_column][vc_column_text css=&#8221;.vc_custom_1743671908170{background-color: #F6EB14 !important;background-position: center !important;background-repeat: no-repeat !important;background-size: cover !important;}&#8221; css_animation=&#8221;fadeIn&#8221;] TEIDE TOUR [\/vc_column_text][\/vc_column][\/vc_row][vc_row][vc_column][vc_column_text] Zapraszamy Ci\u0119, aby\u015b wzi\u0105\u0142 udzia\u0142&#8230;<\/p>\n","protected":false},"featured_media":65092,"template":"","meta":{"_acf_changed":false,"_seopress_robots_primary_cat":"0","_seopress_titles_title":"Teide wycieczka, opcjonalny wjazd na szczyt wulkanu","_seopress_titles_desc":"Wyj\u0105tkowa wycieczka na Teide. Odkryj z nami ksi\u0119\u017cycowy krajobraz Parku Narodowego Teide wpisanego na List\u0119 \u015awiatowego Dziedzictwa UNESCO","_seopress_robots_index":""},"product_brand":[],"product_cat":[2542],"product_tag":[2590,2591,2436],"class_list":{"0":"post-60804","1":"product","2":"type-product","3":"status-publish","4":"has-post-thumbnail","6":"product_cat-wycieczki-fakultatywne","7":"product_tag-teide-wycieczka","8":"product_tag-wycieczka-na-teide","9":"product_tag-wycieczki-teneryfa","11":"first","12":"instock","13":"virtual","14":"sold-individually","15":"purchasable","16":"product-type-booking"},"booking_location":"","booking_location_type":"","booking_duration":1,"booking_duration_unit":"day","booking_buffer":0,"booking_cost":0,"booking_resources":[],"acf":[],"_links":{"self":[{"href":"https:\/\/tenerife-trips.com\/pl\/wp-json\/wp\/v2\/product\/60804","targetHints":{"allow":["GET"]}}],"collection":[{"href":"https:\/\/tenerife-trips.com\/pl\/wp-json\/wp\/v2\/product"}],"about":[{"href":"https:\/\/tenerife-trips.com\/pl\/wp-json\/wp\/v2\/types\/product"}],"wp:featuredmedia":[{"embeddable":true,"href":"https:\/\/tenerife-trips.com\/pl\/wp-json\/wp\/v2\/media\/65092"}],"wp:attachment":[{"href":"https:\/\/tenerife-trips.com\/pl\/wp-json\/wp\/v2\/media?parent=60804"}],"wp:term":[{"taxonomy":"product_brand","embeddable":true,"href":"https:\/\/tenerife-trips.com\/pl\/wp-json\/wp\/v2\/product_brand?post=60804"},{"taxonomy":"product_cat","embeddable":true,"href":"https:\/\/tenerife-trips.com\/pl\/wp-json\/wp\/v2\/product_cat?post=60804"},{"taxonomy":"product_tag","embeddable":true,"href":"https:\/\/tenerife-trips.com\/pl\/wp-json\/wp\/v2\/product_tag?post=60804"}],"curies":[{"name":"wp","href":"https:\/\/api.w.org\/{rel}","templated":true}]}}