{"id":61312,"date":"2021-08-05T03:49:24","date_gmt":"2021-08-05T02:49:24","guid":{"rendered":"https:\/\/tenerife-trips.com\/?post_type=product&#038;p=61312"},"modified":"2025-12-03T11:49:11","modified_gmt":"2025-12-03T11:49:11","slug":"teneryfa-zwiedzanie","status":"publish","type":"product","link":"https:\/\/tenerife-trips.com\/pl\/product\/wycieczki-fakultatywne\/teneryfa-zwiedzanie\/","title":{"rendered":"P\u00d3\u0141NOCNY WSCH\u00d3D WYSPY"},"content":{"rendered":"<div class=\"wpb-content-wrapper\"><p>[vc_row full_width=&#8221;stretch_row_content_no_spaces&#8221;][vc_column][vc_column_text css=&#8221;.vc_custom_1743620093638{background-color: #F6EB14 !important;background-position: center !important;background-repeat: no-repeat !important;background-size: cover !important;}&#8221; css_animation=&#8221;fadeIn&#8221;]<\/p>\n<h1 class=\"title-h2\" style=\"text-align: center;\"><span style=\"font-size: 18pt; color: #312c7a;\">P\u00d3\u0141NOCNY WSCH\u00d3D WYSPY<\/span><\/h1>\n<p>[\/vc_column_text][\/vc_column][\/vc_row][vc_row][vc_column][vc_column_text]<\/p>\n<p style=\"text-align: center;\"><span style=\"font-size: 14pt;\">Teneryfa zwiedzanie wyspy podczas naszej wycieczki do Santa Cruz, La Laguna i Taganana nigdy nie by\u0142o prostsze! Teneryfa jest jednym z najpopularniejszych kierunk\u00f3w turystycznych oferuj\u0105cych wspania\u0142\u0105, r\u00f3\u017cnorodn\u0105 przyrod\u0119 i doskona\u0142y klimat przez ca\u0142y rok. P\u00f3\u0142nocno-wschodnia cz\u0119\u015b\u0107 wyspy bogata jest w histori\u0119, lokalne tradycje i zapieraj\u0105ce dech w piersi widoki, czego nie powiniene\u015b przegapi\u0107 podczas Twoich wakacji.<\/span><\/p>\n<p style=\"text-align: center;\"><span style=\"font-size: 14pt;\"><strong>\u21d3 Sp\u00f3jrz na dalszy opis poni\u017cej \u21d3<\/strong><\/span><\/p>\n<p>[\/vc_column_text][\/vc_column][\/vc_row][vc_row full_width=&#8221;stretch_row_content&#8221; css=&#8221;.vc_custom_1638556680214{background-color: #312c7a !important;background-position: center !important;background-repeat: no-repeat !important;background-size: cover !important;}&#8221;][vc_column][vc_row_inner][vc_column_inner]<div class=\"gem-vimeo gem-wrapbox gem-wrapbox-style-no-style rounded-corners gem-wrapbox-position-below\" style=\"width: 100%;\"><div class=\"gem-wrapbox-inner gem-ratio-style\" style=\"padding-top: 56.25%\"><iframe webkitallowfullscreen=\"true\" mozallowfullscreen=\"true\" allowfullscreen=\"true\" class=\"gem-wrapbox-element img-responsive\" frameborder=\"0\" scrolling=\"no\" marginheight=\"0\" marginwidth=\"0\" src=\"\/\/player.vimeo.com\/video\/676568455?title=0&amp;byline=0&amp;portrait=0 \"><\/iframe><\/div><\/div>[vc_empty_space]<div class=\"preloader\"><div class=\"preloader-spin\"><\/div><\/div> <div id=\"gem-gallery-69d33531f27b4\" class=\"gem-gallery gem-gallery-hover-zooming-blur\"> <div class=\"gem-gallery-item\"> <div class=\"gem-gallery-item-image\"> <a href=\"https:\/\/tenerife-trips.com\/wp-content\/uploads\/2021\/12\/cosa-vedere-a-Tenerife-nord-1-thegem-gallery-sidebar.png\" data-fancybox-group=\"gallery-69d33531f27b4\" data-full-image-url=\"https:\/\/tenerife-trips.com\/wp-content\/uploads\/2021\/12\/cosa-vedere-a-Tenerife-nord-1.png\"> <svg width=\"20\" height=\"10\"><path d=\"M 0,10 Q 9,9 10,0 Q 11,9 20,10\" \/><\/svg> <img src=\"https:\/\/tenerife-trips.com\/wp-content\/uploads\/2021\/12\/cosa-vedere-a-Tenerife-nord-1-thegem-post-thumb-small.png\" alt=\"cosa vedere a Tenerife nord\" class=\"img-responsive\"> <span class=\"gem-gallery-caption slide-info\"> <\/span> <\/a> <span class=\"gem-gallery-line\"><\/span> <\/div> <\/div> <div class=\"gem-gallery-item\"> <div class=\"gem-gallery-item-image\"> <a href=\"https:\/\/tenerife-trips.com\/wp-content\/uploads\/2021\/08\/what-to-see-in-Tenerife-1-thegem-gallery-sidebar.png\" data-fancybox-group=\"gallery-69d33531f27b4\" data-full-image-url=\"https:\/\/tenerife-trips.com\/wp-content\/uploads\/2021\/08\/what-to-see-in-Tenerife-1.png\"> <svg width=\"20\" height=\"10\"><path d=\"M 0,10 Q 9,9 10,0 Q 11,9 20,10\" \/><\/svg> <img src=\"https:\/\/tenerife-trips.com\/wp-content\/uploads\/2021\/08\/what-to-see-in-Tenerife-1-thegem-post-thumb-small.png\" alt=\"what to see in Tenerife\" class=\"img-responsive\"> <span class=\"gem-gallery-caption slide-info\"> <\/span> <\/a> <span class=\"gem-gallery-line\"><\/span> <\/div> <\/div> <div class=\"gem-gallery-item\"> <div class=\"gem-gallery-item-image\"> <a href=\"https:\/\/tenerife-trips.com\/wp-content\/uploads\/2019\/12\/Teneryfa-zwiedzanie-thegem-gallery-sidebar.png\" data-fancybox-group=\"gallery-69d33531f27b4\" data-full-image-url=\"https:\/\/tenerife-trips.com\/wp-content\/uploads\/2019\/12\/Teneryfa-zwiedzanie.png\"> <svg width=\"20\" height=\"10\"><path d=\"M 0,10 Q 9,9 10,0 Q 11,9 20,10\" \/><\/svg> <img src=\"https:\/\/tenerife-trips.com\/wp-content\/uploads\/2019\/12\/Teneryfa-zwiedzanie-thegem-post-thumb-small.png\" alt=\"Teneryfa zwiedzanie\" class=\"img-responsive\"> <span class=\"gem-gallery-caption slide-info\"> <\/span> <\/a> <span class=\"gem-gallery-line\"><\/span> <\/div> <\/div> <div class=\"gem-gallery-item\"> <div class=\"gem-gallery-item-image\"> <a href=\"https:\/\/tenerife-trips.com\/wp-content\/uploads\/2019\/12\/Teneryfa-zwiedzanie-1-thegem-gallery-sidebar.png\" data-fancybox-group=\"gallery-69d33531f27b4\" data-full-image-url=\"https:\/\/tenerife-trips.com\/wp-content\/uploads\/2019\/12\/Teneryfa-zwiedzanie-1.png\"> <svg width=\"20\" height=\"10\"><path d=\"M 0,10 Q 9,9 10,0 Q 11,9 20,10\" \/><\/svg> <img src=\"https:\/\/tenerife-trips.com\/wp-content\/uploads\/2019\/12\/Teneryfa-zwiedzanie-1-thegem-post-thumb-small.png\" alt=\"Teneryfa zwiedzanie\" class=\"img-responsive\"> <span class=\"gem-gallery-caption slide-info\"> <\/span> <\/a> <span class=\"gem-gallery-line\"><\/span> <\/div> <\/div> <div class=\"gem-gallery-item\"> <div class=\"gem-gallery-item-image\"> <a href=\"https:\/\/tenerife-trips.com\/wp-content\/uploads\/2019\/12\/que-ver-en-Tenerife-1-thegem-gallery-sidebar.png\" data-fancybox-group=\"gallery-69d33531f27b4\" data-full-image-url=\"https:\/\/tenerife-trips.com\/wp-content\/uploads\/2019\/12\/que-ver-en-Tenerife-1.png\"> <svg width=\"20\" height=\"10\"><path d=\"M 0,10 Q 9,9 10,0 Q 11,9 20,10\" \/><\/svg> <img src=\"https:\/\/tenerife-trips.com\/wp-content\/uploads\/2019\/12\/que-ver-en-Tenerife-1-thegem-post-thumb-small.png\" alt=\"que ver en Tenerife\" class=\"img-responsive\"> <span class=\"gem-gallery-caption slide-info\"> <\/span> <\/a> <span class=\"gem-gallery-line\"><\/span> <\/div> <\/div> <div class=\"gem-gallery-item\"> <div class=\"gem-gallery-item-image\"> <a href=\"https:\/\/tenerife-trips.com\/wp-content\/uploads\/2019\/12\/sehenswurdigkeiten-auf-Teneriffa-thegem-gallery-sidebar.png\" data-fancybox-group=\"gallery-69d33531f27b4\" data-full-image-url=\"https:\/\/tenerife-trips.com\/wp-content\/uploads\/2019\/12\/sehenswurdigkeiten-auf-Teneriffa.png\"> <svg width=\"20\" height=\"10\"><path d=\"M 0,10 Q 9,9 10,0 Q 11,9 20,10\" \/><\/svg> <img src=\"https:\/\/tenerife-trips.com\/wp-content\/uploads\/2019\/12\/sehenswurdigkeiten-auf-Teneriffa-thegem-post-thumb-small.png\" alt=\"sehensw\u00fcrdigkeiten Teneriffa\" class=\"img-responsive\"> <span class=\"gem-gallery-caption slide-info\"> <\/span> <\/a> <span class=\"gem-gallery-line\"><\/span> <\/div> <\/div> <div class=\"gem-gallery-item\"> <div class=\"gem-gallery-item-image\"> <a href=\"https:\/\/tenerife-trips.com\/wp-content\/uploads\/2019\/12\/sehenswurdigkeiten-auf-Teneriffa-1-thegem-gallery-sidebar.png\" data-fancybox-group=\"gallery-69d33531f27b4\" data-full-image-url=\"https:\/\/tenerife-trips.com\/wp-content\/uploads\/2019\/12\/sehenswurdigkeiten-auf-Teneriffa-1.png\"> <svg width=\"20\" height=\"10\"><path d=\"M 0,10 Q 9,9 10,0 Q 11,9 20,10\" \/><\/svg> <img src=\"https:\/\/tenerife-trips.com\/wp-content\/uploads\/2019\/12\/sehenswurdigkeiten-auf-Teneriffa-1-thegem-post-thumb-small.png\" alt=\"sehensw\u00fcrdigkeiten Teneriffa\" class=\"img-responsive\"> <span class=\"gem-gallery-caption slide-info\"> <\/span> <\/a> <span class=\"gem-gallery-line\"><\/span> <\/div> <\/div> <div class=\"gem-gallery-item\"> <div class=\"gem-gallery-item-image\"> <a href=\"https:\/\/tenerife-trips.com\/wp-content\/uploads\/2019\/12\/que-ver-en-Tenerife-thegem-gallery-sidebar.png\" data-fancybox-group=\"gallery-69d33531f27b4\" data-full-image-url=\"https:\/\/tenerife-trips.com\/wp-content\/uploads\/2019\/12\/que-ver-en-Tenerife.png\"> <svg width=\"20\" height=\"10\"><path d=\"M 0,10 Q 9,9 10,0 Q 11,9 20,10\" \/><\/svg> <img src=\"https:\/\/tenerife-trips.com\/wp-content\/uploads\/2019\/12\/que-ver-en-Tenerife-thegem-post-thumb-small.png\" alt=\"que ver en Tenerife\" class=\"img-responsive\"> <span class=\"gem-gallery-caption slide-info\"> <\/span> <\/a> <span class=\"gem-gallery-line\"><\/span> <\/div> <\/div> <div class=\"gem-gallery-item\"> <div class=\"gem-gallery-item-image\"> <a href=\"https:\/\/tenerife-trips.com\/wp-content\/uploads\/2019\/12\/cosa-vedere-a-Tenerife-1-thegem-gallery-sidebar.png\" data-fancybox-group=\"gallery-69d33531f27b4\" data-full-image-url=\"https:\/\/tenerife-trips.com\/wp-content\/uploads\/2019\/12\/cosa-vedere-a-Tenerife-1.png\"> <svg width=\"20\" height=\"10\"><path d=\"M 0,10 Q 9,9 10,0 Q 11,9 20,10\" \/><\/svg> <img src=\"https:\/\/tenerife-trips.com\/wp-content\/uploads\/2019\/12\/cosa-vedere-a-Tenerife-1-thegem-post-thumb-small.png\" alt=\"cosa vedere a Tenerife\" class=\"img-responsive\"> <span class=\"gem-gallery-caption slide-info\"> <\/span> <\/a> <span class=\"gem-gallery-line\"><\/span> <\/div> <\/div> <div class=\"gem-gallery-item\"> <div class=\"gem-gallery-item-image\"> <a href=\"https:\/\/tenerife-trips.com\/wp-content\/uploads\/2019\/12\/cosa-vedere-a-Tenerife-thegem-gallery-sidebar.png\" data-fancybox-group=\"gallery-69d33531f27b4\" data-full-image-url=\"https:\/\/tenerife-trips.com\/wp-content\/uploads\/2019\/12\/cosa-vedere-a-Tenerife.png\"> <svg width=\"20\" height=\"10\"><path d=\"M 0,10 Q 9,9 10,0 Q 11,9 20,10\" \/><\/svg> <img src=\"https:\/\/tenerife-trips.com\/wp-content\/uploads\/2019\/12\/cosa-vedere-a-Tenerife-thegem-post-thumb-small.png\" alt=\"cosa vedere a Tenerife\" class=\"img-responsive\"> <span class=\"gem-gallery-caption slide-info\"> <\/span> <\/a> <span class=\"gem-gallery-line\"><\/span> <\/div> <\/div> <\/div>[vc_empty_space][\/vc_column_inner][\/vc_row_inner][vc_column_text]<\/p>\n<h3 style=\"text-align: center;\"><span style=\"color: #ffffff; font-size: 18pt;\">OPIS\u00a0<\/span><\/h3>\n<p>[\/vc_column_text][\/vc_column][\/vc_row][vc_row][vc_column][vc_tta_accordion style=&#8221;simple_solid&#8221; color=&#8221;blue&#8221; c_icon=&#8221;chevron&#8221; active_section=&#8221;-0&#8243; collapsible_all=&#8221;true&#8221;][vc_tta_section title=&#8221;OPIS WYCIECZKI&#8221; tab_id=&#8221;1577671091617-0af8eee0-94020f62-84c4aac8-a49bd321-e00bb0c2-8f5a&#8221;][vc_column_text css=&#8221;&#8221;]<span style=\"font-size: 14pt;\">Teneryfa, pomimo swojego niewielkiego rozmiaru, jest wysp\u0105 niesamowicie r\u00f3\u017cnorodn\u0105. Wsp\u00f3\u0142istnieje tu suchy klimat po\u0142udniowy, jak i wilgotny klimat na p\u00f3\u0142nocy, pla\u017ce i g\u00f3ry, strefy upalne, jak i te ch\u0142odniejsze. <\/span><\/p>\n<h3><span style=\"font-size: 12pt;\">D<\/span><span style=\"font-size: 12pt;\">latego te\u017c warto jest po\u015bwi\u0119ci\u0107 odrobin\u0119 wolnego czasu na Teneryfa zwiedzanie, aby lepiej pozna\u0107 co tak na prawd\u0119 ma ona do zaoferowania!<\/span><\/h3>\n<p><span style=\"font-size: 14pt;\">Podczas tej wycieczki zabierzemy Ci\u0119 w p\u00f3\u0142nocn\u0105 cz\u0119\u015b\u0107 wyspy znan\u0105 z bujnej zieleni oraz wilgotnego klimatu. Spowodowany jest on ch\u0142odnym pr\u0105dem morskim Kanaryjskim, op\u0142ywaj\u0105cym wysp\u0119 od p\u00f3\u0142nocnej strony oraz podzieleniem wyspy na dwie cz\u0119\u015bci poprzez pasmo g\u00f3rskie Teide, kt\u00f3re zatrzymuje chmury w\u0142a\u015bnie po p\u00f3\u0142nocnej stronie Teneryfy.<\/span><\/p>\n<p><span style=\"font-size: 14pt;\">Wycieczk\u0119 rozpoczynamy od odebrania Ci\u0119 z okolic Twojego miejsca zakwaterowania, a nast\u0119pnie kierujemy si\u0119 autostrad\u0105 do <a href=\"https:\/\/pl.wikipedia.org\/wiki\/Santa_Cruz_de_Tenerife\">Santa Cruz<\/a> b\u0119d\u0105cego pierwszym punktem wycieczki. Dojazd do Santa Cruz nie powinien zaj\u0105\u0107 wi\u0119cej ni\u017c godzin\u0119, a kolejn\u0105 godzin\u0119 zajmie zwiedzanie miasta.<\/span><\/p>\n<p><span style=\"font-size: 14pt;\">Nast\u0119pnie, wyruszymy w kierunku jednego z najpi\u0119kniejszych obszar\u00f3w na Teneryfie zwanego <a href=\"https:\/\/es.wikipedia.org\/wiki\/Macizo_de_Anaga\" target=\"_blank\" rel=\"noopener\">Macizo de Anaga<\/a>. Obszar ten s\u0142ynie z zielonych g\u00f3r i niesamowitych krajobraz\u00f3w. Park Anaga zosta\u0142 og\u0142oszony rezerwatem biosfery w 2015 roku. Jest domem dla \u201elaurisilva\u201d, rodzaju wiecznie zielonego lasu typowego dla Madery i Wysp Kanaryjskich, nazwanego tak ze wzgl\u0119du na przewag\u0119 gatunk\u00f3w z rodziny Lauraceae.<\/span><\/p>\n<h3><span style=\"font-size: 12pt;\">Kontynuuj\u0105c nasz\u0105 podr\u00f3\u017c Teneryfa zwiedzanie p\u00f3\u0142nocnej cz\u0119\u015bci wyspy opu\u015bcimy Anaga, mijaj\u0105c po drodze las \u201eMonte de las Mercedes\u201d, aby wkr\u00f3tce dotrze\u0107 do <a href=\"https:\/\/pl.wikipedia.org\/wiki\/San_Crist%C3%B3bal_de_La_Laguna\">La Laguna<\/a>. <\/span><\/h3>\n<p><span style=\"font-size: 14pt;\">To w\u0142a\u015bnie tam znajduje si\u0119 najs\u0142ynniejszy uniwersytet Wysp Kanaryjskich i stare miasto. Udamy si\u0119 na spacer po historycznym centrum, podziwiaj\u0105c architektur\u0119 kolonialn\u0105 typow\u0105 dla tych\u017ce wysp.<\/span><\/p>\n<p><span style=\"font-size: 14pt;\">Wycieczk\u0119 ko\u0144czymy powrotem na po\u0142udnie wyspy planowanym na oko\u0142o godzin\u0119 18:00 i podrzucamy Ci\u0119\u00a0 z powrotem w miejsce, z kt\u00f3rego zosta\u0142e\u015b odebrany.<\/span><\/p>\n<p>Wycieczk\u0119 poprowadz\u0105 do\u015bwiadczeni przewodnicy, kt\u00f3rzy rozmawiaj\u0105 w j\u0119zyku angielskim oraz hiszpa\u0144skim. Przed dokonaniem rezerwacji skontaktuj si\u0119 z nami, aby sprawdzi\u0107, w jakim j\u0119zyku jest dost\u0119pna wycieczka.<\/p>\n<p><span style=\"color: #ff0000;\">Wszyscy klienci bior\u0105cy udzia\u0142 w wycieczce s\u0105 odpowiedzialni za swoje rzeczy osobiste. Przypominamy, aby nie zostawia\u0107 niczego cennego w autobusie podczas postoj\u00f3w oraz wizyt w r\u00f3\u017cnych punktach wycieczki. Firma nie ponosi odpowiedzialno\u015bci za utrat\u0119 lub kradzie\u017c rzeczy osobistych wszelkiego rodzaju.<\/span>[\/vc_column_text][\/vc_tta_section][vc_tta_section title=&#8221;ROZK\u0141AD I TRANSFER&#8221; tab_id=&#8221;1577671091666-736a5870-75e30f62-84c4aac8-a49bd321-e00bb0c2-8f5a&#8221;][vc_column_text]<span style=\"font-size: 14pt;\">Us\u0142uga transferu oferowana jest z po\u0142udniowej, wschodniej oraz p\u00f3\u0142nocnej (Puerto de la Cruz) cz\u0119\u015bci wyspy.<\/span><\/p>\n<p><span style=\"font-size: 14pt;\">Uprzejmie prosimy o sprawdzenie z nami dost\u0119pno\u015bci transferu z Twojej okolicy przed dokonaniem rezerwacji.<\/span><\/p>\n<p><span style=\"text-decoration: underline; font-size: 14pt;\"><span style=\"color: #ff0000; text-decoration: underline;\">ROZK\u0141AD:<\/span><\/span><\/p>\n<p><span style=\"font-size: 14pt;\">Skontaktuj si\u0119 z nasz\u0105 obs\u0142ug\u0105 klienta, aby dowiedzie\u0107 si\u0119, w kt\u00f3re dni odbywa si\u0119 wycieczka.<\/span><\/p>\n<p><span style=\"font-size: 14pt;\"><strong>OBEJRZYJ FILMIK, PRZEKONAJ SI\u0118, JAK WYGL\u0104DA NASZA WYCIECZKA I ZAREZERWUJ JU\u017b TERAZ!<\/strong><\/span>[\/vc_column_text][\/vc_tta_section][\/vc_tta_accordion]<style type=\"text\/css\">.thegem-button-69d33531f3fa48098 .gem-button svg {fill: #ffffff;}.thegem-button-69d33531f3fa48098 .gem-button:hover svg {fill: #312c7a;}<\/style><div class=\"gem-button-container gem-button-position-center thegem-button-69d33531f3fa48098    \"  ><a class=\"gem-button gem-button-size-small gem-button-style-flat gem-button-text-weight-normal\" data-ll-effect=\"drop-right-without-wrap\" style=\"border-radius: 3px;background-color: #312c7a;color: #ffffff;\" onmouseleave=\"this.style.backgroundColor='#312c7a';this.style.color='#ffffff';\" onmouseenter=\"this.style.backgroundColor='#f6eb14';this.style.color='#312c7a';\" href=\"#cennik-northeast\" target=\"_self\">CENNIK<\/a><\/div> [\/vc_column][\/vc_row][vc_row full_width=&#8221;stretch_row_content&#8221; css=&#8221;.vc_custom_1577476060002{background-color: #312c7a !important;background-position: center !important;background-repeat: no-repeat !important;background-size: cover !important;}&#8221;][vc_column][vc_column_text]<\/p>\n<h3 style=\"text-align: center;\"><strong><span style=\"font-size: 18pt; color: #ffffff;\">ZAREZERWUJ TERAZ<\/span><\/strong><\/h3>\n<p>[\/vc_column_text][vc_empty_space height=&#8221;10px&#8221; el_id=&#8221;cennik-northeast&#8221;][\/vc_column][\/vc_row]<\/p>\n<\/div>","protected":false},"excerpt":{"rendered":"<p>[vc_row full_width=&#8221;stretch_row_content_no_spaces&#8221;][vc_column][vc_column_text css=&#8221;.vc_custom_1743620093638{background-color: #F6EB14 !important;background-position: center !important;background-repeat: no-repeat !important;background-size: cover !important;}&#8221; css_animation=&#8221;fadeIn&#8221;] P\u00d3\u0141NOCNY WSCH\u00d3D WYSPY [\/vc_column_text][\/vc_column][\/vc_row][vc_row][vc_column][vc_column_text] Teneryfa zwiedzanie wyspy podczas&#8230;<\/p>\n","protected":false},"featured_media":287415,"template":"","meta":{"_acf_changed":false,"_seopress_robots_primary_cat":"2542","_seopress_titles_title":"Teneryfa zwiedzanie magicznej p\u00f3\u0142nocno wschodniej cz\u0119\u015bci wyspy","_seopress_titles_desc":"Teneryfa zwiedzanie Santa Cruz, La Laguna i Taganana. Poznaj lokaln\u0105 kultur\u0119 i histori\u0119. Zobacz widoki zapieraj\u0105ce dech w piersiach","_seopress_robots_index":""},"product_brand":[],"product_cat":[2542],"product_tag":[2596,2597,2598,2594,2595],"class_list":{"0":"post-61312","1":"product","2":"type-product","3":"status-publish","4":"has-post-thumbnail","6":"product_cat-wycieczki-fakultatywne","7":"product_tag-la-laguna-pl","8":"product_tag-santa-cruz-pl","9":"product_tag-taganana-pl","10":"product_tag-teneryfa-zwiedzanie","11":"product_tag-wycieczki-po-teneryfie","13":"first","14":"instock","15":"virtual","16":"sold-individually","17":"purchasable","18":"product-type-booking"},"booking_location":"","booking_location_type":"","booking_duration":1,"booking_duration_unit":"day","booking_buffer":0,"booking_cost":0,"booking_resources":[],"acf":[],"_links":{"self":[{"href":"https:\/\/tenerife-trips.com\/pl\/wp-json\/wp\/v2\/product\/61312","targetHints":{"allow":["GET"]}}],"collection":[{"href":"https:\/\/tenerife-trips.com\/pl\/wp-json\/wp\/v2\/product"}],"about":[{"href":"https:\/\/tenerife-trips.com\/pl\/wp-json\/wp\/v2\/types\/product"}],"wp:featuredmedia":[{"embeddable":true,"href":"https:\/\/tenerife-trips.com\/pl\/wp-json\/wp\/v2\/media\/287415"}],"wp:attachment":[{"href":"https:\/\/tenerife-trips.com\/pl\/wp-json\/wp\/v2\/media?parent=61312"}],"wp:term":[{"taxonomy":"product_brand","embeddable":true,"href":"https:\/\/tenerife-trips.com\/pl\/wp-json\/wp\/v2\/product_brand?post=61312"},{"taxonomy":"product_cat","embeddable":true,"href":"https:\/\/tenerife-trips.com\/pl\/wp-json\/wp\/v2\/product_cat?post=61312"},{"taxonomy":"product_tag","embeddable":true,"href":"https:\/\/tenerife-trips.com\/pl\/wp-json\/wp\/v2\/product_tag?post=61312"}],"curies":[{"name":"wp","href":"https:\/\/api.w.org\/{rel}","templated":true}]}}