{"id":61600,"date":"2018-11-07T19:32:13","date_gmt":"2018-11-07T19:32:13","guid":{"rendered":"https:\/\/tenerife-trips.com\/?post_type=product&#038;p=61600"},"modified":"2025-12-03T11:57:43","modified_gmt":"2025-12-03T11:57:43","slug":"teneryfa-wycieczka-objazdowa","status":"publish","type":"product","link":"https:\/\/tenerife-trips.com\/pl\/product\/wycieczki-fakultatywne\/teneryfa-wycieczka-objazdowa\/","title":{"rendered":"WOK\u00d3\u0141 TENERYFY"},"content":{"rendered":"<div class=\"wpb-content-wrapper\"><p>[vc_row full_width=&#8221;stretch_row_content_no_spaces&#8221;][vc_column][vc_column_text css=&#8221;.vc_custom_1743621782473{background-color: #F6EB14 !important;background-position: center !important;background-repeat: no-repeat !important;background-size: cover !important;}&#8221; css_animation=&#8221;fadeIn&#8221;]<\/p>\n<h1 class=\"title-h2\" style=\"text-align: center;\"><span style=\"font-size: 18pt; color: #312c7a;\">WOK\u00d3\u0141 TENERYFY<\/span><\/h1>\n<p>[\/vc_column_text][\/vc_column][\/vc_row][vc_row][vc_column][vc_column_text]<\/p>\n<p style=\"text-align: center;\"><span style=\"font-size: 14pt;\">Teneryfa wycieczka objazdowa po wyspie wzd\u0142u\u017c jej wybrze\u017ca zabierze Ci\u0119 do najpopularniejszych tutaj miejsc. Jest ona \u015bwietn\u0105 opcj\u0105 dla os\u00f3b, kt\u00f3re chc\u0105 zwiedzi\u0107 wsyp\u0119 bez konieczno\u015bci udawania si\u0119 w g\u00f3ry oraz aby pozna\u0107 lokaln\u0105 kultur\u0119.<\/span><\/p>\n<p style=\"text-align: center;\"><span style=\"font-size: 14pt;\"><strong>\u21d3 Sp\u00f3jrz na dalszy opis poni\u017cej \u21d3<\/strong><\/span><\/p>\n<p>[\/vc_column_text][\/vc_column][\/vc_row][vc_row full_width=&#8221;stretch_row_content&#8221; full_height=&#8221;yes&#8221; css=&#8221;.vc_custom_1576192123211{background-color: #312c7a !important;background-position: center !important;background-repeat: no-repeat !important;background-size: cover !important;}&#8221;][vc_column][vc_empty_space]<div class=\"preloader\"><div class=\"preloader-spin\"><\/div><\/div> <div id=\"gem-gallery-69e3449fad3fb\" class=\"gem-gallery gem-gallery-hover-zooming-blur\"> <div class=\"gem-gallery-item\"> <div class=\"gem-gallery-item-image\"> <a href=\"https:\/\/tenerife-trips.com\/wp-content\/uploads\/2019\/12\/Gran-Tour-thegem-gallery-sidebar.jpg\" data-fancybox-group=\"gallery-69e3449fad3fb\" data-full-image-url=\"https:\/\/tenerife-trips.com\/wp-content\/uploads\/2019\/12\/Gran-Tour.jpg\"> <svg width=\"20\" height=\"10\"><path d=\"M 0,10 Q 9,9 10,0 Q 11,9 20,10\" \/><\/svg> <img src=\"https:\/\/tenerife-trips.com\/wp-content\/uploads\/2019\/12\/Gran-Tour-thegem-post-thumb-small.jpg\" alt=\"\" class=\"img-responsive\"> <span class=\"gem-gallery-caption slide-info\"> <\/span> <\/a> <span class=\"gem-gallery-line\"><\/span> <\/div> <\/div> <div class=\"gem-gallery-item\"> <div class=\"gem-gallery-item-image\"> <a href=\"https:\/\/tenerife-trips.com\/wp-content\/uploads\/2019\/12\/escursioni-a-Tenerife-scaled-thegem-gallery-sidebar.png\" data-fancybox-group=\"gallery-69e3449fad3fb\" data-full-image-url=\"https:\/\/tenerife-trips.com\/wp-content\/uploads\/2019\/12\/escursioni-a-Tenerife-scaled.png\"> <svg width=\"20\" height=\"10\"><path d=\"M 0,10 Q 9,9 10,0 Q 11,9 20,10\" \/><\/svg> <img src=\"https:\/\/tenerife-trips.com\/wp-content\/uploads\/2019\/12\/escursioni-a-Tenerife-scaled-thegem-post-thumb-small.png\" alt=\"escursioni a Tenerife\" class=\"img-responsive\"> <span class=\"gem-gallery-caption slide-info\"> <\/span> <\/a> <span class=\"gem-gallery-line\"><\/span> <\/div> <\/div> <div class=\"gem-gallery-item\"> <div class=\"gem-gallery-item-image\"> <a href=\"https:\/\/tenerife-trips.com\/wp-content\/uploads\/2019\/12\/Inselrundfahrt-Teneriffa-thegem-gallery-sidebar.png\" data-fancybox-group=\"gallery-69e3449fad3fb\" data-full-image-url=\"https:\/\/tenerife-trips.com\/wp-content\/uploads\/2019\/12\/Inselrundfahrt-Teneriffa.png\"> <svg width=\"20\" height=\"10\"><path d=\"M 0,10 Q 9,9 10,0 Q 11,9 20,10\" \/><\/svg> <img src=\"https:\/\/tenerife-trips.com\/wp-content\/uploads\/2019\/12\/Inselrundfahrt-Teneriffa-thegem-post-thumb-small.png\" alt=\"Inselrundfahrt Teneriffa\" class=\"img-responsive\"> <span class=\"gem-gallery-caption slide-info\"> <\/span> <\/a> <span class=\"gem-gallery-line\"><\/span> <\/div> <\/div> <div class=\"gem-gallery-item\"> <div class=\"gem-gallery-item-image\"> <a href=\"https:\/\/tenerife-trips.com\/wp-content\/uploads\/2019\/12\/Island-Tour-Tenerife-thegem-gallery-sidebar.png\" data-fancybox-group=\"gallery-69e3449fad3fb\" data-full-image-url=\"https:\/\/tenerife-trips.com\/wp-content\/uploads\/2019\/12\/Island-Tour-Tenerife.png\"> <svg width=\"20\" height=\"10\"><path d=\"M 0,10 Q 9,9 10,0 Q 11,9 20,10\" \/><\/svg> <img src=\"https:\/\/tenerife-trips.com\/wp-content\/uploads\/2019\/12\/Island-Tour-Tenerife-thegem-post-thumb-small.png\" alt=\"Island Tour Tenerife\" class=\"img-responsive\"> <span class=\"gem-gallery-caption slide-info\"> <\/span> <\/a> <span class=\"gem-gallery-line\"><\/span> <\/div> <\/div> <div class=\"gem-gallery-item\"> <div class=\"gem-gallery-item-image\"> <a href=\"https:\/\/tenerife-trips.com\/wp-content\/uploads\/2019\/12\/que-visitar-en-Tenerife-scaled-thegem-gallery-sidebar.png\" data-fancybox-group=\"gallery-69e3449fad3fb\" data-full-image-url=\"https:\/\/tenerife-trips.com\/wp-content\/uploads\/2019\/12\/que-visitar-en-Tenerife-scaled.png\"> <svg width=\"20\" height=\"10\"><path d=\"M 0,10 Q 9,9 10,0 Q 11,9 20,10\" \/><\/svg> <img src=\"https:\/\/tenerife-trips.com\/wp-content\/uploads\/2019\/12\/que-visitar-en-Tenerife-scaled-thegem-post-thumb-small.png\" alt=\"que visitar en Tenerife\" class=\"img-responsive\"> <span class=\"gem-gallery-caption slide-info\"> <\/span> <\/a> <span class=\"gem-gallery-line\"><\/span> <\/div> <\/div> <div class=\"gem-gallery-item\"> <div class=\"gem-gallery-item-image\"> <a href=\"https:\/\/tenerife-trips.com\/wp-content\/uploads\/2019\/12\/Teneryfa-wycieczka-objazdowa-thegem-gallery-sidebar.png\" data-fancybox-group=\"gallery-69e3449fad3fb\" data-full-image-url=\"https:\/\/tenerife-trips.com\/wp-content\/uploads\/2019\/12\/Teneryfa-wycieczka-objazdowa.png\"> <svg width=\"20\" height=\"10\"><path d=\"M 0,10 Q 9,9 10,0 Q 11,9 20,10\" \/><\/svg> <img src=\"https:\/\/tenerife-trips.com\/wp-content\/uploads\/2019\/12\/Teneryfa-wycieczka-objazdowa-thegem-post-thumb-small.png\" alt=\"Teneryfa wycieczka objazdowa\" class=\"img-responsive\"> <span class=\"gem-gallery-caption slide-info\"> <\/span> <\/a> <span class=\"gem-gallery-line\"><\/span> <\/div> <\/div> <div class=\"gem-gallery-item\"> <div class=\"gem-gallery-item-image\"> <a href=\"https:\/\/tenerife-trips.com\/wp-content\/uploads\/2019\/12\/garachico-thegem-gallery-sidebar.jpg\" data-fancybox-group=\"gallery-69e3449fad3fb\" data-full-image-url=\"https:\/\/tenerife-trips.com\/wp-content\/uploads\/2019\/12\/garachico.jpg\"> <svg width=\"20\" height=\"10\"><path d=\"M 0,10 Q 9,9 10,0 Q 11,9 20,10\" \/><\/svg> <img src=\"https:\/\/tenerife-trips.com\/wp-content\/uploads\/2019\/12\/garachico-thegem-post-thumb-small.jpg\" alt=\"\" class=\"img-responsive\"> <span class=\"gem-gallery-caption slide-info\"> <\/span> <\/a> <span class=\"gem-gallery-line\"><\/span> <\/div> <\/div> <\/div>[vc_empty_space][\/vc_column][\/vc_row][vc_row full_width=&#8221;stretch_row&#8221; css=&#8221;.vc_custom_1577671222333{background-color: #312c7a !important;background-position: center !important;background-repeat: no-repeat !important;background-size: cover !important;}&#8221;][vc_column][vc_column_text]<\/p>\n<h3 style=\"text-align: center;\"><span style=\"color: #ffffff; font-size: 18pt;\">OPIS\u00a0<\/span><\/h3>\n<p>[\/vc_column_text][\/vc_column][\/vc_row][vc_row][vc_column][vc_tta_accordion style=&#8221;simple_solid&#8221; color=&#8221;blue&#8221; c_icon=&#8221;chevron&#8221; active_section=&#8221;-0&#8243; collapsible_all=&#8221;true&#8221;][vc_tta_section title=&#8221;OPIS WYCIECZKI&#8221; tab_id=&#8221;1577671091617-0af8eee0-94020f62-84c4aac8-a49bd321-e00bb0c2-8f5a8025-7e27&#8243;][vc_column_text]<\/p>\n<h3><span style=\"font-size: 12pt;\">Teneryfa wycieczka objazdowa po wyspie zabierze Ci\u0119 do <a href=\"https:\/\/www.tenerife-trips.com\/atrakcje-teneryfa\/?lang=pl\" target=\"_blank\" rel=\"noopener\">NAJPOPULARNIEJSZYCH MIEJSC<\/a> takich jak Candelaria, la laguna, La Orotava, Garachico oraz masca.\u00a0<\/span><\/h3>\n<p><span style=\"font-size: 14pt;\">Wycieczk\u0119 zaczniemy od odebrania Ci\u0119 z okolic Twojego hotelu, a nast\u0119pnie udamy si\u0119 autostrad\u0105 w kierunku Santa Cruz, aby dotrze\u0107 do miasta Candelaria, b\u0119d\u0105cego naszym pierwszym punktem postoju. Tam podziwia\u0107 b\u0119dziemy s\u0142ynn\u0105 <a href=\"https:\/\/pl.wikipedia.org\/wiki\/Bazylika_Matki_Bo%C5%BCej_w_Candelarii\" target=\"_blank\" rel=\"noopener\">Bazylik\u0119 Matki Bo\u017cej<\/a>, gdzie znajduje si\u0119 figura Czarnej Madonny b\u0119d\u0105cej patronk\u0105 Wysp Kanaryjskich. Przed bazylik\u0105, na g\u0142\u00f3wnym rynku; znajduje si\u0119 dziewi\u0119\u0107 ogromnych pos\u0105g\u00f3w, reprezentuj\u0105cych \u201eMenceys\u201d, rdzennych kr\u00f3l\u00f3w, kt\u00f3rzy rz\u0105dzili wsyp\u0105 przed jej podbiciem przez Hiszpani\u0119. \u00a0<\/span><\/p>\n<p>Nast\u0119pnie pojedziemy do miasteczka <a href=\"https:\/\/goo.gl\/maps\/1z4yXDcQPYPUZaa6A\" target=\"_blank\" rel=\"noopener\">La Orotava<\/a>, po\u0142o\u017conego u st\u00f3p pi\u0119knej, zielonej doliny La Orotava. Tam r\u00f3wnie\u017c zwiedza\u0107 b\u0119dziemy <span style=\"font-size: 14pt;\">historyczne centrum, podziwiaj\u0105c regionaln\u0105 architektur\u0119 i wyroby typowe dla Wysp Kanaryjskich. Nie spos\u00f3b b\u0119dzie tutaj nie poczu\u0107 prawdziwego klimatu kultury mieszka\u0144c\u00f3w Teneryfy.<\/span><\/p>\n<h3><span style=\"font-size: 12pt;\">kolejnym punktem podczas Teneryfa wycieczka objazdowa b\u0119dzie <a href=\"https:\/\/goo.gl\/maps\/MDG6Ze7LkjWzxaTn7\" target=\"_blank\" rel=\"noopener\">GARACHICO<\/a>. wybuch wulkanu treviejo w 1706 cz\u0119\u015bciowo zniszczy\u0142 to miasto. strumie\u0144 LAWY dotar\u0142 do oceanu, gdzie UTWORZY\u0141Y si\u0119 NATURALNE BASENY. Sta\u0142y si\u0119 one najbardziej znanymi na Teneryfie i razem z wielk\u0105 ska\u0142\u0105 \u201eRoque de Garachico\u201d, znajduj\u0105c\u0105 si\u0119 przed tu\u017c przed miastem, s\u0105 symbolami tego obszaru.<\/span><\/h3>\n<p><span style=\"font-size: 14pt;\">Ostatnim punktem naszej wycieczki objazdowej po Teneryfie b\u0119dzie <a href=\"https:\/\/goo.gl\/maps\/NRk1y2CPTf6p5D6t9\" target=\"_blank\" rel=\"noopener\">Masca<\/a>, ma\u0142e miasteczko po\u0142o\u017cone w masywie g\u00f3rskim Teno. Razem z wulkanem Teide, jest to najwa\u017cniejsza atrakcja turystyczna. Odwiedzi\u0107 je jest konieczno\u015bci\u0105 podczas pobytu na Teneryfie!<\/span><\/p>\n<p>Podczas wycieczki zatrzymamy si\u0119 w restauracji, gdzie b\u0119dzie mo\u017cna zje\u015b\u0107 lunch (koszt niewliczony w cen\u0119). Naturalnie mo\u017cesz te\u017c zabra\u0107 w\u0142asne jedzenie i zje\u015b\u0107 na \u015bwie\u017cym powietrzu, lub te\u017c gdzie\u015b indziej.<\/p>\n<p>Wycieczka odbywa si\u0119 w j\u0119zyku angielskim oraz hiszpa\u0144skim.<\/p>\n<p><span style=\"color: #ff0000;\">Wszyscy klienci bior\u0105cy udzia\u0142 w wycieczce s\u0105 odpowiedzialni za swoje rzeczy osobiste. Przypominamy, aby nie zostawia\u0107 niczego cennego w autobusie podczas postoj\u00f3w oraz wizyt w r\u00f3\u017cnych punktach wycieczki. Firma nie ponosi odpowiedzialno\u015bci za utrat\u0119 lub kradzie\u017c rzeczy osobistych wszelkiego rodzaju.<\/span>[\/vc_column_text][\/vc_tta_section][vc_tta_section title=&#8221;ROZK\u0141AD I TRANSFER&#8221; tab_id=&#8221;1577671091666-736a5870-75e30f62-84c4aac8-a49bd321-e00bb0c2-8f5a8025-7e27&#8243;][vc_column_text]<span style=\"font-size: 14pt;\">Us\u0142uga transferu jest wliczona w cen\u0119. Dost\u0119pna jest z zachodniej i po\u0142udniowej cz\u0119\u015bci wyspy (od Los Gigantes po El Medano). Prosimy o<\/span><span style=\"font-size: 14pt;\">\u00a0sprawdzenie dost\u0119pno\u015bci transferu z Twojej okolicy przed dokonaniem rezerwacji.<\/span><\/p>\n<p><span style=\"text-decoration: underline; font-size: 14pt;\"><span style=\"color: #ff0000; text-decoration: underline;\">ROZK\u0141AD:<\/span><\/span><\/p>\n<p><span style=\"font-size: 14pt;\">Prosimy o kontakt z obs\u0142ug\u0105 klienta w celu sprawdzenia aktualnej dost\u0119pno\u015bci wycieczki.<\/span><\/p>\n<p><span style=\"font-size: 14pt;\"><strong>OBEJRZYJ FILMIK, PRZEKONAJ SI\u0118, JAK WYGL\u0104DA NASZA WYCIECZKA I ZAREZERWUJ JU\u017b TERAZ!<\/strong><\/span>[\/vc_column_text][\/vc_tta_section][\/vc_tta_accordion][\/vc_column][\/vc_row][vc_row full_width=&#8221;stretch_row_content&#8221; css=&#8221;.vc_custom_1577476060002{background-color: #312c7a !important;background-position: center !important;background-repeat: no-repeat !important;background-size: cover !important;}&#8221;][vc_column][vc_column_text]<\/p>\n<h3 style=\"text-align: center;\"><strong><span style=\"font-size: 18pt; color: #ffffff;\">ZAREZERWUJ TERAZ<\/span><\/strong><\/h3>\n<p>[\/vc_column_text][\/vc_column][\/vc_row]<\/p>\n<\/div>","protected":false},"excerpt":{"rendered":"<p>[vc_row full_width=&#8221;stretch_row_content_no_spaces&#8221;][vc_column][vc_column_text css=&#8221;.vc_custom_1743621782473{background-color: #F6EB14 !important;background-position: center !important;background-repeat: no-repeat !important;background-size: cover !important;}&#8221; css_animation=&#8221;fadeIn&#8221;] WOK\u00d3\u0141 TENERYFY [\/vc_column_text][\/vc_column][\/vc_row][vc_row][vc_column][vc_column_text] Teneryfa wycieczka objazdowa po wyspie&#8230;<\/p>\n","protected":false},"featured_media":393623,"template":"","meta":{"_acf_changed":false,"_seopress_robots_primary_cat":"2542","_seopress_titles_title":"Teneryfa wycieczka objazdowa wok\u00f3\u0142 wysp. Wycieczki autobusem","_seopress_titles_desc":"Teneryfa wycieczka objazdowa pozwoli Ci lepiej pozna\u0107 lokalny klimat i kultur\u0119 oraz odwiedzi\u0107 najs\u0142ynniejsze atrakcje turystyczne na wyspie","_seopress_robots_index":""},"product_brand":[],"product_cat":[2542],"product_tag":[2610,2607,2608,2609,2436],"class_list":{"0":"post-61600","1":"product","2":"type-product","3":"status-publish","4":"has-post-thumbnail","6":"product_cat-wycieczki-fakultatywne","7":"product_tag-teneryfa-wycieczka-objazdowa","8":"product_tag-wokol-teneryfy","9":"product_tag-wycieczki-autobusem-teneryfa","10":"product_tag-wycieczki-fakultatywne-teneryfa","11":"product_tag-wycieczki-teneryfa","13":"first","14":"instock","15":"virtual","16":"sold-individually","17":"purchasable","18":"product-type-booking"},"booking_location":"","booking_location_type":"","booking_duration":1,"booking_duration_unit":"day","booking_buffer":0,"booking_cost":0,"booking_resources":[],"acf":[],"_links":{"self":[{"href":"https:\/\/tenerife-trips.com\/pl\/wp-json\/wp\/v2\/product\/61600","targetHints":{"allow":["GET"]}}],"collection":[{"href":"https:\/\/tenerife-trips.com\/pl\/wp-json\/wp\/v2\/product"}],"about":[{"href":"https:\/\/tenerife-trips.com\/pl\/wp-json\/wp\/v2\/types\/product"}],"wp:featuredmedia":[{"embeddable":true,"href":"https:\/\/tenerife-trips.com\/pl\/wp-json\/wp\/v2\/media\/393623"}],"wp:attachment":[{"href":"https:\/\/tenerife-trips.com\/pl\/wp-json\/wp\/v2\/media?parent=61600"}],"wp:term":[{"taxonomy":"product_brand","embeddable":true,"href":"https:\/\/tenerife-trips.com\/pl\/wp-json\/wp\/v2\/product_brand?post=61600"},{"taxonomy":"product_cat","embeddable":true,"href":"https:\/\/tenerife-trips.com\/pl\/wp-json\/wp\/v2\/product_cat?post=61600"},{"taxonomy":"product_tag","embeddable":true,"href":"https:\/\/tenerife-trips.com\/pl\/wp-json\/wp\/v2\/product_tag?post=61600"}],"curies":[{"name":"wp","href":"https:\/\/api.w.org\/{rel}","templated":true}]}}