{"id":61787,"date":"2018-01-15T22:10:44","date_gmt":"2018-01-15T22:10:44","guid":{"rendered":"https:\/\/tenerife-trips.com\/?post_type=product&#038;p=61787"},"modified":"2025-12-03T12:18:29","modified_gmt":"2025-12-03T12:18:29","slug":"buggy-na-teneryfie","status":"publish","type":"product","link":"https:\/\/tenerife-trips.com\/pl\/product\/wycieczki-w-terenie\/buggy-na-teneryfie\/","title":{"rendered":"BUGGY NA TENERYFIE"},"content":{"rendered":"<div class=\"wpb-content-wrapper\"><p>[vc_row full_width=&#8221;stretch_row_content_no_spaces&#8221;][vc_column][vc_column_text css=&#8221;.vc_custom_1743672366601{background-color: #F6EB14 !important;background-position: center !important;background-repeat: no-repeat !important;background-size: cover !important;}&#8221; css_animation=&#8221;fadeIn&#8221;]<\/p>\n<h1 class=\"title-h2\" style=\"text-align: center;\"><span style=\"font-size: 18pt; color: #312c7a;\">BUGGY NA TENERYFIE<\/span><\/h1>\n<p>[\/vc_column_text][\/vc_column][\/vc_row][vc_row][vc_column][vc_column_text]<\/p>\n<p style=\"text-align: center;\"><span style=\"font-size: 14pt;\">Buggy na Teneryfie to wycieczka pe\u0142na przyg\u00f3d b\u0119d\u0105ca najlepszym sposobem na dobr\u0105 zabaw\u0119 podczas Twoich wakacji. Podczas tej wyprawy odwiedzisz malownicz\u0105 zachodni\u0105 cz\u0119\u015b\u0107 wybrze\u017ca wyspy z autentycznym dla niej klimatem!<\/span><\/p>\n<p style=\"text-align: center;\"><span style=\"font-size: 14pt;\"><strong>\u21d3 Sp\u00f3jrz na dalszy opis poni\u017cej \u21d3<\/strong><\/span><\/p>\n<p>[\/vc_column_text][\/vc_column][\/vc_row][vc_row full_width=&#8221;stretch_row_content&#8221; full_height=&#8221;yes&#8221; css=&#8221;.vc_custom_1576192123211{background-color: #312c7a !important;background-position: center !important;background-repeat: no-repeat !important;background-size: cover !important;}&#8221;][vc_column]<div class=\"gem-vimeo gem-wrapbox gem-wrapbox-style-no-style rounded-corners gem-wrapbox-position-below\" style=\"width: 100%;\"><div class=\"gem-wrapbox-inner gem-ratio-style\" style=\"padding-top: 56.25%\"><iframe webkitallowfullscreen=\"true\" mozallowfullscreen=\"true\" allowfullscreen=\"true\" class=\"gem-wrapbox-element img-responsive\" frameborder=\"0\" scrolling=\"no\" marginheight=\"0\" marginwidth=\"0\" src=\"\/\/player.vimeo.com\/video\/325660092?title=0&amp;byline=0&amp;portrait=0 \"><\/iframe><\/div><\/div>[vc_empty_space]<div class=\"preloader\"><div class=\"preloader-spin\"><\/div><\/div> <div id=\"gem-gallery-69e3445e40f11\" class=\"gem-gallery gem-gallery-hover-zooming-blur\"> <div class=\"gem-gallery-item\"> <div class=\"gem-gallery-item-image\"> <a href=\"https:\/\/tenerife-trips.com\/wp-content\/uploads\/2019\/12\/buggy-Tenerife-thegem-gallery-sidebar.jpg\" data-fancybox-group=\"gallery-69e3445e40f11\" data-full-image-url=\"https:\/\/tenerife-trips.com\/wp-content\/uploads\/2019\/12\/buggy-Tenerife.jpg\"> <svg width=\"20\" height=\"10\"><path d=\"M 0,10 Q 9,9 10,0 Q 11,9 20,10\" \/><\/svg> <img src=\"https:\/\/tenerife-trips.com\/wp-content\/uploads\/2019\/12\/buggy-Tenerife-thegem-post-thumb-small.jpg\" alt=\"buggy Tenerife\" class=\"img-responsive\"> <span class=\"gem-gallery-caption slide-info\"> <\/span> <\/a> <span class=\"gem-gallery-line\"><\/span> <\/div> <\/div> <div class=\"gem-gallery-item\"> <div class=\"gem-gallery-item-image\"> <a href=\"https:\/\/tenerife-trips.com\/wp-content\/uploads\/2019\/12\/buggy-Tenerife-1-thegem-gallery-sidebar.jpg\" data-fancybox-group=\"gallery-69e3445e40f11\" data-full-image-url=\"https:\/\/tenerife-trips.com\/wp-content\/uploads\/2019\/12\/buggy-Tenerife-1.jpg\"> <svg width=\"20\" height=\"10\"><path d=\"M 0,10 Q 9,9 10,0 Q 11,9 20,10\" \/><\/svg> <img src=\"https:\/\/tenerife-trips.com\/wp-content\/uploads\/2019\/12\/buggy-Tenerife-1-thegem-post-thumb-small.jpg\" alt=\"\" class=\"img-responsive\"> <span class=\"gem-gallery-caption slide-info\"> <\/span> <\/a> <span class=\"gem-gallery-line\"><\/span> <\/div> <\/div> <div class=\"gem-gallery-item\"> <div class=\"gem-gallery-item-image\"> <a href=\"https:\/\/tenerife-trips.com\/wp-content\/uploads\/2019\/12\/buggy-Tenerife-2-thegem-gallery-sidebar.jpg\" data-fancybox-group=\"gallery-69e3445e40f11\" data-full-image-url=\"https:\/\/tenerife-trips.com\/wp-content\/uploads\/2019\/12\/buggy-Tenerife-2.jpg\"> <svg width=\"20\" height=\"10\"><path d=\"M 0,10 Q 9,9 10,0 Q 11,9 20,10\" \/><\/svg> <img src=\"https:\/\/tenerife-trips.com\/wp-content\/uploads\/2019\/12\/buggy-Tenerife-2-thegem-post-thumb-small.jpg\" alt=\"\" class=\"img-responsive\"> <span class=\"gem-gallery-caption slide-info\"> <\/span> <\/a> <span class=\"gem-gallery-line\"><\/span> <\/div> <\/div> <div class=\"gem-gallery-item\"> <div class=\"gem-gallery-item-image\"> <a href=\"https:\/\/tenerife-trips.com\/wp-content\/uploads\/2019\/12\/buggy-Tenerife-3-thegem-gallery-sidebar.jpg\" data-fancybox-group=\"gallery-69e3445e40f11\" data-full-image-url=\"https:\/\/tenerife-trips.com\/wp-content\/uploads\/2019\/12\/buggy-Tenerife-3.jpg\"> <svg width=\"20\" height=\"10\"><path d=\"M 0,10 Q 9,9 10,0 Q 11,9 20,10\" \/><\/svg> <img src=\"https:\/\/tenerife-trips.com\/wp-content\/uploads\/2019\/12\/buggy-Tenerife-3-thegem-post-thumb-small.jpg\" alt=\"\" class=\"img-responsive\"> <span class=\"gem-gallery-caption slide-info\"> <\/span> <\/a> <span class=\"gem-gallery-line\"><\/span> <\/div> <\/div> <div class=\"gem-gallery-item\"> <div class=\"gem-gallery-item-image\"> <a href=\"https:\/\/tenerife-trips.com\/wp-content\/uploads\/2019\/12\/buggy-Tenerife-4-thegem-gallery-sidebar.jpg\" data-fancybox-group=\"gallery-69e3445e40f11\" data-full-image-url=\"https:\/\/tenerife-trips.com\/wp-content\/uploads\/2019\/12\/buggy-Tenerife-4.jpg\"> <svg width=\"20\" height=\"10\"><path d=\"M 0,10 Q 9,9 10,0 Q 11,9 20,10\" \/><\/svg> <img src=\"https:\/\/tenerife-trips.com\/wp-content\/uploads\/2019\/12\/buggy-Tenerife-4-thegem-post-thumb-small.jpg\" alt=\"buggy Tenerife\" class=\"img-responsive\"> <span class=\"gem-gallery-caption slide-info\"> <\/span> <\/a> <span class=\"gem-gallery-line\"><\/span> <\/div> <\/div> <\/div>[vc_empty_space][\/vc_column][\/vc_row][vc_row full_width=&#8221;stretch_row&#8221; css=&#8221;.vc_custom_1600446891234{background-color: #312c7a !important;background-position: center !important;background-repeat: no-repeat !important;background-size: cover !important;}&#8221;][vc_column][vc_column_text]<\/p>\n<h3 style=\"text-align: center;\"><span style=\"color: #ffffff;\"><span style=\"font-size: 18pt;\">OPIS\u00a0<\/span><\/span><\/h3>\n<p>[\/vc_column_text][\/vc_column][\/vc_row][vc_row][vc_column][vc_tta_accordion style=&#8221;simple_solid&#8221; color=&#8221;blue&#8221; c_icon=&#8221;chevron&#8221; active_section=&#8221;-0&#8243; collapsible_all=&#8221;true&#8221;][vc_tta_section title=&#8221;OPIS WYCIECZKI&#8221; tab_id=&#8221;1577671091617-0af8eee0-94020f62-84c4aac8-a49bd321-e00bb0c2-8f5aa850-4517&#8243;][vc_column_text css=&#8221;&#8221;]<span style=\"font-size: 14pt;\">Buggy na Teneryfie to wycieczka pe\u0142na przyg\u00f3d b\u0119d\u0105ca najlepszym sposobem na dobr\u0105 zabaw\u0119 podczas Twoich wakacji. Podczas tej wyprawy odwiedzisz malownicz\u0105 zachodni\u0105 cz\u0119\u015b\u0107 wybrze\u017ca wyspy z autentycznym dla niej klimatemy. Jest to te\u017c wspania\u0142a okazja, aby zaczerpn\u0105\u0107 adrenaliny i w oryginalny spos\u00f3b zwiedzi\u0107 inn\u0105 cz\u0119\u015b\u0107 Teneryfy z dala od zgie\u0142ku i t\u0142um\u00f3w.<\/span><\/p>\n<p><span style=\"font-size: 14pt;\">Wycieczk\u0119 rozpoczniemy od odebrania Ci\u0119 z okolic Twojego miejsca zakwaterowania na po\u0142udniu wyspy, a nast\u0119pnie udamy si\u0119 do naszej bazy wypadowej, gdzie zaparkowane s\u0105 <a href=\"https:\/\/pl.wikipedia.org\/wiki\/Buggy\" target=\"_blank\" rel=\"noopener\">buggy<\/a>. <\/span><\/p>\n<h3><span style=\"font-size: 14pt;\"><span style=\"font-size: 12pt;\">Oferujemy Buggy na Teneryfie marki CFMOTO z silnikiem o pojemno\u015bci 550 cm3 i automatyczn\u0105 skrzyni\u0105 bieg\u00f3w.<\/span> <\/span><\/h3>\n<p><span style=\"font-size: 14pt;\">Przed wyruszeniem w drog\u0119 wyja\u015bnimy zasady bezpiecze\u0144stwa, kt\u00f3rych nale\u017cy przestrzega\u0107 podczas wycieczki.<\/span><\/p>\n<p><span style=\"font-size: 14pt;\">Odbywamy 2- lub 3-godzinn\u0105 wycieczk\u0119 po zachodnim wybrze\u017cu, mijaj\u0105c najbardziej znane miejsca, takie jak El Puertito, Playa Paraiso, La Caleta, Callao Salvaje i Hotel Abama (tylko w przypadku 3-godzinnej wycieczki). Poni\u017cej znajduje si\u0119 film przedstawiaj\u0105cy obszar, w kt\u00f3rym odbywa si\u0119 3-godzinna wycieczka buggy na Teneryfie. <\/span><\/p>\n<h3><span style=\"font-size: 12pt;\">W trakcie wycieczki kilka razy zatrzymamy si\u0119, aby odpocz\u0105\u0107 i nacieszy\u0107 si\u0119 widokiem z r\u00f3\u017cnych miejsc. <span style=\"text-decoration: underline;\">pojedziemy r\u00f3wnie\u017c w terenie przez oko\u0142o 40 minut<\/span>, <\/span><span style=\"font-size: 12pt;\">aby\u015b m\u00f3g\u0142 w pe\u0142ni wykorzysta\u0107 potencja\u0142 pojazdu i zaczerpn\u0105\u0107 adrenaliny! <\/span><\/h3>\n<p>Wycieczka buggy Teneryfa ko\u0144czy si\u0119, gdy wr\u00f3cimy do punktu pocz\u0105tkowego. Nast\u0119pnie zabierzemy Ci\u0119 z powrotem do miejsca, z kt\u00f3rego Ci\u0119 odebrali\u015bmy.<\/p>\n<p><span style=\"font-size: 14pt;\">Grupa sk\u0142ada si\u0119 z maksymalnie 8-miu buggy pod\u0105\u017caj\u0105cych za naszym do\u015bwiadczonym przewodnikiem. Ka\u017cdy z pojazd\u00f3w ma 2 miejsca, tak\u017ce wycieczk\u0119 b\u0119dziesz m\u00f3g\u0142 odby\u0107 samemu lub w towarzystwie drugiej osoby.<\/span><\/p>\n<p><span style=\"text-decoration: underline; color: #ff0000;\"><span style=\"font-size: 14pt;\">Kierowca musi mie\u0107 prawo jazdy, a je\u015bli chcesz, aby podczas wycieczki towarzyszy\u0142a Ci osoba m\u0142odsza, dzieci musz\u0105 mie\u0107 co najmniej 12 lat lub 1.20 metra wysoko\u015bci.<\/span><\/span><\/p>\n<p><strong><span style=\"font-size: 14pt;\">Gotowy na dawk\u0119 adrenaliny? Zarezerwuj ju\u017c teraz!<\/span><\/strong>[\/vc_column_text][\/vc_tta_section][vc_tta_section title=&#8221;ROZK\u0141AD I TRANSFER&#8221; tab_id=&#8221;1577671091666-736a5870-75e30f62-84c4aac8-a49bd321-e00bb0c2-8f5aa850-4517&#8243;][vc_column_text css=&#8221;&#8221;]<span style=\"font-size: 14pt;\">Us\u0142uga transferu z po\u0142udniowej cz\u0119\u015bci wyspy jest wliczona w cen\u0119; zalecamy <a href=\"https:\/\/tenerife-trips.com\/kontakt\/?lang=pl\" target=\"_blank\" rel=\"noopener\">sprawdzenie dost\u0119pno\u015bci<\/a> transferu z Twojej okolicy przed dokonaniem rezerwacji.<\/span><\/p>\n<p><span style=\"text-decoration: underline; font-size: 14pt;\"><span style=\"color: #ff0000; text-decoration: underline;\">ROZK\u0141AD:<\/span><\/span><\/p>\n<p><span style=\"font-size: 14pt;\">Wycieczka odbywa si\u0119 we wszystkie dni poza niedziel\u0105.<\/span><\/p>\n<p><span style=\"font-size: 14pt;\"><strong>OBEJRZYJ FILMIK, PRZEKONAJ SI\u0118, JAK WYGL\u0104DA NASZA WYCIECZKA I ZAREZERWUJ JU\u017b TERAZ!<\/strong><\/span>[\/vc_column_text][\/vc_tta_section][\/vc_tta_accordion][\/vc_column][\/vc_row][vc_row css=&#8221;.vc_custom_1600447874378{background-position: center !important;background-repeat: no-repeat !important;background-size: cover !important;}&#8221;][vc_column][vc_row_inner][vc_column_inner][vc_column_text]<\/p>\n<h3 style=\"text-align: center;\"><span style=\"text-decoration: underline; font-size: 18pt;\"><span style=\"color: #312c7a; text-decoration: underline;\">TRASA WYCIECZKI<\/span><\/span><\/h3>\n<p>[\/vc_column_text][\/vc_column_inner][\/vc_row_inner]<div class=\"gem-vimeo gem-wrapbox gem-wrapbox-style-no-style rounded-corners gem-wrapbox-position-below\" style=\"width: 100%;\"><div class=\"gem-wrapbox-inner gem-ratio-style\" style=\"padding-top: 56.25%\"><iframe webkitallowfullscreen=\"true\" mozallowfullscreen=\"true\" allowfullscreen=\"true\" class=\"gem-wrapbox-element img-responsive\" frameborder=\"0\" scrolling=\"no\" marginheight=\"0\" marginwidth=\"0\" src=\"\/\/player.vimeo.com\/video\/445324197?title=0&amp;byline=0&amp;portrait=0 \"><\/iframe><\/div><\/div>[\/vc_column][\/vc_row][vc_row full_width=&#8221;stretch_row_content&#8221; content_placement=&#8221;middle&#8221; css=&#8221;.vc_custom_1600446928092{background-color: #312c7a !important;background-position: center !important;background-repeat: no-repeat !important;background-size: cover !important;}&#8221;][vc_column][vc_column_text]<\/p>\n<h3 style=\"text-align: center;\"><span style=\"color: #ffffff;\"><span style=\"font-size: 18pt;\"><strong>ZAREZERWUJ TERAZ<\/strong><\/span><\/span><\/h3>\n<p>[\/vc_column_text][\/vc_column][\/vc_row]<\/p>\n<\/div>","protected":false},"excerpt":{"rendered":"<p>[vc_row full_width=&#8221;stretch_row_content_no_spaces&#8221;][vc_column][vc_column_text css=&#8221;.vc_custom_1743672366601{background-color: #F6EB14 !important;background-position: center !important;background-repeat: no-repeat !important;background-size: cover !important;}&#8221; css_animation=&#8221;fadeIn&#8221;] BUGGY NA TENERYFIE [\/vc_column_text][\/vc_column][\/vc_row][vc_row][vc_column][vc_column_text] Buggy na Teneryfie to&#8230;<\/p>\n","protected":false},"featured_media":73531,"template":"","meta":{"_acf_changed":false,"_seopress_robots_primary_cat":"0","_seopress_titles_title":"Buggy na Teneryfie, offroadowa wycieczka po zachodnim wybrze\u017cu","_seopress_titles_desc":"Poczuj adrenalin\u0119 z Buggy na Teneryfie. Zasmakuj przygody i ciesz si\u0119 jazd\u0105 w terenie, odkrywaj\u0105c wspania\u0142\u0105, zachodni\u0105 cz\u0119\u015b\u0107 wyspy","_seopress_robots_index":""},"product_brand":[],"product_cat":[2543],"product_tag":[2617,2737,2615,2616,2609,2436],"class_list":{"0":"post-61787","1":"product","2":"type-product","3":"status-publish","4":"has-post-thumbnail","6":"product_cat-wycieczki-w-terenie","7":"product_tag-4x4-teneryfa","8":"product_tag-buggy-na-teneryfie","9":"product_tag-buggy-safari","10":"product_tag-off-road-teneryfa","11":"product_tag-wycieczki-fakultatywne-teneryfa","12":"product_tag-wycieczki-teneryfa","14":"first","15":"instock","16":"sold-individually","17":"taxable","18":"shipping-taxable","19":"purchasable","20":"product-type-booking"},"booking_location":"","booking_location_type":"","booking_duration":1,"booking_duration_unit":"day","booking_buffer":0,"booking_cost":0,"booking_resources":[],"acf":[],"_links":{"self":[{"href":"https:\/\/tenerife-trips.com\/pl\/wp-json\/wp\/v2\/product\/61787","targetHints":{"allow":["GET"]}}],"collection":[{"href":"https:\/\/tenerife-trips.com\/pl\/wp-json\/wp\/v2\/product"}],"about":[{"href":"https:\/\/tenerife-trips.com\/pl\/wp-json\/wp\/v2\/types\/product"}],"wp:featuredmedia":[{"embeddable":true,"href":"https:\/\/tenerife-trips.com\/pl\/wp-json\/wp\/v2\/media\/73531"}],"wp:attachment":[{"href":"https:\/\/tenerife-trips.com\/pl\/wp-json\/wp\/v2\/media?parent=61787"}],"wp:term":[{"taxonomy":"product_brand","embeddable":true,"href":"https:\/\/tenerife-trips.com\/pl\/wp-json\/wp\/v2\/product_brand?post=61787"},{"taxonomy":"product_cat","embeddable":true,"href":"https:\/\/tenerife-trips.com\/pl\/wp-json\/wp\/v2\/product_cat?post=61787"},{"taxonomy":"product_tag","embeddable":true,"href":"https:\/\/tenerife-trips.com\/pl\/wp-json\/wp\/v2\/product_tag?post=61787"}],"curies":[{"name":"wp","href":"https:\/\/api.w.org\/{rel}","templated":true}]}}