{"id":62135,"date":"2019-05-10T19:02:53","date_gmt":"2019-05-10T18:02:53","guid":{"rendered":"https:\/\/tenerife-trips.com\/?post_type=product&#038;p=62135"},"modified":"2026-04-23T10:06:32","modified_gmt":"2026-04-23T09:06:32","slug":"quady-na-teneryfie","status":"publish","type":"product","link":"https:\/\/tenerife-trips.com\/pl\/product\/wycieczki-w-terenie\/quady-na-teneryfie\/","title":{"rendered":"QUADAMI PO LESIE"},"content":{"rendered":"<div class=\"wpb-content-wrapper\"><p>[vc_row full_width=&#8221;stretch_row_content_no_spaces&#8221;][vc_column][vc_column_text css=&#8221;.vc_custom_1743621195352{background-color: #F6EB14 !important;background-position: center !important;background-repeat: no-repeat !important;background-size: cover !important;}&#8221; css_animation=&#8221;fadeIn&#8221;]<\/p>\n<h1 class=\"title-h2\" style=\"text-align: center;\"><span style=\"font-size: 18pt; color: #312c7a;\">QUADAMI PO LESIE<\/span><\/h1>\n<p>[\/vc_column_text][\/vc_column][\/vc_row][vc_row][vc_column][vc_column_text]<\/p>\n<p style=\"text-align: center;\"><span style=\"font-size: 14pt;\">Quady na Teneryfie, wspania\u0142a 4 godzinna wycieczka przez kanaryjski las sosnowy pe\u0142na przyg\u00f3d i wra\u017ce\u0144! Podczas niej b\u0119dziesz mia\u0142 okazj\u0119 poszale\u0107 po offroadowych le\u015bnych drogach, w pe\u0142ni wykorzystuj\u0105c potencja\u0142 pojazdu i przy okazji podziwiaj\u0105c cudowne widoki, jakie Teneryfa ma do zaoferowania.<\/span><\/p>\n<p style=\"text-align: center;\"><span style=\"font-size: 14pt;\"><strong>\u21d3 Sp\u00f3jrz na dalszy opis poni\u017cej \u21d3<\/strong><\/span><\/p>\n<p>[\/vc_column_text][\/vc_column][\/vc_row][vc_row full_width=&#8221;stretch_row_content&#8221; full_height=&#8221;yes&#8221; css=&#8221;.vc_custom_1576192123211{background-color: #312c7a !important;background-position: center !important;background-repeat: no-repeat !important;background-size: cover !important;}&#8221;][vc_column]<div class=\"gem-vimeo gem-wrapbox gem-wrapbox-style-no-style rounded-corners gem-wrapbox-position-below\" style=\"width: 100%;\"><div class=\"gem-wrapbox-inner gem-ratio-style\" style=\"padding-top: 56.25%\"><iframe webkitallowfullscreen=\"true\" mozallowfullscreen=\"true\" allowfullscreen=\"true\" class=\"gem-wrapbox-element img-responsive\" frameborder=\"0\" scrolling=\"no\" marginheight=\"0\" marginwidth=\"0\" src=\"\/\/player.vimeo.com\/video\/338706474?title=0&amp;byline=0&amp;portrait=0 \"><\/iframe><\/div><\/div>[vc_empty_space]<div class=\"preloader\"><div class=\"preloader-spin\"><\/div><\/div> <div id=\"gem-gallery-69ecef3718756\" class=\"gem-gallery gem-gallery-hover-zooming-blur\"> <div class=\"gem-gallery-item\"> <div class=\"gem-gallery-item-image\"> <a href=\"https:\/\/tenerife-trips.com\/wp-content\/uploads\/2019\/12\/1-10-thegem-gallery-sidebar.jpg\" data-fancybox-group=\"gallery-69ecef3718756\" data-full-image-url=\"https:\/\/tenerife-trips.com\/wp-content\/uploads\/2019\/12\/1-10.jpg\"> <svg width=\"20\" height=\"10\"><path d=\"M 0,10 Q 9,9 10,0 Q 11,9 20,10\" \/><\/svg> <img src=\"https:\/\/tenerife-trips.com\/wp-content\/uploads\/2019\/12\/1-10-thegem-post-thumb-small.jpg\" alt=\"\" class=\"img-responsive\"> <span class=\"gem-gallery-caption slide-info\"> <\/span> <\/a> <span class=\"gem-gallery-line\"><\/span> <\/div> <\/div> <div class=\"gem-gallery-item\"> <div class=\"gem-gallery-item-image\"> <a href=\"https:\/\/tenerife-trips.com\/wp-content\/uploads\/2019\/12\/2-11-thegem-gallery-sidebar.jpg\" data-fancybox-group=\"gallery-69ecef3718756\" data-full-image-url=\"https:\/\/tenerife-trips.com\/wp-content\/uploads\/2019\/12\/2-11.jpg\"> <svg width=\"20\" height=\"10\"><path d=\"M 0,10 Q 9,9 10,0 Q 11,9 20,10\" \/><\/svg> <img src=\"https:\/\/tenerife-trips.com\/wp-content\/uploads\/2019\/12\/2-11-thegem-post-thumb-small.jpg\" alt=\"\" class=\"img-responsive\"> <span class=\"gem-gallery-caption slide-info\"> <\/span> <\/a> <span class=\"gem-gallery-line\"><\/span> <\/div> <\/div> <div class=\"gem-gallery-item\"> <div class=\"gem-gallery-item-image\"> <a href=\"https:\/\/tenerife-trips.com\/wp-content\/uploads\/2021\/05\/Quad-Teneriffa-thegem-gallery-sidebar.jpg\" data-fancybox-group=\"gallery-69ecef3718756\" data-full-image-url=\"https:\/\/tenerife-trips.com\/wp-content\/uploads\/2021\/05\/Quad-Teneriffa.jpg\"> <svg width=\"20\" height=\"10\"><path d=\"M 0,10 Q 9,9 10,0 Q 11,9 20,10\" \/><\/svg> <img src=\"https:\/\/tenerife-trips.com\/wp-content\/uploads\/2021\/05\/Quad-Teneriffa-thegem-post-thumb-small.jpg\" alt=\"quad\" class=\"img-responsive\"> <span class=\"gem-gallery-caption slide-info\"> <\/span> <\/a> <span class=\"gem-gallery-line\"><\/span> <\/div> <\/div> <div class=\"gem-gallery-item\"> <div class=\"gem-gallery-item-image\"> <a href=\"https:\/\/tenerife-trips.com\/wp-content\/uploads\/2019\/12\/5-8-thegem-gallery-sidebar.jpg\" data-fancybox-group=\"gallery-69ecef3718756\" data-full-image-url=\"https:\/\/tenerife-trips.com\/wp-content\/uploads\/2019\/12\/5-8.jpg\"> <svg width=\"20\" height=\"10\"><path d=\"M 0,10 Q 9,9 10,0 Q 11,9 20,10\" \/><\/svg> <img src=\"https:\/\/tenerife-trips.com\/wp-content\/uploads\/2019\/12\/5-8-thegem-post-thumb-small.jpg\" alt=\"\" class=\"img-responsive\"> <span class=\"gem-gallery-caption slide-info\"> <\/span> <\/a> <span class=\"gem-gallery-line\"><\/span> <\/div> <\/div> <\/div>[vc_empty_space][\/vc_column][\/vc_row][vc_row full_width=&#8221;stretch_row&#8221; css=&#8221;.vc_custom_1577671222333{background-color: #312c7a !important;background-position: center !important;background-repeat: no-repeat !important;background-size: cover !important;}&#8221;][vc_column][vc_column_text]<\/p>\n<h3 style=\"text-align: center;\"><span style=\"color: #ffffff; font-size: 18pt;\">OPIS\u00a0<\/span><\/h3>\n<p>[\/vc_column_text][\/vc_column][\/vc_row][vc_row][vc_column][vc_tta_accordion style=&#8221;simple_solid&#8221; color=&#8221;blue&#8221; c_icon=&#8221;chevron&#8221; active_section=&#8221;-0&#8243; collapsible_all=&#8221;true&#8221;][vc_tta_section title=&#8221;OPIS WYCIECZKI&#8221; tab_id=&#8221;1577671091617-0af8eee0-94020f62-84c4aac8-a49bd321-e00bb0c2-8f5aa850-451773fd-4020ac79-9159&#8243;][vc_column_text]<\/p>\n<h3><span style=\"font-size: 12pt;\">Quady na Teneryfie, wspania\u0142a 4 godzinna wycieczka przez kanaryjski las sosnowy pe\u0142na przyg\u00f3d i wra\u017ce\u0144! <\/span><\/h3>\n<p><span style=\"font-size: 14pt;\">Podczas niej b\u0119dziesz mia\u0142 okazj\u0119 poszale\u0107 po offroadowych le\u015bnych drogach, w pe\u0142ni wykorzystuj\u0105c potencja\u0142 pojazdu przy okazji podziwiaj\u0105c cudowne widoki.<\/span><\/p>\n<p><span style=\"font-size: 14pt;\">Wycieczk\u0119 quady na Teneryfie rozpoczniemy od odebrania Ci\u0119 z okolic miejsca Twojego zakwaterowania w po\u0142udniowej lub zachodniej cz\u0119\u015bci wyspy, a nast\u0119pnie <\/span><span style=\"font-size: 14pt;\">udamy si\u0119 do miasta Chio, gdzie zaparkowane s\u0105 nasze quady. Przed wyruszeniem w drog\u0119 wyja\u015bnimy zasady bezpiecze\u0144stwa, kt\u00f3rych nale\u017cy przestrzega\u0107 podczas wycieczki.<\/span><\/p>\n<p><span style=\"font-size: 14pt;\">Nast\u0119pnie ruszymy w kierunku Parku Narodowego Teide drog\u0105 oferuj\u0105c\u0105 widoki zapieraj\u0105ce dech w piersiach, otoczon\u0105 czerwonymi i brunatnymi ziemiami, zastyg\u0142\u0105 law\u0105 oraz lasami sosnowymi. Grupa b\u0119dzie eskortowana przez naszych do\u015bwiadczonych przewodnik\u00f3w jad\u0105cych z obu stron grupy, aby m\u00f3c kontrolowa\u0107 ruch i pom\u00f3c w razie potrzeby.<\/span><\/p>\n<h3><span style=\"font-size: 12pt;\">Po oko\u0142o 30 minutach jazdy osi\u0105gniemy wysoko\u015b\u0107 1700 m n.p.m gdzie wjedziemy na le\u015bny szlak rozpocz\u0105\u0107 najlepsz\u0105 cz\u0119\u015b\u0107 wycieczki quady na Teneryfie pe\u0142n\u0105 zabawy oraz adrenaliny! W terenie przejedziemy ok 35 km poprzez las sosnowy.<\/span><\/h3>\n<p><span style=\"font-size: 14pt;\">Po drodze zatrzymamy si\u0119 w r\u00f3\u017cnych punktach, aby m\u00f3c odpocz\u0105\u0107 oraz zrobi\u0107 zdj\u0119cia. Kiedy dotrzemy to okolic miasteczka <a href=\"https:\/\/pl.wikipedia.org\/wiki\/El_Tanque\" target=\"_blank\" rel=\"noopener\">El Tanque,<\/a> zatrzymamy si\u0119 zrobi\u0107 przerw\u0119 w lokalnej restauacji. Oferujemy lokalne przek\u0105ski i napoje takie jak szynka, sery, kanaryjskie sosy mojo czy wino itd.<\/span><\/p>\n<p><span style=\"font-size: 14pt;\">Po przerwie wskoczymy z powrotem na quady i ruszymy w drog\u0119 powrotn\u0105 do Chio. Wycieczka \u0142\u0105cznie trwa 4 godziny, podczas kt\u00f3rej jeden z pracownik\u00f3w b\u0119dzie robi\u0142 zdj\u0119cia. B\u0119dziesz je m\u00f3g\u0142 wykupi\u0107 na ko\u0144cu wyprawy, je\u015bli tylko b\u0119dziesz zainteresowany. Ka\u017cdy z pojazd\u00f3w ma 2 miejsca, tak\u017ce wycieczk\u0119 b\u0119dziesz m\u00f3g\u0142 odby\u0107 samemu lub w towarzystwie drugiej osoby.<\/span><\/p>\n<p><strong><span style=\"text-decoration: underline; color: #ff0000;\"><span style=\"font-size: 14pt;\">Aby m\u00f3c prowadzi\u0107 quada nale\u017cy mie\u0107 pe\u0142ne prawo jazdy, a je\u015bli chcesz, aby podczas wycieczki towarzyszy\u0142a Ci osoba m\u0142odsza, dzieci musz\u0105 mie\u0107 co najmniej 7 lat. Wycieczka 4-godzinna quady na Teneryfie nie odbywa si\u0119 w soboty oraz niedziele. Pragniemy zwr\u00f3ci\u0107 uwag\u0119, i\u017c maksymalne obci\u0105\u017cenie ka\u017cdego quada wynosi 150 kg.<\/span><\/span><\/strong>[\/vc_column_text][\/vc_tta_section][vc_tta_section title=&#8221;ROZK\u0141AD I TRANSFER&#8221; tab_id=&#8221;1577671091666-736a5870-75e30f62-84c4aac8-a49bd321-e00bb0c2-8f5aa850-451773fd-4020ac79-9159&#8243;][vc_column_text]<span style=\"font-size: 14pt;\">Prosimy o skontaktowanie si\u0119 z obs\u0142ug\u0105 klienta poprzez czat na \u017cywo, w celu sprawdzenia dost\u0119pno\u015bci i warunk\u00f3w us\u0142ugi transportu z Twojej okolicy.<\/span><\/p>\n<p><span style=\"text-decoration: underline; font-size: 14pt;\"><span style=\"color: #ff0000; text-decoration: underline;\">ROZK\u0141AD:<\/span><\/span><\/p>\n<p><span style=\"font-size: 14pt;\">Wycieczka odbywa si\u0119 we wszystkie dni z wyj\u0105tkiem weekend\u00f3w.<\/span><\/p>\n<p><span style=\"font-size: 14pt;\"><strong>OBEJRZYJ FILMIK, PRZEKONAJ SI\u0118, JAK WYGL\u0104DA NASZA WYCIECZKA I ZAREZERWUJ JU\u017b TERAZ!<\/strong><\/span>[\/vc_column_text][\/vc_tta_section][\/vc_tta_accordion][\/vc_column][\/vc_row][vc_row full_width=&#8221;stretch_row_content&#8221; css=&#8221;.vc_custom_1577476060002{background-color: #312c7a !important;background-position: center !important;background-repeat: no-repeat !important;background-size: cover !important;}&#8221;][vc_column][vc_column_text]<\/p>\n<h3 style=\"text-align: center;\"><strong><span style=\"font-size: 18pt; color: #ffffff;\">ZAREZERWUJ TERAZ<\/span><\/strong><\/h3>\n<p>[\/vc_column_text][\/vc_column][\/vc_row]<\/p>\n<\/div>","protected":false},"excerpt":{"rendered":"<p>[vc_row full_width=&#8221;stretch_row_content_no_spaces&#8221;][vc_column][vc_column_text css=&#8221;.vc_custom_1743621195352{background-color: #F6EB14 !important;background-position: center !important;background-repeat: no-repeat !important;background-size: cover !important;}&#8221; css_animation=&#8221;fadeIn&#8221;] QUADAMI PO LESIE [\/vc_column_text][\/vc_column][\/vc_row][vc_row][vc_column][vc_column_text] Quady na Teneryfie, wspania\u0142a&#8230;<\/p>\n","protected":false},"featured_media":62138,"template":"","meta":{"_acf_changed":false,"_seopress_robots_primary_cat":"2543","_seopress_titles_title":"Quady na Teneryfie, zarezerwuj z nami wycieczk\u0119 quadami po lesie","_seopress_titles_desc":"Quady na Teneryfie, wyrusz w teren skosztowa\u0107 35 km offroadu podczas 4 godzinnej wycieczki poprzez wyj\u0105tkowy las sosny kanaryjskiej.","_seopress_robots_index":""},"product_brand":[],"product_cat":[2543],"product_tag":[2639,2640,2641,2609,2436],"class_list":{"0":"post-62135","1":"product","2":"type-product","3":"status-publish","4":"has-post-thumbnail","6":"product_cat-wycieczki-w-terenie","7":"product_tag-teneryfa-quad-safari","8":"product_tag-teneryfa-quady","9":"product_tag-wycieczka-quadami-teneryfa","10":"product_tag-wycieczki-fakultatywne-teneryfa","11":"product_tag-wycieczki-teneryfa","13":"first","14":"instock","15":"virtual","16":"sold-individually","17":"taxable","18":"purchasable","19":"product-type-booking"},"booking_location":"","booking_location_type":"","booking_duration":1,"booking_duration_unit":"day","booking_buffer":0,"booking_cost":0,"booking_resources":[],"acf":[],"_links":{"self":[{"href":"https:\/\/tenerife-trips.com\/pl\/wp-json\/wp\/v2\/product\/62135","targetHints":{"allow":["GET"]}}],"collection":[{"href":"https:\/\/tenerife-trips.com\/pl\/wp-json\/wp\/v2\/product"}],"about":[{"href":"https:\/\/tenerife-trips.com\/pl\/wp-json\/wp\/v2\/types\/product"}],"wp:featuredmedia":[{"embeddable":true,"href":"https:\/\/tenerife-trips.com\/pl\/wp-json\/wp\/v2\/media\/62138"}],"wp:attachment":[{"href":"https:\/\/tenerife-trips.com\/pl\/wp-json\/wp\/v2\/media?parent=62135"}],"wp:term":[{"taxonomy":"product_brand","embeddable":true,"href":"https:\/\/tenerife-trips.com\/pl\/wp-json\/wp\/v2\/product_brand?post=62135"},{"taxonomy":"product_cat","embeddable":true,"href":"https:\/\/tenerife-trips.com\/pl\/wp-json\/wp\/v2\/product_cat?post=62135"},{"taxonomy":"product_tag","embeddable":true,"href":"https:\/\/tenerife-trips.com\/pl\/wp-json\/wp\/v2\/product_tag?post=62135"}],"curies":[{"name":"wp","href":"https:\/\/api.w.org\/{rel}","templated":true}]}}