{"id":62294,"date":"2018-01-18T18:27:34","date_gmt":"2018-01-18T18:27:34","guid":{"rendered":"https:\/\/tenerife-trips.com\/?post_type=product&#038;p=62294"},"modified":"2025-12-03T12:15:32","modified_gmt":"2025-12-03T12:15:32","slug":"wycieczka-quadem-teneryfa","status":"publish","type":"product","link":"https:\/\/tenerife-trips.com\/pl\/product\/wycieczki-w-terenie\/wycieczka-quadem-teneryfa\/","title":{"rendered":"TEIDE NA QUADACH"},"content":{"rendered":"<div class=\"wpb-content-wrapper\"><p>[vc_row full_width=&#8221;stretch_row_content_no_spaces&#8221;][vc_column][vc_column_text css=&#8221;.vc_custom_1743671786298{background-color: #F6EB14 !important;background-position: center !important;background-repeat: no-repeat !important;background-size: cover !important;}&#8221; css_animation=&#8221;fadeIn&#8221;]<\/p>\n<h1 class=\"title-h2\" style=\"text-align: center;\"><span style=\"font-size: 18pt; color: #312c7a;\">TEIDE NA QUADACH<\/span><\/h1>\n<p>[\/vc_column_text][\/vc_column][\/vc_row][vc_row][vc_column][vc_column_text]<\/p>\n<p style=\"text-align: center;\"><span style=\"font-size: 14pt;\">Emocjonuj\u0105ca wycieczka quadem Teneryfa pod sam szczyt wulkanu Teide, b\u0119d\u0105cego trzecim co do wielko\u015bci wulkanem na \u015bwiecie po hawajskich Mauna Kea i Mauna Loa.<\/span><\/p>\n<p style=\"text-align: center;\"><span style=\"font-size: 14pt;\"><strong>\u21d3 Sp\u00f3jrz na dalszy opis poni\u017cej \u21d3<\/strong><\/span><\/p>\n<p>[\/vc_column_text][\/vc_column][\/vc_row][vc_row full_width=&#8221;stretch_row_content&#8221; full_height=&#8221;yes&#8221; css=&#8221;.vc_custom_1576192123211{background-color: #312c7a !important;background-position: center !important;background-repeat: no-repeat !important;background-size: cover !important;}&#8221;][vc_column][vc_column_text css=&#8221;.vc_custom_1747753431580{background-color: #F6EB14 !important;}&#8221;]<\/p>\n<p style=\"text-align: center;\"><span style=\"font-size: 12pt; font-family: verdana, geneva, sans-serif;\"><strong><span style=\"text-decoration: underline;\">ZNI\u017bKA:<\/span><\/strong><\/span><\/p>\n<p style=\"text-align: center;\"><span style=\"font-size: 12pt; font-family: verdana, geneva, sans-serif;\"><strong>Quad dla jednej osoby <del>150 \u20ac<\/del>\u00a0 130 \u20ac<\/strong><\/span><\/p>\n<p style=\"text-align: center;\"><span style=\"font-size: 12pt; font-family: verdana, geneva, sans-serif;\"><strong>Quad dla dw\u00f3ch os\u00f3b\u00a0<del>130 \u20ac<\/del>\u00a0 109 \u20ac<\/strong><\/span><\/p>\n<p>[\/vc_column_text][vc_empty_space]<div class=\"gem-vimeo gem-wrapbox gem-wrapbox-style-no-style rounded-corners gem-wrapbox-position-below\" style=\"width: 100%;\"><div class=\"gem-wrapbox-inner gem-ratio-style\" style=\"padding-top: 56.25%\"><iframe webkitallowfullscreen=\"true\" mozallowfullscreen=\"true\" allowfullscreen=\"true\" class=\"gem-wrapbox-element img-responsive\" frameborder=\"0\" scrolling=\"no\" marginheight=\"0\" marginwidth=\"0\" src=\"\/\/player.vimeo.com\/video\/467537945?title=0&amp;byline=0&amp;portrait=0 \"><\/iframe><\/div><\/div>[vc_empty_space]<div class=\"preloader\"><div class=\"preloader-spin\"><\/div><\/div> <div id=\"gem-gallery-69d352115b3da\" class=\"gem-gallery gem-gallery-hover-zooming-blur\"> <div class=\"gem-gallery-item\"> <div class=\"gem-gallery-item-image\"> <a href=\"https:\/\/tenerife-trips.com\/wp-content\/uploads\/2019\/12\/Quad-Teide-7-thegem-gallery-sidebar.jpg\" data-fancybox-group=\"gallery-69d352115b3da\" data-full-image-url=\"https:\/\/tenerife-trips.com\/wp-content\/uploads\/2019\/12\/Quad-Teide-7.jpg\"> <svg width=\"20\" height=\"10\"><path d=\"M 0,10 Q 9,9 10,0 Q 11,9 20,10\" \/><\/svg> <img src=\"https:\/\/tenerife-trips.com\/wp-content\/uploads\/2019\/12\/Quad-Teide-7-thegem-post-thumb-small.jpg\" alt=\"\" class=\"img-responsive\"> <span class=\"gem-gallery-caption slide-info\"> <\/span> <\/a> <span class=\"gem-gallery-line\"><\/span> <\/div> <\/div> <div class=\"gem-gallery-item\"> <div class=\"gem-gallery-item-image\"> <a href=\"https:\/\/tenerife-trips.com\/wp-content\/uploads\/2019\/12\/Quad-Teide-2-thegem-gallery-sidebar.jpg\" data-fancybox-group=\"gallery-69d352115b3da\" data-full-image-url=\"https:\/\/tenerife-trips.com\/wp-content\/uploads\/2019\/12\/Quad-Teide-2.jpg\"> <svg width=\"20\" height=\"10\"><path d=\"M 0,10 Q 9,9 10,0 Q 11,9 20,10\" \/><\/svg> <img src=\"https:\/\/tenerife-trips.com\/wp-content\/uploads\/2019\/12\/Quad-Teide-2-thegem-post-thumb-small.jpg\" alt=\"noleggio quad Tenerife\" class=\"img-responsive\"> <span class=\"gem-gallery-caption slide-info\"> <\/span> <\/a> <span class=\"gem-gallery-line\"><\/span> <\/div> <\/div> <div class=\"gem-gallery-item\"> <div class=\"gem-gallery-item-image\"> <a href=\"https:\/\/tenerife-trips.com\/wp-content\/uploads\/2021\/05\/Quad-Teide-thegem-gallery-sidebar.jpg\" data-fancybox-group=\"gallery-69d352115b3da\" data-full-image-url=\"https:\/\/tenerife-trips.com\/wp-content\/uploads\/2021\/05\/Quad-Teide.jpg\"> <svg width=\"20\" height=\"10\"><path d=\"M 0,10 Q 9,9 10,0 Q 11,9 20,10\" \/><\/svg> <img src=\"https:\/\/tenerife-trips.com\/wp-content\/uploads\/2021\/05\/Quad-Teide-thegem-post-thumb-small.jpg\" alt=\"quad Teide\" class=\"img-responsive\"> <span class=\"gem-gallery-caption slide-info\"> <\/span> <\/a> <span class=\"gem-gallery-line\"><\/span> <\/div> <\/div> <div class=\"gem-gallery-item\"> <div class=\"gem-gallery-item-image\"> <a href=\"https:\/\/tenerife-trips.com\/wp-content\/uploads\/2019\/12\/Quad-Teide-6-thegem-gallery-sidebar.jpg\" data-fancybox-group=\"gallery-69d352115b3da\" data-full-image-url=\"https:\/\/tenerife-trips.com\/wp-content\/uploads\/2019\/12\/Quad-Teide-6.jpg\"> <svg width=\"20\" height=\"10\"><path d=\"M 0,10 Q 9,9 10,0 Q 11,9 20,10\" \/><\/svg> <img src=\"https:\/\/tenerife-trips.com\/wp-content\/uploads\/2019\/12\/Quad-Teide-6-thegem-post-thumb-small.jpg\" alt=\"\" class=\"img-responsive\"> <span class=\"gem-gallery-caption slide-info\"> <\/span> <\/a> <span class=\"gem-gallery-line\"><\/span> <\/div> <\/div> <div class=\"gem-gallery-item\"> <div class=\"gem-gallery-item-image\"> <a href=\"https:\/\/tenerife-trips.com\/wp-content\/uploads\/2019\/12\/Quad-Teide-3-thegem-gallery-sidebar.jpg\" data-fancybox-group=\"gallery-69d352115b3da\" data-full-image-url=\"https:\/\/tenerife-trips.com\/wp-content\/uploads\/2019\/12\/Quad-Teide-3.jpg\"> <svg width=\"20\" height=\"10\"><path d=\"M 0,10 Q 9,9 10,0 Q 11,9 20,10\" \/><\/svg> <img src=\"https:\/\/tenerife-trips.com\/wp-content\/uploads\/2019\/12\/Quad-Teide-3-thegem-post-thumb-small.jpg\" alt=\"wycieczka quadem Teneryfa\" class=\"img-responsive\"> <span class=\"gem-gallery-caption slide-info\"> <\/span> <\/a> <span class=\"gem-gallery-line\"><\/span> <\/div> <\/div> <div class=\"gem-gallery-item\"> <div class=\"gem-gallery-item-image\"> <a href=\"https:\/\/tenerife-trips.com\/wp-content\/uploads\/2019\/12\/Quad-Teide-5-thegem-gallery-sidebar.jpg\" data-fancybox-group=\"gallery-69d352115b3da\" data-full-image-url=\"https:\/\/tenerife-trips.com\/wp-content\/uploads\/2019\/12\/Quad-Teide-5.jpg\"> <svg width=\"20\" height=\"10\"><path d=\"M 0,10 Q 9,9 10,0 Q 11,9 20,10\" \/><\/svg> <img src=\"https:\/\/tenerife-trips.com\/wp-content\/uploads\/2019\/12\/Quad-Teide-5-thegem-post-thumb-small.jpg\" alt=\"quad tour Tenerife\" class=\"img-responsive\"> <span class=\"gem-gallery-caption slide-info\"> <\/span> <\/a> <span class=\"gem-gallery-line\"><\/span> <\/div> <\/div> <\/div>[vc_empty_space][\/vc_column][\/vc_row][vc_row full_width=&#8221;stretch_row&#8221; css=&#8221;.vc_custom_1600447232197{background-color: #312c7a !important;background-position: center !important;background-repeat: no-repeat !important;background-size: cover !important;}&#8221;][vc_column][vc_column_text]<\/p>\n<h3 style=\"text-align: center;\"><span style=\"color: #ffffff;\"><span style=\"font-size: 18pt;\">OPIS\u00a0<\/span><\/span><\/h3>\n<p>[\/vc_column_text][\/vc_column][\/vc_row][vc_row][vc_column][vc_tta_accordion style=&#8221;simple_solid&#8221; color=&#8221;blue&#8221; c_icon=&#8221;chevron&#8221; active_section=&#8221;-0&#8243; collapsible_all=&#8221;true&#8221;][vc_tta_section title=&#8221;OPIS WYCIECZKI&#8221; tab_id=&#8221;1577671091617-0af8eee0-94020f62-84c4aac8-a49bd321-e00bb0c2-8f5aa850-451773fd-40205a1e-0836&#8243;][vc_column_text]<\/p>\n<h3><span style=\"font-size: 12pt;\">Emocjonuj\u0105ca wycieczka quadem Teneryfa pod sam szczyt wulkanu <a href=\"https:\/\/pl.wikipedia.org\/wiki\/Teide\" target=\"_blank\" rel=\"noopener\">TEIDE<\/a>, b\u0119d\u0105cego trzecim co do wielko\u015bci wulkanem na \u015bwiecie po hawajskich Mauna Kea i Mauna Loa.<\/span><\/h3>\n<p><span style=\"font-size: 14pt;\">Wycieczka quadem Teneryfa jest jedn\u0105 z najfajniejszych atrakcji polecanych, je\u015bli chcesz aktywnie sp\u0119dzi\u0107 swoje wakacje i zobaczy\u0107 co\u015b ciekawego! Nie jest tajemnic\u0105, \u017ce Teneryfa to miejsce tak r\u00f3\u017cnorodne, jak i magiczne; dlatego te\u017c zach\u0119camy, aby\u015b nie sp\u0119dzi\u0142 swoich wakacji wy\u0142\u0105cznie przy hotelu, b\u0105d\u017a te\u017c le\u017c\u0105c na pla\u017cy, tylko wyruszy\u0142 w teren, aby nie przegapi\u0107 tego, co najlepsze!<\/span><\/p>\n<p><span style=\"font-size: 14pt;\">Wycieczk\u0119 rozpoczniemy od odebrania Ci\u0119 z okolic miejsca Twojego zakwaterowania w po\u0142udniowej lub te\u017c zachodniej cz\u0119\u015bci wyspy. Nast\u0119pnie udamy si\u0119 do miejsca, gdzie zaparkowane s\u0105 nasze quady. Tam wyja\u015bnimy Ci zasady bezpiecze\u0144stwa, kt\u00f3rych nale\u017cy przestrzega\u0107 podczas wyprawy, a nast\u0119pnie podamy Ci sprz\u0119t i &#8230;w drog\u0119! Udamy si\u0119 w kierunku Teide, mijaj\u0105c po drodze las sosnowy i podziwiaj\u0105c pi\u0119kne widoki.<\/span><\/p>\n<h3><span style=\"font-size: 12pt;\">Podczas wycieczka quadem Teneryfa grupa b\u0119dzie eskortowana przez naszych do\u015bwiadczonych przewodnik\u00f3w jad\u0105cych z obu stron grupy, aby m\u00f3c kontrolowa\u0107 ruch i pom\u00f3c w razie potrzeby. Gdy ju\u017c wjedziemy na p\u0142askowy\u017c Parku Narodowego Teide; po\u0142o\u017conego na 2200 m n.p.m. zatrzymamy si\u0119 w najlepszych punkTach widokowych, podziwiaj\u0105c pi\u0119kn\u0105 panoram\u0119.<\/span><\/h3>\n<p><span style=\"font-size: 14pt;\"> Krajobraz jest tu na tyle wyj\u0105tkowy, \u017ce wielu znanych re\u017cyser\u00f3w wybra\u0142o t\u0119 lokalizacj\u0119, aby nakr\u0119ci\u0107 sceny do swoich film\u00f3w a UNESCO uzna\u0142o j\u0105 za miejsce \u015awiatowego Dziedzictwa Przyrody.<\/span><\/p>\n<p><span style=\"font-size: 14pt;\">Podr\u00f3\u017c na quadach trwa \u0142\u0105cznie 3 godziny i odbywa si\u0119 g\u0142\u00f3wnie po asfaltowej drodze. Jeden z pracownik\u00f3w po\u015bwi\u0119ci sw\u00f3j czas, aby zrobi\u0107 Ci pami\u0105tkowe zdj\u0119cia; b\u0119dziesz je m\u00f3g\u0142 wykupi\u0107 na ko\u0144cu wyprawy, je\u015bli tylko b\u0119dziesz zainteresowany. Ka\u017cdy z pojazd\u00f3w ma 2 miejsca, tak\u017ce wycieczk\u0119 b\u0119dziesz m\u00f3g\u0142 odby\u0107 samemu lub w towarzystwie drugiej osoby.<\/span><\/p>\n<p><span style=\"text-decoration: underline; color: #ff0000;\"><strong><span style=\"font-size: 14pt;\">Aby m\u00f3c prowadzi\u0107 quada nale\u017cy posiada\u0107 pe\u0142ne prawo, a je\u015bli chcesz, aby podczas wycieczki towarzyszy\u0142a Ci osoba m\u0142odsza, dzieci musz\u0105 mie\u0107 co najmniej 7 lat. Pragniemy zwr\u00f3ci\u0107 uwag\u0119, i\u017c maksymalne obci\u0105\u017cenie ka\u017cdego quada wynosi 150 kg.<\/span><\/strong><\/span><\/p>\n<p><strong><span style=\"font-size: 14pt;\">Nie wahaj si\u0119 i zarezerwuj sw\u00f3j wypad quadem pod sam szczyt Teide ju\u017c teraz!<\/span><\/strong>[\/vc_column_text][\/vc_tta_section][vc_tta_section title=&#8221;ROZK\u0141AD I TRANSFER&#8221; tab_id=&#8221;1577671091666-736a5870-75e30f62-84c4aac8-a49bd321-e00bb0c2-8f5aa850-451773fd-40205a1e-0836&#8243;][vc_column_text]<span style=\"font-size: 14pt;\">Prosimy o skontaktowanie si\u0119 z obs\u0142ug\u0105 klienta poprzez czat na \u017cywo, w celu sprawdzenia dost\u0119pno\u015bci i warunk\u00f3w us\u0142ugi transportu z Twojej okolicy.<\/span><\/p>\n<p><span style=\"text-decoration: underline; font-size: 14pt;\"><span style=\"color: #ff0000; text-decoration: underline;\">ROZK\u0141AD:<\/span><\/span><\/p>\n<p><span style=\"font-size: 14pt;\">Codziennie.<\/span><\/p>\n<p><span style=\"font-size: 14pt;\"><strong>OBEJRZYJ FILMIK, PRZEKONAJ SI\u0118, JAK WYGL\u0104DA NASZA WYCIECZKA I ZAREZERWUJ JU\u017b TERAZ!<\/strong><\/span>[\/vc_column_text][\/vc_tta_section][\/vc_tta_accordion][\/vc_column][\/vc_row][vc_row full_width=&#8221;stretch_row_content&#8221; css=&#8221;.vc_custom_1600447267028{background-color: #312c7a !important;background-position: center !important;background-repeat: no-repeat !important;background-size: cover !important;}&#8221;][vc_column][vc_column_text]<\/p>\n<h3 style=\"text-align: center;\"><span style=\"color: #ffffff;\"><strong><span style=\"font-size: 18pt;\">ZAREZERWUJ TERAZ<\/span><\/strong><\/span><\/h3>\n<p>[\/vc_column_text][\/vc_column][\/vc_row]<\/p>\n<\/div>","protected":false},"excerpt":{"rendered":"<p>[vc_row full_width=&#8221;stretch_row_content_no_spaces&#8221;][vc_column][vc_column_text css=&#8221;.vc_custom_1743671786298{background-color: #F6EB14 !important;background-position: center !important;background-repeat: no-repeat !important;background-size: cover !important;}&#8221; css_animation=&#8221;fadeIn&#8221;] TEIDE NA QUADACH [\/vc_column_text][\/vc_column][\/vc_row][vc_row][vc_column][vc_column_text] Emocjonuj\u0105ca wycieczka quadem Teneryfa&#8230;<\/p>\n","protected":false},"featured_media":82909,"template":"","meta":{"_acf_changed":false,"_seopress_robots_primary_cat":"0","_seopress_titles_title":"Wycieczka quadem Teneryfa przez Park Narodowy Teide.","_seopress_titles_desc":"Wycieczka quadem Teneryfa pod szczyt Teide to wspania\u0142a okazja aby odwiedzi\u0107 ten s\u0142ynny Park Narodowy a przy okazji \u015bwietnie si\u0119 bawi\u0107!","_seopress_robots_index":""},"product_brand":[],"product_cat":[2543],"product_tag":[2630,2642,2609,2589],"class_list":{"0":"post-62294","1":"product","2":"type-product","3":"status-publish","4":"has-post-thumbnail","6":"product_cat-wycieczki-w-terenie","7":"product_tag-quady-teneryfa","8":"product_tag-wycieczka-quadem-teneryfa","9":"product_tag-wycieczki-fakultatywne-teneryfa","10":"product_tag-wycieczki-na-teneryfie","12":"first","13":"instock","14":"virtual","15":"sold-individually","16":"taxable","17":"purchasable","18":"product-type-booking"},"booking_location":"","booking_location_type":"","booking_duration":1,"booking_duration_unit":"day","booking_buffer":0,"booking_cost":0,"booking_resources":[],"acf":[],"_links":{"self":[{"href":"https:\/\/tenerife-trips.com\/pl\/wp-json\/wp\/v2\/product\/62294","targetHints":{"allow":["GET"]}}],"collection":[{"href":"https:\/\/tenerife-trips.com\/pl\/wp-json\/wp\/v2\/product"}],"about":[{"href":"https:\/\/tenerife-trips.com\/pl\/wp-json\/wp\/v2\/types\/product"}],"wp:featuredmedia":[{"embeddable":true,"href":"https:\/\/tenerife-trips.com\/pl\/wp-json\/wp\/v2\/media\/82909"}],"wp:attachment":[{"href":"https:\/\/tenerife-trips.com\/pl\/wp-json\/wp\/v2\/media?parent=62294"}],"wp:term":[{"taxonomy":"product_brand","embeddable":true,"href":"https:\/\/tenerife-trips.com\/pl\/wp-json\/wp\/v2\/product_brand?post=62294"},{"taxonomy":"product_cat","embeddable":true,"href":"https:\/\/tenerife-trips.com\/pl\/wp-json\/wp\/v2\/product_cat?post=62294"},{"taxonomy":"product_tag","embeddable":true,"href":"https:\/\/tenerife-trips.com\/pl\/wp-json\/wp\/v2\/product_tag?post=62294"}],"curies":[{"name":"wp","href":"https:\/\/api.w.org\/{rel}","templated":true}]}}