{"id":62971,"date":"2018-04-06T16:04:42","date_gmt":"2018-04-06T15:04:42","guid":{"rendered":"https:\/\/tenerife-trips.com\/?post_type=product&#038;p=62971"},"modified":"2025-12-03T11:58:14","modified_gmt":"2025-12-03T11:58:14","slug":"teide-noca","status":"publish","type":"product","link":"https:\/\/tenerife-trips.com\/pl\/product\/wycieczki-outdoorowe\/teide-noca\/","title":{"rendered":"TEIDE NOC\u0104"},"content":{"rendered":"<div class=\"wpb-content-wrapper\"><p>[vc_row full_width=&#8221;stretch_row_content_no_spaces&#8221;][vc_column][vc_column_text css=&#8221;.vc_custom_1743621915629{background-color: #F6EB14 !important;background-position: center !important;background-repeat: no-repeat !important;background-size: cover !important;}&#8221; css_animation=&#8221;fadeIn&#8221;]<\/p>\n<h1 class=\"title-h2\" style=\"text-align: center;\"><span style=\"font-size: 18pt; color: #312c7a;\">TEIDE NOC\u0104<\/span><\/h1>\n<p>[\/vc_column_text][\/vc_column][\/vc_row][vc_row][vc_column][vc_column_text]<\/p>\n<p style=\"text-align: center;\"><span style=\"font-size: 14pt;\">Czy wiesz, \u017ce Teneryfa jest jednym z najlepszych miejsc na \u015bwiecie do obserwowania gwiazd? Je\u015bli chcesz skorzysta\u0107 z tych niepowtarzalnych warunk\u00f3w i prze\u017cy\u0107 co\u015b nowego wycieczka <strong>Teide noc\u0105<\/strong> jest czym\u015b, czego nie mo\u017cesz przegapi\u0107 podczas swoich wakacji!<\/span><\/p>\n<p style=\"text-align: center;\"><span style=\"font-size: 14pt;\"><strong>\u21d3 Sp\u00f3jrz na dalszy opis poni\u017cej \u21d3<\/strong><\/span><\/p>\n<p>[\/vc_column_text][\/vc_column][\/vc_row][vc_row full_width=&#8221;stretch_row_content&#8221; full_height=&#8221;yes&#8221; css=&#8221;.vc_custom_1576192123211{background-color: #312c7a !important;background-position: center !important;background-repeat: no-repeat !important;background-size: cover !important;}&#8221;][vc_column]<div class=\"gem-vimeo gem-wrapbox gem-wrapbox-style-no-style rounded-corners gem-wrapbox-position-below\" style=\"width: 100%;\"><div class=\"gem-wrapbox-inner gem-ratio-style\" style=\"padding-top: 56.25%\"><iframe webkitallowfullscreen=\"true\" mozallowfullscreen=\"true\" allowfullscreen=\"true\" class=\"gem-wrapbox-element img-responsive\" frameborder=\"0\" scrolling=\"no\" marginheight=\"0\" marginwidth=\"0\" src=\"\/\/player.vimeo.com\/video\/327029458?title=0&amp;byline=0&amp;portrait=0 \"><\/iframe><\/div><\/div>[vc_empty_space]<div class=\"preloader\"><div class=\"preloader-spin\"><\/div><\/div> <div id=\"gem-gallery-69d5aabf0e8e4\" class=\"gem-gallery gem-gallery-hover-zooming-blur\"> <div class=\"gem-gallery-item\"> <div class=\"gem-gallery-item-image\"> <a href=\"https:\/\/tenerife-trips.com\/wp-content\/uploads\/2019\/12\/2-leg-1-thegem-gallery-sidebar.jpg\" data-fancybox-group=\"gallery-69d5aabf0e8e4\" data-full-image-url=\"https:\/\/tenerife-trips.com\/wp-content\/uploads\/2019\/12\/2-leg-1.jpg\"> <svg width=\"20\" height=\"10\"><path d=\"M 0,10 Q 9,9 10,0 Q 11,9 20,10\" \/><\/svg> <img src=\"https:\/\/tenerife-trips.com\/wp-content\/uploads\/2019\/12\/2-leg-1-thegem-post-thumb-small.jpg\" alt=\"stargazing teide\" class=\"img-responsive\"> <span class=\"gem-gallery-caption slide-info\"> <\/span> <\/a> <span class=\"gem-gallery-line\"><\/span> <\/div> <\/div> <div class=\"gem-gallery-item\"> <div class=\"gem-gallery-item-image\"> <a href=\"https:\/\/tenerife-trips.com\/wp-content\/uploads\/2019\/12\/2-14-thegem-gallery-sidebar.jpg\" data-fancybox-group=\"gallery-69d5aabf0e8e4\" data-full-image-url=\"https:\/\/tenerife-trips.com\/wp-content\/uploads\/2019\/12\/2-14.jpg\"> <svg width=\"20\" height=\"10\"><path d=\"M 0,10 Q 9,9 10,0 Q 11,9 20,10\" \/><\/svg> <img src=\"https:\/\/tenerife-trips.com\/wp-content\/uploads\/2019\/12\/2-14-thegem-post-thumb-small.jpg\" alt=\"\" class=\"img-responsive\"> <span class=\"gem-gallery-caption slide-info\"> <\/span> <\/a> <span class=\"gem-gallery-line\"><\/span> <\/div> <\/div> <div class=\"gem-gallery-item\"> <div class=\"gem-gallery-item-image\"> <a href=\"https:\/\/tenerife-trips.com\/wp-content\/uploads\/2019\/12\/leg-4-thegem-gallery-sidebar.jpg\" data-fancybox-group=\"gallery-69d5aabf0e8e4\" data-full-image-url=\"https:\/\/tenerife-trips.com\/wp-content\/uploads\/2019\/12\/leg-4.jpg\"> <svg width=\"20\" height=\"10\"><path d=\"M 0,10 Q 9,9 10,0 Q 11,9 20,10\" \/><\/svg> <img src=\"https:\/\/tenerife-trips.com\/wp-content\/uploads\/2019\/12\/leg-4-thegem-post-thumb-small.jpg\" alt=\"stargazing teide\" class=\"img-responsive\"> <span class=\"gem-gallery-caption slide-info\"> <\/span> <\/a> <span class=\"gem-gallery-line\"><\/span> <\/div> <\/div> <div class=\"gem-gallery-item\"> <div class=\"gem-gallery-item-image\"> <a href=\"https:\/\/tenerife-trips.com\/wp-content\/uploads\/2018\/04\/5-thegem-gallery-sidebar.jpg\" data-fancybox-group=\"gallery-69d5aabf0e8e4\" data-full-image-url=\"https:\/\/tenerife-trips.com\/wp-content\/uploads\/2018\/04\/5.jpg\"> <svg width=\"20\" height=\"10\"><path d=\"M 0,10 Q 9,9 10,0 Q 11,9 20,10\" \/><\/svg> <img src=\"https:\/\/tenerife-trips.com\/wp-content\/uploads\/2018\/04\/5-thegem-post-thumb-small.jpg\" alt=\"\" class=\"img-responsive\"> <span class=\"gem-gallery-caption slide-info\"> <\/span> <\/a> <span class=\"gem-gallery-line\"><\/span> <\/div> <\/div> <div class=\"gem-gallery-item\"> <div class=\"gem-gallery-item-image\"> <a href=\"https:\/\/tenerife-trips.com\/wp-content\/uploads\/2021\/05\/Sternenbeobachtung-Teneriffa-thegem-gallery-sidebar.jpg\" data-fancybox-group=\"gallery-69d5aabf0e8e4\" data-full-image-url=\"https:\/\/tenerife-trips.com\/wp-content\/uploads\/2021\/05\/Sternenbeobachtung-Teneriffa.jpg\"> <svg width=\"20\" height=\"10\"><path d=\"M 0,10 Q 9,9 10,0 Q 11,9 20,10\" \/><\/svg> <img src=\"https:\/\/tenerife-trips.com\/wp-content\/uploads\/2021\/05\/Sternenbeobachtung-Teneriffa-thegem-post-thumb-small.jpg\" alt=\"Sternenbeobachtung Teneriffa\" class=\"img-responsive\"> <span class=\"gem-gallery-caption slide-info\"> <\/span> <\/a> <span class=\"gem-gallery-line\"><\/span> <\/div> <\/div> <div class=\"gem-gallery-item\"> <div class=\"gem-gallery-item-image\"> <a href=\"https:\/\/tenerife-trips.com\/wp-content\/uploads\/2019\/12\/3-leg-1-thegem-gallery-sidebar.jpg\" data-fancybox-group=\"gallery-69d5aabf0e8e4\" data-full-image-url=\"https:\/\/tenerife-trips.com\/wp-content\/uploads\/2019\/12\/3-leg-1.jpg\"> <svg width=\"20\" height=\"10\"><path d=\"M 0,10 Q 9,9 10,0 Q 11,9 20,10\" \/><\/svg> <img src=\"https:\/\/tenerife-trips.com\/wp-content\/uploads\/2019\/12\/3-leg-1-thegem-post-thumb-small.jpg\" alt=\"tour astronomico sul Teide\" class=\"img-responsive\"> <span class=\"gem-gallery-caption slide-info\"> <\/span> <\/a> <span class=\"gem-gallery-line\"><\/span> <\/div> <\/div> <\/div>[vc_empty_space][\/vc_column][\/vc_row][vc_row full_width=&#8221;stretch_row&#8221; css=&#8221;.vc_custom_1577671222333{background-color: #312c7a !important;background-position: center !important;background-repeat: no-repeat !important;background-size: cover !important;}&#8221;][vc_column][vc_column_text]<\/p>\n<h3 style=\"text-align: center;\"><span style=\"color: #ffffff; font-size: 18pt;\">OPIS\u00a0<\/span><\/h3>\n<p>[\/vc_column_text][\/vc_column][\/vc_row][vc_row][vc_column][vc_tta_accordion style=&#8221;simple_solid&#8221; color=&#8221;blue&#8221; c_icon=&#8221;chevron&#8221; active_section=&#8221;-0&#8243; collapsible_all=&#8221;true&#8221;][vc_tta_section title=&#8221;OPIS WYCIECZKI&#8221; tab_id=&#8221;1577671091617-0af8eee0-94020f62-84c4aac8-a49bd321-e00bb0c2-8f5aa850-451773fd-4020ad5e-2467&#8243;][vc_column_text css=&#8221;&#8221;]<\/p>\n<h3><span style=\"font-size: 12pt;\">Czy wiesz, \u017ce Teneryfa jest jednym z najlepszych miejsc na \u015bwiecie do obserwowania gwiazd? Je\u015bli chcesz skorzysta\u0107 z tych niepowtarzalnych warunk\u00f3w i prze\u017cy\u0107 co\u015b nowego wycieczka <strong>Teide noc\u0105<\/strong> jest czym\u015b, czego nie mo\u017cesz przegapi\u0107 podczas swoich wakacji!<\/span><\/h3>\n<p><span style=\"font-size: 14pt;\">Wycieczk\u0119 Teide noc\u0105 rozpoczniemy od odebrania Ci\u0119 z okolic miejsca Twojego zakwaterowania w po\u0142udniowej lub zachodniej cz\u0119\u015bci wyspy, lub te\u017c z Puerto de La Cruz (tylko w \u015brod\u0119 i pi\u0105tek). Godzina odbioru zale\u017cy od sezonu. Oferujemy r\u00f3wnie\u017c opcj\u0119 do\u0142\u0105czenia do nas swoim w\u0142asnym samochodem. Wycieczka Teide noc\u0105 obejmuje post\u00f3j w punkcie panoramicznym w g\u00f3rach, gdzie podziwia\u0107 b\u0119dziemy fantastyczny zach\u00f3d s\u0142o\u0144ca. Chwil\u0119 t\u0105 uczcimy lampk\u0105 wina musuj\u0105cego i pami\u0105tkow\u0105 fotografi\u0105 w ca\u0142ej grupie. Podczas wycieczki zatrzymamy si\u0119 r\u00f3wnie\u017c na kolacj\u0119 w lokalnej restauracji.<\/span><\/p>\n<h3><span style=\"font-size: 12pt;\">Gdy zajdzie ju\u017c s\u0142o\u0144ce i zacznie si\u0119 \u015bciemnia\u0107, wyruszymy do Parku Narodowego Teide, gdzie zatrzymamy si\u0119, aby rozpocz\u0105\u0107 obserwacj\u0119 gwiazd \u201eTeide noc\u0105\u201d. Niemal\u017ce czarne noc\u0105 niebo, jak i czyste powietrze sprawiaj\u0105; \u017ce tutejszy Park Narodowy jest jednym z najlepszych miejsc astronomicznych na \u015bwiecie, oferuj\u0105cym niepowtarzalne warunki przez ca\u0142y rok! <\/span><\/h3>\n<p><span style=\"font-size: 14pt;\">Dzi\u0119ki niskiemu poziomowi zanieczyszczenia \u015bwiat\u0142em Park Narodowy Teide zosta\u0142 w roku 2013 uhonorowany certyfikatem Fundacji Starlight potwierdzaj\u0105cym wyj\u0105tkowy charakter tego miejsca.<\/span><\/p>\n<p><span style=\"font-size: 14pt;\">Po dotarciu do punktu obserwacyjnego rozstawimy profesjonalne teleskopy i przygotujemy si\u0119 do obserwacji nieba. Nasz do\u015bwiadczony przewodnik b\u0119dzie udziela\u0142 interesuj\u0105cych informacji na temat gwiazd, planet, konstelacji, galaktyk oraz zjawisk astronomicznych. Pomaga\u0107 w tym mu b\u0119dzie silna wi\u0105zka laserowa, za pomoc\u0105 kt\u00f3rej wska\u017ce obiekty, o kt\u00f3rych w danym momencie opowiada.<\/span><\/p>\n<p><span style=\"font-size: 14pt;\">Je\u015bli podczas wycieczki \u201eTeide noc\u0105\u201d wida\u0107 b\u0119dzie ksi\u0119\u017cyc, wprawi Ci\u0119 w zdumienie wspania\u0142a widoczno\u015b\u0107 krater\u00f3w na naszej naturalnej satelicie Ziemi. Aby\u015b m\u00f3g\u0142 uwieczni\u0107 ten moment i zabra\u0107 ze sob\u0105 wspania\u0142e wspomnienia, dozwolonym jest robienie zdj\u0119\u0107 planetom telefonem kom\u00f3rkowym lub aparatem przez obiektyw naszych teleskop\u00f3w.<\/span><\/p>\n<p><span style=\"font-size: 14pt;\">Jedn\u0105 z najbardziej malowniczych i ciekawych rzeczy, jakie mo\u017cna zobaczy\u0107 podczas obserwacji gwiazd w tutejszym Parku Narodowym jest <a href=\"https:\/\/pl.wikipedia.org\/wiki\/Droga_Mleczna\" target=\"_blank\" rel=\"noopener\">Droga Mleczna<\/a>. Teneryfa jest idealnym miejscem, aby m\u00f3c j\u0105 podziwia\u0107, gdy\u017c jej widoczno\u015b\u0107 jest najlepsza przy jak najmniejszym zanieczyszczeniu \u015bwiat\u0142em.<\/span><\/p>\n<p><span style=\"font-size: 14pt;\">Po zako\u0144czeniu obderwacji gwiazd odwieziemy Ci\u0119 w to samo miejsce, z kt\u00f3rego zosta\u0142e\u015b odebrany.<\/span><\/p>\n<p><span style=\"font-size: 14pt;\">Sugerujemy, aby\u015b udaj\u0105c si\u0119 na wycieczk\u0119, zabra\u0142 ze sob\u0105 ciep\u0142e ubranie takie jak d\u0142ugie spodnie i ciep\u0142\u0105 bluz\u0119 oraz pe\u0142ne obuwie, gdy\u017c po zachodzie s\u0142o\u0144ca wysoko w g\u00f3rach temperatura znacznie spada i robi si\u0119 ch\u0142odno, nawet latem!<\/span><\/p>\n<p><strong><span style=\"font-size: 14pt;\"><span style=\"color: #ff0000;\">Cena wycieczki Teide Noc\u0105 zale\u017cy od wielu czynnik\u00f3w, takich jak wiek uczestnik\u00f3w, j\u0119zyk (oferujemy wycieczki w j\u0119zyku angielskim, hiszpa\u0144skim, niemieckim, holenderskim oraz francuskim) oraz w zale\u017cno\u015bci od tego, czy wycieczka jest z kolacj\u0105, czy te\u017c bez. Aby uzyska\u0107 szczeg\u00f3\u0142owe informacje, skontaktuj si\u0119 z naszym dzia\u0142em obs\u0142ugi klienta za po\u015brednictwem czatu na \u017cywo.<\/span><\/span><\/strong>[\/vc_column_text][\/vc_tta_section][vc_tta_section title=&#8221;ROZK\u0141AD I TRANSFER&#8221; tab_id=&#8221;1577671091666-736a5870-75e30f62-84c4aac8-a49bd321-e00bb0c2-8f5aa850-451773fd-4020ad5e-2467&#8243;][vc_column_text]<span style=\"font-size: 14pt;\">Us\u0142uga transferu jest dost\u0119pna z po\u0142udniowej oraz zachodniej cz\u0119\u015bci oraz z Puerto de La Cruz (tylko w \u015brod\u0119 i pi\u0105tek). Prosimy o skontaktowanie si\u0119 z nami za po\u015brednictwem czatu na \u017cywo przed dokonaniem rezerwacji w celu sprawdzenia dost\u0119pno\u015bci transferu z Twojej okolicy.<\/span><\/p>\n<p><span style=\"text-decoration: underline; font-size: 14pt;\"><span style=\"color: #ff0000; text-decoration: underline;\">ROZK\u0141AD:<\/span><\/span><\/p>\n<p><span style=\"font-size: 14pt;\">Prosimy o sprawdzenie rozk\u0142adu z nasz\u0105 obs\u0142ug\u0105 klienta.<\/span><\/p>\n<p><span style=\"font-size: 14pt;\"><strong>OBEJRZYJ FILMIK, PRZEKONAJ SI\u0118, JAK WYGL\u0104DA NASZA WYCIECZKA I ZAREZERWUJ JU\u017b TERAZ!<\/strong><\/span>[\/vc_column_text][\/vc_tta_section][\/vc_tta_accordion][\/vc_column][\/vc_row][vc_row full_width=&#8221;stretch_row_content&#8221; css=&#8221;.vc_custom_1577476060002{background-color: #312c7a !important;background-position: center !important;background-repeat: no-repeat !important;background-size: cover !important;}&#8221;][vc_column][vc_column_text]<\/p>\n<h3 style=\"text-align: center;\"><strong><span style=\"font-size: 18pt; color: #ffffff;\">ZAREZERWUJ TERAZ<\/span><\/strong><\/h3>\n<p>[\/vc_column_text][\/vc_column][\/vc_row]<\/p>\n<\/div>","protected":false},"excerpt":{"rendered":"<p>[vc_row full_width=&#8221;stretch_row_content_no_spaces&#8221;][vc_column][vc_column_text css=&#8221;.vc_custom_1743621915629{background-color: #F6EB14 !important;background-position: center !important;background-repeat: no-repeat !important;background-size: cover !important;}&#8221; css_animation=&#8221;fadeIn&#8221;] TEIDE NOC\u0104 [\/vc_column_text][\/vc_column][\/vc_row][vc_row][vc_column][vc_column_text] Czy wiesz, \u017ce Teneryfa jest&#8230;<\/p>\n","protected":false},"featured_media":62972,"template":"","meta":{"_acf_changed":false,"_seopress_robots_primary_cat":"2544","_seopress_titles_title":"Teide noc\u0105, obserwacja gwiazd w Parku Narodowym Teide","_seopress_titles_desc":"Teide noc\u0105 to wspania\u0142a wycieczka fakultatywna gdzie przez teleskop obserwowa\u0107 b\u0119dziemy gwiazdy, planety, konstelacje oraz odleg\u0142e galaktyki","_seopress_robots_index":""},"product_brand":[],"product_cat":[2544],"product_tag":[2678,2679,2609,2436],"class_list":{"0":"post-62971","1":"product","2":"type-product","3":"status-publish","4":"has-post-thumbnail","6":"product_cat-wycieczki-outdoorowe","7":"product_tag-obserwowanie-gwiazd-na-teneryfie-pl","8":"product_tag-teide-noca-pl","9":"product_tag-wycieczki-fakultatywne-teneryfa","10":"product_tag-wycieczki-teneryfa","12":"first","13":"instock","14":"virtual","15":"sold-individually","16":"purchasable","17":"product-type-booking"},"booking_location":"","booking_location_type":"","booking_duration":1,"booking_duration_unit":"day","booking_buffer":0,"booking_cost":0,"booking_resources":[],"acf":[],"_links":{"self":[{"href":"https:\/\/tenerife-trips.com\/pl\/wp-json\/wp\/v2\/product\/62971","targetHints":{"allow":["GET"]}}],"collection":[{"href":"https:\/\/tenerife-trips.com\/pl\/wp-json\/wp\/v2\/product"}],"about":[{"href":"https:\/\/tenerife-trips.com\/pl\/wp-json\/wp\/v2\/types\/product"}],"wp:featuredmedia":[{"embeddable":true,"href":"https:\/\/tenerife-trips.com\/pl\/wp-json\/wp\/v2\/media\/62972"}],"wp:attachment":[{"href":"https:\/\/tenerife-trips.com\/pl\/wp-json\/wp\/v2\/media?parent=62971"}],"wp:term":[{"taxonomy":"product_brand","embeddable":true,"href":"https:\/\/tenerife-trips.com\/pl\/wp-json\/wp\/v2\/product_brand?post=62971"},{"taxonomy":"product_cat","embeddable":true,"href":"https:\/\/tenerife-trips.com\/pl\/wp-json\/wp\/v2\/product_cat?post=62971"},{"taxonomy":"product_tag","embeddable":true,"href":"https:\/\/tenerife-trips.com\/pl\/wp-json\/wp\/v2\/product_tag?post=62971"}],"curies":[{"name":"wp","href":"https:\/\/api.w.org\/{rel}","templated":true}]}}