{"id":63472,"date":"2018-04-18T16:24:24","date_gmt":"2018-04-18T15:24:24","guid":{"rendered":"https:\/\/tenerife-trips.com\/?post_type=product&#038;p=63472"},"modified":"2026-01-03T13:14:21","modified_gmt":"2026-01-03T13:14:21","slug":"castillo-san-miguel-teneryfa","status":"publish","type":"product","link":"https:\/\/tenerife-trips.com\/pl\/product\/spekatakle-nocne\/castillo-san-miguel-teneryfa\/","title":{"rendered":"\u015aREDNIOWIECZNE SHOW"},"content":{"rendered":"<div class=\"wpb-content-wrapper\"><p>[vc_row full_width=&#8221;stretch_row_content_no_spaces&#8221;][vc_column][vc_column_text css=&#8221;.vc_custom_1743621853517{background-color: #F6EB14 !important;background-position: center !important;background-repeat: no-repeat !important;background-size: cover !important;}&#8221; css_animation=&#8221;fadeIn&#8221;]<\/p>\n<h1 class=\"title-h2\" style=\"text-align: center;\"><span style=\"font-size: 18pt; color: #312c7a;\">\u015aREDNIOWIECZNE SHOW<\/span><\/h1>\n<p>[\/vc_column_text][\/vc_column][\/vc_row][vc_row][vc_column][vc_column_text]<\/p>\n<p style=\"text-align: center;\"><span style=\"font-size: 14pt;\">\u015aredniowieczne show w zamku Castillo San Miguel Teneryfa oferuje jeden z najlepszych program\u00f3w rozrywkowych na wyspie idealny dla ca\u0142ej rodziny! Wybudowany nie tak dawno na wz\u00f3r zamk\u00f3w \u015bredniowiecznych ma powierzchni\u0119 oko\u0142o 6,000 metr\u00f3w kwadratowych i pomie\u015bci\u0107 mo\u017ce nieco ponad tysi\u0105c widz\u00f3w.<\/span><\/p>\n<p style=\"text-align: center;\"><span style=\"font-size: 14pt;\"><strong>\u21d3 Sp\u00f3jrz na dalszy opis poni\u017cej \u21d3<\/strong><\/span><\/p>\n<p>[\/vc_column_text][\/vc_column][\/vc_row][vc_row full_width=&#8221;stretch_row_content&#8221; full_height=&#8221;yes&#8221; css=&#8221;.vc_custom_1576192123211{background-color: #312c7a !important;background-position: center !important;background-repeat: no-repeat !important;background-size: cover !important;}&#8221;][vc_column]<div class=\"gem-vimeo gem-wrapbox gem-wrapbox-style-no-style rounded-corners gem-wrapbox-position-below\" style=\"width: 100%;\"><div class=\"gem-wrapbox-inner gem-ratio-style\" style=\"padding-top: 56.25%\"><iframe webkitallowfullscreen=\"true\" mozallowfullscreen=\"true\" allowfullscreen=\"true\" class=\"gem-wrapbox-element img-responsive\" frameborder=\"0\" scrolling=\"no\" marginheight=\"0\" marginwidth=\"0\" src=\"\/\/player.vimeo.com\/video\/326334928?title=0&amp;byline=0&amp;portrait=0 \"><\/iframe><\/div><\/div>[vc_empty_space]<div class=\"preloader\"><div class=\"preloader-spin\"><\/div><\/div> <div id=\"gem-gallery-69e0fda3b1d3a\" class=\"gem-gallery gem-gallery-hover-zooming-blur\"> <div class=\"gem-gallery-item\"> <div class=\"gem-gallery-item-image\"> <a href=\"https:\/\/tenerife-trips.com\/wp-content\/uploads\/2019\/12\/2-6-thegem-gallery-sidebar.jpg\" data-fancybox-group=\"gallery-69e0fda3b1d3a\" data-full-image-url=\"https:\/\/tenerife-trips.com\/wp-content\/uploads\/2019\/12\/2-6.jpg\"> <svg width=\"20\" height=\"10\"><path d=\"M 0,10 Q 9,9 10,0 Q 11,9 20,10\" \/><\/svg> <img src=\"https:\/\/tenerife-trips.com\/wp-content\/uploads\/2019\/12\/2-6-thegem-post-thumb-small.jpg\" alt=\"Castillo San Miguel Tenerife\" class=\"img-responsive\"> <span class=\"gem-gallery-caption slide-info\"> <\/span> <\/a> <span class=\"gem-gallery-line\"><\/span> <\/div> <\/div> <div class=\"gem-gallery-item\"> <div class=\"gem-gallery-item-image\"> <a href=\"https:\/\/tenerife-trips.com\/wp-content\/uploads\/2019\/12\/3-5-thegem-gallery-sidebar.jpg\" data-fancybox-group=\"gallery-69e0fda3b1d3a\" data-full-image-url=\"https:\/\/tenerife-trips.com\/wp-content\/uploads\/2019\/12\/3-5.jpg\"> <svg width=\"20\" height=\"10\"><path d=\"M 0,10 Q 9,9 10,0 Q 11,9 20,10\" \/><\/svg> <img src=\"https:\/\/tenerife-trips.com\/wp-content\/uploads\/2019\/12\/3-5-thegem-post-thumb-small.jpg\" alt=\"Castillo San Miguel Tenerife\" class=\"img-responsive\"> <span class=\"gem-gallery-caption slide-info\"> <\/span> <\/a> <span class=\"gem-gallery-line\"><\/span> <\/div> <\/div> <div class=\"gem-gallery-item\"> <div class=\"gem-gallery-item-image\"> <a href=\"https:\/\/tenerife-trips.com\/wp-content\/uploads\/2019\/12\/5-4-thegem-gallery-sidebar.jpg\" data-fancybox-group=\"gallery-69e0fda3b1d3a\" data-full-image-url=\"https:\/\/tenerife-trips.com\/wp-content\/uploads\/2019\/12\/5-4.jpg\"> <svg width=\"20\" height=\"10\"><path d=\"M 0,10 Q 9,9 10,0 Q 11,9 20,10\" \/><\/svg> <img src=\"https:\/\/tenerife-trips.com\/wp-content\/uploads\/2019\/12\/5-4-thegem-post-thumb-small.jpg\" alt=\"medieval adventure Tenerife\" class=\"img-responsive\"> <span class=\"gem-gallery-caption slide-info\"> <\/span> <\/a> <span class=\"gem-gallery-line\"><\/span> <\/div> <\/div> <div class=\"gem-gallery-item\"> <div class=\"gem-gallery-item-image\"> <a href=\"https:\/\/tenerife-trips.com\/wp-content\/uploads\/2019\/12\/6-2-thegem-gallery-sidebar.jpg\" data-fancybox-group=\"gallery-69e0fda3b1d3a\" data-full-image-url=\"https:\/\/tenerife-trips.com\/wp-content\/uploads\/2019\/12\/6-2.jpg\"> <svg width=\"20\" height=\"10\"><path d=\"M 0,10 Q 9,9 10,0 Q 11,9 20,10\" \/><\/svg> <img src=\"https:\/\/tenerife-trips.com\/wp-content\/uploads\/2019\/12\/6-2-thegem-post-thumb-small.jpg\" alt=\"Castello San Miguel Tenerife\" class=\"img-responsive\"> <span class=\"gem-gallery-caption slide-info\"> <\/span> <\/a> <span class=\"gem-gallery-line\"><\/span> <\/div> <\/div> <div class=\"gem-gallery-item\"> <div class=\"gem-gallery-item-image\"> <a href=\"https:\/\/tenerife-trips.com\/wp-content\/uploads\/2018\/04\/4-thegem-gallery-sidebar.jpg\" data-fancybox-group=\"gallery-69e0fda3b1d3a\" data-full-image-url=\"https:\/\/tenerife-trips.com\/wp-content\/uploads\/2018\/04\/4.jpg\"> <svg width=\"20\" height=\"10\"><path d=\"M 0,10 Q 9,9 10,0 Q 11,9 20,10\" \/><\/svg> <img src=\"https:\/\/tenerife-trips.com\/wp-content\/uploads\/2018\/04\/4-thegem-post-thumb-small.jpg\" alt=\"\" class=\"img-responsive\"> <span class=\"gem-gallery-caption slide-info\"> <\/span> <\/a> <span class=\"gem-gallery-line\"><\/span> <\/div> <\/div> <div class=\"gem-gallery-item\"> <div class=\"gem-gallery-item-image\"> <a href=\"https:\/\/tenerife-trips.com\/wp-content\/uploads\/2019\/12\/1-6-thegem-gallery-sidebar.jpg\" data-fancybox-group=\"gallery-69e0fda3b1d3a\" data-full-image-url=\"https:\/\/tenerife-trips.com\/wp-content\/uploads\/2019\/12\/1-6.jpg\"> <svg width=\"20\" height=\"10\"><path d=\"M 0,10 Q 9,9 10,0 Q 11,9 20,10\" \/><\/svg> <img src=\"https:\/\/tenerife-trips.com\/wp-content\/uploads\/2019\/12\/1-6-thegem-post-thumb-small.jpg\" alt=\"castello San Miguel Tenerife\" class=\"img-responsive\"> <span class=\"gem-gallery-caption slide-info\"> <\/span> <\/a> <span class=\"gem-gallery-line\"><\/span> <\/div> <\/div> <\/div>[vc_empty_space][\/vc_column][\/vc_row][vc_row full_width=&#8221;stretch_row&#8221; css=&#8221;.vc_custom_1600448389310{background-color: #312c7a !important;background-position: center !important;background-repeat: no-repeat !important;background-size: cover !important;}&#8221;][vc_column][vc_column_text]<\/p>\n<h3 style=\"text-align: center;\"><span style=\"color: #ffffff;\"><span style=\"font-size: 18pt;\">OPIS\u00a0<\/span><\/span><\/h3>\n<p>[\/vc_column_text][\/vc_column][\/vc_row][vc_row][vc_column][vc_tta_accordion style=&#8221;simple_solid&#8221; color=&#8221;blue&#8221; c_icon=&#8221;chevron&#8221; active_section=&#8221;-0&#8243; collapsible_all=&#8221;true&#8221;][vc_tta_section title=&#8221;INFORMACJA O SPEKTAKLU&#8221; tab_id=&#8221;1577671091617-0af8eee0-94020f62-84c4aac8-a49bd321-e00bb0c2-8f5aa850-451773fd-4020cf27-d150&#8243;][vc_column_text css=&#8221;&#8221;]<\/p>\n<h3><span style=\"font-size: 12pt;\">To \u015bredniowieczne show jest jednym z najCH\u0118TNIEJ POLECANYCH spektakli na wyspie odbywaj\u0105cym si\u0119 w zamku Castillo San Miguel Teneryfa znajduj\u0105cym si\u0119 w miejscowo\u015bci <a href=\"https:\/\/www.google.com\/maps\/place\/38628+Aldea+Blanca,+Santa+Cruz+de+Tenerife\/@28.0673172,-16.6303869,16z\/data=!3m1!4b1!4m5!3m4!1s0xc6a9ed5aa3579b7:0xd63b0a7c45165c03!8m2!3d28.0655245!4d-16.6254463\">Aldea Blanca<\/a>.<\/span><\/h3>\n<p><span style=\"font-size: 14pt;\">Sam zamek o powierzchni oko\u0142o 6,000 metr\u00f3w kwadratowych zosta\u0142 wybudowany nie tak dawno na wz\u00f3r zamk\u00f3w \u015bredniowiecznych i pomie\u015bci\u0107 mo\u017ce nieco ponad tysi\u0105c widz\u00f3w. Turniej i pokaz odbywaj si\u0119 w sali g\u0142\u00f3wnej wewn\u0105trz zamku.<\/span><\/p>\n<p><span style=\"font-size: 14pt;\">Show nosi nazw\u0119 \u015bredniowiecznej przygody i nie bez powodu! Gdy widzowie tylko przyjad\u0105 do zamku, zostan\u0105 podzieleni na dwie rywalizuj\u0105ce ze sob\u0105 grupy; a nast\u0119pnie pokierowani na siedzenia trybun ustawionych naprzeciwko areny. T\u0142um jest ochoczo zach\u0119cany do kibicowania i robienia ha\u0142asu, wspieraj\u0105c swoj\u0105 ekip\u0119 rycerzy.<\/span><\/p>\n<h3><span style=\"font-size: 12pt;\">Gdy ju\u017c wszyscy zajm\u0105 miejsca w zamku Castillo San Miguel Teneryfa, na aren\u0119 wkrocz\u0105 rycerze gotowi do walki, dumnie prezentuj\u0105c swoje zdolno\u015bci jazdy konnej. w mi\u0119dzyczasie zaserwowany b\u0119dzie SMACZNY obiad.<\/span><\/h3>\n<p><span style=\"font-size: 14pt;\">Menu sk\u0142ada si\u0119 z zupy jarzynowej z kawa\u0142kami sera, piersi z kurczaka i marchewkami oraz pieczonych ziemniak\u00f3w z sosem grzybowym. Jako deser podamy lody tortowe z czekoladow\u0105 polew\u0105.<\/span><span style=\"font-size: 14pt;\"> Ponadto oferujemy nielimitowane napoje takie jak czerwone lub bia\u0142e wino, wod\u0119 oraz sok pomara\u0144czowy.<\/span><\/p>\n<p><span style=\"font-size: 14pt;\">Podczas show odbywaj\u0105cym si\u0119 w zamku Castillo San Miguel Teneryfa rycerze bior\u0105 udzia\u0142 w potyczkach oraz walkach na miecze, je\u017ad\u017acy celuj\u0105 w pier\u015bcienie ostrzem lancy; krasnolud bawi publiczno\u015b\u0107, ziej\u0105c ogniem a orze\u0142 majestatycznie przelatuje nad aren\u0105. T\u0142um aktywnie bierze udzia\u0142 w pokazie, anga\u017cuj\u0105c si\u0119 w interakcj\u0119 z rycerzami swojej grupy prosz\u0105cymi o wsparcie. Zako\u0144czony pokaz wy\u0142owi zar\u00f3wno zwyci\u0119zc\u00f3w, jak i przegranych, kto wie, mo\u017ce to w\u0142a\u015bnie Twoja grupa oka\u017ce si\u0119 zwyci\u0119ska?!<\/span><\/p>\n<p><strong><span style=\"color: #ff0000;\">Mo\u017cna wykupi\u0107 opcj\u0119 VIP, kt\u00f3ra uprawnia do miejsc w pierwszym lub drugim rz\u0119dzie oraz kieliszka wina musuj\u0105cego.\u00a0<\/span><\/strong><\/p>\n<p><span style=\"font-size: 14pt;\"><span style=\"color: #ff0000;\">Us\u0142uga transportu<\/span> jest dost\u0119pna z po\u0142udnia, zachodu i p\u00f3\u0142nocy (Puerto de la Cruz, Santa Cruz i La Laguna) <span style=\"color: #ff0000;\">za dodatkow\u0105 op\u0142at\u0105 w wysoko\u015bci 15 \u20ac za osob\u0119 doros\u0142\u0105 w wieku od 14 lat i 10 \u20ac za dziecko w wieku od 1 do 13 lat<\/span>. Niemowl\u0119ta poni\u017cej 1 roku \u017cycia mog\u0105 siedzie\u0107 na kolanach rodzic\u00f3w i podr\u00f3\u017cuj\u0105 bezp\u0142atnie. <span style=\"color: #ff0000;\">P\u0142atno\u015bci za transport dokonuje si\u0119 bezpo\u015brednio w kasie, po przybyciu na miejsce<\/span>. Prosimy o skontaktowanie si\u0119 z nami i sprawdzenie dost\u0119pno\u015bci transportu oraz godziny odbioru z Twojej okolicy przed dokonaniem rezerwacji.<\/span><\/p>\n<p><span style=\"font-size: 14pt;\">Odbi\u00f3r z Puerto de la Cruz i Los Gigantes jest dost\u0119pny tylko w sobot\u0119.<\/span>[\/vc_column_text][\/vc_tta_section][vc_tta_section title=&#8221;ROZK\u0141AD I TRANSFER&#8221; tab_id=&#8221;1577671091666-736a5870-75e30f62-84c4aac8-a49bd321-e00bb0c2-8f5aa850-451773fd-4020cf27-d150&#8243;][vc_column_text css=&#8221;&#8221;]<span style=\"font-size: 14pt;\"><span style=\"color: #ff0000;\">Us\u0142uga transportu<\/span> jest dost\u0119pna z po\u0142udnia, zachodu i p\u00f3\u0142nocy (Puerto de la Cruz, Santa Cruz i La Laguna) <span style=\"color: #ff0000;\">za dodatkow\u0105 op\u0142at\u0105 w wysoko\u015bci 15 \u20ac za osob\u0119 doros\u0142\u0105 w wieku od 14 lat i 10 \u20ac za dziecko w wieku od 1 do 13 lat<\/span>. Niemowl\u0119ta poni\u017cej 1 roku \u017cycia mog\u0105 siedzie\u0107 na kolanach rodzic\u00f3w i podr\u00f3\u017cuj\u0105 bezp\u0142atnie. <span style=\"color: #ff0000;\">P\u0142atno\u015bci za transport dokonuje si\u0119 bezpo\u015brednio w kasie, po przybyciu na miejsce<\/span>. Prosimy o skontaktowanie si\u0119 z nami i sprawdzenie dost\u0119pno\u015bci transportu oraz godziny odbioru z Twojej okolicy przed dokonaniem rezerwacji.<\/span><\/p>\n<p><span style=\"font-size: 14pt;\">Odbi\u00f3r z Puerto de la Cruz i Los Gigantes jest dost\u0119pny tylko w sobot\u0119.<\/span><\/p>\n<p><span style=\"text-decoration: underline; font-size: 14pt;\"><span style=\"color: #ff0000; text-decoration: underline;\">ROZK\u0141AD<\/span><\/span><\/p>\n<p><span style=\"font-size: 14pt;\">Spektakl odbywa si\u0119 w ka\u017cdy wtorek, czwartek i sobot\u0119.<\/span><\/p>\n<p><span style=\"font-size: 14pt;\">Spektakl zaczyna si\u0119 o godzinie 19:30 i ko\u0144czy oko\u0142o 21:15.<\/span><\/p>\n<p><span style=\"font-size: 14pt;\"><strong>OBEJRZYJ FILMIK, PRZEKONAJ SI\u0118, JAK WYGL\u0104DA \u015aREDNIOWIECZNY SPEKTAKL I ZAREZERWUJ JU\u017b SWOJE MIEJSCA TERAZ!<\/strong><\/span>[\/vc_column_text][\/vc_tta_section][\/vc_tta_accordion][\/vc_column][\/vc_row][vc_row full_width=&#8221;stretch_row_content&#8221; css=&#8221;.vc_custom_1600448424953{background-color: #312c7a !important;background-position: center !important;background-repeat: no-repeat !important;background-size: cover !important;}&#8221;][vc_column][vc_column_text]<\/p>\n<h3 style=\"text-align: center;\"><span style=\"color: #ffffff;\"><strong><span style=\"font-size: 18pt;\">ZAREZERWUJ TERAZ<\/span><\/strong><\/span><\/h3>\n<p>[\/vc_column_text][\/vc_column][\/vc_row]<\/p>\n<\/div>","protected":false},"excerpt":{"rendered":"<p>[vc_row full_width=&#8221;stretch_row_content_no_spaces&#8221;][vc_column][vc_column_text css=&#8221;.vc_custom_1743621853517{background-color: #F6EB14 !important;background-position: center !important;background-repeat: no-repeat !important;background-size: cover !important;}&#8221; css_animation=&#8221;fadeIn&#8221;] \u015aREDNIOWIECZNE SHOW [\/vc_column_text][\/vc_column][\/vc_row][vc_row][vc_column][vc_column_text] \u015aredniowieczne show w zamku Castillo&#8230;<\/p>\n","protected":false},"featured_media":63473,"template":"","meta":{"_acf_changed":false,"_seopress_robots_primary_cat":"2546","_seopress_titles_title":"Castillo San Miguel Teneryfa, \u015bredniowieczne show","_seopress_titles_desc":"Prze\u017cyj noc pe\u0142n\u0105 przyg\u00f3d w zamku Castillo San Miguel Teneryfa podczas jednego z najlepszych przedstawie\u0144 wieczornych na wyspie","_seopress_robots_index":""},"product_brand":[],"product_cat":[2546],"product_tag":[2685,2684,2686,2436,2687],"class_list":{"0":"post-63472","1":"product","2":"type-product","3":"status-publish","4":"has-post-thumbnail","6":"product_cat-spekatakle-nocne","7":"product_tag-castillo-san-miguel-teneryfa","8":"product_tag-spektakle-teneryfa","9":"product_tag-sredniowieczne-show-teneryfa","10":"product_tag-wycieczki-teneryfa","11":"product_tag-zamek-teneryfa","13":"first","14":"instock","15":"virtual","16":"sold-individually","17":"taxable","18":"purchasable","19":"product-type-booking"},"booking_location":"","booking_location_type":"","booking_duration":1,"booking_duration_unit":"day","booking_buffer":0,"booking_cost":0,"booking_resources":[],"acf":[],"_links":{"self":[{"href":"https:\/\/tenerife-trips.com\/pl\/wp-json\/wp\/v2\/product\/63472","targetHints":{"allow":["GET"]}}],"collection":[{"href":"https:\/\/tenerife-trips.com\/pl\/wp-json\/wp\/v2\/product"}],"about":[{"href":"https:\/\/tenerife-trips.com\/pl\/wp-json\/wp\/v2\/types\/product"}],"wp:featuredmedia":[{"embeddable":true,"href":"https:\/\/tenerife-trips.com\/pl\/wp-json\/wp\/v2\/media\/63473"}],"wp:attachment":[{"href":"https:\/\/tenerife-trips.com\/pl\/wp-json\/wp\/v2\/media?parent=63472"}],"wp:term":[{"taxonomy":"product_brand","embeddable":true,"href":"https:\/\/tenerife-trips.com\/pl\/wp-json\/wp\/v2\/product_brand?post=63472"},{"taxonomy":"product_cat","embeddable":true,"href":"https:\/\/tenerife-trips.com\/pl\/wp-json\/wp\/v2\/product_cat?post=63472"},{"taxonomy":"product_tag","embeddable":true,"href":"https:\/\/tenerife-trips.com\/pl\/wp-json\/wp\/v2\/product_tag?post=63472"}],"curies":[{"name":"wp","href":"https:\/\/api.w.org\/{rel}","templated":true}]}}